{"id":23531,"date":"2025-11-11T09:58:32","date_gmt":"2025-11-11T09:58:32","guid":{"rendered":"https:\/\/suresms.com\/?page_id=23531"},"modified":"2025-11-11T10:47:34","modified_gmt":"2025-11-11T10:47:34","slug":"sms-2-configuracion-sms","status":"publish","type":"page","link":"https:\/\/suresms.com\/es\/docs\/guides\/sms-2-sms-opstning\/","title":{"rendered":"Configuraci\u00f3n SMS-2-SMS"},"content":{"rendered":"<!-- Flexy Breadcrumb -->\r\n\t\t\t<div class=\"fbc fbc-page\">\r\n\r\n\t\t\t\t<!-- Breadcrumb wrapper -->\r\n\t\t\t\t<div class=\"fbc-wrap\">\r\n\r\n\t\t\t\t\t<!-- Ordered list-->\r\n\t\t\t\t\t<ol class=\"fbc-items\" itemscope itemtype=\"https:\/\/schema.org\/BreadcrumbList\">\r\n\t\t\t\t\t\t            <li itemprop=\"itemListElement\" itemscope itemtype=\"https:\/\/schema.org\/ListItem\">\r\n                <span itemprop=\"name\">\r\n                    <!-- Home Link -->\r\n                    <a itemprop=\"item\" href=\"https:\/\/suresms.com\/es\/\">\r\n                    \r\n                                                    <i class=\"fa fa-home\" aria-hidden=\"true\"><\/i>Inicio                    <\/a>\r\n                <\/span>\r\n                <meta itemprop=\"position\" content=\"1\" \/><!-- Meta Position-->\r\n             <\/li><li><span class=\"fbc-separator\">\/<\/span><\/li><li class=\"active\" itemprop=\"itemListElement\" itemscope itemtype=\"https:\/\/schema.org\/ListItem\"><span itemprop=\"name\" title=\"Configuraci\u00f3n SMS-2-SMS\">Configuraci\u00f3n SMS-2-SMS<\/span><meta itemprop=\"position\" content=\"2\" \/><\/li>\t\t\t\t\t<\/ol>\r\n\t\t\t\t\t<div class=\"clearfix\"><\/div>\r\n\t\t\t\t<\/div>\r\n\t\t\t<\/div>\r\n\t\t\t\n<h1>\n\t\t\tConfiguraci\u00f3n SMS-2-SMS\t<\/h1>\n\t<p>SMS2SMS es una potente funci\u00f3n que permite el env\u00edo autom\u00e1tico de mensajes SMS a un grupo predefinido a trav\u00e9s de un \u00fanico SMS entrante. Aunque pueda parecer un rodeo, esta forma de automatizaci\u00f3n de SMS abre una serie de escenarios de comunicaci\u00f3n eficaces.<\/p>\n<p>Esta gu\u00eda te explicar\u00e1 qu\u00e9 es SMS2SMS, c\u00f3mo puede utilizarse en la pr\u00e1ctica y c\u00f3mo puedes configurarlo y probarlo f\u00e1cilmente en la plataforma SureSMS.<\/p>\n<h2>\n\t\t\t\u00bfQu\u00e9 es SMS2SMS?\t<\/h2>\n\t<p>El n\u00facleo de la funcionalidad SMS2SMS es convertir un \u00fanico SMS entrante en una emisi\u00f3n masiva de SMS. Un usuario env\u00eda un mensaje SMS a un n\u00famero de tel\u00e9fono virtual dedicado en la plataforma SureSMS. El mensaje debe comenzar con una palabra clave SMS espec\u00edfica asociada a un grupo de contactos.<\/p>\n<p>La plataforma reconoce la palabra clave, la elimina del mensaje y reenv\u00eda el texto restante a todos los miembros de ese grupo. Se crea as\u00ed una pasarela de SMS sencilla pero eficaz para la comunicaci\u00f3n en grupo, sin necesidad de iniciar sesi\u00f3n en una plataforma ni acceder a listas de contactos completas.<\/p>\n<h2>\n\t\t\t\u00bfEn qu\u00e9 escenarios puede utilizarse SMS2SMS?\t<\/h2>\n\t<p>La flexibilidad de SMS2SMS lo hace \u00fatil en muchas situaciones diferentes en las que se necesita una comunicaci\u00f3n r\u00e1pida y espec\u00edfica. He aqu\u00ed algunos ejemplos:<\/p>\n\t\t\t\t<table>\n\t\t\t\t\t<thead>\n\t\t\t\t\t\t\t\t\t\t\t\t\t\t<tr>\n\t\t\t\t\t\t\t\t\t\t\t\t\t\t\t<th rowspan=\"\" colspan=\"\">\n\t\t\t\t\t\t\t\t\t\t\t\t\t\t\t\t\t<label>\n\t\t\t\t\t\t\t\t\t\t<\/label><label> Escenario <\/label>\n\t\t\t\t\t\t\t\t\t\n\t\t\t\t\t\t\t\t\t\t\t\t\t\t\t\t\t<\/th>\n\t\t\t\t\t\t\t\t\t\t\t\t\t\t<th rowspan=\"\" colspan=\"\">\n\t\t\t\t\t\t\t\t\t\t\t\t\t\t\t\t\t<label>\n\t\t\t\t\t\t\t\t\t\t<\/label><label> Descripci\u00f3n del uso <\/label>\n\t\t\t\t\t\t\t\t\t\n\t\t\t\t\t\t\t\t\t\t\t\t\t\t\t\t\t<\/th>\n\t\t\t\t\t\t\t\t\t\t\t<\/tr><\/thead>\n\t\t\t\t\t<tbody>\n\t\t\t\t\t\t\t\t\t\t\t\t\t\t\t<tr>\n\t\t\t\t\t\t\t\t\t\t\t\t\t\t\t\t\t\t\t\t<td colspan=\"\" rowspan=\"\">\n\t\t\t\t\t\t\t\t\t\t\t\t\t\t\t\t\t\t\t\t\t\t\t Asociaciones de viviendas \n\t\t\t\t\t\t\t\t\t\t\t\t\t\t\t\t\t\t\t\t\t\t\t<\/td>\n\t\t\t\t\t\t\t\t\t\t\t\t\t\t\t\t<td colspan=\"\" rowspan=\"\">\n\t\t\t\t\t\t\t\t\t\t\t\t\t\t\t Un contratista puede enviar un mensaje a un n\u00famero centralizado con una palabra clave para un pasillo concreto (por ejemplo, \u201cPasillo5A Cortamos el agua a las 14.00 horas\u201d). El mensaje se env\u00eda autom\u00e1ticamente a todos los residentes de ese bloque sin que el contratista tenga acceso a sus n\u00fameros de tel\u00e9fono privados. \n\t\t\t\t\t\t\t\t\t\t\t\t\t\t\t\t\t\t\t\t\t\t\t\t<\/td>\n\t\t\t\t\t\t\t\t\t\t\t\t\t\t\t<\/tr><tr>\n\t\t\t\t\t\t\t\t\t\t\t\t\t\t\t\t\t\t\t\t<td colspan=\"\" rowspan=\"\">\n\t\t\t\t\t\t\t\t\t\t\t\t\t\t\t\t\t\t\t\t\t\t\t Empleados sobre el terreno \n\t\t\t\t\t\t\t\t\t\t\t\t\t\t\t\t\t\t\t\t\t\t\t<\/td>\n\t\t\t\t\t\t\t\t\t\t\t\t\t\t\t\t<td colspan=\"\" rowspan=\"\">\n\t\t\t\t\t\t\t\t\t\t\t\t\t\t\t\t\t\t\t\t\t\t\t Un empleado que necesite ayuda puede enviar un SMS a un grupo basado en la geograf\u00eda (por ejemplo, \u201cHJ\u00d8RRING necesito ayuda en la direcci\u00f3n X\u201d). El sistema env\u00eda el mensaje a todos los compa\u00f1eros del equipo de Hj\u00f8rring. \n\t\t\t\t\t\t\t\t\t\t\t\t\t\t\t\t\t\t\t\t\t\t\t<\/td>\n\t\t\t\t\t\t\t\t\t\t\t\t\t\t\t<\/tr><tr>\n\t\t\t\t\t\t\t\t\t\t\t\t\t\t\t\t\t\t\t\t<td colspan=\"\" rowspan=\"\">\n\t\t\t\t\t\t\t\t\t\t\t\t\t\t\t\t\t\t\t\t\t\t\t Transporte escolar \n\t\t\t\t\t\t\t\t\t\t\t\t\t\t\t\t\t\t\t\t\t\t\t<\/td>\n\t\t\t\t\t\t\t\t\t\t\t\t\t\t\t\t<td colspan=\"\" rowspan=\"\">\n\t\t\t\t\t\t\t\t\t\t\t\t\t\t\t\t\t\t\t\t\t\t\t Un conductor que llega tarde puede informar r\u00e1pidamente a todos los padres de una ruta concreta enviando un SMS como \u201cRUTA1 El autob\u00fas llega 20 minutos tarde debido al tr\u00e1fico\u201d. \n\t\t\t\t\t\t\t\t\t\t\t\t\t\t\t\t\t\t\t\t\t\t\t<\/td>\n\t\t\t\t\t\t\t\t\t\t\t\t\t\t\t<\/tr><tr>\n\t\t\t\t\t\t\t\t\t\t\t\t\t\t\t\t\t\t\t\t<td colspan=\"\" rowspan=\"\">\n\t\t\t\t\t\t\t\t\t\t\t\t\t\t\t\t\t\t\t\t\t\t\t Clubes deportivos \n\t\t\t\t\t\t\t\t\t\t\t\t\t\t\t\t\t\t\t\t\t\t\t<\/td>\n\t\t\t\t\t\t\t\t\t\t\t\t\t\t\t\t<td colspan=\"\" rowspan=\"\">\n\t\t\t\t\t\t\t\t\t\t\t\t\t\t\t\t\t\t\t\t\t\t\t Un entrenador de f\u00fatbol puede cancelar un entrenamiento en el \u00faltimo momento enviando un mensaje a la palabra clave de su equipo (por ejemplo, \u201cEntrenamiento del EQUIPO U12 cancelado debido a la lluvia\u201d). El mensaje se env\u00eda a todos los jugadores y padres de la lista. \n\t\t\t\t\t\t\t\t\t\t\t\t\t\t\t\t\t\t\t\t\t\t\t<\/td>\n\t\t\t\t\t\t\t\t\t\t\t<\/tr><\/tbody>\n\t\t\t\t<\/table>\n\t<p>Estos escenarios ilustran c\u00f3mo la automatizaci\u00f3n de los SMS puede centralizar y simplificar la comunicaci\u00f3n manteniendo la seguridad de los datos, ya que el remitente no necesita gestionar ni tener acceso a las listas de destinatarios.<\/p>\n<h2>\n\t\t\t\u00bfC\u00f3mo configuro SMS2SMS en SureSMS?\t<\/h2>\n\t<p>La configuraci\u00f3n de SMS2SMS en la plataforma SureSMS implica tres pasos principales: solicitar un n\u00famero entrante, crear un grupo de contactos con una palabra clave y configurar los ajustes del grupo. Aqu\u00ed tienes una gu\u00eda paso a paso:<\/p>\n<h3>\n\t\t\tPaso 1: Solicitar un n\u00famero de tel\u00e9fono entrante\t<\/h3>\n\t<p>Para recibir mensajes SMS, debes tener un n\u00famero propio en la plataforma.<\/p>\n<ul>\n<li>Vaya a Configuraci\u00f3n y seleccione Nombre del remitente.<\/li>\n<li>Pulse el bot\u00f3n Solicitar para ver una lista de los n\u00fameros de tel\u00e9fono virtuales disponibles.<\/li>\n<li>Seleccione un n\u00famero de la lista y confirme el pedido.<\/li>\n<li>Cuando el n\u00famero aparezca en su lista de valores de remitente, m\u00e1rquelo como N\u00famero predeterminado. Esto se hace para especificar que este es el n\u00famero que la plataforma debe utilizar para recibir mensajes entrantes. El n\u00famero tendr\u00e1 una marca verde indicando que es un n\u00famero largo virtual<\/li>\n<\/ul>\n\t\t\t\t\t<video src=\"https:\/\/suresms.com\/wp-content\/uploads\/2025\/11\/Guides - Setup of SMS-2-SMS.mp4\" alt=\"hosted-video-thumbnail\"><\/video>\n\t\t<h3>\n\t\t\tPaso 2: Crear un grupo de contactos y una palabra clave\t<\/h3>\n\t<p>El siguiente paso es organizar los contactos que recibir\u00e1n los mensajes en un grupo y asignarles una palabra clave \u00fanica.<\/p>\n<ul>\n<li>Vaya a Agenda y seleccione Grupos.<\/li>\n<li>Crea un nuevo grupo o edita uno existente.<\/li>\n<li>Nombre del grupo: Selecciona un nombre interno para el grupo (por ejemplo, \u201cBallgame2025\u201d).<\/li>\n<li>Palabra clave: Este es el campo m\u00e1s importante. Elige una palabra clave para el SMS que sea \u00fanica y f\u00e1cilmente reconocible (por ejemplo, \u201cpartidos de pelota\u201d). Esta es la palabra con la que el remitente debe empezar su SMS para enviarlo a este grupo.<\/li>\n<li>A\u00f1ade contactos al grupo. Puedes hacerlo manualmente o importar una lista.<\/li>\n<\/ul>\n<h3>\n\t\t\tPaso 3: Configurar los ajustes del grupo\t<\/h3>\n\t<p>Para que la funci\u00f3n SMS2SMS funcione correctamente, es necesario configurar los ajustes de grupo.<\/p>\n<ul>\n<li>Utilice siempre el nombre del remitente: Aqu\u00ed decides cu\u00e1l debe ser el remitente de los SMS enviados al grupo.\n<ul>\n<li>No configurado: Los destinatarios ver\u00e1n el propio n\u00famero de tel\u00e9fono del remitente (por ejemplo, del artesano). Las respuestas ir\u00e1n directamente a esta persona.<\/li>\n<li>N\u00famero\/nombre espec\u00edfico: Puede elegir uno de sus n\u00fameros verificados o un ID de remitente alfanum\u00e9rico (por ejemplo, \u201cSureSMS\u201d) que no se pueda responder. Esto es ideal para la comunicaci\u00f3n unidireccional.<\/li>\n<\/ul>\n<\/li>\n<li>S\u00f3lo remitentes autorizados: Para evitar abusos, puedes restringir qui\u00e9n puede enviar al grupo. En este campo puedes seleccionar un grupo diferente (por ejemplo, \u201cArtesanos\u201d o \u201cEntrenadores\u201d) y s\u00f3lo los miembros de este grupo estar\u00e1n autorizados a utilizar la funci\u00f3n SMS2SMS.\n<ul>\n<li>Si el campo est\u00e1 configurado como No configurado, cualquiera que conozca tu n\u00famero entrante y tu palabra clave puede enviar un mensaje al grupo.<\/li>\n<\/ul>\n<\/li>\n<li>Desactivar SMS entrantes a grupo: Aseg\u00farate de que esta funci\u00f3n no est\u00e1 activada, ya que bloquear\u00e1 la funcionalidad SMS2SMS.<\/li>\n<li>Guarda la configuraci\u00f3n.<\/li>\n<\/ul>\n<h2>\n\t\t\tPrueba la configuraci\u00f3n de SMS2SMS\t<\/h2>\n\t<p>Una vez finalizada la configuraci\u00f3n, es muy sencillo comprobar si la automatizaci\u00f3n de SMS funciona seg\u00fan lo previsto.<\/p>\n<ul>\n<li>Aseg\u00farese de que el remitente est\u00e1 autorizado: Si has establecido una restricci\u00f3n sobre qui\u00e9n puede enviar (Paso 3, punto 2), aseg\u00farate de que el n\u00famero de tel\u00e9fono desde el que env\u00edas pertenece al grupo de remitentes autorizados.<\/li>\n<li>Env\u00eda el SMS de prueba: Desde tu tel\u00e9fono m\u00f3vil (u otro tel\u00e9fono de la lista de remitentes aprobados), env\u00eda un SMS al n\u00famero de tel\u00e9fono entrante que hayas solicitado en el paso 1.<\/li>\n<li>Estructure el mensaje correctamente: comience el mensaje con la palabra clave elegida, seguida de un espacio y, a continuaci\u00f3n, el mensaje propiamente dicho.\n<ul>\n<li>Ejemplo: <u>Juegos de pelota El entrenamiento de hoy se ha trasladado a las 19:00 horas.<\/u><\/li>\n<\/ul>\n<\/li>\n<li>Verificar en la bandeja de salida: Vaya a la bandeja de salida en la plataforma SureSMS. Aqu\u00ed podr\u00e1s ver:\n<ul>\n<li>El SMS entrante original de tu n\u00famero de tel\u00e9fono que contiene la palabra clave.<\/li>\n<li>Una serie de nuevos mensajes SMS salientes (uno por cada contacto de tu grupo). El texto de estos mensajes ser\u00e1 el mismo que el de tu mensaje original, pero sin la palabra clave.<\/li>\n<\/ul>\n<\/li>\n<\/ul>\n<p>&nbsp;<\/p>\n<p>Si los mensajes salientes se han generado y enviado a todos los contactos del grupo, la configuraci\u00f3n de SMS2SMS se ha realizado correctamente. Ahora dispones de una soluci\u00f3n totalmente funcional para enviar SMS en grupo de forma r\u00e1pida y eficaz.<\/p>","protected":false},"excerpt":{"rendered":"<p>Configuraci\u00f3n de SMS-2-SMS SMS2SMS es una potente funci\u00f3n que permite el env\u00edo autom\u00e1tico de mensajes SMS a un grupo predefinido a trav\u00e9s de un \u00fanico SMS entrante. Aunque pueda parecer un desv\u00edo, esta forma de automatizaci\u00f3n de SMS abre una serie de escenarios de comunicaci\u00f3n eficaces. Esta gu\u00eda repasar\u00e1 qu\u00e9 es SMS2SMS, c\u00f3mo puede utilizarse en la pr\u00e1ctica y c\u00f3mo... <a title=\"Configuraci\u00f3n SMS-2-SMS\" class=\"read-more\" href=\"https:\/\/suresms.com\/es\/docs\/guides\/sms-2-sms-opstning\/\" aria-label=\"Leer m\u00e1s sobre Configuraci\u00f3n de SMS-2-SMS\">M\u00e1s informaci\u00f3n<\/a><\/p>","protected":false},"author":1,"featured_media":0,"parent":23423,"menu_order":0,"comment_status":"closed","ping_status":"closed","template":"","meta":{"_fl_builder_enabled":"1","_fl_builder_data":null,"_fl_builder_draft":null,"_fl_builder_data_settings":null,"_fl_builder_css":"","_fl_builder_css_version":"","_fl_builder_js":"","footnotes":""},"categories":[],"tags":[],"class_list":["post-23531","page","type-page","status-publish"],"yoast_head":"<!-- This site is optimized with the Yoast SEO Premium plugin v27.3 (Yoast SEO v27.3) - https:\/\/yoast.com\/product\/yoast-seo-premium-wordpress\/ -->\r\n<title>SMS-2-SMS ops\u00e6tning -<\/title>\r\n<meta name=\"robots\" content=\"index, follow, max-snippet:-1, max-image-preview:large, max-video-preview:-1\" \/>\r\n<link rel=\"canonical\" href=\"https:\/\/suresms.com\/es\/docs\/guias\/sms-2-configuracion-sms\/\" \/>\r\n<meta property=\"og:locale\" content=\"es_ES\" \/>\r\n<meta property=\"og:type\" content=\"article\" \/>\r\n<meta property=\"og:title\" content=\"SMS-2-SMS ops\u00e6tning\" \/>\r\n<meta property=\"og:description\" content=\"SMS-2-SMS ops\u00e6tning SMS2SMS er en kraftfuld funktion, der muligg\u00f8r automatisk udsendelse af SMS-beskeder til en foruddefineret gruppe via en enkelt indg\u00e5ende SMS. Selvom det kan lyde som en omvej, \u00e5bner denne form for SMS-automatisering op for en r\u00e6kke effektive kommunikationsscenarier. Denne guide vil gennemg\u00e5, hvad SMS2SMS er, hvordan det kan anvendes i praksis, og hvordan ... Leer m\u00e1s\" \/>\r\n<meta property=\"og:url\" content=\"https:\/\/suresms.com\/es\/docs\/guias\/sms-2-configuracion-sms\/\" \/>\r\n<meta property=\"article:publisher\" content=\"https:\/\/www.facebook.com\/p\/SureSMS-100044607956149\/\" \/>\r\n<meta property=\"article:modified_time\" content=\"2025-11-11T10:47:34+00:00\" \/>\r\n<meta name=\"twitter:card\" content=\"summary_large_image\" \/>\r\n<meta name=\"twitter:label1\" content=\"Tiempo de lectura\" \/>\n\t<meta name=\"twitter:data1\" content=\"2 minutos\" \/>\r\n<script type=\"application\/ld+json\" class=\"yoast-schema-graph\">{\"@context\":\"https:\\\/\\\/schema.org\",\"@graph\":[{\"@type\":\"WebPage\",\"@id\":\"https:\\\/\\\/suresms.com\\\/dk\\\/docs\\\/guides\\\/sms-2-sms-opstning\\\/\",\"url\":\"https:\\\/\\\/suresms.com\\\/dk\\\/docs\\\/guides\\\/sms-2-sms-opstning\\\/\",\"name\":\"SMS-2-SMS ops\u00e6tning -\",\"isPartOf\":{\"@id\":\"https:\\\/\\\/suresms.com\\\/en\\\/#website\"},\"datePublished\":\"2025-11-11T09:58:32+00:00\",\"dateModified\":\"2025-11-11T10:47:34+00:00\",\"breadcrumb\":{\"@id\":\"https:\\\/\\\/suresms.com\\\/dk\\\/docs\\\/guides\\\/sms-2-sms-opstning\\\/#breadcrumb\"},\"inLanguage\":\"es\",\"potentialAction\":[{\"@type\":\"ReadAction\",\"target\":[\"https:\\\/\\\/suresms.com\\\/dk\\\/docs\\\/guides\\\/sms-2-sms-opstning\\\/\"]}]},{\"@type\":\"BreadcrumbList\",\"@id\":\"https:\\\/\\\/suresms.com\\\/dk\\\/docs\\\/guides\\\/sms-2-sms-opstning\\\/#breadcrumb\",\"itemListElement\":[{\"@type\":\"ListItem\",\"position\":1,\"name\":\"Home\",\"item\":\"https:\\\/\\\/suresms.com\\\/dk\\\/\"},{\"@type\":\"ListItem\",\"position\":2,\"name\":\"Dokumentation\",\"item\":\"https:\\\/\\\/suresms.com\\\/dk\\\/docs\\\/\"},{\"@type\":\"ListItem\",\"position\":3,\"name\":\"Vejledninger\",\"item\":\"https:\\\/\\\/suresms.com\\\/dk\\\/docs\\\/guides\\\/\"},{\"@type\":\"ListItem\",\"position\":4,\"name\":\"SMS-2-SMS ops\u00e6tning\"}]},{\"@type\":\"WebSite\",\"@id\":\"https:\\\/\\\/suresms.com\\\/en\\\/#website\",\"url\":\"https:\\\/\\\/suresms.com\\\/en\\\/\",\"name\":\"SureSMS\",\"description\":\"Professionel SMS Gateway\",\"publisher\":{\"@id\":\"https:\\\/\\\/suresms.com\\\/en\\\/#organization\"},\"potentialAction\":[{\"@type\":\"SearchAction\",\"target\":{\"@type\":\"EntryPoint\",\"urlTemplate\":\"https:\\\/\\\/suresms.com\\\/en\\\/?s={search_term_string}\"},\"query-input\":{\"@type\":\"PropertyValueSpecification\",\"valueRequired\":true,\"valueName\":\"search_term_string\"}}],\"inLanguage\":\"es\"},{\"@type\":\"Organization\",\"@id\":\"https:\\\/\\\/suresms.com\\\/en\\\/#organization\",\"name\":\"SureSMS\",\"url\":\"https:\\\/\\\/suresms.com\\\/en\\\/\",\"logo\":{\"@type\":\"ImageObject\",\"inLanguage\":\"es\",\"@id\":\"https:\\\/\\\/suresms.com\\\/en\\\/#\\\/schema\\\/logo\\\/image\\\/\",\"url\":\"https:\\\/\\\/suresms.com\\\/wp-content\\\/uploads\\\/2024\\\/11\\\/suresms-300x65-1.png\",\"contentUrl\":\"https:\\\/\\\/suresms.com\\\/wp-content\\\/uploads\\\/2024\\\/11\\\/suresms-300x65-1.png\",\"width\":300,\"height\":65,\"caption\":\"SureSMS\"},\"image\":{\"@id\":\"https:\\\/\\\/suresms.com\\\/en\\\/#\\\/schema\\\/logo\\\/image\\\/\"},\"sameAs\":[\"https:\\\/\\\/www.facebook.com\\\/p\\\/SureSMS-100044607956149\\\/\"]}]}<\/script>\r\n<!-- \/ Yoast SEO Premium plugin. -->","yoast_head_json":{"title":"Configuraci\u00f3n SMS-2-SMS - Configuraci\u00f3n SMS-2-SMS","robots":{"index":"index","follow":"follow","max-snippet":"max-snippet:-1","max-image-preview":"max-image-preview:large","max-video-preview":"max-video-preview:-1"},"canonical":"https:\/\/suresms.com\/es\/docs\/guias\/sms-2-configuracion-sms\/","og_locale":"es_ES","og_type":"article","og_title":"SMS-2-SMS ops\u00e6tning","og_description":"SMS-2-SMS ops\u00e6tning SMS2SMS er en kraftfuld funktion, der muligg\u00f8r automatisk udsendelse af SMS-beskeder til en foruddefineret gruppe via en enkelt indg\u00e5ende SMS. Selvom det kan lyde som en omvej, \u00e5bner denne form for SMS-automatisering op for en r\u00e6kke effektive kommunikationsscenarier. Denne guide vil gennemg\u00e5, hvad SMS2SMS er, hvordan det kan anvendes i praksis, og hvordan ... Leer m\u00e1s","og_url":"https:\/\/suresms.com\/es\/docs\/guias\/sms-2-configuracion-sms\/","article_publisher":"https:\/\/www.facebook.com\/p\/SureSMS-100044607956149\/","article_modified_time":"2025-11-11T10:47:34+00:00","twitter_card":"summary_large_image","twitter_misc":{"Tiempo de lectura":"2 minutos"},"schema":{"@context":"https:\/\/schema.org","@graph":[{"@type":"WebPage","@id":"https:\/\/suresms.com\/dk\/docs\/guides\/sms-2-sms-opstning\/","url":"https:\/\/suresms.com\/dk\/docs\/guides\/sms-2-sms-opstning\/","name":"Configuraci\u00f3n SMS-2-SMS - Configuraci\u00f3n SMS-2-SMS","isPartOf":{"@id":"https:\/\/suresms.com\/en\/#website"},"datePublished":"2025-11-11T09:58:32+00:00","dateModified":"2025-11-11T10:47:34+00:00","breadcrumb":{"@id":"https:\/\/suresms.com\/dk\/docs\/guides\/sms-2-sms-opstning\/#breadcrumb"},"inLanguage":"es","potentialAction":[{"@type":"ReadAction","target":["https:\/\/suresms.com\/dk\/docs\/guides\/sms-2-sms-opstning\/"]}]},{"@type":"BreadcrumbList","@id":"https:\/\/suresms.com\/dk\/docs\/guides\/sms-2-sms-opstning\/#breadcrumb","itemListElement":[{"@type":"ListItem","position":1,"name":"Home","item":"https:\/\/suresms.com\/dk\/"},{"@type":"ListItem","position":2,"name":"Dokumentation","item":"https:\/\/suresms.com\/dk\/docs\/"},{"@type":"ListItem","position":3,"name":"Vejledninger","item":"https:\/\/suresms.com\/dk\/docs\/guides\/"},{"@type":"ListItem","position":4,"name":"SMS-2-SMS ops\u00e6tning"}]},{"@type":"WebSite","@id":"https:\/\/suresms.com\/en\/#website","url":"https:\/\/suresms.com\/en\/","name":"SureSMS","description":"Pasarela SMS profesional","publisher":{"@id":"https:\/\/suresms.com\/en\/#organization"},"potentialAction":[{"@type":"SearchAction","target":{"@type":"EntryPoint","urlTemplate":"https:\/\/suresms.com\/en\/?s={search_term_string}"},"query-input":{"@type":"PropertyValueSpecification","valueRequired":true,"valueName":"search_term_string"}}],"inLanguage":"es"},{"@type":"Organization","@id":"https:\/\/suresms.com\/en\/#organization","name":"SureSMS","url":"https:\/\/suresms.com\/en\/","logo":{"@type":"ImageObject","inLanguage":"es","@id":"https:\/\/suresms.com\/en\/#\/schema\/logo\/image\/","url":"https:\/\/suresms.com\/wp-content\/uploads\/2024\/11\/suresms-300x65-1.png","contentUrl":"https:\/\/suresms.com\/wp-content\/uploads\/2024\/11\/suresms-300x65-1.png","width":300,"height":65,"caption":"SureSMS"},"image":{"@id":"https:\/\/suresms.com\/en\/#\/schema\/logo\/image\/"},"sameAs":["https:\/\/www.facebook.com\/p\/SureSMS-100044607956149\/"]}]}},"_links":{"self":[{"href":"https:\/\/suresms.com\/es\/wp-json\/wp\/v2\/pages\/23531","targetHints":{"allow":["GET"]}}],"collection":[{"href":"https:\/\/suresms.com\/es\/wp-json\/wp\/v2\/pages"}],"about":[{"href":"https:\/\/suresms.com\/es\/wp-json\/wp\/v2\/types\/page"}],"author":[{"embeddable":true,"href":"https:\/\/suresms.com\/es\/wp-json\/wp\/v2\/users\/1"}],"replies":[{"embeddable":true,"href":"https:\/\/suresms.com\/es\/wp-json\/wp\/v2\/comments?post=23531"}],"version-history":[{"count":6,"href":"https:\/\/suresms.com\/es\/wp-json\/wp\/v2\/pages\/23531\/revisions"}],"predecessor-version":[{"id":23541,"href":"https:\/\/suresms.com\/es\/wp-json\/wp\/v2\/pages\/23531\/revisions\/23541"}],"up":[{"embeddable":true,"href":"https:\/\/suresms.com\/es\/wp-json\/wp\/v2\/pages\/23423"}],"wp:attachment":[{"href":"https:\/\/suresms.com\/es\/wp-json\/wp\/v2\/media?parent=23531"}],"wp:term":[{"taxonomy":"category","embeddable":true,"href":"https:\/\/suresms.com\/es\/wp-json\/wp\/v2\/categories?post=23531"},{"taxonomy":"post_tag","embeddable":true,"href":"https:\/\/suresms.com\/es\/wp-json\/wp\/v2\/tags?post=23531"}],"curies":[{"name":"wp","href":"https:\/\/api.w.org\/{rel}","templated":true}]}}