{"id":23483,"date":"2025-10-08T12:02:13","date_gmt":"2025-10-08T12:02:13","guid":{"rendered":"https:\/\/suresms.com\/?page_id=23483"},"modified":"2025-10-08T12:08:32","modified_gmt":"2025-10-08T12:08:32","slug":"aplicacion-para-windows","status":"publish","type":"page","link":"https:\/\/suresms.com\/es\/docs\/guides\/windows-app\/","title":{"rendered":"Aplicaci\u00f3n Windows"},"content":{"rendered":"<!-- Flexy Breadcrumb -->\r\n\t\t\t<div class=\"fbc fbc-page\">\r\n\r\n\t\t\t\t<!-- Breadcrumb wrapper -->\r\n\t\t\t\t<div class=\"fbc-wrap\">\r\n\r\n\t\t\t\t\t<!-- Ordered list-->\r\n\t\t\t\t\t<ol class=\"fbc-items\" itemscope itemtype=\"https:\/\/schema.org\/BreadcrumbList\">\r\n\t\t\t\t\t\t            <li itemprop=\"itemListElement\" itemscope itemtype=\"https:\/\/schema.org\/ListItem\">\r\n                <span itemprop=\"name\">\r\n                    <!-- Home Link -->\r\n                    <a itemprop=\"item\" href=\"https:\/\/suresms.com\/es\/\">\r\n                    \r\n                                                    <i class=\"fa fa-home\" aria-hidden=\"true\"><\/i>Inicio                    <\/a>\r\n                <\/span>\r\n                <meta itemprop=\"position\" content=\"1\" \/><!-- Meta Position-->\r\n             <\/li><li><span class=\"fbc-separator\">\/<\/span><\/li><li class=\"active\" itemprop=\"itemListElement\" itemscope itemtype=\"https:\/\/schema.org\/ListItem\"><span itemprop=\"name\" title=\"Aplicaci\u00f3n Windows\">Aplicaci\u00f3n Windows<\/span><meta itemprop=\"position\" content=\"2\" \/><\/li>\t\t\t\t\t<\/ol>\r\n\t\t\t\t\t<div class=\"clearfix\"><\/div>\r\n\t\t\t\t<\/div>\r\n\t\t\t<\/div>\r\n\t\t\t\n<h1>\n\t\t\tObtener SureSMS como aplicaci\u00f3n de Windows\t<\/h1>\n\t<p>\u00bfSab\u00edas que puedes utilizar SureSMS como una aplicaci\u00f3n directamente desde tu ordenador, sin instalar nada?<\/p>\n<p>Con unos pocos clics, puedes convertir tu navegador (por ejemplo, Google Chrome, Edge o Brave) en tu \"lanzador de aplicaciones\" para que SureSMS se abra como una aplicaci\u00f3n independiente con un icono en la barra de tareas, igual que una aplicaci\u00f3n normal.<\/p>\n<p>Esto hace que sea m\u00e1s f\u00e1cil y r\u00e1pido acceder a SureSMS y que no tengas que mantener la pesta\u00f1a abierta en el navegador.<\/p>\n<p>Los beneficios son<\/p>\n<ul>\n<li data-start=\"1463\" data-end=\"1513\">\nSe inicia r\u00e1pidamente, sin abrir todo el navegador.\n<\/li>\n<li data-start=\"1514\" data-end=\"1573\">\nFunciona como una aplicaci\u00f3n normal con icono y acceso directo.\n<\/li>\n<li data-start=\"1574\" data-end=\"1622\">\nMenos interrupciones: s\u00f3lo SureSMS en la ventana.\n<\/li>\n<li data-start=\"1623\" data-end=\"1688\">\nInicio de sesi\u00f3n autom\u00e1tico si ya ha iniciado sesi\u00f3n en el navegador.\n<\/li>\n<\/ul>\n<h2>\n\t\t\tChrome: c\u00f3mo hacerlo\t<\/h2>\n\t<ul>\n<li data-start=\"726\" data-end=\"784\">\nIr a <a href=\"https:\/\/app.suresms.com\" target=\"_blank\" rel=\"noopener\" data-start=\"739\" data-end=\"781\">app.suresms.com<\/a>.\n<\/li>\n<li data-start=\"785\" data-end=\"852\">\nHaga clic en el bot\u00f3n <strong data-start=\"796\" data-end=\"814\">los tres puntos<\/strong> En la esquina superior derecha de Chrome (men\u00fa).\n<\/li>\n<li data-start=\"853\" data-end=\"969\">\nSeleccione <strong data-start=\"861\" data-end=\"875\">Echar, guardar y compartir<\/strong> \u2192 <strong data-start=\"878\" data-end=\"905\">Instalar la aplicaci\u00f3n SureSMS<\/strong> <em data-start=\"906\" data-end=\"966\">(o \"Instalar SureSMS\" dependiendo de tu versi\u00f3n de Chrome)<\/em>.\n<\/li>\n<li data-start=\"970\" data-end=\"994\">\nPulse <strong data-start=\"978\" data-end=\"991\">Instale<\/strong>.\n<\/li>\n<li data-start=\"995\" data-end=\"1112\">\nAhora SureSMS se abre como una aplicaci\u00f3n independiente: puedes anclarla a la barra de tareas, al men\u00fa Inicio o al escritorio.\n<\/li>\n<\/ul>\n<h2>\n\t\t\tEdge - c\u00f3mo hacerlo\t<\/h2>\n\t<ul>\n<li data-start=\"1155\" data-end=\"1207\">\nAbrir <a href=\"https:\/\/app.suresms.com\" target=\"_new\" rel=\"noopener\" data-start=\"1162\" data-end=\"1204\">app.suresms.com<\/a>.\n<\/li>\n<li data-start=\"1208\" data-end=\"1257\">\nHaga clic en el bot\u00f3n <strong data-start=\"1219\" data-end=\"1237\">los tres puntos<\/strong> Esquina superior derecha.\n<\/li>\n<li data-start=\"1258\" data-end=\"1318\">\nSeleccione <strong data-start=\"1266\" data-end=\"1274\">Aplicaciones<\/strong> \u2192 <strong data-start=\"1277\" data-end=\"1315\">Instalar este sitio web como una aplicaci\u00f3n<\/strong>.\n<\/li>\n<li data-start=\"1319\" data-end=\"1408\">\nPulse <strong data-start=\"1327\" data-end=\"1340\">Instale<\/strong> y elija si desea a\u00f1adir accesos directos (barra de tareas, men\u00fa Inicio, etc.).\n<\/li>\n<\/ul>","protected":false},"excerpt":{"rendered":"<p>Obt\u00e9n SureSMS como una aplicaci\u00f3n de Windows \u00bfSab\u00edas que puedes utilizar SureSMS como una aplicaci\u00f3n directamente desde tu ordenador, sin instalar nada? Con s\u00f3lo unos clics, puedes convertir tu navegador (por ejemplo, Google Chrome, Edge o Brave) en tu \"lanzador de aplicaciones\" para que SureSMS se abra como una aplicaci\u00f3n independiente con un icono en la barra de tareas - al igual que... <a title=\"Aplicaci\u00f3n Windows\" class=\"read-more\" href=\"https:\/\/suresms.com\/es\/docs\/guides\/windows-app\/\" aria-label=\"Leer m\u00e1s sobre Aplicaci\u00f3n Windows\">M\u00e1s informaci\u00f3n<\/a><\/p>","protected":false},"author":1,"featured_media":0,"parent":23423,"menu_order":0,"comment_status":"closed","ping_status":"closed","template":"","meta":{"_fl_builder_enabled":"1","_fl_builder_data":null,"_fl_builder_draft":null,"_fl_builder_data_settings":null,"_fl_builder_css":"","_fl_builder_css_version":"","_fl_builder_js":"","footnotes":""},"categories":[],"tags":[],"class_list":["post-23483","page","type-page","status-publish"],"yoast_head":"<!-- This site is optimized with the Yoast SEO Premium plugin v27.3 (Yoast SEO v27.3) - https:\/\/yoast.com\/product\/yoast-seo-premium-wordpress\/ -->\r\n<title>Windows applikation -<\/title>\r\n<meta name=\"robots\" content=\"index, follow, max-snippet:-1, max-image-preview:large, max-video-preview:-1\" \/>\r\n<link rel=\"canonical\" href=\"https:\/\/suresms.com\/es\/docs\/guias\/aplicacion-para-windows\/\" \/>\r\n<meta property=\"og:locale\" content=\"es_ES\" \/>\r\n<meta property=\"og:type\" content=\"article\" \/>\r\n<meta property=\"og:title\" content=\"Windows applikation\" \/>\r\n<meta property=\"og:description\" content=\"F\u00e5 SureSMS som Windows app Vidste du, at du kan bruge SureSMS som en app direkte fra din computer &#8211; uden at installere noget? Med f\u00e5 klik kan du g\u00f8re din browser (f.eks. Google Chrome, Edge eller Brave) til din &#8220;app-launcher&#8221;, s\u00e5 SureSMS \u00e5bnes som et selvst\u00e6ndigt program med ikon p\u00e5 proceslinjen &#8211; pr\u00e6cis som ... Leer m\u00e1s\" \/>\r\n<meta property=\"og:url\" content=\"https:\/\/suresms.com\/es\/docs\/guias\/aplicacion-para-windows\/\" \/>\r\n<meta property=\"article:publisher\" content=\"https:\/\/www.facebook.com\/p\/SureSMS-100044607956149\/\" \/>\r\n<meta property=\"article:modified_time\" content=\"2025-10-08T12:08:32+00:00\" \/>\r\n<meta name=\"twitter:card\" content=\"summary_large_image\" \/>\r\n<meta name=\"twitter:label1\" content=\"Tiempo de lectura\" \/>\n\t<meta name=\"twitter:data1\" content=\"5 minutos\" \/>\r\n<script type=\"application\/ld+json\" class=\"yoast-schema-graph\">{\"@context\":\"https:\\\/\\\/schema.org\",\"@graph\":[{\"@type\":\"WebPage\",\"@id\":\"https:\\\/\\\/suresms.com\\\/docs\\\/guides\\\/windows-app\\\/\",\"url\":\"https:\\\/\\\/suresms.com\\\/docs\\\/guides\\\/windows-app\\\/\",\"name\":\"Windows applikation -\",\"isPartOf\":{\"@id\":\"https:\\\/\\\/suresms.com\\\/en\\\/#website\"},\"datePublished\":\"2025-10-08T12:02:13+00:00\",\"dateModified\":\"2025-10-08T12:08:32+00:00\",\"breadcrumb\":{\"@id\":\"https:\\\/\\\/suresms.com\\\/docs\\\/guides\\\/windows-app\\\/#breadcrumb\"},\"inLanguage\":\"es\",\"potentialAction\":[{\"@type\":\"ReadAction\",\"target\":[\"https:\\\/\\\/suresms.com\\\/docs\\\/guides\\\/windows-app\\\/\"]}]},{\"@type\":\"BreadcrumbList\",\"@id\":\"https:\\\/\\\/suresms.com\\\/docs\\\/guides\\\/windows-app\\\/#breadcrumb\",\"itemListElement\":[{\"@type\":\"ListItem\",\"position\":1,\"name\":\"Home\",\"item\":\"https:\\\/\\\/suresms.com\\\/dk\\\/\"},{\"@type\":\"ListItem\",\"position\":2,\"name\":\"Dokumentation\",\"item\":\"https:\\\/\\\/suresms.com\\\/dk\\\/docs\\\/\"},{\"@type\":\"ListItem\",\"position\":3,\"name\":\"Vejledninger\",\"item\":\"https:\\\/\\\/suresms.com\\\/dk\\\/docs\\\/guides\\\/\"},{\"@type\":\"ListItem\",\"position\":4,\"name\":\"Windows applikation\"}]},{\"@type\":\"WebSite\",\"@id\":\"https:\\\/\\\/suresms.com\\\/en\\\/#website\",\"url\":\"https:\\\/\\\/suresms.com\\\/en\\\/\",\"name\":\"SureSMS\",\"description\":\"Professionel SMS Gateway\",\"publisher\":{\"@id\":\"https:\\\/\\\/suresms.com\\\/en\\\/#organization\"},\"potentialAction\":[{\"@type\":\"SearchAction\",\"target\":{\"@type\":\"EntryPoint\",\"urlTemplate\":\"https:\\\/\\\/suresms.com\\\/en\\\/?s={search_term_string}\"},\"query-input\":{\"@type\":\"PropertyValueSpecification\",\"valueRequired\":true,\"valueName\":\"search_term_string\"}}],\"inLanguage\":\"es\"},{\"@type\":\"Organization\",\"@id\":\"https:\\\/\\\/suresms.com\\\/en\\\/#organization\",\"name\":\"SureSMS\",\"url\":\"https:\\\/\\\/suresms.com\\\/en\\\/\",\"logo\":{\"@type\":\"ImageObject\",\"inLanguage\":\"es\",\"@id\":\"https:\\\/\\\/suresms.com\\\/en\\\/#\\\/schema\\\/logo\\\/image\\\/\",\"url\":\"https:\\\/\\\/suresms.com\\\/wp-content\\\/uploads\\\/2024\\\/11\\\/suresms-300x65-1.png\",\"contentUrl\":\"https:\\\/\\\/suresms.com\\\/wp-content\\\/uploads\\\/2024\\\/11\\\/suresms-300x65-1.png\",\"width\":300,\"height\":65,\"caption\":\"SureSMS\"},\"image\":{\"@id\":\"https:\\\/\\\/suresms.com\\\/en\\\/#\\\/schema\\\/logo\\\/image\\\/\"},\"sameAs\":[\"https:\\\/\\\/www.facebook.com\\\/p\\\/SureSMS-100044607956149\\\/\"]}]}<\/script>\r\n<!-- \/ Yoast SEO Premium plugin. -->","yoast_head_json":{"title":"Aplicaci\u00f3n Windows","robots":{"index":"index","follow":"follow","max-snippet":"max-snippet:-1","max-image-preview":"max-image-preview:large","max-video-preview":"max-video-preview:-1"},"canonical":"https:\/\/suresms.com\/es\/docs\/guias\/aplicacion-para-windows\/","og_locale":"es_ES","og_type":"article","og_title":"Windows applikation","og_description":"F\u00e5 SureSMS som Windows app Vidste du, at du kan bruge SureSMS som en app direkte fra din computer &#8211; uden at installere noget? Med f\u00e5 klik kan du g\u00f8re din browser (f.eks. Google Chrome, Edge eller Brave) til din &#8220;app-launcher&#8221;, s\u00e5 SureSMS \u00e5bnes som et selvst\u00e6ndigt program med ikon p\u00e5 proceslinjen &#8211; pr\u00e6cis som ... Leer m\u00e1s","og_url":"https:\/\/suresms.com\/es\/docs\/guias\/aplicacion-para-windows\/","article_publisher":"https:\/\/www.facebook.com\/p\/SureSMS-100044607956149\/","article_modified_time":"2025-10-08T12:08:32+00:00","twitter_card":"summary_large_image","twitter_misc":{"Tiempo de lectura":"5 minutos"},"schema":{"@context":"https:\/\/schema.org","@graph":[{"@type":"WebPage","@id":"https:\/\/suresms.com\/docs\/guides\/windows-app\/","url":"https:\/\/suresms.com\/docs\/guides\/windows-app\/","name":"Aplicaci\u00f3n Windows","isPartOf":{"@id":"https:\/\/suresms.com\/en\/#website"},"datePublished":"2025-10-08T12:02:13+00:00","dateModified":"2025-10-08T12:08:32+00:00","breadcrumb":{"@id":"https:\/\/suresms.com\/docs\/guides\/windows-app\/#breadcrumb"},"inLanguage":"es","potentialAction":[{"@type":"ReadAction","target":["https:\/\/suresms.com\/docs\/guides\/windows-app\/"]}]},{"@type":"BreadcrumbList","@id":"https:\/\/suresms.com\/docs\/guides\/windows-app\/#breadcrumb","itemListElement":[{"@type":"ListItem","position":1,"name":"Home","item":"https:\/\/suresms.com\/dk\/"},{"@type":"ListItem","position":2,"name":"Dokumentation","item":"https:\/\/suresms.com\/dk\/docs\/"},{"@type":"ListItem","position":3,"name":"Vejledninger","item":"https:\/\/suresms.com\/dk\/docs\/guides\/"},{"@type":"ListItem","position":4,"name":"Windows applikation"}]},{"@type":"WebSite","@id":"https:\/\/suresms.com\/en\/#website","url":"https:\/\/suresms.com\/en\/","name":"SureSMS","description":"Pasarela SMS profesional","publisher":{"@id":"https:\/\/suresms.com\/en\/#organization"},"potentialAction":[{"@type":"SearchAction","target":{"@type":"EntryPoint","urlTemplate":"https:\/\/suresms.com\/en\/?s={search_term_string}"},"query-input":{"@type":"PropertyValueSpecification","valueRequired":true,"valueName":"search_term_string"}}],"inLanguage":"es"},{"@type":"Organization","@id":"https:\/\/suresms.com\/en\/#organization","name":"SureSMS","url":"https:\/\/suresms.com\/en\/","logo":{"@type":"ImageObject","inLanguage":"es","@id":"https:\/\/suresms.com\/en\/#\/schema\/logo\/image\/","url":"https:\/\/suresms.com\/wp-content\/uploads\/2024\/11\/suresms-300x65-1.png","contentUrl":"https:\/\/suresms.com\/wp-content\/uploads\/2024\/11\/suresms-300x65-1.png","width":300,"height":65,"caption":"SureSMS"},"image":{"@id":"https:\/\/suresms.com\/en\/#\/schema\/logo\/image\/"},"sameAs":["https:\/\/www.facebook.com\/p\/SureSMS-100044607956149\/"]}]}},"_links":{"self":[{"href":"https:\/\/suresms.com\/es\/wp-json\/wp\/v2\/pages\/23483","targetHints":{"allow":["GET"]}}],"collection":[{"href":"https:\/\/suresms.com\/es\/wp-json\/wp\/v2\/pages"}],"about":[{"href":"https:\/\/suresms.com\/es\/wp-json\/wp\/v2\/types\/page"}],"author":[{"embeddable":true,"href":"https:\/\/suresms.com\/es\/wp-json\/wp\/v2\/users\/1"}],"replies":[{"embeddable":true,"href":"https:\/\/suresms.com\/es\/wp-json\/wp\/v2\/comments?post=23483"}],"version-history":[{"count":3,"href":"https:\/\/suresms.com\/es\/wp-json\/wp\/v2\/pages\/23483\/revisions"}],"predecessor-version":[{"id":23488,"href":"https:\/\/suresms.com\/es\/wp-json\/wp\/v2\/pages\/23483\/revisions\/23488"}],"up":[{"embeddable":true,"href":"https:\/\/suresms.com\/es\/wp-json\/wp\/v2\/pages\/23423"}],"wp:attachment":[{"href":"https:\/\/suresms.com\/es\/wp-json\/wp\/v2\/media?parent=23483"}],"wp:term":[{"taxonomy":"category","embeddable":true,"href":"https:\/\/suresms.com\/es\/wp-json\/wp\/v2\/categories?post=23483"},{"taxonomy":"post_tag","embeddable":true,"href":"https:\/\/suresms.com\/es\/wp-json\/wp\/v2\/tags?post=23483"}],"curies":[{"name":"wp","href":"https:\/\/api.w.org\/{rel}","templated":true}]}}