{"id":23436,"date":"2025-06-18T12:07:15","date_gmt":"2025-06-18T12:07:15","guid":{"rendered":"https:\/\/suresms.com\/?page_id=23436"},"modified":"2025-06-18T12:51:59","modified_gmt":"2025-06-18T12:51:59","slug":"consigue-inscripciones-en-tu-lista-de-sms","status":"publish","type":"page","link":"https:\/\/suresms.com\/es\/docs\/guides\/faa-tilmeldinger-til-din-sms-liste\/","title":{"rendered":"Consigue inscripciones en tu lista de SMS"},"content":{"rendered":"\n\n\t\t\t\t<!-- Flexy Breadcrumb -->\r\n\t\t\t<div class=\"fbc fbc-page\">\r\n\r\n\t\t\t\t<!-- Breadcrumb wrapper -->\r\n\t\t\t\t<div class=\"fbc-wrap\">\r\n\r\n\t\t\t\t\t<!-- Ordered list-->\r\n\t\t\t\t\t<ol class=\"fbc-items\" itemscope itemtype=\"https:\/\/schema.org\/BreadcrumbList\">\r\n\t\t\t\t\t\t            <li itemprop=\"itemListElement\" itemscope itemtype=\"https:\/\/schema.org\/ListItem\">\r\n                <span itemprop=\"name\">\r\n                    <!-- Home Link -->\r\n                    <a itemprop=\"item\" href=\"https:\/\/suresms.com\">\r\n                    \r\n                                                    <i class=\"fa fa-home\" aria-hidden=\"true\"><\/i>Home                    <\/a>\r\n                <\/span>\r\n                <meta itemprop=\"position\" content=\"1\" \/><!-- Meta Position-->\r\n             <\/li><li><span class=\"fbc-separator\">\/<\/span><\/li><li class=\"active\" itemprop=\"itemListElement\" itemscope itemtype=\"https:\/\/schema.org\/ListItem\"><span itemprop=\"name\" title=\"F\u00e5 tilmeldinger til din SMS liste\">F\u00e5 tilmeldinger til din...<\/span><meta itemprop=\"position\" content=\"2\" \/><\/li>\t\t\t\t\t<\/ol>\r\n\t\t\t\t\t<div class=\"clearfix\"><\/div>\r\n\t\t\t\t<\/div>\r\n\t\t\t<\/div>\r\n\t\t\t\n<h1>\n\t\t\tF\u00e5 tilmeldinger til din SMS liste\t<\/h1>\n\t<p>Lad brugere selv til- og afmelde sig lister og grupper.<\/p>\n<p>En god funktion til ens hjemmeside, hvis man \u00f8nsker at kunder eller brugere, selv skal kunne tilmelde sig en sms-liste.<\/p>\n<p>Der er fire muligheder for brugerne for selv at tilmelde sig.<\/p>\n<ol>\n<li>Send en SMS med teksten &#8220;Tilmeld [keyword]&#8221; til [+45] 93700701<\/li>\n<li>Scan QR koden som kan hentes fra gruppesiden (se senere)<\/li>\n<li>Tilmeldingsside fra din egen hjemmeside med iFrame. (se herunder)<\/li>\n<li>Tilmeldingsside fra din egen hjemmeside med en formular (se nederst i denne artikel)<\/li>\n<\/ol>\n<p>De fire muligheder beskrives herunder.<\/p>\n<h2>\n\t\t\tTilmeld via SMS\t<\/h2>\n\t<p>Man kan tilmelde sig din SMS liste ved blot at sende en SMS til 93700701 med teksten Tilmeld [keyword]. Gruppen som man tilmelder sig skal have et keyword for at det virker.<\/p>\n\t<p>I menuen v\u00e6lger du <em>Adressbog\u00a0 -&gt; Grupper<\/em><\/p>\n<p>Ud for den liste du gerne vil have tilmeldinger til klikker du p\u00e5 blyanten.<\/p>\n<p>Nu ser du et sk\u00e6rmbillede der ligner det til h\u00f8jre her.<\/p>\n<p>Giv gruppen et Keyword. Keyword er det ord brugerne skal sende i SMS beskeden.<\/p>\n<p>Du kan i Retur SMS skrive en besked, som den tilmeldte skal have efter tilmelding. F.eks. &#8220;Tak for din tilmelding. Du vil modtage nyheder fra os ca. 2 gange om m\u00e5neden&#8221;.<\/p>\n<p>Afsender navn kan ogs\u00e5 s\u00e6ttes.<\/p>\n<p>S\u00e6t flueneb i &#8220;Deaktiver indg\u00e5ende SMS til gruppe&#8221;<\/p>\n<p>Det vil sige, at I dette eksempel, hvor gruppen har f\u00e5et Keyword &#8220;Boldspil&#8221; kan en person tilmelde sig gruppen ved at sende en SMS til 93700701 med teksten<\/p>\n<p><strong>Tilmeld boldspil<\/strong><\/p>\n<p>Klik p\u00e5 <em>Gem <\/em>for at gemme indstillingerne.<\/p>\n<p>&nbsp;<\/p>\n\t\t\t\t<img decoding=\"async\" src=\"https:\/\/suresms.com\/wp-content\/uploads\/2025\/06\/Skaermbillede-Adressebog-Gruppe-01-1.png\" alt=\"Sk\u00e6rmbillede - Adressebog - Gruppe 01\" itemprop=\"image\" height=\"1390\" width=\"1376\" title=\"Sk\u00e6rmbillede - Adressebog - Gruppe 01\" onerror=\"this.style.display='none'\" loading='lazy' \/>\n<h2>\n\t\t\tTilmeld ved hj\u00e6lp af QR kode\t<\/h2>\n\t<p>Det er ogs\u00e5 muligt at f\u00e5 en QR kode, som du kan s\u00e6tte op i klubben, i butikken eller andre steder hvor folk kommer. Det g\u00f8r du s\u00e5ledes:<\/p>\n\t<p>F\u00f8lg vejledningen herover, s\u00e5 gruppen f\u00e5r tildelt et Keyword.<\/p>\n<p>N\u00e5r du har gemt gruppen med keyword g\u00f8r du f\u00f8lgende:<\/p>\n<p>Udfor gruppen klikker du p\u00e5 blyanten for at redigere gruppen.<\/p>\n<p>Scroll ned p\u00e5 siden og find afsnittet <em>S\u00e5dan tilmelder du dig\u00a0 <\/em>som vist herunder<\/p>\n\t\t\t\t<img decoding=\"async\" src=\"https:\/\/suresms.com\/wp-content\/uploads\/2025\/06\/Skaermbillede-Adressebog-Gruppe-02-scaled.png\" alt=\"Sk\u00e6rmbillede - Adressebog - Gruppe 02\" itemprop=\"image\" height=\"759\" width=\"2560\" title=\"Sk\u00e6rmbillede - Adressebog - Gruppe 02\" onerror=\"this.style.display='none'\" loading='lazy' \/>\n\t<p>Yderst til h\u00f8jre kan du se QR koden som kan bruges til tilmelding. Det er muligt at kopiere den fra siden og s\u00e6tte den ind i f.eks. et word dokument.<\/p>\n<p>&nbsp;<\/p>\n<h2>\n\t\t\tTilmeld via formular p\u00e5 egen hjemmeside\t<\/h2>\n\t<p>\u00d8nsker du mulighed for at tilmelde sig din liste fra din hjemmeside har vi ogs\u00e5 denne mulighed. Dette l\u00f8ses med en s\u00e5kaldt iFrame. Herunder kan du se beskrivelsen af dette.<\/p>\n<p>For at inds\u00e6tte vores tilmeldingsformular p\u00e5 din egen hjemmeside, skal du inds\u00e6tte vores link ind i din html-kode. Hvordan dette g\u00f8res afh\u00e6nger af, hvilket CMS-system (fx. Word Press, Jomla, Drupal) din hjemmeside er lavet i. Vores eksempel herunder g\u00e6lder hjemmesider, som er lavet i Word Press.<\/p>\n\t<p>G\u00e5 til afsnittet\u00a0<em>S\u00e5dan tilmelder du dig<\/em> som beskrevet under afsnittet QR kode. Her finder du et link som du skal inds\u00e6tte i en HTML side p\u00e5 din hjemmeside. Du skal inds\u00e6tte f\u00f8lgende p\u00e5 din egen hjemmeside<\/p>\n<p>&lt;iframe width=&#8221;420&#8243; height=&#8221;315&#8243; src=&#8221;https:\/\/suresms.com\/dk\/subscribe\/?GroupID=5069&amp;language=da&#8221; frameborder=&#8221;0&#8243; allowfullscreen&gt;&lt;\/iframe&gt;<\/p>\n<p>hvor du erstatter https:\/\/suresms.com\/dk\/subscribe\/?GroupID=5069 med det der st\u00e5r under URL i gruppens indstillinger.<\/p>\n<p>&nbsp;<\/p>\n\t<h2>Udseeende af formularen<\/h2>\n<p>Ved at inds\u00e6tte en URL i feltet\u00a0<em>URL til special CSS fil <\/em>kan du placere en CSS fil p\u00e5 dit eget website og dermed f\u00e5 overskrevet stylen p\u00e5 formularen s\u00e5 den passer pr\u00e6cis til din hjemmeside.<\/p>\n<p>At anvende denne funktion kr\u00e6ver at du er dygtig til at kode CSS og kan se elementernes v\u00e6rdier. Det er kun for webdesignere eller udviklere.<\/p>\n\t<h2>Indholdet af formularen<\/h2>\n<p>Det er muligt at \u00e6ndre p\u00e5 indholdet af tilmeldingformularen ved at bruge disse parametre i din URL.<\/p>\n<table>\n<tbody>\n<tr>\n<td>Language<\/td>\n<td>da for dansk, es for spansk, uk for engelsk<\/td>\n<\/tr>\n<tr>\n<td>CountrycodeFieldLabel<\/td>\n<td>Hvad skal der st\u00e5 udfor valg af landekode.<\/td>\n<\/tr>\n<tr>\n<td>PhonenumberFieldLabel<\/td>\n<td>Hvad skal der st\u00e5 udfor telefonnummer feltet.<\/td>\n<\/tr>\n<tr>\n<td>NameFieldLabel<\/td>\n<td>Hvad skal der st\u00e5 udfor navnefeltet feltet.<\/td>\n<\/tr>\n<tr>\n<td>NameFieldIsRequired<\/td>\n<td>Hvis det er n\u00f8dvendigt at der indtastes et navn.<\/td>\n<\/tr>\n<tr>\n<td>EmailFieldLabel<\/td>\n<td>Hvad skal der st\u00e5 udfor email feltet.<\/td>\n<\/tr>\n<tr>\n<td>CustomFieldLabel<\/td>\n<td>Hvad skal der st\u00e5 udfor CustomField feltet.<\/td>\n<\/tr>\n<tr>\n<td>PhonenumberPlaceholder<\/td>\n<td>Hvad skal der st\u00e5 som vejledende tekst i telefonnummer<\/td>\n<\/tr>\n<tr>\n<td>NamePlaceholder<\/td>\n<td>Hvad skal der st\u00e5 som vejledende tekst i navne feltet<\/td>\n<\/tr>\n<tr>\n<td>EmailPlaceholder<\/td>\n<td>Hvad skal der st\u00e5 som vejledende text i email feltet.<\/td>\n<\/tr>\n<tr>\n<td>CustomPlaceholder<\/td>\n<td>Hvad skal der st\u00e5 i vejledende tekst i CustomPlaceholder<\/td>\n<\/tr>\n<tr>\n<td>ShowNameField<\/td>\n<td>S\u00e6tte =1 hvis du gerne vil have vist navnefeltet<\/td>\n<\/tr>\n<tr>\n<td>ShowEmailAddressField<\/td>\n<td>S\u00e6tte =1 hvis du gerne vil have vist email-adresse<\/td>\n<\/tr>\n<tr>\n<td>ShowCustomField<\/td>\n<td>S\u00e6tte =1 hvis du gerne vil have vist customfield<\/td>\n<\/tr>\n<tr>\n<td>RedirectUrlSubscribe<\/td>\n<td>url hvor vi redirecter til, n\u00e5r brugeren har tilmeldt sig.<\/td>\n<\/tr>\n<tr>\n<td>RedirectUrlUnSubscribe<\/td>\n<td>url hvor vi redirecter til, n\u00e5r brugeren har afmeldt sig.<\/td>\n<\/tr>\n<tr>\n<td>ConfirmationSMSText<\/td>\n<td>Her kan du skrive den tekst som modtagerne f\u00e5r, n\u00e5r de skal bekr\u00e6fte deres tilmelding til listen. Det er vigtigt at du i beskeden s\u00e6tter koden &lt;%pincode%&gt; ind et sted. Det er flettefeltet der bruges til at s\u00e6tte den aktuelle kode ind som skal bruges til bekr\u00e6ftelse af deltagelse.<\/td>\n<\/tr>\n<\/tbody>\n<\/table>\n<p>&nbsp;<\/p>\n\t<p>En komplet URL kunne se s\u00e5ledes ud<\/p>\n<p>https:\/\/suresms.com\/dk\/subscribe\/?GroupID=5069&amp;CulID=2&amp;CountrycodeFieldLabel=Forvalgskode&amp;PhonenumberFieldLabel=Mobiltelefon&amp;CustomFieldLabel=Biltype&amp;PhonenumberPlaceholder=f.eks. 12345678&amp;NamePlaceholder=John Doe&amp;EmailPlaceholder=dinemail@domain.dk&amp;CustomPlaceholder=Ford eller Tesla&amp;ShowNameField=1&amp;ShowEmailAddressField=1&amp;ShowCustomField=1<\/p>\n\n","protected":false},"excerpt":{"rendered":"<p>F\u00e5 tilmeldinger til din SMS liste Lad brugere selv til- og afmelde sig lister og grupper. En god funktion til ens hjemmeside, hvis man \u00f8nsker at kunder eller brugere, selv skal kunne tilmelde sig en sms-liste. Der er fire muligheder for brugerne for selv at tilmelde sig. Send en SMS med teksten &#8220;Tilmeld [keyword]&#8221; til &#8230; <a title=\"F\u00e5 tilmeldinger til din SMS liste\" class=\"read-more\" href=\"https:\/\/suresms.com\/es\/docs\/guides\/faa-tilmeldinger-til-din-sms-liste\/\" aria-label=\"Leer m\u00e1s sobre F\u00e5 tilmeldinger til din SMS liste\">Leer m\u00e1s<\/a><\/p>\n","protected":false},"author":1,"featured_media":0,"parent":23423,"menu_order":0,"comment_status":"closed","ping_status":"closed","template":"","meta":{"_fl_builder_enabled":"1","_fl_builder_data":null,"_fl_builder_draft":null,"_fl_builder_data_settings":null,"_fl_builder_css":"","_fl_builder_css_version":"","_fl_builder_js":"","footnotes":""},"categories":[],"tags":[],"class_list":["post-23436","page","type-page","status-publish"],"yoast_head":"<!-- This site is optimized with the Yoast SEO Premium plugin v27.3 (Yoast SEO v27.3) - https:\/\/yoast.com\/product\/yoast-seo-premium-wordpress\/ -->\r\n<title>F\u00e5 tilmeldinger til din SMS liste -<\/title>\r\n<meta name=\"robots\" content=\"index, follow, max-snippet:-1, max-image-preview:large, max-video-preview:-1\" \/>\r\n<link rel=\"canonical\" href=\"https:\/\/suresms.com\/es\/docs\/guias\/consigue-inscripciones-en-tu-lista-de-sms\/\" \/>\r\n<meta property=\"og:locale\" content=\"es_ES\" \/>\r\n<meta property=\"og:type\" content=\"article\" \/>\r\n<meta property=\"og:title\" content=\"F\u00e5 tilmeldinger til din SMS liste\" \/>\r\n<meta property=\"og:description\" content=\"F\u00e5 tilmeldinger til din SMS liste Lad brugere selv til- og afmelde sig lister og grupper. En god funktion til ens hjemmeside, hvis man \u00f8nsker at kunder eller brugere, selv skal kunne tilmelde sig en sms-liste. Der er fire muligheder for brugerne for selv at tilmelde sig. Send en SMS med teksten &#8220;Tilmeld [keyword]&#8221; til ... Leer m\u00e1s\" \/>\r\n<meta property=\"og:url\" content=\"https:\/\/suresms.com\/es\/docs\/guias\/consigue-inscripciones-en-tu-lista-de-sms\/\" \/>\r\n<meta property=\"article:publisher\" content=\"https:\/\/www.facebook.com\/p\/SureSMS-100044607956149\/\" \/>\r\n<meta property=\"article:modified_time\" content=\"2025-06-18T12:51:59+00:00\" \/>\r\n<meta property=\"og:image\" content=\"https:\/\/suresms.com\/wp-content\/uploads\/2025\/06\/Skaermbillede-Adressebog-Gruppe-01-1.png\" \/>\r\n<meta name=\"twitter:card\" content=\"summary_large_image\" \/>\r\n<meta name=\"twitter:label1\" content=\"Tiempo de lectura\" \/>\n\t<meta name=\"twitter:data1\" content=\"2 minutos\" \/>\r\n<script type=\"application\/ld+json\" class=\"yoast-schema-graph\">{\"@context\":\"https:\\\/\\\/schema.org\",\"@graph\":[{\"@type\":\"WebPage\",\"@id\":\"https:\\\/\\\/suresms.com\\\/dk\\\/docs\\\/guides\\\/faa-tilmeldinger-til-din-sms-liste\\\/\",\"url\":\"https:\\\/\\\/suresms.com\\\/dk\\\/docs\\\/guides\\\/faa-tilmeldinger-til-din-sms-liste\\\/\",\"name\":\"F\u00e5 tilmeldinger til din SMS liste -\",\"isPartOf\":{\"@id\":\"https:\\\/\\\/suresms.com\\\/en\\\/#website\"},\"primaryImageOfPage\":{\"@id\":\"https:\\\/\\\/suresms.com\\\/dk\\\/docs\\\/guides\\\/faa-tilmeldinger-til-din-sms-liste\\\/#primaryimage\"},\"image\":{\"@id\":\"https:\\\/\\\/suresms.com\\\/dk\\\/docs\\\/guides\\\/faa-tilmeldinger-til-din-sms-liste\\\/#primaryimage\"},\"thumbnailUrl\":\"https:\\\/\\\/suresms.com\\\/wp-content\\\/uploads\\\/2025\\\/06\\\/Skaermbillede-Adressebog-Gruppe-01-1.png\",\"datePublished\":\"2025-06-18T12:07:15+00:00\",\"dateModified\":\"2025-06-18T12:51:59+00:00\",\"breadcrumb\":{\"@id\":\"https:\\\/\\\/suresms.com\\\/dk\\\/docs\\\/guides\\\/faa-tilmeldinger-til-din-sms-liste\\\/#breadcrumb\"},\"inLanguage\":\"es\",\"potentialAction\":[{\"@type\":\"ReadAction\",\"target\":[\"https:\\\/\\\/suresms.com\\\/dk\\\/docs\\\/guides\\\/faa-tilmeldinger-til-din-sms-liste\\\/\"]}]},{\"@type\":\"ImageObject\",\"inLanguage\":\"es\",\"@id\":\"https:\\\/\\\/suresms.com\\\/dk\\\/docs\\\/guides\\\/faa-tilmeldinger-til-din-sms-liste\\\/#primaryimage\",\"url\":\"https:\\\/\\\/suresms.com\\\/wp-content\\\/uploads\\\/2025\\\/06\\\/Skaermbillede-Adressebog-Gruppe-01-1.png\",\"contentUrl\":\"https:\\\/\\\/suresms.com\\\/wp-content\\\/uploads\\\/2025\\\/06\\\/Skaermbillede-Adressebog-Gruppe-01-1.png\"},{\"@type\":\"BreadcrumbList\",\"@id\":\"https:\\\/\\\/suresms.com\\\/dk\\\/docs\\\/guides\\\/faa-tilmeldinger-til-din-sms-liste\\\/#breadcrumb\",\"itemListElement\":[{\"@type\":\"ListItem\",\"position\":1,\"name\":\"Home\",\"item\":\"https:\\\/\\\/suresms.com\\\/dk\\\/\"},{\"@type\":\"ListItem\",\"position\":2,\"name\":\"Dokumentation\",\"item\":\"https:\\\/\\\/suresms.com\\\/dk\\\/docs\\\/\"},{\"@type\":\"ListItem\",\"position\":3,\"name\":\"Vejledninger\",\"item\":\"https:\\\/\\\/suresms.com\\\/dk\\\/docs\\\/guides\\\/\"},{\"@type\":\"ListItem\",\"position\":4,\"name\":\"F\u00e5 tilmeldinger til din SMS liste\"}]},{\"@type\":\"WebSite\",\"@id\":\"https:\\\/\\\/suresms.com\\\/en\\\/#website\",\"url\":\"https:\\\/\\\/suresms.com\\\/en\\\/\",\"name\":\"SureSMS\",\"description\":\"Professionel SMS Gateway\",\"publisher\":{\"@id\":\"https:\\\/\\\/suresms.com\\\/en\\\/#organization\"},\"potentialAction\":[{\"@type\":\"SearchAction\",\"target\":{\"@type\":\"EntryPoint\",\"urlTemplate\":\"https:\\\/\\\/suresms.com\\\/en\\\/?s={search_term_string}\"},\"query-input\":{\"@type\":\"PropertyValueSpecification\",\"valueRequired\":true,\"valueName\":\"search_term_string\"}}],\"inLanguage\":\"es\"},{\"@type\":\"Organization\",\"@id\":\"https:\\\/\\\/suresms.com\\\/en\\\/#organization\",\"name\":\"SureSMS\",\"url\":\"https:\\\/\\\/suresms.com\\\/en\\\/\",\"logo\":{\"@type\":\"ImageObject\",\"inLanguage\":\"es\",\"@id\":\"https:\\\/\\\/suresms.com\\\/en\\\/#\\\/schema\\\/logo\\\/image\\\/\",\"url\":\"https:\\\/\\\/suresms.com\\\/wp-content\\\/uploads\\\/2024\\\/11\\\/suresms-300x65-1.png\",\"contentUrl\":\"https:\\\/\\\/suresms.com\\\/wp-content\\\/uploads\\\/2024\\\/11\\\/suresms-300x65-1.png\",\"width\":300,\"height\":65,\"caption\":\"SureSMS\"},\"image\":{\"@id\":\"https:\\\/\\\/suresms.com\\\/en\\\/#\\\/schema\\\/logo\\\/image\\\/\"},\"sameAs\":[\"https:\\\/\\\/www.facebook.com\\\/p\\\/SureSMS-100044607956149\\\/\"]}]}<\/script>\r\n<!-- \/ Yoast SEO Premium plugin. -->","yoast_head_json":{"title":"Consigue inscripciones en tu lista de SMS -.","robots":{"index":"index","follow":"follow","max-snippet":"max-snippet:-1","max-image-preview":"max-image-preview:large","max-video-preview":"max-video-preview:-1"},"canonical":"https:\/\/suresms.com\/es\/docs\/guias\/consigue-inscripciones-en-tu-lista-de-sms\/","og_locale":"es_ES","og_type":"article","og_title":"F\u00e5 tilmeldinger til din SMS liste","og_description":"F\u00e5 tilmeldinger til din SMS liste Lad brugere selv til- og afmelde sig lister og grupper. En god funktion til ens hjemmeside, hvis man \u00f8nsker at kunder eller brugere, selv skal kunne tilmelde sig en sms-liste. Der er fire muligheder for brugerne for selv at tilmelde sig. Send en SMS med teksten &#8220;Tilmeld [keyword]&#8221; til ... Leer m\u00e1s","og_url":"https:\/\/suresms.com\/es\/docs\/guias\/consigue-inscripciones-en-tu-lista-de-sms\/","article_publisher":"https:\/\/www.facebook.com\/p\/SureSMS-100044607956149\/","article_modified_time":"2025-06-18T12:51:59+00:00","og_image":[{"url":"https:\/\/suresms.com\/wp-content\/uploads\/2025\/06\/Skaermbillede-Adressebog-Gruppe-01-1.png","type":"","width":"","height":""}],"twitter_card":"summary_large_image","twitter_misc":{"Tiempo de lectura":"2 minutos"},"schema":{"@context":"https:\/\/schema.org","@graph":[{"@type":"WebPage","@id":"https:\/\/suresms.com\/dk\/docs\/guides\/faa-tilmeldinger-til-din-sms-liste\/","url":"https:\/\/suresms.com\/dk\/docs\/guides\/faa-tilmeldinger-til-din-sms-liste\/","name":"Consigue inscripciones en tu lista de SMS -.","isPartOf":{"@id":"https:\/\/suresms.com\/en\/#website"},"primaryImageOfPage":{"@id":"https:\/\/suresms.com\/dk\/docs\/guides\/faa-tilmeldinger-til-din-sms-liste\/#primaryimage"},"image":{"@id":"https:\/\/suresms.com\/dk\/docs\/guides\/faa-tilmeldinger-til-din-sms-liste\/#primaryimage"},"thumbnailUrl":"https:\/\/suresms.com\/wp-content\/uploads\/2025\/06\/Skaermbillede-Adressebog-Gruppe-01-1.png","datePublished":"2025-06-18T12:07:15+00:00","dateModified":"2025-06-18T12:51:59+00:00","breadcrumb":{"@id":"https:\/\/suresms.com\/dk\/docs\/guides\/faa-tilmeldinger-til-din-sms-liste\/#breadcrumb"},"inLanguage":"es","potentialAction":[{"@type":"ReadAction","target":["https:\/\/suresms.com\/dk\/docs\/guides\/faa-tilmeldinger-til-din-sms-liste\/"]}]},{"@type":"ImageObject","inLanguage":"es","@id":"https:\/\/suresms.com\/dk\/docs\/guides\/faa-tilmeldinger-til-din-sms-liste\/#primaryimage","url":"https:\/\/suresms.com\/wp-content\/uploads\/2025\/06\/Skaermbillede-Adressebog-Gruppe-01-1.png","contentUrl":"https:\/\/suresms.com\/wp-content\/uploads\/2025\/06\/Skaermbillede-Adressebog-Gruppe-01-1.png"},{"@type":"BreadcrumbList","@id":"https:\/\/suresms.com\/dk\/docs\/guides\/faa-tilmeldinger-til-din-sms-liste\/#breadcrumb","itemListElement":[{"@type":"ListItem","position":1,"name":"Home","item":"https:\/\/suresms.com\/dk\/"},{"@type":"ListItem","position":2,"name":"Dokumentation","item":"https:\/\/suresms.com\/dk\/docs\/"},{"@type":"ListItem","position":3,"name":"Vejledninger","item":"https:\/\/suresms.com\/dk\/docs\/guides\/"},{"@type":"ListItem","position":4,"name":"F\u00e5 tilmeldinger til din SMS liste"}]},{"@type":"WebSite","@id":"https:\/\/suresms.com\/en\/#website","url":"https:\/\/suresms.com\/en\/","name":"SureSMS","description":"Pasarela SMS profesional","publisher":{"@id":"https:\/\/suresms.com\/en\/#organization"},"potentialAction":[{"@type":"SearchAction","target":{"@type":"EntryPoint","urlTemplate":"https:\/\/suresms.com\/en\/?s={search_term_string}"},"query-input":{"@type":"PropertyValueSpecification","valueRequired":true,"valueName":"search_term_string"}}],"inLanguage":"es"},{"@type":"Organization","@id":"https:\/\/suresms.com\/en\/#organization","name":"SureSMS","url":"https:\/\/suresms.com\/en\/","logo":{"@type":"ImageObject","inLanguage":"es","@id":"https:\/\/suresms.com\/en\/#\/schema\/logo\/image\/","url":"https:\/\/suresms.com\/wp-content\/uploads\/2024\/11\/suresms-300x65-1.png","contentUrl":"https:\/\/suresms.com\/wp-content\/uploads\/2024\/11\/suresms-300x65-1.png","width":300,"height":65,"caption":"SureSMS"},"image":{"@id":"https:\/\/suresms.com\/en\/#\/schema\/logo\/image\/"},"sameAs":["https:\/\/www.facebook.com\/p\/SureSMS-100044607956149\/"]}]}},"_links":{"self":[{"href":"https:\/\/suresms.com\/es\/wp-json\/wp\/v2\/pages\/23436","targetHints":{"allow":["GET"]}}],"collection":[{"href":"https:\/\/suresms.com\/es\/wp-json\/wp\/v2\/pages"}],"about":[{"href":"https:\/\/suresms.com\/es\/wp-json\/wp\/v2\/types\/page"}],"author":[{"embeddable":true,"href":"https:\/\/suresms.com\/es\/wp-json\/wp\/v2\/users\/1"}],"replies":[{"embeddable":true,"href":"https:\/\/suresms.com\/es\/wp-json\/wp\/v2\/comments?post=23436"}],"version-history":[{"count":4,"href":"https:\/\/suresms.com\/es\/wp-json\/wp\/v2\/pages\/23436\/revisions"}],"predecessor-version":[{"id":23446,"href":"https:\/\/suresms.com\/es\/wp-json\/wp\/v2\/pages\/23436\/revisions\/23446"}],"up":[{"embeddable":true,"href":"https:\/\/suresms.com\/es\/wp-json\/wp\/v2\/pages\/23423"}],"wp:attachment":[{"href":"https:\/\/suresms.com\/es\/wp-json\/wp\/v2\/media?parent=23436"}],"wp:term":[{"taxonomy":"category","embeddable":true,"href":"https:\/\/suresms.com\/es\/wp-json\/wp\/v2\/categories?post=23436"},{"taxonomy":"post_tag","embeddable":true,"href":"https:\/\/suresms.com\/es\/wp-json\/wp\/v2\/tags?post=23436"}],"curies":[{"name":"wp","href":"https:\/\/api.w.org\/{rel}","templated":true}]}}