{"id":2043,"date":"2016-02-29T16:51:29","date_gmt":"2016-02-29T14:51:29","guid":{"rendered":"https:\/\/www.suresms.com\/dk\/?page_id=2043"},"modified":"2025-01-04T23:56:41","modified_gmt":"2025-01-04T23:56:41","slug":"politica-de-privacidad-y-cookies","status":"publish","type":"page","link":"https:\/\/suresms.com\/es\/politikker\/cookie-og-privatlivspolitik-suresms\/","title":{"rendered":"Pol\u00edtica de cookies y privacidad de SureSMS"},"content":{"rendered":"<h1>\n\t\tSureSMS ApS - Pol\u00edtica de privacidad y cookies\n\t<\/h1>\n\t\t\t\t<img loading=\"lazy\" decoding=\"async\" src=\"https:\/\/suresms.com\/wp-content\/uploads\/2016\/02\/cookies-pc-550x281-1.jpg\" alt=\"galletas pc 550x281\" itemprop=\"image\" height=\"281\" width=\"550\" title=\"galletas pc 550x281\" onerror=\"this.style.display='none'\"  \/>\n\t<h4>\u00a0<\/h4>\n<h4><strong>Acerca de las cookies<\/strong><\/h4>\n<p><strong>\"Una cookie es un peque\u00f1o archivo de texto que se almacena en su navegador para reconocer su ordenador en visitas posteriores. No hay informaci\u00f3n personal almacenada en nuestras cookies y NO pueden contener virus.\"<\/strong><\/p>\n<p>\u00a0<\/p>\n\t<h4>Nuestro sitio web utiliza cookies con los siguientes fines:<\/h4>\n<ul>\n<li>Funcionalidad t\u00e9cnica para que podamos recordar sus preferencias.<\/li>\n<li>Medici\u00f3n del tr\u00e1fico para saber cu\u00e1ntas personas visitan nuestro sitio y c\u00f3mo lo utilizan.<\/li>\n<li>Recordar su aceptaci\u00f3n de las cookies para que no le preguntemos cada vez que visita nuestros sitios.<\/li>\n<\/ul>\n\t\t<h4>Este sitio web ha sido creado por:<\/h4><strong>SureSMS ApS<br \/>\n<\/strong>Industrialholmen 82<br \/>\n2650 Hvidovre, Dinamarca<br \/>\nTel\u00e9fono: 50 322 322<br \/>\nCorreo electr\u00f3nico: <a href=\"mailto:info@suresms.com\">info@suresms.com<\/a>\n\t<h4><strong>Para qu\u00e9 se utilizan las cookies en nuestro sitio web<\/strong><\/h4>\n<p>Las cookies se utilizan para mantener estad\u00edsticas sobre el n\u00famero de usuarios, qu\u00e9 contenidos se muestran e informaci\u00f3n sobre la geograf\u00eda y los intereses de nuestros usuarios para personalizar los contenidos y la publicidad en consecuencia. Tambi\u00e9n utilizamos una cookie para almacenar su aceptaci\u00f3n de cookies al cambiar de p\u00e1gina.<\/p>\n<p>Puede ver un resumen de nuestras cookies en la siguiente tabla:<\/p>\n<table border=\"1\">\n<tbody>\n<tr>\n<td><strong>Descripci\u00f3n<\/strong><\/td>\n<td><strong>Contiene<br \/> personal<br \/> informaci\u00f3n<\/strong><\/td>\n<td><strong>Contenido<\/strong><\/td>\n<td><strong>C\u00f3mo utilizarlo<\/strong><\/td>\n<td><strong>Suprimido<br \/> despu\u00e9s de<\/strong><\/td>\n<\/tr>\n<tr>\n<td>Cookie de sesi\u00f3n<\/td>\n<td>No, no puedes.<\/td>\n<td>Clave aleatoria generada por nuestro servidor.<\/td>\n<td>Necesario para atenderle como cliente.<\/td>\n<td>Al cerrar el navegador<\/td>\n<\/tr>\n<tr>\n<td>Aceptar cookies<\/td>\n<td>No, no puedes.<\/td>\n<td>Se almacena en su ordenador cuando acepta nuestras cookies.<\/td>\n<td>Necesario para que no tenga que aceptar cookies cada vez que visita nuestro sitio web.<\/td>\n<td>10 a\u00f1os<\/td>\n<\/tr>\n<tr>\n<td>Google Analytics<\/td>\n<td>No, no puedes.<\/td>\n<td>Un ID \u00fanico generado por Google Analytics.<\/td>\n<td>Necesario para que Google Analytics recopile estad\u00edsticas sobre el uso de nuestro sitio web.<\/td>\n<td>\u00a02 a\u00f1os<\/td>\n<\/tr>\n<tr>\n<td>Galleta Olark<\/td>\n<td>No, no puedes.<\/td>\n<td>Un ID \u00fanico generado por Olark.<\/td>\n<td>Necesario para que podamos ofrecer chat en l\u00ednea a nuestros usuarios.<\/td>\n<td>Al cerrar el navegador<\/td>\n<\/tr>\n<\/tbody>\n<\/table>\n<p>\u00a0<\/p>\n\t<p><strong>C\u00f3mo eliminar las cookies<\/strong><\/p>\n<p>Consulte las instrucciones aqu\u00ed:\u00a0<a href=\"http:\/\/minecookies.org\/cookiehandtering\">http:\/\/minecookies.org\/cookiehandtering<\/a><\/p>\n<p><strong>\u00bfC\u00f3mo evito las cookies?<\/strong><\/p>\n<p>Si no desea recibir cookies, puede bloquearlas. Consulte las instrucciones aqu\u00ed:<a href=\"http:\/\/minecookies.org\/cookiehandtering\">http:\/\/minecookies.org\/cookiehandtering<\/a>.<\/p>\n<p><strong>Uso de datos personales<\/strong><\/p>\n<p>Los datos personales nunca se revelan a terceros a menos que usted lo consienta expl\u00edcitamente, y nunca recopilamos datos personales a menos que nos los haya proporcionado mediante registro, compra o participaci\u00f3n en una encuesta, etc.<\/p>\n<p>Los datos personales se utilizan para llevar a cabo la compra o el servicio para el que se recogieron. La informaci\u00f3n tambi\u00e9n se utiliza para conocerle mejor a usted y a otros usuarios del sitio web.<\/p>\n<p><strong>Contacto para datos personales<\/strong><\/p>\n<p>Si desea acceder a la informaci\u00f3n registrada sobre usted en SureSMS, p\u00f3ngase en contacto con nosotros en\u00a0<a href=\"mailto:info@suresms.com\">info@suresms.com<\/a> Si se han registrado datos incorrectos, o si tiene otras objeciones, puede dirigirse al mismo lugar. Tiene la oportunidad de conocer qu\u00e9 informaci\u00f3n se ha registrado sobre usted, y puede oponerse a un registro de acuerdo con las normas de la Ley de Datos Personales.<\/p>\n<p><strong>Protecci\u00f3n de datos personales<\/strong><\/p>\n<p>Seg\u00fan la Ley de Datos Personales, su informaci\u00f3n personal debe mantenerse segura y confidencial. Almacenamos sus datos personales en ordenadores de acceso restringido situados en instalaciones controladas, y nuestras medidas de seguridad se supervisan continuamente para determinar si la informaci\u00f3n de nuestros usuarios se maneja de forma segura y teniendo siempre en cuenta sus derechos como usuario. Sin embargo, no podemos garantizar al 100% la seguridad de las transferencias de datos a trav\u00e9s de Internet. Esto significa que puede haber riesgo de acceso no autorizado a la informaci\u00f3n cuando los datos se env\u00edan y almacenan electr\u00f3nicamente. Por lo tanto, usted facilita sus datos personales por su cuenta y riesgo.<\/p>\n<p>El r\u00e1pido desarrollo de Internet hace que pueda ser necesario introducir cambios en nuestro tratamiento de datos personales. Por ello, nos reservamos el derecho a actualizar y modificar estas directrices para el tratamiento de datos personales. Si lo hacemos, por supuesto corregiremos la fecha de la \"\u00faltima actualizaci\u00f3n\" al final de la p\u00e1gina. En caso de cambios significativos, se lo notificaremos mediante un aviso visible en nuestro sitio web.<\/p>\n<p>En la medida en que se procesen datos personales sobre usted, tiene derecho, en virtud de la Ley de Datos Personales, a ser informado de qu\u00e9 datos personales pueden atribu\u00edrsele. Si resulta que la informaci\u00f3n o los datos tratados sobre usted son incorrectos o enga\u00f1osos, tiene derecho a exigir que se corrijan, supriman o bloqueen. Puede oponerse en cualquier momento a que se procese informaci\u00f3n sobre usted. Tambi\u00e9n puede retirar su consentimiento en cualquier momento. Tiene derecho a reclamar por el tratamiento de la informaci\u00f3n y los datos que le conciernen. Las quejas se presentan ante la Agencia Danesa de Protecci\u00f3n de Datos, cf. art\u00edculo 58(1) de la Ley de Datos Personales.<\/p>\n<p><strong>Esta pol\u00edtica de cookies y privacidad se basa en una plantilla de Minecookies.org y se actualiz\u00f3 por \u00faltima vez el 1\/3 2016.<\/strong><\/p>","protected":false},"excerpt":{"rendered":"<p>SureSMS ApS - Pol\u00edtica de cookies y privacidad Acerca de las cookies \"Una cookie es un peque\u00f1o archivo de texto que se almacena en su navegador para reconocer su ordenador en visitas posteriores. No hay informaci\u00f3n personal almacenada en nuestras cookies y NO pueden contener virus.\"   Nuestro sitio web utiliza cookies con los siguientes fines: Funcionalidad t\u00e9cnica para que... <a title=\"Pol\u00edtica de cookies y privacidad de SureSMS\" class=\"read-more\" href=\"https:\/\/suresms.com\/es\/politikker\/cookie-og-privatlivspolitik-suresms\/\" aria-label=\"Leer m\u00e1s sobre Pol\u00edtica de privacidad y cookies de SureSMS\">M\u00e1s informaci\u00f3n<\/a><\/p>","protected":false},"author":1,"featured_media":0,"parent":19124,"menu_order":1,"comment_status":"closed","ping_status":"closed","template":"","meta":{"_fl_builder_enabled":"1","_fl_builder_data":null,"_fl_builder_draft":null,"_fl_builder_data_settings":null,"_fl_builder_css":"","_fl_builder_css_version":"","_fl_builder_js":"","footnotes":""},"categories":[],"tags":[],"class_list":["post-2043","page","type-page","status-publish"],"yoast_head":"<!-- This site is optimized with the Yoast SEO Premium plugin v27.3 (Yoast SEO v27.3) - https:\/\/yoast.com\/product\/yoast-seo-premium-wordpress\/ -->\r\n<title>Cookie- og privatlivspolitik for SureSMS -<\/title>\r\n<meta name=\"description\" content=\"Cookie og privatlivspolitik for SureSMS, Hvordan vi bruger cookies p\u00e5 SureSMS website, Vi deler ikke cookies med 3. part.\" \/>\r\n<meta name=\"robots\" content=\"index, follow, max-snippet:-1, max-image-preview:large, max-video-preview:-1\" \/>\r\n<link rel=\"canonical\" href=\"https:\/\/suresms.com\/es\/caracteristicas-2\/politica-de-privacidad-y-cookies\/\" \/>\r\n<meta property=\"og:locale\" content=\"es_ES\" \/>\r\n<meta property=\"og:type\" content=\"article\" \/>\r\n<meta property=\"og:title\" content=\"Cookie- og privatlivspolitik for SureSMS\" \/>\r\n<meta property=\"og:description\" content=\"Cookie og privatlivspolitik for SureSMS, Hvordan vi bruger cookies p\u00e5 SureSMS website, Vi deler ikke cookies med 3. part.\" \/>\r\n<meta property=\"og:url\" content=\"https:\/\/suresms.com\/es\/caracteristicas-2\/politica-de-privacidad-y-cookies\/\" \/>\r\n<meta property=\"article:publisher\" content=\"https:\/\/www.facebook.com\/p\/SureSMS-100044607956149\/\" \/>\r\n<meta property=\"article:modified_time\" content=\"2025-01-04T23:56:41+00:00\" \/>\r\n<meta property=\"og:image\" content=\"https:\/\/suresms.com\/wp-content\/uploads\/2016\/02\/cookies-pc-550x281-1.jpg\" \/>\r\n<meta name=\"twitter:card\" content=\"summary_large_image\" \/>\r\n<meta name=\"twitter:label1\" content=\"Tiempo de lectura\" \/>\n\t<meta name=\"twitter:data1\" content=\"4 minutos\" \/>\r\n<script type=\"application\/ld+json\" class=\"yoast-schema-graph\">{\"@context\":\"https:\\\/\\\/schema.org\",\"@graph\":[{\"@type\":\"WebPage\",\"@id\":\"https:\\\/\\\/suresms.com\\\/politikker\\\/cookie-og-privatlivspolitik-suresms\\\/\",\"url\":\"https:\\\/\\\/suresms.com\\\/politikker\\\/cookie-og-privatlivspolitik-suresms\\\/\",\"name\":\"Cookie- og privatlivspolitik for SureSMS -\",\"isPartOf\":{\"@id\":\"https:\\\/\\\/suresms.com\\\/en\\\/#website\"},\"primaryImageOfPage\":{\"@id\":\"https:\\\/\\\/suresms.com\\\/politikker\\\/cookie-og-privatlivspolitik-suresms\\\/#primaryimage\"},\"image\":{\"@id\":\"https:\\\/\\\/suresms.com\\\/politikker\\\/cookie-og-privatlivspolitik-suresms\\\/#primaryimage\"},\"thumbnailUrl\":\"https:\\\/\\\/suresms.com\\\/wp-content\\\/uploads\\\/2016\\\/02\\\/cookies-pc-550x281-1.jpg\",\"datePublished\":\"2016-02-29T14:51:29+00:00\",\"dateModified\":\"2025-01-04T23:56:41+00:00\",\"description\":\"Cookie og privatlivspolitik for SureSMS, Hvordan vi bruger cookies p\u00e5 SureSMS website, Vi deler ikke cookies med 3. part.\",\"breadcrumb\":{\"@id\":\"https:\\\/\\\/suresms.com\\\/politikker\\\/cookie-og-privatlivspolitik-suresms\\\/#breadcrumb\"},\"inLanguage\":\"es\",\"potentialAction\":[{\"@type\":\"ReadAction\",\"target\":[\"https:\\\/\\\/suresms.com\\\/politikker\\\/cookie-og-privatlivspolitik-suresms\\\/\"]}]},{\"@type\":\"ImageObject\",\"inLanguage\":\"es\",\"@id\":\"https:\\\/\\\/suresms.com\\\/politikker\\\/cookie-og-privatlivspolitik-suresms\\\/#primaryimage\",\"url\":\"https:\\\/\\\/suresms.com\\\/wp-content\\\/uploads\\\/2016\\\/02\\\/cookies-pc-550x281-1.jpg\",\"contentUrl\":\"https:\\\/\\\/suresms.com\\\/wp-content\\\/uploads\\\/2016\\\/02\\\/cookies-pc-550x281-1.jpg\"},{\"@type\":\"BreadcrumbList\",\"@id\":\"https:\\\/\\\/suresms.com\\\/politikker\\\/cookie-og-privatlivspolitik-suresms\\\/#breadcrumb\",\"itemListElement\":[{\"@type\":\"ListItem\",\"position\":1,\"name\":\"Home\",\"item\":\"https:\\\/\\\/suresms.com\\\/dk\\\/\"},{\"@type\":\"ListItem\",\"position\":2,\"name\":\"Politikker\",\"item\":\"https:\\\/\\\/suresms.com\\\/politikker\\\/\"},{\"@type\":\"ListItem\",\"position\":3,\"name\":\"Cookie- og privatlivspolitik for SureSMS\"}]},{\"@type\":\"WebSite\",\"@id\":\"https:\\\/\\\/suresms.com\\\/en\\\/#website\",\"url\":\"https:\\\/\\\/suresms.com\\\/en\\\/\",\"name\":\"SureSMS\",\"description\":\"Professionel SMS Gateway\",\"publisher\":{\"@id\":\"https:\\\/\\\/suresms.com\\\/en\\\/#organization\"},\"potentialAction\":[{\"@type\":\"SearchAction\",\"target\":{\"@type\":\"EntryPoint\",\"urlTemplate\":\"https:\\\/\\\/suresms.com\\\/en\\\/?s={search_term_string}\"},\"query-input\":{\"@type\":\"PropertyValueSpecification\",\"valueRequired\":true,\"valueName\":\"search_term_string\"}}],\"inLanguage\":\"es\"},{\"@type\":\"Organization\",\"@id\":\"https:\\\/\\\/suresms.com\\\/en\\\/#organization\",\"name\":\"SureSMS\",\"url\":\"https:\\\/\\\/suresms.com\\\/en\\\/\",\"logo\":{\"@type\":\"ImageObject\",\"inLanguage\":\"es\",\"@id\":\"https:\\\/\\\/suresms.com\\\/en\\\/#\\\/schema\\\/logo\\\/image\\\/\",\"url\":\"https:\\\/\\\/suresms.com\\\/wp-content\\\/uploads\\\/2024\\\/11\\\/suresms-300x65-1.png\",\"contentUrl\":\"https:\\\/\\\/suresms.com\\\/wp-content\\\/uploads\\\/2024\\\/11\\\/suresms-300x65-1.png\",\"width\":300,\"height\":65,\"caption\":\"SureSMS\"},\"image\":{\"@id\":\"https:\\\/\\\/suresms.com\\\/en\\\/#\\\/schema\\\/logo\\\/image\\\/\"},\"sameAs\":[\"https:\\\/\\\/www.facebook.com\\\/p\\\/SureSMS-100044607956149\\\/\"]}]}<\/script>\r\n<!-- \/ Yoast SEO Premium plugin. -->","yoast_head_json":{"title":"Pol\u00edtica de privacidad y cookies de SureSMS - SureSMS","description":"Pol\u00edtica de cookies y privacidad de SureSMS, C\u00f3mo utilizamos las cookies en el sitio web de SureSMS, No compartimos cookies con terceros.","robots":{"index":"index","follow":"follow","max-snippet":"max-snippet:-1","max-image-preview":"max-image-preview:large","max-video-preview":"max-video-preview:-1"},"canonical":"https:\/\/suresms.com\/es\/caracteristicas-2\/politica-de-privacidad-y-cookies\/","og_locale":"es_ES","og_type":"article","og_title":"Cookie- og privatlivspolitik for SureSMS","og_description":"Cookie og privatlivspolitik for SureSMS, Hvordan vi bruger cookies p\u00e5 SureSMS website, Vi deler ikke cookies med 3. part.","og_url":"https:\/\/suresms.com\/es\/caracteristicas-2\/politica-de-privacidad-y-cookies\/","article_publisher":"https:\/\/www.facebook.com\/p\/SureSMS-100044607956149\/","article_modified_time":"2025-01-04T23:56:41+00:00","og_image":[{"url":"https:\/\/suresms.com\/wp-content\/uploads\/2016\/02\/cookies-pc-550x281-1.jpg","type":"","width":"","height":""}],"twitter_card":"summary_large_image","twitter_misc":{"Tiempo de lectura":"4 minutos"},"schema":{"@context":"https:\/\/schema.org","@graph":[{"@type":"WebPage","@id":"https:\/\/suresms.com\/politikker\/cookie-og-privatlivspolitik-suresms\/","url":"https:\/\/suresms.com\/politikker\/cookie-og-privatlivspolitik-suresms\/","name":"Pol\u00edtica de privacidad y cookies de SureSMS - SureSMS","isPartOf":{"@id":"https:\/\/suresms.com\/en\/#website"},"primaryImageOfPage":{"@id":"https:\/\/suresms.com\/politikker\/cookie-og-privatlivspolitik-suresms\/#primaryimage"},"image":{"@id":"https:\/\/suresms.com\/politikker\/cookie-og-privatlivspolitik-suresms\/#primaryimage"},"thumbnailUrl":"https:\/\/suresms.com\/wp-content\/uploads\/2016\/02\/cookies-pc-550x281-1.jpg","datePublished":"2016-02-29T14:51:29+00:00","dateModified":"2025-01-04T23:56:41+00:00","description":"Pol\u00edtica de cookies y privacidad de SureSMS, C\u00f3mo utilizamos las cookies en el sitio web de SureSMS, No compartimos cookies con terceros.","breadcrumb":{"@id":"https:\/\/suresms.com\/politikker\/cookie-og-privatlivspolitik-suresms\/#breadcrumb"},"inLanguage":"es","potentialAction":[{"@type":"ReadAction","target":["https:\/\/suresms.com\/politikker\/cookie-og-privatlivspolitik-suresms\/"]}]},{"@type":"ImageObject","inLanguage":"es","@id":"https:\/\/suresms.com\/politikker\/cookie-og-privatlivspolitik-suresms\/#primaryimage","url":"https:\/\/suresms.com\/wp-content\/uploads\/2016\/02\/cookies-pc-550x281-1.jpg","contentUrl":"https:\/\/suresms.com\/wp-content\/uploads\/2016\/02\/cookies-pc-550x281-1.jpg"},{"@type":"BreadcrumbList","@id":"https:\/\/suresms.com\/politikker\/cookie-og-privatlivspolitik-suresms\/#breadcrumb","itemListElement":[{"@type":"ListItem","position":1,"name":"Home","item":"https:\/\/suresms.com\/dk\/"},{"@type":"ListItem","position":2,"name":"Politikker","item":"https:\/\/suresms.com\/politikker\/"},{"@type":"ListItem","position":3,"name":"Cookie- og privatlivspolitik for SureSMS"}]},{"@type":"WebSite","@id":"https:\/\/suresms.com\/en\/#website","url":"https:\/\/suresms.com\/en\/","name":"SureSMS","description":"Pasarela SMS profesional","publisher":{"@id":"https:\/\/suresms.com\/en\/#organization"},"potentialAction":[{"@type":"SearchAction","target":{"@type":"EntryPoint","urlTemplate":"https:\/\/suresms.com\/en\/?s={search_term_string}"},"query-input":{"@type":"PropertyValueSpecification","valueRequired":true,"valueName":"search_term_string"}}],"inLanguage":"es"},{"@type":"Organization","@id":"https:\/\/suresms.com\/en\/#organization","name":"SureSMS","url":"https:\/\/suresms.com\/en\/","logo":{"@type":"ImageObject","inLanguage":"es","@id":"https:\/\/suresms.com\/en\/#\/schema\/logo\/image\/","url":"https:\/\/suresms.com\/wp-content\/uploads\/2024\/11\/suresms-300x65-1.png","contentUrl":"https:\/\/suresms.com\/wp-content\/uploads\/2024\/11\/suresms-300x65-1.png","width":300,"height":65,"caption":"SureSMS"},"image":{"@id":"https:\/\/suresms.com\/en\/#\/schema\/logo\/image\/"},"sameAs":["https:\/\/www.facebook.com\/p\/SureSMS-100044607956149\/"]}]}},"_links":{"self":[{"href":"https:\/\/suresms.com\/es\/wp-json\/wp\/v2\/pages\/2043","targetHints":{"allow":["GET"]}}],"collection":[{"href":"https:\/\/suresms.com\/es\/wp-json\/wp\/v2\/pages"}],"about":[{"href":"https:\/\/suresms.com\/es\/wp-json\/wp\/v2\/types\/page"}],"author":[{"embeddable":true,"href":"https:\/\/suresms.com\/es\/wp-json\/wp\/v2\/users\/1"}],"replies":[{"embeddable":true,"href":"https:\/\/suresms.com\/es\/wp-json\/wp\/v2\/comments?post=2043"}],"version-history":[{"count":7,"href":"https:\/\/suresms.com\/es\/wp-json\/wp\/v2\/pages\/2043\/revisions"}],"predecessor-version":[{"id":20990,"href":"https:\/\/suresms.com\/es\/wp-json\/wp\/v2\/pages\/2043\/revisions\/20990"}],"up":[{"embeddable":true,"href":"https:\/\/suresms.com\/es\/wp-json\/wp\/v2\/pages\/19124"}],"wp:attachment":[{"href":"https:\/\/suresms.com\/es\/wp-json\/wp\/v2\/media?parent=2043"}],"wp:term":[{"taxonomy":"category","embeddable":true,"href":"https:\/\/suresms.com\/es\/wp-json\/wp\/v2\/categories?post=2043"},{"taxonomy":"post_tag","embeddable":true,"href":"https:\/\/suresms.com\/es\/wp-json\/wp\/v2\/tags?post=2043"}],"curies":[{"name":"wp","href":"https:\/\/api.w.org\/{rel}","templated":true}]}}