{"id":19129,"date":"2024-11-24T17:01:27","date_gmt":"2024-11-24T17:01:27","guid":{"rendered":"https:\/\/suresms.com\/?page_id=19129"},"modified":"2025-07-17T07:31:16","modified_gmt":"2025-07-17T07:31:16","slug":"politica-de-privacidad-2","status":"publish","type":"page","link":"https:\/\/suresms.com\/es\/politikker\/anti-spam\/","title":{"rendered":"Pol\u00edtica antispam"},"content":{"rendered":"<h1><strong>Pol\u00edtica antispam de SureSMS<\/strong><\/h1>\n<p>En SureSMS tenemos un <strong>pol\u00edtica de tolerancia cero<\/strong> contra el spam. El spam se define como la comunicaci\u00f3n no solicitada a usuarios de m\u00f3viles que no han dado su consentimiento expl\u00edcito (opt-in) para recibir sus mensajes SMS.<\/p>\n<p>Si tenemos conocimiento de que incumple esta pol\u00edtica, su cuenta ser\u00e1 <strong>cerrado con efecto inmediato<\/strong>. Si sospecha que uno de nuestros clientes est\u00e1 infringiendo nuestras pol\u00edticas, p\u00f3ngase en contacto con nosotros a trav\u00e9s de <strong><a rel=\"noopener\">support@suresms.com<\/a><\/strong>.<\/p>\n\t<h2>Requisitos para la autorizaci\u00f3n<\/h2>\n<p>Para utilizar SureSMS, s\u00f3lo tiene que enviar mensajes SMS a destinatarios que hayan dado un <strong>consentimiento activo<\/strong>. El consentimiento puede obtenerse, por ejemplo, mediante:<\/p>\n<ul>\n<li>El usuario del m\u00f3vil env\u00eda un SMS a un c\u00f3digo corto, por ejemplo 1245.<\/li>\n<li>Inscr\u00edbase a trav\u00e9s de un formulario en su sitio web.<\/li>\n<li>Aceptaci\u00f3n de boletines en su tienda o sitio web.<\/li>\n<li>Participaci\u00f3n en concursos en los que se indique claramente qu\u00e9 cubre el consentimiento.<\/li>\n<\/ul>\n<p>La falta de prueba del consentimiento se considera un incumplimiento material del acuerdo y su cuenta permanecer\u00e1 cerrada.<\/p>\n\t<h2>Contenidos prohibidos<\/h2>\n<p>SureSMS no permite mensajes SMS con el siguiente contenido:<\/p>\n<ul>\n<li>Pornograf\u00eda, servicios de acompa\u00f1antes o material que explote a menores de 18 a\u00f1os.<\/li>\n<li>Bienes, sustancias o actividades ilegales, incluidos programas inform\u00e1ticos pirateados e instrucciones para la fabricaci\u00f3n de armas.<\/li>\n<li>Material violento, racista, que incite al odio, amenazador, fraudulento o ilegal.<\/li>\n<li>Contenidos que violen los derechos de propiedad intelectual (derechos de autor, marcas, etc.).<\/li>\n<li>Contenidos que promocionen productos o servicios ilegales en la localidad del destinatario.<\/li>\n<li>Enlaces a virus, malware o troyanos.<\/li>\n<li>Fomentado la violencia contra individuos, grupos u organizaciones.<\/li>\n<\/ul>\n\t<h2>Procedimiento de infracci\u00f3n<\/h2>\n<p>Si sospechamos que se trata de spam, lo evaluaremos:<\/p>\n<ol>\n<li>El contenido de los mensajes SMS enviados.<\/li>\n<li>Documentaci\u00f3n del consentimiento de los usuarios de m\u00f3viles.<\/li>\n<li>La denuncia de spam y c\u00f3mo\/si el denunciante est\u00e1 inscrito.<\/li>\n<\/ol>\n<p>Si llegamos a la conclusi\u00f3n de que ha enviado spam, su cuenta se cerrar\u00e1 permanentemente.<\/p>\n\t<h2>\u00bfHa recibido spam?<\/h2>\n<p>Hacemos todo lo posible para evitar el spam, pero con m\u00e1s de 10 millones de SMS enviados cada mes, pueden producirse errores. Si ha recibido un SMS no solicitado, por favor:<\/p>\n<ol>\n<li>Cancelar la suscripci\u00f3n siguiendo las instrucciones del mensaje SMS (tarifa SMS normal).<\/li>\n<li>Reenv\u00eda el contenido del mensaje y los datos del remitente a <strong><a rel=\"noopener\">support@suresms.com<\/a><\/strong>para que podamos investigar y ponernos en contacto con el cliente.<\/li>\n<\/ol>\n<p>Su seguridad y confianza son nuestra m\u00e1xima prioridad. No toleramos ninguna violaci\u00f3n de esta pol\u00edtica.<\/p>","protected":false},"excerpt":{"rendered":"<p>Pol\u00edtica Anti-Spam de SureSMS En SureSMS tenemos una pol\u00edtica de tolerancia cero hacia el spam. El spam se define como la comunicaci\u00f3n no solicitada a usuarios de m\u00f3viles que no han dado su consentimiento expl\u00edcito (opt-in) para recibir tus mensajes SMS. Si nos damos cuenta de que est\u00e1s violando esta pol\u00edtica, tu cuenta ser\u00e1 cerrada con efecto inmediato. Si sospecha que ... <a title=\"Pol\u00edtica antispam\" class=\"read-more\" href=\"https:\/\/suresms.com\/es\/politikker\/anti-spam\/\" aria-label=\"Leer m\u00e1s sobre Pol\u00edtica antispam\">M\u00e1s informaci\u00f3n<\/a><\/p>","protected":false},"author":1,"featured_media":0,"parent":19124,"menu_order":0,"comment_status":"closed","ping_status":"closed","template":"","meta":{"_fl_builder_enabled":"1","_fl_builder_data":null,"_fl_builder_draft":null,"_fl_builder_data_settings":null,"_fl_builder_css":"","_fl_builder_css_version":"","_fl_builder_js":"","footnotes":""},"categories":[],"tags":[],"class_list":["post-19129","page","type-page","status-publish"],"yoast_head":"<!-- This site is optimized with the Yoast SEO Premium plugin v27.3 (Yoast SEO v27.3) - https:\/\/yoast.com\/product\/yoast-seo-premium-wordpress\/ -->\r\n<title>Anti-spam politik -<\/title>\r\n<meta name=\"robots\" content=\"index, follow, max-snippet:-1, max-image-preview:large, max-video-preview:-1\" \/>\r\n<link rel=\"canonical\" href=\"https:\/\/suresms.com\/es\/caracteristicas-2\/politica-de-privacidad-2\/\" \/>\r\n<meta property=\"og:locale\" content=\"es_ES\" \/>\r\n<meta property=\"og:type\" content=\"article\" \/>\r\n<meta property=\"og:title\" content=\"Anti-spam politik\" \/>\r\n<meta property=\"og:description\" content=\"SureSMS Anti-Spam Politik Hos SureSMS har vi en nultolerancepolitik over for spam. Spam defineres som uopfordret kommunikation til mobilbrugere, som ikke har givet deres eksplicitte samtykke (opt-in) til at modtage dine SMS-beskeder. Hvis vi bliver opm\u00e6rksomme p\u00e5, at du overtr\u00e6der denne politik, vil din konto blive lukket med \u00f8jeblikkelig virkning. Har du mistanke om, at ... Leer m\u00e1s\" \/>\r\n<meta property=\"og:url\" content=\"https:\/\/suresms.com\/es\/caracteristicas-2\/politica-de-privacidad-2\/\" \/>\r\n<meta property=\"article:publisher\" content=\"https:\/\/www.facebook.com\/p\/SureSMS-100044607956149\/\" \/>\r\n<meta property=\"article:modified_time\" content=\"2025-07-17T07:31:16+00:00\" \/>\r\n<meta name=\"twitter:card\" content=\"summary_large_image\" \/>\r\n<meta name=\"twitter:label1\" content=\"Tiempo de lectura\" \/>\n\t<meta name=\"twitter:data1\" content=\"2 minutos\" \/>\r\n<script type=\"application\/ld+json\" class=\"yoast-schema-graph\">{\"@context\":\"https:\\\/\\\/schema.org\",\"@graph\":[{\"@type\":\"WebPage\",\"@id\":\"https:\\\/\\\/suresms.com\\\/dk\\\/politikker\\\/anti-spam\\\/\",\"url\":\"https:\\\/\\\/suresms.com\\\/dk\\\/politikker\\\/anti-spam\\\/\",\"name\":\"Anti-spam politik -\",\"isPartOf\":{\"@id\":\"https:\\\/\\\/suresms.com\\\/en\\\/#website\"},\"datePublished\":\"2024-11-24T17:01:27+00:00\",\"dateModified\":\"2025-07-17T07:31:16+00:00\",\"breadcrumb\":{\"@id\":\"https:\\\/\\\/suresms.com\\\/dk\\\/politikker\\\/anti-spam\\\/#breadcrumb\"},\"inLanguage\":\"es\",\"potentialAction\":[{\"@type\":\"ReadAction\",\"target\":[\"https:\\\/\\\/suresms.com\\\/dk\\\/politikker\\\/anti-spam\\\/\"]}]},{\"@type\":\"BreadcrumbList\",\"@id\":\"https:\\\/\\\/suresms.com\\\/dk\\\/politikker\\\/anti-spam\\\/#breadcrumb\",\"itemListElement\":[{\"@type\":\"ListItem\",\"position\":1,\"name\":\"Home\",\"item\":\"https:\\\/\\\/suresms.com\\\/dk\\\/\"},{\"@type\":\"ListItem\",\"position\":2,\"name\":\"Politikker\",\"item\":\"https:\\\/\\\/suresms.com\\\/politikker\\\/\"},{\"@type\":\"ListItem\",\"position\":3,\"name\":\"Anti-spam politik\"}]},{\"@type\":\"WebSite\",\"@id\":\"https:\\\/\\\/suresms.com\\\/en\\\/#website\",\"url\":\"https:\\\/\\\/suresms.com\\\/en\\\/\",\"name\":\"SureSMS\",\"description\":\"Professionel SMS Gateway\",\"publisher\":{\"@id\":\"https:\\\/\\\/suresms.com\\\/en\\\/#organization\"},\"potentialAction\":[{\"@type\":\"SearchAction\",\"target\":{\"@type\":\"EntryPoint\",\"urlTemplate\":\"https:\\\/\\\/suresms.com\\\/en\\\/?s={search_term_string}\"},\"query-input\":{\"@type\":\"PropertyValueSpecification\",\"valueRequired\":true,\"valueName\":\"search_term_string\"}}],\"inLanguage\":\"es\"},{\"@type\":\"Organization\",\"@id\":\"https:\\\/\\\/suresms.com\\\/en\\\/#organization\",\"name\":\"SureSMS\",\"url\":\"https:\\\/\\\/suresms.com\\\/en\\\/\",\"logo\":{\"@type\":\"ImageObject\",\"inLanguage\":\"es\",\"@id\":\"https:\\\/\\\/suresms.com\\\/en\\\/#\\\/schema\\\/logo\\\/image\\\/\",\"url\":\"https:\\\/\\\/suresms.com\\\/wp-content\\\/uploads\\\/2024\\\/11\\\/suresms-300x65-1.png\",\"contentUrl\":\"https:\\\/\\\/suresms.com\\\/wp-content\\\/uploads\\\/2024\\\/11\\\/suresms-300x65-1.png\",\"width\":300,\"height\":65,\"caption\":\"SureSMS\"},\"image\":{\"@id\":\"https:\\\/\\\/suresms.com\\\/en\\\/#\\\/schema\\\/logo\\\/image\\\/\"},\"sameAs\":[\"https:\\\/\\\/www.facebook.com\\\/p\\\/SureSMS-100044607956149\\\/\"]}]}<\/script>\r\n<!-- \/ Yoast SEO Premium plugin. -->","yoast_head_json":{"title":"Pol\u00edtica antispam","robots":{"index":"index","follow":"follow","max-snippet":"max-snippet:-1","max-image-preview":"max-image-preview:large","max-video-preview":"max-video-preview:-1"},"canonical":"https:\/\/suresms.com\/es\/caracteristicas-2\/politica-de-privacidad-2\/","og_locale":"es_ES","og_type":"article","og_title":"Anti-spam politik","og_description":"SureSMS Anti-Spam Politik Hos SureSMS har vi en nultolerancepolitik over for spam. Spam defineres som uopfordret kommunikation til mobilbrugere, som ikke har givet deres eksplicitte samtykke (opt-in) til at modtage dine SMS-beskeder. Hvis vi bliver opm\u00e6rksomme p\u00e5, at du overtr\u00e6der denne politik, vil din konto blive lukket med \u00f8jeblikkelig virkning. Har du mistanke om, at ... Leer m\u00e1s","og_url":"https:\/\/suresms.com\/es\/caracteristicas-2\/politica-de-privacidad-2\/","article_publisher":"https:\/\/www.facebook.com\/p\/SureSMS-100044607956149\/","article_modified_time":"2025-07-17T07:31:16+00:00","twitter_card":"summary_large_image","twitter_misc":{"Tiempo de lectura":"2 minutos"},"schema":{"@context":"https:\/\/schema.org","@graph":[{"@type":"WebPage","@id":"https:\/\/suresms.com\/dk\/politikker\/anti-spam\/","url":"https:\/\/suresms.com\/dk\/politikker\/anti-spam\/","name":"Pol\u00edtica antispam","isPartOf":{"@id":"https:\/\/suresms.com\/en\/#website"},"datePublished":"2024-11-24T17:01:27+00:00","dateModified":"2025-07-17T07:31:16+00:00","breadcrumb":{"@id":"https:\/\/suresms.com\/dk\/politikker\/anti-spam\/#breadcrumb"},"inLanguage":"es","potentialAction":[{"@type":"ReadAction","target":["https:\/\/suresms.com\/dk\/politikker\/anti-spam\/"]}]},{"@type":"BreadcrumbList","@id":"https:\/\/suresms.com\/dk\/politikker\/anti-spam\/#breadcrumb","itemListElement":[{"@type":"ListItem","position":1,"name":"Home","item":"https:\/\/suresms.com\/dk\/"},{"@type":"ListItem","position":2,"name":"Politikker","item":"https:\/\/suresms.com\/politikker\/"},{"@type":"ListItem","position":3,"name":"Anti-spam politik"}]},{"@type":"WebSite","@id":"https:\/\/suresms.com\/en\/#website","url":"https:\/\/suresms.com\/en\/","name":"SureSMS","description":"Pasarela SMS profesional","publisher":{"@id":"https:\/\/suresms.com\/en\/#organization"},"potentialAction":[{"@type":"SearchAction","target":{"@type":"EntryPoint","urlTemplate":"https:\/\/suresms.com\/en\/?s={search_term_string}"},"query-input":{"@type":"PropertyValueSpecification","valueRequired":true,"valueName":"search_term_string"}}],"inLanguage":"es"},{"@type":"Organization","@id":"https:\/\/suresms.com\/en\/#organization","name":"SureSMS","url":"https:\/\/suresms.com\/en\/","logo":{"@type":"ImageObject","inLanguage":"es","@id":"https:\/\/suresms.com\/en\/#\/schema\/logo\/image\/","url":"https:\/\/suresms.com\/wp-content\/uploads\/2024\/11\/suresms-300x65-1.png","contentUrl":"https:\/\/suresms.com\/wp-content\/uploads\/2024\/11\/suresms-300x65-1.png","width":300,"height":65,"caption":"SureSMS"},"image":{"@id":"https:\/\/suresms.com\/en\/#\/schema\/logo\/image\/"},"sameAs":["https:\/\/www.facebook.com\/p\/SureSMS-100044607956149\/"]}]}},"_links":{"self":[{"href":"https:\/\/suresms.com\/es\/wp-json\/wp\/v2\/pages\/19129","targetHints":{"allow":["GET"]}}],"collection":[{"href":"https:\/\/suresms.com\/es\/wp-json\/wp\/v2\/pages"}],"about":[{"href":"https:\/\/suresms.com\/es\/wp-json\/wp\/v2\/types\/page"}],"author":[{"embeddable":true,"href":"https:\/\/suresms.com\/es\/wp-json\/wp\/v2\/users\/1"}],"replies":[{"embeddable":true,"href":"https:\/\/suresms.com\/es\/wp-json\/wp\/v2\/comments?post=19129"}],"version-history":[{"count":4,"href":"https:\/\/suresms.com\/es\/wp-json\/wp\/v2\/pages\/19129\/revisions"}],"predecessor-version":[{"id":23452,"href":"https:\/\/suresms.com\/es\/wp-json\/wp\/v2\/pages\/19129\/revisions\/23452"}],"up":[{"embeddable":true,"href":"https:\/\/suresms.com\/es\/wp-json\/wp\/v2\/pages\/19124"}],"wp:attachment":[{"href":"https:\/\/suresms.com\/es\/wp-json\/wp\/v2\/media?parent=19129"}],"wp:term":[{"taxonomy":"category","embeddable":true,"href":"https:\/\/suresms.com\/es\/wp-json\/wp\/v2\/categories?post=19129"},{"taxonomy":"post_tag","embeddable":true,"href":"https:\/\/suresms.com\/es\/wp-json\/wp\/v2\/tags?post=19129"}],"curies":[{"name":"wp","href":"https:\/\/api.w.org\/{rel}","templated":true}]}}