{"id":19124,"date":"2024-11-24T16:54:29","date_gmt":"2024-11-24T16:54:29","guid":{"rendered":"https:\/\/suresms.com\/?page_id=19124"},"modified":"2024-11-24T17:09:19","modified_gmt":"2024-11-24T17:09:19","slug":"caracteristicas-2","status":"publish","type":"page","link":"https:\/\/suresms.com\/es\/politikker\/","title":{"rendered":"Pol\u00edticas"},"content":{"rendered":"<!-- Flexy Breadcrumb -->\r\n\t\t\t<div class=\"fbc fbc-page\">\r\n\r\n\t\t\t\t<!-- Breadcrumb wrapper -->\r\n\t\t\t\t<div class=\"fbc-wrap\">\r\n\r\n\t\t\t\t\t<!-- Ordered list-->\r\n\t\t\t\t\t<ol class=\"fbc-items\" itemscope itemtype=\"https:\/\/schema.org\/BreadcrumbList\">\r\n\t\t\t\t\t\t            <li itemprop=\"itemListElement\" itemscope itemtype=\"https:\/\/schema.org\/ListItem\">\r\n                <span itemprop=\"name\">\r\n                    <!-- Home Link -->\r\n                    <a itemprop=\"item\" href=\"https:\/\/suresms.com\/es\/\">\r\n                    \r\n                                                    <i class=\"fa fa-home\" aria-hidden=\"true\"><\/i>Inicio                    <\/a>\r\n                <\/span>\r\n                <meta itemprop=\"position\" content=\"1\" \/><!-- Meta Position-->\r\n             <\/li><li><span class=\"fbc-separator\">\/<\/span><\/li><li class=\"active\" itemprop=\"itemListElement\" itemscope itemtype=\"https:\/\/schema.org\/ListItem\"><span itemprop=\"name\" title=\"Pol\u00edticas\">Pol\u00edticas<\/span><meta itemprop=\"position\" content=\"2\" \/><\/li>\t\t\t\t\t<\/ol>\r\n\t\t\t\t\t<div class=\"clearfix\"><\/div>\r\n\t\t\t\t<\/div>\r\n\t\t\t<\/div>\r\n\t\t\t\n\t<h1>Pol\u00edticas<\/h1>\n<p>En SureSMS valoramos la transparencia y la responsabilidad. Hemos reunido aqu\u00ed nuestras pol\u00edticas para que puedas encontrar f\u00e1cilmente informaci\u00f3n sobre c\u00f3mo protegemos tus derechos, gestionamos los datos y garantizamos que nuestros servicios cumplen los est\u00e1ndares m\u00e1s exigentes.<\/p>\n<h3>Nuestras pol\u00edticas<\/h3>\n<ul>\n<li><strong><a href=\"https:\/\/suresms.com\/es\/acerca-de-suresms\/politica-de-privacidad\/\">Pol\u00edtica de privacidad<\/a>:<\/strong> Nos tomamos muy en serio su privacidad. Lea c\u00f3mo protegemos sus datos personales y nos aseguramos de que se procesan de acuerdo con la legislaci\u00f3n aplicable.<\/li>\n<li><strong><a href=\"https:\/\/suresms.com\/es\/gdpr\/\">Pol\u00edtica de tratamiento de datos<\/a>:<\/strong> Garantizamos un tratamiento seguro y responsable de sus datos, incluidos el almacenamiento, el tratamiento y el intercambio de informaci\u00f3n.<\/li>\n<li><strong><a href=\"https:\/\/suresms.com\/es\/acerca-de-suresms\/politica-de-privacidad-y-cookies\/\">Cookies y seguimiento<\/a>:<\/strong> Para ofrecerle la mejor experiencia de usuario, utilizamos cookies. Aqu\u00ed puedes leer c\u00f3mo se utilizan y c\u00f3mo puedes personalizar tus preferencias.<\/li>\n<li><strong><a href=\"https:\/\/suresms.com\/es\/caracteristicas-2\/politica-de-privacidad-2\/\">Pol\u00edtica antispam<\/a>:<\/strong> Respetamos su bandeja de entrada. Vea c\u00f3mo trabajamos para evitar el spam y garantizar solo comunicaciones relevantes.<\/li>\n<\/ul>\n<p>Si tiene alguna duda o desea m\u00e1s informaci\u00f3n sobre nuestra pol\u00edtica, no dude en ponerse en contacto con nosotros. Nuestro objetivo es que se sienta seguro y bien informado al utilizar nuestros servicios.<\/p>","protected":false},"excerpt":{"rendered":"<p>Pol\u00edticas En SureSMS valoramos la transparencia y la responsabilidad. Hemos reunido aqu\u00ed nuestras pol\u00edticas para que puedas encontrar f\u00e1cilmente informaci\u00f3n sobre c\u00f3mo protegemos tus derechos, gestionamos los datos y garantizamos que nuestros servicios cumplen los est\u00e1ndares m\u00e1s exigentes. Nuestras pol\u00edticas Pol\u00edtica de privacidad: Nos tomamos muy en serio tu privacidad. Lea c\u00f3mo protegemos sus datos personales ... <a title=\"Pol\u00edticas\" class=\"read-more\" href=\"https:\/\/suresms.com\/es\/politikker\/\" aria-label=\"Leer m\u00e1s sobre Politikker\">M\u00e1s informaci\u00f3n<\/a><\/p>","protected":false},"author":1,"featured_media":0,"parent":0,"menu_order":3,"comment_status":"closed","ping_status":"closed","template":"","meta":{"_fl_builder_enabled":"1","_fl_builder_data":null,"_fl_builder_draft":null,"_fl_builder_data_settings":null,"_fl_builder_css":"","_fl_builder_css_version":"","_fl_builder_js":"","footnotes":""},"categories":[],"tags":[],"class_list":["post-19124","page","type-page","status-publish"],"yoast_head":"<!-- This site is optimized with the Yoast SEO Premium plugin v27.3 (Yoast SEO v27.3) - https:\/\/yoast.com\/product\/yoast-seo-premium-wordpress\/ -->\r\n<title>Sms markedsf\u00f8ring | Hvad betyder dette ? \u2192 Brug suresms.com<\/title>\r\n<meta name=\"description\" content=\"Hvad betyder det? F\u00e5 den n\u00f8dvendige hj\u00e6lp lige her til sms markedsf\u00f8ring. Suresms.com giver gode r\u00e5d, n\u00e5r det g\u00e6lder markedsf\u00f8ring.\" \/>\r\n<meta name=\"robots\" content=\"index, follow, max-snippet:-1, max-image-preview:large, max-video-preview:-1\" \/>\r\n<link rel=\"canonical\" href=\"https:\/\/suresms.com\/es\/caracteristicas-2\/\" \/>\r\n<meta property=\"og:locale\" content=\"es_ES\" \/>\r\n<meta property=\"og:type\" content=\"article\" \/>\r\n<meta property=\"og:title\" content=\"Fleksibele SMS l\u00f8sninger til udviklere og virksomheder\" \/>\r\n<meta property=\"og:description\" content=\"Se de mange funktioner og features, som f\u00f8lger med vores SureSMS L\u00f8sning. Find inspiration til , hvordan du let kan bruge SMS&#039;er til kkommunikation med alle typer brugere og systemer.\" \/>\r\n<meta property=\"og:url\" content=\"https:\/\/suresms.com\/es\/caracteristicas-2\/\" \/>\r\n<meta property=\"article:publisher\" content=\"https:\/\/www.facebook.com\/p\/SureSMS-100044607956149\/\" \/>\r\n<meta property=\"article:modified_time\" content=\"2024-11-24T17:09:19+00:00\" \/>\r\n<meta property=\"og:image\" content=\"https:\/\/suresms.com\/wp-content\/uploads\/2016\/06\/SMS-til-butikker.jpg\" \/>\r\n\t<meta property=\"og:image:width\" content=\"400\" \/>\r\n\t<meta property=\"og:image:height\" content=\"266\" \/>\r\n\t<meta property=\"og:image:type\" content=\"image\/jpeg\" \/>\r\n<meta name=\"twitter:card\" content=\"summary_large_image\" \/>\r\n<meta name=\"twitter:title\" content=\"Politikker\" \/>\r\n<meta name=\"twitter:label1\" content=\"Tiempo de lectura\" \/>\n\t<meta name=\"twitter:data1\" content=\"7 minutos\" \/>\r\n<script type=\"application\/ld+json\" class=\"yoast-schema-graph\">{\"@context\":\"https:\\\/\\\/schema.org\",\"@graph\":[{\"@type\":\"WebPage\",\"@id\":\"https:\\\/\\\/suresms.com\\\/politikker\\\/\",\"url\":\"https:\\\/\\\/suresms.com\\\/politikker\\\/\",\"name\":\"Sms markedsf\u00f8ring | Hvad betyder dette ? \u2192 Brug suresms.com\",\"isPartOf\":{\"@id\":\"https:\\\/\\\/suresms.com\\\/en\\\/#website\"},\"datePublished\":\"2024-11-24T16:54:29+00:00\",\"dateModified\":\"2024-11-24T17:09:19+00:00\",\"description\":\"Hvad betyder det? F\u00e5 den n\u00f8dvendige hj\u00e6lp lige her til sms markedsf\u00f8ring. Suresms.com giver gode r\u00e5d, n\u00e5r det g\u00e6lder markedsf\u00f8ring.\",\"breadcrumb\":{\"@id\":\"https:\\\/\\\/suresms.com\\\/politikker\\\/#breadcrumb\"},\"inLanguage\":\"es\",\"potentialAction\":[{\"@type\":\"ReadAction\",\"target\":[\"https:\\\/\\\/suresms.com\\\/politikker\\\/\"]}]},{\"@type\":\"BreadcrumbList\",\"@id\":\"https:\\\/\\\/suresms.com\\\/politikker\\\/#breadcrumb\",\"itemListElement\":[{\"@type\":\"ListItem\",\"position\":1,\"name\":\"Home\",\"item\":\"https:\\\/\\\/suresms.com\\\/dk\\\/\"},{\"@type\":\"ListItem\",\"position\":2,\"name\":\"Politikker\"}]},{\"@type\":\"WebSite\",\"@id\":\"https:\\\/\\\/suresms.com\\\/en\\\/#website\",\"url\":\"https:\\\/\\\/suresms.com\\\/en\\\/\",\"name\":\"SureSMS\",\"description\":\"Professionel SMS Gateway\",\"publisher\":{\"@id\":\"https:\\\/\\\/suresms.com\\\/en\\\/#organization\"},\"potentialAction\":[{\"@type\":\"SearchAction\",\"target\":{\"@type\":\"EntryPoint\",\"urlTemplate\":\"https:\\\/\\\/suresms.com\\\/en\\\/?s={search_term_string}\"},\"query-input\":{\"@type\":\"PropertyValueSpecification\",\"valueRequired\":true,\"valueName\":\"search_term_string\"}}],\"inLanguage\":\"es\"},{\"@type\":\"Organization\",\"@id\":\"https:\\\/\\\/suresms.com\\\/en\\\/#organization\",\"name\":\"SureSMS\",\"url\":\"https:\\\/\\\/suresms.com\\\/en\\\/\",\"logo\":{\"@type\":\"ImageObject\",\"inLanguage\":\"es\",\"@id\":\"https:\\\/\\\/suresms.com\\\/en\\\/#\\\/schema\\\/logo\\\/image\\\/\",\"url\":\"https:\\\/\\\/suresms.com\\\/wp-content\\\/uploads\\\/2024\\\/11\\\/suresms-300x65-1.png\",\"contentUrl\":\"https:\\\/\\\/suresms.com\\\/wp-content\\\/uploads\\\/2024\\\/11\\\/suresms-300x65-1.png\",\"width\":300,\"height\":65,\"caption\":\"SureSMS\"},\"image\":{\"@id\":\"https:\\\/\\\/suresms.com\\\/en\\\/#\\\/schema\\\/logo\\\/image\\\/\"},\"sameAs\":[\"https:\\\/\\\/www.facebook.com\\\/p\\\/SureSMS-100044607956149\\\/\"]}]}<\/script>\r\n<!-- \/ Yoast SEO Premium plugin. -->","yoast_head_json":{"title":"Marketing por SMS | \u00bfQu\u00e9 significa esto? \u2192 Utiliza suresms.com","description":"\u00bfQu\u00e9 significa? Obtenga aqu\u00ed la ayuda que necesita para el marketing por SMS. Suresms.com ofrece grandes consejos cuando se trata de marketing.","robots":{"index":"index","follow":"follow","max-snippet":"max-snippet:-1","max-image-preview":"max-image-preview:large","max-video-preview":"max-video-preview:-1"},"canonical":"https:\/\/suresms.com\/es\/caracteristicas-2\/","og_locale":"es_ES","og_type":"article","og_title":"Fleksibele SMS l\u00f8sninger til udviklere og virksomheder","og_description":"Se de mange funktioner og features, som f\u00f8lger med vores SureSMS L\u00f8sning. Find inspiration til , hvordan du let kan bruge SMS'er til kkommunikation med alle typer brugere og systemer.","og_url":"https:\/\/suresms.com\/es\/caracteristicas-2\/","article_publisher":"https:\/\/www.facebook.com\/p\/SureSMS-100044607956149\/","article_modified_time":"2024-11-24T17:09:19+00:00","og_image":[{"width":400,"height":266,"url":"https:\/\/suresms.com\/wp-content\/uploads\/2016\/06\/SMS-til-butikker.jpg","type":"image\/jpeg"}],"twitter_card":"summary_large_image","twitter_title":"Politikker","twitter_misc":{"Tiempo de lectura":"7 minutos"},"schema":{"@context":"https:\/\/schema.org","@graph":[{"@type":"WebPage","@id":"https:\/\/suresms.com\/politikker\/","url":"https:\/\/suresms.com\/politikker\/","name":"Marketing por SMS | \u00bfQu\u00e9 significa esto? \u2192 Utiliza suresms.com","isPartOf":{"@id":"https:\/\/suresms.com\/en\/#website"},"datePublished":"2024-11-24T16:54:29+00:00","dateModified":"2024-11-24T17:09:19+00:00","description":"\u00bfQu\u00e9 significa? Obtenga aqu\u00ed la ayuda que necesita para el marketing por SMS. Suresms.com ofrece grandes consejos cuando se trata de marketing.","breadcrumb":{"@id":"https:\/\/suresms.com\/politikker\/#breadcrumb"},"inLanguage":"es","potentialAction":[{"@type":"ReadAction","target":["https:\/\/suresms.com\/politikker\/"]}]},{"@type":"BreadcrumbList","@id":"https:\/\/suresms.com\/politikker\/#breadcrumb","itemListElement":[{"@type":"ListItem","position":1,"name":"Home","item":"https:\/\/suresms.com\/dk\/"},{"@type":"ListItem","position":2,"name":"Politikker"}]},{"@type":"WebSite","@id":"https:\/\/suresms.com\/en\/#website","url":"https:\/\/suresms.com\/en\/","name":"SureSMS","description":"Pasarela SMS profesional","publisher":{"@id":"https:\/\/suresms.com\/en\/#organization"},"potentialAction":[{"@type":"SearchAction","target":{"@type":"EntryPoint","urlTemplate":"https:\/\/suresms.com\/en\/?s={search_term_string}"},"query-input":{"@type":"PropertyValueSpecification","valueRequired":true,"valueName":"search_term_string"}}],"inLanguage":"es"},{"@type":"Organization","@id":"https:\/\/suresms.com\/en\/#organization","name":"SureSMS","url":"https:\/\/suresms.com\/en\/","logo":{"@type":"ImageObject","inLanguage":"es","@id":"https:\/\/suresms.com\/en\/#\/schema\/logo\/image\/","url":"https:\/\/suresms.com\/wp-content\/uploads\/2024\/11\/suresms-300x65-1.png","contentUrl":"https:\/\/suresms.com\/wp-content\/uploads\/2024\/11\/suresms-300x65-1.png","width":300,"height":65,"caption":"SureSMS"},"image":{"@id":"https:\/\/suresms.com\/en\/#\/schema\/logo\/image\/"},"sameAs":["https:\/\/www.facebook.com\/p\/SureSMS-100044607956149\/"]}]}},"_links":{"self":[{"href":"https:\/\/suresms.com\/es\/wp-json\/wp\/v2\/pages\/19124","targetHints":{"allow":["GET"]}}],"collection":[{"href":"https:\/\/suresms.com\/es\/wp-json\/wp\/v2\/pages"}],"about":[{"href":"https:\/\/suresms.com\/es\/wp-json\/wp\/v2\/types\/page"}],"author":[{"embeddable":true,"href":"https:\/\/suresms.com\/es\/wp-json\/wp\/v2\/users\/1"}],"replies":[{"embeddable":true,"href":"https:\/\/suresms.com\/es\/wp-json\/wp\/v2\/comments?post=19124"}],"version-history":[{"count":4,"href":"https:\/\/suresms.com\/es\/wp-json\/wp\/v2\/pages\/19124\/revisions"}],"predecessor-version":[{"id":19138,"href":"https:\/\/suresms.com\/es\/wp-json\/wp\/v2\/pages\/19124\/revisions\/19138"}],"wp:attachment":[{"href":"https:\/\/suresms.com\/es\/wp-json\/wp\/v2\/media?parent=19124"}],"wp:term":[{"taxonomy":"category","embeddable":true,"href":"https:\/\/suresms.com\/es\/wp-json\/wp\/v2\/categories?post=19124"},{"taxonomy":"post_tag","embeddable":true,"href":"https:\/\/suresms.com\/es\/wp-json\/wp\/v2\/tags?post=19124"}],"curies":[{"name":"wp","href":"https:\/\/api.w.org\/{rel}","templated":true}]}}