{"id":19014,"date":"2024-11-19T19:02:34","date_gmt":"2024-11-19T19:02:34","guid":{"rendered":"https:\/\/suresms.com\/?page_id=19014"},"modified":"2025-01-04T23:12:33","modified_gmt":"2025-01-04T23:12:33","slug":"solucion-sms-para-sistemas-bibliotecarios-compartidos-2","status":"publish","type":"page","link":"https:\/\/suresms.com\/es\/integrationer\/fagsystem-sms-integration\/businnes-central\/","title":{"rendered":"Soluci\u00f3n SMS para Business Central"},"content":{"rendered":"<h1>\n\t\tCentro de negocios\n\t<\/h1>\n<p><strong>Integraci\u00f3n con Business Central: comunicaci\u00f3n eficaz por SMS<\/strong><\/p>\n<p>Nuestro m\u00f3dulo SMS para Business Central ofrece a las empresas una forma sencilla y eficaz de integrar la comunicaci\u00f3n por SMS directamente en su sistema empresarial actual. Esta integraci\u00f3n est\u00e1 dise\u00f1ada para facilitar a las empresas el env\u00edo y seguimiento de mensajes SMS, ya sea a clientes, socios o empleados. Esto es lo que puede esperar:<\/p>\n<hr \/>\n<h3><strong>Caracter\u00edsticas y opciones<\/strong><\/h3>\n<p><strong>1. Enviar SMS directamente desde Business Central<\/strong><\/p>\n<ul>\n<li>Env\u00ede mensajes desde distintos m\u00f3dulos, como pedidos de venta, presupuestos y \u00f3rdenes de servicio.<\/li>\n<li>Configure mensajes predeterminados para iniciar y finalizar pedidos, por ejemplo, \"Su art\u00edculo est\u00e1 listo para ser recogido\".<\/li>\n<\/ul>\n<p><strong>2. Registro y actualizaci\u00f3n de la situaci\u00f3n<\/strong><\/p>\n<ul>\n<li>Todos los mensajes enviados se almacenan en un registro desde el que se puede ver y recuperar el estado de la entrega.<\/li>\n<li>Opci\u00f3n de actualizar manualmente el estado para saber si se han entregado los mensajes.<\/li>\n<\/ul>\n<p><strong>3. 3. Procesos automatizados<\/strong><\/p>\n<ul>\n<li>Establezca reglas para qu\u00e9 n\u00fameros de m\u00f3vil se utilizan, por ejemplo, del deudor o de una persona de contacto por defecto.<\/li>\n<li>Herramientas de elaboraci\u00f3n de informes para la distribuci\u00f3n masiva basada en criterios espec\u00edficos, por ejemplo, para campa\u00f1as o recordatorios.<\/li>\n<\/ul>\n<p><strong>4. Soluci\u00f3n en la nube u on-prem<\/strong><\/p>\n<ul>\n<li>El m\u00f3dulo funciona tanto en instalaciones en la nube como en instalaciones locales de Business Central.<\/li>\n<\/ul>\n<hr \/>\n<h3><strong>Ventajas de la integraci\u00f3n<\/strong><\/h3>\n<ul>\n<li><strong>Ahorro de tiempo:<\/strong> Evite el inicio de sesi\u00f3n manual en plataformas de SMS externas. Todo est\u00e1 disponible directamente en Business Central.<\/li>\n<li><strong>Mejor experiencia del cliente:<\/strong> Mantenga informados a sus clientes con mensajes r\u00e1pidos y precisos sobre el estado de los pedidos y las citas.<\/li>\n<li><strong>Administraci\u00f3n clara:<\/strong> Obt\u00e9n una visi\u00f3n completa de tus mensajes SMS con actualizaciones de registro y estado.<\/li>\n<li><strong>Flexibilidad:<\/strong> Adapte los mensajes a sus necesidades y procesos espec\u00edficos.<\/li>\n<\/ul>\n<hr \/>\n<h3><strong>Precio<\/strong><\/h3>\n<p>El m\u00f3dulo cuesta <strong>100 coronas al mes<\/strong>. Con este bajo precio, puede ahorrar tiempo y agilizar su comunicaci\u00f3n. Para las empresas que ya utilizan SMS como parte de sus operaciones, el ahorro en tiempo de trabajo y recursos es significativo.<\/p>\n<hr \/>\n<h3><strong>Empezar<\/strong><\/h3>\n<p>P\u00f3ngase en contacto con nosotros para una demostraci\u00f3n o si tiene alguna pregunta sobre c\u00f3mo puede implantarse el m\u00f3dulo en su soluci\u00f3n. Estaremos encantados de ayudarle a configurarlo y personalizarlo para adaptarlo a las necesidades de su empresa.<\/p>\n<p>Rellene el siguiente formulario o ll\u00e1menos hoy mismo para obtener m\u00e1s informaci\u00f3n.<\/p>","protected":false},"excerpt":{"rendered":"<p>Integraci\u00f3n de Business Central para Business Central: comunicaci\u00f3n eficaz por SMS Nuestro m\u00f3dulo SMS para Business Central ofrece a las empresas una forma sencilla y eficaz de integrar la comunicaci\u00f3n por SMS directamente en su sistema empresarial actual. Esta integraci\u00f3n est\u00e1 dise\u00f1ada para facilitar a las empresas el env\u00edo y seguimiento de mensajes SMS, ya sea a clientes, socios o empleados. He aqu\u00ed c\u00f3mo... <a title=\"Soluci\u00f3n SMS para Business Central\" class=\"read-more\" href=\"https:\/\/suresms.com\/es\/integrationer\/fagsystem-sms-integration\/businnes-central\/\" aria-label=\"Leer m\u00e1s sobre Soluci\u00f3n SMS para Business Central\">M\u00e1s informaci\u00f3n<\/a><\/p>","protected":false},"author":1,"featured_media":0,"parent":18069,"menu_order":0,"comment_status":"closed","ping_status":"closed","template":"","meta":{"_fl_builder_enabled":"1","_fl_builder_data":null,"_fl_builder_draft":null,"_fl_builder_data_settings":null,"_fl_builder_css":"","_fl_builder_css_version":"","_fl_builder_js":"","footnotes":""},"categories":[],"tags":[],"class_list":["post-19014","page","type-page","status-publish"],"yoast_head":"<!-- This site is optimized with the Yoast SEO Premium plugin v27.3 (Yoast SEO v27.3) - https:\/\/yoast.com\/product\/yoast-seo-premium-wordpress\/ -->\r\n<title>Fbs \u2192 Nem oprettelse og hurtige resultater med dette system<\/title>\r\n<meta name=\"description\" content=\"Find et nemt online system med SMS services og f\u00e5 hurtigt kontakt til dine kunder. Ny og effektiv SMS l\u00f8sning til fbs.\" \/>\r\n<meta name=\"robots\" content=\"index, follow, max-snippet:-1, max-image-preview:large, max-video-preview:-1\" \/>\r\n<link rel=\"canonical\" href=\"https:\/\/suresms.com\/es\/integraciones\/cms-sistema-de-gestion-de-contenidos-integracion-sms-2\/solucion-sms-para-sistemas-bibliotecarios-compartidos-2\/\" \/>\r\n<meta property=\"og:locale\" content=\"es_ES\" \/>\r\n<meta property=\"og:type\" content=\"article\" \/>\r\n<meta property=\"og:title\" content=\"SMS L\u00f8sning til F\u00e6lles Bibliotekssystem (FBS) Cicero\" \/>\r\n<meta property=\"og:description\" content=\"Lige nu udrulles Cicero (FBS) p\u00e5 folkebiblioteker og p\u00e6dagogiske l\u00e6ringscentre rundt omkring i landet. SureSMS leverer en kvalitets SMS l\u00f8sning fuldt integrerbar med det nye system. Nem ops\u00e6tning, gratis oprettelse og intet abonnement. 14 \u00f8re pr. SMS.\" \/>\r\n<meta property=\"og:url\" content=\"https:\/\/suresms.com\/es\/integraciones\/cms-sistema-de-gestion-de-contenidos-integracion-sms-2\/solucion-sms-para-sistemas-bibliotecarios-compartidos-2\/\" \/>\r\n<meta property=\"article:publisher\" content=\"https:\/\/www.facebook.com\/p\/SureSMS-100044607956149\/\" \/>\r\n<meta property=\"article:modified_time\" content=\"2025-01-04T23:12:33+00:00\" \/>\r\n<meta property=\"og:image\" content=\"https:\/\/suresms.com\/wp-content\/uploads\/2016\/10\/SMS-Loesning-til-FBS-1.jpg\" \/>\r\n\t<meta property=\"og:image:width\" content=\"1200\" \/>\r\n\t<meta property=\"og:image:height\" content=\"600\" \/>\r\n\t<meta property=\"og:image:type\" content=\"image\/jpeg\" \/>\r\n<meta name=\"twitter:card\" content=\"summary_large_image\" \/>\r\n<meta name=\"twitter:title\" content=\"SMS l\u00f8sning til Business Central\" \/>\r\n<meta name=\"twitter:label1\" content=\"Tiempo de lectura\" \/>\n\t<meta name=\"twitter:data1\" content=\"5 minutos\" \/>\r\n<script type=\"application\/ld+json\" class=\"yoast-schema-graph\">{\"@context\":\"https:\\\/\\\/schema.org\",\"@graph\":[{\"@type\":\"WebPage\",\"@id\":\"https:\\\/\\\/suresms.com\\\/dk\\\/integrationer\\\/fagsystem-sms-integration\\\/businnes-central\\\/\",\"url\":\"https:\\\/\\\/suresms.com\\\/dk\\\/integrationer\\\/fagsystem-sms-integration\\\/businnes-central\\\/\",\"name\":\"Fbs \u2192 Nem oprettelse og hurtige resultater med dette system\",\"isPartOf\":{\"@id\":\"https:\\\/\\\/suresms.com\\\/en\\\/#website\"},\"datePublished\":\"2024-11-19T19:02:34+00:00\",\"dateModified\":\"2025-01-04T23:12:33+00:00\",\"description\":\"Find et nemt online system med SMS services og f\u00e5 hurtigt kontakt til dine kunder. Ny og effektiv SMS l\u00f8sning til fbs.\",\"breadcrumb\":{\"@id\":\"https:\\\/\\\/suresms.com\\\/dk\\\/integrationer\\\/fagsystem-sms-integration\\\/businnes-central\\\/#breadcrumb\"},\"inLanguage\":\"es\",\"potentialAction\":[{\"@type\":\"ReadAction\",\"target\":[\"https:\\\/\\\/suresms.com\\\/dk\\\/integrationer\\\/fagsystem-sms-integration\\\/businnes-central\\\/\"]}]},{\"@type\":\"BreadcrumbList\",\"@id\":\"https:\\\/\\\/suresms.com\\\/dk\\\/integrationer\\\/fagsystem-sms-integration\\\/businnes-central\\\/#breadcrumb\",\"itemListElement\":[{\"@type\":\"ListItem\",\"position\":1,\"name\":\"Home\",\"item\":\"https:\\\/\\\/suresms.com\\\/dk\\\/\"},{\"@type\":\"ListItem\",\"position\":2,\"name\":\"Integrationer\",\"item\":\"https:\\\/\\\/suresms.com\\\/dk\\\/integrationer\\\/\"},{\"@type\":\"ListItem\",\"position\":3,\"name\":\"SMS integration til fagsystemer\",\"item\":\"https:\\\/\\\/suresms.com\\\/dk\\\/integrationer\\\/fagsystem-sms-integration\\\/\"},{\"@type\":\"ListItem\",\"position\":4,\"name\":\"SMS l\u00f8sning til Business Central\"}]},{\"@type\":\"WebSite\",\"@id\":\"https:\\\/\\\/suresms.com\\\/en\\\/#website\",\"url\":\"https:\\\/\\\/suresms.com\\\/en\\\/\",\"name\":\"SureSMS\",\"description\":\"Professionel SMS Gateway\",\"publisher\":{\"@id\":\"https:\\\/\\\/suresms.com\\\/en\\\/#organization\"},\"potentialAction\":[{\"@type\":\"SearchAction\",\"target\":{\"@type\":\"EntryPoint\",\"urlTemplate\":\"https:\\\/\\\/suresms.com\\\/en\\\/?s={search_term_string}\"},\"query-input\":{\"@type\":\"PropertyValueSpecification\",\"valueRequired\":true,\"valueName\":\"search_term_string\"}}],\"inLanguage\":\"es\"},{\"@type\":\"Organization\",\"@id\":\"https:\\\/\\\/suresms.com\\\/en\\\/#organization\",\"name\":\"SureSMS\",\"url\":\"https:\\\/\\\/suresms.com\\\/en\\\/\",\"logo\":{\"@type\":\"ImageObject\",\"inLanguage\":\"es\",\"@id\":\"https:\\\/\\\/suresms.com\\\/en\\\/#\\\/schema\\\/logo\\\/image\\\/\",\"url\":\"https:\\\/\\\/suresms.com\\\/wp-content\\\/uploads\\\/2024\\\/11\\\/suresms-300x65-1.png\",\"contentUrl\":\"https:\\\/\\\/suresms.com\\\/wp-content\\\/uploads\\\/2024\\\/11\\\/suresms-300x65-1.png\",\"width\":300,\"height\":65,\"caption\":\"SureSMS\"},\"image\":{\"@id\":\"https:\\\/\\\/suresms.com\\\/en\\\/#\\\/schema\\\/logo\\\/image\\\/\"},\"sameAs\":[\"https:\\\/\\\/www.facebook.com\\\/p\\\/SureSMS-100044607956149\\\/\"]}]}<\/script>\r\n<!-- \/ Yoast SEO Premium plugin. -->","yoast_head_json":{"title":"Fbs \u2192 Creaci\u00f3n f\u00e1cil y resultados r\u00e1pidos con este sistema.","description":"Encuentre un sencillo sistema en l\u00ednea con servicios SMS y conecte r\u00e1pidamente con sus clientes. Nueva y eficaz soluci\u00f3n de SMS para fbs.","robots":{"index":"index","follow":"follow","max-snippet":"max-snippet:-1","max-image-preview":"max-image-preview:large","max-video-preview":"max-video-preview:-1"},"canonical":"https:\/\/suresms.com\/es\/integraciones\/cms-sistema-de-gestion-de-contenidos-integracion-sms-2\/solucion-sms-para-sistemas-bibliotecarios-compartidos-2\/","og_locale":"es_ES","og_type":"article","og_title":"SMS L\u00f8sning til F\u00e6lles Bibliotekssystem (FBS) Cicero","og_description":"Lige nu udrulles Cicero (FBS) p\u00e5 folkebiblioteker og p\u00e6dagogiske l\u00e6ringscentre rundt omkring i landet. SureSMS leverer en kvalitets SMS l\u00f8sning fuldt integrerbar med det nye system. Nem ops\u00e6tning, gratis oprettelse og intet abonnement. 14 \u00f8re pr. SMS.","og_url":"https:\/\/suresms.com\/es\/integraciones\/cms-sistema-de-gestion-de-contenidos-integracion-sms-2\/solucion-sms-para-sistemas-bibliotecarios-compartidos-2\/","article_publisher":"https:\/\/www.facebook.com\/p\/SureSMS-100044607956149\/","article_modified_time":"2025-01-04T23:12:33+00:00","og_image":[{"width":1200,"height":600,"url":"https:\/\/suresms.com\/wp-content\/uploads\/2016\/10\/SMS-Loesning-til-FBS-1.jpg","type":"image\/jpeg"}],"twitter_card":"summary_large_image","twitter_title":"SMS l\u00f8sning til Business Central","twitter_misc":{"Tiempo de lectura":"5 minutos"},"schema":{"@context":"https:\/\/schema.org","@graph":[{"@type":"WebPage","@id":"https:\/\/suresms.com\/dk\/integrationer\/fagsystem-sms-integration\/businnes-central\/","url":"https:\/\/suresms.com\/dk\/integrationer\/fagsystem-sms-integration\/businnes-central\/","name":"Fbs \u2192 Creaci\u00f3n f\u00e1cil y resultados r\u00e1pidos con este sistema.","isPartOf":{"@id":"https:\/\/suresms.com\/en\/#website"},"datePublished":"2024-11-19T19:02:34+00:00","dateModified":"2025-01-04T23:12:33+00:00","description":"Encuentre un sencillo sistema en l\u00ednea con servicios SMS y conecte r\u00e1pidamente con sus clientes. Nueva y eficaz soluci\u00f3n de SMS para fbs.","breadcrumb":{"@id":"https:\/\/suresms.com\/dk\/integrationer\/fagsystem-sms-integration\/businnes-central\/#breadcrumb"},"inLanguage":"es","potentialAction":[{"@type":"ReadAction","target":["https:\/\/suresms.com\/dk\/integrationer\/fagsystem-sms-integration\/businnes-central\/"]}]},{"@type":"BreadcrumbList","@id":"https:\/\/suresms.com\/dk\/integrationer\/fagsystem-sms-integration\/businnes-central\/#breadcrumb","itemListElement":[{"@type":"ListItem","position":1,"name":"Home","item":"https:\/\/suresms.com\/dk\/"},{"@type":"ListItem","position":2,"name":"Integrationer","item":"https:\/\/suresms.com\/dk\/integrationer\/"},{"@type":"ListItem","position":3,"name":"SMS integration til fagsystemer","item":"https:\/\/suresms.com\/dk\/integrationer\/fagsystem-sms-integration\/"},{"@type":"ListItem","position":4,"name":"SMS l\u00f8sning til Business Central"}]},{"@type":"WebSite","@id":"https:\/\/suresms.com\/en\/#website","url":"https:\/\/suresms.com\/en\/","name":"SureSMS","description":"Pasarela SMS profesional","publisher":{"@id":"https:\/\/suresms.com\/en\/#organization"},"potentialAction":[{"@type":"SearchAction","target":{"@type":"EntryPoint","urlTemplate":"https:\/\/suresms.com\/en\/?s={search_term_string}"},"query-input":{"@type":"PropertyValueSpecification","valueRequired":true,"valueName":"search_term_string"}}],"inLanguage":"es"},{"@type":"Organization","@id":"https:\/\/suresms.com\/en\/#organization","name":"SureSMS","url":"https:\/\/suresms.com\/en\/","logo":{"@type":"ImageObject","inLanguage":"es","@id":"https:\/\/suresms.com\/en\/#\/schema\/logo\/image\/","url":"https:\/\/suresms.com\/wp-content\/uploads\/2024\/11\/suresms-300x65-1.png","contentUrl":"https:\/\/suresms.com\/wp-content\/uploads\/2024\/11\/suresms-300x65-1.png","width":300,"height":65,"caption":"SureSMS"},"image":{"@id":"https:\/\/suresms.com\/en\/#\/schema\/logo\/image\/"},"sameAs":["https:\/\/www.facebook.com\/p\/SureSMS-100044607956149\/"]}]}},"_links":{"self":[{"href":"https:\/\/suresms.com\/es\/wp-json\/wp\/v2\/pages\/19014","targetHints":{"allow":["GET"]}}],"collection":[{"href":"https:\/\/suresms.com\/es\/wp-json\/wp\/v2\/pages"}],"about":[{"href":"https:\/\/suresms.com\/es\/wp-json\/wp\/v2\/types\/page"}],"author":[{"embeddable":true,"href":"https:\/\/suresms.com\/es\/wp-json\/wp\/v2\/users\/1"}],"replies":[{"embeddable":true,"href":"https:\/\/suresms.com\/es\/wp-json\/wp\/v2\/comments?post=19014"}],"version-history":[{"count":5,"href":"https:\/\/suresms.com\/es\/wp-json\/wp\/v2\/pages\/19014\/revisions"}],"predecessor-version":[{"id":19883,"href":"https:\/\/suresms.com\/es\/wp-json\/wp\/v2\/pages\/19014\/revisions\/19883"}],"up":[{"embeddable":true,"href":"https:\/\/suresms.com\/es\/wp-json\/wp\/v2\/pages\/18069"}],"wp:attachment":[{"href":"https:\/\/suresms.com\/es\/wp-json\/wp\/v2\/media?parent=19014"}],"wp:term":[{"taxonomy":"category","embeddable":true,"href":"https:\/\/suresms.com\/es\/wp-json\/wp\/v2\/categories?post=19014"},{"taxonomy":"post_tag","embeddable":true,"href":"https:\/\/suresms.com\/es\/wp-json\/wp\/v2\/tags?post=19014"}],"curies":[{"name":"wp","href":"https:\/\/api.w.org\/{rel}","templated":true}]}}