{"id":18649,"date":"2016-03-02T16:42:36","date_gmt":"2016-03-02T14:42:36","guid":{"rendered":"https:\/\/www.suresms.com\/dk\/?page_id=2100"},"modified":"2025-11-13T14:19:35","modified_gmt":"2025-11-13T14:19:35","slug":"grupo-sms","status":"publish","type":"page","link":"https:\/\/suresms.com\/es\/funktioner\/gruppe-sms\/","title":{"rendered":"SMS de grupo: Crear y enviar a grupos"},"content":{"rendered":"<!-- Flexy Breadcrumb -->\r\n\t\t\t<div class=\"fbc fbc-page\">\r\n\r\n\t\t\t\t<!-- Breadcrumb wrapper -->\r\n\t\t\t\t<div class=\"fbc-wrap\">\r\n\r\n\t\t\t\t\t<!-- Ordered list-->\r\n\t\t\t\t\t<ol class=\"fbc-items\" itemscope itemtype=\"https:\/\/schema.org\/BreadcrumbList\">\r\n\t\t\t\t\t\t            <li itemprop=\"itemListElement\" itemscope itemtype=\"https:\/\/schema.org\/ListItem\">\r\n                <span itemprop=\"name\">\r\n                    <!-- Home Link -->\r\n                    <a itemprop=\"item\" href=\"https:\/\/suresms.com\/es\/\">\r\n                    \r\n                                                    <i class=\"fa fa-home\" aria-hidden=\"true\"><\/i>Inicio                    <\/a>\r\n                <\/span>\r\n                <meta itemprop=\"position\" content=\"1\" \/><!-- Meta Position-->\r\n             <\/li><li><span class=\"fbc-separator\">\/<\/span><\/li><li class=\"active\" itemprop=\"itemListElement\" itemscope itemtype=\"https:\/\/schema.org\/ListItem\"><span itemprop=\"name\" title=\"SMS de grupo: Crear y enviar a grupos\">Grupo SMS: Crear y...<\/span><meta itemprop=\"position\" content=\"2\" \/><\/li>\t\t\t\t\t<\/ol>\r\n\t\t\t\t\t<div class=\"clearfix\"><\/div>\r\n\t\t\t\t<\/div>\r\n\t\t\t<\/div>\r\n\t\t\t\n\t<h1><strong>SMS de grupo... Una funci\u00f3n, muchas posibilidades<\/strong><\/h1>\n\t\t\t\t<img decoding=\"async\" src=\"https:\/\/suresms.com\/wp-content\/uploads\/2020\/11\/TeenagersTexting-1-1.png\" alt=\"Grupo SMS\" itemprop=\"image\" height=\"311\" width=\"948\" title=\"AdolescentesEnviar mensajes de texto\" onerror=\"this.style.display='none'\" loading=\"lazy\" \/>\n\t<h4>Grupos - Listas - Clubes de clientes - Boletines... \u00a1Tiene muchos nombres! Con una cuenta de SMS de grupo con SureSMS, puedes enviar f\u00e1cil y r\u00e1pidamente muchos mensajes a clientes, usuarios, empleados, miembros y m\u00e1s. Lee a continuaci\u00f3n c\u00f3mo tener \u00e9xito con los SMS de grupo.<\/h4>\n\t<p>\u00bfNo es lo que buscabas? A continuaci\u00f3n encontrar\u00e1s dos gu\u00edas r\u00e1pidas sobre SMS de grupo en Android y iPhone.<\/p>\n\t\t\t\t\t<a href=\"#\"  id=\"fl-accordion--label-0\" tabindex=\"0\" aria-controls=\"fl-accordion--panel-0\">SMS en grupo en Android<\/a>\n\t\t\t\t\t\t\t\t\t\t\t<a href=\"#\" id=\"fl-accordion--icon-0\"  tabindex=\"0\"><i title=\"Ampliar\">Ampliar<\/i><\/a>\n\t\t\t\t\t<h2>SMS en grupo en Android<\/h2>\n<p>Es posible enviar un SMS a un grupo desde la aplicaci\u00f3n habitual de SMS de tu tel\u00e9fono Android. La forma exacta de hacerlo depende un poco de la interfaz de usuario, tanto de la versi\u00f3n de Android como del tel\u00e9fono que tengas. Pero, en general, esta gu\u00eda funciona si eres un poco creativo a la hora de entender la intenci\u00f3n. A veces los botones est\u00e1n en lugares diferentes y tienen nombres ligeramente distintos.<\/p>\n<p>La desventaja de los SMS en grupo en Android es que las respuestas van al hilo del individuo. As\u00ed que no puedes ver las respuestas a tu SMS en el mismo hilo en el que fue enviado.<\/p>\n<p>En primer lugar, tienes que cambiar la forma de enviar los mensajes de grupo:<\/p>\n<ol>\n<li>\n<ol>\n<li>Primero tienes que abrir \"Mensajes\".<\/li>\n<\/ol>\n<\/li>\n<\/ol>\n<p>&nbsp;<\/p>\n<ol>\n<li>\n<ol>\n<li>A continuaci\u00f3n, pulse m\u00e1s <img decoding=\"async\" src=\"https:\/\/lh3.googleusercontent.com\/371ki_ho7Q7_dJxxV12NuChwxiAZagKhHiP1EKLXEGmTJjm5pOTKd9hkWdvSZm5eKw=w36-h36\" alt=\"M\u00e1s\" \/> y luego en<\/li>\n<\/ol>\n<\/li>\n<\/ol>\n<p>&nbsp;<\/p>\n<ol>\n<li>\n<ol>\n<li>Ajustes y preferencias <img loading=\"lazy\" decoding=\"async\" src=\"https:\/\/lh3.googleusercontent.com\/3_l97rr0GvhSP2XV5OoCkV2ZDTIisAOczrSdzNCBxhIKWrjXjHucxNwocghoUa39gw=w36-h36\" alt=\"Grupo SMS paso 2\" width=\"24\" height=\"24\" \/>Avanzado <img loading=\"lazy\" decoding=\"async\" src=\"https:\/\/lh3.googleusercontent.com\/3_l97rr0GvhSP2XV5OoCkV2ZDTIisAOczrSdzNCBxhIKWrjXjHucxNwocghoUa39gw=w36-h36\" alt=\"Grupo SMS paso 1\" width=\"24\" height=\"24\" \/>Mensajer\u00eda de grupo<\/li>\n<\/ol>\n<\/li>\n<\/ol>\n<p>&nbsp;<\/p>\n<ol>\n<li>\n<ol>\n<li>A continuaci\u00f3n, selecciona \"SMS masivos\" o \"SMS de grupo\" por defecto.<\/li>\n<\/ol>\n<\/li>\n<\/ol>\n<p>&nbsp;<\/p>\n<p>Ahora puedes seleccionar varios destinatarios o grupos al crear un nuevo SMS.<\/p>\n<p>&nbsp;<\/p>\n\t\t\t\t\t<a href=\"#\"  id=\"fl-accordion--label-0\" tabindex=\"0\" aria-controls=\"fl-accordion--panel-0\">SMS de grupo en iPhone<\/a>\n\t\t\t\t\t\t\t\t\t\t\t<a href=\"#\" id=\"fl-accordion--icon-0\"  tabindex=\"0\"><i title=\"Ampliar\">Ampliar<\/i><\/a>\n\t\t\t\t\t<p>Apple ha creado una gu\u00eda muy \u00fatil para enviar SMS en grupo desde el iPhone. Puedes verla aqu\u00ed: <a href=\"https:\/\/support.apple.com\/da-dk\/HT202724\" target=\"_blank\" rel=\"noopener\">SMS en grupo desde iPhone.<\/a><\/p>\n\t<h2>Acerca de los sms de grupo<\/h2>\n<p>El env\u00edo de mensajes de texto en grupo a clientes, usuarios, miembros y otros grupos es una de las funciones m\u00e1s utilizadas de nuestra soluci\u00f3n. Ya sea una empresa que env\u00eda ofertas a sus clientes, una organizaci\u00f3n que env\u00eda boletines y eventos a sus miembros o una empresa de trabajo temporal que env\u00eda informaci\u00f3n a sus empleados sobre los pr\u00f3ximos turnos. Los grupos y las listas son una forma sencilla y barata de enviar informaci\u00f3n que realmente lee el destinatario.<\/p>\n<p>Accede a nuestro remitente de SMS directamente desde nuestro sitio web. Desde aqu\u00ed es f\u00e1cil y r\u00e1pido crear un grupo y enviar mensajes SMS a todo el grupo. Ahorrar\u00e1 tiempo de escritura y obtendr\u00e1 una visi\u00f3n general r\u00e1pida y sencilla de los mensajes SMS enviados. Y puede hacerlo directamente desde su ordenador.<\/p>\n\t<h2>Las ventajas de los SMS en grupo<\/h2>\n\n<ul> \t\n<li>Todos sus destinatarios reciben la informaci\u00f3n que necesitan al instante.<\/li>\n\n<li>Decida su propio nombre de remitente, p. ej. Biblioteca - Esto proporciona la marca de su propia empresa\/producto.<\/li>\n\n<li>Fusionar funciones - por ejemplo, \"Querida Nina...\" u otra informaci\u00f3n<\/li>\n\n<li>Importe f\u00e1cilmente todos los destinatarios desde Excel (mediante archivos .csv).<\/li>\n\n<li>Programe sus env\u00edos de SMS y difunda su informaci\u00f3n en el momento adecuado.<\/li>\n\n<li>Crea grupos y contactos ilimitados.<\/li>\n\n<li>Vea un historial del estado de entrega a todos sus destinatarios.<\/li>\n<\/ul>\n<p>Si prefieres trabajar desde un iPad, una tableta o un tel\u00e9fono m\u00f3vil, no hay problema. Nuestra interfaz web funciona desde todos los dispositivos y en todos los navegadores.<\/p>\n\t<p>Vea nuestro breve v\u00eddeo de instrucciones a continuaci\u00f3n:<\/p>\n\t\t\t\t\t<video src=\"https:\/\/suresms.com\/wp-content\/uploads\/2024\/10\/Dokumentation-Skabeloner-i-beskeder.mp4\" alt=\"hosted-video-thumbnail\"><\/video>\n\t<p><strong>Crear contactos y grupos:<\/strong><\/p>\n<ol>\n<li>Crea tus contactos en la agenda.<\/li>\n<li>Crea un grupo y selecciona los contactos que deben estar en \u00e9l.<\/li>\n<li>Escriba su mensaje y pulse enviar.<\/li>\n<li>Ha enviado un SMS de grupo.<\/li>\n<\/ol>\nA la izquierda puedes crear r\u00e1pidamente una cuenta de prueba con 50 SMS gratuitos y probar t\u00fa mismo los SMS en grupo.\u00a0<strong><br \/>\n<\/strong>\n<p>Tambi\u00e9n puede leer todo el <a href=\"https:\/\/suresms.com\/es\/docs\/cuenta-4\/nombre-de-la-estacion-6\/\">la gu\u00eda aqu\u00ed.\u00a0<\/a><\/p>\n\t<h3>M\u00e1s funciones con SMS de grupo.<\/h3>\n\t<ul>\n\t\t<li>\t\t\t\t\n\t\t<h3>Todos los grupos que quieras<\/h3><p>En nuestro remitente GroupSMS, no hay l\u00edmites en el n\u00famero de grupos. Puedes crear todos los grupos que quieras. Todos los destinatarios pueden estar en el mismo grupo y puedes tener grupos con pocas personas.<\/p><\/li><li>\t\t\t\t\n\t\t<h3>Todos los destinatarios que quieras<\/h3><p>No hay l\u00edmite en el n\u00famero de destinatarios. Puedes crear tantos destinatarios como quieras. Algunos de nuestros clientes tienen hasta 100.000 destinatarios en su grupo y env\u00edan un SMS a todos los destinatarios a la vez.<\/p><\/li><li>\t\t\t\t\n\t\t<h3>Facilidad de inscripci\u00f3n<\/h3><p>Hay muchas formas de unirse a un grupo. Hemos hecho que puedas poner el formulario de inscripci\u00f3n en tu propio sitio web, que puedas inscribirte por SMS o correo electr\u00f3nico, y tambi\u00e9n hemos hecho que puedas usar f\u00e1cilmente un c\u00f3digo QR para inscribirte si est\u00e1s en una tienda f\u00edsica, por ejemplo.<\/p><\/li><li>\t\t\t\t\n\t\t<h3>Enviar por SMS<\/h3><p>Nuestro SMS de grupo tambi\u00e9n explora el env\u00edo a trav\u00e9s de SMS. Esto significa que env\u00edas un SMS a SureSMS, que a su vez env\u00eda el mismo SMS a toda la lista.<\/p><\/li>\t<\/ul>\n\t<p>&nbsp;<\/p>\n<p><a href=\"mailto:support@suresms.com\">Escr\u00edbanos<\/a>si tienes alguna duda sobre la funci\u00f3n de SMS en grupo.<\/p>\n\t<h4><strong>\u00a0Aqu\u00ed puedes leer algunos ejemplos de c\u00f3mo nuestros clientes utilizan la funci\u00f3n \"SMS de grupo\" en la actualidad<\/strong><\/h4>\n\n<ul> \t\n<li>Una mediana empresa de transportes de Jutlandia utiliza SMS en grupo para enviar asignaciones de trabajo a sus conductores. Los SMS enviados contienen informaci\u00f3n log\u00edstica sobre mercanc\u00edas, ubicaci\u00f3n y recogida.<\/li>\n\n<li>Una empresa de juegos en l\u00ednea gana nuevos clientes enviando a sus usuarios mensajes de texto en grupo con enlaces a posibles juegos en l\u00ednea.<\/li>\n\n<li>En un hospital dan\u00e9s, el responsable del comedor env\u00eda peri\u00f3dicamente mensajes de texto en grupo al afortunado personal sobre eventos sociales y acontecimientos importantes: \"\u00a1Hoy hay tarta en el comedor!\". o \"\u00a1Ma\u00f1ana celebramos el verano con una barbacoa los viernes en el patio!\".<\/li>\n<\/ul>","protected":false},"excerpt":{"rendered":"<p>Grupo SMS... Una funci\u00f3n - muchas posibilidades Grupos - Listas - Clubes de clientes - Boletines... \u00a1Tiene muchos nombres! Con una cuenta de SMS de Grupo con SureSMS puedes enviar f\u00e1cil y r\u00e1pidamente muchos mensajes a clientes, usuarios, empleados, miembros y m\u00e1s. Lea a continuaci\u00f3n c\u00f3mo tener \u00e9xito con los SMS de grupo. \u00bfNo es eso lo que ... <a title=\"SMS de grupo: Crear y enviar a grupos\" class=\"read-more\" href=\"https:\/\/suresms.com\/es\/funktioner\/gruppe-sms\/\" aria-label=\"Leer m\u00e1s sobre SMS de grupo: Crear y enviar a grupos\">M\u00e1s informaci\u00f3n<\/a><\/p>","protected":false},"author":1,"featured_media":0,"parent":958,"menu_order":12,"comment_status":"closed","ping_status":"closed","template":"","meta":{"_fl_builder_enabled":"1","_fl_builder_data":null,"_fl_builder_draft":null,"_fl_builder_data_settings":null,"_fl_builder_css":"","_fl_builder_css_version":"","_fl_builder_js":"","footnotes":""},"categories":[17],"tags":[],"class_list":{"0":"post-18649","1":"page","2":"type-page","3":"status-publish","5":"category-linkfracornorstone"},"yoast_head":"<!-- This site is optimized with the Yoast SEO Premium plugin v27.3 (Yoast SEO v27.3) - https:\/\/yoast.com\/product\/yoast-seo-premium-wordpress\/ -->\r\n<title>Gruppe SMS: Opret &amp; send til grupper - gratis konto<\/title>\r\n<meta name=\"description\" content=\"L\u00e6s om vores gruppe SMS sender og dens utallige gratis funktioner. Kraftig og fleksibel .SMS gateway med ubegr\u00e6nset antal grupper.\" \/>\r\n<meta name=\"robots\" content=\"index, follow, max-snippet:-1, max-image-preview:large, max-video-preview:-1\" \/>\r\n<link rel=\"canonical\" href=\"https:\/\/suresms.com\/es\/caracteristicas\/grupo-sms\/\" \/>\r\n<meta property=\"og:locale\" content=\"es_ES\" \/>\r\n<meta property=\"og:type\" content=\"article\" \/>\r\n<meta property=\"og:title\" content=\"Gruppe SMS: Opret &amp; send til grupper\" \/>\r\n<meta property=\"og:description\" content=\"L\u00e6s om vores gruppe SMS sender og dens utallige gratis funktioner. Kraftig og fleksibel .SMS gateway med ubegr\u00e6nset antal grupper.\" \/>\r\n<meta property=\"og:url\" content=\"https:\/\/suresms.com\/es\/caracteristicas\/grupo-sms\/\" \/>\r\n<meta property=\"article:publisher\" content=\"https:\/\/www.facebook.com\/p\/SureSMS-100044607956149\/\" \/>\r\n<meta property=\"article:modified_time\" content=\"2025-11-13T14:19:35+00:00\" \/>\r\n<meta property=\"og:image\" content=\"https:\/\/suresms.com\/wp-content\/uploads\/2020\/11\/TeenagersTexting-1-1.png\" \/>\r\n<meta name=\"twitter:card\" content=\"summary_large_image\" \/>\r\n<meta name=\"twitter:label1\" content=\"Tiempo de lectura\" \/>\n\t<meta name=\"twitter:data1\" content=\"7 minutos\" \/>\r\n<script type=\"application\/ld+json\" class=\"yoast-schema-graph\">{\"@context\":\"https:\\\/\\\/schema.org\",\"@graph\":[{\"@type\":\"WebPage\",\"@id\":\"https:\\\/\\\/suresms.com\\\/dk\\\/funktioner\\\/gruppe-sms\\\/\",\"url\":\"https:\\\/\\\/suresms.com\\\/dk\\\/funktioner\\\/gruppe-sms\\\/\",\"name\":\"Gruppe SMS: Opret &amp; send til grupper - gratis konto\",\"isPartOf\":{\"@id\":\"https:\\\/\\\/suresms.com\\\/en\\\/#website\"},\"primaryImageOfPage\":{\"@id\":\"https:\\\/\\\/suresms.com\\\/dk\\\/funktioner\\\/gruppe-sms\\\/#primaryimage\"},\"image\":{\"@id\":\"https:\\\/\\\/suresms.com\\\/dk\\\/funktioner\\\/gruppe-sms\\\/#primaryimage\"},\"thumbnailUrl\":\"https:\\\/\\\/suresms.com\\\/wp-content\\\/uploads\\\/2020\\\/11\\\/TeenagersTexting-1-1.png\",\"datePublished\":\"2016-03-02T14:42:36+00:00\",\"dateModified\":\"2025-11-13T14:19:35+00:00\",\"description\":\"L\u00e6s om vores gruppe SMS sender og dens utallige gratis funktioner. Kraftig og fleksibel .SMS gateway med ubegr\u00e6nset antal grupper.\",\"breadcrumb\":{\"@id\":\"https:\\\/\\\/suresms.com\\\/dk\\\/funktioner\\\/gruppe-sms\\\/#breadcrumb\"},\"inLanguage\":\"es\",\"potentialAction\":[{\"@type\":\"ReadAction\",\"target\":[\"https:\\\/\\\/suresms.com\\\/dk\\\/funktioner\\\/gruppe-sms\\\/\"]}]},{\"@type\":\"ImageObject\",\"inLanguage\":\"es\",\"@id\":\"https:\\\/\\\/suresms.com\\\/dk\\\/funktioner\\\/gruppe-sms\\\/#primaryimage\",\"url\":\"https:\\\/\\\/suresms.com\\\/wp-content\\\/uploads\\\/2020\\\/11\\\/TeenagersTexting-1-1.png\",\"contentUrl\":\"https:\\\/\\\/suresms.com\\\/wp-content\\\/uploads\\\/2020\\\/11\\\/TeenagersTexting-1-1.png\"},{\"@type\":\"BreadcrumbList\",\"@id\":\"https:\\\/\\\/suresms.com\\\/dk\\\/funktioner\\\/gruppe-sms\\\/#breadcrumb\",\"itemListElement\":[{\"@type\":\"ListItem\",\"position\":1,\"name\":\"Home\",\"item\":\"https:\\\/\\\/suresms.com\\\/dk\\\/\"},{\"@type\":\"ListItem\",\"position\":2,\"name\":\"Funktioner\",\"item\":\"https:\\\/\\\/suresms.com\\\/dk\\\/funktioner\\\/\"},{\"@type\":\"ListItem\",\"position\":3,\"name\":\"Gruppe SMS: Opret &amp; send til grupper\"}]},{\"@type\":\"WebSite\",\"@id\":\"https:\\\/\\\/suresms.com\\\/en\\\/#website\",\"url\":\"https:\\\/\\\/suresms.com\\\/en\\\/\",\"name\":\"SureSMS\",\"description\":\"Professionel SMS Gateway\",\"publisher\":{\"@id\":\"https:\\\/\\\/suresms.com\\\/en\\\/#organization\"},\"potentialAction\":[{\"@type\":\"SearchAction\",\"target\":{\"@type\":\"EntryPoint\",\"urlTemplate\":\"https:\\\/\\\/suresms.com\\\/en\\\/?s={search_term_string}\"},\"query-input\":{\"@type\":\"PropertyValueSpecification\",\"valueRequired\":true,\"valueName\":\"search_term_string\"}}],\"inLanguage\":\"es\"},{\"@type\":\"Organization\",\"@id\":\"https:\\\/\\\/suresms.com\\\/en\\\/#organization\",\"name\":\"SureSMS\",\"url\":\"https:\\\/\\\/suresms.com\\\/en\\\/\",\"logo\":{\"@type\":\"ImageObject\",\"inLanguage\":\"es\",\"@id\":\"https:\\\/\\\/suresms.com\\\/en\\\/#\\\/schema\\\/logo\\\/image\\\/\",\"url\":\"https:\\\/\\\/suresms.com\\\/wp-content\\\/uploads\\\/2024\\\/11\\\/suresms-300x65-1.png\",\"contentUrl\":\"https:\\\/\\\/suresms.com\\\/wp-content\\\/uploads\\\/2024\\\/11\\\/suresms-300x65-1.png\",\"width\":300,\"height\":65,\"caption\":\"SureSMS\"},\"image\":{\"@id\":\"https:\\\/\\\/suresms.com\\\/en\\\/#\\\/schema\\\/logo\\\/image\\\/\"},\"sameAs\":[\"https:\\\/\\\/www.facebook.com\\\/p\\\/SureSMS-100044607956149\\\/\"]}]}<\/script>\r\n<!-- \/ Yoast SEO Premium plugin. -->","yoast_head_json":{"title":"Group SMS: Crear y enviar a grupos - cuenta gratuita","description":"Conozca nuestro remitente de SMS de grupo y sus innumerables funciones gratuitas. Pasarela .SMS potente y flexible con grupos ilimitados.","robots":{"index":"index","follow":"follow","max-snippet":"max-snippet:-1","max-image-preview":"max-image-preview:large","max-video-preview":"max-video-preview:-1"},"canonical":"https:\/\/suresms.com\/es\/caracteristicas\/grupo-sms\/","og_locale":"es_ES","og_type":"article","og_title":"Gruppe SMS: Opret &amp; send til grupper","og_description":"L\u00e6s om vores gruppe SMS sender og dens utallige gratis funktioner. Kraftig og fleksibel .SMS gateway med ubegr\u00e6nset antal grupper.","og_url":"https:\/\/suresms.com\/es\/caracteristicas\/grupo-sms\/","article_publisher":"https:\/\/www.facebook.com\/p\/SureSMS-100044607956149\/","article_modified_time":"2025-11-13T14:19:35+00:00","og_image":[{"url":"https:\/\/suresms.com\/wp-content\/uploads\/2020\/11\/TeenagersTexting-1-1.png","type":"","width":"","height":""}],"twitter_card":"summary_large_image","twitter_misc":{"Tiempo de lectura":"7 minutos"},"schema":{"@context":"https:\/\/schema.org","@graph":[{"@type":"WebPage","@id":"https:\/\/suresms.com\/dk\/funktioner\/gruppe-sms\/","url":"https:\/\/suresms.com\/dk\/funktioner\/gruppe-sms\/","name":"Group SMS: Crear y enviar a grupos - cuenta gratuita","isPartOf":{"@id":"https:\/\/suresms.com\/en\/#website"},"primaryImageOfPage":{"@id":"https:\/\/suresms.com\/dk\/funktioner\/gruppe-sms\/#primaryimage"},"image":{"@id":"https:\/\/suresms.com\/dk\/funktioner\/gruppe-sms\/#primaryimage"},"thumbnailUrl":"https:\/\/suresms.com\/wp-content\/uploads\/2020\/11\/TeenagersTexting-1-1.png","datePublished":"2016-03-02T14:42:36+00:00","dateModified":"2025-11-13T14:19:35+00:00","description":"Conozca nuestro remitente de SMS de grupo y sus innumerables funciones gratuitas. Pasarela .SMS potente y flexible con grupos ilimitados.","breadcrumb":{"@id":"https:\/\/suresms.com\/dk\/funktioner\/gruppe-sms\/#breadcrumb"},"inLanguage":"es","potentialAction":[{"@type":"ReadAction","target":["https:\/\/suresms.com\/dk\/funktioner\/gruppe-sms\/"]}]},{"@type":"ImageObject","inLanguage":"es","@id":"https:\/\/suresms.com\/dk\/funktioner\/gruppe-sms\/#primaryimage","url":"https:\/\/suresms.com\/wp-content\/uploads\/2020\/11\/TeenagersTexting-1-1.png","contentUrl":"https:\/\/suresms.com\/wp-content\/uploads\/2020\/11\/TeenagersTexting-1-1.png"},{"@type":"BreadcrumbList","@id":"https:\/\/suresms.com\/dk\/funktioner\/gruppe-sms\/#breadcrumb","itemListElement":[{"@type":"ListItem","position":1,"name":"Home","item":"https:\/\/suresms.com\/dk\/"},{"@type":"ListItem","position":2,"name":"Funktioner","item":"https:\/\/suresms.com\/dk\/funktioner\/"},{"@type":"ListItem","position":3,"name":"Gruppe SMS: Opret &amp; send til grupper"}]},{"@type":"WebSite","@id":"https:\/\/suresms.com\/en\/#website","url":"https:\/\/suresms.com\/en\/","name":"SureSMS","description":"Pasarela SMS profesional","publisher":{"@id":"https:\/\/suresms.com\/en\/#organization"},"potentialAction":[{"@type":"SearchAction","target":{"@type":"EntryPoint","urlTemplate":"https:\/\/suresms.com\/en\/?s={search_term_string}"},"query-input":{"@type":"PropertyValueSpecification","valueRequired":true,"valueName":"search_term_string"}}],"inLanguage":"es"},{"@type":"Organization","@id":"https:\/\/suresms.com\/en\/#organization","name":"SureSMS","url":"https:\/\/suresms.com\/en\/","logo":{"@type":"ImageObject","inLanguage":"es","@id":"https:\/\/suresms.com\/en\/#\/schema\/logo\/image\/","url":"https:\/\/suresms.com\/wp-content\/uploads\/2024\/11\/suresms-300x65-1.png","contentUrl":"https:\/\/suresms.com\/wp-content\/uploads\/2024\/11\/suresms-300x65-1.png","width":300,"height":65,"caption":"SureSMS"},"image":{"@id":"https:\/\/suresms.com\/en\/#\/schema\/logo\/image\/"},"sameAs":["https:\/\/www.facebook.com\/p\/SureSMS-100044607956149\/"]}]}},"_links":{"self":[{"href":"https:\/\/suresms.com\/es\/wp-json\/wp\/v2\/pages\/18649","targetHints":{"allow":["GET"]}}],"collection":[{"href":"https:\/\/suresms.com\/es\/wp-json\/wp\/v2\/pages"}],"about":[{"href":"https:\/\/suresms.com\/es\/wp-json\/wp\/v2\/types\/page"}],"author":[{"embeddable":true,"href":"https:\/\/suresms.com\/es\/wp-json\/wp\/v2\/users\/1"}],"replies":[{"embeddable":true,"href":"https:\/\/suresms.com\/es\/wp-json\/wp\/v2\/comments?post=18649"}],"version-history":[{"count":9,"href":"https:\/\/suresms.com\/es\/wp-json\/wp\/v2\/pages\/18649\/revisions"}],"predecessor-version":[{"id":23543,"href":"https:\/\/suresms.com\/es\/wp-json\/wp\/v2\/pages\/18649\/revisions\/23543"}],"up":[{"embeddable":true,"href":"https:\/\/suresms.com\/es\/wp-json\/wp\/v2\/pages\/958"}],"wp:attachment":[{"href":"https:\/\/suresms.com\/es\/wp-json\/wp\/v2\/media?parent=18649"}],"wp:term":[{"taxonomy":"category","embeddable":true,"href":"https:\/\/suresms.com\/es\/wp-json\/wp\/v2\/categories?post=18649"},{"taxonomy":"post_tag","embeddable":true,"href":"https:\/\/suresms.com\/es\/wp-json\/wp\/v2\/tags?post=18649"}],"curies":[{"name":"wp","href":"https:\/\/api.w.org\/{rel}","templated":true}]}}