{"id":18648,"date":"2015-12-14T15:47:13","date_gmt":"2015-12-14T13:47:13","guid":{"rendered":"https:\/\/www.suresms.com\/dk\/?page_id=1404"},"modified":"2024-12-05T15:38:05","modified_gmt":"2024-12-05T15:38:05","slug":"enviar-mensajes-de-texto-temporizados","status":"publish","type":"page","link":"https:\/\/suresms.com\/es\/funktioner\/send-tidsindstillede-sms-beskeder\/","title":{"rendered":"Mensajes SMS programados - Programar mensajes"},"content":{"rendered":"<!-- Flexy Breadcrumb -->\r\n\t\t\t<div class=\"fbc fbc-page\">\r\n\r\n\t\t\t\t<!-- Breadcrumb wrapper -->\r\n\t\t\t\t<div class=\"fbc-wrap\">\r\n\r\n\t\t\t\t\t<!-- Ordered list-->\r\n\t\t\t\t\t<ol class=\"fbc-items\" itemscope itemtype=\"https:\/\/schema.org\/BreadcrumbList\">\r\n\t\t\t\t\t\t            <li itemprop=\"itemListElement\" itemscope itemtype=\"https:\/\/schema.org\/ListItem\">\r\n                <span itemprop=\"name\">\r\n                    <!-- Home Link -->\r\n                    <a itemprop=\"item\" href=\"https:\/\/suresms.com\/es\/\">\r\n                    \r\n                                                    <i class=\"fa fa-home\" aria-hidden=\"true\"><\/i>Inicio                    <\/a>\r\n                <\/span>\r\n                <meta itemprop=\"position\" content=\"1\" \/><!-- Meta Position-->\r\n             <\/li><li><span class=\"fbc-separator\">\/<\/span><\/li><li class=\"active\" itemprop=\"itemListElement\" itemscope itemtype=\"https:\/\/schema.org\/ListItem\"><span itemprop=\"name\" title=\"Mensajes SMS programados - Programar mensajes\">Mensajes SMS cronometrados -...<\/span><meta itemprop=\"position\" content=\"2\" \/><\/li>\t\t\t\t\t<\/ol>\r\n\t\t\t\t\t<div class=\"clearfix\"><\/div>\r\n\t\t\t\t<\/div>\r\n\t\t\t<\/div>\r\n\t\t\t\n<h2>\n\t\tProgramaci\u00f3n de mensajes\n\t<\/h2>\n\t<p>SureSMS tiene un calendario integrado. Esta funci\u00f3n te permite decidir y establecer cu\u00e1ndo se env\u00edan tus mensajes.<\/p>\n\t\t<h3>Recordatorios por SMS<\/h3><p>Probablemente el uso m\u00e1s com\u00fan de las pasarelas SMS en Dinamarca hoy en d\u00eda sea el env\u00edo de recordatorios. Probablemente lo conozcas de tu peluquer\u00eda, dentista, mec\u00e1nico, biblioteca y muchos otros sitios.<\/p>\n<p>Normalmente, el sistema utilizado por la peluquer\u00eda, el dentista o la biblioteca (el sistema fuente) est\u00e1 conectado a una pasarela SMS. Cuando se produce un evento en el sistema fuente -por ejemplo, la devoluci\u00f3n de un libro-, el sistema fuente env\u00eda un mensaje a la pasarela SMS para que env\u00ede un mensaje. La responsabilidad de la pasarela SMS es garantizar la entrega del mensaje por SMS.<\/p>\n\t\t<h3>Programa el env\u00edo de tus SMS<\/h3><p>Permitir que nuestra pasarela env\u00ede mensajes y recordatorios programados a sus usuarios es una funci\u00f3n f\u00e1cil y sencilla que muchos de nuestros clientes disfrutan.<\/p>\n<p>Ya sea el profesor de yoga enviando mensajes sobre las clases o el dentista enviando notificaciones sobre las revisiones. Es una funci\u00f3n cl\u00e1sica de Gateway con muchas posibilidades.<\/p>\n\t\t<h3>Programar el env\u00edo a listas<\/h3><p>SureSMS tiene una funci\u00f3n PREMIUM que permite configurar los mensajes para que se env\u00eden diariamente, entre semana, semanalmente, mensualmente o anualmente. Y con nosotros, \u00a1todos nuestros clientes son clientes Premium!<\/p>\n\t\t<h3>El ordenador no debe estar encendido<\/h3><p>El sistema enviar\u00e1 los mensajes independientemente de si su ordenador est\u00e1 encendido o no, porque el mensaje ya est\u00e1 en nuestro servidor.<\/p>\n<p>Y nuestros servidores est\u00e1n SIEMPRE encendidos.<\/p>\n\t\t<h3>Deshacer mensajes programados<\/h3><p>Siempre puedes volver a borrar los mensajes cuyo env\u00edo hayas programado. Al igual que tienes una Bandeja de entrada y una Bandeja de salida en tu cliente de correo, tambi\u00e9n tienes una carpeta \"Mensajes programados\" donde se almacenan todos los mensajes que has programado en el futuro. Es f\u00e1cil y claro encontrar y editar el mensaje.<\/p>\n\t<iframe loading=\"lazy\" src=\"https:\/\/youtube.com\/embed\/98gDGwR5hYU?rel=0\" width=\"560\" height=\"315\" frameborder=\"0\" allowfullscreen=\"allowfullscreen\"><\/iframe>\n\t<p><strong>Qu\u00e9 f\u00e1cil es programar el env\u00edo de SMS<\/strong><\/p>\n<ol>\n<li>Escriba su mensaje en el campo de texto<\/li>\n<li>Haga clic en el bot\u00f3n \"M\u00e1s\" del men\u00fa<\/li>\n<li>Seleccionar fecha y hora de env\u00edo<\/li>\n<li>Haga clic en enviar.<\/li>\n<\/ol>\n<p>\u00bfA\u00fan no tiene una cuenta? Desde esta p\u00e1gina puede crear r\u00e1pidamente una cuenta de prueba con 50 SMS gratuitos.<\/p>\n\t<h4><strong>Aqu\u00ed puedes leer algunos ejemplos de c\u00f3mo nuestros clientes utilizan actualmente esta funci\u00f3n: \"SMS cronometrados\"<\/strong><\/h4>\n<ul>\n<li>Un pod\u00f3logo autorizado por el Estado utiliza mensajes SMS cronometrados para enviar notificaciones a los clientes y que no olviden su cita reservada. Esto supone menos cancelaciones para un peque\u00f1o negocio que depende econ\u00f3micamente de una agenda llena.<\/li>\n<li>Una empresa de Jutlandia que vende ropa corporativa utiliza la funci\u00f3n de SMS programados para enviar mensajes a los clientes sobre la recogida de la mercanc\u00eda.<\/li>\n<li>\"Recuerda apuntarte a nataci\u00f3n para beb\u00e9s\" es uno de los mensajes que un club deportivo local programa y env\u00eda a trav\u00e9s de nuestra web, d\u00edas antes de que empiece la pr\u00f3xima clase.<\/li>\n<\/ul>","protected":false},"excerpt":{"rendered":"<p>Programaci\u00f3n de mensajes SureSMS tiene un calendario integrado. Esta funci\u00f3n te permite decidir y establecer cu\u00e1ndo se env\u00edan tus mensajes. Recordatorios SMS Probablemente el uso m\u00e1s com\u00fan de las pasarelas SMS en Dinamarca hoy en d\u00eda es el env\u00edo de recordatorios. Probablemente lo conozcas por tu peluquero, dentista, mec\u00e1nico, la biblioteca... <a title=\"Mensajes SMS programados - Programar mensajes\" class=\"read-more\" href=\"https:\/\/suresms.com\/es\/funktioner\/send-tidsindstillede-sms-beskeder\/\" aria-label=\"Leer m\u00e1s sobre Timed SMS - Programar mensajes\">M\u00e1s informaci\u00f3n<\/a><\/p>","protected":false},"author":1,"featured_media":0,"parent":958,"menu_order":9,"comment_status":"closed","ping_status":"closed","template":"","meta":{"_fl_builder_enabled":"1","_fl_builder_data":null,"_fl_builder_draft":null,"_fl_builder_data_settings":null,"_fl_builder_css":"","_fl_builder_css_version":"","_fl_builder_js":"","footnotes":""},"categories":[17],"tags":[],"class_list":{"0":"post-18648","1":"page","2":"type-page","3":"status-publish","5":"category-linkfracornorstone"},"yoast_head":"<!-- This site is optimized with the Yoast SEO Premium plugin v27.3 (Yoast SEO v27.3) - https:\/\/yoast.com\/product\/yoast-seo-premium-wordpress\/ -->\r\n<title>Tidsindstillet SMS | Send nemt tidsindstillede SMS beskeder \u2713<\/title>\r\n<meta name=\"description\" content=\"Planl\u00e6g og afsend tidsbestemte SMS fra SureSMS WEB portal. Send p\u00e5mindelser om aftaler, f\u00f8dselsdagshilsener. Integreret funktion i vores gratis abonnement.\" \/>\r\n<meta name=\"robots\" content=\"index, follow, max-snippet:-1, max-image-preview:large, max-video-preview:-1\" \/>\r\n<link rel=\"canonical\" href=\"https:\/\/suresms.com\/es\/caracteristicas\/enviar-mensajes-de-texto-temporizados\/\" \/>\r\n<meta property=\"og:locale\" content=\"es_ES\" \/>\r\n<meta property=\"og:type\" content=\"article\" \/>\r\n<meta property=\"og:title\" content=\"Tidsindstillede SMS&#039;er - Planl\u00e6g beskeder\" \/>\r\n<meta property=\"og:description\" content=\"Planl\u00e6g og afsend tidsbestemte SMS fra SureSMS WEB portal. Send p\u00e5mindelser om aftaler, f\u00f8dselsdagshilsener. Integreret funktion i vores gratis abonnement.\" \/>\r\n<meta property=\"og:url\" content=\"https:\/\/suresms.com\/es\/caracteristicas\/enviar-mensajes-de-texto-temporizados\/\" \/>\r\n<meta property=\"article:publisher\" content=\"https:\/\/www.facebook.com\/p\/SureSMS-100044607956149\/\" \/>\r\n<meta property=\"article:modified_time\" content=\"2024-12-05T15:38:05+00:00\" \/>\r\n<meta name=\"twitter:card\" content=\"summary_large_image\" \/>\r\n<meta name=\"twitter:label1\" content=\"Tiempo de lectura\" \/>\n\t<meta name=\"twitter:data1\" content=\"7 minutos\" \/>\r\n<script type=\"application\/ld+json\" class=\"yoast-schema-graph\">{\"@context\":\"https:\\\/\\\/schema.org\",\"@graph\":[{\"@type\":\"WebPage\",\"@id\":\"https:\\\/\\\/suresms.com\\\/dk\\\/funktioner\\\/send-tidsindstillede-sms-beskeder\\\/\",\"url\":\"https:\\\/\\\/suresms.com\\\/dk\\\/funktioner\\\/send-tidsindstillede-sms-beskeder\\\/\",\"name\":\"Tidsindstillet SMS | Send nemt tidsindstillede SMS beskeder \u2713\",\"isPartOf\":{\"@id\":\"https:\\\/\\\/suresms.com\\\/en\\\/#website\"},\"datePublished\":\"2015-12-14T13:47:13+00:00\",\"dateModified\":\"2024-12-05T15:38:05+00:00\",\"description\":\"Planl\u00e6g og afsend tidsbestemte SMS fra SureSMS WEB portal. Send p\u00e5mindelser om aftaler, f\u00f8dselsdagshilsener. Integreret funktion i vores gratis abonnement.\",\"breadcrumb\":{\"@id\":\"https:\\\/\\\/suresms.com\\\/dk\\\/funktioner\\\/send-tidsindstillede-sms-beskeder\\\/#breadcrumb\"},\"inLanguage\":\"es\",\"potentialAction\":[{\"@type\":\"ReadAction\",\"target\":[\"https:\\\/\\\/suresms.com\\\/dk\\\/funktioner\\\/send-tidsindstillede-sms-beskeder\\\/\"]}]},{\"@type\":\"BreadcrumbList\",\"@id\":\"https:\\\/\\\/suresms.com\\\/dk\\\/funktioner\\\/send-tidsindstillede-sms-beskeder\\\/#breadcrumb\",\"itemListElement\":[{\"@type\":\"ListItem\",\"position\":1,\"name\":\"Home\",\"item\":\"https:\\\/\\\/suresms.com\\\/dk\\\/\"},{\"@type\":\"ListItem\",\"position\":2,\"name\":\"Funktioner\",\"item\":\"https:\\\/\\\/suresms.com\\\/dk\\\/funktioner\\\/\"},{\"@type\":\"ListItem\",\"position\":3,\"name\":\"Tidsindstillede SMS&#039;er &#8211; Planl\u00e6g beskeder\"}]},{\"@type\":\"WebSite\",\"@id\":\"https:\\\/\\\/suresms.com\\\/en\\\/#website\",\"url\":\"https:\\\/\\\/suresms.com\\\/en\\\/\",\"name\":\"SureSMS\",\"description\":\"Professionel SMS Gateway\",\"publisher\":{\"@id\":\"https:\\\/\\\/suresms.com\\\/en\\\/#organization\"},\"potentialAction\":[{\"@type\":\"SearchAction\",\"target\":{\"@type\":\"EntryPoint\",\"urlTemplate\":\"https:\\\/\\\/suresms.com\\\/en\\\/?s={search_term_string}\"},\"query-input\":{\"@type\":\"PropertyValueSpecification\",\"valueRequired\":true,\"valueName\":\"search_term_string\"}}],\"inLanguage\":\"es\"},{\"@type\":\"Organization\",\"@id\":\"https:\\\/\\\/suresms.com\\\/en\\\/#organization\",\"name\":\"SureSMS\",\"url\":\"https:\\\/\\\/suresms.com\\\/en\\\/\",\"logo\":{\"@type\":\"ImageObject\",\"inLanguage\":\"es\",\"@id\":\"https:\\\/\\\/suresms.com\\\/en\\\/#\\\/schema\\\/logo\\\/image\\\/\",\"url\":\"https:\\\/\\\/suresms.com\\\/wp-content\\\/uploads\\\/2024\\\/11\\\/suresms-300x65-1.png\",\"contentUrl\":\"https:\\\/\\\/suresms.com\\\/wp-content\\\/uploads\\\/2024\\\/11\\\/suresms-300x65-1.png\",\"width\":300,\"height\":65,\"caption\":\"SureSMS\"},\"image\":{\"@id\":\"https:\\\/\\\/suresms.com\\\/en\\\/#\\\/schema\\\/logo\\\/image\\\/\"},\"sameAs\":[\"https:\\\/\\\/www.facebook.com\\\/p\\\/SureSMS-100044607956149\\\/\"]}]}<\/script>\r\n<!-- \/ Yoast SEO Premium plugin. -->","yoast_head_json":{"title":"SMS cronometrados | Env\u00eda mensajes SMS cronometrados f\u00e1cilmente \u2713","description":"Programe y env\u00ede SMS cronometrados desde el portal WEB SureSMS. Env\u00ede recordatorios de citas, felicitaciones de cumplea\u00f1os. Funci\u00f3n integrada en nuestra suscripci\u00f3n gratuita.","robots":{"index":"index","follow":"follow","max-snippet":"max-snippet:-1","max-image-preview":"max-image-preview:large","max-video-preview":"max-video-preview:-1"},"canonical":"https:\/\/suresms.com\/es\/caracteristicas\/enviar-mensajes-de-texto-temporizados\/","og_locale":"es_ES","og_type":"article","og_title":"Tidsindstillede SMS&#039;er - Planl\u00e6g beskeder","og_description":"Planl\u00e6g og afsend tidsbestemte SMS fra SureSMS WEB portal. Send p\u00e5mindelser om aftaler, f\u00f8dselsdagshilsener. Integreret funktion i vores gratis abonnement.","og_url":"https:\/\/suresms.com\/es\/caracteristicas\/enviar-mensajes-de-texto-temporizados\/","article_publisher":"https:\/\/www.facebook.com\/p\/SureSMS-100044607956149\/","article_modified_time":"2024-12-05T15:38:05+00:00","twitter_card":"summary_large_image","twitter_misc":{"Tiempo de lectura":"7 minutos"},"schema":{"@context":"https:\/\/schema.org","@graph":[{"@type":"WebPage","@id":"https:\/\/suresms.com\/dk\/funktioner\/send-tidsindstillede-sms-beskeder\/","url":"https:\/\/suresms.com\/dk\/funktioner\/send-tidsindstillede-sms-beskeder\/","name":"SMS cronometrados | Env\u00eda mensajes SMS cronometrados f\u00e1cilmente \u2713","isPartOf":{"@id":"https:\/\/suresms.com\/en\/#website"},"datePublished":"2015-12-14T13:47:13+00:00","dateModified":"2024-12-05T15:38:05+00:00","description":"Programe y env\u00ede SMS cronometrados desde el portal WEB SureSMS. Env\u00ede recordatorios de citas, felicitaciones de cumplea\u00f1os. Funci\u00f3n integrada en nuestra suscripci\u00f3n gratuita.","breadcrumb":{"@id":"https:\/\/suresms.com\/dk\/funktioner\/send-tidsindstillede-sms-beskeder\/#breadcrumb"},"inLanguage":"es","potentialAction":[{"@type":"ReadAction","target":["https:\/\/suresms.com\/dk\/funktioner\/send-tidsindstillede-sms-beskeder\/"]}]},{"@type":"BreadcrumbList","@id":"https:\/\/suresms.com\/dk\/funktioner\/send-tidsindstillede-sms-beskeder\/#breadcrumb","itemListElement":[{"@type":"ListItem","position":1,"name":"Home","item":"https:\/\/suresms.com\/dk\/"},{"@type":"ListItem","position":2,"name":"Funktioner","item":"https:\/\/suresms.com\/dk\/funktioner\/"},{"@type":"ListItem","position":3,"name":"Tidsindstillede SMS&#039;er &#8211; Planl\u00e6g beskeder"}]},{"@type":"WebSite","@id":"https:\/\/suresms.com\/en\/#website","url":"https:\/\/suresms.com\/en\/","name":"SureSMS","description":"Pasarela SMS profesional","publisher":{"@id":"https:\/\/suresms.com\/en\/#organization"},"potentialAction":[{"@type":"SearchAction","target":{"@type":"EntryPoint","urlTemplate":"https:\/\/suresms.com\/en\/?s={search_term_string}"},"query-input":{"@type":"PropertyValueSpecification","valueRequired":true,"valueName":"search_term_string"}}],"inLanguage":"es"},{"@type":"Organization","@id":"https:\/\/suresms.com\/en\/#organization","name":"SureSMS","url":"https:\/\/suresms.com\/en\/","logo":{"@type":"ImageObject","inLanguage":"es","@id":"https:\/\/suresms.com\/en\/#\/schema\/logo\/image\/","url":"https:\/\/suresms.com\/wp-content\/uploads\/2024\/11\/suresms-300x65-1.png","contentUrl":"https:\/\/suresms.com\/wp-content\/uploads\/2024\/11\/suresms-300x65-1.png","width":300,"height":65,"caption":"SureSMS"},"image":{"@id":"https:\/\/suresms.com\/en\/#\/schema\/logo\/image\/"},"sameAs":["https:\/\/www.facebook.com\/p\/SureSMS-100044607956149\/"]}]}},"_links":{"self":[{"href":"https:\/\/suresms.com\/es\/wp-json\/wp\/v2\/pages\/18648","targetHints":{"allow":["GET"]}}],"collection":[{"href":"https:\/\/suresms.com\/es\/wp-json\/wp\/v2\/pages"}],"about":[{"href":"https:\/\/suresms.com\/es\/wp-json\/wp\/v2\/types\/page"}],"author":[{"embeddable":true,"href":"https:\/\/suresms.com\/es\/wp-json\/wp\/v2\/users\/1"}],"replies":[{"embeddable":true,"href":"https:\/\/suresms.com\/es\/wp-json\/wp\/v2\/comments?post=18648"}],"version-history":[{"count":3,"href":"https:\/\/suresms.com\/es\/wp-json\/wp\/v2\/pages\/18648\/revisions"}],"predecessor-version":[{"id":19442,"href":"https:\/\/suresms.com\/es\/wp-json\/wp\/v2\/pages\/18648\/revisions\/19442"}],"up":[{"embeddable":true,"href":"https:\/\/suresms.com\/es\/wp-json\/wp\/v2\/pages\/958"}],"wp:attachment":[{"href":"https:\/\/suresms.com\/es\/wp-json\/wp\/v2\/media?parent=18648"}],"wp:term":[{"taxonomy":"category","embeddable":true,"href":"https:\/\/suresms.com\/es\/wp-json\/wp\/v2\/categories?post=18648"},{"taxonomy":"post_tag","embeddable":true,"href":"https:\/\/suresms.com\/es\/wp-json\/wp\/v2\/tags?post=18648"}],"curies":[{"name":"wp","href":"https:\/\/api.w.org\/{rel}","templated":true}]}}