{"id":18292,"date":"2024-08-26T13:27:40","date_gmt":"2024-08-26T11:27:40","guid":{"rendered":"https:\/\/www.suresms.com\/dk\/?page_id=18292"},"modified":"2025-01-15T14:18:17","modified_gmt":"2025-01-15T14:18:17","slug":"nombre-de-la-estacion-7","status":"publish","type":"page","link":"https:\/\/suresms.com\/es\/docs\/addressbook\/contacts\/","title":{"rendered":"Contactos"},"content":{"rendered":"<!-- Flexy Breadcrumb -->\r\n\t\t\t<div class=\"fbc fbc-page\">\r\n\r\n\t\t\t\t<!-- Breadcrumb wrapper -->\r\n\t\t\t\t<div class=\"fbc-wrap\">\r\n\r\n\t\t\t\t\t<!-- Ordered list-->\r\n\t\t\t\t\t<ol class=\"fbc-items\" itemscope itemtype=\"https:\/\/schema.org\/BreadcrumbList\">\r\n\t\t\t\t\t\t            <li itemprop=\"itemListElement\" itemscope itemtype=\"https:\/\/schema.org\/ListItem\">\r\n                <span itemprop=\"name\">\r\n                    <!-- Home Link -->\r\n                    <a itemprop=\"item\" href=\"https:\/\/suresms.com\/es\/\">\r\n                    \r\n                                                    <i class=\"fa fa-home\" aria-hidden=\"true\"><\/i>Inicio                    <\/a>\r\n                <\/span>\r\n                <meta itemprop=\"position\" content=\"1\" \/><!-- Meta Position-->\r\n             <\/li><li><span class=\"fbc-separator\">\/<\/span><\/li><li class=\"active\" itemprop=\"itemListElement\" itemscope itemtype=\"https:\/\/schema.org\/ListItem\"><span itemprop=\"name\" title=\"Contactos\">Contactos<\/span><meta itemprop=\"position\" content=\"2\" \/><\/li>\t\t\t\t\t<\/ol>\r\n\t\t\t\t\t<div class=\"clearfix\"><\/div>\r\n\t\t\t\t<\/div>\r\n\t\t\t<\/div>\r\n\t\t\t\n<h1>\n\t\tContactos\n\t<\/h1>\n\t<p>Aqu\u00ed puedes leer sobre la libreta de direcciones en SureSMS. La libreta de direcciones consta de Contactos y Grupos. Puede obtener m\u00e1s informaci\u00f3n sobre <a href=\"https:\/\/suresms.com\/es\/docs\/cuenta-4\/nombre-de-la-estacion-6\/\">Grupo aqu\u00ed<\/a>. A continuaci\u00f3n puedes leer c\u00f3mo crear, editar y eliminar un contacto de tu agenda.<\/p>\n<h2>\n\t\tLista de contactos\n\t<\/h2>\n\t<p>Empecemos por ver la pantalla en la que aparece la lista de contactos. La captura de pantalla podr\u00eda tener este aspecto:<\/p>\n\t<p>Como puede ver, la lista contiene primero un peque\u00f1o recuadro donde puede seleccionar un contacto. A continuaci\u00f3n, la siguiente informaci\u00f3n: nombre completo del contacto, c\u00f3digo de pa\u00eds y n\u00famero de tel\u00e9fono.<\/p>\n<p>Si ha introducido un correo electr\u00f3nico para el contacto, aparecer\u00e1 aqu\u00ed. Tambi\u00e9n muestra cualquier informaci\u00f3n adicional que hayas introducido (m\u00e1s adelante hablaremos de ello). A continuaci\u00f3n, puedes ver un n\u00famero que muestra en cu\u00e1ntos grupos est\u00e1 el contacto y cu\u00e1ndo se cre\u00f3.<\/p>\n<p>Si hace clic en el l\u00e1piz situado junto al interruptor, tendr\u00e1 la posibilidad de corregir esta informaci\u00f3n.<\/p>\n\t\t\t\t<img loading=\"lazy\" decoding=\"async\" src=\"https:\/\/suresms.com\/wp-content\/uploads\/2024\/08\/Skaermbillede-2024-08-26-133800-1.png\" alt=\"La lista de la libreta de direcciones\" itemprop=\"image\" height=\"1097\" width=\"2012\" title=\"Captura de pantalla 2024-08-26 133800\" onerror=\"this.style.display='none'\"  \/>\n\t\t\t\t<img decoding=\"async\" src=\"https:\/\/suresms.com\/wp-content\/plugins\/bb-plugin\/img\/pixel.png\" alt=\"\" itemprop=\"image\" onerror=\"this.style.display='none'\"  \/>\n\t<p>En la parte superior de la lista hay una barra de acciones. En primer lugar, puedes buscar tus contactos en el campo de b\u00fasqueda, puedes elegir cu\u00e1ntos contactos quieres ver a la vez. Tambi\u00e9n hay un bot\u00f3n \"Filtrar\". Si haces clic en \u00e9l, se despliega el men\u00fa de filtros y s\u00f3lo puedes ver los contactos que est\u00e1n en un grupo espec\u00edfico. Como se ilustra arriba.<\/p>\n<h2>\n\t\tCrear, editar o eliminar un contacto\n\t<\/h2>\n\t<p>Para crear un contacto, haz clic en \"Opciones\" en la esquina superior derecha. A continuaci\u00f3n, seleccione\u00a0<em>Crear nuevo<\/em>.<\/p>\n\t<p>Rellena la pantalla con los datos de contacto de tu nuevo contacto, como se muestra en el v\u00eddeo de la derecha.<\/p>\n<p>El nombre completo, el prefijo del pa\u00eds y el n\u00famero de tel\u00e9fono son obligatorios. La direcci\u00f3n de correo electr\u00f3nico y la informaci\u00f3n adicional son opcionales.<\/p>\n<p>Haga clic en el l\u00e1piz situado junto al contacto si desea corregir la informaci\u00f3n sobre el mismo.<\/p>\n<p><em>RECUERDE: hacer clic en Guardar despu\u00e9s de haber cambiado los grupos en los que est\u00e1 el contacto.<\/em><\/p>\n\t\t\t\t\t<video src=\"https:\/\/suresms.com\/wp-content\/uploads\/2024\/08\/Dokumentation-Opret-ret-og-slet-kontakt-1.mp4\" alt=\"hosted-video-thumbnail\"><\/video>\n\t\t<h2>\n\t\tImportar o exportar listas de contactos\n\t<\/h2>\n\t<p>Es posible importar contactos desde un archivo. Puede ser un archivo CSV de su sistema de afiliaci\u00f3n, contabilidad o CRM. Los contactos se importan \"sobre\" los ya existentes o como una importaci\u00f3n completamente nueva - usted elige.<\/p>\n\t<p>Acceda a su cuenta de SureSMS aqu\u00ed : <a href=\"https:\/\/app.suresms.com\" target=\"_blank\" rel=\"noopener\">https:\/\/app.suresms.com<\/a><\/p>\n<p>En el men\u00fa, seleccione <em>Agenda-&gt; Contactos<\/em><\/p>\n<p>Haga clic en el bot\u00f3n <em>Elecci\u00f3n <\/em>en la esquina superior derecha<\/p>\n<p>Seleccione la opci\u00f3n de men\u00fa\u00a0<em>Importar desde archivo<\/em><\/p>\n<p>Seleccione el archivo de su ordenador local<\/p>\n<p>Pulse el bot\u00f3n\u00a0<em>Analizadores<\/em><\/p>\n<p>Haga clic en el bot\u00f3n\u00a0<em>Importar<\/em><\/p>\n<p>Ya puedes ver tus nuevos contactos en la Agenda<\/p>\n<p>&nbsp;<\/p>\n<p>&nbsp;<\/p>\n\t\t\t\t\t<video src=\"https:\/\/suresms.com\/wp-content\/uploads\/2024\/10\/Dokumentation-Import-af-kontakter-til-adressebogen.mp4\" alt=\"hosted-video-thumbnail\"><\/video>\n\t\t<h2>\n\t\tA\u00f1adir etiquetas a un contacto\n\t<\/h2>\n\t<p>Es posible a\u00f1adir tags o etiquetas a un contacto. Esta etiqueta puede utilizarse para segmentar el env\u00edo posteriormente. Por ejemplo, si usted es mec\u00e1nico, puede a\u00f1adir una etiqueta que indique qu\u00e9 marca de coche tiene el destinatario. Si tiene una tienda online que vende mascotas, puede a\u00f1adir qu\u00e9 mascota tiene el contacto - gato, perro, tej\u00f3n :-).<\/p>\n<p>A\u00f1ade una etiqueta desde la vista general de contactos marcando los contactos que deben tener una etiqueta\/etiqueta<\/p>\n<p>&nbsp;<\/p>\n\t\t\t\t<img decoding=\"async\" src=\"https:\/\/suresms.com\/wp-content\/plugins\/bb-plugin\/img\/pixel.png\" alt=\"\" itemprop=\"image\" onerror=\"this.style.display='none'\"  \/>\n\t<p>A continuaci\u00f3n, haga clic en\u00a0<em>Elecci\u00f3n<\/em> en la esquina superior derecha y haga clic en \"A\u00f1adir etiqueta\".<\/p>\n<p>&nbsp;<\/p>\n\t\t\t\t<img decoding=\"async\" src=\"https:\/\/suresms.com\/wp-content\/plugins\/bb-plugin\/img\/pixel.png\" alt=\"\" itemprop=\"image\" onerror=\"this.style.display='none'\"  \/>\n\t<p>A continuaci\u00f3n, escriba la etiqueta que desea adjuntar al contacto. En este caso hemos elegido <em>Ketchers\u00a0<\/em>como pegatina.<\/p>\n<p>&nbsp;<\/p>","protected":false},"excerpt":{"rendered":"<p>Contactos Aqu\u00ed puede obtener informaci\u00f3n sobre la libreta de direcciones de SureSMS. La libreta de direcciones consta de Contactos y Grupos. Puedes leer sobre Grupos aqu\u00ed. A continuaci\u00f3n puedes leer c\u00f3mo crear, editar y eliminar un contacto de la libreta de direcciones. Lista de contactos Empecemos por ver la pantalla en la que aparece la lista de contactos. La captura de pantalla... <a title=\"Contactos\" class=\"read-more\" href=\"https:\/\/suresms.com\/es\/docs\/addressbook\/contacts\/\" aria-label=\"Leer m\u00e1s sobre Contacto\">M\u00e1s informaci\u00f3n<\/a><\/p>","protected":false},"author":1,"featured_media":0,"parent":18172,"menu_order":0,"comment_status":"closed","ping_status":"closed","template":"","meta":{"_fl_builder_enabled":"1","_fl_builder_data":null,"_fl_builder_draft":null,"_fl_builder_data_settings":null,"_fl_builder_css":"","_fl_builder_css_version":"","_fl_builder_js":"","footnotes":""},"categories":[],"tags":[],"class_list":["post-18292","page","type-page","status-publish"],"yoast_head":"<!-- This site is optimized with the Yoast SEO Premium plugin v27.3 (Yoast SEO v27.3) - https:\/\/yoast.com\/product\/yoast-seo-premium-wordpress\/ -->\r\n<title>Kontakter -<\/title>\r\n<meta name=\"robots\" content=\"index, follow, max-snippet:-1, max-image-preview:large, max-video-preview:-1\" \/>\r\n<link rel=\"canonical\" href=\"https:\/\/suresms.com\/es\/docs\/cuenta-4\/nombre-de-la-estacion-7\/\" \/>\r\n<meta property=\"og:locale\" content=\"es_ES\" \/>\r\n<meta property=\"og:type\" content=\"article\" \/>\r\n<meta property=\"og:title\" content=\"Kontakter\" \/>\r\n<meta property=\"og:description\" content=\"Kontakter Her kan du l\u00e6se om adressebogen i SureSMS. Adressebogen best\u00e5r af Kontakter og Grupper. Du kan l\u00e6se om Grupper her. Herunder kan du l\u00e6se hvordan du opretter, retter og sletter en kontakt i din adressebog. Liste over kontakter Lad os starte med at se p\u00e5 det sk\u00e6rmbillede hvor man ser listen af kontakter. Sk\u00e6rmbilledet ... Leer m\u00e1s\" \/>\r\n<meta property=\"og:url\" content=\"https:\/\/suresms.com\/es\/docs\/cuenta-4\/nombre-de-la-estacion-7\/\" \/>\r\n<meta property=\"article:publisher\" content=\"https:\/\/www.facebook.com\/p\/SureSMS-100044607956149\/\" \/>\r\n<meta property=\"article:modified_time\" content=\"2025-01-15T14:18:17+00:00\" \/>\r\n<meta property=\"og:image\" content=\"https:\/\/suresms.com\/wp-content\/uploads\/2024\/08\/Skaermbillede-2024-08-26-133800-1.png\" \/>\r\n<meta name=\"twitter:card\" content=\"summary_large_image\" \/>\r\n<meta name=\"twitter:label1\" content=\"Tiempo de lectura\" \/>\n\t<meta name=\"twitter:data1\" content=\"3 minutos\" \/>\r\n<script type=\"application\/ld+json\" class=\"yoast-schema-graph\">{\"@context\":\"https:\\\/\\\/schema.org\",\"@graph\":[{\"@type\":\"WebPage\",\"@id\":\"https:\\\/\\\/suresms.com\\\/dk\\\/docs\\\/addressbook\\\/contacts\\\/\",\"url\":\"https:\\\/\\\/suresms.com\\\/dk\\\/docs\\\/addressbook\\\/contacts\\\/\",\"name\":\"Kontakter -\",\"isPartOf\":{\"@id\":\"https:\\\/\\\/suresms.com\\\/en\\\/#website\"},\"primaryImageOfPage\":{\"@id\":\"https:\\\/\\\/suresms.com\\\/dk\\\/docs\\\/addressbook\\\/contacts\\\/#primaryimage\"},\"image\":{\"@id\":\"https:\\\/\\\/suresms.com\\\/dk\\\/docs\\\/addressbook\\\/contacts\\\/#primaryimage\"},\"thumbnailUrl\":\"https:\\\/\\\/suresms.com\\\/wp-content\\\/uploads\\\/2024\\\/08\\\/Skaermbillede-2024-08-26-133800-1.png\",\"datePublished\":\"2024-08-26T11:27:40+00:00\",\"dateModified\":\"2025-01-15T14:18:17+00:00\",\"breadcrumb\":{\"@id\":\"https:\\\/\\\/suresms.com\\\/dk\\\/docs\\\/addressbook\\\/contacts\\\/#breadcrumb\"},\"inLanguage\":\"es\",\"potentialAction\":[{\"@type\":\"ReadAction\",\"target\":[\"https:\\\/\\\/suresms.com\\\/dk\\\/docs\\\/addressbook\\\/contacts\\\/\"]}]},{\"@type\":\"ImageObject\",\"inLanguage\":\"es\",\"@id\":\"https:\\\/\\\/suresms.com\\\/dk\\\/docs\\\/addressbook\\\/contacts\\\/#primaryimage\",\"url\":\"https:\\\/\\\/suresms.com\\\/wp-content\\\/uploads\\\/2024\\\/08\\\/Skaermbillede-2024-08-26-133800-1.png\",\"contentUrl\":\"https:\\\/\\\/suresms.com\\\/wp-content\\\/uploads\\\/2024\\\/08\\\/Skaermbillede-2024-08-26-133800-1.png\"},{\"@type\":\"BreadcrumbList\",\"@id\":\"https:\\\/\\\/suresms.com\\\/dk\\\/docs\\\/addressbook\\\/contacts\\\/#breadcrumb\",\"itemListElement\":[{\"@type\":\"ListItem\",\"position\":1,\"name\":\"Home\",\"item\":\"https:\\\/\\\/suresms.com\\\/dk\\\/\"},{\"@type\":\"ListItem\",\"position\":2,\"name\":\"Dokumentation\",\"item\":\"https:\\\/\\\/suresms.com\\\/dk\\\/docs\\\/\"},{\"@type\":\"ListItem\",\"position\":3,\"name\":\"Adressebog\",\"item\":\"https:\\\/\\\/suresms.com\\\/dk\\\/docs\\\/addressbook\\\/\"},{\"@type\":\"ListItem\",\"position\":4,\"name\":\"Kontakter\"}]},{\"@type\":\"WebSite\",\"@id\":\"https:\\\/\\\/suresms.com\\\/en\\\/#website\",\"url\":\"https:\\\/\\\/suresms.com\\\/en\\\/\",\"name\":\"SureSMS\",\"description\":\"Professionel SMS Gateway\",\"publisher\":{\"@id\":\"https:\\\/\\\/suresms.com\\\/en\\\/#organization\"},\"potentialAction\":[{\"@type\":\"SearchAction\",\"target\":{\"@type\":\"EntryPoint\",\"urlTemplate\":\"https:\\\/\\\/suresms.com\\\/en\\\/?s={search_term_string}\"},\"query-input\":{\"@type\":\"PropertyValueSpecification\",\"valueRequired\":true,\"valueName\":\"search_term_string\"}}],\"inLanguage\":\"es\"},{\"@type\":\"Organization\",\"@id\":\"https:\\\/\\\/suresms.com\\\/en\\\/#organization\",\"name\":\"SureSMS\",\"url\":\"https:\\\/\\\/suresms.com\\\/en\\\/\",\"logo\":{\"@type\":\"ImageObject\",\"inLanguage\":\"es\",\"@id\":\"https:\\\/\\\/suresms.com\\\/en\\\/#\\\/schema\\\/logo\\\/image\\\/\",\"url\":\"https:\\\/\\\/suresms.com\\\/wp-content\\\/uploads\\\/2024\\\/11\\\/suresms-300x65-1.png\",\"contentUrl\":\"https:\\\/\\\/suresms.com\\\/wp-content\\\/uploads\\\/2024\\\/11\\\/suresms-300x65-1.png\",\"width\":300,\"height\":65,\"caption\":\"SureSMS\"},\"image\":{\"@id\":\"https:\\\/\\\/suresms.com\\\/en\\\/#\\\/schema\\\/logo\\\/image\\\/\"},\"sameAs\":[\"https:\\\/\\\/www.facebook.com\\\/p\\\/SureSMS-100044607956149\\\/\"]}]}<\/script>\r\n<!-- \/ Yoast SEO Premium plugin. -->","yoast_head_json":{"title":"Contactos -","robots":{"index":"index","follow":"follow","max-snippet":"max-snippet:-1","max-image-preview":"max-image-preview:large","max-video-preview":"max-video-preview:-1"},"canonical":"https:\/\/suresms.com\/es\/docs\/cuenta-4\/nombre-de-la-estacion-7\/","og_locale":"es_ES","og_type":"article","og_title":"Kontakter","og_description":"Kontakter Her kan du l\u00e6se om adressebogen i SureSMS. Adressebogen best\u00e5r af Kontakter og Grupper. Du kan l\u00e6se om Grupper her. Herunder kan du l\u00e6se hvordan du opretter, retter og sletter en kontakt i din adressebog. Liste over kontakter Lad os starte med at se p\u00e5 det sk\u00e6rmbillede hvor man ser listen af kontakter. Sk\u00e6rmbilledet ... Leer m\u00e1s","og_url":"https:\/\/suresms.com\/es\/docs\/cuenta-4\/nombre-de-la-estacion-7\/","article_publisher":"https:\/\/www.facebook.com\/p\/SureSMS-100044607956149\/","article_modified_time":"2025-01-15T14:18:17+00:00","og_image":[{"url":"https:\/\/suresms.com\/wp-content\/uploads\/2024\/08\/Skaermbillede-2024-08-26-133800-1.png","type":"","width":"","height":""}],"twitter_card":"summary_large_image","twitter_misc":{"Tiempo de lectura":"3 minutos"},"schema":{"@context":"https:\/\/schema.org","@graph":[{"@type":"WebPage","@id":"https:\/\/suresms.com\/dk\/docs\/addressbook\/contacts\/","url":"https:\/\/suresms.com\/dk\/docs\/addressbook\/contacts\/","name":"Contactos -","isPartOf":{"@id":"https:\/\/suresms.com\/en\/#website"},"primaryImageOfPage":{"@id":"https:\/\/suresms.com\/dk\/docs\/addressbook\/contacts\/#primaryimage"},"image":{"@id":"https:\/\/suresms.com\/dk\/docs\/addressbook\/contacts\/#primaryimage"},"thumbnailUrl":"https:\/\/suresms.com\/wp-content\/uploads\/2024\/08\/Skaermbillede-2024-08-26-133800-1.png","datePublished":"2024-08-26T11:27:40+00:00","dateModified":"2025-01-15T14:18:17+00:00","breadcrumb":{"@id":"https:\/\/suresms.com\/dk\/docs\/addressbook\/contacts\/#breadcrumb"},"inLanguage":"es","potentialAction":[{"@type":"ReadAction","target":["https:\/\/suresms.com\/dk\/docs\/addressbook\/contacts\/"]}]},{"@type":"ImageObject","inLanguage":"es","@id":"https:\/\/suresms.com\/dk\/docs\/addressbook\/contacts\/#primaryimage","url":"https:\/\/suresms.com\/wp-content\/uploads\/2024\/08\/Skaermbillede-2024-08-26-133800-1.png","contentUrl":"https:\/\/suresms.com\/wp-content\/uploads\/2024\/08\/Skaermbillede-2024-08-26-133800-1.png"},{"@type":"BreadcrumbList","@id":"https:\/\/suresms.com\/dk\/docs\/addressbook\/contacts\/#breadcrumb","itemListElement":[{"@type":"ListItem","position":1,"name":"Home","item":"https:\/\/suresms.com\/dk\/"},{"@type":"ListItem","position":2,"name":"Dokumentation","item":"https:\/\/suresms.com\/dk\/docs\/"},{"@type":"ListItem","position":3,"name":"Adressebog","item":"https:\/\/suresms.com\/dk\/docs\/addressbook\/"},{"@type":"ListItem","position":4,"name":"Kontakter"}]},{"@type":"WebSite","@id":"https:\/\/suresms.com\/en\/#website","url":"https:\/\/suresms.com\/en\/","name":"SureSMS","description":"Pasarela SMS profesional","publisher":{"@id":"https:\/\/suresms.com\/en\/#organization"},"potentialAction":[{"@type":"SearchAction","target":{"@type":"EntryPoint","urlTemplate":"https:\/\/suresms.com\/en\/?s={search_term_string}"},"query-input":{"@type":"PropertyValueSpecification","valueRequired":true,"valueName":"search_term_string"}}],"inLanguage":"es"},{"@type":"Organization","@id":"https:\/\/suresms.com\/en\/#organization","name":"SureSMS","url":"https:\/\/suresms.com\/en\/","logo":{"@type":"ImageObject","inLanguage":"es","@id":"https:\/\/suresms.com\/en\/#\/schema\/logo\/image\/","url":"https:\/\/suresms.com\/wp-content\/uploads\/2024\/11\/suresms-300x65-1.png","contentUrl":"https:\/\/suresms.com\/wp-content\/uploads\/2024\/11\/suresms-300x65-1.png","width":300,"height":65,"caption":"SureSMS"},"image":{"@id":"https:\/\/suresms.com\/en\/#\/schema\/logo\/image\/"},"sameAs":["https:\/\/www.facebook.com\/p\/SureSMS-100044607956149\/"]}]}},"_links":{"self":[{"href":"https:\/\/suresms.com\/es\/wp-json\/wp\/v2\/pages\/18292","targetHints":{"allow":["GET"]}}],"collection":[{"href":"https:\/\/suresms.com\/es\/wp-json\/wp\/v2\/pages"}],"about":[{"href":"https:\/\/suresms.com\/es\/wp-json\/wp\/v2\/types\/page"}],"author":[{"embeddable":true,"href":"https:\/\/suresms.com\/es\/wp-json\/wp\/v2\/users\/1"}],"replies":[{"embeddable":true,"href":"https:\/\/suresms.com\/es\/wp-json\/wp\/v2\/comments?post=18292"}],"version-history":[{"count":8,"href":"https:\/\/suresms.com\/es\/wp-json\/wp\/v2\/pages\/18292\/revisions"}],"predecessor-version":[{"id":21535,"href":"https:\/\/suresms.com\/es\/wp-json\/wp\/v2\/pages\/18292\/revisions\/21535"}],"up":[{"embeddable":true,"href":"https:\/\/suresms.com\/es\/wp-json\/wp\/v2\/pages\/18172"}],"wp:attachment":[{"href":"https:\/\/suresms.com\/es\/wp-json\/wp\/v2\/media?parent=18292"}],"wp:term":[{"taxonomy":"category","embeddable":true,"href":"https:\/\/suresms.com\/es\/wp-json\/wp\/v2\/categories?post=18292"},{"taxonomy":"post_tag","embeddable":true,"href":"https:\/\/suresms.com\/es\/wp-json\/wp\/v2\/tags?post=18292"}],"curies":[{"name":"wp","href":"https:\/\/api.w.org\/{rel}","templated":true}]}}