{"id":18276,"date":"2024-08-22T14:01:36","date_gmt":"2024-08-22T12:01:36","guid":{"rendered":"https:\/\/www.suresms.com\/dk\/?page_id=18276"},"modified":"2025-02-19T16:29:11","modified_gmt":"2025-02-19T16:29:11","slug":"nombre-de-la-estacion-5","status":"publish","type":"page","link":"https:\/\/suresms.com\/es\/docs\/troubleshooting\/min-sms-bliver-ikke-modtaget-pa-telefonen\/","title":{"rendered":"Mi tel\u00e9fono no recibe SMS"},"content":{"rendered":"<!-- Flexy Breadcrumb -->\r\n\t\t\t<div class=\"fbc fbc-page\">\r\n\r\n\t\t\t\t<!-- Breadcrumb wrapper -->\r\n\t\t\t\t<div class=\"fbc-wrap\">\r\n\r\n\t\t\t\t\t<!-- Ordered list-->\r\n\t\t\t\t\t<ol class=\"fbc-items\" itemscope itemtype=\"https:\/\/schema.org\/BreadcrumbList\">\r\n\t\t\t\t\t\t            <li itemprop=\"itemListElement\" itemscope itemtype=\"https:\/\/schema.org\/ListItem\">\r\n                <span itemprop=\"name\">\r\n                    <!-- Home Link -->\r\n                    <a itemprop=\"item\" href=\"https:\/\/suresms.com\/es\/\">\r\n                    \r\n                                                    <i class=\"fa fa-home\" aria-hidden=\"true\"><\/i>Inicio                    <\/a>\r\n                <\/span>\r\n                <meta itemprop=\"position\" content=\"1\" \/><!-- Meta Position-->\r\n             <\/li><li><span class=\"fbc-separator\">\/<\/span><\/li><li class=\"active\" itemprop=\"itemListElement\" itemscope itemtype=\"https:\/\/schema.org\/ListItem\"><span itemprop=\"name\" title=\"Mi tel\u00e9fono no recibe SMS\">Mi SMS no se est\u00e1...<\/span><meta itemprop=\"position\" content=\"2\" \/><\/li>\t\t\t\t\t<\/ol>\r\n\t\t\t\t\t<div class=\"clearfix\"><\/div>\r\n\t\t\t\t<\/div>\r\n\t\t\t<\/div>\r\n\t\t\t\n<h1>\n\t\tMi SMS aparece como entregado, pero no aparece en el tel\u00e9fono del destinatario.\n\t<\/h1>\n\t<p>Si ves que la vista general de SureSMS muestra que tu SMS se ha entregado, pero no aparece en el tel\u00e9fono del destinatario, puede deberse a que el destinatario haya bloqueado la visualizaci\u00f3n de tus mensajes.<\/p>\n<p>Esto suele ocurrir si env\u00eda desde con un nombre de remitente alfanum\u00e9rico.<\/p>\n<p>En otras palabras, el problema no es SureSMS. Ni los operadores, sino el tel\u00e9fono del destinatario.<\/p>\n<h2>\n\t\tEl tel\u00e9fono del destinatario es un Android\n\t<\/h2>\n\t<p>Para que el tel\u00e9fono del destinatario muestre los mensajes, el filtro de SPAM debe estar desactivado en el tel\u00e9fono. Hay muchas versiones diferentes de Android, por lo que es posible que las capturas de pantalla que aparecen a continuaci\u00f3n no coincidan exactamente con tu tel\u00e9fono. A ver si te sirve de ayuda.<\/p>\n\t<ol> \t\n<li>En primer lugar, abre los mensajes SMS en tu tel\u00e9fono.<\/li>\n\n<li>A continuaci\u00f3n, haga clic en el men\u00fa de la esquina superior derecha<\/li>\n\n<li>A continuaci\u00f3n, haz clic en Configuraci\u00f3n o Ajustes<\/li>\n\n<li>Si tiene varias tarjetas SIM en el tel\u00e9fono, seleccione la tarjeta correspondiente.<\/li>\n\n<li>Seleccione ahora Protecci\u00f3n contra el SPAM<\/li>\n\n<li>Desactivar la protecci\u00f3n contra el SPAM<\/li>\n<\/ol>\n\t\t\t\t<img loading=\"lazy\" decoding=\"async\" src=\"https:\/\/suresms.com\/wp-content\/uploads\/2024\/08\/Android-SMS-setting-1.jpg\" alt=\"Ajustes de Android\" itemprop=\"image\" height=\"496\" width=\"800\" title=\"Configuraci\u00f3n de SMS en Android\" onerror=\"this.style.display='none'\"  \/>\n<h2>\n\t\tEl tel\u00e9fono del destinatario es un iPhone\n\t<\/h2>\n\t<p>El iPhone es famoso por reconocer un SMS en la red pero no mostr\u00e1rselo al usuario. Esto puede deberse a varias razones. Hay ajustes en el iPhone que pueden bloquear la visualizaci\u00f3n. Por razones t\u00e9cnicas, si un mensaje tiene varios segmentos (m\u00e1s de 160 caracteres), el iPhone puede optar a veces por no mostrar el mensaje aunque haya recibido ambos segmentos. Prueba enviando un SMS al tel\u00e9fono con un texto corto. Si lo recibe, \u00e9sa es la explicaci\u00f3n.<\/p>\n<p>Comprueba que tu iPhone no est\u00e1 bloqueando la visualizaci\u00f3n siguiendo los pasos que se indican a continuaci\u00f3n.<\/p>\n\t<ol>\n<li>\n<ol>\n<li>En primer lugar, abre Ajustes en tu tel\u00e9fono<\/li>\n<li>A continuaci\u00f3n, busca \"Mensajes\" en Aplicaciones<\/li>\n<li>Entra en la configuraci\u00f3n y haz clic en Contactos bloqueados<\/li>\n<li>Comprueba que el nombre del remitente que utilizas desde SureSMS no est\u00e1 en la lista.<\/li>\n<li>Aseg\u00farese de que la opci\u00f3n \"Filtrar remitentes desconocidos\" no est\u00e1 activada.<\/li>\n<\/ol>\n<\/li>\n<\/ol>\n<p>&nbsp;<\/p>\n\t\t\t\t<img decoding=\"async\" src=\"https:\/\/suresms.com\/wp-content\/uploads\/2025\/02\/Screendump_phone_iphone_message_setting_01.jpg\" alt=\"Screendump_phone_iphone_message_setting_01\" itemprop=\"image\" title=\"Screendump_phone_iphone_message_setting_01\" onerror=\"this.style.display='none'\"  \/>","protected":false},"excerpt":{"rendered":"<p>Mi SMS aparece como entregado, pero no aparece en el tel\u00e9fono del destinatario. Si el resumen de SureSMS muestra que tu SMS se ha entregado, pero no aparece en el tel\u00e9fono del destinatario, puede deberse a que el destinatario haya bloqueado la visualizaci\u00f3n de tus mensajes. Esto suele ocurrir si env\u00edas desde ... <a title=\"Mi tel\u00e9fono no recibe SMS\" class=\"read-more\" href=\"https:\/\/suresms.com\/es\/docs\/troubleshooting\/min-sms-bliver-ikke-modtaget-pa-telefonen\/\" aria-label=\"Leer m\u00e1s sobre Mi SMS no se recibe en mi tel\u00e9fono\">M\u00e1s informaci\u00f3n<\/a><\/p>","protected":false},"author":1,"featured_media":0,"parent":18273,"menu_order":0,"comment_status":"closed","ping_status":"closed","template":"","meta":{"_fl_builder_enabled":"1","_fl_builder_data":null,"_fl_builder_draft":null,"_fl_builder_data_settings":null,"_fl_builder_css":"","_fl_builder_css_version":"","_fl_builder_js":"","footnotes":""},"categories":[],"tags":[],"class_list":["post-18276","page","type-page","status-publish"],"yoast_head":"<!-- This site is optimized with the Yoast SEO Premium plugin v27.3 (Yoast SEO v27.3) - https:\/\/yoast.com\/product\/yoast-seo-premium-wordpress\/ -->\r\n<title>Min SMS bliver ikke modtaget p\u00e5 telefonen -<\/title>\r\n<meta name=\"robots\" content=\"index, follow, max-snippet:-1, max-image-preview:large, max-video-preview:-1\" \/>\r\n<link rel=\"canonical\" href=\"https:\/\/suresms.com\/es\/docs\/cuenta-6\/nombre-de-la-estacion-5\/\" \/>\r\n<meta property=\"og:locale\" content=\"es_ES\" \/>\r\n<meta property=\"og:type\" content=\"article\" \/>\r\n<meta property=\"og:title\" content=\"Min SMS bliver ikke modtaget p\u00e5 telefonen\" \/>\r\n<meta property=\"og:description\" content=\"Min SMS st\u00e5r som leveret, men den vises ikke p\u00e5 modtagerens telefon. Hvis du oplever at der i SureSMS oversigten st\u00e5r, at din SMS er leveret, men den ikke bliver vist p\u00e5 modtagerens telefon, s\u00e5 kan det v\u00e6re fordi at modtageren har blokeret for visning af dine beskeder. Dette sker typisk hvis du sender fra ... Leer m\u00e1s\" \/>\r\n<meta property=\"og:url\" content=\"https:\/\/suresms.com\/es\/docs\/cuenta-6\/nombre-de-la-estacion-5\/\" \/>\r\n<meta property=\"article:publisher\" content=\"https:\/\/www.facebook.com\/p\/SureSMS-100044607956149\/\" \/>\r\n<meta property=\"article:modified_time\" content=\"2025-02-19T16:29:11+00:00\" \/>\r\n<meta property=\"og:image\" content=\"https:\/\/suresms.com\/wp-content\/uploads\/2024\/08\/Android-SMS-setting-1.jpg\" \/>\r\n<meta name=\"twitter:card\" content=\"summary_large_image\" \/>\r\n<meta name=\"twitter:label1\" content=\"Tiempo de lectura\" \/>\n\t<meta name=\"twitter:data1\" content=\"3 minutos\" \/>\r\n<script type=\"application\/ld+json\" class=\"yoast-schema-graph\">{\"@context\":\"https:\\\/\\\/schema.org\",\"@graph\":[{\"@type\":\"WebPage\",\"@id\":\"https:\\\/\\\/suresms.com\\\/dk\\\/docs\\\/troubleshooting\\\/min-sms-bliver-ikke-modtaget-pa-telefonen\\\/\",\"url\":\"https:\\\/\\\/suresms.com\\\/dk\\\/docs\\\/troubleshooting\\\/min-sms-bliver-ikke-modtaget-pa-telefonen\\\/\",\"name\":\"Min SMS bliver ikke modtaget p\u00e5 telefonen -\",\"isPartOf\":{\"@id\":\"https:\\\/\\\/suresms.com\\\/en\\\/#website\"},\"primaryImageOfPage\":{\"@id\":\"https:\\\/\\\/suresms.com\\\/dk\\\/docs\\\/troubleshooting\\\/min-sms-bliver-ikke-modtaget-pa-telefonen\\\/#primaryimage\"},\"image\":{\"@id\":\"https:\\\/\\\/suresms.com\\\/dk\\\/docs\\\/troubleshooting\\\/min-sms-bliver-ikke-modtaget-pa-telefonen\\\/#primaryimage\"},\"thumbnailUrl\":\"https:\\\/\\\/suresms.com\\\/wp-content\\\/uploads\\\/2024\\\/08\\\/Android-SMS-setting-1.jpg\",\"datePublished\":\"2024-08-22T12:01:36+00:00\",\"dateModified\":\"2025-02-19T16:29:11+00:00\",\"breadcrumb\":{\"@id\":\"https:\\\/\\\/suresms.com\\\/dk\\\/docs\\\/troubleshooting\\\/min-sms-bliver-ikke-modtaget-pa-telefonen\\\/#breadcrumb\"},\"inLanguage\":\"es\",\"potentialAction\":[{\"@type\":\"ReadAction\",\"target\":[\"https:\\\/\\\/suresms.com\\\/dk\\\/docs\\\/troubleshooting\\\/min-sms-bliver-ikke-modtaget-pa-telefonen\\\/\"]}]},{\"@type\":\"ImageObject\",\"inLanguage\":\"es\",\"@id\":\"https:\\\/\\\/suresms.com\\\/dk\\\/docs\\\/troubleshooting\\\/min-sms-bliver-ikke-modtaget-pa-telefonen\\\/#primaryimage\",\"url\":\"https:\\\/\\\/suresms.com\\\/wp-content\\\/uploads\\\/2024\\\/08\\\/Android-SMS-setting-1.jpg\",\"contentUrl\":\"https:\\\/\\\/suresms.com\\\/wp-content\\\/uploads\\\/2024\\\/08\\\/Android-SMS-setting-1.jpg\"},{\"@type\":\"BreadcrumbList\",\"@id\":\"https:\\\/\\\/suresms.com\\\/dk\\\/docs\\\/troubleshooting\\\/min-sms-bliver-ikke-modtaget-pa-telefonen\\\/#breadcrumb\",\"itemListElement\":[{\"@type\":\"ListItem\",\"position\":1,\"name\":\"Home\",\"item\":\"https:\\\/\\\/suresms.com\\\/dk\\\/\"},{\"@type\":\"ListItem\",\"position\":2,\"name\":\"Dokumentation\",\"item\":\"https:\\\/\\\/suresms.com\\\/dk\\\/docs\\\/\"},{\"@type\":\"ListItem\",\"position\":3,\"name\":\"Fejlfinding\",\"item\":\"https:\\\/\\\/suresms.com\\\/dk\\\/docs\\\/troubleshooting\\\/\"},{\"@type\":\"ListItem\",\"position\":4,\"name\":\"Min SMS bliver ikke modtaget p\u00e5 telefonen\"}]},{\"@type\":\"WebSite\",\"@id\":\"https:\\\/\\\/suresms.com\\\/en\\\/#website\",\"url\":\"https:\\\/\\\/suresms.com\\\/en\\\/\",\"name\":\"SureSMS\",\"description\":\"Professionel SMS Gateway\",\"publisher\":{\"@id\":\"https:\\\/\\\/suresms.com\\\/en\\\/#organization\"},\"potentialAction\":[{\"@type\":\"SearchAction\",\"target\":{\"@type\":\"EntryPoint\",\"urlTemplate\":\"https:\\\/\\\/suresms.com\\\/en\\\/?s={search_term_string}\"},\"query-input\":{\"@type\":\"PropertyValueSpecification\",\"valueRequired\":true,\"valueName\":\"search_term_string\"}}],\"inLanguage\":\"es\"},{\"@type\":\"Organization\",\"@id\":\"https:\\\/\\\/suresms.com\\\/en\\\/#organization\",\"name\":\"SureSMS\",\"url\":\"https:\\\/\\\/suresms.com\\\/en\\\/\",\"logo\":{\"@type\":\"ImageObject\",\"inLanguage\":\"es\",\"@id\":\"https:\\\/\\\/suresms.com\\\/en\\\/#\\\/schema\\\/logo\\\/image\\\/\",\"url\":\"https:\\\/\\\/suresms.com\\\/wp-content\\\/uploads\\\/2024\\\/11\\\/suresms-300x65-1.png\",\"contentUrl\":\"https:\\\/\\\/suresms.com\\\/wp-content\\\/uploads\\\/2024\\\/11\\\/suresms-300x65-1.png\",\"width\":300,\"height\":65,\"caption\":\"SureSMS\"},\"image\":{\"@id\":\"https:\\\/\\\/suresms.com\\\/en\\\/#\\\/schema\\\/logo\\\/image\\\/\"},\"sameAs\":[\"https:\\\/\\\/www.facebook.com\\\/p\\\/SureSMS-100044607956149\\\/\"]}]}<\/script>\r\n<!-- \/ Yoast SEO Premium plugin. -->","yoast_head_json":{"title":"Mi tel\u00e9fono no recibe SMS","robots":{"index":"index","follow":"follow","max-snippet":"max-snippet:-1","max-image-preview":"max-image-preview:large","max-video-preview":"max-video-preview:-1"},"canonical":"https:\/\/suresms.com\/es\/docs\/cuenta-6\/nombre-de-la-estacion-5\/","og_locale":"es_ES","og_type":"article","og_title":"Min SMS bliver ikke modtaget p\u00e5 telefonen","og_description":"Min SMS st\u00e5r som leveret, men den vises ikke p\u00e5 modtagerens telefon. Hvis du oplever at der i SureSMS oversigten st\u00e5r, at din SMS er leveret, men den ikke bliver vist p\u00e5 modtagerens telefon, s\u00e5 kan det v\u00e6re fordi at modtageren har blokeret for visning af dine beskeder. Dette sker typisk hvis du sender fra ... Leer m\u00e1s","og_url":"https:\/\/suresms.com\/es\/docs\/cuenta-6\/nombre-de-la-estacion-5\/","article_publisher":"https:\/\/www.facebook.com\/p\/SureSMS-100044607956149\/","article_modified_time":"2025-02-19T16:29:11+00:00","og_image":[{"url":"https:\/\/suresms.com\/wp-content\/uploads\/2024\/08\/Android-SMS-setting-1.jpg","type":"","width":"","height":""}],"twitter_card":"summary_large_image","twitter_misc":{"Tiempo de lectura":"3 minutos"},"schema":{"@context":"https:\/\/schema.org","@graph":[{"@type":"WebPage","@id":"https:\/\/suresms.com\/dk\/docs\/troubleshooting\/min-sms-bliver-ikke-modtaget-pa-telefonen\/","url":"https:\/\/suresms.com\/dk\/docs\/troubleshooting\/min-sms-bliver-ikke-modtaget-pa-telefonen\/","name":"Mi tel\u00e9fono no recibe SMS","isPartOf":{"@id":"https:\/\/suresms.com\/en\/#website"},"primaryImageOfPage":{"@id":"https:\/\/suresms.com\/dk\/docs\/troubleshooting\/min-sms-bliver-ikke-modtaget-pa-telefonen\/#primaryimage"},"image":{"@id":"https:\/\/suresms.com\/dk\/docs\/troubleshooting\/min-sms-bliver-ikke-modtaget-pa-telefonen\/#primaryimage"},"thumbnailUrl":"https:\/\/suresms.com\/wp-content\/uploads\/2024\/08\/Android-SMS-setting-1.jpg","datePublished":"2024-08-22T12:01:36+00:00","dateModified":"2025-02-19T16:29:11+00:00","breadcrumb":{"@id":"https:\/\/suresms.com\/dk\/docs\/troubleshooting\/min-sms-bliver-ikke-modtaget-pa-telefonen\/#breadcrumb"},"inLanguage":"es","potentialAction":[{"@type":"ReadAction","target":["https:\/\/suresms.com\/dk\/docs\/troubleshooting\/min-sms-bliver-ikke-modtaget-pa-telefonen\/"]}]},{"@type":"ImageObject","inLanguage":"es","@id":"https:\/\/suresms.com\/dk\/docs\/troubleshooting\/min-sms-bliver-ikke-modtaget-pa-telefonen\/#primaryimage","url":"https:\/\/suresms.com\/wp-content\/uploads\/2024\/08\/Android-SMS-setting-1.jpg","contentUrl":"https:\/\/suresms.com\/wp-content\/uploads\/2024\/08\/Android-SMS-setting-1.jpg"},{"@type":"BreadcrumbList","@id":"https:\/\/suresms.com\/dk\/docs\/troubleshooting\/min-sms-bliver-ikke-modtaget-pa-telefonen\/#breadcrumb","itemListElement":[{"@type":"ListItem","position":1,"name":"Home","item":"https:\/\/suresms.com\/dk\/"},{"@type":"ListItem","position":2,"name":"Dokumentation","item":"https:\/\/suresms.com\/dk\/docs\/"},{"@type":"ListItem","position":3,"name":"Fejlfinding","item":"https:\/\/suresms.com\/dk\/docs\/troubleshooting\/"},{"@type":"ListItem","position":4,"name":"Min SMS bliver ikke modtaget p\u00e5 telefonen"}]},{"@type":"WebSite","@id":"https:\/\/suresms.com\/en\/#website","url":"https:\/\/suresms.com\/en\/","name":"SureSMS","description":"Pasarela SMS profesional","publisher":{"@id":"https:\/\/suresms.com\/en\/#organization"},"potentialAction":[{"@type":"SearchAction","target":{"@type":"EntryPoint","urlTemplate":"https:\/\/suresms.com\/en\/?s={search_term_string}"},"query-input":{"@type":"PropertyValueSpecification","valueRequired":true,"valueName":"search_term_string"}}],"inLanguage":"es"},{"@type":"Organization","@id":"https:\/\/suresms.com\/en\/#organization","name":"SureSMS","url":"https:\/\/suresms.com\/en\/","logo":{"@type":"ImageObject","inLanguage":"es","@id":"https:\/\/suresms.com\/en\/#\/schema\/logo\/image\/","url":"https:\/\/suresms.com\/wp-content\/uploads\/2024\/11\/suresms-300x65-1.png","contentUrl":"https:\/\/suresms.com\/wp-content\/uploads\/2024\/11\/suresms-300x65-1.png","width":300,"height":65,"caption":"SureSMS"},"image":{"@id":"https:\/\/suresms.com\/en\/#\/schema\/logo\/image\/"},"sameAs":["https:\/\/www.facebook.com\/p\/SureSMS-100044607956149\/"]}]}},"_links":{"self":[{"href":"https:\/\/suresms.com\/es\/wp-json\/wp\/v2\/pages\/18276","targetHints":{"allow":["GET"]}}],"collection":[{"href":"https:\/\/suresms.com\/es\/wp-json\/wp\/v2\/pages"}],"about":[{"href":"https:\/\/suresms.com\/es\/wp-json\/wp\/v2\/types\/page"}],"author":[{"embeddable":true,"href":"https:\/\/suresms.com\/es\/wp-json\/wp\/v2\/users\/1"}],"replies":[{"embeddable":true,"href":"https:\/\/suresms.com\/es\/wp-json\/wp\/v2\/comments?post=18276"}],"version-history":[{"count":4,"href":"https:\/\/suresms.com\/es\/wp-json\/wp\/v2\/pages\/18276\/revisions"}],"predecessor-version":[{"id":22282,"href":"https:\/\/suresms.com\/es\/wp-json\/wp\/v2\/pages\/18276\/revisions\/22282"}],"up":[{"embeddable":true,"href":"https:\/\/suresms.com\/es\/wp-json\/wp\/v2\/pages\/18273"}],"wp:attachment":[{"href":"https:\/\/suresms.com\/es\/wp-json\/wp\/v2\/media?parent=18276"}],"wp:term":[{"taxonomy":"category","embeddable":true,"href":"https:\/\/suresms.com\/es\/wp-json\/wp\/v2\/categories?post=18276"},{"taxonomy":"post_tag","embeddable":true,"href":"https:\/\/suresms.com\/es\/wp-json\/wp\/v2\/tags?post=18276"}],"curies":[{"name":"wp","href":"https:\/\/api.w.org\/{rel}","templated":true}]}}