{"id":18251,"date":"2024-08-14T07:53:04","date_gmt":"2024-08-14T05:53:04","guid":{"rendered":"https:\/\/www.suresms.com\/dk\/?page_id=18251"},"modified":"2025-01-04T23:03:07","modified_gmt":"2025-01-04T23:03:07","slug":"sms-de-klaviyo-3","status":"publish","type":"page","link":"https:\/\/suresms.com\/es\/integrationer\/marketing-automation\/mailchimp\/","title":{"rendered":"Integraci\u00f3n de SMS para MailChimp"},"content":{"rendered":"<!-- Flexy Breadcrumb -->\r\n\t\t\t<div class=\"fbc fbc-page\">\r\n\r\n\t\t\t\t<!-- Breadcrumb wrapper -->\r\n\t\t\t\t<div class=\"fbc-wrap\">\r\n\r\n\t\t\t\t\t<!-- Ordered list-->\r\n\t\t\t\t\t<ol class=\"fbc-items\" itemscope itemtype=\"https:\/\/schema.org\/BreadcrumbList\">\r\n\t\t\t\t\t\t            <li itemprop=\"itemListElement\" itemscope itemtype=\"https:\/\/schema.org\/ListItem\">\r\n                <span itemprop=\"name\">\r\n                    <!-- Home Link -->\r\n                    <a itemprop=\"item\" href=\"https:\/\/suresms.com\/es\/\">\r\n                    \r\n                                                    <i class=\"fa fa-home\" aria-hidden=\"true\"><\/i>Inicio                    <\/a>\r\n                <\/span>\r\n                <meta itemprop=\"position\" content=\"1\" \/><!-- Meta Position-->\r\n             <\/li><li><span class=\"fbc-separator\">\/<\/span><\/li><li class=\"active\" itemprop=\"itemListElement\" itemscope itemtype=\"https:\/\/schema.org\/ListItem\"><span itemprop=\"name\" title=\"Integraci\u00f3n de SMS para MailChimp\">Integraci\u00f3n de SMS para MailChimp<\/span><meta itemprop=\"position\" content=\"2\" \/><\/li>\t\t\t\t\t<\/ol>\r\n\t\t\t\t\t<div class=\"clearfix\"><\/div>\r\n\t\t\t\t<\/div>\r\n\t\t\t<\/div>\r\n\t\t\t\n\t\t\t\t<img loading=\"lazy\" decoding=\"async\" src=\"https:\/\/suresms.com\/wp-content\/uploads\/2024\/08\/MailchimpSureSMS-1.png\" alt=\"MailChimp y SureSMS\" itemprop=\"image\" height=\"200\" width=\"980\" title=\"Mailchimp+SureSMS\" onerror=\"this.style.display='none'\"  \/>\n\t<p><strong>Env\u00eda SMS directamente desde MailChimp<\/strong><\/p>\n\t<p>Solicitar instrucciones sobre c\u00f3mo configurar MailChimp SMS<\/p>\n\n<div class=\"wpcf7 no-js\" id=\"wpcf7-f13762-o1\" lang=\"en-GB\" dir=\"ltr\" data-wpcf7-id=\"13762\">\n<div class=\"screen-reader-response\"><p role=\"status\" aria-live=\"polite\" aria-atomic=\"true\"><\/p> <ul><\/ul><\/div>\n<form action=\"\/es\/wp-json\/wp\/v2\/pages\/18251#wpcf7-f13762-o1\" method=\"post\" class=\"wpcf7-form init\" aria-label=\"Formulario de contacto\" novalidate=\"novalidate\" data-status=\"init\" data-trp-original-action=\"\/es\/wp-json\/wp\/v2\/pages\/18251#wpcf7-f13762-o1\">\n<fieldset class=\"hidden-fields-container\"><input type=\"hidden\" name=\"_wpcf7\" value=\"13762\" \/><input type=\"hidden\" name=\"_wpcf7_version\" value=\"6.1.5\" \/><input type=\"hidden\" name=\"_wpcf7_locale\" value=\"en_GB\" \/><input type=\"hidden\" name=\"_wpcf7_unit_tag\" value=\"wpcf7-f13762-o1\" \/><input type=\"hidden\" name=\"_wpcf7_container_post\" value=\"0\" \/><input type=\"hidden\" name=\"_wpcf7_posted_data_hash\" value=\"\" \/>\n<\/fieldset>\n<p><label><span class=\"wpcf7-form-control-wrap\" data-name=\"your-name\"><input size=\"40\" maxlength=\"400\" class=\"wpcf7-form-control wpcf7-text wpcf7-validates-as-required wpctf7-my-custom-class\" aria-required=\"true\" aria-invalid=\"false\" placeholder=\"Su nombre\" value=\"\" type=\"text\" name=\"your-name\" \/><\/span><\/label>\n<\/p>\n<p><span class=\"wpcf7-form-control-wrap\" data-name=\"email\"><input size=\"40\" maxlength=\"400\" class=\"wpcf7-form-control wpcf7-email wpcf7-validates-as-required wpcf7-text wpcf7-validates-as-email wpctf7-my-custom-class\" aria-required=\"true\" aria-invalid=\"false\" placeholder=\"Correo electr\u00f3nico*.\" value=\"\" type=\"email\" name=\"email\" \/><\/span>\n<\/p>\n<p><div class=\"cf7-cf-turnstile\" style=\"margin-top: 0px; margin-bottom: -15px;\"> <div id=\"cf-turnstile-cf7-284451679\" class=\"cf-turnstile\" data-sitekey=\"0x4AAAAAAB8YGArd9ML-HbMW\" data-theme=\"light\" data-language=\"auto\" data-size=\"normal\" data-retry=\"auto\" data-retry-interval=\"1000\" data-refresh-expired=\"auto\" data-action=\"contact-form-7\" data-appearance=\"always\"><\/div> <script>document.addEventListener(\"DOMContentLoaded\", function() { setTimeout(function(){ var e=document.getElementById(\"cf-turnstile-cf7-284451679\"); e&&!e.innerHTML.trim()&&(turnstile.remove(\"#cf-turnstile-cf7-284451679\"), turnstile.render(\"#cf-turnstile-cf7-284451679\", {sitekey:\"0x4AAAAAAB8YGArd9ML-HbMW\"})); }, 100); });<\/script> <br class=\"cf-turnstile-br cf-turnstile-br-cf7-284451679\"> <style>#cf-turnstile-cf7-284451679 { margin-left: -15px; }<\/style> <script>document.addEventListener(\"DOMContentLoaded\",function(){document.querySelectorAll('.wpcf7-form').forEach(function(e){e.addEventListener('submit',function(){if(document.getElementById('cf-turnstile-cf7-284451679')){setTimeout(function(){turnstile.reset('#cf-turnstile-cf7-284451679');},1000)}})})});<\/script> <\/div><br\/><input class=\"wpcf7-form-control wpcf7-submit has-spinner\" type=\"submit\" value=\"Orientaci\u00f3n para pedidos\" \/>\n<\/p><div class=\"wpcf7-response-output\" aria-hidden=\"true\"><\/div>\n<input type=\"hidden\" name=\"trp-form-language\" value=\"es\"\/><\/form>\n<\/div>\n\n\t<p>\u00bfEst\u00e1 buscando un <a href=\"https:\/\/suresms.com\/es\/integraciones\/automatizacion-del-marketing\/\">Integraci\u00f3n de SMS<\/a> para su software de automatizaci\u00f3n de marketing? Entonces ha llegado al lugar adecuado. SureSMS es una pasarela de SMS con conexi\u00f3n directa a todas las telecos de Dinamarca y a m\u00e1s de 1900 telecos de todo el mundo.<\/p>\n<p>Nuestra plataforma de SMS tiene una integraci\u00f3n directa con MailChimp, para que puedas gestionar toda tu automatizaci\u00f3n en un solo lugar, incluida tu comunicaci\u00f3n por SMS.<\/p>\n\t\t<h3>\u00bfQu\u00e9 es mailchimp?<\/h3><p>Mailchimp es una plataforma de marketing todo en uno que ayuda a las empresas a automatizar y gestionar sus campa\u00f1as y comunicaciones por correo electr\u00f3nico. La plataforma ofrece herramientas f\u00e1ciles de usar para el dise\u00f1o de correos electr\u00f3nicos, la segmentaci\u00f3n de clientes espec\u00edficos y el an\u00e1lisis detallado de los resultados de las campa\u00f1as.<\/p>\n<p>Entre las ventajas de Mailchimp destacan su intuitiva interfaz de arrastrar y soltar, sus opciones de integraci\u00f3n con numerosas herramientas de terceros y sus avanzadas funciones de automatizaci\u00f3n, que facilitan la personalizaci\u00f3n de contenidos para distintos p\u00fablicos.<\/p>\n<p>Adem\u00e1s, Mailchimp ofrece planes de suscripci\u00f3n flexibles que se adaptan tanto a peque\u00f1as como a grandes empresas, lo que la convierte en una herramienta accesible para cualquier tipo de negocio.<\/p>\n\t\t\t\t<img loading=\"lazy\" decoding=\"async\" src=\"https:\/\/suresms.com\/wp-content\/uploads\/2024\/08\/MailchimpSureSMS-sqare-1.png\" alt=\"mailchimp+suresms - cuadrado\" itemprop=\"image\" height=\"340\" width=\"453\" title=\"Mailchimp+SureSMS - sqare\" onerror=\"this.style.display='none'\"  \/>\n\t\t<h3>\u00bfPor qu\u00e9 utilizar una integraci\u00f3n de SMS para MailChimp?<\/h3><p>La gran mayor\u00eda de los usuarios de MailChimp han elegido este sistema de automatizaci\u00f3n de marketing porque ofrece una gran cantidad de opciones y funciones de automatizaci\u00f3n de marketing, marketing por correo electr\u00f3nico, generaci\u00f3n de prospectos, puntuaci\u00f3n de prospectos, seguimiento de sitios y mucho m\u00e1s.<\/p>\n\t<p>Aunque MailChimp se promociona a s\u00ed mismo con la capacidad de enviar SMS directamente en el sistema, tenemos malas noticias para aquellos de ustedes que comercializan en los mercados dan\u00e9s y n\u00f3rdico: <a href=\"https:\/\/mailchimp.com\/help\/about-sms-marketing\/\" target=\"_blank\" rel=\"noopener\">MailChimp no puede enviar mensajes SMS en Dinamarca<\/a>. Al menos todav\u00eda no, pero quiz\u00e1 alg\u00fan d\u00eda sea una opci\u00f3n.<\/p>\n<p>Tambi\u00e9n tienes que pasar por un proceso de autorizaci\u00f3n relativamente complicado antes de que te permitan enviar mensajes SMS desde el sistema, ya que tienen una serie de requisitos.<\/p>\n<p>La buena noticia es que MailChimp est\u00e1 encantado de integrarse con sistemas de terceros como SureSMS. Hemos hecho esta integraci\u00f3n muchas veces antes y estamos encantados de ayudarte con la tuya tambi\u00e9n.<\/p>\n\t\t<h2>Configurar SMS desde MailChimp<\/h2><p>Es posible crear tu integraci\u00f3n SMS entre MailChimp y SureSMS para que env\u00edes tus mensajes SMS directamente desde MailChimp, pero a\u00fan a trav\u00e9s de nuestra API SMS. Con esta soluci\u00f3n, sigues teniendo tus funciones de informes dentro de SureSMS, pero los mensajes se env\u00edan desde MailChimp.<\/p>\n<p>Esto se hace utilizando la funci\u00f3n de MailChimp llamada Webhooks. Lea a continuaci\u00f3n c\u00f3mo configurarlo.<\/p>","protected":false},"excerpt":{"rendered":"<p>Enviar SMS directamente desde MailChimp Instrucciones para configurar MailChimp SMS \u00bfEst\u00e1s buscando una integraci\u00f3n de SMS para tu software de automatizaci\u00f3n de marketing? Entonces has llegado al lugar adecuado. SureSMS es una pasarela de SMS con conexi\u00f3n directa a todas las telecos de Dinamarca y a m\u00e1s de 1900 telecos de todo el mundo. Nuestra plataforma de SMS ... <a title=\"Integraci\u00f3n de SMS para MailChimp\" class=\"read-more\" href=\"https:\/\/suresms.com\/es\/integrationer\/marketing-automation\/mailchimp\/\" aria-label=\"Leer m\u00e1s sobre Integraci\u00f3n de SMS para MailChimp\">M\u00e1s informaci\u00f3n<\/a><\/p>","protected":false},"author":1,"featured_media":0,"parent":13367,"menu_order":1,"comment_status":"closed","ping_status":"closed","template":"","meta":{"_fl_builder_enabled":"1","_fl_builder_data":null,"_fl_builder_draft":null,"_fl_builder_data_settings":null,"_fl_builder_css":"","_fl_builder_css_version":"","_fl_builder_js":"","footnotes":""},"categories":[],"tags":[],"class_list":["post-18251","page","type-page","status-publish"],"yoast_head":"<!-- This site is optimized with the Yoast SEO Premium plugin v27.3 (Yoast SEO v27.3) - https:\/\/yoast.com\/product\/yoast-seo-premium-wordpress\/ -->\r\n<title>MailChimp SMS l\u00f8sning til danske og nordiske kunder<\/title>\r\n<meta name=\"description\" content=\"Integrer SMS i MailChimp i dag. Gratis konto, nem ops\u00e6tning, kom hurtigt i gang med at skabe v\u00e6rdifulde automations og kampagner! En \u00e5bningsrate p\u00e5 98 %.\" \/>\r\n<meta name=\"robots\" content=\"index, follow, max-snippet:-1, max-image-preview:large, max-video-preview:-1\" \/>\r\n<link rel=\"canonical\" href=\"https:\/\/suresms.com\/es\/integraciones\/automatizacion-del-marketing\/sms-de-klaviyo-3\/\" \/>\r\n<meta property=\"og:locale\" content=\"es_ES\" \/>\r\n<meta property=\"og:type\" content=\"article\" \/>\r\n<meta property=\"og:title\" content=\"SMS integration til MailChimp\" \/>\r\n<meta property=\"og:description\" content=\"Integrer SMS i MailChimp i dag. Gratis konto, nem ops\u00e6tning, kom hurtigt i gang med at skabe v\u00e6rdifulde automations og kampagner! En \u00e5bningsrate p\u00e5 98 %.\" \/>\r\n<meta property=\"og:url\" content=\"https:\/\/suresms.com\/es\/integraciones\/automatizacion-del-marketing\/sms-de-klaviyo-3\/\" \/>\r\n<meta property=\"article:publisher\" content=\"https:\/\/www.facebook.com\/p\/SureSMS-100044607956149\/\" \/>\r\n<meta property=\"article:modified_time\" content=\"2025-01-04T23:03:07+00:00\" \/>\r\n<meta property=\"og:image\" content=\"https:\/\/suresms.com\/wp-content\/uploads\/2024\/08\/MailchimpSureSMS-1.png\" \/>\r\n<meta name=\"twitter:card\" content=\"summary_large_image\" \/>\r\n<meta name=\"twitter:label1\" content=\"Tiempo de lectura\" \/>\n\t<meta name=\"twitter:data1\" content=\"9 minutos\" \/>\r\n<script type=\"application\/ld+json\" class=\"yoast-schema-graph\">{\"@context\":\"https:\\\/\\\/schema.org\",\"@graph\":[{\"@type\":\"WebPage\",\"@id\":\"https:\\\/\\\/suresms.com\\\/dk\\\/integrationer\\\/marketing-automation\\\/mailchimp\\\/\",\"url\":\"https:\\\/\\\/suresms.com\\\/dk\\\/integrationer\\\/marketing-automation\\\/mailchimp\\\/\",\"name\":\"MailChimp SMS l\u00f8sning til danske og nordiske kunder\",\"isPartOf\":{\"@id\":\"https:\\\/\\\/suresms.com\\\/en\\\/#website\"},\"primaryImageOfPage\":{\"@id\":\"https:\\\/\\\/suresms.com\\\/dk\\\/integrationer\\\/marketing-automation\\\/mailchimp\\\/#primaryimage\"},\"image\":{\"@id\":\"https:\\\/\\\/suresms.com\\\/dk\\\/integrationer\\\/marketing-automation\\\/mailchimp\\\/#primaryimage\"},\"thumbnailUrl\":\"https:\\\/\\\/suresms.com\\\/wp-content\\\/uploads\\\/2024\\\/08\\\/MailchimpSureSMS-1.png\",\"datePublished\":\"2024-08-14T05:53:04+00:00\",\"dateModified\":\"2025-01-04T23:03:07+00:00\",\"description\":\"Integrer SMS i MailChimp i dag. Gratis konto, nem ops\u00e6tning, kom hurtigt i gang med at skabe v\u00e6rdifulde automations og kampagner! En \u00e5bningsrate p\u00e5 98 %.\",\"breadcrumb\":{\"@id\":\"https:\\\/\\\/suresms.com\\\/dk\\\/integrationer\\\/marketing-automation\\\/mailchimp\\\/#breadcrumb\"},\"inLanguage\":\"es\",\"potentialAction\":[{\"@type\":\"ReadAction\",\"target\":[\"https:\\\/\\\/suresms.com\\\/dk\\\/integrationer\\\/marketing-automation\\\/mailchimp\\\/\"]}]},{\"@type\":\"ImageObject\",\"inLanguage\":\"es\",\"@id\":\"https:\\\/\\\/suresms.com\\\/dk\\\/integrationer\\\/marketing-automation\\\/mailchimp\\\/#primaryimage\",\"url\":\"https:\\\/\\\/suresms.com\\\/wp-content\\\/uploads\\\/2024\\\/08\\\/MailchimpSureSMS-1.png\",\"contentUrl\":\"https:\\\/\\\/suresms.com\\\/wp-content\\\/uploads\\\/2024\\\/08\\\/MailchimpSureSMS-1.png\"},{\"@type\":\"BreadcrumbList\",\"@id\":\"https:\\\/\\\/suresms.com\\\/dk\\\/integrationer\\\/marketing-automation\\\/mailchimp\\\/#breadcrumb\",\"itemListElement\":[{\"@type\":\"ListItem\",\"position\":1,\"name\":\"Home\",\"item\":\"https:\\\/\\\/suresms.com\\\/dk\\\/\"},{\"@type\":\"ListItem\",\"position\":2,\"name\":\"Integrationer\",\"item\":\"https:\\\/\\\/suresms.com\\\/dk\\\/integrationer\\\/\"},{\"@type\":\"ListItem\",\"position\":3,\"name\":\"SMS integration til Marketing Automation\",\"item\":\"https:\\\/\\\/suresms.com\\\/dk\\\/integrationer\\\/marketing-automation\\\/\"},{\"@type\":\"ListItem\",\"position\":4,\"name\":\"SMS integration til MailChimp\"}]},{\"@type\":\"WebSite\",\"@id\":\"https:\\\/\\\/suresms.com\\\/en\\\/#website\",\"url\":\"https:\\\/\\\/suresms.com\\\/en\\\/\",\"name\":\"SureSMS\",\"description\":\"Professionel SMS Gateway\",\"publisher\":{\"@id\":\"https:\\\/\\\/suresms.com\\\/en\\\/#organization\"},\"potentialAction\":[{\"@type\":\"SearchAction\",\"target\":{\"@type\":\"EntryPoint\",\"urlTemplate\":\"https:\\\/\\\/suresms.com\\\/en\\\/?s={search_term_string}\"},\"query-input\":{\"@type\":\"PropertyValueSpecification\",\"valueRequired\":true,\"valueName\":\"search_term_string\"}}],\"inLanguage\":\"es\"},{\"@type\":\"Organization\",\"@id\":\"https:\\\/\\\/suresms.com\\\/en\\\/#organization\",\"name\":\"SureSMS\",\"url\":\"https:\\\/\\\/suresms.com\\\/en\\\/\",\"logo\":{\"@type\":\"ImageObject\",\"inLanguage\":\"es\",\"@id\":\"https:\\\/\\\/suresms.com\\\/en\\\/#\\\/schema\\\/logo\\\/image\\\/\",\"url\":\"https:\\\/\\\/suresms.com\\\/wp-content\\\/uploads\\\/2024\\\/11\\\/suresms-300x65-1.png\",\"contentUrl\":\"https:\\\/\\\/suresms.com\\\/wp-content\\\/uploads\\\/2024\\\/11\\\/suresms-300x65-1.png\",\"width\":300,\"height\":65,\"caption\":\"SureSMS\"},\"image\":{\"@id\":\"https:\\\/\\\/suresms.com\\\/en\\\/#\\\/schema\\\/logo\\\/image\\\/\"},\"sameAs\":[\"https:\\\/\\\/www.facebook.com\\\/p\\\/SureSMS-100044607956149\\\/\"]}]}<\/script>\r\n<!-- \/ Yoast SEO Premium plugin. -->","yoast_head_json":{"title":"Soluci\u00f3n SMS de MailChimp para clientes daneses y n\u00f3rdicos","description":"Integra SMS en MailChimp hoy mismo. Cuenta gratuita, f\u00e1cil configuraci\u00f3n, \u00a1empieza a crear automatizaciones y campa\u00f1as valiosas r\u00e1pidamente! Una tasa de apertura de 98 %.","robots":{"index":"index","follow":"follow","max-snippet":"max-snippet:-1","max-image-preview":"max-image-preview:large","max-video-preview":"max-video-preview:-1"},"canonical":"https:\/\/suresms.com\/es\/integraciones\/automatizacion-del-marketing\/sms-de-klaviyo-3\/","og_locale":"es_ES","og_type":"article","og_title":"SMS integration til MailChimp","og_description":"Integrer SMS i MailChimp i dag. Gratis konto, nem ops\u00e6tning, kom hurtigt i gang med at skabe v\u00e6rdifulde automations og kampagner! En \u00e5bningsrate p\u00e5 98 %.","og_url":"https:\/\/suresms.com\/es\/integraciones\/automatizacion-del-marketing\/sms-de-klaviyo-3\/","article_publisher":"https:\/\/www.facebook.com\/p\/SureSMS-100044607956149\/","article_modified_time":"2025-01-04T23:03:07+00:00","og_image":[{"url":"https:\/\/suresms.com\/wp-content\/uploads\/2024\/08\/MailchimpSureSMS-1.png","type":"","width":"","height":""}],"twitter_card":"summary_large_image","twitter_misc":{"Tiempo de lectura":"9 minutos"},"schema":{"@context":"https:\/\/schema.org","@graph":[{"@type":"WebPage","@id":"https:\/\/suresms.com\/dk\/integrationer\/marketing-automation\/mailchimp\/","url":"https:\/\/suresms.com\/dk\/integrationer\/marketing-automation\/mailchimp\/","name":"Soluci\u00f3n SMS de MailChimp para clientes daneses y n\u00f3rdicos","isPartOf":{"@id":"https:\/\/suresms.com\/en\/#website"},"primaryImageOfPage":{"@id":"https:\/\/suresms.com\/dk\/integrationer\/marketing-automation\/mailchimp\/#primaryimage"},"image":{"@id":"https:\/\/suresms.com\/dk\/integrationer\/marketing-automation\/mailchimp\/#primaryimage"},"thumbnailUrl":"https:\/\/suresms.com\/wp-content\/uploads\/2024\/08\/MailchimpSureSMS-1.png","datePublished":"2024-08-14T05:53:04+00:00","dateModified":"2025-01-04T23:03:07+00:00","description":"Integra SMS en MailChimp hoy mismo. Cuenta gratuita, f\u00e1cil configuraci\u00f3n, \u00a1empieza a crear automatizaciones y campa\u00f1as valiosas r\u00e1pidamente! Una tasa de apertura de 98 %.","breadcrumb":{"@id":"https:\/\/suresms.com\/dk\/integrationer\/marketing-automation\/mailchimp\/#breadcrumb"},"inLanguage":"es","potentialAction":[{"@type":"ReadAction","target":["https:\/\/suresms.com\/dk\/integrationer\/marketing-automation\/mailchimp\/"]}]},{"@type":"ImageObject","inLanguage":"es","@id":"https:\/\/suresms.com\/dk\/integrationer\/marketing-automation\/mailchimp\/#primaryimage","url":"https:\/\/suresms.com\/wp-content\/uploads\/2024\/08\/MailchimpSureSMS-1.png","contentUrl":"https:\/\/suresms.com\/wp-content\/uploads\/2024\/08\/MailchimpSureSMS-1.png"},{"@type":"BreadcrumbList","@id":"https:\/\/suresms.com\/dk\/integrationer\/marketing-automation\/mailchimp\/#breadcrumb","itemListElement":[{"@type":"ListItem","position":1,"name":"Home","item":"https:\/\/suresms.com\/dk\/"},{"@type":"ListItem","position":2,"name":"Integrationer","item":"https:\/\/suresms.com\/dk\/integrationer\/"},{"@type":"ListItem","position":3,"name":"SMS integration til Marketing Automation","item":"https:\/\/suresms.com\/dk\/integrationer\/marketing-automation\/"},{"@type":"ListItem","position":4,"name":"SMS integration til MailChimp"}]},{"@type":"WebSite","@id":"https:\/\/suresms.com\/en\/#website","url":"https:\/\/suresms.com\/en\/","name":"SureSMS","description":"Pasarela SMS profesional","publisher":{"@id":"https:\/\/suresms.com\/en\/#organization"},"potentialAction":[{"@type":"SearchAction","target":{"@type":"EntryPoint","urlTemplate":"https:\/\/suresms.com\/en\/?s={search_term_string}"},"query-input":{"@type":"PropertyValueSpecification","valueRequired":true,"valueName":"search_term_string"}}],"inLanguage":"es"},{"@type":"Organization","@id":"https:\/\/suresms.com\/en\/#organization","name":"SureSMS","url":"https:\/\/suresms.com\/en\/","logo":{"@type":"ImageObject","inLanguage":"es","@id":"https:\/\/suresms.com\/en\/#\/schema\/logo\/image\/","url":"https:\/\/suresms.com\/wp-content\/uploads\/2024\/11\/suresms-300x65-1.png","contentUrl":"https:\/\/suresms.com\/wp-content\/uploads\/2024\/11\/suresms-300x65-1.png","width":300,"height":65,"caption":"SureSMS"},"image":{"@id":"https:\/\/suresms.com\/en\/#\/schema\/logo\/image\/"},"sameAs":["https:\/\/www.facebook.com\/p\/SureSMS-100044607956149\/"]}]}},"_links":{"self":[{"href":"https:\/\/suresms.com\/es\/wp-json\/wp\/v2\/pages\/18251","targetHints":{"allow":["GET"]}}],"collection":[{"href":"https:\/\/suresms.com\/es\/wp-json\/wp\/v2\/pages"}],"about":[{"href":"https:\/\/suresms.com\/es\/wp-json\/wp\/v2\/types\/page"}],"author":[{"embeddable":true,"href":"https:\/\/suresms.com\/es\/wp-json\/wp\/v2\/users\/1"}],"replies":[{"embeddable":true,"href":"https:\/\/suresms.com\/es\/wp-json\/wp\/v2\/comments?post=18251"}],"version-history":[{"count":5,"href":"https:\/\/suresms.com\/es\/wp-json\/wp\/v2\/pages\/18251\/revisions"}],"predecessor-version":[{"id":19723,"href":"https:\/\/suresms.com\/es\/wp-json\/wp\/v2\/pages\/18251\/revisions\/19723"}],"up":[{"embeddable":true,"href":"https:\/\/suresms.com\/es\/wp-json\/wp\/v2\/pages\/13367"}],"wp:attachment":[{"href":"https:\/\/suresms.com\/es\/wp-json\/wp\/v2\/media?parent=18251"}],"wp:term":[{"taxonomy":"category","embeddable":true,"href":"https:\/\/suresms.com\/es\/wp-json\/wp\/v2\/categories?post=18251"},{"taxonomy":"post_tag","embeddable":true,"href":"https:\/\/suresms.com\/es\/wp-json\/wp\/v2\/tags?post=18251"}],"curies":[{"name":"wp","href":"https:\/\/api.w.org\/{rel}","templated":true}]}}