{"id":18224,"date":"2024-08-05T09:41:36","date_gmt":"2024-08-05T07:41:36","guid":{"rendered":"https:\/\/www.suresms.com\/dk\/?page_id=18224"},"modified":"2025-06-04T13:54:10","modified_gmt":"2025-06-04T13:54:10","slug":"nombre-de-la-estacion-4","status":"publish","type":"page","link":"https:\/\/suresms.com\/es\/docs\/message\/outbox\/","title":{"rendered":"Bandeja de salida"},"content":{"rendered":"<!-- Flexy Breadcrumb -->\r\n\t\t\t<div class=\"fbc fbc-page\">\r\n\r\n\t\t\t\t<!-- Breadcrumb wrapper -->\r\n\t\t\t\t<div class=\"fbc-wrap\">\r\n\r\n\t\t\t\t\t<!-- Ordered list-->\r\n\t\t\t\t\t<ol class=\"fbc-items\" itemscope itemtype=\"https:\/\/schema.org\/BreadcrumbList\">\r\n\t\t\t\t\t\t            <li itemprop=\"itemListElement\" itemscope itemtype=\"https:\/\/schema.org\/ListItem\">\r\n                <span itemprop=\"name\">\r\n                    <!-- Home Link -->\r\n                    <a itemprop=\"item\" href=\"https:\/\/suresms.com\/es\/\">\r\n                    \r\n                                                    <i class=\"fa fa-home\" aria-hidden=\"true\"><\/i>Inicio                    <\/a>\r\n                <\/span>\r\n                <meta itemprop=\"position\" content=\"1\" \/><!-- Meta Position-->\r\n             <\/li><li><span class=\"fbc-separator\">\/<\/span><\/li><li class=\"active\" itemprop=\"itemListElement\" itemscope itemtype=\"https:\/\/schema.org\/ListItem\"><span itemprop=\"name\" title=\"Bandeja de salida\">Bandeja de salida<\/span><meta itemprop=\"position\" content=\"2\" \/><\/li>\t\t\t\t\t<\/ol>\r\n\t\t\t\t\t<div class=\"clearfix\"><\/div>\r\n\t\t\t\t<\/div>\r\n\t\t\t<\/div>\r\n\t\t\t\n<h1>\n\t\t\tBandeja de salida\t<\/h1>\n\t<p>A continuaci\u00f3n puedes leer sobre la bandeja de salida y qu\u00e9 informaci\u00f3n puedes ver y filtrar.<\/p>\n<h2>\n\t\t\tBandeja de salida\t<\/h2>\n\t<p>La bandeja de salida contiene los mensajes que se han enviado o que est\u00e1n listos para ser enviados. B\u00e1sicamente, tiene este aspecto. A continuaci\u00f3n puedes ver un breve v\u00eddeo que describe c\u00f3mo funciona la bandeja de salida. Pero tambi\u00e9n puedes leer sobre cada punto m\u00e1s abajo.<\/p>\n\t\t\t\t\t<video src=\"https:\/\/suresms.com\/wp-content\/uploads\/2024\/08\/Dokumentation-Udbakken-1.mp4\" alt=\"hosted-video-thumbnail\"><\/video>\n\t\t<h2>\n\t\t\tColumnas\t<\/h2>\n\t<p><em>Al n\u00famero:\u00a0<\/em>Contiene el n\u00famero al que se env\u00eda el mensaje.<\/p>\n<p><em>Mensaje:\u00a0<\/em>El mensaje real que se ha enviado. Ten en cuenta que el texto no refleja necesariamente c\u00f3mo se ve en el tel\u00e9fono. Los tel\u00e9fonos pueden formatear los mensajes de manera diferente, por lo que depende del tel\u00e9fono del destinatario exactamente c\u00f3mo se ve.<\/p>\n<p><em>Hora: <\/em>Es la hora a la que se envi\u00f3 el mensaje o a la que est\u00e1 previsto que se env\u00ede.<\/p>\n<p><em>Enviar: <\/em>Haga clic en el icono para acceder r\u00e1pidamente a\u00a0<a href=\"https:\/\/suresms.com\/es\/docs\/cuenta-3\/nombre-de-la-estacion-3\/\"><em>Nuevo mensaje<\/em><\/a> y enviar un nuevo mensaje al mismo destinatario.<\/p>\n<p><em>OK<\/em>Descripci\u00f3n visual del estado del mensaje. Si es verde, significa que el mensaje ha sido enviado. Si es amarillo, significa que el mensaje est\u00e1 en camino. Si es rojo, significa que no puede ser entregado. Una flecha azul desplaz\u00e1ndose significa que a\u00fan no se ha enviado.<\/p>\n<p><em>Estado:\u00a0<\/em>Descripci\u00f3n del estado del mensaje. Pasa el rat\u00f3n por encima de la descripci\u00f3n para obtener una elaboraci\u00f3n.<\/p>\n<p><em>Info:\u00a0<\/em>Pulse en la flecha para ver una descripci\u00f3n detallada del mensaje.<\/p>\n<h2>\n\t\t\tBarra superior\t<\/h2>\n\t\t\t\t<img decoding=\"async\" src=\"https:\/\/suresms.com\/wp-content\/uploads\/2024\/08\/Skaermbillede-2024-08-05-102405.png\" alt=\"Captura de pantalla 2024-08-05 102405\" itemprop=\"image\" height=\"149\" width=\"2005\" title=\"Captura de pantalla 2024-08-05 102405\" onerror=\"this.style.display='none'\" loading='lazy' \/>\n\t<p><em>Busca:<\/em> En la barra superior puedes buscar los mensajes que has enviado. La b\u00fasqueda se limita al intervalo de fechas establecido.<\/p>\n<p><em>Date:\u00a0<\/em>S\u00f3lo ver\u00e1 los mensajes del intervalo de fechas que haya seleccionado. Ambas fechas se incluyen en la lista.<\/p>\n<p><em>Por p\u00e1gina:\u00a0<\/em> Establece cu\u00e1ntos mensajes quieres por p\u00e1gina. Puedes pasar a la p\u00e1gina siguiente con las flechas de la parte inferior de la p\u00e1gina.<\/p>\n<p><em>Filtrar:\u00a0<\/em>Si desea filtrar los mensajes, por ejemplo, por estado o por si se han visitado los enlaces, puede utilizar esta funci\u00f3n.<\/p>\n<p><em>Elecci\u00f3n:\u00a0<\/em>Marcando un mensaje con una cruz a la izquierda del mensaje, puede borrarlo, reenviarlo o exportarlo.<\/p>\n<p>&nbsp;<\/p>\n<h2>\n\t\t\tEliminar un mensaje de la bandeja de salida\t<\/h2>\n\t<p>Es posible suprimir uno o varios mensajes de la bandeja de salida. Para ello, marque los mensajes que desea eliminar a la izquierda del mensaje. A continuaci\u00f3n, haga clic en la selecci\u00f3n en la esquina superior derecha y luego haga clic en \"Eliminar\".<\/p>\n\t<p>Tambi\u00e9n tienes la opci\u00f3n de borrar todos los mensajes seleccionando todos los mensajes con la marca de verificaci\u00f3n superior. Tenga en cuenta que el sistema s\u00f3lo borrar\u00e1 los seleccionados. As\u00ed que si quieres borrar todos los mensajes, primero debes seleccionar un tama\u00f1o de p\u00e1gina de \"Todos\"<\/p>\n\t\t\t\t\t<video src=\"https:\/\/suresms.com\/wp-content\/uploads\/2025\/06\/Dokumentation-Slet-besked-i-udbakken.mp4\" alt=\"hosted-video-thumbnail\"><\/video>","protected":false},"excerpt":{"rendered":"<p>Bandeja de salida A continuaci\u00f3n puedes leer sobre la bandeja de salida y qu\u00e9 informaci\u00f3n puedes ver y filtrar. Bandeja de salida La bandeja de salida contiene mensajes que han sido enviados o est\u00e1n listos para ser enviados. B\u00e1sicamente, tiene este aspecto. A continuaci\u00f3n puedes ver un breve v\u00eddeo que describe c\u00f3mo funciona la bandeja de salida. Pero tambi\u00e9n puedes leer sobre ... <a title=\"Bandeja de salida\" class=\"read-more\" href=\"https:\/\/suresms.com\/es\/docs\/message\/outbox\/\" aria-label=\"Leer m\u00e1s sobre Outbox\">M\u00e1s informaci\u00f3n<\/a><\/p>","protected":false},"author":1,"featured_media":0,"parent":18168,"menu_order":0,"comment_status":"closed","ping_status":"closed","template":"","meta":{"_fl_builder_enabled":"1","_fl_builder_data":null,"_fl_builder_draft":null,"_fl_builder_data_settings":null,"_fl_builder_css":"","_fl_builder_css_version":"","_fl_builder_js":"","footnotes":""},"categories":[],"tags":[],"class_list":["post-18224","page","type-page","status-publish"],"yoast_head":"<!-- This site is optimized with the Yoast SEO Premium plugin v27.3 (Yoast SEO v27.3) - https:\/\/yoast.com\/product\/yoast-seo-premium-wordpress\/ -->\r\n<title>Outbox -<\/title>\r\n<meta name=\"robots\" content=\"index, follow, max-snippet:-1, max-image-preview:large, max-video-preview:-1\" \/>\r\n<link rel=\"canonical\" href=\"https:\/\/suresms.com\/es\/docs\/cuenta-3\/nombre-de-la-estacion-4\/\" \/>\r\n<meta property=\"og:locale\" content=\"es_ES\" \/>\r\n<meta property=\"og:type\" content=\"article\" \/>\r\n<meta property=\"og:title\" content=\"Outbox\" \/>\r\n<meta property=\"og:description\" content=\"Udbakke Herunder kan du l\u00e6se om udbakken og hvilke informationer du kan se og filtrere. Udbakken Udbakken indeholder de beskeder der er sendt eller som ligger klar til at blive sendt. I udgangspunktet ser denne s\u00e5ledes ud. Du kan se en kort video herunder der beskriver hvordan udbakken virker. Men du kan ogs\u00e5 l\u00e6se om ... Leer m\u00e1s\" \/>\r\n<meta property=\"og:url\" content=\"https:\/\/suresms.com\/es\/docs\/cuenta-3\/nombre-de-la-estacion-4\/\" \/>\r\n<meta property=\"article:publisher\" content=\"https:\/\/www.facebook.com\/p\/SureSMS-100044607956149\/\" \/>\r\n<meta property=\"article:modified_time\" content=\"2025-06-04T13:54:10+00:00\" \/>\r\n<meta property=\"og:image\" content=\"https:\/\/suresms.com\/wp-content\/uploads\/2024\/08\/Skaermbillede-2024-08-05-102405.png\" \/>\r\n<meta name=\"twitter:card\" content=\"summary_large_image\" \/>\r\n<meta name=\"twitter:label1\" content=\"Tiempo de lectura\" \/>\n\t<meta name=\"twitter:data1\" content=\"3 minutos\" \/>\r\n<script type=\"application\/ld+json\" class=\"yoast-schema-graph\">{\"@context\":\"https:\\\/\\\/schema.org\",\"@graph\":[{\"@type\":\"WebPage\",\"@id\":\"https:\\\/\\\/suresms.com\\\/dk\\\/docs\\\/message\\\/outbox\\\/\",\"url\":\"https:\\\/\\\/suresms.com\\\/dk\\\/docs\\\/message\\\/outbox\\\/\",\"name\":\"Outbox -\",\"isPartOf\":{\"@id\":\"https:\\\/\\\/suresms.com\\\/en\\\/#website\"},\"primaryImageOfPage\":{\"@id\":\"https:\\\/\\\/suresms.com\\\/dk\\\/docs\\\/message\\\/outbox\\\/#primaryimage\"},\"image\":{\"@id\":\"https:\\\/\\\/suresms.com\\\/dk\\\/docs\\\/message\\\/outbox\\\/#primaryimage\"},\"thumbnailUrl\":\"https:\\\/\\\/suresms.com\\\/wp-content\\\/uploads\\\/2024\\\/08\\\/Skaermbillede-2024-08-05-102405.png\",\"datePublished\":\"2024-08-05T07:41:36+00:00\",\"dateModified\":\"2025-06-04T13:54:10+00:00\",\"breadcrumb\":{\"@id\":\"https:\\\/\\\/suresms.com\\\/dk\\\/docs\\\/message\\\/outbox\\\/#breadcrumb\"},\"inLanguage\":\"es\",\"potentialAction\":[{\"@type\":\"ReadAction\",\"target\":[\"https:\\\/\\\/suresms.com\\\/dk\\\/docs\\\/message\\\/outbox\\\/\"]}]},{\"@type\":\"ImageObject\",\"inLanguage\":\"es\",\"@id\":\"https:\\\/\\\/suresms.com\\\/dk\\\/docs\\\/message\\\/outbox\\\/#primaryimage\",\"url\":\"https:\\\/\\\/suresms.com\\\/wp-content\\\/uploads\\\/2024\\\/08\\\/Skaermbillede-2024-08-05-102405.png\",\"contentUrl\":\"https:\\\/\\\/suresms.com\\\/wp-content\\\/uploads\\\/2024\\\/08\\\/Skaermbillede-2024-08-05-102405.png\"},{\"@type\":\"BreadcrumbList\",\"@id\":\"https:\\\/\\\/suresms.com\\\/dk\\\/docs\\\/message\\\/outbox\\\/#breadcrumb\",\"itemListElement\":[{\"@type\":\"ListItem\",\"position\":1,\"name\":\"Home\",\"item\":\"https:\\\/\\\/suresms.com\\\/dk\\\/\"},{\"@type\":\"ListItem\",\"position\":2,\"name\":\"Dokumentation\",\"item\":\"https:\\\/\\\/suresms.com\\\/dk\\\/docs\\\/\"},{\"@type\":\"ListItem\",\"position\":3,\"name\":\"Beskeder\",\"item\":\"https:\\\/\\\/suresms.com\\\/dk\\\/docs\\\/message\\\/\"},{\"@type\":\"ListItem\",\"position\":4,\"name\":\"Outbox\"}]},{\"@type\":\"WebSite\",\"@id\":\"https:\\\/\\\/suresms.com\\\/en\\\/#website\",\"url\":\"https:\\\/\\\/suresms.com\\\/en\\\/\",\"name\":\"SureSMS\",\"description\":\"Professionel SMS Gateway\",\"publisher\":{\"@id\":\"https:\\\/\\\/suresms.com\\\/en\\\/#organization\"},\"potentialAction\":[{\"@type\":\"SearchAction\",\"target\":{\"@type\":\"EntryPoint\",\"urlTemplate\":\"https:\\\/\\\/suresms.com\\\/en\\\/?s={search_term_string}\"},\"query-input\":{\"@type\":\"PropertyValueSpecification\",\"valueRequired\":true,\"valueName\":\"search_term_string\"}}],\"inLanguage\":\"es\"},{\"@type\":\"Organization\",\"@id\":\"https:\\\/\\\/suresms.com\\\/en\\\/#organization\",\"name\":\"SureSMS\",\"url\":\"https:\\\/\\\/suresms.com\\\/en\\\/\",\"logo\":{\"@type\":\"ImageObject\",\"inLanguage\":\"es\",\"@id\":\"https:\\\/\\\/suresms.com\\\/en\\\/#\\\/schema\\\/logo\\\/image\\\/\",\"url\":\"https:\\\/\\\/suresms.com\\\/wp-content\\\/uploads\\\/2024\\\/11\\\/suresms-300x65-1.png\",\"contentUrl\":\"https:\\\/\\\/suresms.com\\\/wp-content\\\/uploads\\\/2024\\\/11\\\/suresms-300x65-1.png\",\"width\":300,\"height\":65,\"caption\":\"SureSMS\"},\"image\":{\"@id\":\"https:\\\/\\\/suresms.com\\\/en\\\/#\\\/schema\\\/logo\\\/image\\\/\"},\"sameAs\":[\"https:\\\/\\\/www.facebook.com\\\/p\\\/SureSMS-100044607956149\\\/\"]}]}<\/script>\r\n<!-- \/ Yoast SEO Premium plugin. -->","yoast_head_json":{"title":"Bandeja de salida -","robots":{"index":"index","follow":"follow","max-snippet":"max-snippet:-1","max-image-preview":"max-image-preview:large","max-video-preview":"max-video-preview:-1"},"canonical":"https:\/\/suresms.com\/es\/docs\/cuenta-3\/nombre-de-la-estacion-4\/","og_locale":"es_ES","og_type":"article","og_title":"Outbox","og_description":"Udbakke Herunder kan du l\u00e6se om udbakken og hvilke informationer du kan se og filtrere. Udbakken Udbakken indeholder de beskeder der er sendt eller som ligger klar til at blive sendt. I udgangspunktet ser denne s\u00e5ledes ud. Du kan se en kort video herunder der beskriver hvordan udbakken virker. Men du kan ogs\u00e5 l\u00e6se om ... Leer m\u00e1s","og_url":"https:\/\/suresms.com\/es\/docs\/cuenta-3\/nombre-de-la-estacion-4\/","article_publisher":"https:\/\/www.facebook.com\/p\/SureSMS-100044607956149\/","article_modified_time":"2025-06-04T13:54:10+00:00","og_image":[{"url":"https:\/\/suresms.com\/wp-content\/uploads\/2024\/08\/Skaermbillede-2024-08-05-102405.png","type":"","width":"","height":""}],"twitter_card":"summary_large_image","twitter_misc":{"Tiempo de lectura":"3 minutos"},"schema":{"@context":"https:\/\/schema.org","@graph":[{"@type":"WebPage","@id":"https:\/\/suresms.com\/dk\/docs\/message\/outbox\/","url":"https:\/\/suresms.com\/dk\/docs\/message\/outbox\/","name":"Bandeja de salida -","isPartOf":{"@id":"https:\/\/suresms.com\/en\/#website"},"primaryImageOfPage":{"@id":"https:\/\/suresms.com\/dk\/docs\/message\/outbox\/#primaryimage"},"image":{"@id":"https:\/\/suresms.com\/dk\/docs\/message\/outbox\/#primaryimage"},"thumbnailUrl":"https:\/\/suresms.com\/wp-content\/uploads\/2024\/08\/Skaermbillede-2024-08-05-102405.png","datePublished":"2024-08-05T07:41:36+00:00","dateModified":"2025-06-04T13:54:10+00:00","breadcrumb":{"@id":"https:\/\/suresms.com\/dk\/docs\/message\/outbox\/#breadcrumb"},"inLanguage":"es","potentialAction":[{"@type":"ReadAction","target":["https:\/\/suresms.com\/dk\/docs\/message\/outbox\/"]}]},{"@type":"ImageObject","inLanguage":"es","@id":"https:\/\/suresms.com\/dk\/docs\/message\/outbox\/#primaryimage","url":"https:\/\/suresms.com\/wp-content\/uploads\/2024\/08\/Skaermbillede-2024-08-05-102405.png","contentUrl":"https:\/\/suresms.com\/wp-content\/uploads\/2024\/08\/Skaermbillede-2024-08-05-102405.png"},{"@type":"BreadcrumbList","@id":"https:\/\/suresms.com\/dk\/docs\/message\/outbox\/#breadcrumb","itemListElement":[{"@type":"ListItem","position":1,"name":"Home","item":"https:\/\/suresms.com\/dk\/"},{"@type":"ListItem","position":2,"name":"Dokumentation","item":"https:\/\/suresms.com\/dk\/docs\/"},{"@type":"ListItem","position":3,"name":"Beskeder","item":"https:\/\/suresms.com\/dk\/docs\/message\/"},{"@type":"ListItem","position":4,"name":"Outbox"}]},{"@type":"WebSite","@id":"https:\/\/suresms.com\/en\/#website","url":"https:\/\/suresms.com\/en\/","name":"SureSMS","description":"Pasarela SMS profesional","publisher":{"@id":"https:\/\/suresms.com\/en\/#organization"},"potentialAction":[{"@type":"SearchAction","target":{"@type":"EntryPoint","urlTemplate":"https:\/\/suresms.com\/en\/?s={search_term_string}"},"query-input":{"@type":"PropertyValueSpecification","valueRequired":true,"valueName":"search_term_string"}}],"inLanguage":"es"},{"@type":"Organization","@id":"https:\/\/suresms.com\/en\/#organization","name":"SureSMS","url":"https:\/\/suresms.com\/en\/","logo":{"@type":"ImageObject","inLanguage":"es","@id":"https:\/\/suresms.com\/en\/#\/schema\/logo\/image\/","url":"https:\/\/suresms.com\/wp-content\/uploads\/2024\/11\/suresms-300x65-1.png","contentUrl":"https:\/\/suresms.com\/wp-content\/uploads\/2024\/11\/suresms-300x65-1.png","width":300,"height":65,"caption":"SureSMS"},"image":{"@id":"https:\/\/suresms.com\/en\/#\/schema\/logo\/image\/"},"sameAs":["https:\/\/www.facebook.com\/p\/SureSMS-100044607956149\/"]}]}},"_links":{"self":[{"href":"https:\/\/suresms.com\/es\/wp-json\/wp\/v2\/pages\/18224","targetHints":{"allow":["GET"]}}],"collection":[{"href":"https:\/\/suresms.com\/es\/wp-json\/wp\/v2\/pages"}],"about":[{"href":"https:\/\/suresms.com\/es\/wp-json\/wp\/v2\/types\/page"}],"author":[{"embeddable":true,"href":"https:\/\/suresms.com\/es\/wp-json\/wp\/v2\/users\/1"}],"replies":[{"embeddable":true,"href":"https:\/\/suresms.com\/es\/wp-json\/wp\/v2\/comments?post=18224"}],"version-history":[{"count":3,"href":"https:\/\/suresms.com\/es\/wp-json\/wp\/v2\/pages\/18224\/revisions"}],"predecessor-version":[{"id":23421,"href":"https:\/\/suresms.com\/es\/wp-json\/wp\/v2\/pages\/18224\/revisions\/23421"}],"up":[{"embeddable":true,"href":"https:\/\/suresms.com\/es\/wp-json\/wp\/v2\/pages\/18168"}],"wp:attachment":[{"href":"https:\/\/suresms.com\/es\/wp-json\/wp\/v2\/media?parent=18224"}],"wp:term":[{"taxonomy":"category","embeddable":true,"href":"https:\/\/suresms.com\/es\/wp-json\/wp\/v2\/categories?post=18224"},{"taxonomy":"post_tag","embeddable":true,"href":"https:\/\/suresms.com\/es\/wp-json\/wp\/v2\/tags?post=18224"}],"curies":[{"name":"wp","href":"https:\/\/api.w.org\/{rel}","templated":true}]}}