{"id":18183,"date":"2024-07-10T18:12:05","date_gmt":"2024-07-10T16:12:05","guid":{"rendered":"https:\/\/www.suresms.com\/dk\/?page_id=18183"},"modified":"2026-02-17T05:14:01","modified_gmt":"2026-02-17T05:14:01","slug":"nombre-de-la-estacion-3","status":"publish","type":"page","link":"https:\/\/suresms.com\/es\/docs\/message\/newmessage\/","title":{"rendered":"Nuevo mensaje"},"content":{"rendered":"<!-- Flexy Breadcrumb -->\r\n\t\t\t<div class=\"fbc fbc-page\">\r\n\r\n\t\t\t\t<!-- Breadcrumb wrapper -->\r\n\t\t\t\t<div class=\"fbc-wrap\">\r\n\r\n\t\t\t\t\t<!-- Ordered list-->\r\n\t\t\t\t\t<ol class=\"fbc-items\" itemscope itemtype=\"https:\/\/schema.org\/BreadcrumbList\">\r\n\t\t\t\t\t\t            <li itemprop=\"itemListElement\" itemscope itemtype=\"https:\/\/schema.org\/ListItem\">\r\n                <span itemprop=\"name\">\r\n                    <!-- Home Link -->\r\n                    <a itemprop=\"item\" href=\"https:\/\/suresms.com\/es\/\">\r\n                    \r\n                                                    <i class=\"fa fa-home\" aria-hidden=\"true\"><\/i>Inicio                    <\/a>\r\n                <\/span>\r\n                <meta itemprop=\"position\" content=\"1\" \/><!-- Meta Position-->\r\n             <\/li><li><span class=\"fbc-separator\">\/<\/span><\/li><li class=\"active\" itemprop=\"itemListElement\" itemscope itemtype=\"https:\/\/schema.org\/ListItem\"><span itemprop=\"name\" title=\"Nuevo mensaje\">Nuevo mensaje<\/span><meta itemprop=\"position\" content=\"2\" \/><\/li>\t\t\t\t\t<\/ol>\r\n\t\t\t\t\t<div class=\"clearfix\"><\/div>\r\n\t\t\t\t<\/div>\r\n\t\t\t<\/div>\r\n\t\t\t\n<h1>\n\t\t\tNuevo mensaje\t<\/h1>\n\t<p>A continuaci\u00f3n puede leer sobre la captura de pantalla\u00a0<em>Nuevo mensaje<\/em>. Se explica cada campo y se ofrecen enlaces para profundizar en algunas descripciones.<\/p>\n<h2>\n\t\t\tCrear un nuevo mensaje\t<\/h2>\n\t<p>Empecemos por ver la nueva captura de pantalla de env\u00edo de mensajes. A continuaci\u00f3n puede ver la captura de pantalla completa de\u00a0<em>Nuevo mensaje.\u00a0<\/em>La siguiente explicaci\u00f3n se refiere a esta pantalla y a los distintos elementos que la componen.<\/p>\n<figure itemscope itemtype=\"https:\/\/schema.org\/ImageObject\">\n\t\t\t\t<img decoding=\"async\" src=\"https:\/\/suresms.com\/wp-content\/uploads\/2024\/07\/Ny-besked-skaermbillede-1.png\" alt=\"Captura de pantalla del nuevo mensaje\" height=\"2152\" width=\"2277\" title=\"Captura de pantalla del nuevo mensaje\" onerror=\"this.style.display='none'\" loading=\"lazy\" \/>\n\t<\/figure>\n\t<p><strong><em>C\u00f3digo del pa\u00eds:\u00a0<\/em><\/strong>Seleccione el c\u00f3digo de pa\u00eds del destinatario. Si selecciona a partir de grupos de la Agenda, este campo no se utiliza, ya que cada contacto de la Agenda tiene su propio c\u00f3digo de pa\u00eds. Si s\u00f3lo desea introducir un n\u00famero en el campo del destinatario, el c\u00f3digo de pa\u00eds debe ser correcto. El sistema recuerda el c\u00f3digo de pa\u00eds de vez en cuando.<\/p>\n<p><strong><em>N\u00famero de tel\u00e9fono<\/em><\/strong>: Aqu\u00ed se introduce el n\u00famero de tel\u00e9fono. Sin espacios, guiones ni nada. Tambi\u00e9n puedes pegarlo. Por ejemplo, puedes seleccionar muchos n\u00fameros de Excel y ponerlos todos en este campo.<\/p>\n<p><strong><em>Mensaje:\u00a0<\/em><\/strong>Aqu\u00ed escribes el mensaje propiamente dicho. Debajo del mensaje puedes ver cu\u00e1ntos caracteres has escrito, en cu\u00e1ntos SMS se traducir\u00e1 y cu\u00e1nto cuesta enviar el mensaje.<\/p>\n<h2>\n\t\t\tUso de plantillas\t<\/h2>\n\t<p>Es posible crear plantillas en el sistema. Las plantillas son mensajes est\u00e1ndar que se almacenan en el sistema y pueden seleccionarse al enviar un mensaje. Por ejemplo, podr\u00eda ser \"Recuerde su cita de ma\u00f1ana\". A continuaci\u00f3n, basta con seleccionar la plantilla correcta y pulsar enviar.<\/p>\n\t<p>Acceda a su cuenta de SureSMS aqu\u00ed : <a href=\"https:\/\/app.suresms.com\" target=\"_blank\" rel=\"noopener\">https:\/\/app.suresms.com<\/a><\/p>\n<p>En el men\u00fa, seleccione <em>Nuevo mensaje\u00a0<\/em><\/p>\n<p>Haga clic en el bot\u00f3n <em>Elecci\u00f3n<\/em> a la derecha, encima del propio campo de mensaje<\/p>\n<p>Haga clic en el bot\u00f3n <em>Gestionar plantillas<\/em><\/p>\n<p>Ahora puede crear, editar y eliminar las plantillas.<\/p>\n<p>Cuando necesite utilizar una plantilla, haga lo mismo pero seleccione <em>Utilizar plantilla<\/em> en el men\u00fa. A continuaci\u00f3n, seleccione la plantilla que desea utilizar y haga clic en Aceptar.<\/p>\n\t\t\t\t\t<video src=\"https:\/\/suresms.com\/wp-content\/uploads\/2024\/10\/Dokumentation-Skabeloner-i-beskeder.mp4\" alt=\"hosted-video-thumbnail\"><\/video>\n\t\t<h2>\n\t\t\tFusionar informaci\u00f3n en el mensaje\t<\/h2>\n\t<p>Acceda a su cuenta de SureSMS aqu\u00ed : <a href=\"https:\/\/app.suresms.com\" target=\"_blank\" rel=\"noopener\">https:\/\/app.suresms.com<\/a><\/p>\n<p>En el men\u00fa, seleccione <em>Nuevo mensaje\u00a0<\/em><\/p>\n<p>Haga clic en el bot\u00f3n <em>Elecci\u00f3n<\/em> a la derecha, encima del propio campo de mensaje<\/p>\n<p>Haga clic en el bot\u00f3n <em>Gestionar plantillas<\/em><\/p>\n<p>Ahora puede crear, editar y eliminar las plantillas.<\/p>\n<p>Cuando necesite utilizar una plantilla, haga lo mismo pero seleccione <em>Utilizar plantilla<\/em> en el men\u00fa. A continuaci\u00f3n, seleccione la plantilla que desea utilizar y haga clic en Aceptar.<\/p>\n\t\t\t\t\t<video src=\"https:\/\/suresms.com\/wp-content\/uploads\/2024\/10\/Dokumentation-Skabeloner-i-beskeder.mp4\" alt=\"hosted-video-thumbnail\"><\/video>\n\t\t<h2>\n\t\t\tA\u00f1adir enlaces a los mensajes\t<\/h2>\n\t<p>Es posible a\u00f1adir enlaces a tus mensajes. Puedes a\u00f1adir distintos tipos de enlaces:<\/p>\n<p>1. Enlaces regulares a sitios web, pero en los que puedes medir cu\u00e1ntas personas hacen clic en el enlace.<\/p>\n<p>2. Enlace a archivos como PDF<\/p>\n<p>3. Enlaces MobilePay para el pago directo en el mensaje SMS<\/p>\n<p>En este v\u00eddeo puedes ver c\u00f3mo a\u00f1adir los distintos tipos de enlaces<\/p>\n\t\t\t\t\t<video src=\"https:\/\/suresms.com\/wp-content\/uploads\/2026\/02\/Dokumentation-Ny-besked-Tilfoejelse-af-Links-i-beskeder.mp4\" alt=\"hosted-video-thumbnail\"><\/video>\n\t\t<h2>\n\t\t\tCrear n\u00famero de tel\u00e9fono de entrada\t<\/h2>\n\t<p>Si quieres recibir SMS de respuesta directamente en la plataforma SureSMS o en un correo electr\u00f3nico, necesitas una soluci\u00f3n SMS bidireccional. La parte m\u00e1s importante de esta soluci\u00f3n es que necesitas tener un n\u00famero de tel\u00e9fono con SureSMS en el que puedas recibir mensajes SMS. Esto cuesta 99,- DKK al mes. No hay cancelaci\u00f3n de un n\u00famero.<\/p>\n\t<p>Acceda a su cuenta de SureSMS aqu\u00ed : <a href=\"https:\/\/app.suresms.com\" target=\"_blank\" rel=\"noopener\">https:\/\/app.suresms.com<\/a><\/p>\n<p>Aseg\u00farese de que tiene m\u00e1s de 99,- en su cuenta, de lo contrario vaya al pago en l\u00ednea<\/p>\n<p>En el men\u00fa, seleccione <em>Configuraci\u00f3n -&gt; Nombre del remitente<\/em> y luego\u00a0<em>Elecci\u00f3n\u00a0<\/em>en la esquina superior derecha.<\/p>\n<p>Seleccione <em>N\u00famero de SMS entrantes <\/em>en el submen\u00fa<\/p>\n<p>Seleccione el n\u00famero entrante que desee de la lista de n\u00fameros disponibles<\/p>\n<p>Haga clic en el bot\u00f3n <em>Pida<\/em><\/p>\n<p>Su n\u00famero entrante se activa inmediatamente.<\/p>\n\t\t\t\t\t<video src=\"https:\/\/suresms.com\/wp-content\/uploads\/2024\/07\/Dokumentation-Bestil-indgaaende-SMS-nummer.mp4\" alt=\"hosted-video-thumbnail\"><\/video>\n\t\t\t\t\t\t\t\t\t\tSi quieres recibir los SMS entrantes en tu correo electr\u00f3nico \n\t\t\t\t\t<p>Haga clic en el bot\u00f3n\u00a0<em>Ajustes y preferencias<\/em> en el men\u00fa<\/p>\n<p>Haga clic en el bot\u00f3n\u00a0<em>Cuenta<\/em><\/p>\n<p>Haga clic en el bot\u00f3n <em>Configuraci\u00f3n de la cuenta<\/em><\/p>\n<p>Haga clic en \"editar\".<\/p>\n<p>Marque la casilla\u00a0<em>Enviar SMS entrantes como correo electr\u00f3nico<\/em><\/p>\n<p>Aseg\u00farese de que la direcci\u00f3n de correo electr\u00f3nico es correcta<\/p>\n<p>Haga clic en el bot\u00f3n <em>Gema<\/em><\/p>\n<h2>\n\t\t\tBorrar n\u00famero de tel\u00e9fono entrante\t<\/h2>\n\t<p>Si ya no necesitas un n\u00famero de SMS entrantes, es buena idea borrarlo. As\u00ed evitar\u00e1s que los destinatarios te env\u00eden mensajes por error y ahorrar\u00e1s dinero. Lee a continuaci\u00f3n c\u00f3mo eliminar un n\u00famero de SMS entrantes.<\/p>\n\t<p>Acceda a su cuenta de SureSMS aqu\u00ed : <a href=\"https:\/\/app.suresms.com\" target=\"_blank\" rel=\"noopener\">https:\/\/app.suresms.com<\/a><\/p>\n<p>Aseg\u00farese de que tiene m\u00e1s de 99,- en su cuenta, de lo contrario vaya al pago en l\u00ednea<\/p>\n<p>En el men\u00fa, seleccione <em>Configuraci\u00f3n -&gt; Nombre del remitente<\/em><\/p>\n<p>Haga clic en el bot\u00f3n <em>Borrar <\/em>junto al n\u00famero o nombre que desea eliminar<\/p>\n<p>Vuelve a escribir el n\u00famero o el nombre y pulsa <em>OK<\/em><\/p>\n<p>Su n\u00famero se borrar\u00e1 inmediatamente. La facturaci\u00f3n del n\u00famero se realiza cada 1 de mes.<\/p>\n<p>No se le reembolsar\u00e1n las cantidades abonadas.\u00a0<\/p>\n\t\t\t\t\t<video src=\"https:\/\/suresms.com\/wp-content\/uploads\/2024\/07\/Dokumentation-Slet-afsendernavn-og-indgaaende-SMS-nummer.mp4\" alt=\"hosted-video-thumbnail\"><\/video>\n\t\t<h2>\n\t\t\tImportar mensajes desde un archivo\t<\/h2>\n\t<p>Puedes crear un archivo CSV con todos tus mensajes, importarlo y enviarlo directamente desde la pesta\u00f1a Nuevo mensaje. A continuaci\u00f3n te explicamos c\u00f3mo hacerlo.<\/p>\n<p>En primer lugar, cree un archivo CSV con las siguientes columnas<\/p>\nColumna 1: C\u00f3digo del pa\u00eds<br \/>\nColumna 2: N\u00famero de tel\u00e9fono<br \/>\nColumna 3: El mensaje a enviar<br \/>\nColumna 4: Hora de env\u00edo del mensaje (Opcional)\n<p>Encima del campo del destinatario, haga clic en <em>Elecci\u00f3n<\/em> y, a continuaci\u00f3n, pulse <em>Importar desde archivo.\u00a0<\/em><\/p>\n<p>Arrastre su archivo al campo de carga y haga clic en <em>Importaci\u00f3n.<\/em><\/p>\n<p>Revise los mensajes a enviar. Si est\u00e1n bien, haga clic en Enviar.<\/p>","protected":false},"excerpt":{"rendered":"<p>Nuevo mensaje A continuaci\u00f3n encontrar\u00e1 informaci\u00f3n sobre la pantalla Nuevo mensaje. Se explica cada campo y se ofrecen enlaces de profundizaci\u00f3n para algunas descripciones. Crear mensaje nuevo Empecemos por ver la pantalla de env\u00edo de mensaje nuevo. A continuaci\u00f3n puedes ver la pantalla completa de Nuevo mensaje. La siguiente explicaci\u00f3n se referir\u00e1 a esta captura de pantalla y a los diferentes ... <a title=\"Nuevo mensaje\" class=\"read-more\" href=\"https:\/\/suresms.com\/es\/docs\/message\/newmessage\/\" aria-label=\"Leer m\u00e1s sobre Nuevo mensaje\">M\u00e1s informaci\u00f3n<\/a><\/p>","protected":false},"author":1,"featured_media":0,"parent":18168,"menu_order":0,"comment_status":"closed","ping_status":"closed","template":"","meta":{"_fl_builder_enabled":"1","_fl_builder_data":null,"_fl_builder_draft":null,"_fl_builder_data_settings":null,"_fl_builder_css":"","_fl_builder_css_version":"","_fl_builder_js":"","footnotes":""},"categories":[],"tags":[],"class_list":["post-18183","page","type-page","status-publish"],"yoast_head":"<!-- This site is optimized with the Yoast SEO Premium plugin v27.3 (Yoast SEO v27.3) - https:\/\/yoast.com\/product\/yoast-seo-premium-wordpress\/ -->\r\n<title>Ny besked -<\/title>\r\n<meta name=\"robots\" content=\"index, follow, max-snippet:-1, max-image-preview:large, max-video-preview:-1\" \/>\r\n<link rel=\"canonical\" href=\"https:\/\/suresms.com\/es\/docs\/cuenta-3\/nombre-de-la-estacion-3\/\" \/>\r\n<meta property=\"og:locale\" content=\"es_ES\" \/>\r\n<meta property=\"og:type\" content=\"article\" \/>\r\n<meta property=\"og:title\" content=\"Ny besked\" \/>\r\n<meta property=\"og:description\" content=\"Ny besked Herunder kan du l\u00e6se om sk\u00e6rmbilledet\u00a0Ny besked. Hvert felt er forklaret og uddybende link er tilg\u00e6ngelige for nogle beskrivelser. Opret ny besked Lad os starte med at se sk\u00e6rmbilledet for afsendelse af ny besked. Herunder kan du se det fulde sk\u00e6rmbillede af\u00a0Ny besked.\u00a0I den efterf\u00f8lgende forklaring refereres til dette sk\u00e6rmbillede og de forskellige ... Leer m\u00e1s\" \/>\r\n<meta property=\"og:url\" content=\"https:\/\/suresms.com\/es\/docs\/cuenta-3\/nombre-de-la-estacion-3\/\" \/>\r\n<meta property=\"article:publisher\" content=\"https:\/\/www.facebook.com\/p\/SureSMS-100044607956149\/\" \/>\r\n<meta property=\"article:modified_time\" content=\"2026-02-17T05:14:01+00:00\" \/>\r\n<meta property=\"og:image\" content=\"https:\/\/suresms.com\/wp-content\/uploads\/2024\/07\/Ny-besked-skaermbillede-1.png\" \/>\r\n<meta name=\"twitter:card\" content=\"summary_large_image\" \/>\r\n<meta name=\"twitter:label1\" content=\"Tiempo de lectura\" \/>\n\t<meta name=\"twitter:data1\" content=\"3 minutos\" \/>\r\n<script type=\"application\/ld+json\" class=\"yoast-schema-graph\">{\"@context\":\"https:\\\/\\\/schema.org\",\"@graph\":[{\"@type\":\"WebPage\",\"@id\":\"https:\\\/\\\/suresms.com\\\/dk\\\/docs\\\/message\\\/newmessage\\\/\",\"url\":\"https:\\\/\\\/suresms.com\\\/dk\\\/docs\\\/message\\\/newmessage\\\/\",\"name\":\"Ny besked -\",\"isPartOf\":{\"@id\":\"https:\\\/\\\/suresms.com\\\/en\\\/#website\"},\"primaryImageOfPage\":{\"@id\":\"https:\\\/\\\/suresms.com\\\/dk\\\/docs\\\/message\\\/newmessage\\\/#primaryimage\"},\"image\":{\"@id\":\"https:\\\/\\\/suresms.com\\\/dk\\\/docs\\\/message\\\/newmessage\\\/#primaryimage\"},\"thumbnailUrl\":\"https:\\\/\\\/suresms.com\\\/wp-content\\\/uploads\\\/2024\\\/07\\\/Ny-besked-skaermbillede-1.png\",\"datePublished\":\"2024-07-10T16:12:05+00:00\",\"dateModified\":\"2026-02-17T05:14:01+00:00\",\"breadcrumb\":{\"@id\":\"https:\\\/\\\/suresms.com\\\/dk\\\/docs\\\/message\\\/newmessage\\\/#breadcrumb\"},\"inLanguage\":\"es\",\"potentialAction\":[{\"@type\":\"ReadAction\",\"target\":[\"https:\\\/\\\/suresms.com\\\/dk\\\/docs\\\/message\\\/newmessage\\\/\"]}]},{\"@type\":\"ImageObject\",\"inLanguage\":\"es\",\"@id\":\"https:\\\/\\\/suresms.com\\\/dk\\\/docs\\\/message\\\/newmessage\\\/#primaryimage\",\"url\":\"https:\\\/\\\/suresms.com\\\/wp-content\\\/uploads\\\/2024\\\/07\\\/Ny-besked-skaermbillede-1.png\",\"contentUrl\":\"https:\\\/\\\/suresms.com\\\/wp-content\\\/uploads\\\/2024\\\/07\\\/Ny-besked-skaermbillede-1.png\"},{\"@type\":\"BreadcrumbList\",\"@id\":\"https:\\\/\\\/suresms.com\\\/dk\\\/docs\\\/message\\\/newmessage\\\/#breadcrumb\",\"itemListElement\":[{\"@type\":\"ListItem\",\"position\":1,\"name\":\"Home\",\"item\":\"https:\\\/\\\/suresms.com\\\/dk\\\/\"},{\"@type\":\"ListItem\",\"position\":2,\"name\":\"Dokumentation\",\"item\":\"https:\\\/\\\/suresms.com\\\/dk\\\/docs\\\/\"},{\"@type\":\"ListItem\",\"position\":3,\"name\":\"Beskeder\",\"item\":\"https:\\\/\\\/suresms.com\\\/dk\\\/docs\\\/message\\\/\"},{\"@type\":\"ListItem\",\"position\":4,\"name\":\"Ny besked\"}]},{\"@type\":\"WebSite\",\"@id\":\"https:\\\/\\\/suresms.com\\\/en\\\/#website\",\"url\":\"https:\\\/\\\/suresms.com\\\/en\\\/\",\"name\":\"SureSMS\",\"description\":\"Professionel SMS Gateway\",\"publisher\":{\"@id\":\"https:\\\/\\\/suresms.com\\\/en\\\/#organization\"},\"potentialAction\":[{\"@type\":\"SearchAction\",\"target\":{\"@type\":\"EntryPoint\",\"urlTemplate\":\"https:\\\/\\\/suresms.com\\\/en\\\/?s={search_term_string}\"},\"query-input\":{\"@type\":\"PropertyValueSpecification\",\"valueRequired\":true,\"valueName\":\"search_term_string\"}}],\"inLanguage\":\"es\"},{\"@type\":\"Organization\",\"@id\":\"https:\\\/\\\/suresms.com\\\/en\\\/#organization\",\"name\":\"SureSMS\",\"url\":\"https:\\\/\\\/suresms.com\\\/en\\\/\",\"logo\":{\"@type\":\"ImageObject\",\"inLanguage\":\"es\",\"@id\":\"https:\\\/\\\/suresms.com\\\/en\\\/#\\\/schema\\\/logo\\\/image\\\/\",\"url\":\"https:\\\/\\\/suresms.com\\\/wp-content\\\/uploads\\\/2024\\\/11\\\/suresms-300x65-1.png\",\"contentUrl\":\"https:\\\/\\\/suresms.com\\\/wp-content\\\/uploads\\\/2024\\\/11\\\/suresms-300x65-1.png\",\"width\":300,\"height\":65,\"caption\":\"SureSMS\"},\"image\":{\"@id\":\"https:\\\/\\\/suresms.com\\\/en\\\/#\\\/schema\\\/logo\\\/image\\\/\"},\"sameAs\":[\"https:\\\/\\\/www.facebook.com\\\/p\\\/SureSMS-100044607956149\\\/\"]}]}<\/script>\r\n<!-- \/ Yoast SEO Premium plugin. -->","yoast_head_json":{"title":"Nuevo mensaje","robots":{"index":"index","follow":"follow","max-snippet":"max-snippet:-1","max-image-preview":"max-image-preview:large","max-video-preview":"max-video-preview:-1"},"canonical":"https:\/\/suresms.com\/es\/docs\/cuenta-3\/nombre-de-la-estacion-3\/","og_locale":"es_ES","og_type":"article","og_title":"Ny besked","og_description":"Ny besked Herunder kan du l\u00e6se om sk\u00e6rmbilledet\u00a0Ny besked. Hvert felt er forklaret og uddybende link er tilg\u00e6ngelige for nogle beskrivelser. Opret ny besked Lad os starte med at se sk\u00e6rmbilledet for afsendelse af ny besked. Herunder kan du se det fulde sk\u00e6rmbillede af\u00a0Ny besked.\u00a0I den efterf\u00f8lgende forklaring refereres til dette sk\u00e6rmbillede og de forskellige ... Leer m\u00e1s","og_url":"https:\/\/suresms.com\/es\/docs\/cuenta-3\/nombre-de-la-estacion-3\/","article_publisher":"https:\/\/www.facebook.com\/p\/SureSMS-100044607956149\/","article_modified_time":"2026-02-17T05:14:01+00:00","og_image":[{"url":"https:\/\/suresms.com\/wp-content\/uploads\/2024\/07\/Ny-besked-skaermbillede-1.png","type":"","width":"","height":""}],"twitter_card":"summary_large_image","twitter_misc":{"Tiempo de lectura":"3 minutos"},"schema":{"@context":"https:\/\/schema.org","@graph":[{"@type":"WebPage","@id":"https:\/\/suresms.com\/dk\/docs\/message\/newmessage\/","url":"https:\/\/suresms.com\/dk\/docs\/message\/newmessage\/","name":"Nuevo mensaje","isPartOf":{"@id":"https:\/\/suresms.com\/en\/#website"},"primaryImageOfPage":{"@id":"https:\/\/suresms.com\/dk\/docs\/message\/newmessage\/#primaryimage"},"image":{"@id":"https:\/\/suresms.com\/dk\/docs\/message\/newmessage\/#primaryimage"},"thumbnailUrl":"https:\/\/suresms.com\/wp-content\/uploads\/2024\/07\/Ny-besked-skaermbillede-1.png","datePublished":"2024-07-10T16:12:05+00:00","dateModified":"2026-02-17T05:14:01+00:00","breadcrumb":{"@id":"https:\/\/suresms.com\/dk\/docs\/message\/newmessage\/#breadcrumb"},"inLanguage":"es","potentialAction":[{"@type":"ReadAction","target":["https:\/\/suresms.com\/dk\/docs\/message\/newmessage\/"]}]},{"@type":"ImageObject","inLanguage":"es","@id":"https:\/\/suresms.com\/dk\/docs\/message\/newmessage\/#primaryimage","url":"https:\/\/suresms.com\/wp-content\/uploads\/2024\/07\/Ny-besked-skaermbillede-1.png","contentUrl":"https:\/\/suresms.com\/wp-content\/uploads\/2024\/07\/Ny-besked-skaermbillede-1.png"},{"@type":"BreadcrumbList","@id":"https:\/\/suresms.com\/dk\/docs\/message\/newmessage\/#breadcrumb","itemListElement":[{"@type":"ListItem","position":1,"name":"Home","item":"https:\/\/suresms.com\/dk\/"},{"@type":"ListItem","position":2,"name":"Dokumentation","item":"https:\/\/suresms.com\/dk\/docs\/"},{"@type":"ListItem","position":3,"name":"Beskeder","item":"https:\/\/suresms.com\/dk\/docs\/message\/"},{"@type":"ListItem","position":4,"name":"Ny besked"}]},{"@type":"WebSite","@id":"https:\/\/suresms.com\/en\/#website","url":"https:\/\/suresms.com\/en\/","name":"SureSMS","description":"Pasarela SMS profesional","publisher":{"@id":"https:\/\/suresms.com\/en\/#organization"},"potentialAction":[{"@type":"SearchAction","target":{"@type":"EntryPoint","urlTemplate":"https:\/\/suresms.com\/en\/?s={search_term_string}"},"query-input":{"@type":"PropertyValueSpecification","valueRequired":true,"valueName":"search_term_string"}}],"inLanguage":"es"},{"@type":"Organization","@id":"https:\/\/suresms.com\/en\/#organization","name":"SureSMS","url":"https:\/\/suresms.com\/en\/","logo":{"@type":"ImageObject","inLanguage":"es","@id":"https:\/\/suresms.com\/en\/#\/schema\/logo\/image\/","url":"https:\/\/suresms.com\/wp-content\/uploads\/2024\/11\/suresms-300x65-1.png","contentUrl":"https:\/\/suresms.com\/wp-content\/uploads\/2024\/11\/suresms-300x65-1.png","width":300,"height":65,"caption":"SureSMS"},"image":{"@id":"https:\/\/suresms.com\/en\/#\/schema\/logo\/image\/"},"sameAs":["https:\/\/www.facebook.com\/p\/SureSMS-100044607956149\/"]}]}},"_links":{"self":[{"href":"https:\/\/suresms.com\/es\/wp-json\/wp\/v2\/pages\/18183","targetHints":{"allow":["GET"]}}],"collection":[{"href":"https:\/\/suresms.com\/es\/wp-json\/wp\/v2\/pages"}],"about":[{"href":"https:\/\/suresms.com\/es\/wp-json\/wp\/v2\/types\/page"}],"author":[{"embeddable":true,"href":"https:\/\/suresms.com\/es\/wp-json\/wp\/v2\/users\/1"}],"replies":[{"embeddable":true,"href":"https:\/\/suresms.com\/es\/wp-json\/wp\/v2\/comments?post=18183"}],"version-history":[{"count":5,"href":"https:\/\/suresms.com\/es\/wp-json\/wp\/v2\/pages\/18183\/revisions"}],"predecessor-version":[{"id":23828,"href":"https:\/\/suresms.com\/es\/wp-json\/wp\/v2\/pages\/18183\/revisions\/23828"}],"up":[{"embeddable":true,"href":"https:\/\/suresms.com\/es\/wp-json\/wp\/v2\/pages\/18168"}],"wp:attachment":[{"href":"https:\/\/suresms.com\/es\/wp-json\/wp\/v2\/media?parent=18183"}],"wp:term":[{"taxonomy":"category","embeddable":true,"href":"https:\/\/suresms.com\/es\/wp-json\/wp\/v2\/categories?post=18183"},{"taxonomy":"post_tag","embeddable":true,"href":"https:\/\/suresms.com\/es\/wp-json\/wp\/v2\/tags?post=18183"}],"curies":[{"name":"wp","href":"https:\/\/api.w.org\/{rel}","templated":true}]}}