{"id":18159,"date":"2024-07-05T10:02:03","date_gmt":"2024-07-05T08:02:03","guid":{"rendered":"https:\/\/www.suresms.com\/dk\/?page_id=18159"},"modified":"2025-07-31T10:42:20","modified_gmt":"2025-07-31T10:42:20","slug":"nombre-de-la-estacion","status":"publish","type":"page","link":"https:\/\/suresms.com\/es\/docs\/account\/sendername\/","title":{"rendered":"Nombre del remitente"},"content":{"rendered":"<!-- Flexy Breadcrumb -->\r\n\t\t\t<div class=\"fbc fbc-page\">\r\n\r\n\t\t\t\t<!-- Breadcrumb wrapper -->\r\n\t\t\t\t<div class=\"fbc-wrap\">\r\n\r\n\t\t\t\t\t<!-- Ordered list-->\r\n\t\t\t\t\t<ol class=\"fbc-items\" itemscope itemtype=\"https:\/\/schema.org\/BreadcrumbList\">\r\n\t\t\t\t\t\t            <li itemprop=\"itemListElement\" itemscope itemtype=\"https:\/\/schema.org\/ListItem\">\r\n                <span itemprop=\"name\">\r\n                    <!-- Home Link -->\r\n                    <a itemprop=\"item\" href=\"https:\/\/suresms.com\/es\/\">\r\n                    \r\n                                                    <i class=\"fa fa-home\" aria-hidden=\"true\"><\/i>Inicio                    <\/a>\r\n                <\/span>\r\n                <meta itemprop=\"position\" content=\"1\" \/><!-- Meta Position-->\r\n             <\/li><li><span class=\"fbc-separator\">\/<\/span><\/li><li class=\"active\" itemprop=\"itemListElement\" itemscope itemtype=\"https:\/\/schema.org\/ListItem\"><span itemprop=\"name\" title=\"Nombre del remitente\">Nombre del remitente<\/span><meta itemprop=\"position\" content=\"2\" \/><\/li>\t\t\t\t\t<\/ol>\r\n\t\t\t\t\t<div class=\"clearfix\"><\/div>\r\n\t\t\t\t<\/div>\r\n\t\t\t<\/div>\r\n\t\t\t\n<h1>\n\t\t\tNombre del remitente y n\u00famero de tel\u00e9fono de entrada\t<\/h1>\n\t<p>Puede pedir un n\u00famero de tel\u00e9fono diferente como nombre del remitente o puede pedir un texto como nombre del remitente. Tambi\u00e9n es posible solicitar un n\u00famero de tel\u00e9fono entrante. A continuaci\u00f3n te explicamos c\u00f3mo hacerlo.<\/p>\n<h2>\n\t\t\tCrear nombre de remitente \t<\/h2>\n\t<p>Puede elegir utilizar un nombre de remitente al enviar sus SMS. Por ejemplo, SMS-Service o MiEmpresa como remitente. En este caso, el destinatario no podr\u00e1 responder al SMS. Tambi\u00e9n puede utilizar un n\u00famero de tel\u00e9fono. Puede ser el n\u00famero de m\u00f3vil de la asociaci\u00f3n o el del servicio de atenci\u00f3n al cliente de la empresa. Si utilizas un n\u00famero de m\u00f3vil, el destinatario podr\u00e1 responder a tu SMS y la respuesta se enviar\u00e1 a ese tel\u00e9fono.<\/p>\n\t<p>Acceda a su cuenta de SureSMS aqu\u00ed : <a href=\"https:\/\/app.suresms.com\" target=\"_blank\" rel=\"noopener\">https:\/\/app.suresms.com<\/a><\/p>\n<p>En el men\u00fa, seleccione <em>Configuraci\u00f3n -&gt; Nombre del remitente<\/em><\/p>\nEn el men\u00fa puede elegir ahora entre<br \/>\n<em>Nuevo nombre de remitente<br \/>\n<\/em>Por ejemplo, si desea un remitente que sea el nombre de su empresa o servicio.\n<em>Registre su propio n\u00famero<br \/>\n<\/em>Si desea la opci\u00f3n de enviar desde otro n\u00famero de tel\u00e9fono. Al seleccionarlo, se env\u00eda un SMS al n\u00famero y el destinatario debe confirmar que puedes enviar en su nombre antes de que se active el n\u00famero.\n<em>N\u00famero de tel\u00e9fono del SMS entrante<br \/>\n<\/em>Si desea recibir mensajes SMS en la plataforma SureSMS, seleccione esta opci\u00f3n. Tener un n\u00famero entrante cuesta 99,- al mes.\n<p>Haga clic en el bot\u00f3n <em>Pida<\/em><\/p>\n\t\t\t\t\t<video src=\"https:\/\/suresms.com\/wp-content\/uploads\/2025\/07\/OK-Dokumentation-Opret-nyt-afsendernavn.mp4\" alt=\"hosted-video-thumbnail\"><\/video>\n\t\t<h2>\n\t\t\tBorrar nombre de remitente\t<\/h2>\n\t<p>Acceda a su cuenta de SureSMS aqu\u00ed : <a href=\"https:\/\/app.suresms.com\" target=\"_blank\" rel=\"noopener\">https:\/\/app.suresms.com<\/a><\/p>\n<p>En el men\u00fa, seleccione <em>Configuraci\u00f3n -&gt; Nombre del remitente<\/em><\/p>\n<p>Busque el nombre del remitente que desea eliminar.<\/p>\n<p>Haga clic en la papelera situada junto al nombre.<\/p>\n<p>Ahora vuelva a escribir el nombre del remitente en el campo y haga clic en Eliminar.<\/p>\n\t\t\t\t\t<video src=\"https:\/\/suresms.com\/wp-content\/uploads\/2025\/07\/OK-Dokumentation-Slet-afsendernavn.mp4\" alt=\"hosted-video-thumbnail\"><\/video>\n\t\t<h2>\n\t\t\tCrear n\u00famero de tel\u00e9fono de entrada\t<\/h2>\n\t<p>Si quieres recibir SMS de respuesta directamente en la plataforma SureSMS o en un correo electr\u00f3nico, necesitas una soluci\u00f3n SMS bidireccional. La parte m\u00e1s importante de esta soluci\u00f3n es que necesitas tener un n\u00famero de tel\u00e9fono con SureSMS en el que puedas recibir mensajes SMS. Esto cuesta 99,- DKK al mes. No hay cancelaci\u00f3n de un n\u00famero.<\/p>\n\t<p>Acceda a su cuenta de SureSMS aqu\u00ed : <a href=\"https:\/\/app.suresms.com\" target=\"_blank\" rel=\"noopener\">https:\/\/app.suresms.com<\/a><\/p>\n<p>Aseg\u00farese de que tiene m\u00e1s de 99,- en su cuenta, de lo contrario vaya al pago en l\u00ednea<\/p>\n<p>En el men\u00fa, seleccione <em>Configuraci\u00f3n -&gt; Nombre del remitente<\/em> y luego\u00a0<em>Elecci\u00f3n\u00a0<\/em>en la esquina superior derecha.<\/p>\n<p>Seleccione <em>N\u00famero de SMS entrantes <\/em>en el submen\u00fa<\/p>\n<p>Seleccione el n\u00famero entrante que desee de la lista de n\u00fameros disponibles<\/p>\n<p>Haga clic en el bot\u00f3n <em>Pida<\/em><\/p>\n<p>Su n\u00famero entrante se activa inmediatamente.<\/p>\n\t\t\t\t\t\t\t\t\t\tSi quieres recibir los SMS entrantes en tu correo electr\u00f3nico \n\t\t\t\t\t<p>Haga clic en el bot\u00f3n\u00a0<em>Ajustes y preferencias<\/em> en el men\u00fa<\/p>\n<p>Haga clic en el bot\u00f3n\u00a0<em>Cuenta<\/em><\/p>\n<p>Haga clic en el bot\u00f3n <em>Configuraci\u00f3n de la cuenta<\/em><\/p>\n<p>Haga clic en \"editar\".<\/p>\n<p>Marque la casilla\u00a0<em>Enviar SMS entrantes como correo electr\u00f3nico<\/em><\/p>\n<p>Aseg\u00farese de que la direcci\u00f3n de correo electr\u00f3nico es correcta<\/p>\n<p>Haga clic en el bot\u00f3n <em>Gema<\/em><\/p>\n\t\t\t\t\t<video src=\"https:\/\/suresms.com\/wp-content\/uploads\/2024\/07\/Dokumentation-Bestil-indgaaende-SMS-nummer.mp4\" alt=\"hosted-video-thumbnail\"><\/video>\n\t\t<h2>\n\t\t\tBorrar n\u00famero de tel\u00e9fono entrante\t<\/h2>\n\t<p>Si ya no necesitas un n\u00famero de SMS entrantes, es buena idea borrarlo. As\u00ed evitar\u00e1s que los destinatarios te env\u00eden mensajes por error y ahorrar\u00e1s dinero. Lee a continuaci\u00f3n c\u00f3mo eliminar un n\u00famero de SMS entrantes.<\/p>\n\t<p>Acceda a su cuenta de SureSMS aqu\u00ed : <a href=\"https:\/\/app.suresms.com\" target=\"_blank\" rel=\"noopener\">https:\/\/app.suresms.com<\/a><\/p>\n<p>Aseg\u00farese de que tiene m\u00e1s de 99,- en su cuenta, de lo contrario vaya al pago en l\u00ednea<\/p>\n<p>En el men\u00fa, seleccione <em>Configuraci\u00f3n -&gt; Nombre del remitente<\/em><\/p>\n<p>Haga clic en el bot\u00f3n <em>Borrar <\/em>junto al n\u00famero o nombre que desea eliminar<\/p>\n<p>Vuelve a escribir el n\u00famero o el nombre y pulsa <em>OK<\/em><\/p>\n<p>Su n\u00famero se borrar\u00e1 inmediatamente. La facturaci\u00f3n del n\u00famero se realiza cada 1 de mes.<\/p>\n<p>No se le reembolsar\u00e1n las cantidades abonadas.\u00a0<\/p>\n\t\t\t\t\t<video src=\"https:\/\/suresms.com\/wp-content\/uploads\/2024\/07\/Dokumentation-Slet-afsendernavn-og-indgaaende-SMS-nummer.mp4\" alt=\"hosted-video-thumbnail\"><\/video>","protected":false},"excerpt":{"rendered":"<p>Nombre del remitente y n\u00famero de tel\u00e9fono entrante Puede solicitar un n\u00famero de tel\u00e9fono diferente como nombre del remitente o puede solicitar un texto como nombre del remitente. Tambi\u00e9n puede solicitar un n\u00famero de tel\u00e9fono entrante. A continuaci\u00f3n le explicamos c\u00f3mo hacerlo. Crear nombre de remitente Puedes elegir utilizar un nombre de remitente al enviar tus SMS. Por ejemplo, SMS-Service o MiEmpresa como remitente. Si lo hace, ... <a title=\"Nombre del remitente\" class=\"read-more\" href=\"https:\/\/suresms.com\/es\/docs\/account\/sendername\/\" aria-label=\"Leer m\u00e1s sobre Nombre del remitente\">M\u00e1s informaci\u00f3n<\/a><\/p>","protected":false},"author":1,"featured_media":0,"parent":18156,"menu_order":0,"comment_status":"closed","ping_status":"closed","template":"","meta":{"_fl_builder_enabled":"1","_fl_builder_data":null,"_fl_builder_draft":null,"_fl_builder_data_settings":null,"_fl_builder_css":"","_fl_builder_css_version":"","_fl_builder_js":"","footnotes":""},"categories":[],"tags":[],"class_list":["post-18159","page","type-page","status-publish"],"yoast_head":"<!-- This site is optimized with the Yoast SEO Premium plugin v27.3 (Yoast SEO v27.3) - https:\/\/yoast.com\/product\/yoast-seo-premium-wordpress\/ -->\r\n<title>Afsendernavn -<\/title>\r\n<meta name=\"robots\" content=\"index, follow, max-snippet:-1, max-image-preview:large, max-video-preview:-1\" \/>\r\n<link rel=\"canonical\" href=\"https:\/\/suresms.com\/es\/docs\/cuenta\/nombre-de-la-estacion\/\" \/>\r\n<meta property=\"og:locale\" content=\"es_ES\" \/>\r\n<meta property=\"og:type\" content=\"article\" \/>\r\n<meta property=\"og:title\" content=\"Afsendernavn\" \/>\r\n<meta property=\"og:description\" content=\"Afsendernavn og indg\u00e5ende telefonnummer Du kan bestille et andet telefonnummer som afsendernavn eller du kan bestille en tekst som afsendernavn. Det er ogs\u00e5 muligt at bestille et indg\u00e5ende telefonnummer. L\u00e6s herunder hvordan. Opret afsendernavn Du kan v\u00e6lge at bruge et afsendernavn n\u00e5r du sender din SMS. F.eks. SMS-Service eller MitFirma som afsender. G\u00f8r du det, ... Leer m\u00e1s\" \/>\r\n<meta property=\"og:url\" content=\"https:\/\/suresms.com\/es\/docs\/cuenta\/nombre-de-la-estacion\/\" \/>\r\n<meta property=\"article:publisher\" content=\"https:\/\/www.facebook.com\/p\/SureSMS-100044607956149\/\" \/>\r\n<meta property=\"article:modified_time\" content=\"2025-07-31T10:42:20+00:00\" \/>\r\n<meta name=\"twitter:card\" content=\"summary_large_image\" \/>\r\n<meta name=\"twitter:label1\" content=\"Tiempo de lectura\" \/>\n\t<meta name=\"twitter:data1\" content=\"1 minuto\" \/>\r\n<script type=\"application\/ld+json\" class=\"yoast-schema-graph\">{\"@context\":\"https:\\\/\\\/schema.org\",\"@graph\":[{\"@type\":\"WebPage\",\"@id\":\"https:\\\/\\\/suresms.com\\\/dk\\\/docs\\\/account\\\/sendername\\\/\",\"url\":\"https:\\\/\\\/suresms.com\\\/dk\\\/docs\\\/account\\\/sendername\\\/\",\"name\":\"Afsendernavn -\",\"isPartOf\":{\"@id\":\"https:\\\/\\\/suresms.com\\\/en\\\/#website\"},\"datePublished\":\"2024-07-05T08:02:03+00:00\",\"dateModified\":\"2025-07-31T10:42:20+00:00\",\"breadcrumb\":{\"@id\":\"https:\\\/\\\/suresms.com\\\/dk\\\/docs\\\/account\\\/sendername\\\/#breadcrumb\"},\"inLanguage\":\"es\",\"potentialAction\":[{\"@type\":\"ReadAction\",\"target\":[\"https:\\\/\\\/suresms.com\\\/dk\\\/docs\\\/account\\\/sendername\\\/\"]}]},{\"@type\":\"BreadcrumbList\",\"@id\":\"https:\\\/\\\/suresms.com\\\/dk\\\/docs\\\/account\\\/sendername\\\/#breadcrumb\",\"itemListElement\":[{\"@type\":\"ListItem\",\"position\":1,\"name\":\"Home\",\"item\":\"https:\\\/\\\/suresms.com\\\/dk\\\/\"},{\"@type\":\"ListItem\",\"position\":2,\"name\":\"Dokumentation\",\"item\":\"https:\\\/\\\/suresms.com\\\/dk\\\/docs\\\/\"},{\"@type\":\"ListItem\",\"position\":3,\"name\":\"Konto\",\"item\":\"https:\\\/\\\/suresms.com\\\/dk\\\/docs\\\/account\\\/\"},{\"@type\":\"ListItem\",\"position\":4,\"name\":\"Afsendernavn\"}]},{\"@type\":\"WebSite\",\"@id\":\"https:\\\/\\\/suresms.com\\\/en\\\/#website\",\"url\":\"https:\\\/\\\/suresms.com\\\/en\\\/\",\"name\":\"SureSMS\",\"description\":\"Professionel SMS Gateway\",\"publisher\":{\"@id\":\"https:\\\/\\\/suresms.com\\\/en\\\/#organization\"},\"potentialAction\":[{\"@type\":\"SearchAction\",\"target\":{\"@type\":\"EntryPoint\",\"urlTemplate\":\"https:\\\/\\\/suresms.com\\\/en\\\/?s={search_term_string}\"},\"query-input\":{\"@type\":\"PropertyValueSpecification\",\"valueRequired\":true,\"valueName\":\"search_term_string\"}}],\"inLanguage\":\"es\"},{\"@type\":\"Organization\",\"@id\":\"https:\\\/\\\/suresms.com\\\/en\\\/#organization\",\"name\":\"SureSMS\",\"url\":\"https:\\\/\\\/suresms.com\\\/en\\\/\",\"logo\":{\"@type\":\"ImageObject\",\"inLanguage\":\"es\",\"@id\":\"https:\\\/\\\/suresms.com\\\/en\\\/#\\\/schema\\\/logo\\\/image\\\/\",\"url\":\"https:\\\/\\\/suresms.com\\\/wp-content\\\/uploads\\\/2024\\\/11\\\/suresms-300x65-1.png\",\"contentUrl\":\"https:\\\/\\\/suresms.com\\\/wp-content\\\/uploads\\\/2024\\\/11\\\/suresms-300x65-1.png\",\"width\":300,\"height\":65,\"caption\":\"SureSMS\"},\"image\":{\"@id\":\"https:\\\/\\\/suresms.com\\\/en\\\/#\\\/schema\\\/logo\\\/image\\\/\"},\"sameAs\":[\"https:\\\/\\\/www.facebook.com\\\/p\\\/SureSMS-100044607956149\\\/\"]}]}<\/script>\r\n<!-- \/ Yoast SEO Premium plugin. -->","yoast_head_json":{"title":"Nombre del remitente","robots":{"index":"index","follow":"follow","max-snippet":"max-snippet:-1","max-image-preview":"max-image-preview:large","max-video-preview":"max-video-preview:-1"},"canonical":"https:\/\/suresms.com\/es\/docs\/cuenta\/nombre-de-la-estacion\/","og_locale":"es_ES","og_type":"article","og_title":"Afsendernavn","og_description":"Afsendernavn og indg\u00e5ende telefonnummer Du kan bestille et andet telefonnummer som afsendernavn eller du kan bestille en tekst som afsendernavn. Det er ogs\u00e5 muligt at bestille et indg\u00e5ende telefonnummer. L\u00e6s herunder hvordan. Opret afsendernavn Du kan v\u00e6lge at bruge et afsendernavn n\u00e5r du sender din SMS. F.eks. SMS-Service eller MitFirma som afsender. G\u00f8r du det, ... Leer m\u00e1s","og_url":"https:\/\/suresms.com\/es\/docs\/cuenta\/nombre-de-la-estacion\/","article_publisher":"https:\/\/www.facebook.com\/p\/SureSMS-100044607956149\/","article_modified_time":"2025-07-31T10:42:20+00:00","twitter_card":"summary_large_image","twitter_misc":{"Tiempo de lectura":"1 minuto"},"schema":{"@context":"https:\/\/schema.org","@graph":[{"@type":"WebPage","@id":"https:\/\/suresms.com\/dk\/docs\/account\/sendername\/","url":"https:\/\/suresms.com\/dk\/docs\/account\/sendername\/","name":"Nombre del remitente","isPartOf":{"@id":"https:\/\/suresms.com\/en\/#website"},"datePublished":"2024-07-05T08:02:03+00:00","dateModified":"2025-07-31T10:42:20+00:00","breadcrumb":{"@id":"https:\/\/suresms.com\/dk\/docs\/account\/sendername\/#breadcrumb"},"inLanguage":"es","potentialAction":[{"@type":"ReadAction","target":["https:\/\/suresms.com\/dk\/docs\/account\/sendername\/"]}]},{"@type":"BreadcrumbList","@id":"https:\/\/suresms.com\/dk\/docs\/account\/sendername\/#breadcrumb","itemListElement":[{"@type":"ListItem","position":1,"name":"Home","item":"https:\/\/suresms.com\/dk\/"},{"@type":"ListItem","position":2,"name":"Dokumentation","item":"https:\/\/suresms.com\/dk\/docs\/"},{"@type":"ListItem","position":3,"name":"Konto","item":"https:\/\/suresms.com\/dk\/docs\/account\/"},{"@type":"ListItem","position":4,"name":"Afsendernavn"}]},{"@type":"WebSite","@id":"https:\/\/suresms.com\/en\/#website","url":"https:\/\/suresms.com\/en\/","name":"SureSMS","description":"Pasarela SMS profesional","publisher":{"@id":"https:\/\/suresms.com\/en\/#organization"},"potentialAction":[{"@type":"SearchAction","target":{"@type":"EntryPoint","urlTemplate":"https:\/\/suresms.com\/en\/?s={search_term_string}"},"query-input":{"@type":"PropertyValueSpecification","valueRequired":true,"valueName":"search_term_string"}}],"inLanguage":"es"},{"@type":"Organization","@id":"https:\/\/suresms.com\/en\/#organization","name":"SureSMS","url":"https:\/\/suresms.com\/en\/","logo":{"@type":"ImageObject","inLanguage":"es","@id":"https:\/\/suresms.com\/en\/#\/schema\/logo\/image\/","url":"https:\/\/suresms.com\/wp-content\/uploads\/2024\/11\/suresms-300x65-1.png","contentUrl":"https:\/\/suresms.com\/wp-content\/uploads\/2024\/11\/suresms-300x65-1.png","width":300,"height":65,"caption":"SureSMS"},"image":{"@id":"https:\/\/suresms.com\/en\/#\/schema\/logo\/image\/"},"sameAs":["https:\/\/www.facebook.com\/p\/SureSMS-100044607956149\/"]}]}},"_links":{"self":[{"href":"https:\/\/suresms.com\/es\/wp-json\/wp\/v2\/pages\/18159","targetHints":{"allow":["GET"]}}],"collection":[{"href":"https:\/\/suresms.com\/es\/wp-json\/wp\/v2\/pages"}],"about":[{"href":"https:\/\/suresms.com\/es\/wp-json\/wp\/v2\/types\/page"}],"author":[{"embeddable":true,"href":"https:\/\/suresms.com\/es\/wp-json\/wp\/v2\/users\/1"}],"replies":[{"embeddable":true,"href":"https:\/\/suresms.com\/es\/wp-json\/wp\/v2\/comments?post=18159"}],"version-history":[{"count":1,"href":"https:\/\/suresms.com\/es\/wp-json\/wp\/v2\/pages\/18159\/revisions"}],"predecessor-version":[{"id":23457,"href":"https:\/\/suresms.com\/es\/wp-json\/wp\/v2\/pages\/18159\/revisions\/23457"}],"up":[{"embeddable":true,"href":"https:\/\/suresms.com\/es\/wp-json\/wp\/v2\/pages\/18156"}],"wp:attachment":[{"href":"https:\/\/suresms.com\/es\/wp-json\/wp\/v2\/media?parent=18159"}],"wp:term":[{"taxonomy":"category","embeddable":true,"href":"https:\/\/suresms.com\/es\/wp-json\/wp\/v2\/categories?post=18159"},{"taxonomy":"post_tag","embeddable":true,"href":"https:\/\/suresms.com\/es\/wp-json\/wp\/v2\/tags?post=18159"}],"curies":[{"name":"wp","href":"https:\/\/api.w.org\/{rel}","templated":true}]}}