{"id":18156,"date":"2024-07-05T09:27:51","date_gmt":"2024-07-05T07:27:51","guid":{"rendered":"https:\/\/www.suresms.com\/dk\/?page_id=18156"},"modified":"2025-11-14T14:49:46","modified_gmt":"2025-11-14T14:49:46","slug":"cuenta","status":"publish","type":"page","link":"https:\/\/suresms.com\/es\/docs\/account\/","title":{"rendered":"Cuenta"},"content":{"rendered":"<!-- Flexy Breadcrumb -->\r\n\t\t\t<div class=\"fbc fbc-page\">\r\n\r\n\t\t\t\t<!-- Breadcrumb wrapper -->\r\n\t\t\t\t<div class=\"fbc-wrap\">\r\n\r\n\t\t\t\t\t<!-- Ordered list-->\r\n\t\t\t\t\t<ol class=\"fbc-items\" itemscope itemtype=\"https:\/\/schema.org\/BreadcrumbList\">\r\n\t\t\t\t\t\t            <li itemprop=\"itemListElement\" itemscope itemtype=\"https:\/\/schema.org\/ListItem\">\r\n                <span itemprop=\"name\">\r\n                    <!-- Home Link -->\r\n                    <a itemprop=\"item\" href=\"https:\/\/suresms.com\/es\/\">\r\n                    \r\n                                                    <i class=\"fa fa-home\" aria-hidden=\"true\"><\/i>Inicio                    <\/a>\r\n                <\/span>\r\n                <meta itemprop=\"position\" content=\"1\" \/><!-- Meta Position-->\r\n             <\/li><li><span class=\"fbc-separator\">\/<\/span><\/li><li class=\"active\" itemprop=\"itemListElement\" itemscope itemtype=\"https:\/\/schema.org\/ListItem\"><span itemprop=\"name\" title=\"Cuenta\">Cuenta<\/span><meta itemprop=\"position\" content=\"2\" \/><\/li>\t\t\t\t\t<\/ol>\r\n\t\t\t\t\t<div class=\"clearfix\"><\/div>\r\n\t\t\t\t<\/div>\r\n\t\t\t<\/div>\r\n\t\t\t\n<h1>\n\t\t\tCuenta\t<\/h1>\n\t<p>A continuaci\u00f3n encontrar\u00e1 una descripci\u00f3n de c\u00f3mo configurar su cuenta SureSMS.<\/p>\n\t\t<h3>Datos maestros de su cuenta<\/h3>\t\t\t\n\t\t\t\t<p>Aqu\u00ed puede consultar la informaci\u00f3n b\u00e1sica sobre su cuenta.\u00a0<\/p>\n\t<a href=\"https:\/\/suresms.com\/es\/docs\/cuenta\/nombre-de-la-estacion\/\" target=\"_self\"  aria-label=\"Visite https:\/\/www.suresms.com\/dk\/docs\/account\/sendername\/\"><\/a>\n\t\t<h3>Nombre del remitente<\/h3>\t\t\t\n\t\t\t\t<p>Puedes decidir qu\u00e9 nombre de remitente quieres que aparezca en tus SMS.\u00a0<\/p>\n\t<a href=\"https:\/\/suresms.com\/es\/docs\/finanzas\/extracto-de-factura\/\" target=\"_self\"  aria-label=\"Visite https:\/\/www.suresms.com\/dk\/docs\/finance\/invoice-statement\/\"><\/a>\n\t\t<h3>Configuraci\u00f3n de la facturaci\u00f3n<\/h3>\t\t\t\n\t\t\t\t<p>Consulte su historial de pagos y recupere facturas y extractos bancarios.\u00a0<\/p>\n\t<a href=\"https:\/\/suresms.com\/es\/docs\/cuenta\/seguridad-de-la-cuenta\/\" target=\"_self\"  aria-label=\"Ir a https:\/\/suresms.com\/dk\/docs\/account\/kontosikkerhed\/\"><\/a>\n\t\t<h3>Seguridad de la cuenta<\/h3>\t\t\t\n\t\t\t\t<p>Revise los diferentes mecanismos de protecci\u00f3n que hemos implementado en SureSMS para proteger mejor su cuenta.\u00a0<\/p>\n\t\t<h3>Lista de precios<\/h3>\t\t\t\n\t\t\t\t<p>Consulta los precios actuales de los SMS a distintos pa\u00edses.\u00a0<\/p>","protected":false},"excerpt":{"rendered":"<p>Cuenta A continuaci\u00f3n encontrar\u00e1 una descripci\u00f3n de la configuraci\u00f3n de su cuenta SureSMS. Datos maestros de tu cuenta Aqu\u00ed puedes leer la informaci\u00f3n b\u00e1sica que hay en tu cuenta.  Nombre del remitente T\u00fa mismo puedes decidir qu\u00e9 nombre de remitente aparecer\u00e1 en tus SMS.  Configuraci\u00f3n de facturaci\u00f3n Consulta tu historial de pagos y descarga facturas y extractos de cuenta.  Seguridad de la cuenta Revisi\u00f3n... <a title=\"Cuenta\" class=\"read-more\" href=\"https:\/\/suresms.com\/es\/docs\/account\/\" aria-label=\"Leer m\u00e1s sobre Konto\">M\u00e1s informaci\u00f3n<\/a><\/p>","protected":false},"author":1,"featured_media":0,"parent":18121,"menu_order":0,"comment_status":"closed","ping_status":"closed","template":"","meta":{"_fl_builder_enabled":"1","_fl_builder_data":null,"_fl_builder_draft":null,"_fl_builder_data_settings":null,"_fl_builder_css":"","_fl_builder_css_version":"","_fl_builder_js":"","footnotes":""},"categories":[],"tags":[],"class_list":["post-18156","page","type-page","status-publish"],"yoast_head":"<!-- This site is optimized with the Yoast SEO Premium plugin v27.3 (Yoast SEO v27.3) - https:\/\/yoast.com\/product\/yoast-seo-premium-wordpress\/ -->\r\n<title>Konto -<\/title>\r\n<meta name=\"robots\" content=\"index, follow, max-snippet:-1, max-image-preview:large, max-video-preview:-1\" \/>\r\n<link rel=\"canonical\" href=\"https:\/\/suresms.com\/es\/docs\/cuenta\/\" \/>\r\n<meta property=\"og:locale\" content=\"es_ES\" \/>\r\n<meta property=\"og:type\" content=\"article\" \/>\r\n<meta property=\"og:title\" content=\"Konto\" \/>\r\n<meta property=\"og:description\" content=\"Konto Herunder finder du beskrivelse af ops\u00e6tning og konfiguration af din SureSMS konto. Stamdata p\u00e5 din konto Her kan du l\u00e6se om de grundl\u00e6ggende oplysninger der er p\u00e5 din konto.\u00a0 Afsender navn Du kan selv bestemme hvilket afsender-navn der skal st\u00e5 p\u00e5 din SMS.\u00a0 Faktureringsops\u00e6tning Se din betalingshistorik og hente fakturaer og kontoudtog.\u00a0 Kontosikkerhed Gennemgang ... Leer m\u00e1s\" \/>\r\n<meta property=\"og:url\" content=\"https:\/\/suresms.com\/es\/docs\/cuenta\/\" \/>\r\n<meta property=\"article:publisher\" content=\"https:\/\/www.facebook.com\/p\/SureSMS-100044607956149\/\" \/>\r\n<meta property=\"article:modified_time\" content=\"2025-11-14T14:49:46+00:00\" \/>\r\n<meta name=\"twitter:card\" content=\"summary_large_image\" \/>\r\n<meta name=\"twitter:label1\" content=\"Tiempo de lectura\" \/>\n\t<meta name=\"twitter:data1\" content=\"1 minuto\" \/>\r\n<script type=\"application\/ld+json\" class=\"yoast-schema-graph\">{\"@context\":\"https:\\\/\\\/schema.org\",\"@graph\":[{\"@type\":\"WebPage\",\"@id\":\"https:\\\/\\\/suresms.com\\\/dk\\\/docs\\\/account\\\/\",\"url\":\"https:\\\/\\\/suresms.com\\\/dk\\\/docs\\\/account\\\/\",\"name\":\"Konto -\",\"isPartOf\":{\"@id\":\"https:\\\/\\\/suresms.com\\\/en\\\/#website\"},\"datePublished\":\"2024-07-05T07:27:51+00:00\",\"dateModified\":\"2025-11-14T14:49:46+00:00\",\"breadcrumb\":{\"@id\":\"https:\\\/\\\/suresms.com\\\/dk\\\/docs\\\/account\\\/#breadcrumb\"},\"inLanguage\":\"es\",\"potentialAction\":[{\"@type\":\"ReadAction\",\"target\":[\"https:\\\/\\\/suresms.com\\\/dk\\\/docs\\\/account\\\/\"]}]},{\"@type\":\"BreadcrumbList\",\"@id\":\"https:\\\/\\\/suresms.com\\\/dk\\\/docs\\\/account\\\/#breadcrumb\",\"itemListElement\":[{\"@type\":\"ListItem\",\"position\":1,\"name\":\"Home\",\"item\":\"https:\\\/\\\/suresms.com\\\/dk\\\/\"},{\"@type\":\"ListItem\",\"position\":2,\"name\":\"Dokumentation\",\"item\":\"https:\\\/\\\/suresms.com\\\/dk\\\/docs\\\/\"},{\"@type\":\"ListItem\",\"position\":3,\"name\":\"Konto\"}]},{\"@type\":\"WebSite\",\"@id\":\"https:\\\/\\\/suresms.com\\\/en\\\/#website\",\"url\":\"https:\\\/\\\/suresms.com\\\/en\\\/\",\"name\":\"SureSMS\",\"description\":\"Professionel SMS Gateway\",\"publisher\":{\"@id\":\"https:\\\/\\\/suresms.com\\\/en\\\/#organization\"},\"potentialAction\":[{\"@type\":\"SearchAction\",\"target\":{\"@type\":\"EntryPoint\",\"urlTemplate\":\"https:\\\/\\\/suresms.com\\\/en\\\/?s={search_term_string}\"},\"query-input\":{\"@type\":\"PropertyValueSpecification\",\"valueRequired\":true,\"valueName\":\"search_term_string\"}}],\"inLanguage\":\"es\"},{\"@type\":\"Organization\",\"@id\":\"https:\\\/\\\/suresms.com\\\/en\\\/#organization\",\"name\":\"SureSMS\",\"url\":\"https:\\\/\\\/suresms.com\\\/en\\\/\",\"logo\":{\"@type\":\"ImageObject\",\"inLanguage\":\"es\",\"@id\":\"https:\\\/\\\/suresms.com\\\/en\\\/#\\\/schema\\\/logo\\\/image\\\/\",\"url\":\"https:\\\/\\\/suresms.com\\\/wp-content\\\/uploads\\\/2024\\\/11\\\/suresms-300x65-1.png\",\"contentUrl\":\"https:\\\/\\\/suresms.com\\\/wp-content\\\/uploads\\\/2024\\\/11\\\/suresms-300x65-1.png\",\"width\":300,\"height\":65,\"caption\":\"SureSMS\"},\"image\":{\"@id\":\"https:\\\/\\\/suresms.com\\\/en\\\/#\\\/schema\\\/logo\\\/image\\\/\"},\"sameAs\":[\"https:\\\/\\\/www.facebook.com\\\/p\\\/SureSMS-100044607956149\\\/\"]}]}<\/script>\r\n<!-- \/ Yoast SEO Premium plugin. -->","yoast_head_json":{"title":"Cuenta -","robots":{"index":"index","follow":"follow","max-snippet":"max-snippet:-1","max-image-preview":"max-image-preview:large","max-video-preview":"max-video-preview:-1"},"canonical":"https:\/\/suresms.com\/es\/docs\/cuenta\/","og_locale":"es_ES","og_type":"article","og_title":"Konto","og_description":"Konto Herunder finder du beskrivelse af ops\u00e6tning og konfiguration af din SureSMS konto. Stamdata p\u00e5 din konto Her kan du l\u00e6se om de grundl\u00e6ggende oplysninger der er p\u00e5 din konto.\u00a0 Afsender navn Du kan selv bestemme hvilket afsender-navn der skal st\u00e5 p\u00e5 din SMS.\u00a0 Faktureringsops\u00e6tning Se din betalingshistorik og hente fakturaer og kontoudtog.\u00a0 Kontosikkerhed Gennemgang ... Leer m\u00e1s","og_url":"https:\/\/suresms.com\/es\/docs\/cuenta\/","article_publisher":"https:\/\/www.facebook.com\/p\/SureSMS-100044607956149\/","article_modified_time":"2025-11-14T14:49:46+00:00","twitter_card":"summary_large_image","twitter_misc":{"Tiempo de lectura":"1 minuto"},"schema":{"@context":"https:\/\/schema.org","@graph":[{"@type":"WebPage","@id":"https:\/\/suresms.com\/dk\/docs\/account\/","url":"https:\/\/suresms.com\/dk\/docs\/account\/","name":"Cuenta -","isPartOf":{"@id":"https:\/\/suresms.com\/en\/#website"},"datePublished":"2024-07-05T07:27:51+00:00","dateModified":"2025-11-14T14:49:46+00:00","breadcrumb":{"@id":"https:\/\/suresms.com\/dk\/docs\/account\/#breadcrumb"},"inLanguage":"es","potentialAction":[{"@type":"ReadAction","target":["https:\/\/suresms.com\/dk\/docs\/account\/"]}]},{"@type":"BreadcrumbList","@id":"https:\/\/suresms.com\/dk\/docs\/account\/#breadcrumb","itemListElement":[{"@type":"ListItem","position":1,"name":"Home","item":"https:\/\/suresms.com\/dk\/"},{"@type":"ListItem","position":2,"name":"Dokumentation","item":"https:\/\/suresms.com\/dk\/docs\/"},{"@type":"ListItem","position":3,"name":"Konto"}]},{"@type":"WebSite","@id":"https:\/\/suresms.com\/en\/#website","url":"https:\/\/suresms.com\/en\/","name":"SureSMS","description":"Pasarela SMS profesional","publisher":{"@id":"https:\/\/suresms.com\/en\/#organization"},"potentialAction":[{"@type":"SearchAction","target":{"@type":"EntryPoint","urlTemplate":"https:\/\/suresms.com\/en\/?s={search_term_string}"},"query-input":{"@type":"PropertyValueSpecification","valueRequired":true,"valueName":"search_term_string"}}],"inLanguage":"es"},{"@type":"Organization","@id":"https:\/\/suresms.com\/en\/#organization","name":"SureSMS","url":"https:\/\/suresms.com\/en\/","logo":{"@type":"ImageObject","inLanguage":"es","@id":"https:\/\/suresms.com\/en\/#\/schema\/logo\/image\/","url":"https:\/\/suresms.com\/wp-content\/uploads\/2024\/11\/suresms-300x65-1.png","contentUrl":"https:\/\/suresms.com\/wp-content\/uploads\/2024\/11\/suresms-300x65-1.png","width":300,"height":65,"caption":"SureSMS"},"image":{"@id":"https:\/\/suresms.com\/en\/#\/schema\/logo\/image\/"},"sameAs":["https:\/\/www.facebook.com\/p\/SureSMS-100044607956149\/"]}]}},"_links":{"self":[{"href":"https:\/\/suresms.com\/es\/wp-json\/wp\/v2\/pages\/18156","targetHints":{"allow":["GET"]}}],"collection":[{"href":"https:\/\/suresms.com\/es\/wp-json\/wp\/v2\/pages"}],"about":[{"href":"https:\/\/suresms.com\/es\/wp-json\/wp\/v2\/types\/page"}],"author":[{"embeddable":true,"href":"https:\/\/suresms.com\/es\/wp-json\/wp\/v2\/users\/1"}],"replies":[{"embeddable":true,"href":"https:\/\/suresms.com\/es\/wp-json\/wp\/v2\/comments?post=18156"}],"version-history":[{"count":1,"href":"https:\/\/suresms.com\/es\/wp-json\/wp\/v2\/pages\/18156\/revisions"}],"predecessor-version":[{"id":23551,"href":"https:\/\/suresms.com\/es\/wp-json\/wp\/v2\/pages\/18156\/revisions\/23551"}],"up":[{"embeddable":true,"href":"https:\/\/suresms.com\/es\/wp-json\/wp\/v2\/pages\/18121"}],"wp:attachment":[{"href":"https:\/\/suresms.com\/es\/wp-json\/wp\/v2\/media?parent=18156"}],"wp:term":[{"taxonomy":"category","embeddable":true,"href":"https:\/\/suresms.com\/es\/wp-json\/wp\/v2\/categories?post=18156"},{"taxonomy":"post_tag","embeddable":true,"href":"https:\/\/suresms.com\/es\/wp-json\/wp\/v2\/tags?post=18156"}],"curies":[{"name":"wp","href":"https:\/\/api.w.org\/{rel}","templated":true}]}}