{"id":18150,"date":"2024-07-04T16:57:18","date_gmt":"2024-07-04T14:57:18","guid":{"rendered":"https:\/\/www.suresms.com\/dk\/?page_id=18150"},"modified":"2025-01-03T15:26:59","modified_gmt":"2025-01-03T15:26:59","slug":"factura","status":"publish","type":"page","link":"https:\/\/suresms.com\/es\/docs\/finance\/invoice-statement\/invoice\/","title":{"rendered":"Factura"},"content":{"rendered":"<!-- Flexy Breadcrumb -->\r\n\t\t\t<div class=\"fbc fbc-page\">\r\n\r\n\t\t\t\t<!-- Breadcrumb wrapper -->\r\n\t\t\t\t<div class=\"fbc-wrap\">\r\n\r\n\t\t\t\t\t<!-- Ordered list-->\r\n\t\t\t\t\t<ol class=\"fbc-items\" itemscope itemtype=\"https:\/\/schema.org\/BreadcrumbList\">\r\n\t\t\t\t\t\t            <li itemprop=\"itemListElement\" itemscope itemtype=\"https:\/\/schema.org\/ListItem\">\r\n                <span itemprop=\"name\">\r\n                    <!-- Home Link -->\r\n                    <a itemprop=\"item\" href=\"https:\/\/suresms.com\/es\/\">\r\n                    \r\n                                                    <i class=\"fa fa-home\" aria-hidden=\"true\"><\/i>Inicio                    <\/a>\r\n                <\/span>\r\n                <meta itemprop=\"position\" content=\"1\" \/><!-- Meta Position-->\r\n             <\/li><li><span class=\"fbc-separator\">\/<\/span><\/li><li class=\"active\" itemprop=\"itemListElement\" itemscope itemtype=\"https:\/\/schema.org\/ListItem\"><span itemprop=\"name\" title=\"Factura\">Factura<\/span><meta itemprop=\"position\" content=\"2\" \/><\/li>\t\t\t\t\t<\/ol>\r\n\t\t\t\t\t<div class=\"clearfix\"><\/div>\r\n\t\t\t\t<\/div>\r\n\t\t\t<\/div>\r\n\t\t\t\n<h1>\n\t\tFactura\n\t<\/h1>\n\t<p>Descubra c\u00f3mo recuperar sus facturas si le faltan algunas para su contabilidad.<\/p>\n\t<p>Acceda a su cuenta de SureSMS aqu\u00ed : <a href=\"https:\/\/app.suresms.com\" target=\"_blank\" rel=\"noopener\">https:\/\/app.suresms.com<\/a><\/p>\n<p>En el men\u00fa, seleccione <em>Financiero -&gt; Historial de pagos<\/em><\/p>\n<p>Marque las facturas que desea recibir<\/p>\n<p>En la esquina superior derecha, haga clic en <em>\"Elecci\u00f3n\"<\/em><\/p>\n<p>Seleccione <em>Facturas por correo electr\u00f3nico <\/em>En el submen\u00fa<\/p>\n<p>Introduzca la direcci\u00f3n de correo electr\u00f3nico a la que desea recibir el extracto de cuenta<\/p>\n<p>Pulse OK<\/p>\n\t\t\t\t\t<video src=\"https:\/\/suresms.com\/wp-content\/uploads\/2024\/07\/Dokumentation-Saadan-henter-du-dine-fakturaer.mp4\" alt=\"hosted-video-thumbnail\"><\/video>","protected":false},"excerpt":{"rendered":"<p>Factura Vea aqu\u00ed c\u00f3mo recuperar sus facturas si le faltan algunas para su contabilidad. Inicie sesi\u00f3n en su cuenta SureSMS aqu\u00ed: https:\/\/app.suresms.com En el men\u00fa seleccione Financiero -&gt; Historial de pagos Marque las facturas que desea recibir En la esquina superior derecha haga clic en \"Opciones\" Seleccione Enviar facturas por correo electr\u00f3nico En el submen\u00fa Introduzca la... <a title=\"Factura\" class=\"read-more\" href=\"https:\/\/suresms.com\/es\/docs\/finance\/invoice-statement\/invoice\/\" aria-label=\"Leer m\u00e1s sobre Faktura\">M\u00e1s informaci\u00f3n<\/a><\/p>","protected":false},"author":1,"featured_media":0,"parent":18132,"menu_order":0,"comment_status":"closed","ping_status":"closed","template":"","meta":{"_fl_builder_enabled":"1","_fl_builder_data":null,"_fl_builder_draft":null,"_fl_builder_data_settings":null,"_fl_builder_css":"","_fl_builder_css_version":"","_fl_builder_js":"","footnotes":""},"categories":[],"tags":[],"class_list":["post-18150","page","type-page","status-publish"],"yoast_head":"<!-- This site is optimized with the Yoast SEO Premium plugin v27.3 (Yoast SEO v27.3) - https:\/\/yoast.com\/product\/yoast-seo-premium-wordpress\/ -->\r\n<title>Faktura -<\/title>\r\n<meta name=\"robots\" content=\"index, follow, max-snippet:-1, max-image-preview:large, max-video-preview:-1\" \/>\r\n<link rel=\"canonical\" href=\"https:\/\/suresms.com\/es\/docs\/finanzas\/extracto-de-factura\/factura\/\" \/>\r\n<meta property=\"og:locale\" content=\"es_ES\" \/>\r\n<meta property=\"og:type\" content=\"article\" \/>\r\n<meta property=\"og:title\" content=\"Faktura\" \/>\r\n<meta property=\"og:description\" content=\"Faktura Se her hvordan du hente dine fakturaer, hvis du mangler nogle til din bogf\u00f8ring. Log ind p\u00e5 din SureSMS konto her : https:\/\/app.suresms.com I menuen v\u00e6lger du Financiel -&gt; Betalingshistorik S\u00e6t flueben ved de fakturaer du gerne vil have I \u00f8verste h\u00f8jre hj\u00f8rne klikker du p\u00e5 &#8220;Valg&#8221; V\u00e6lg Email fakturaer I undermenuen Indtast den ... Leer m\u00e1s\" \/>\r\n<meta property=\"og:url\" content=\"https:\/\/suresms.com\/es\/docs\/finanzas\/extracto-de-factura\/factura\/\" \/>\r\n<meta property=\"article:publisher\" content=\"https:\/\/www.facebook.com\/p\/SureSMS-100044607956149\/\" \/>\r\n<meta property=\"article:modified_time\" content=\"2025-01-03T15:26:59+00:00\" \/>\r\n<meta name=\"twitter:card\" content=\"summary_large_image\" \/>\r\n<meta name=\"twitter:label1\" content=\"Tiempo de lectura\" \/>\n\t<meta name=\"twitter:data1\" content=\"1 minuto\" \/>\r\n<script type=\"application\/ld+json\" class=\"yoast-schema-graph\">{\"@context\":\"https:\\\/\\\/schema.org\",\"@graph\":[{\"@type\":\"WebPage\",\"@id\":\"https:\\\/\\\/suresms.com\\\/dk\\\/docs\\\/finance\\\/invoice-statement\\\/invoice\\\/\",\"url\":\"https:\\\/\\\/suresms.com\\\/dk\\\/docs\\\/finance\\\/invoice-statement\\\/invoice\\\/\",\"name\":\"Faktura -\",\"isPartOf\":{\"@id\":\"https:\\\/\\\/suresms.com\\\/en\\\/#website\"},\"datePublished\":\"2024-07-04T14:57:18+00:00\",\"dateModified\":\"2025-01-03T15:26:59+00:00\",\"breadcrumb\":{\"@id\":\"https:\\\/\\\/suresms.com\\\/dk\\\/docs\\\/finance\\\/invoice-statement\\\/invoice\\\/#breadcrumb\"},\"inLanguage\":\"es\",\"potentialAction\":[{\"@type\":\"ReadAction\",\"target\":[\"https:\\\/\\\/suresms.com\\\/dk\\\/docs\\\/finance\\\/invoice-statement\\\/invoice\\\/\"]}]},{\"@type\":\"BreadcrumbList\",\"@id\":\"https:\\\/\\\/suresms.com\\\/dk\\\/docs\\\/finance\\\/invoice-statement\\\/invoice\\\/#breadcrumb\",\"itemListElement\":[{\"@type\":\"ListItem\",\"position\":1,\"name\":\"Home\",\"item\":\"https:\\\/\\\/suresms.com\\\/dk\\\/\"},{\"@type\":\"ListItem\",\"position\":2,\"name\":\"Dokumentation\",\"item\":\"https:\\\/\\\/suresms.com\\\/dk\\\/docs\\\/\"},{\"@type\":\"ListItem\",\"position\":3,\"name\":\"\u00d8konomi\",\"item\":\"https:\\\/\\\/suresms.com\\\/dk\\\/docs\\\/finance\\\/\"},{\"@type\":\"ListItem\",\"position\":4,\"name\":\"Faktura og kontoudtog\",\"item\":\"https:\\\/\\\/suresms.com\\\/dk\\\/docs\\\/finance\\\/invoice-statement\\\/\"},{\"@type\":\"ListItem\",\"position\":5,\"name\":\"Faktura\"}]},{\"@type\":\"WebSite\",\"@id\":\"https:\\\/\\\/suresms.com\\\/en\\\/#website\",\"url\":\"https:\\\/\\\/suresms.com\\\/en\\\/\",\"name\":\"SureSMS\",\"description\":\"Professionel SMS Gateway\",\"publisher\":{\"@id\":\"https:\\\/\\\/suresms.com\\\/en\\\/#organization\"},\"potentialAction\":[{\"@type\":\"SearchAction\",\"target\":{\"@type\":\"EntryPoint\",\"urlTemplate\":\"https:\\\/\\\/suresms.com\\\/en\\\/?s={search_term_string}\"},\"query-input\":{\"@type\":\"PropertyValueSpecification\",\"valueRequired\":true,\"valueName\":\"search_term_string\"}}],\"inLanguage\":\"es\"},{\"@type\":\"Organization\",\"@id\":\"https:\\\/\\\/suresms.com\\\/en\\\/#organization\",\"name\":\"SureSMS\",\"url\":\"https:\\\/\\\/suresms.com\\\/en\\\/\",\"logo\":{\"@type\":\"ImageObject\",\"inLanguage\":\"es\",\"@id\":\"https:\\\/\\\/suresms.com\\\/en\\\/#\\\/schema\\\/logo\\\/image\\\/\",\"url\":\"https:\\\/\\\/suresms.com\\\/wp-content\\\/uploads\\\/2024\\\/11\\\/suresms-300x65-1.png\",\"contentUrl\":\"https:\\\/\\\/suresms.com\\\/wp-content\\\/uploads\\\/2024\\\/11\\\/suresms-300x65-1.png\",\"width\":300,\"height\":65,\"caption\":\"SureSMS\"},\"image\":{\"@id\":\"https:\\\/\\\/suresms.com\\\/en\\\/#\\\/schema\\\/logo\\\/image\\\/\"},\"sameAs\":[\"https:\\\/\\\/www.facebook.com\\\/p\\\/SureSMS-100044607956149\\\/\"]}]}<\/script>\r\n<!-- \/ Yoast SEO Premium plugin. -->","yoast_head_json":{"title":"Factura -","robots":{"index":"index","follow":"follow","max-snippet":"max-snippet:-1","max-image-preview":"max-image-preview:large","max-video-preview":"max-video-preview:-1"},"canonical":"https:\/\/suresms.com\/es\/docs\/finanzas\/extracto-de-factura\/factura\/","og_locale":"es_ES","og_type":"article","og_title":"Faktura","og_description":"Faktura Se her hvordan du hente dine fakturaer, hvis du mangler nogle til din bogf\u00f8ring. Log ind p\u00e5 din SureSMS konto her : https:\/\/app.suresms.com I menuen v\u00e6lger du Financiel -&gt; Betalingshistorik S\u00e6t flueben ved de fakturaer du gerne vil have I \u00f8verste h\u00f8jre hj\u00f8rne klikker du p\u00e5 &#8220;Valg&#8221; V\u00e6lg Email fakturaer I undermenuen Indtast den ... Leer m\u00e1s","og_url":"https:\/\/suresms.com\/es\/docs\/finanzas\/extracto-de-factura\/factura\/","article_publisher":"https:\/\/www.facebook.com\/p\/SureSMS-100044607956149\/","article_modified_time":"2025-01-03T15:26:59+00:00","twitter_card":"summary_large_image","twitter_misc":{"Tiempo de lectura":"1 minuto"},"schema":{"@context":"https:\/\/schema.org","@graph":[{"@type":"WebPage","@id":"https:\/\/suresms.com\/dk\/docs\/finance\/invoice-statement\/invoice\/","url":"https:\/\/suresms.com\/dk\/docs\/finance\/invoice-statement\/invoice\/","name":"Factura -","isPartOf":{"@id":"https:\/\/suresms.com\/en\/#website"},"datePublished":"2024-07-04T14:57:18+00:00","dateModified":"2025-01-03T15:26:59+00:00","breadcrumb":{"@id":"https:\/\/suresms.com\/dk\/docs\/finance\/invoice-statement\/invoice\/#breadcrumb"},"inLanguage":"es","potentialAction":[{"@type":"ReadAction","target":["https:\/\/suresms.com\/dk\/docs\/finance\/invoice-statement\/invoice\/"]}]},{"@type":"BreadcrumbList","@id":"https:\/\/suresms.com\/dk\/docs\/finance\/invoice-statement\/invoice\/#breadcrumb","itemListElement":[{"@type":"ListItem","position":1,"name":"Home","item":"https:\/\/suresms.com\/dk\/"},{"@type":"ListItem","position":2,"name":"Dokumentation","item":"https:\/\/suresms.com\/dk\/docs\/"},{"@type":"ListItem","position":3,"name":"\u00d8konomi","item":"https:\/\/suresms.com\/dk\/docs\/finance\/"},{"@type":"ListItem","position":4,"name":"Faktura og kontoudtog","item":"https:\/\/suresms.com\/dk\/docs\/finance\/invoice-statement\/"},{"@type":"ListItem","position":5,"name":"Faktura"}]},{"@type":"WebSite","@id":"https:\/\/suresms.com\/en\/#website","url":"https:\/\/suresms.com\/en\/","name":"SureSMS","description":"Pasarela SMS profesional","publisher":{"@id":"https:\/\/suresms.com\/en\/#organization"},"potentialAction":[{"@type":"SearchAction","target":{"@type":"EntryPoint","urlTemplate":"https:\/\/suresms.com\/en\/?s={search_term_string}"},"query-input":{"@type":"PropertyValueSpecification","valueRequired":true,"valueName":"search_term_string"}}],"inLanguage":"es"},{"@type":"Organization","@id":"https:\/\/suresms.com\/en\/#organization","name":"SureSMS","url":"https:\/\/suresms.com\/en\/","logo":{"@type":"ImageObject","inLanguage":"es","@id":"https:\/\/suresms.com\/en\/#\/schema\/logo\/image\/","url":"https:\/\/suresms.com\/wp-content\/uploads\/2024\/11\/suresms-300x65-1.png","contentUrl":"https:\/\/suresms.com\/wp-content\/uploads\/2024\/11\/suresms-300x65-1.png","width":300,"height":65,"caption":"SureSMS"},"image":{"@id":"https:\/\/suresms.com\/en\/#\/schema\/logo\/image\/"},"sameAs":["https:\/\/www.facebook.com\/p\/SureSMS-100044607956149\/"]}]}},"_links":{"self":[{"href":"https:\/\/suresms.com\/es\/wp-json\/wp\/v2\/pages\/18150","targetHints":{"allow":["GET"]}}],"collection":[{"href":"https:\/\/suresms.com\/es\/wp-json\/wp\/v2\/pages"}],"about":[{"href":"https:\/\/suresms.com\/es\/wp-json\/wp\/v2\/types\/page"}],"author":[{"embeddable":true,"href":"https:\/\/suresms.com\/es\/wp-json\/wp\/v2\/users\/1"}],"replies":[{"embeddable":true,"href":"https:\/\/suresms.com\/es\/wp-json\/wp\/v2\/comments?post=18150"}],"version-history":[{"count":1,"href":"https:\/\/suresms.com\/es\/wp-json\/wp\/v2\/pages\/18150\/revisions"}],"predecessor-version":[{"id":19586,"href":"https:\/\/suresms.com\/es\/wp-json\/wp\/v2\/pages\/18150\/revisions\/19586"}],"up":[{"embeddable":true,"href":"https:\/\/suresms.com\/es\/wp-json\/wp\/v2\/pages\/18132"}],"wp:attachment":[{"href":"https:\/\/suresms.com\/es\/wp-json\/wp\/v2\/media?parent=18150"}],"wp:term":[{"taxonomy":"category","embeddable":true,"href":"https:\/\/suresms.com\/es\/wp-json\/wp\/v2\/categories?post=18150"},{"taxonomy":"post_tag","embeddable":true,"href":"https:\/\/suresms.com\/es\/wp-json\/wp\/v2\/tags?post=18150"}],"curies":[{"name":"wp","href":"https:\/\/api.w.org\/{rel}","templated":true}]}}