{"id":18121,"date":"2024-07-04T14:34:42","date_gmt":"2024-07-04T12:34:42","guid":{"rendered":"https:\/\/www.suresms.com\/dk\/?page_id=18121"},"modified":"2025-11-11T10:39:49","modified_gmt":"2025-11-11T10:39:49","slug":"docs","status":"publish","type":"page","link":"https:\/\/suresms.com\/es\/docs\/","title":{"rendered":"Documentaci\u00f3n"},"content":{"rendered":"<h1>\n\t\t\tC\u00f3mo utilizar la aplicaci\u00f3n SureSMS\t<\/h1>\n\t<p>A continuaci\u00f3n encontrar\u00e1 descripciones de las distintas funciones del men\u00fa. Tambi\u00e9n encontrar\u00e1 una secci\u00f3n con gu\u00edas sobre c\u00f3mo configurar soluciones m\u00e1s complejas.<\/p>\n\t<a href=\"https:\/\/suresms.com\/es\/docs\/cuenta-3\/\" target=\"_self\"  aria-label=\"Visite https:\/\/suresms.com\/dk\/docs\/message\/\"><\/a>\n\t\t<h3>Mensajer\u00eda<\/h3>\t\t\t\n\t\t\t\t<p>Lee c\u00f3mo enviar un nuevo mensaje. D\u00f3nde ves tus mensajes enviados y recibidos.\u00a0<\/p>\n\t<a href=\"https:\/\/suresms.com\/es\/docs\/cuenta-4\/\" target=\"_self\"  aria-label=\"Visite https:\/\/suresms.com\/dk\/docs\/addressbook\/\"><\/a>\n\t\t<h3>Agenda<\/h3>\t\t\t\n\t\t\t\t<p>M\u00e1s informaci\u00f3n sobre contactos e importaci\u00f3n de contactos. Lee sobre grupos y c\u00f3mo organizar tus contactos en grupos.\u00a0<\/p>\n\t<a href=\"https:\/\/suresms.com\/es\/docs\/cuenta-5\/\" target=\"_self\"  aria-label=\"Visite https:\/\/suresms.com\/dk\/docs\/report\/\"><\/a>\n\t\t<h3>Informes<\/h3>\t\t\t\n\t\t\t\t<p>Inf\u00f3rmese sobre los informes que puede extraer del sistema. Exportar informes.<\/p>\n\t<a href=\"https:\/\/suresms.com\/es\/docs\/cuenta-6\/\" target=\"_self\"  aria-label=\"Visite https:\/\/suresms.com\/dk\/docs\/troubleshooting\/\"><\/a>\n\t\t<h3>Soluci\u00f3n de problemas<\/h3>\t\t\t\n\t\t\t\t<p>Si experimenta errores en los sistemas, aqu\u00ed tiene una serie de gu\u00edas para encontrar y corregir errores.<\/p>\n\t<a href=\"https:\/\/suresms.com\/es\/docs\/finanzas\/\" target=\"_self\"  aria-label=\"Visite https:\/\/suresms.com\/dk\/docs\/finance\/\"><\/a>\n\t\t<h3>Econom\u00eda<\/h3>\t\t\t\n\t\t\t\t<p>Descubra c\u00f3mo consultar su consumo, descargar sus facturas y solicitar un extracto bancario.\u00a0<\/p>\n\t\t<h3>Integraciones<\/h3>\t\t\t\n\t\t\t\t<p>Aprenda a configurar integraciones con otros sistemas.\u00a0<\/p>\n\t<a href=\"https:\/\/suresms.com\/es\/docs\/cuenta\/\" target=\"_self\"  aria-label=\"Visite https:\/\/suresms.com\/dk\/docs\/account\/\"><\/a>\n\t\t<h3>Cuenta<\/h3>\t\t\t\n\t\t\t\t<p>Inf\u00f3rmate sobre c\u00f3mo configurar tu cuenta y qu\u00e9 ajustes puedes hacer.<\/p>\n<h1>\n\t\t\tGu\u00edas de instalaci\u00f3n\t<\/h1>\n\t<p>A continuaci\u00f3n encontrar\u00e1 instrucciones sobre c\u00f3mo configurar SureSMS para hacer diferentes cosas.<\/p>\n\t<a href=\"https:\/\/suresms.com\/es\/docs\/guias\/algunas_casillas_y_codigos\/\" target=\"_self\"  aria-label=\"Visite https:\/\/suresms.com\/dk\/docs\/guides\/noglebokse_og_koder\/\"><\/a>\n\t\t<h3>Cajas de llaves y c\u00f3digos<\/h3>\t\t\t\n\t\t\t\t<p>Puede configurar SureSMS para que env\u00ede un SMS con un c\u00f3digo a una caja de llaves o un candado. As\u00ed podr\u00e1s ver qui\u00e9n ha accedido y cu\u00e1ndo.\u00a0<\/p>\n\t<a href=\"https:\/\/suresms.com\/es\/docs\/guias\/sms-2-configuracion-sms\/\" target=\"_self\"  aria-label=\"Visite https:\/\/suresms.com\/dk\/docs\/guides\/sms-2-sms-opstning\/\"><\/a>\n\t\t<h3>Configuraci\u00f3n SMS-2-SMS<\/h3>\t\t\t\n\t\t\t\t<p>Si quieres configurar SureSMS para que puedas enviar un SMS a SureSMS que se env\u00ede a toda una lista de contactos, aqu\u00ed tienes una gu\u00eda para configurarlo.\u00a0<\/p>\n\t<a href=\"https:\/\/suresms.com\/es\/docs\/guias\/consigue-inscripciones-en-tu-lista-de-sms\/\" target=\"_self\"  aria-label=\"Visite https:\/\/suresms.com\/dk\/docs\/guides\/faa-tilmeldinger-til-din-sms-liste\/\"><\/a>\n\t\t<h3>Consigue inscripciones en tu lista de SMS<\/h3>\t\t\t\n\t\t\t\t<p>Descripci\u00f3n de c\u00f3mo una persona puede inscribirse por s\u00ed misma en tu lista de SMS. Enviando un SMS, con un c\u00f3digo QR o rellenando un formulario.\u00a0<\/p>","protected":false},"excerpt":{"rendered":"<p>C\u00f3mo utilizar la aplicaci\u00f3n SureSMS A continuaci\u00f3n encontrar\u00e1 descripciones de las distintas funciones del men\u00fa. Tambi\u00e9n encontrar\u00e1 una secci\u00f3n con gu\u00edas sobre c\u00f3mo configurar soluciones m\u00e1s complejas. Mensajes Lea c\u00f3mo enviar un nuevo mensaje. D\u00f3nde ver los mensajes enviados y recibidos.  Libreta de direcciones Lea sobre los contactos y la importaci\u00f3n de ... <a title=\"Documentaci\u00f3n\" class=\"read-more\" href=\"https:\/\/suresms.com\/es\/docs\/\" aria-label=\"Leer m\u00e1s sobre Documentaci\u00f3n\">M\u00e1s informaci\u00f3n<\/a><\/p>","protected":false},"author":1,"featured_media":0,"parent":0,"menu_order":0,"comment_status":"closed","ping_status":"closed","template":"","meta":{"_fl_builder_enabled":"1","_fl_builder_data":null,"_fl_builder_draft":null,"_fl_builder_data_settings":null,"_fl_builder_css":"","_fl_builder_css_version":"","_fl_builder_js":"","footnotes":""},"categories":[17],"tags":[],"class_list":{"0":"post-18121","1":"page","2":"type-page","3":"status-publish","5":"category-linkfracornorstone"},"yoast_head":"<!-- This site is optimized with the Yoast SEO Premium plugin v27.3 (Yoast SEO v27.3) - https:\/\/yoast.com\/product\/yoast-seo-premium-wordpress\/ -->\r\n<title>Dokumentation -<\/title>\r\n<meta name=\"robots\" content=\"index, follow, max-snippet:-1, max-image-preview:large, max-video-preview:-1\" \/>\r\n<link rel=\"canonical\" href=\"https:\/\/suresms.com\/es\/docs\/\" \/>\r\n<meta property=\"og:locale\" content=\"es_ES\" \/>\r\n<meta property=\"og:type\" content=\"article\" \/>\r\n<meta property=\"og:title\" content=\"Dokumentation\" \/>\r\n<meta property=\"og:description\" content=\"S\u00e5dan bruger du SureSMS applikationen Herunder finder du beskrivelse af de forskellige funktioner i menuen. Du finder ligeledes en sektion med guides der fort\u00e6ller hvordan man laver ops\u00e6tning af mere komplekse l\u00f8sninger. Beskeder L\u00e6s hvordan du sender en ny besked. Hvor du ser dine afsendte og modtaget beskeder.\u00a0 Adressebog L\u00e6s om kontakter og import af ... Leer m\u00e1s\" \/>\r\n<meta property=\"og:url\" content=\"https:\/\/suresms.com\/es\/docs\/\" \/>\r\n<meta property=\"article:publisher\" content=\"https:\/\/www.facebook.com\/p\/SureSMS-100044607956149\/\" \/>\r\n<meta property=\"article:modified_time\" content=\"2025-11-11T10:39:49+00:00\" \/>\r\n<meta name=\"twitter:card\" content=\"summary_large_image\" \/>\r\n<meta name=\"twitter:label1\" content=\"Tiempo de lectura\" \/>\n\t<meta name=\"twitter:data1\" content=\"1 minuto\" \/>\r\n<script type=\"application\/ld+json\" class=\"yoast-schema-graph\">{\"@context\":\"https:\\\/\\\/schema.org\",\"@graph\":[{\"@type\":\"WebPage\",\"@id\":\"https:\\\/\\\/suresms.com\\\/dk\\\/docs\\\/\",\"url\":\"https:\\\/\\\/suresms.com\\\/dk\\\/docs\\\/\",\"name\":\"Dokumentation -\",\"isPartOf\":{\"@id\":\"https:\\\/\\\/suresms.com\\\/en\\\/#website\"},\"datePublished\":\"2024-07-04T12:34:42+00:00\",\"dateModified\":\"2025-11-11T10:39:49+00:00\",\"breadcrumb\":{\"@id\":\"https:\\\/\\\/suresms.com\\\/dk\\\/docs\\\/#breadcrumb\"},\"inLanguage\":\"es\",\"potentialAction\":[{\"@type\":\"ReadAction\",\"target\":[\"https:\\\/\\\/suresms.com\\\/dk\\\/docs\\\/\"]}]},{\"@type\":\"BreadcrumbList\",\"@id\":\"https:\\\/\\\/suresms.com\\\/dk\\\/docs\\\/#breadcrumb\",\"itemListElement\":[{\"@type\":\"ListItem\",\"position\":1,\"name\":\"Home\",\"item\":\"https:\\\/\\\/suresms.com\\\/dk\\\/\"},{\"@type\":\"ListItem\",\"position\":2,\"name\":\"Dokumentation\"}]},{\"@type\":\"WebSite\",\"@id\":\"https:\\\/\\\/suresms.com\\\/en\\\/#website\",\"url\":\"https:\\\/\\\/suresms.com\\\/en\\\/\",\"name\":\"SureSMS\",\"description\":\"Professionel SMS Gateway\",\"publisher\":{\"@id\":\"https:\\\/\\\/suresms.com\\\/en\\\/#organization\"},\"potentialAction\":[{\"@type\":\"SearchAction\",\"target\":{\"@type\":\"EntryPoint\",\"urlTemplate\":\"https:\\\/\\\/suresms.com\\\/en\\\/?s={search_term_string}\"},\"query-input\":{\"@type\":\"PropertyValueSpecification\",\"valueRequired\":true,\"valueName\":\"search_term_string\"}}],\"inLanguage\":\"es\"},{\"@type\":\"Organization\",\"@id\":\"https:\\\/\\\/suresms.com\\\/en\\\/#organization\",\"name\":\"SureSMS\",\"url\":\"https:\\\/\\\/suresms.com\\\/en\\\/\",\"logo\":{\"@type\":\"ImageObject\",\"inLanguage\":\"es\",\"@id\":\"https:\\\/\\\/suresms.com\\\/en\\\/#\\\/schema\\\/logo\\\/image\\\/\",\"url\":\"https:\\\/\\\/suresms.com\\\/wp-content\\\/uploads\\\/2024\\\/11\\\/suresms-300x65-1.png\",\"contentUrl\":\"https:\\\/\\\/suresms.com\\\/wp-content\\\/uploads\\\/2024\\\/11\\\/suresms-300x65-1.png\",\"width\":300,\"height\":65,\"caption\":\"SureSMS\"},\"image\":{\"@id\":\"https:\\\/\\\/suresms.com\\\/en\\\/#\\\/schema\\\/logo\\\/image\\\/\"},\"sameAs\":[\"https:\\\/\\\/www.facebook.com\\\/p\\\/SureSMS-100044607956149\\\/\"]}]}<\/script>\r\n<!-- \/ Yoast SEO Premium plugin. -->","yoast_head_json":{"title":"Documentaci\u00f3n","robots":{"index":"index","follow":"follow","max-snippet":"max-snippet:-1","max-image-preview":"max-image-preview:large","max-video-preview":"max-video-preview:-1"},"canonical":"https:\/\/suresms.com\/es\/docs\/","og_locale":"es_ES","og_type":"article","og_title":"Dokumentation","og_description":"S\u00e5dan bruger du SureSMS applikationen Herunder finder du beskrivelse af de forskellige funktioner i menuen. Du finder ligeledes en sektion med guides der fort\u00e6ller hvordan man laver ops\u00e6tning af mere komplekse l\u00f8sninger. Beskeder L\u00e6s hvordan du sender en ny besked. Hvor du ser dine afsendte og modtaget beskeder.\u00a0 Adressebog L\u00e6s om kontakter og import af ... Leer m\u00e1s","og_url":"https:\/\/suresms.com\/es\/docs\/","article_publisher":"https:\/\/www.facebook.com\/p\/SureSMS-100044607956149\/","article_modified_time":"2025-11-11T10:39:49+00:00","twitter_card":"summary_large_image","twitter_misc":{"Tiempo de lectura":"1 minuto"},"schema":{"@context":"https:\/\/schema.org","@graph":[{"@type":"WebPage","@id":"https:\/\/suresms.com\/dk\/docs\/","url":"https:\/\/suresms.com\/dk\/docs\/","name":"Documentaci\u00f3n","isPartOf":{"@id":"https:\/\/suresms.com\/en\/#website"},"datePublished":"2024-07-04T12:34:42+00:00","dateModified":"2025-11-11T10:39:49+00:00","breadcrumb":{"@id":"https:\/\/suresms.com\/dk\/docs\/#breadcrumb"},"inLanguage":"es","potentialAction":[{"@type":"ReadAction","target":["https:\/\/suresms.com\/dk\/docs\/"]}]},{"@type":"BreadcrumbList","@id":"https:\/\/suresms.com\/dk\/docs\/#breadcrumb","itemListElement":[{"@type":"ListItem","position":1,"name":"Home","item":"https:\/\/suresms.com\/dk\/"},{"@type":"ListItem","position":2,"name":"Dokumentation"}]},{"@type":"WebSite","@id":"https:\/\/suresms.com\/en\/#website","url":"https:\/\/suresms.com\/en\/","name":"SureSMS","description":"Pasarela SMS profesional","publisher":{"@id":"https:\/\/suresms.com\/en\/#organization"},"potentialAction":[{"@type":"SearchAction","target":{"@type":"EntryPoint","urlTemplate":"https:\/\/suresms.com\/en\/?s={search_term_string}"},"query-input":{"@type":"PropertyValueSpecification","valueRequired":true,"valueName":"search_term_string"}}],"inLanguage":"es"},{"@type":"Organization","@id":"https:\/\/suresms.com\/en\/#organization","name":"SureSMS","url":"https:\/\/suresms.com\/en\/","logo":{"@type":"ImageObject","inLanguage":"es","@id":"https:\/\/suresms.com\/en\/#\/schema\/logo\/image\/","url":"https:\/\/suresms.com\/wp-content\/uploads\/2024\/11\/suresms-300x65-1.png","contentUrl":"https:\/\/suresms.com\/wp-content\/uploads\/2024\/11\/suresms-300x65-1.png","width":300,"height":65,"caption":"SureSMS"},"image":{"@id":"https:\/\/suresms.com\/en\/#\/schema\/logo\/image\/"},"sameAs":["https:\/\/www.facebook.com\/p\/SureSMS-100044607956149\/"]}]}},"_links":{"self":[{"href":"https:\/\/suresms.com\/es\/wp-json\/wp\/v2\/pages\/18121","targetHints":{"allow":["GET"]}}],"collection":[{"href":"https:\/\/suresms.com\/es\/wp-json\/wp\/v2\/pages"}],"about":[{"href":"https:\/\/suresms.com\/es\/wp-json\/wp\/v2\/types\/page"}],"author":[{"embeddable":true,"href":"https:\/\/suresms.com\/es\/wp-json\/wp\/v2\/users\/1"}],"replies":[{"embeddable":true,"href":"https:\/\/suresms.com\/es\/wp-json\/wp\/v2\/comments?post=18121"}],"version-history":[{"count":9,"href":"https:\/\/suresms.com\/es\/wp-json\/wp\/v2\/pages\/18121\/revisions"}],"predecessor-version":[{"id":23537,"href":"https:\/\/suresms.com\/es\/wp-json\/wp\/v2\/pages\/18121\/revisions\/23537"}],"wp:attachment":[{"href":"https:\/\/suresms.com\/es\/wp-json\/wp\/v2\/media?parent=18121"}],"wp:term":[{"taxonomy":"category","embeddable":true,"href":"https:\/\/suresms.com\/es\/wp-json\/wp\/v2\/categories?post=18121"},{"taxonomy":"post_tag","embeddable":true,"href":"https:\/\/suresms.com\/es\/wp-json\/wp\/v2\/tags?post=18121"}],"curies":[{"name":"wp","href":"https:\/\/api.w.org\/{rel}","templated":true}]}}