{"id":18069,"date":"2024-05-27T07:37:20","date_gmt":"2024-05-27T05:37:20","guid":{"rendered":"https:\/\/www.suresms.com\/dk\/?page_id=18069"},"modified":"2025-03-13T13:11:06","modified_gmt":"2025-03-13T13:11:06","slug":"cms-sistema-de-gestion-de-contenidos-integracion-sms-2","status":"publish","type":"page","link":"https:\/\/suresms.com\/es\/integrationer\/fagsystem-sms-integration\/","title":{"rendered":"Integraci\u00f3n de SMS en sistemas especializados"},"content":{"rendered":"<!-- Flexy Breadcrumb -->\r\n\t\t\t<div class=\"fbc fbc-page\">\r\n\r\n\t\t\t\t<!-- Breadcrumb wrapper -->\r\n\t\t\t\t<div class=\"fbc-wrap\">\r\n\r\n\t\t\t\t\t<!-- Ordered list-->\r\n\t\t\t\t\t<ol class=\"fbc-items\" itemscope itemtype=\"https:\/\/schema.org\/BreadcrumbList\">\r\n\t\t\t\t\t\t            <li itemprop=\"itemListElement\" itemscope itemtype=\"https:\/\/schema.org\/ListItem\">\r\n                <span itemprop=\"name\">\r\n                    <!-- Home Link -->\r\n                    <a itemprop=\"item\" href=\"https:\/\/suresms.com\/es\/\">\r\n                    \r\n                                                    <i class=\"fa fa-home\" aria-hidden=\"true\"><\/i>Inicio                    <\/a>\r\n                <\/span>\r\n                <meta itemprop=\"position\" content=\"1\" \/><!-- Meta Position-->\r\n             <\/li><li><span class=\"fbc-separator\">\/<\/span><\/li><li class=\"active\" itemprop=\"itemListElement\" itemscope itemtype=\"https:\/\/schema.org\/ListItem\"><span itemprop=\"name\" title=\"Integraci\u00f3n de SMS en sistemas especializados\">Integraci\u00f3n de SMS en sistemas especializados<\/span><meta itemprop=\"position\" content=\"2\" \/><\/li>\t\t\t\t\t<\/ol>\r\n\t\t\t\t\t<div class=\"clearfix\"><\/div>\r\n\t\t\t\t<\/div>\r\n\t\t\t<\/div>\r\n\t\t\t\n\t\t<h1><strong>Integraci\u00f3n de SMS en sistemas especializados<\/strong><\/h1>\n\t<h3>Con la integraci\u00f3n de SMS en su sistema de gesti\u00f3n de contenidos o CMS, podr\u00e1 comunicarse con clientes y empleados de forma r\u00e1pida y eficaz.<\/h3>\n\t\t<h3>SMS en sistemas profesionales<\/h3><p>En SureSMS, sabemos que una comunicaci\u00f3n eficaz es la clave del \u00e9xito en cualquier sector. Por eso ofrecemos soluciones de integraci\u00f3n de SMS personalizadas que se integran a la perfecci\u00f3n con una serie de sistemas especializados, sean cuales sean las necesidades espec\u00edficas de tu empresa.<\/p>\n<p>Nuestra plataforma est\u00e1 dise\u00f1ada para trabajar mano a mano con sistemas para peluquer\u00edas, concesionarios de coches, sanidad (por ejemplo, Redcap) y muchos otros sectores, para que pueda enviar recordatorios, confirmaciones y ofertas directamente a los tel\u00e9fonos m\u00f3viles de sus clientes.<\/p>\n<p>SureSMS facilita la mejora de la satisfacci\u00f3n del cliente y aumenta la eficiencia de su negocio. Perm\u00edtanos ayudarle a construir relaciones m\u00e1s s\u00f3lidas con sus clientes a trav\u00e9s de una comunicaci\u00f3n fiable y espec\u00edfica.<\/p>\n\t<p>A continuaci\u00f3n puede ver algunas de las integraciones que ya existen entre SureSMS y diversos sistemas especializados.<\/p>\n\t\t\t\t<a href=\"https:\/\/suresms.com\/es\/integraciones\/cms-sistema-de-gestion-de-contenidos-integracion-sms-2\/integracion-sms-redcap\/\"  target=\"_self\" itemprop=\"url\">\n\t\t\t\t<img loading=\"lazy\" decoding=\"async\" src=\"https:\/\/suresms.com\/wp-content\/uploads\/2024\/05\/REDCapSureSMS-Integration-1.png\" alt=\"Integraci\u00f3n REDCap+SureSMS\" itemprop=\"image\" height=\"460\" width=\"1281\" title=\"Integraci\u00f3n REDCap+SureSMS\" onerror=\"this.style.display='none'\"  \/>\n\t\t\t\t<\/a>\n<h3><a href=\"https:\/\/suresms.com\/es\/integraciones\/cms-sistema-de-gestion-de-contenidos-integracion-sms-2\/integracion-sms-redcap\/\" target=\"_self\">REDCap<\/a><\/h3><p>En REDCap, los SMS pueden utilizarse para optimizar la comunicaci\u00f3n a trav\u00e9s de las funciones \"Invitaciones autom\u00e1ticas a encuestas\" y \"Alertas y notificaciones\". Esto permite a los usuarios configurar correos electr\u00f3nicos que se convierten autom\u00e1ticamente en mensajes SMS, lo que mejora los \u00edndices de respuesta y garantiza la puntualidad de la informaci\u00f3n. Estas funciones facilitan mantener a los participantes informados y comprometidos con los proyectos de investigaci\u00f3n.<\/p>\n\t\t<h3><a href=\"https:\/\/suresms.com\/es\/integraciones\/cms-sistema-de-gestion-de-contenidos-integracion-sms-2\/integracion-sms-lectio\/\" target=\"_self\">Lectio<\/a><\/h3><p>Lectio es una plataforma digital utilizada por los colegios daneses para los horarios, los deberes, el registro de ausencias y la comunicaci\u00f3n. Los SMS en Lectio pueden utilizarse para enviar mensajes sobre cambios de horario, recordatorios de tareas y notificaciones de ausencia a alumnos, profesores y padres para que est\u00e9n siempre al d\u00eda.<\/p>","protected":false},"excerpt":{"rendered":"<p>Integraci\u00f3n de SMS en sistemas empresariales Con la integraci\u00f3n de SMS en tu sistema de gesti\u00f3n de contenidos o CMS, podr\u00e1s comunicarte con clientes y empleados de forma r\u00e1pida y eficaz. SMS en sistemas empresariales En SureSMS, entendemos que una comunicaci\u00f3n eficaz es la clave del \u00e9xito en cualquier sector. Por eso ofrecemos soluciones de integraci\u00f3n de SMS personalizadas que se integran a la perfecci\u00f3n con una serie de sistemas empresariales, ... <a title=\"Integraci\u00f3n de SMS en sistemas especializados\" class=\"read-more\" href=\"https:\/\/suresms.com\/es\/integrationer\/fagsystem-sms-integration\/\" aria-label=\"Leer m\u00e1s sobre Integraci\u00f3n de SMS en los sistemas empresariales\">M\u00e1s informaci\u00f3n<\/a><\/p>","protected":false},"author":1,"featured_media":0,"parent":9400,"menu_order":1,"comment_status":"closed","ping_status":"closed","template":"","meta":{"_fl_builder_enabled":"1","_fl_builder_data":null,"_fl_builder_draft":null,"_fl_builder_data_settings":null,"_fl_builder_css":"","_fl_builder_css_version":"","_fl_builder_js":"","footnotes":""},"categories":[],"tags":[],"class_list":["post-18069","page","type-page","status-publish"],"yoast_head":"<!-- This site is optimized with the Yoast SEO Premium plugin v27.3 (Yoast SEO v27.3) - https:\/\/yoast.com\/product\/yoast-seo-premium-wordpress\/ -->\r\n<title>SMS integration til fagsystemer - SMS integrationer til 2000+ systemer<\/title>\r\n<meta name=\"description\" content=\"SMS integrationer med 2000+ systemer. Mange forskellige muligheder og gratis ops\u00e6tning. API, webservice, JSON og meget mere\" \/>\r\n<meta name=\"robots\" content=\"index, follow, max-snippet:-1, max-image-preview:large, max-video-preview:-1\" \/>\r\n<link rel=\"canonical\" href=\"https:\/\/suresms.com\/es\/integraciones\/cms-sistema-de-gestion-de-contenidos-integracion-sms-2\/\" \/>\r\n<meta property=\"og:locale\" content=\"es_ES\" \/>\r\n<meta property=\"og:type\" content=\"article\" \/>\r\n<meta property=\"og:title\" content=\"SMS integration til fagsystemer\" \/>\r\n<meta property=\"og:description\" content=\"SMS integrationer med 2000+ systemer. Mange forskellige muligheder og gratis ops\u00e6tning. API, webservice, JSON og meget mere\" \/>\r\n<meta property=\"og:url\" content=\"https:\/\/suresms.com\/es\/integraciones\/cms-sistema-de-gestion-de-contenidos-integracion-sms-2\/\" \/>\r\n<meta property=\"article:publisher\" content=\"https:\/\/www.facebook.com\/p\/SureSMS-100044607956149\/\" \/>\r\n<meta property=\"article:modified_time\" content=\"2025-03-13T13:11:06+00:00\" \/>\r\n<meta property=\"og:image\" content=\"https:\/\/suresms.com\/wp-content\/uploads\/2024\/05\/REDCapSureSMS-Integration-1.png\" \/>\r\n<meta name=\"twitter:card\" content=\"summary_large_image\" \/>\r\n<meta name=\"twitter:label1\" content=\"Tiempo de lectura\" \/>\n\t<meta name=\"twitter:data1\" content=\"4 minutos\" \/>\r\n<script type=\"application\/ld+json\" class=\"yoast-schema-graph\">{\"@context\":\"https:\\\/\\\/schema.org\",\"@graph\":[{\"@type\":\"WebPage\",\"@id\":\"https:\\\/\\\/suresms.com\\\/dk\\\/integrationer\\\/fagsystem-sms-integration\\\/\",\"url\":\"https:\\\/\\\/suresms.com\\\/dk\\\/integrationer\\\/fagsystem-sms-integration\\\/\",\"name\":\"SMS integration til fagsystemer - SMS integrationer til 2000+ systemer\",\"isPartOf\":{\"@id\":\"https:\\\/\\\/suresms.com\\\/en\\\/#website\"},\"primaryImageOfPage\":{\"@id\":\"https:\\\/\\\/suresms.com\\\/dk\\\/integrationer\\\/fagsystem-sms-integration\\\/#primaryimage\"},\"image\":{\"@id\":\"https:\\\/\\\/suresms.com\\\/dk\\\/integrationer\\\/fagsystem-sms-integration\\\/#primaryimage\"},\"thumbnailUrl\":\"https:\\\/\\\/suresms.com\\\/wp-content\\\/uploads\\\/2024\\\/05\\\/REDCapSureSMS-Integration-1.png\",\"datePublished\":\"2024-05-27T05:37:20+00:00\",\"dateModified\":\"2025-03-13T13:11:06+00:00\",\"description\":\"SMS integrationer med 2000+ systemer. Mange forskellige muligheder og gratis ops\u00e6tning. API, webservice, JSON og meget mere\",\"breadcrumb\":{\"@id\":\"https:\\\/\\\/suresms.com\\\/dk\\\/integrationer\\\/fagsystem-sms-integration\\\/#breadcrumb\"},\"inLanguage\":\"es\",\"potentialAction\":[{\"@type\":\"ReadAction\",\"target\":[\"https:\\\/\\\/suresms.com\\\/dk\\\/integrationer\\\/fagsystem-sms-integration\\\/\"]}]},{\"@type\":\"ImageObject\",\"inLanguage\":\"es\",\"@id\":\"https:\\\/\\\/suresms.com\\\/dk\\\/integrationer\\\/fagsystem-sms-integration\\\/#primaryimage\",\"url\":\"https:\\\/\\\/suresms.com\\\/wp-content\\\/uploads\\\/2024\\\/05\\\/REDCapSureSMS-Integration-1.png\",\"contentUrl\":\"https:\\\/\\\/suresms.com\\\/wp-content\\\/uploads\\\/2024\\\/05\\\/REDCapSureSMS-Integration-1.png\"},{\"@type\":\"BreadcrumbList\",\"@id\":\"https:\\\/\\\/suresms.com\\\/dk\\\/integrationer\\\/fagsystem-sms-integration\\\/#breadcrumb\",\"itemListElement\":[{\"@type\":\"ListItem\",\"position\":1,\"name\":\"Home\",\"item\":\"https:\\\/\\\/suresms.com\\\/dk\\\/\"},{\"@type\":\"ListItem\",\"position\":2,\"name\":\"Integrationer\",\"item\":\"https:\\\/\\\/suresms.com\\\/dk\\\/integrationer\\\/\"},{\"@type\":\"ListItem\",\"position\":3,\"name\":\"SMS integration til fagsystemer\"}]},{\"@type\":\"WebSite\",\"@id\":\"https:\\\/\\\/suresms.com\\\/en\\\/#website\",\"url\":\"https:\\\/\\\/suresms.com\\\/en\\\/\",\"name\":\"SureSMS\",\"description\":\"Professionel SMS Gateway\",\"publisher\":{\"@id\":\"https:\\\/\\\/suresms.com\\\/en\\\/#organization\"},\"potentialAction\":[{\"@type\":\"SearchAction\",\"target\":{\"@type\":\"EntryPoint\",\"urlTemplate\":\"https:\\\/\\\/suresms.com\\\/en\\\/?s={search_term_string}\"},\"query-input\":{\"@type\":\"PropertyValueSpecification\",\"valueRequired\":true,\"valueName\":\"search_term_string\"}}],\"inLanguage\":\"es\"},{\"@type\":\"Organization\",\"@id\":\"https:\\\/\\\/suresms.com\\\/en\\\/#organization\",\"name\":\"SureSMS\",\"url\":\"https:\\\/\\\/suresms.com\\\/en\\\/\",\"logo\":{\"@type\":\"ImageObject\",\"inLanguage\":\"es\",\"@id\":\"https:\\\/\\\/suresms.com\\\/en\\\/#\\\/schema\\\/logo\\\/image\\\/\",\"url\":\"https:\\\/\\\/suresms.com\\\/wp-content\\\/uploads\\\/2024\\\/11\\\/suresms-300x65-1.png\",\"contentUrl\":\"https:\\\/\\\/suresms.com\\\/wp-content\\\/uploads\\\/2024\\\/11\\\/suresms-300x65-1.png\",\"width\":300,\"height\":65,\"caption\":\"SureSMS\"},\"image\":{\"@id\":\"https:\\\/\\\/suresms.com\\\/en\\\/#\\\/schema\\\/logo\\\/image\\\/\"},\"sameAs\":[\"https:\\\/\\\/www.facebook.com\\\/p\\\/SureSMS-100044607956149\\\/\"]}]}<\/script>\r\n<!-- \/ Yoast SEO Premium plugin. -->","yoast_head_json":{"title":"Integraci\u00f3n de SMS para sistemas especializados - Integraciones de SMS para m\u00e1s de 2000 sistemas","description":"Integraci\u00f3n de SMS con m\u00e1s de 2000 sistemas. Muchas opciones diferentes y configuraci\u00f3n gratuita. API, servicio web, JSON y mucho m\u00e1s.","robots":{"index":"index","follow":"follow","max-snippet":"max-snippet:-1","max-image-preview":"max-image-preview:large","max-video-preview":"max-video-preview:-1"},"canonical":"https:\/\/suresms.com\/es\/integraciones\/cms-sistema-de-gestion-de-contenidos-integracion-sms-2\/","og_locale":"es_ES","og_type":"article","og_title":"SMS integration til fagsystemer","og_description":"SMS integrationer med 2000+ systemer. Mange forskellige muligheder og gratis ops\u00e6tning. API, webservice, JSON og meget mere","og_url":"https:\/\/suresms.com\/es\/integraciones\/cms-sistema-de-gestion-de-contenidos-integracion-sms-2\/","article_publisher":"https:\/\/www.facebook.com\/p\/SureSMS-100044607956149\/","article_modified_time":"2025-03-13T13:11:06+00:00","og_image":[{"url":"https:\/\/suresms.com\/wp-content\/uploads\/2024\/05\/REDCapSureSMS-Integration-1.png","type":"","width":"","height":""}],"twitter_card":"summary_large_image","twitter_misc":{"Tiempo de lectura":"4 minutos"},"schema":{"@context":"https:\/\/schema.org","@graph":[{"@type":"WebPage","@id":"https:\/\/suresms.com\/dk\/integrationer\/fagsystem-sms-integration\/","url":"https:\/\/suresms.com\/dk\/integrationer\/fagsystem-sms-integration\/","name":"Integraci\u00f3n de SMS para sistemas especializados - Integraciones de SMS para m\u00e1s de 2000 sistemas","isPartOf":{"@id":"https:\/\/suresms.com\/en\/#website"},"primaryImageOfPage":{"@id":"https:\/\/suresms.com\/dk\/integrationer\/fagsystem-sms-integration\/#primaryimage"},"image":{"@id":"https:\/\/suresms.com\/dk\/integrationer\/fagsystem-sms-integration\/#primaryimage"},"thumbnailUrl":"https:\/\/suresms.com\/wp-content\/uploads\/2024\/05\/REDCapSureSMS-Integration-1.png","datePublished":"2024-05-27T05:37:20+00:00","dateModified":"2025-03-13T13:11:06+00:00","description":"Integraci\u00f3n de SMS con m\u00e1s de 2000 sistemas. Muchas opciones diferentes y configuraci\u00f3n gratuita. API, servicio web, JSON y mucho m\u00e1s.","breadcrumb":{"@id":"https:\/\/suresms.com\/dk\/integrationer\/fagsystem-sms-integration\/#breadcrumb"},"inLanguage":"es","potentialAction":[{"@type":"ReadAction","target":["https:\/\/suresms.com\/dk\/integrationer\/fagsystem-sms-integration\/"]}]},{"@type":"ImageObject","inLanguage":"es","@id":"https:\/\/suresms.com\/dk\/integrationer\/fagsystem-sms-integration\/#primaryimage","url":"https:\/\/suresms.com\/wp-content\/uploads\/2024\/05\/REDCapSureSMS-Integration-1.png","contentUrl":"https:\/\/suresms.com\/wp-content\/uploads\/2024\/05\/REDCapSureSMS-Integration-1.png"},{"@type":"BreadcrumbList","@id":"https:\/\/suresms.com\/dk\/integrationer\/fagsystem-sms-integration\/#breadcrumb","itemListElement":[{"@type":"ListItem","position":1,"name":"Home","item":"https:\/\/suresms.com\/dk\/"},{"@type":"ListItem","position":2,"name":"Integrationer","item":"https:\/\/suresms.com\/dk\/integrationer\/"},{"@type":"ListItem","position":3,"name":"SMS integration til fagsystemer"}]},{"@type":"WebSite","@id":"https:\/\/suresms.com\/en\/#website","url":"https:\/\/suresms.com\/en\/","name":"SureSMS","description":"Pasarela SMS profesional","publisher":{"@id":"https:\/\/suresms.com\/en\/#organization"},"potentialAction":[{"@type":"SearchAction","target":{"@type":"EntryPoint","urlTemplate":"https:\/\/suresms.com\/en\/?s={search_term_string}"},"query-input":{"@type":"PropertyValueSpecification","valueRequired":true,"valueName":"search_term_string"}}],"inLanguage":"es"},{"@type":"Organization","@id":"https:\/\/suresms.com\/en\/#organization","name":"SureSMS","url":"https:\/\/suresms.com\/en\/","logo":{"@type":"ImageObject","inLanguage":"es","@id":"https:\/\/suresms.com\/en\/#\/schema\/logo\/image\/","url":"https:\/\/suresms.com\/wp-content\/uploads\/2024\/11\/suresms-300x65-1.png","contentUrl":"https:\/\/suresms.com\/wp-content\/uploads\/2024\/11\/suresms-300x65-1.png","width":300,"height":65,"caption":"SureSMS"},"image":{"@id":"https:\/\/suresms.com\/en\/#\/schema\/logo\/image\/"},"sameAs":["https:\/\/www.facebook.com\/p\/SureSMS-100044607956149\/"]}]}},"_links":{"self":[{"href":"https:\/\/suresms.com\/es\/wp-json\/wp\/v2\/pages\/18069","targetHints":{"allow":["GET"]}}],"collection":[{"href":"https:\/\/suresms.com\/es\/wp-json\/wp\/v2\/pages"}],"about":[{"href":"https:\/\/suresms.com\/es\/wp-json\/wp\/v2\/types\/page"}],"author":[{"embeddable":true,"href":"https:\/\/suresms.com\/es\/wp-json\/wp\/v2\/users\/1"}],"replies":[{"embeddable":true,"href":"https:\/\/suresms.com\/es\/wp-json\/wp\/v2\/comments?post=18069"}],"version-history":[{"count":5,"href":"https:\/\/suresms.com\/es\/wp-json\/wp\/v2\/pages\/18069\/revisions"}],"predecessor-version":[{"id":22362,"href":"https:\/\/suresms.com\/es\/wp-json\/wp\/v2\/pages\/18069\/revisions\/22362"}],"up":[{"embeddable":true,"href":"https:\/\/suresms.com\/es\/wp-json\/wp\/v2\/pages\/9400"}],"wp:attachment":[{"href":"https:\/\/suresms.com\/es\/wp-json\/wp\/v2\/media?parent=18069"}],"wp:term":[{"taxonomy":"category","embeddable":true,"href":"https:\/\/suresms.com\/es\/wp-json\/wp\/v2\/categories?post=18069"},{"taxonomy":"post_tag","embeddable":true,"href":"https:\/\/suresms.com\/es\/wp-json\/wp\/v2\/tags?post=18069"}],"curies":[{"name":"wp","href":"https:\/\/api.w.org\/{rel}","templated":true}]}}