{"id":17217,"date":"2024-05-18T11:31:03","date_gmt":"2024-05-18T09:31:03","guid":{"rendered":"https:\/\/www.suresms.com\/dk\/?page_id=17217"},"modified":"2024-05-18T11:31:03","modified_gmt":"2024-05-18T09:31:03","slug":"enlace-sms-4","status":"publish","type":"page","link":"https:\/\/suresms.com\/es\/integrationer\/cms-content-management-system-sms-integration\/sms-integration-wordpress-wp-sms\/","title":{"rendered":"Integraci\u00f3n de SMS para WordPress con WP-SMS"},"content":{"rendered":"<!-- Flexy Breadcrumb -->\r\n\t\t\t<div class=\"fbc fbc-page\">\r\n\r\n\t\t\t\t<!-- Breadcrumb wrapper -->\r\n\t\t\t\t<div class=\"fbc-wrap\">\r\n\r\n\t\t\t\t\t<!-- Ordered list-->\r\n\t\t\t\t\t<ol class=\"fbc-items\" itemscope itemtype=\"https:\/\/schema.org\/BreadcrumbList\">\r\n\t\t\t\t\t\t            <li itemprop=\"itemListElement\" itemscope itemtype=\"https:\/\/schema.org\/ListItem\">\r\n                <span itemprop=\"name\">\r\n                    <!-- Home Link -->\r\n                    <a itemprop=\"item\" href=\"https:\/\/suresms.com\/es\/\">\r\n                    \r\n                                                    <i class=\"fa fa-home\" aria-hidden=\"true\"><\/i>Inicio                    <\/a>\r\n                <\/span>\r\n                <meta itemprop=\"position\" content=\"1\" \/><!-- Meta Position-->\r\n             <\/li><li><span class=\"fbc-separator\">\/<\/span><\/li><li class=\"active\" itemprop=\"itemListElement\" itemscope itemtype=\"https:\/\/schema.org\/ListItem\"><span itemprop=\"name\" title=\"Integraci\u00f3n de SMS para WordPress con WP-SMS\">Integraci\u00f3n de SMS para WordPress...<\/span><meta itemprop=\"position\" content=\"2\" \/><\/li>\t\t\t\t\t<\/ol>\r\n\t\t\t\t\t<div class=\"clearfix\"><\/div>\r\n\t\t\t\t<\/div>\r\n\t\t\t<\/div>\r\n\t\t\t\n\t<h1><strong>Integraci\u00f3n de SMS para WordPress con WP-SMS<\/strong><\/h1>\n\t\t\t\t<img loading=\"lazy\" decoding=\"async\" src=\"https:\/\/www.suresms.com\/dk\/wp-content\/uploads\/2022\/02\/WpSMS-SureSMS-1.png\" alt=\"SMS WordPress con WP-SMS\" itemprop=\"image\" height=\"460\" width=\"1281\" title=\"WpSMS-SureSMS\" onerror=\"this.style.display='none'\"  \/>\n<h2>\n\t\tQu\u00e9 es WP-SMS (y WordPress)\n\t<\/h2>\n\t<p>WP-SMS es el principal plugin de SMS para WordPress, y por una buena raz\u00f3n. Con una interfaz f\u00e1cil de usar, una amplia gama de potentes funciones y un soporte excelente, WP-SMS ofrece todo lo que necesitas para agilizar tu comunicaci\u00f3n por SMS. \u00bfY lo mejor de todo? La versi\u00f3n b\u00e1sica es totalmente gratuita. Para funciones avanzadas que lleven tu estrategia de SMS al siguiente nivel, puedes actualizar a nuestra versi\u00f3n Pro. Prueba WP-SMS hoy mismo y descubre c\u00f3mo podemos mejorar la comunicaci\u00f3n de tu empresa.<\/p>\n\t<p><strong>Sin acortador de URL de marca<\/strong><\/p>\n\t\t\t\t<img loading=\"lazy\" decoding=\"async\" src=\"https:\/\/www.suresms.com\/wp-content\/uploads\/2024\/05\/Uden-url-shortner.png\" alt=\"Sin acortador de URL\" itemprop=\"image\" height=\"614\" width=\"720\" title=\"Sin acortador de url\" onerror=\"this.style.display='none'\"  \/>\n\t<p><strong>Env\u00edo de SMS desde WP-SMS<\/strong><\/p>\n\t\t\t\t<img loading=\"lazy\" decoding=\"async\" src=\"https:\/\/www.suresms.com\/dk\/wp-content\/uploads\/2022\/02\/Wp_SMS-send.png\" alt=\"Captura de pantalla\" itemprop=\"image\" height=\"1185\" width=\"1359\" title=\"Wp_SMS enviar\" onerror=\"this.style.display='none'\"  \/>\n<h2>\n\t\tWP-SMS y SureSMS\n\t<\/h2>\n\t<p>El plugin de WordPress WP-SMS (<a href=\"https:\/\/wp-sms-pro.com\/\">https:\/\/wp-sms-pro.com\/)<\/a> no puede enviar mensajes SMS por s\u00ed mismo. Para enviar mensajes SMS, el plugin debe estar conectado a una pasarela de SMS como SureSMS. WP-SMS utiliza las muchas posibilidades de WordPress y le permite enviar desde muchos lugares y plugins diferentes. La pasarela SMS asegura que el mensaje es entregado al destinatario.<\/p>\n<p>&nbsp;<\/p>\n<h2>\n\t\tWP-SMS y otros plugins\n\t<\/h2>\n\t<p>Una de las grandes ventajas de WP-SMS es la gran cantidad de integraciones con otros plugins de WordPress. A continuaci\u00f3n puedes ver las diferentes integraciones.<\/p>\n\t\t\t\t\t<a href=\"javascript:void(0);\" id=\"fl-accordion--label-0\" tabindex=\"0\" aria-controls=\"fl-accordion--panel-0\">WooCommerce<\/a>\n\t\t\t\t\t\t\t\t\t\t\t<a href=\"#\" id=\"fl-accordion--icon-0\" tabindex=\"-1\" aria-controls=\"fl-accordion--panel-0\"><i>Ampliar<\/i><\/a>\n\t\t\t\t\t<ul role=\"list\">\n<li>A\u00f1adir n\u00famero de tel\u00e9fono en la p\u00e1gina de salida<\/li>\n<li>OTP (One Time Password) verificar el n\u00famero de m\u00f3vil del cliente<\/li>\n<li>Notificaci\u00f3n de nuevos productos<\/li>\n<li>Notificar nuevos pedidos al administrador<\/li>\n<li>Notificar a los clientes cuando realizan un pedido<\/li>\n<li>Notificar a los clientes cuando se produzcan cambios en su pedido<\/li>\n<\/ul>\n\t\t\t\t\t<a href=\"javascript:void(0);\" id=\"fl-accordion--label-1\" tabindex=\"0\" aria-controls=\"fl-accordion--panel-1\">BuddyPress<\/a>\n\t\t\t\t\t\t\t\t\t\t\t<a href=\"#\" id=\"fl-accordion--icon-1\" tabindex=\"-1\" aria-controls=\"fl-accordion--panel-1\"><i>Ampliar<\/i><\/a>\n\t\t\t\t\t<ul>\n<li>A\u00f1adir\/utilizar el campo de n\u00famero de tel\u00e9fono existente en.<\/li>\n<li>Env\u00eda SMS a los usuarios cuando alguien les mencione en sus publicaciones<\/li>\n<li>Enviar SMS a los usuarios cuando reciban una respuesta a una actividad o comentario<\/li>\n<li>Enviar SMS de bienvenida a los nuevos usuarios<\/li>\n<li>Notificaciones SMS privadas<\/li>\n<\/ul>\n\t\t\t\t\t<a href=\"javascript:void(0);\" id=\"fl-accordion--label-2\" tabindex=\"0\" aria-controls=\"fl-accordion--panel-2\">GravityForms<\/a>\n\t\t\t\t\t\t\t\t\t\t\t<a href=\"#\" id=\"fl-accordion--icon-2\" tabindex=\"-1\" aria-controls=\"fl-accordion--panel-2\"><i>Ampliar<\/i><\/a>\n\t\t\t\t\t<ul>\n<li>Enviar SMS al administrador cuando alguien rellene un formulario<\/li>\n<li>Enviar SMS a un valor de campo cuando alguien rellena un formulario<br \/>\n(Por ejemplo, puedes pedir un n\u00famero de tel\u00e9fono y enviar un SMS cuando aprueben el formulario)<\/li>\n<\/ul>\n\t\t\t\t\t<a href=\"javascript:void(0);\" id=\"fl-accordion--label-3\" tabindex=\"0\" aria-controls=\"fl-accordion--panel-3\">Formulario de contacto 7<\/a>\n\t\t\t\t\t\t\t\t\t\t\t<a href=\"#\" id=\"fl-accordion--icon-3\" tabindex=\"-1\" aria-controls=\"fl-accordion--panel-3\"><i>Ampliar<\/i><\/a>\n\t\t\t\t\t<ul>\n<li>Enviar SMS al administrador cuando alguien rellene un formulario<\/li>\n<li>Enviar SMS a un valor de campo cuando alguien rellena un formulario<br \/>\n(Por ejemplo, puedes pedir un n\u00famero de tel\u00e9fono y enviar un SMS cuando aprueben el formulario)<\/li>\n<\/ul>\n\t\t\t\t\t<a href=\"javascript:void(0);\" id=\"fl-accordion--label-4\" tabindex=\"0\" aria-controls=\"fl-accordion--panel-4\">BookingPress<\/a>\n\t\t\t\t\t\t\t\t\t\t\t<a href=\"#\" id=\"fl-accordion--icon-4\" tabindex=\"-1\" aria-controls=\"fl-accordion--panel-4\"><i>Ampliar<\/i><\/a>\n\t\t\t\t\t<ul data-sourcepos=\"5:1-11:0\">\n<li data-sourcepos=\"5:1-5:18\">Nuevos nombramientos<\/li>\n<li data-sourcepos=\"6:1-6:23\">Nombramientos aprobados<\/li>\n<li data-sourcepos=\"7:1-7:23\">Citas anuladas<\/li>\n<li data-sourcepos=\"8:1-8:26\">Reprogramaci\u00f3n de citas<\/li>\n<li data-sourcepos=\"9:1-9:23\">Pr\u00f3ximas citas<\/li>\n<li data-sourcepos=\"10:1-11:0\">Faltas a citas<\/li>\n<\/ul>\n\t\t\t\t\t<a href=\"javascript:void(0);\" id=\"fl-accordion--label-5\" tabindex=\"0\" aria-controls=\"fl-accordion--panel-5\">WooCommerce Citas<\/a>\n\t\t\t\t\t\t\t\t\t\t\t<a href=\"#\" id=\"fl-accordion--icon-5\" tabindex=\"-1\" aria-controls=\"fl-accordion--panel-5\"><i>Ampliar<\/i><\/a>\n\t\t\t\t\t<ul data-sourcepos=\"5:1-11:0\">\n<li data-sourcepos=\"5:1-5:18\">Nuevos nombramientos<\/li>\n<li data-sourcepos=\"6:1-6:23\">Nombramientos aprobados<\/li>\n<li data-sourcepos=\"7:1-7:23\">Citas anuladas<\/li>\n<li data-sourcepos=\"8:1-8:26\">Reprogramaci\u00f3n de citas<\/li>\n<li data-sourcepos=\"9:1-9:23\">Pr\u00f3ximas citas<\/li>\n<li data-sourcepos=\"10:1-11:0\">Faltas a citas<\/li>\n<\/ul>\n\t\t\t\t\t<a href=\"javascript:void(0);\" id=\"fl-accordion--label-6\" tabindex=\"0\" aria-controls=\"fl-accordion--panel-6\">Calendario de reservas<\/a>\n\t\t\t\t\t\t\t\t\t\t\t<a href=\"#\" id=\"fl-accordion--icon-6\" tabindex=\"-1\" aria-controls=\"fl-accordion--panel-6\"><i>Ampliar<\/i><\/a>\n\t\t\t\t\t<ul data-sourcepos=\"5:1-11:0\">\n<li data-sourcepos=\"5:1-5:18\">Nuevos nombramientos<\/li>\n<li data-sourcepos=\"6:1-6:23\">Nombramientos aprobados<\/li>\n<li data-sourcepos=\"7:1-7:23\">Citas anuladas<\/li>\n<li data-sourcepos=\"8:1-8:26\">Reprogramaci\u00f3n de citas<\/li>\n<li data-sourcepos=\"9:1-9:23\">Pr\u00f3ximas citas<\/li>\n<li data-sourcepos=\"10:1-11:0\">Faltas a citas<\/li>\n<\/ul>\n\t\t\t\t\t<a href=\"javascript:void(0);\" id=\"fl-accordion--label-7\" tabindex=\"0\" aria-controls=\"fl-accordion--panel-7\">Ver todas las integraciones aqu\u00ed<\/a>\n\t\t\t\t\t\t\t\t\t\t\t<a href=\"#\" id=\"fl-accordion--icon-7\" tabindex=\"-1\" aria-controls=\"fl-accordion--panel-7\"><i>Ampliar<\/i><\/a>\n\t\t\t\t\t<p><a href=\"https:\/\/wp-sms-pro.com\/product-category\/add-ons\/\" target=\"_blank\" rel=\"noopener\">https:\/\/wp-sms-pro.com\/product-category\/add-ons\/<\/a><\/p>\n<h2>\n\t\tConfiguraci\u00f3n de WP-SMS\n\t<\/h2>\n\t<p>Para usar WP-SMS en WordPress, necesitas instalar WP-SMS en tu instalaci\u00f3n de WordPress y luego vincularlo a tu cuenta de SureSMS. A continuaci\u00f3n puedes leer c\u00f3mo<\/p>\n<ol>\n<li>Configuraci\u00f3n en SureSMS<\/li>\n<li>Instalar WP-SMS y configurarlo<\/li>\n<\/ol>\n<h3>\n\t\tConfiguraci\u00f3n en SureSMS\n\t<\/h3>\n\t<p>Para usar SureSMS desde WP-SMS, necesitas una cuenta SureSMS y necesitas una clave API de SureSMS.<\/p>\n<ol>\n<li>Inicie sesi\u00f3n en su cuenta SureSMS aqu\u00ed <a href=\"https:\/\/app.suresms.com\" target=\"_blank\" rel=\"noopener\">https:\/\/app.suresms.com<\/a><br \/>\nSi no tiene una cuenta, puede crearla aqu\u00ed <a href=\"https:\/\/suresms.com\/es\/cuenta-de-prueba-de-sms-gratis\/\" target=\"_blank\" rel=\"noopener\">Crear cuenta de SMS Gateway<\/a><\/li>\n<li>Seleccione Claves API en el men\u00fa<\/li>\n<li>Haz clic en Opciones en la esquina superior derecha y selecciona \"Clave API SureSMS\" en el men\u00fa.<\/li>\n<li>En el nombre puedes escribir por ejemplo WP-SMS\/WooCommerce si necesitas usar WP-SMS desde WooCommerce<\/li>\n<li>Haga clic en Guardar<\/li>\n<\/ol>\n\t\t\t\t<img loading=\"lazy\" decoding=\"async\" src=\"https:\/\/www.suresms.com\/wp-content\/uploads\/2024\/05\/SPIKey.png\" alt=\"APIKey\" itemprop=\"image\" height=\"216\" width=\"1045\" title=\"SPIKey\" onerror=\"this.style.display='none'\"  \/>\n\t<p>Copie la clave API para tenerla a mano m\u00e1s adelante.<\/p>\n<p>Ya hemos terminado en SureSMS.<\/p>\n<h3>\n\t\tConfiguraci\u00f3n de WP-SMS\n\t<\/h3>\n\t<h3>Instale y active el plugin WP-SMS en su sitio WordPress<\/h3>\n<p>Vaya al panel de control de WordPress, busque la secci\u00f3n \"Plugins\", haga clic en \"A\u00f1adir nuevo\" y busque WP-SMS. Instala y activa el plugin.<\/p>\n\t<h3>Configura WP-SMS con tu pasarela de SMS<\/h3>\n<p>En el panel de configuraci\u00f3n de WP-SMS, introduce la informaci\u00f3n necesaria para integrarte con la pasarela de SMS que hayas elegido:<\/p>\n<p><strong>Nombre de la pasarela:<\/strong> Seleccione SureSMS en la lista de pasarelas compatibles<\/p>\n\t\t\t\t<img loading=\"lazy\" decoding=\"async\" src=\"https:\/\/www.suresms.com\/wp-content\/uploads\/2024\/05\/WP-SMS-opsaetning.jpg\" alt=\"Configuraci\u00f3n de WP-SMS\" itemprop=\"image\" height=\"1173\" width=\"1615\" title=\"Configuraci\u00f3n de WP-SMS\" onerror=\"this.style.display='none'\"  \/>\n\t<strong>Nombre de usuario API<\/strong> Escriba aqu\u00ed \"APIkey\" sin las comillas<br \/>\n<strong>Contrase\u00f1a API<\/strong>aqu\u00ed debe pegar la APIkey que copi\u00f3 de SureSMS<br \/>\n<strong>N\u00famero de remitente<\/strong>Establezca su propio n\u00famero o uno de los identificadores de remitente autorizados que tiene en su cuenta SureSMS (puede verlo aqu\u00ed <a href=\"https:\/\/app.suresms.com\/Message\/SenderData\" target=\"_blank\" rel=\"noopener\">https:\/\/app.suresms.com\/Message\/SenderData<\/a>)<br \/>\n<strong>Clave API<\/strong> aqu\u00ed debe pegar la APIkey que copi\u00f3 de SureSMS\n<h3>\n\t\tProbar la configuraci\u00f3n\n\t<\/h3>\n\t<p>Ahora est\u00e1 listo para probar su integraci\u00f3n. La forma de probarla depende de las integraciones y funcionalidades que hayas elegido utilizar de WP-SMS. Sin embargo, una vez que hayas enviado un mensaje de texto de prueba desde el m\u00e9todo que elegiste, puedes ver el estado de tu mensaje en SureSMS en esto <a href=\"https:\/\/app.suresms.com\/Message\/OutBoundSMS\" target=\"_blank\" rel=\"noopener\">P\u00e1gina de mensajes salientes en SureSMS<\/a>.<\/p>\n\t\t\t\t<img decoding=\"async\" src=\"https:\/\/www.suresms.com\/dk\/wp-content\/plugins\/bb-plugin\/img\/pixel.png\" alt=\"\" itemprop=\"image\" onerror=\"this.style.display='none'\"  \/>","protected":false},"excerpt":{"rendered":"<p>Integraci\u00f3n de SMS para WordPress con WP-SMS Qu\u00e9 es WP-SMS (y WordPress) WP-SMS es el plugin l\u00edder de SMS para WordPress, y por una buena raz\u00f3n. Con una interfaz f\u00e1cil de usar, una gama de potentes funciones y un soporte excelente, WP-SMS ofrece todo lo que necesitas para agilizar tu comunicaci\u00f3n por SMS. \u00bfY lo mejor? La versi\u00f3n b\u00e1sica es completamente... <a title=\"Integraci\u00f3n de SMS para WordPress con WP-SMS\" class=\"read-more\" href=\"https:\/\/suresms.com\/es\/integrationer\/cms-content-management-system-sms-integration\/sms-integration-wordpress-wp-sms\/\" aria-label=\"Leer m\u00e1s sobre Integraci\u00f3n de SMS para WordPress con WP-SMS\">M\u00e1s informaci\u00f3n<\/a><\/p>","protected":false},"author":1,"featured_media":0,"parent":14437,"menu_order":12,"comment_status":"closed","ping_status":"closed","template":"","meta":{"_fl_builder_enabled":"1","_fl_builder_data":null,"_fl_builder_draft":null,"_fl_builder_data_settings":null,"_fl_builder_css":"","_fl_builder_css_version":"","_fl_builder_js":"","footnotes":""},"categories":[],"tags":[],"class_list":["post-17217","page","type-page","status-publish"],"yoast_head":"<!-- This site is optimized with the Yoast SEO Premium plugin v27.3 (Yoast SEO v27.3) - https:\/\/yoast.com\/product\/yoast-seo-premium-wordpress\/ -->\r\n<title>SMS integration til WordPress med WP-SMS - gratis konto<\/title>\r\n<meta name=\"description\" content=\"Du kan sende b\u00e5de sms links, billeder, videoer og lydfiler med vores SMS gateway. Uanede muligheder for rigt indhold.\" \/>\r\n<meta name=\"robots\" content=\"index, follow, max-snippet:-1, max-image-preview:large, max-video-preview:-1\" \/>\r\n<link rel=\"canonical\" href=\"https:\/\/suresms.com\/es\/integraciones\/cms-sistema-de-gestion-de-contenidos-integracion-de-sms\/enlace-sms-4\/\" \/>\r\n<meta property=\"og:locale\" content=\"es_ES\" \/>\r\n<meta property=\"og:type\" content=\"article\" \/>\r\n<meta property=\"og:title\" content=\"SMS integration til WordPress med WP-SMS\" \/>\r\n<meta property=\"og:description\" content=\"Du kan sende b\u00e5de sms links, billeder, videoer og lydfiler med vores SMS gateway. Uanede muligheder for rigt indhold.\" \/>\r\n<meta property=\"og:url\" content=\"https:\/\/suresms.com\/es\/integraciones\/cms-sistema-de-gestion-de-contenidos-integracion-de-sms\/enlace-sms-4\/\" \/>\r\n<meta property=\"article:publisher\" content=\"https:\/\/www.facebook.com\/p\/SureSMS-100044607956149\/\" \/>\r\n<meta property=\"og:image\" content=\"https:\/\/www.suresms.com\/dk\/wp-content\/uploads\/2022\/02\/WpSMS-SureSMS-1.png\" \/>\r\n<meta name=\"twitter:card\" content=\"summary_large_image\" \/>\r\n<meta name=\"twitter:label1\" content=\"Tiempo de lectura\" \/>\n\t<meta name=\"twitter:data1\" content=\"10 minutos\" \/>\r\n<script type=\"application\/ld+json\" class=\"yoast-schema-graph\">{\"@context\":\"https:\\\/\\\/schema.org\",\"@graph\":[{\"@type\":\"WebPage\",\"@id\":\"https:\\\/\\\/suresms.com\\\/dk\\\/integrationer\\\/cms-content-management-system-sms-integration\\\/sms-integration-wordpress-wp-sms\\\/\",\"url\":\"https:\\\/\\\/suresms.com\\\/dk\\\/integrationer\\\/cms-content-management-system-sms-integration\\\/sms-integration-wordpress-wp-sms\\\/\",\"name\":\"SMS integration til WordPress med WP-SMS - gratis konto\",\"isPartOf\":{\"@id\":\"https:\\\/\\\/suresms.com\\\/en\\\/#website\"},\"primaryImageOfPage\":{\"@id\":\"https:\\\/\\\/suresms.com\\\/dk\\\/integrationer\\\/cms-content-management-system-sms-integration\\\/sms-integration-wordpress-wp-sms\\\/#primaryimage\"},\"image\":{\"@id\":\"https:\\\/\\\/suresms.com\\\/dk\\\/integrationer\\\/cms-content-management-system-sms-integration\\\/sms-integration-wordpress-wp-sms\\\/#primaryimage\"},\"thumbnailUrl\":\"https:\\\/\\\/www.suresms.com\\\/dk\\\/wp-content\\\/uploads\\\/2022\\\/02\\\/WpSMS-SureSMS-1.png\",\"datePublished\":\"2024-05-18T09:31:03+00:00\",\"description\":\"Du kan sende b\u00e5de sms links, billeder, videoer og lydfiler med vores SMS gateway. Uanede muligheder for rigt indhold.\",\"breadcrumb\":{\"@id\":\"https:\\\/\\\/suresms.com\\\/dk\\\/integrationer\\\/cms-content-management-system-sms-integration\\\/sms-integration-wordpress-wp-sms\\\/#breadcrumb\"},\"inLanguage\":\"es\",\"potentialAction\":[{\"@type\":\"ReadAction\",\"target\":[\"https:\\\/\\\/suresms.com\\\/dk\\\/integrationer\\\/cms-content-management-system-sms-integration\\\/sms-integration-wordpress-wp-sms\\\/\"]}]},{\"@type\":\"ImageObject\",\"inLanguage\":\"es\",\"@id\":\"https:\\\/\\\/suresms.com\\\/dk\\\/integrationer\\\/cms-content-management-system-sms-integration\\\/sms-integration-wordpress-wp-sms\\\/#primaryimage\",\"url\":\"https:\\\/\\\/www.suresms.com\\\/dk\\\/wp-content\\\/uploads\\\/2022\\\/02\\\/WpSMS-SureSMS-1.png\",\"contentUrl\":\"https:\\\/\\\/www.suresms.com\\\/dk\\\/wp-content\\\/uploads\\\/2022\\\/02\\\/WpSMS-SureSMS-1.png\"},{\"@type\":\"BreadcrumbList\",\"@id\":\"https:\\\/\\\/suresms.com\\\/dk\\\/integrationer\\\/cms-content-management-system-sms-integration\\\/sms-integration-wordpress-wp-sms\\\/#breadcrumb\",\"itemListElement\":[{\"@type\":\"ListItem\",\"position\":1,\"name\":\"Home\",\"item\":\"https:\\\/\\\/suresms.com\\\/dk\\\/\"},{\"@type\":\"ListItem\",\"position\":2,\"name\":\"Integrationer\",\"item\":\"https:\\\/\\\/suresms.com\\\/dk\\\/integrationer\\\/\"},{\"@type\":\"ListItem\",\"position\":3,\"name\":\"SMS integration til Content Management Systemer (CMS systemer)\",\"item\":\"https:\\\/\\\/suresms.com\\\/dk\\\/integrationer\\\/cms-content-management-system-sms-integration\\\/\"},{\"@type\":\"ListItem\",\"position\":4,\"name\":\"SMS integration til WordPress med WP-SMS\"}]},{\"@type\":\"WebSite\",\"@id\":\"https:\\\/\\\/suresms.com\\\/en\\\/#website\",\"url\":\"https:\\\/\\\/suresms.com\\\/en\\\/\",\"name\":\"SureSMS\",\"description\":\"Professionel SMS Gateway\",\"publisher\":{\"@id\":\"https:\\\/\\\/suresms.com\\\/en\\\/#organization\"},\"potentialAction\":[{\"@type\":\"SearchAction\",\"target\":{\"@type\":\"EntryPoint\",\"urlTemplate\":\"https:\\\/\\\/suresms.com\\\/en\\\/?s={search_term_string}\"},\"query-input\":{\"@type\":\"PropertyValueSpecification\",\"valueRequired\":true,\"valueName\":\"search_term_string\"}}],\"inLanguage\":\"es\"},{\"@type\":\"Organization\",\"@id\":\"https:\\\/\\\/suresms.com\\\/en\\\/#organization\",\"name\":\"SureSMS\",\"url\":\"https:\\\/\\\/suresms.com\\\/en\\\/\",\"logo\":{\"@type\":\"ImageObject\",\"inLanguage\":\"es\",\"@id\":\"https:\\\/\\\/suresms.com\\\/en\\\/#\\\/schema\\\/logo\\\/image\\\/\",\"url\":\"https:\\\/\\\/suresms.com\\\/wp-content\\\/uploads\\\/2024\\\/11\\\/suresms-300x65-1.png\",\"contentUrl\":\"https:\\\/\\\/suresms.com\\\/wp-content\\\/uploads\\\/2024\\\/11\\\/suresms-300x65-1.png\",\"width\":300,\"height\":65,\"caption\":\"SureSMS\"},\"image\":{\"@id\":\"https:\\\/\\\/suresms.com\\\/en\\\/#\\\/schema\\\/logo\\\/image\\\/\"},\"sameAs\":[\"https:\\\/\\\/www.facebook.com\\\/p\\\/SureSMS-100044607956149\\\/\"]}]}<\/script>\r\n<!-- \/ Yoast SEO Premium plugin. -->","yoast_head_json":{"title":"Integraci\u00f3n de SMS para WordPress con WP-SMS - cuenta gratuita","description":"Puede enviar enlaces SMS, im\u00e1genes, v\u00eddeos y archivos de audio con nuestra pasarela SMS. Un sinf\u00edn de posibilidades para contenidos enriquecidos.","robots":{"index":"index","follow":"follow","max-snippet":"max-snippet:-1","max-image-preview":"max-image-preview:large","max-video-preview":"max-video-preview:-1"},"canonical":"https:\/\/suresms.com\/es\/integraciones\/cms-sistema-de-gestion-de-contenidos-integracion-de-sms\/enlace-sms-4\/","og_locale":"es_ES","og_type":"article","og_title":"SMS integration til WordPress med WP-SMS","og_description":"Du kan sende b\u00e5de sms links, billeder, videoer og lydfiler med vores SMS gateway. Uanede muligheder for rigt indhold.","og_url":"https:\/\/suresms.com\/es\/integraciones\/cms-sistema-de-gestion-de-contenidos-integracion-de-sms\/enlace-sms-4\/","article_publisher":"https:\/\/www.facebook.com\/p\/SureSMS-100044607956149\/","og_image":[{"url":"https:\/\/www.suresms.com\/dk\/wp-content\/uploads\/2022\/02\/WpSMS-SureSMS-1.png","type":"","width":"","height":""}],"twitter_card":"summary_large_image","twitter_misc":{"Tiempo de lectura":"10 minutos"},"schema":{"@context":"https:\/\/schema.org","@graph":[{"@type":"WebPage","@id":"https:\/\/suresms.com\/dk\/integrationer\/cms-content-management-system-sms-integration\/sms-integration-wordpress-wp-sms\/","url":"https:\/\/suresms.com\/dk\/integrationer\/cms-content-management-system-sms-integration\/sms-integration-wordpress-wp-sms\/","name":"Integraci\u00f3n de SMS para WordPress con WP-SMS - cuenta gratuita","isPartOf":{"@id":"https:\/\/suresms.com\/en\/#website"},"primaryImageOfPage":{"@id":"https:\/\/suresms.com\/dk\/integrationer\/cms-content-management-system-sms-integration\/sms-integration-wordpress-wp-sms\/#primaryimage"},"image":{"@id":"https:\/\/suresms.com\/dk\/integrationer\/cms-content-management-system-sms-integration\/sms-integration-wordpress-wp-sms\/#primaryimage"},"thumbnailUrl":"https:\/\/www.suresms.com\/dk\/wp-content\/uploads\/2022\/02\/WpSMS-SureSMS-1.png","datePublished":"2024-05-18T09:31:03+00:00","description":"Puede enviar enlaces SMS, im\u00e1genes, v\u00eddeos y archivos de audio con nuestra pasarela SMS. Un sinf\u00edn de posibilidades para contenidos enriquecidos.","breadcrumb":{"@id":"https:\/\/suresms.com\/dk\/integrationer\/cms-content-management-system-sms-integration\/sms-integration-wordpress-wp-sms\/#breadcrumb"},"inLanguage":"es","potentialAction":[{"@type":"ReadAction","target":["https:\/\/suresms.com\/dk\/integrationer\/cms-content-management-system-sms-integration\/sms-integration-wordpress-wp-sms\/"]}]},{"@type":"ImageObject","inLanguage":"es","@id":"https:\/\/suresms.com\/dk\/integrationer\/cms-content-management-system-sms-integration\/sms-integration-wordpress-wp-sms\/#primaryimage","url":"https:\/\/www.suresms.com\/dk\/wp-content\/uploads\/2022\/02\/WpSMS-SureSMS-1.png","contentUrl":"https:\/\/www.suresms.com\/dk\/wp-content\/uploads\/2022\/02\/WpSMS-SureSMS-1.png"},{"@type":"BreadcrumbList","@id":"https:\/\/suresms.com\/dk\/integrationer\/cms-content-management-system-sms-integration\/sms-integration-wordpress-wp-sms\/#breadcrumb","itemListElement":[{"@type":"ListItem","position":1,"name":"Home","item":"https:\/\/suresms.com\/dk\/"},{"@type":"ListItem","position":2,"name":"Integrationer","item":"https:\/\/suresms.com\/dk\/integrationer\/"},{"@type":"ListItem","position":3,"name":"SMS integration til Content Management Systemer (CMS systemer)","item":"https:\/\/suresms.com\/dk\/integrationer\/cms-content-management-system-sms-integration\/"},{"@type":"ListItem","position":4,"name":"SMS integration til WordPress med WP-SMS"}]},{"@type":"WebSite","@id":"https:\/\/suresms.com\/en\/#website","url":"https:\/\/suresms.com\/en\/","name":"SureSMS","description":"Pasarela SMS profesional","publisher":{"@id":"https:\/\/suresms.com\/en\/#organization"},"potentialAction":[{"@type":"SearchAction","target":{"@type":"EntryPoint","urlTemplate":"https:\/\/suresms.com\/en\/?s={search_term_string}"},"query-input":{"@type":"PropertyValueSpecification","valueRequired":true,"valueName":"search_term_string"}}],"inLanguage":"es"},{"@type":"Organization","@id":"https:\/\/suresms.com\/en\/#organization","name":"SureSMS","url":"https:\/\/suresms.com\/en\/","logo":{"@type":"ImageObject","inLanguage":"es","@id":"https:\/\/suresms.com\/en\/#\/schema\/logo\/image\/","url":"https:\/\/suresms.com\/wp-content\/uploads\/2024\/11\/suresms-300x65-1.png","contentUrl":"https:\/\/suresms.com\/wp-content\/uploads\/2024\/11\/suresms-300x65-1.png","width":300,"height":65,"caption":"SureSMS"},"image":{"@id":"https:\/\/suresms.com\/en\/#\/schema\/logo\/image\/"},"sameAs":["https:\/\/www.facebook.com\/p\/SureSMS-100044607956149\/"]}]}},"_links":{"self":[{"href":"https:\/\/suresms.com\/es\/wp-json\/wp\/v2\/pages\/17217","targetHints":{"allow":["GET"]}}],"collection":[{"href":"https:\/\/suresms.com\/es\/wp-json\/wp\/v2\/pages"}],"about":[{"href":"https:\/\/suresms.com\/es\/wp-json\/wp\/v2\/types\/page"}],"author":[{"embeddable":true,"href":"https:\/\/suresms.com\/es\/wp-json\/wp\/v2\/users\/1"}],"replies":[{"embeddable":true,"href":"https:\/\/suresms.com\/es\/wp-json\/wp\/v2\/comments?post=17217"}],"version-history":[{"count":0,"href":"https:\/\/suresms.com\/es\/wp-json\/wp\/v2\/pages\/17217\/revisions"}],"up":[{"embeddable":true,"href":"https:\/\/suresms.com\/es\/wp-json\/wp\/v2\/pages\/14437"}],"wp:attachment":[{"href":"https:\/\/suresms.com\/es\/wp-json\/wp\/v2\/media?parent=17217"}],"wp:term":[{"taxonomy":"category","embeddable":true,"href":"https:\/\/suresms.com\/es\/wp-json\/wp\/v2\/categories?post=17217"},{"taxonomy":"post_tag","embeddable":true,"href":"https:\/\/suresms.com\/es\/wp-json\/wp\/v2\/tags?post=17217"}],"curies":[{"name":"wp","href":"https:\/\/api.w.org\/{rel}","templated":true}]}}