{"id":16816,"date":"2023-03-28T12:23:14","date_gmt":"2023-03-28T10:23:14","guid":{"rendered":"https:\/\/www.suresms.com\/dk\/?page_id=16816"},"modified":"2026-03-25T15:43:19","modified_gmt":"2026-03-25T15:43:19","slug":"klaviyo-sms","status":"publish","type":"page","link":"https:\/\/suresms.com\/es\/integrationer\/marketing-automation\/klaviyo-sms\/","title":{"rendered":"Integraci\u00f3n de SMS para Klaviyo"},"content":{"rendered":"<!-- Flexy Breadcrumb -->\r\n\t\t\t<div class=\"fbc fbc-page\">\r\n\r\n\t\t\t\t<!-- Breadcrumb wrapper -->\r\n\t\t\t\t<div class=\"fbc-wrap\">\r\n\r\n\t\t\t\t\t<!-- Ordered list-->\r\n\t\t\t\t\t<ol class=\"fbc-items\" itemscope itemtype=\"https:\/\/schema.org\/BreadcrumbList\">\r\n\t\t\t\t\t\t            <li itemprop=\"itemListElement\" itemscope itemtype=\"https:\/\/schema.org\/ListItem\">\r\n                <span itemprop=\"name\">\r\n                    <!-- Home Link -->\r\n                    <a itemprop=\"item\" href=\"https:\/\/suresms.com\/es\/\">\r\n                    \r\n                                                    <i class=\"fa fa-home\" aria-hidden=\"true\"><\/i>Inicio                    <\/a>\r\n                <\/span>\r\n                <meta itemprop=\"position\" content=\"1\" \/><!-- Meta Position-->\r\n             <\/li><li><span class=\"fbc-separator\">\/<\/span><\/li><li class=\"active\" itemprop=\"itemListElement\" itemscope itemtype=\"https:\/\/schema.org\/ListItem\"><span itemprop=\"name\" title=\"Integraci\u00f3n de SMS para Klaviyo\">Integraci\u00f3n de SMS para Klaviyo<\/span><meta itemprop=\"position\" content=\"2\" \/><\/li>\t\t\t\t\t<\/ol>\r\n\t\t\t\t\t<div class=\"clearfix\"><\/div>\r\n\t\t\t\t<\/div>\r\n\t\t\t<\/div>\r\n\t\t\t\n<figure itemscope itemtype=\"https:\/\/schema.org\/ImageObject\">\n\t\t\t\t<img decoding=\"async\" src=\"https:\/\/suresms.com\/wp-content\/uploads\/2023\/03\/Klaviyo_SureSMS-1-1.png\" alt=\"Integraci\u00f3n de Klaviyo SMS\" height=\"200\" width=\"980\" title=\"Klaviyo_SureSMS\" onerror=\"this.style.display='none'\" loading=\"lazy\" \/>\n\t<\/figure>\n\t<h1>Optimiza el marketing por correo electr\u00f3nico en Klaviyo con el marketing por SMS<\/h1>\n\t<p>El marketing por SMS es un complemento eficaz de los boletines de noticias porque se llega a los lectores varias veces, y de diferentes maneras. Y dado que el 90 % de todos los mensajes SMS se leen en 3 minutos, la actualizaci\u00f3n con SMS marketing es especialmente eficaz.<\/p>\n<p>Incluso si los lectores no han autorizado el marketing por SMS, puede -bajo ciertas condiciones- enviar SMS sobre productos que coincidan con compras anteriores. Si han dado su autorizaci\u00f3n, tienes a\u00fan m\u00e1s opciones. Por ejemplo, puedes utilizar el remarketing por SMS o enviar SMS como parte de un flujo de bienvenida a nuevos lectores.<\/p>\n<p>El marketing por SMS en Klaviyo es especialmente popular porque Klaviyo se adapta muy bien a las tiendas online y es f\u00e1cil vender productos f\u00edsicos a trav\u00e9s de SMS. Sin embargo, requiere una pasarela para enviar SMS a clientes daneses o europeos y, afortunadamente, puedes configurar SureSMS para este fin en solo una hora.<\/p>\n<h2>\n\t\t\tMuchas ventajas con SureSMS\t<\/h2>\n\t<p>Puedes integrar SureSMS directamente en Klaviyo para tenerlo todo junto en el futuro, o puedes sincronizar Klaviyo y SureSMS para trabajar con la parte SMS de tu marketing en SureSMS. Este \u00faltimo proporciona varias funciones que no est\u00e1n disponibles en Klaviyo.<\/p>\n<p>Por ejemplo, puede<\/p>\n<ul> \t\n<li>Vea los porcentajes de apertura y clics<\/li>\n\n<li>Adjuntar archivos<\/li>\n\n<li>Incluir el enlace MobilePay en los mensajes porque el mensaje llega directamente al tel\u00e9fono<\/li>\n<\/ul>\n<p>Adem\u00e1s, SureSMS es la \u00fanica pasarela de SMS danesa que puede acortar enlaces para que el nombre de la tienda del remitente se incluya en la nueva URL. Esto se traduce en un porcentaje de clics 35 % mayor gracias al valor de la marca.<\/p>\n<p>Si utilizas Shopify o Idealshop, puedes incluso ver el beneficio real de una campa\u00f1a porque SureSMS muestra tanto las cifras de ventas puras - como las cifras de ventas menos el pago por el SMS.<\/p>\n<p>Por supuesto, SureSMS tambi\u00e9n tiene las caracter\u00edsticas habituales de las tecnolog\u00edas de la competencia:<\/p>\n<p>Posibilidad de<\/p>\n<ul> \t\n<li>Nombre de la empresa como remitente<\/li>\n\n<li>Utilizar emojis<\/li>\n\n<li>Automatizar el env\u00edo de SMS<\/li>\n<\/ul>\n<h2>\n\t\t\tNormativa y legislaci\u00f3n\t<\/h2>\n\t<p>El cumplimiento del GDPR es una obligaci\u00f3n, y SureSMS est\u00e1 aqu\u00ed para ayudarte. Hemos incorporado la opci\u00f3n legal de darse de baja del marketing por SMS, por lo que te resultar\u00e1 muy f\u00e1cil configurarlo.<\/p>\n<h2>\n\t\t\tPrecios\t<\/h2>\n\t<p>La asistencia danesa est\u00e1 incluida en los precios que figuran a continuaci\u00f3n:<\/p>\nPrecio por SMS en Dinamarca:<br \/>\n0-9.999 SMS al mes: 28 \u00f6re<br \/>\nDe 10.000 a 100.000 SMS al mes: 25 \u00f6re<br \/>\n100.001 y m\u00e1s mensajes SMS al mes: 22 \u00f6re\n<p>Puede ver <a href=\"https:\/\/suresms.com\/es\/acerca-de-suresms\/precios-y-pago\/\">precios internacionales aqu\u00ed<\/a>.<\/p>\n\t\t<h2>C\u00f3mo funcionan los SMS en Klaviyo<\/h2><p>Cuando eliges integrar SureSMS con tu cuenta de Klaviyo, se puede hacer de dos maneras diferentes:<br \/>1) Puedes enviar mensajes SMS directamente desde tu cuenta de Klaviyo.<br \/>2) Puedes sincronizar tus contactos desde Klaviyo a SureSMS o<\/p>\n\t\t<h3>Env\u00eda SMS directamente desde los flujos de Klaviyo<\/h3><p>Es posible crear tu integraci\u00f3n SMS entre Klaviyo SMS y SureSMS para que env\u00edes tus SMS directamente desde Klaviyo, pero a\u00fan a trav\u00e9s de nuestra API SMS. Con esta soluci\u00f3n, tienes todas tus funciones de informes dentro de SureSMS, pero tienes que entrar en el sistema Klaviyo para ver el resultado de tu env\u00edo.<\/p>\n<p><strong>Las ventajas<\/strong> de esta soluci\u00f3n es que s\u00f3lo necesita trabajar en una plataforma. Por lo tanto, esta soluci\u00f3n es buena si trabajas mucho con SMS como parte de tus automatizaciones.<\/p>\n<p><strong>Desventajas <\/strong>es que pierdes algunas funciones que no son posibles en Klaviyo. Por ejemplo, esta soluci\u00f3n no es ideal si trabajas mucho con env\u00edos masivos - enviar muchos mensajes SMS a muchos contactos a la vez. Si quieres adjuntar archivos o si quieres enviar enlaces MobilePay directamente en tus mensajes.<\/p>\n\t\t<h3>Sincronizaci\u00f3n de contactos<\/h3><p>La sincronizaci\u00f3n de contactos se realiza desde Klaviyo a trav\u00e9s de la integraci\u00f3n directa Klaviyo-&gt;SureSMS. Esto significa que SureSMS extrae peri\u00f3dicamente nuevos contactos de Klaviyo y los coloca en un grupo en SureSMS.<\/p>\n<p><strong>Las ventajas <\/strong>Lo bueno de esta soluci\u00f3n es que ampl\u00eda tus opciones con la comunicaci\u00f3n por SMS. En SureSMS, hay una serie de opciones que no est\u00e1n disponibles en Klaviyo. Por ejemplo, puedes ver datos sobre las tasas de apertura y de clics, y tienes la opci\u00f3n de enviar archivos adjuntos. Tambi\u00e9n tienes la opci\u00f3n de incluir enlaces MobilePay en los mensajes.<\/p>\n<p><strong>Desventajas<\/strong> El problema de esta soluci\u00f3n es, por supuesto, que tiene dos sistemas diferentes con la misma lista y, por lo tanto, tiene que trabajar en dos plataformas diferentes. Esto puede ser molesto, pero rara vez encontramos que sea un problema para nuestros clientes.<\/p>\n\t<strong>Gu\u00eda de configuraci\u00f3n de pedidos<br \/>\n<\/strong>Obtenga una gu\u00eda detallada sobre c\u00f3mo configurarse con SureSMS\n\n<div class=\"wpcf7 no-js\" id=\"wpcf7-f13762-o1\" lang=\"en-GB\" dir=\"ltr\" data-wpcf7-id=\"13762\">\n<div class=\"screen-reader-response\"><p role=\"status\" aria-live=\"polite\" aria-atomic=\"true\"><\/p> <ul><\/ul><\/div>\n<form action=\"\/es\/wp-json\/wp\/v2\/pages\/16816#wpcf7-f13762-o1\" method=\"post\" class=\"wpcf7-form init\" aria-label=\"Formulario de contacto\" novalidate=\"novalidate\" data-status=\"init\" data-trp-original-action=\"\/es\/wp-json\/wp\/v2\/pages\/16816#wpcf7-f13762-o1\">\n<fieldset class=\"hidden-fields-container\"><input type=\"hidden\" name=\"_wpcf7\" value=\"13762\" \/><input type=\"hidden\" name=\"_wpcf7_version\" value=\"6.1.5\" \/><input type=\"hidden\" name=\"_wpcf7_locale\" value=\"en_GB\" \/><input type=\"hidden\" name=\"_wpcf7_unit_tag\" value=\"wpcf7-f13762-o1\" \/><input type=\"hidden\" name=\"_wpcf7_container_post\" value=\"0\" \/><input type=\"hidden\" name=\"_wpcf7_posted_data_hash\" value=\"\" \/>\n<\/fieldset>\n<p><label><span class=\"wpcf7-form-control-wrap\" data-name=\"your-name\"><input size=\"40\" maxlength=\"400\" class=\"wpcf7-form-control wpcf7-text wpcf7-validates-as-required wpctf7-my-custom-class\" aria-required=\"true\" aria-invalid=\"false\" placeholder=\"Su nombre\" value=\"\" type=\"text\" name=\"your-name\" \/><\/span><\/label>\n<\/p>\n<p><span class=\"wpcf7-form-control-wrap\" data-name=\"email\"><input size=\"40\" maxlength=\"400\" class=\"wpcf7-form-control wpcf7-email wpcf7-validates-as-required wpcf7-text wpcf7-validates-as-email wpctf7-my-custom-class\" aria-required=\"true\" aria-invalid=\"false\" placeholder=\"Correo electr\u00f3nico*.\" value=\"\" type=\"email\" name=\"email\" \/><\/span>\n<\/p>\n<p><div class=\"cf7-cf-turnstile\" style=\"margin-top: 0px; margin-bottom: -15px;\"> <div id=\"cf-turnstile-cf7-1758214811\" class=\"cf-turnstile\" data-sitekey=\"0x4AAAAAAB8YGArd9ML-HbMW\" data-theme=\"light\" data-language=\"auto\" data-size=\"normal\" data-retry=\"auto\" data-retry-interval=\"1000\" data-refresh-expired=\"auto\" data-action=\"contact-form-7\" data-appearance=\"always\"><\/div> <script>document.addEventListener(\"DOMContentLoaded\", function() { setTimeout(function(){ var e=document.getElementById(\"cf-turnstile-cf7-1758214811\"); e&&!e.innerHTML.trim()&&(turnstile.remove(\"#cf-turnstile-cf7-1758214811\"), turnstile.render(\"#cf-turnstile-cf7-1758214811\", {sitekey:\"0x4AAAAAAB8YGArd9ML-HbMW\"})); }, 100); });<\/script> <br class=\"cf-turnstile-br cf-turnstile-br-cf7-1758214811\"> <style>#cf-turnstile-cf7-1758214811 { margin-left: -15px; }<\/style> <script>document.addEventListener(\"DOMContentLoaded\",function(){document.querySelectorAll('.wpcf7-form').forEach(function(e){e.addEventListener('submit',function(){if(document.getElementById('cf-turnstile-cf7-1758214811')){setTimeout(function(){turnstile.reset('#cf-turnstile-cf7-1758214811');},1000)}})})});<\/script> <\/div><br\/><input class=\"wpcf7-form-control wpcf7-submit has-spinner\" type=\"submit\" value=\"Orientaci\u00f3n para pedidos\" \/>\n<\/p><div class=\"wpcf7-response-output\" aria-hidden=\"true\"><\/div>\n<input type=\"hidden\" name=\"trp-form-language\" value=\"es\"\/><\/form>\n<\/div>\n\n\t\t\t<a href=\"https:\/\/calendly.com\/gm--nzwp\/30min\"  target=\"_blank\" rel=\"noopener\">\n\t\t\t\t\t\t\tReservar una demostraci\u00f3n\n\t\t\t\t\t<\/a>\n\t<p>con Glen<\/p>\n\t<p>\u00bfEst\u00e1s listo para probar la integraci\u00f3n con Klaviyo? Con una cuenta de prueba, es gratis probar, gratis configurar y obtienes 50 SMS gratis para empezar. Elige entre recibir la gu\u00eda detallada o concertar una reuni\u00f3n en la que revisaremos la configuraci\u00f3n.<\/p>\n\t<p><strong>Gu\u00eda de configuraci\u00f3n de pedidos<br \/><\/strong>Obt\u00e9n una gu\u00eda detallada sobre c\u00f3mo configurar Klaviyo con SureSMS<\/p>\n\n<div class=\"wpcf7 no-js\" id=\"wpcf7-f13762-o2\" lang=\"en-GB\" dir=\"ltr\" data-wpcf7-id=\"13762\">\n<div class=\"screen-reader-response\"><p role=\"status\" aria-live=\"polite\" aria-atomic=\"true\"><\/p> <ul><\/ul><\/div>\n<form action=\"\/es\/wp-json\/wp\/v2\/pages\/16816#wpcf7-f13762-o2\" method=\"post\" class=\"wpcf7-form init\" aria-label=\"Formulario de contacto\" novalidate=\"novalidate\" data-status=\"init\" data-trp-original-action=\"\/es\/wp-json\/wp\/v2\/pages\/16816#wpcf7-f13762-o2\">\n<fieldset class=\"hidden-fields-container\"><input type=\"hidden\" name=\"_wpcf7\" value=\"13762\" \/><input type=\"hidden\" name=\"_wpcf7_version\" value=\"6.1.5\" \/><input type=\"hidden\" name=\"_wpcf7_locale\" value=\"en_GB\" \/><input type=\"hidden\" name=\"_wpcf7_unit_tag\" value=\"wpcf7-f13762-o2\" \/><input type=\"hidden\" name=\"_wpcf7_container_post\" value=\"0\" \/><input type=\"hidden\" name=\"_wpcf7_posted_data_hash\" value=\"\" \/>\n<\/fieldset>\n<p><label><span class=\"wpcf7-form-control-wrap\" data-name=\"your-name\"><input size=\"40\" maxlength=\"400\" class=\"wpcf7-form-control wpcf7-text wpcf7-validates-as-required wpctf7-my-custom-class\" aria-required=\"true\" aria-invalid=\"false\" placeholder=\"Su nombre\" value=\"\" type=\"text\" name=\"your-name\" \/><\/span><\/label>\n<\/p>\n<p><span class=\"wpcf7-form-control-wrap\" data-name=\"email\"><input size=\"40\" maxlength=\"400\" class=\"wpcf7-form-control wpcf7-email wpcf7-validates-as-required wpcf7-text wpcf7-validates-as-email wpctf7-my-custom-class\" aria-required=\"true\" aria-invalid=\"false\" placeholder=\"Correo electr\u00f3nico*.\" value=\"\" type=\"email\" name=\"email\" \/><\/span>\n<\/p>\n<p><div class=\"cf7-cf-turnstile\" style=\"margin-top: 0px; margin-bottom: -15px;\"> <div id=\"cf-turnstile-cf7-35541436\" class=\"cf-turnstile\" data-sitekey=\"0x4AAAAAAB8YGArd9ML-HbMW\" data-theme=\"light\" data-language=\"auto\" data-size=\"normal\" data-retry=\"auto\" data-retry-interval=\"1000\" data-refresh-expired=\"auto\" data-action=\"contact-form-7\" data-appearance=\"always\"><\/div> <script>document.addEventListener(\"DOMContentLoaded\", function() { setTimeout(function(){ var e=document.getElementById(\"cf-turnstile-cf7-35541436\"); e&&!e.innerHTML.trim()&&(turnstile.remove(\"#cf-turnstile-cf7-35541436\"), turnstile.render(\"#cf-turnstile-cf7-35541436\", {sitekey:\"0x4AAAAAAB8YGArd9ML-HbMW\"})); }, 100); });<\/script> <br class=\"cf-turnstile-br cf-turnstile-br-cf7-35541436\"> <style>#cf-turnstile-cf7-35541436 { margin-left: -15px; }<\/style> <script>document.addEventListener(\"DOMContentLoaded\",function(){document.querySelectorAll('.wpcf7-form').forEach(function(e){e.addEventListener('submit',function(){if(document.getElementById('cf-turnstile-cf7-35541436')){setTimeout(function(){turnstile.reset('#cf-turnstile-cf7-35541436');},1000)}})})});<\/script> <\/div><br\/><input class=\"wpcf7-form-control wpcf7-submit has-spinner\" type=\"submit\" value=\"Orientaci\u00f3n para pedidos\" \/>\n<\/p><div class=\"wpcf7-response-output\" aria-hidden=\"true\"><\/div>\n<input type=\"hidden\" name=\"trp-form-language\" value=\"es\"\/><\/form>\n<\/div>\n\n<figure itemscope itemtype=\"https:\/\/schema.org\/ImageObject\">\n\t\t\t\t<img decoding=\"async\" src=\"https:\/\/suresms.com\/wp-content\/uploads\/2024\/09\/Glen100x118.png\" alt=\"Glen100x118\" title=\"Glen100x118\" onerror=\"this.style.display='none'\" loading=\"lazy\" \/>\n\t<\/figure>\n\t\t\t<a href=\"https:\/\/calendly.com\/gm--nzwp\/30min\"  target=\"_self\">\n\t\t\t\t\t\t\tReservar una demostraci\u00f3n\n\t\t\t\t\t<\/a>\n\t<p>con Glen<\/p>","protected":false},"excerpt":{"rendered":"<p>Optimiza el marketing por correo electr\u00f3nico en Klaviyo con el marketing por SMS El marketing por SMS es un complemento eficaz de los boletines de noticias porque se llega a los lectores varias veces, y de diferentes maneras. Y dado que el 90 % de todos los mensajes SMS se leen en 3 minutos, la actualizaci\u00f3n con SMS marketing es especialmente eficaz. Incluso si los lectores no han dado su permiso para el marketing por SMS, puede... <a title=\"Integraci\u00f3n de SMS para Klaviyo\" class=\"read-more\" href=\"https:\/\/suresms.com\/es\/integrationer\/marketing-automation\/klaviyo-sms\/\" aria-label=\"Leer m\u00e1s sobre Integraci\u00f3n de SMS para Klaviyo\">M\u00e1s informaci\u00f3n<\/a><\/p>","protected":false},"author":1,"featured_media":0,"parent":13367,"menu_order":1,"comment_status":"closed","ping_status":"closed","template":"","meta":{"_fl_builder_enabled":"1","_fl_builder_data":null,"_fl_builder_draft":null,"_fl_builder_data_settings":null,"_fl_builder_css":"","_fl_builder_css_version":"","_fl_builder_js":"","footnotes":""},"categories":[],"tags":[],"class_list":["post-16816","page","type-page","status-publish"],"yoast_head":"<!-- This site is optimized with the Yoast SEO Premium plugin v27.3 (Yoast SEO v27.3) - https:\/\/yoast.com\/product\/yoast-seo-premium-wordpress\/ -->\r\n<title>Klaviyo SMS l\u00f8sning til danske og nordiske kunder<\/title>\r\n<meta name=\"description\" content=\"Integrer SMS i Klaviyo i dag, og kom i gang med at skabe v\u00e6rdifulde automations og kampagner! En \u00e5bningsrate p\u00e5 98 %.\" \/>\r\n<meta name=\"robots\" content=\"index, follow, max-snippet:-1, max-image-preview:large, max-video-preview:-1\" \/>\r\n<link rel=\"canonical\" href=\"https:\/\/suresms.com\/es\/integraciones\/automatizacion-del-marketing\/klaviyo-sms\/\" \/>\r\n<meta property=\"og:locale\" content=\"es_ES\" \/>\r\n<meta property=\"og:type\" content=\"article\" \/>\r\n<meta property=\"og:title\" content=\"SMS integration til Klaviyo\" \/>\r\n<meta property=\"og:description\" content=\"Integrer SMS i Klaviyo i dag, og kom i gang med at skabe v\u00e6rdifulde automations og kampagner! En \u00e5bningsrate p\u00e5 98 %.\" \/>\r\n<meta property=\"og:url\" content=\"https:\/\/suresms.com\/es\/integraciones\/automatizacion-del-marketing\/klaviyo-sms\/\" \/>\r\n<meta property=\"article:publisher\" content=\"https:\/\/www.facebook.com\/p\/SureSMS-100044607956149\/\" \/>\r\n<meta property=\"article:modified_time\" content=\"2026-03-25T15:43:19+00:00\" \/>\r\n<meta property=\"og:image\" content=\"https:\/\/suresms.com\/wp-content\/uploads\/2023\/03\/Klaviyo_SureSMS-1-1.png\" \/>\r\n<meta name=\"twitter:card\" content=\"summary_large_image\" \/>\r\n<meta name=\"twitter:label1\" content=\"Tiempo de lectura\" \/>\n\t<meta name=\"twitter:data1\" content=\"12 minutos\" \/>\r\n<script type=\"application\/ld+json\" class=\"yoast-schema-graph\">{\"@context\":\"https:\\\/\\\/schema.org\",\"@graph\":[{\"@type\":\"WebPage\",\"@id\":\"https:\\\/\\\/suresms.com\\\/dk\\\/integrationer\\\/marketing-automation\\\/klaviyo-sms\\\/\",\"url\":\"https:\\\/\\\/suresms.com\\\/dk\\\/integrationer\\\/marketing-automation\\\/klaviyo-sms\\\/\",\"name\":\"Klaviyo SMS l\u00f8sning til danske og nordiske kunder\",\"isPartOf\":{\"@id\":\"https:\\\/\\\/suresms.com\\\/en\\\/#website\"},\"primaryImageOfPage\":{\"@id\":\"https:\\\/\\\/suresms.com\\\/dk\\\/integrationer\\\/marketing-automation\\\/klaviyo-sms\\\/#primaryimage\"},\"image\":{\"@id\":\"https:\\\/\\\/suresms.com\\\/dk\\\/integrationer\\\/marketing-automation\\\/klaviyo-sms\\\/#primaryimage\"},\"thumbnailUrl\":\"https:\\\/\\\/suresms.com\\\/wp-content\\\/uploads\\\/2023\\\/03\\\/Klaviyo_SureSMS-1-1.png\",\"datePublished\":\"2023-03-28T10:23:14+00:00\",\"dateModified\":\"2026-03-25T15:43:19+00:00\",\"description\":\"Integrer SMS i Klaviyo i dag, og kom i gang med at skabe v\u00e6rdifulde automations og kampagner! En \u00e5bningsrate p\u00e5 98 %.\",\"breadcrumb\":{\"@id\":\"https:\\\/\\\/suresms.com\\\/dk\\\/integrationer\\\/marketing-automation\\\/klaviyo-sms\\\/#breadcrumb\"},\"inLanguage\":\"es\",\"potentialAction\":[{\"@type\":\"ReadAction\",\"target\":[\"https:\\\/\\\/suresms.com\\\/dk\\\/integrationer\\\/marketing-automation\\\/klaviyo-sms\\\/\"]}]},{\"@type\":\"ImageObject\",\"inLanguage\":\"es\",\"@id\":\"https:\\\/\\\/suresms.com\\\/dk\\\/integrationer\\\/marketing-automation\\\/klaviyo-sms\\\/#primaryimage\",\"url\":\"https:\\\/\\\/suresms.com\\\/wp-content\\\/uploads\\\/2023\\\/03\\\/Klaviyo_SureSMS-1-1.png\",\"contentUrl\":\"https:\\\/\\\/suresms.com\\\/wp-content\\\/uploads\\\/2023\\\/03\\\/Klaviyo_SureSMS-1-1.png\"},{\"@type\":\"BreadcrumbList\",\"@id\":\"https:\\\/\\\/suresms.com\\\/dk\\\/integrationer\\\/marketing-automation\\\/klaviyo-sms\\\/#breadcrumb\",\"itemListElement\":[{\"@type\":\"ListItem\",\"position\":1,\"name\":\"Home\",\"item\":\"https:\\\/\\\/suresms.com\\\/dk\\\/\"},{\"@type\":\"ListItem\",\"position\":2,\"name\":\"Integrationer\",\"item\":\"https:\\\/\\\/suresms.com\\\/dk\\\/integrationer\\\/\"},{\"@type\":\"ListItem\",\"position\":3,\"name\":\"SMS integration til Marketing Automation\",\"item\":\"https:\\\/\\\/suresms.com\\\/dk\\\/integrationer\\\/marketing-automation\\\/\"},{\"@type\":\"ListItem\",\"position\":4,\"name\":\"SMS integration til Klaviyo\"}]},{\"@type\":\"WebSite\",\"@id\":\"https:\\\/\\\/suresms.com\\\/en\\\/#website\",\"url\":\"https:\\\/\\\/suresms.com\\\/en\\\/\",\"name\":\"SureSMS\",\"description\":\"Professionel SMS Gateway\",\"publisher\":{\"@id\":\"https:\\\/\\\/suresms.com\\\/en\\\/#organization\"},\"potentialAction\":[{\"@type\":\"SearchAction\",\"target\":{\"@type\":\"EntryPoint\",\"urlTemplate\":\"https:\\\/\\\/suresms.com\\\/en\\\/?s={search_term_string}\"},\"query-input\":{\"@type\":\"PropertyValueSpecification\",\"valueRequired\":true,\"valueName\":\"search_term_string\"}}],\"inLanguage\":\"es\"},{\"@type\":\"Organization\",\"@id\":\"https:\\\/\\\/suresms.com\\\/en\\\/#organization\",\"name\":\"SureSMS\",\"url\":\"https:\\\/\\\/suresms.com\\\/en\\\/\",\"logo\":{\"@type\":\"ImageObject\",\"inLanguage\":\"es\",\"@id\":\"https:\\\/\\\/suresms.com\\\/en\\\/#\\\/schema\\\/logo\\\/image\\\/\",\"url\":\"https:\\\/\\\/suresms.com\\\/wp-content\\\/uploads\\\/2024\\\/11\\\/suresms-300x65-1.png\",\"contentUrl\":\"https:\\\/\\\/suresms.com\\\/wp-content\\\/uploads\\\/2024\\\/11\\\/suresms-300x65-1.png\",\"width\":300,\"height\":65,\"caption\":\"SureSMS\"},\"image\":{\"@id\":\"https:\\\/\\\/suresms.com\\\/en\\\/#\\\/schema\\\/logo\\\/image\\\/\"},\"sameAs\":[\"https:\\\/\\\/www.facebook.com\\\/p\\\/SureSMS-100044607956149\\\/\"]}]}<\/script>\r\n<!-- \/ Yoast SEO Premium plugin. -->","yoast_head_json":{"title":"Soluci\u00f3n Klaviyo SMS para clientes daneses y n\u00f3rdicos","description":"Integra SMS en Klaviyo hoy mismo y empieza a crear valiosas automatizaciones y campa\u00f1as. Una tasa de apertura del 98 %.","robots":{"index":"index","follow":"follow","max-snippet":"max-snippet:-1","max-image-preview":"max-image-preview:large","max-video-preview":"max-video-preview:-1"},"canonical":"https:\/\/suresms.com\/es\/integraciones\/automatizacion-del-marketing\/klaviyo-sms\/","og_locale":"es_ES","og_type":"article","og_title":"SMS integration til Klaviyo","og_description":"Integrer SMS i Klaviyo i dag, og kom i gang med at skabe v\u00e6rdifulde automations og kampagner! En \u00e5bningsrate p\u00e5 98 %.","og_url":"https:\/\/suresms.com\/es\/integraciones\/automatizacion-del-marketing\/klaviyo-sms\/","article_publisher":"https:\/\/www.facebook.com\/p\/SureSMS-100044607956149\/","article_modified_time":"2026-03-25T15:43:19+00:00","og_image":[{"url":"https:\/\/suresms.com\/wp-content\/uploads\/2023\/03\/Klaviyo_SureSMS-1-1.png","type":"","width":"","height":""}],"twitter_card":"summary_large_image","twitter_misc":{"Tiempo de lectura":"12 minutos"},"schema":{"@context":"https:\/\/schema.org","@graph":[{"@type":"WebPage","@id":"https:\/\/suresms.com\/dk\/integrationer\/marketing-automation\/klaviyo-sms\/","url":"https:\/\/suresms.com\/dk\/integrationer\/marketing-automation\/klaviyo-sms\/","name":"Soluci\u00f3n Klaviyo SMS para clientes daneses y n\u00f3rdicos","isPartOf":{"@id":"https:\/\/suresms.com\/en\/#website"},"primaryImageOfPage":{"@id":"https:\/\/suresms.com\/dk\/integrationer\/marketing-automation\/klaviyo-sms\/#primaryimage"},"image":{"@id":"https:\/\/suresms.com\/dk\/integrationer\/marketing-automation\/klaviyo-sms\/#primaryimage"},"thumbnailUrl":"https:\/\/suresms.com\/wp-content\/uploads\/2023\/03\/Klaviyo_SureSMS-1-1.png","datePublished":"2023-03-28T10:23:14+00:00","dateModified":"2026-03-25T15:43:19+00:00","description":"Integra SMS en Klaviyo hoy mismo y empieza a crear valiosas automatizaciones y campa\u00f1as. Una tasa de apertura del 98 %.","breadcrumb":{"@id":"https:\/\/suresms.com\/dk\/integrationer\/marketing-automation\/klaviyo-sms\/#breadcrumb"},"inLanguage":"es","potentialAction":[{"@type":"ReadAction","target":["https:\/\/suresms.com\/dk\/integrationer\/marketing-automation\/klaviyo-sms\/"]}]},{"@type":"ImageObject","inLanguage":"es","@id":"https:\/\/suresms.com\/dk\/integrationer\/marketing-automation\/klaviyo-sms\/#primaryimage","url":"https:\/\/suresms.com\/wp-content\/uploads\/2023\/03\/Klaviyo_SureSMS-1-1.png","contentUrl":"https:\/\/suresms.com\/wp-content\/uploads\/2023\/03\/Klaviyo_SureSMS-1-1.png"},{"@type":"BreadcrumbList","@id":"https:\/\/suresms.com\/dk\/integrationer\/marketing-automation\/klaviyo-sms\/#breadcrumb","itemListElement":[{"@type":"ListItem","position":1,"name":"Home","item":"https:\/\/suresms.com\/dk\/"},{"@type":"ListItem","position":2,"name":"Integrationer","item":"https:\/\/suresms.com\/dk\/integrationer\/"},{"@type":"ListItem","position":3,"name":"SMS integration til Marketing Automation","item":"https:\/\/suresms.com\/dk\/integrationer\/marketing-automation\/"},{"@type":"ListItem","position":4,"name":"SMS integration til Klaviyo"}]},{"@type":"WebSite","@id":"https:\/\/suresms.com\/en\/#website","url":"https:\/\/suresms.com\/en\/","name":"SureSMS","description":"Pasarela SMS profesional","publisher":{"@id":"https:\/\/suresms.com\/en\/#organization"},"potentialAction":[{"@type":"SearchAction","target":{"@type":"EntryPoint","urlTemplate":"https:\/\/suresms.com\/en\/?s={search_term_string}"},"query-input":{"@type":"PropertyValueSpecification","valueRequired":true,"valueName":"search_term_string"}}],"inLanguage":"es"},{"@type":"Organization","@id":"https:\/\/suresms.com\/en\/#organization","name":"SureSMS","url":"https:\/\/suresms.com\/en\/","logo":{"@type":"ImageObject","inLanguage":"es","@id":"https:\/\/suresms.com\/en\/#\/schema\/logo\/image\/","url":"https:\/\/suresms.com\/wp-content\/uploads\/2024\/11\/suresms-300x65-1.png","contentUrl":"https:\/\/suresms.com\/wp-content\/uploads\/2024\/11\/suresms-300x65-1.png","width":300,"height":65,"caption":"SureSMS"},"image":{"@id":"https:\/\/suresms.com\/en\/#\/schema\/logo\/image\/"},"sameAs":["https:\/\/www.facebook.com\/p\/SureSMS-100044607956149\/"]}]}},"_links":{"self":[{"href":"https:\/\/suresms.com\/es\/wp-json\/wp\/v2\/pages\/16816","targetHints":{"allow":["GET"]}}],"collection":[{"href":"https:\/\/suresms.com\/es\/wp-json\/wp\/v2\/pages"}],"about":[{"href":"https:\/\/suresms.com\/es\/wp-json\/wp\/v2\/types\/page"}],"author":[{"embeddable":true,"href":"https:\/\/suresms.com\/es\/wp-json\/wp\/v2\/users\/1"}],"replies":[{"embeddable":true,"href":"https:\/\/suresms.com\/es\/wp-json\/wp\/v2\/comments?post=16816"}],"version-history":[{"count":5,"href":"https:\/\/suresms.com\/es\/wp-json\/wp\/v2\/pages\/16816\/revisions"}],"predecessor-version":[{"id":23854,"href":"https:\/\/suresms.com\/es\/wp-json\/wp\/v2\/pages\/16816\/revisions\/23854"}],"up":[{"embeddable":true,"href":"https:\/\/suresms.com\/es\/wp-json\/wp\/v2\/pages\/13367"}],"wp:attachment":[{"href":"https:\/\/suresms.com\/es\/wp-json\/wp\/v2\/media?parent=16816"}],"wp:term":[{"taxonomy":"category","embeddable":true,"href":"https:\/\/suresms.com\/es\/wp-json\/wp\/v2\/categories?post=16816"},{"taxonomy":"post_tag","embeddable":true,"href":"https:\/\/suresms.com\/es\/wp-json\/wp\/v2\/tags?post=16816"}],"curies":[{"name":"wp","href":"https:\/\/api.w.org\/{rel}","templated":true}]}}