{"id":16543,"date":"2023-01-25T10:38:05","date_gmt":"2023-01-25T08:38:05","guid":{"rendered":"https:\/\/www.suresms.com\/dk\/?page_id=16543"},"modified":"2024-12-06T13:05:55","modified_gmt":"2024-12-06T13:05:55","slug":"enlace-sms","status":"publish","type":"page","link":"https:\/\/suresms.com\/es\/funktioner\/sms-link\/","title":{"rendered":"Enlace SMS"},"content":{"rendered":"<!-- Flexy Breadcrumb -->\r\n\t\t\t<div class=\"fbc fbc-page\">\r\n\r\n\t\t\t\t<!-- Breadcrumb wrapper -->\r\n\t\t\t\t<div class=\"fbc-wrap\">\r\n\r\n\t\t\t\t\t<!-- Ordered list-->\r\n\t\t\t\t\t<ol class=\"fbc-items\" itemscope itemtype=\"https:\/\/schema.org\/BreadcrumbList\">\r\n\t\t\t\t\t\t            <li itemprop=\"itemListElement\" itemscope itemtype=\"https:\/\/schema.org\/ListItem\">\r\n                <span itemprop=\"name\">\r\n                    <!-- Home Link -->\r\n                    <a itemprop=\"item\" href=\"https:\/\/suresms.com\/es\/\">\r\n                    \r\n                                                    <i class=\"fa fa-home\" aria-hidden=\"true\"><\/i>Inicio                    <\/a>\r\n                <\/span>\r\n                <meta itemprop=\"position\" content=\"1\" \/><!-- Meta Position-->\r\n             <\/li><li><span class=\"fbc-separator\">\/<\/span><\/li><li class=\"active\" itemprop=\"itemListElement\" itemscope itemtype=\"https:\/\/schema.org\/ListItem\"><span itemprop=\"name\" title=\"Enlace SMS\">Enlace SMS<\/span><meta itemprop=\"position\" content=\"2\" \/><\/li>\t\t\t\t\t<\/ol>\r\n\t\t\t\t\t<div class=\"clearfix\"><\/div>\r\n\t\t\t\t<\/div>\r\n\t\t\t<\/div>\r\n\t\t\t\n<h1>\n\t\tEnlace SMS\n\t<\/h1>\n\t<h4>En un mensaje SMS se pueden incluir v\u00eddeos, archivos PDF, im\u00e1genes y enlaces. Es tan f\u00e1cil como adjuntar un archivo al enviar un correo electr\u00f3nico.<\/h4>\n<p>Con SureSMS tienes una oportunidad \u00fanica para enviar enlaces en tus mensajes SMS. Hemos creado nuestro propio acortador de URL que hace posible mostrar v\u00eddeos, archivos pdf, im\u00e1genes y mucho m\u00e1s en los mensajes SMS.<\/p>\n\t<ul>\n\t\t<li>\t\t\t\t\n\t\t<h3>Insertar enlace en los mensajes<\/h3><p>Tienes la opci\u00f3n de insertar un enlace en tu mensaje con nuestro m\u00f3dulo especial de enlaces. Utilizando nuestro acortador de URL, puedes crear un enlace muy corto y ahorrar muchos caracteres.<\/p><\/li><li>\t\t\t\t\n\t\t<h3>Utilice su propio nombre de dominio<\/h3><p>Con nuestro m\u00f3dulo especial branded-url, tiene la opci\u00f3n de crear un enlace corto en sus mensajes que contenga su propio nombre de dominio. Por lo general, esto se traduce en una mayor tasa de clics 30% porque su enlace es m\u00e1s fiable.\u00a0<\/p><\/li><li>\t\t\t\t\n\t\t<h3>Adjuntar archivos<\/h3><p>Como \u00fanica pasarela de SMS danesa, SureSMS te permite insertar archivos al enviar un SMS. Puede ser un archivo PDF o un v\u00eddeo, por ejemplo.\u00a0<\/p><\/li><li>\t\t\t\t\n\t\t<h3>Enlace MobilePay<\/h3><p>Si recibe pagos de sus destinatarios, tambi\u00e9n tiene la opci\u00f3n de insertar un enlace MobilePay en el mensaje. El usuario solo tiene que deslizar el dedo y el pago se realiza.<\/p><\/li><li>\t\t\t\t\n\t\t<h3>Enlace de descarga<\/h3><p>Si env\u00edas SMS marketing, es un requisito que la gente pueda darse de baja de tu lista. Esto se facilita con enlaces en el mensaje SMS.<\/p><\/li>\t<\/ul>\n\t<p>En la siguiente captura de pantalla, puedes ver lo f\u00e1cil que es insertar un enlace con tu propia URL en el mensaje.<\/p>\n\t\t\t\t<img loading=\"lazy\" decoding=\"async\" src=\"https:\/\/suresms.com\/wp-content\/uploads\/2023\/01\/Tilfoej-link-1.png\" alt=\"A\u00f1adir enlace al mensaje\" itemprop=\"image\" height=\"498\" width=\"1416\" title=\"A\u00f1adir enlace\" onerror=\"this.style.display='none'\"  \/>\n\t<p>Si decide crear un enlace, puede hacerlo de dos maneras.<\/p>\nO bien escriba el enlace directamente en los mensajes, por ejemplo: https:\/\/mitdomain.dk\/kampagne1.<br \/>\nTambi\u00e9n puede elegir insertar un Enlace Normal. En este caso, escriba https:\/\/mitdomain.dk\/kampagne1 en el campo de enlace, pero cuando el destinatario reciba el mensaje dir\u00e1 https:\/\/a-l.ink\/HdB6sg.\n<p>M\u00e1s informaci\u00f3n <a href=\"https:\/\/suresms.com\/es\/caracteristicas\/enlace-sms-3\/\">URL de marca aqu\u00ed<\/a>donde se utiliza un enlace parecido a este: https:\/\/m.mitfomain.dk\/fhdcd<\/p>\n<p>Cuando hacen clic en el enlace, se abre una p\u00e1gina en nuestro servidor donde comprobamos qui\u00e9n ha hecho clic, desde qu\u00e9 tel\u00e9fono lo ha hecho, qu\u00e9 hora es y mucho m\u00e1s. A continuaci\u00f3n, el usuario es redirigido a la direcci\u00f3n final. Esto nos permite medir qui\u00e9n ha hecho clic y comunic\u00e1rselo a usted.<\/p>\n\t<h2>Seguimiento de enlaces en el marketing por SMS<\/h2>\n<p>Con la funci\u00f3n especial de enlaces de nuestro remitente de SMS, tambi\u00e9n puedes hacer un seguimiento. Puedes ver qui\u00e9n ha hecho clic en un enlace, cu\u00e1nto tiempo ha visto un v\u00eddeo, cu\u00e1ntas veces ha hecho clic y cu\u00e1ndo. Toda una valiosa informaci\u00f3n si est\u00e1s haciendo marketing.<\/p>\n<ol> \t\n<li>Los enlaces m\u00e1s cortos y claros tienen como resultado un mayor porcentaje de clics: Cuando sus enlaces son m\u00e1s cortos y \"bonitos\", parecen m\u00e1s cre\u00edbles y transparentes. Esto puede dar lugar a un mayor porcentaje medio de clics, ya que es m\u00e1s probable que los destinatarios hagan clic en el enlace.<\/li>\n\n<li>Proporciona datos valiosos de la campa\u00f1a, como el porcentaje de clics y conversiones: Al utilizar el seguimiento de enlaces en sus campa\u00f1as de SMS, obtendr\u00e1 informaci\u00f3n valiosa sobre el rendimiento de las campa\u00f1as en t\u00e9rminos de porcentaje de clics y conversiones. Este conocimiento puede utilizarse para planificar y optimizar futuras campa\u00f1as.<\/li>\n\n<li>Proporciona una visi\u00f3n general de los porcentajes de rebote de las campa\u00f1as: al utilizar enlaces para darse de baja, puede ver r\u00e1pidamente qu\u00e9 campa\u00f1as no gustan a sus destinatarios. Este conocimiento puede utilizarse para optimizar futuras campa\u00f1as o abandonar aquellas que no est\u00e9n funcionando bien. El seguimiento de enlaces te permite ver cu\u00e1les de tus campa\u00f1as de SMS est\u00e1n funcionando bien y cu\u00e1les podr\u00edan necesitar m\u00e1s trabajo en el futuro.<\/li>\n<\/ol>\n\t<h2>Darse de baja SMS mediante enlace<\/h2>\n<p>El enlace en SMS tambi\u00e9n puede utilizarse si los destinatarios desean darse de baja de su bolet\u00edn. Este enlace se inserta autom\u00e1ticamente si selecciona la casilla correspondiente al realizar el env\u00edo. Lo \u00fanico que tiene que hacer el destinatario para darse de baja del bolet\u00edn es hacer clic en el enlace.<\/p>\n\t<h4><strong>\u00a0Aqu\u00ed puedes leer algunos ejemplos de c\u00f3mo nuestros clientes utilizan la funci\u00f3n \"SMS de grupo\" en la actualidad<\/strong><\/h4>\n\n<ul> \t\n<li>Una mediana empresa de transportes de Jutlandia utiliza SMS en grupo para enviar asignaciones de trabajo a sus conductores. Los SMS enviados contienen informaci\u00f3n log\u00edstica sobre mercanc\u00edas, ubicaci\u00f3n y recogida.<\/li>\n\n<li>Una empresa de juegos en l\u00ednea gana nuevos clientes enviando a sus usuarios mensajes de texto en grupo con enlaces a posibles juegos en l\u00ednea.<\/li>\n\n<li>En un hospital dan\u00e9s, el responsable del comedor env\u00eda peri\u00f3dicamente mensajes de texto en grupo al afortunado personal sobre eventos sociales y acontecimientos importantes: \"\u00a1Hoy hay tarta en el comedor!\". o \"\u00a1Ma\u00f1ana celebramos el verano con una barbacoa los viernes en el patio!\".<\/li>\n<\/ul>","protected":false},"excerpt":{"rendered":"<p>Enlace SMS En un mensaje SMS se pueden incluir v\u00eddeos, archivos PDF, im\u00e1genes y enlaces. Es tan f\u00e1cil como adjuntar un archivo al enviar un correo electr\u00f3nico. Con SureSMS tienes una oportunidad \u00fanica para enviar enlaces en tu mensaje SMS. Hemos creado nuestro propio acortador de URL... <a title=\"Enlace SMS\" class=\"read-more\" href=\"https:\/\/suresms.com\/es\/funktioner\/sms-link\/\" aria-label=\"Leer m\u00e1s sobre SMS link\">M\u00e1s informaci\u00f3n<\/a><\/p>","protected":false},"author":1,"featured_media":0,"parent":958,"menu_order":12,"comment_status":"closed","ping_status":"closed","template":"","meta":{"_fl_builder_enabled":"1","_fl_builder_data":null,"_fl_builder_draft":null,"_fl_builder_data_settings":null,"_fl_builder_css":"","_fl_builder_css_version":"","_fl_builder_js":"","footnotes":""},"categories":[17],"tags":[],"class_list":{"0":"post-16543","1":"page","2":"type-page","3":"status-publish","5":"category-linkfracornorstone"},"yoast_head":"<!-- This site is optimized with the Yoast SEO Premium plugin v27.3 (Yoast SEO v27.3) - https:\/\/yoast.com\/product\/yoast-seo-premium-wordpress\/ -->\r\n<title>SMS link - gratis konto<\/title>\r\n<meta name=\"description\" content=\"Du kan sende b\u00e5de sms links, billeder, videoer og lydfiler med vores SMS gateway. Uanede muligheder for rigt indhold.\" \/>\r\n<meta name=\"robots\" content=\"index, follow, max-snippet:-1, max-image-preview:large, max-video-preview:-1\" \/>\r\n<link rel=\"canonical\" href=\"https:\/\/suresms.com\/es\/caracteristicas\/enlace-sms\/\" \/>\r\n<meta property=\"og:locale\" content=\"es_ES\" \/>\r\n<meta property=\"og:type\" content=\"article\" \/>\r\n<meta property=\"og:title\" content=\"SMS link\" \/>\r\n<meta property=\"og:description\" content=\"Du kan sende b\u00e5de sms links, billeder, videoer og lydfiler med vores SMS gateway. Uanede muligheder for rigt indhold.\" \/>\r\n<meta property=\"og:url\" content=\"https:\/\/suresms.com\/es\/caracteristicas\/enlace-sms\/\" \/>\r\n<meta property=\"article:publisher\" content=\"https:\/\/www.facebook.com\/p\/SureSMS-100044607956149\/\" \/>\r\n<meta property=\"article:modified_time\" content=\"2024-12-06T13:05:55+00:00\" \/>\r\n<meta property=\"og:image\" content=\"https:\/\/suresms.com\/wp-content\/uploads\/2023\/01\/Tilfoej-link-1.png\" \/>\r\n<meta name=\"twitter:card\" content=\"summary_large_image\" \/>\r\n<meta name=\"twitter:label1\" content=\"Tiempo de lectura\" \/>\n\t<meta name=\"twitter:data1\" content=\"5 minutos\" \/>\r\n<script type=\"application\/ld+json\" class=\"yoast-schema-graph\">{\"@context\":\"https:\\\/\\\/schema.org\",\"@graph\":[{\"@type\":\"WebPage\",\"@id\":\"https:\\\/\\\/suresms.com\\\/dk\\\/funktioner\\\/sms-link\\\/\",\"url\":\"https:\\\/\\\/suresms.com\\\/dk\\\/funktioner\\\/sms-link\\\/\",\"name\":\"SMS link - gratis konto\",\"isPartOf\":{\"@id\":\"https:\\\/\\\/suresms.com\\\/en\\\/#website\"},\"primaryImageOfPage\":{\"@id\":\"https:\\\/\\\/suresms.com\\\/dk\\\/funktioner\\\/sms-link\\\/#primaryimage\"},\"image\":{\"@id\":\"https:\\\/\\\/suresms.com\\\/dk\\\/funktioner\\\/sms-link\\\/#primaryimage\"},\"thumbnailUrl\":\"https:\\\/\\\/suresms.com\\\/wp-content\\\/uploads\\\/2023\\\/01\\\/Tilfoej-link-1.png\",\"datePublished\":\"2023-01-25T08:38:05+00:00\",\"dateModified\":\"2024-12-06T13:05:55+00:00\",\"description\":\"Du kan sende b\u00e5de sms links, billeder, videoer og lydfiler med vores SMS gateway. Uanede muligheder for rigt indhold.\",\"breadcrumb\":{\"@id\":\"https:\\\/\\\/suresms.com\\\/dk\\\/funktioner\\\/sms-link\\\/#breadcrumb\"},\"inLanguage\":\"es\",\"potentialAction\":[{\"@type\":\"ReadAction\",\"target\":[\"https:\\\/\\\/suresms.com\\\/dk\\\/funktioner\\\/sms-link\\\/\"]}]},{\"@type\":\"ImageObject\",\"inLanguage\":\"es\",\"@id\":\"https:\\\/\\\/suresms.com\\\/dk\\\/funktioner\\\/sms-link\\\/#primaryimage\",\"url\":\"https:\\\/\\\/suresms.com\\\/wp-content\\\/uploads\\\/2023\\\/01\\\/Tilfoej-link-1.png\",\"contentUrl\":\"https:\\\/\\\/suresms.com\\\/wp-content\\\/uploads\\\/2023\\\/01\\\/Tilfoej-link-1.png\"},{\"@type\":\"BreadcrumbList\",\"@id\":\"https:\\\/\\\/suresms.com\\\/dk\\\/funktioner\\\/sms-link\\\/#breadcrumb\",\"itemListElement\":[{\"@type\":\"ListItem\",\"position\":1,\"name\":\"Home\",\"item\":\"https:\\\/\\\/suresms.com\\\/dk\\\/\"},{\"@type\":\"ListItem\",\"position\":2,\"name\":\"Funktioner\",\"item\":\"https:\\\/\\\/suresms.com\\\/dk\\\/funktioner\\\/\"},{\"@type\":\"ListItem\",\"position\":3,\"name\":\"SMS link\"}]},{\"@type\":\"WebSite\",\"@id\":\"https:\\\/\\\/suresms.com\\\/en\\\/#website\",\"url\":\"https:\\\/\\\/suresms.com\\\/en\\\/\",\"name\":\"SureSMS\",\"description\":\"Professionel SMS Gateway\",\"publisher\":{\"@id\":\"https:\\\/\\\/suresms.com\\\/en\\\/#organization\"},\"potentialAction\":[{\"@type\":\"SearchAction\",\"target\":{\"@type\":\"EntryPoint\",\"urlTemplate\":\"https:\\\/\\\/suresms.com\\\/en\\\/?s={search_term_string}\"},\"query-input\":{\"@type\":\"PropertyValueSpecification\",\"valueRequired\":true,\"valueName\":\"search_term_string\"}}],\"inLanguage\":\"es\"},{\"@type\":\"Organization\",\"@id\":\"https:\\\/\\\/suresms.com\\\/en\\\/#organization\",\"name\":\"SureSMS\",\"url\":\"https:\\\/\\\/suresms.com\\\/en\\\/\",\"logo\":{\"@type\":\"ImageObject\",\"inLanguage\":\"es\",\"@id\":\"https:\\\/\\\/suresms.com\\\/en\\\/#\\\/schema\\\/logo\\\/image\\\/\",\"url\":\"https:\\\/\\\/suresms.com\\\/wp-content\\\/uploads\\\/2024\\\/11\\\/suresms-300x65-1.png\",\"contentUrl\":\"https:\\\/\\\/suresms.com\\\/wp-content\\\/uploads\\\/2024\\\/11\\\/suresms-300x65-1.png\",\"width\":300,\"height\":65,\"caption\":\"SureSMS\"},\"image\":{\"@id\":\"https:\\\/\\\/suresms.com\\\/en\\\/#\\\/schema\\\/logo\\\/image\\\/\"},\"sameAs\":[\"https:\\\/\\\/www.facebook.com\\\/p\\\/SureSMS-100044607956149\\\/\"]}]}<\/script>\r\n<!-- \/ Yoast SEO Premium plugin. -->","yoast_head_json":{"title":"Enlace SMS - cuenta gratuita","description":"Puede enviar enlaces SMS, im\u00e1genes, v\u00eddeos y archivos de audio con nuestra pasarela SMS. Un sinf\u00edn de posibilidades para contenidos enriquecidos.","robots":{"index":"index","follow":"follow","max-snippet":"max-snippet:-1","max-image-preview":"max-image-preview:large","max-video-preview":"max-video-preview:-1"},"canonical":"https:\/\/suresms.com\/es\/caracteristicas\/enlace-sms\/","og_locale":"es_ES","og_type":"article","og_title":"SMS link","og_description":"Du kan sende b\u00e5de sms links, billeder, videoer og lydfiler med vores SMS gateway. Uanede muligheder for rigt indhold.","og_url":"https:\/\/suresms.com\/es\/caracteristicas\/enlace-sms\/","article_publisher":"https:\/\/www.facebook.com\/p\/SureSMS-100044607956149\/","article_modified_time":"2024-12-06T13:05:55+00:00","og_image":[{"url":"https:\/\/suresms.com\/wp-content\/uploads\/2023\/01\/Tilfoej-link-1.png","type":"","width":"","height":""}],"twitter_card":"summary_large_image","twitter_misc":{"Tiempo de lectura":"5 minutos"},"schema":{"@context":"https:\/\/schema.org","@graph":[{"@type":"WebPage","@id":"https:\/\/suresms.com\/dk\/funktioner\/sms-link\/","url":"https:\/\/suresms.com\/dk\/funktioner\/sms-link\/","name":"Enlace SMS - cuenta gratuita","isPartOf":{"@id":"https:\/\/suresms.com\/en\/#website"},"primaryImageOfPage":{"@id":"https:\/\/suresms.com\/dk\/funktioner\/sms-link\/#primaryimage"},"image":{"@id":"https:\/\/suresms.com\/dk\/funktioner\/sms-link\/#primaryimage"},"thumbnailUrl":"https:\/\/suresms.com\/wp-content\/uploads\/2023\/01\/Tilfoej-link-1.png","datePublished":"2023-01-25T08:38:05+00:00","dateModified":"2024-12-06T13:05:55+00:00","description":"Puede enviar enlaces SMS, im\u00e1genes, v\u00eddeos y archivos de audio con nuestra pasarela SMS. Un sinf\u00edn de posibilidades para contenidos enriquecidos.","breadcrumb":{"@id":"https:\/\/suresms.com\/dk\/funktioner\/sms-link\/#breadcrumb"},"inLanguage":"es","potentialAction":[{"@type":"ReadAction","target":["https:\/\/suresms.com\/dk\/funktioner\/sms-link\/"]}]},{"@type":"ImageObject","inLanguage":"es","@id":"https:\/\/suresms.com\/dk\/funktioner\/sms-link\/#primaryimage","url":"https:\/\/suresms.com\/wp-content\/uploads\/2023\/01\/Tilfoej-link-1.png","contentUrl":"https:\/\/suresms.com\/wp-content\/uploads\/2023\/01\/Tilfoej-link-1.png"},{"@type":"BreadcrumbList","@id":"https:\/\/suresms.com\/dk\/funktioner\/sms-link\/#breadcrumb","itemListElement":[{"@type":"ListItem","position":1,"name":"Home","item":"https:\/\/suresms.com\/dk\/"},{"@type":"ListItem","position":2,"name":"Funktioner","item":"https:\/\/suresms.com\/dk\/funktioner\/"},{"@type":"ListItem","position":3,"name":"SMS link"}]},{"@type":"WebSite","@id":"https:\/\/suresms.com\/en\/#website","url":"https:\/\/suresms.com\/en\/","name":"SureSMS","description":"Pasarela SMS profesional","publisher":{"@id":"https:\/\/suresms.com\/en\/#organization"},"potentialAction":[{"@type":"SearchAction","target":{"@type":"EntryPoint","urlTemplate":"https:\/\/suresms.com\/en\/?s={search_term_string}"},"query-input":{"@type":"PropertyValueSpecification","valueRequired":true,"valueName":"search_term_string"}}],"inLanguage":"es"},{"@type":"Organization","@id":"https:\/\/suresms.com\/en\/#organization","name":"SureSMS","url":"https:\/\/suresms.com\/en\/","logo":{"@type":"ImageObject","inLanguage":"es","@id":"https:\/\/suresms.com\/en\/#\/schema\/logo\/image\/","url":"https:\/\/suresms.com\/wp-content\/uploads\/2024\/11\/suresms-300x65-1.png","contentUrl":"https:\/\/suresms.com\/wp-content\/uploads\/2024\/11\/suresms-300x65-1.png","width":300,"height":65,"caption":"SureSMS"},"image":{"@id":"https:\/\/suresms.com\/en\/#\/schema\/logo\/image\/"},"sameAs":["https:\/\/www.facebook.com\/p\/SureSMS-100044607956149\/"]}]}},"_links":{"self":[{"href":"https:\/\/suresms.com\/es\/wp-json\/wp\/v2\/pages\/16543","targetHints":{"allow":["GET"]}}],"collection":[{"href":"https:\/\/suresms.com\/es\/wp-json\/wp\/v2\/pages"}],"about":[{"href":"https:\/\/suresms.com\/es\/wp-json\/wp\/v2\/types\/page"}],"author":[{"embeddable":true,"href":"https:\/\/suresms.com\/es\/wp-json\/wp\/v2\/users\/1"}],"replies":[{"embeddable":true,"href":"https:\/\/suresms.com\/es\/wp-json\/wp\/v2\/comments?post=16543"}],"version-history":[{"count":2,"href":"https:\/\/suresms.com\/es\/wp-json\/wp\/v2\/pages\/16543\/revisions"}],"predecessor-version":[{"id":19497,"href":"https:\/\/suresms.com\/es\/wp-json\/wp\/v2\/pages\/16543\/revisions\/19497"}],"up":[{"embeddable":true,"href":"https:\/\/suresms.com\/es\/wp-json\/wp\/v2\/pages\/958"}],"wp:attachment":[{"href":"https:\/\/suresms.com\/es\/wp-json\/wp\/v2\/media?parent=16543"}],"wp:term":[{"taxonomy":"category","embeddable":true,"href":"https:\/\/suresms.com\/es\/wp-json\/wp\/v2\/categories?post=16543"},{"taxonomy":"post_tag","embeddable":true,"href":"https:\/\/suresms.com\/es\/wp-json\/wp\/v2\/tags?post=16543"}],"curies":[{"name":"wp","href":"https:\/\/api.w.org\/{rel}","templated":true}]}}