{"id":1654,"date":"2016-02-01T18:43:38","date_gmt":"2016-02-01T16:43:38","guid":{"rendered":"https:\/\/www.suresms.com\/dk\/?page_id=1654"},"modified":"2025-01-22T16:11:08","modified_gmt":"2025-01-22T16:11:08","slug":"descargas-de-rama","status":"publish","type":"page","link":"https:\/\/suresms.com\/es\/branchelosninger\/","title":{"rendered":"Soluciones sectoriales"},"content":{"rendered":"<h1>Soluciones sectoriales - Soluci\u00f3n SMS Premium para su empresa<\/h1>\n<p>En SureSMS ofrecemos soluciones de SMS flexibles y estables para muchos sectores y organizaciones. Para nosotros, trabajar con nuestros clientes es una colaboraci\u00f3n en la que adaptamos los productos y servicios a sus necesidades para que juntos podamos mejorar su comunicaci\u00f3n y competitividad.<\/p>\n<p>En esta p\u00e1gina hemos reunido algunos de los tipos de industrias y profesionales que utilizan nuestros servicios de SMS en l\u00ednea. Encuentra inspiraci\u00f3n sobre c\u00f3mo podemos ayudar a tu negocio.<\/p>\n<p>M\u00e1s informaci\u00f3n sobre ventajas y caracter\u00edsticas en las p\u00e1ginas individuales.<\/p>\n\t\t<h3><a href=\"https:\/\/suresms.com\/es\/descargas-de-rama\/sms-para-empresas-de-servicios\/\" target=\"_self\">Empresas de servicios<\/a><\/h3>\n\t\t\t\t<a href=\"https:\/\/suresms.com\/es\/descargas-de-rama\/sms-para-empresas-de-servicios\/\"  target=\"_self\" itemprop=\"url\">\n\t\t\t\t<img loading=\"lazy\" decoding=\"async\" src=\"https:\/\/suresms.com\/wp-content\/uploads\/2016\/06\/sms-til-service-snippet.jpg\" alt=\"SMS para empresas de servicios, servicio de autom\u00f3viles, peluquer\u00edas y dentistas\" itemprop=\"image\" height=\"266\" width=\"400\" title=\"SMS de servicio\" onerror=\"this.style.display='none'\"  \/>\n\t\t\t\t<\/a>\n<a href=\"https:\/\/suresms.com\/es\/descargas-de-rama\/sms-para-empresas-de-servicios\/\"  target=\"_self\">Acerca de los SMS para empresas de servicios<\/a>\t\n\t\t<h3><a href=\"https:\/\/suresms.com\/es\/descargas-de-rama\/sms-para-empresas-de-transporte-y-logistica\/\" target=\"_self\">La industria del transporte<\/a><\/h3>\n\t\t\t\t<a href=\"https:\/\/suresms.com\/es\/descargas-de-rama\/sms-para-empresas-de-transporte-y-logistica\/\"  target=\"_self\" itemprop=\"url\">\n\t\t\t\t<img loading=\"lazy\" decoding=\"async\" src=\"https:\/\/suresms.com\/wp-content\/uploads\/2016\/02\/SMS-til-Transport-snippet.jpg\" alt=\"SMS para empresas de transporte y log\u00edstica\" itemprop=\"image\" height=\"266\" width=\"400\" title=\"SMS a las empresas de transporte\" onerror=\"this.style.display='none'\"  \/>\n\t\t\t\t<\/a>\n<a href=\"https:\/\/suresms.com\/es\/descargas-de-rama\/sms-para-empresas-de-transporte-y-logistica\/\"  target=\"_self\">SMS para el sector del transporte<\/a>\t\n\t\t<h3><a href=\"https:\/\/suresms.com\/es\/descargas-de-rama\/sms-para-empresas\/\" target=\"_self\">Tiendas y comercios<\/a><\/h3>\n\t\t\t\t<a href=\"https:\/\/suresms.com\/es\/descargas-de-rama\/sms-para-empresas\/\"  target=\"_self\" itemprop=\"url\">\n\t\t\t\t<img loading=\"lazy\" decoding=\"async\" src=\"https:\/\/suresms.com\/wp-content\/uploads\/2015\/02\/sms-til-butikker-snippet.jpg\" alt=\"SMS de clientes en l\u00ednea a tiendas y comercios\" itemprop=\"image\" height=\"267\" width=\"400\" title=\"Fragmento de SMS a tiendas\" onerror=\"this.style.display='none'\"  \/>\n\t\t\t\t<\/a>\n<a href=\"https:\/\/suresms.com\/es\/descargas-de-rama\/sms-para-empresas\/\"  target=\"_self\">M\u00e1s informaci\u00f3n sobre SMS a tiendas y comercios<\/a>\t\n\t\t<h3><a href=\"https:\/\/suresms.com\/es\/descargas-de-rama\/sms-para-instituciones-publicas\/\" target=\"_self\">Instituciones p\u00fablicas<\/a><\/h3>\n\t\t\t\t<a href=\"https:\/\/suresms.com\/es\/descargas-de-rama\/sms-para-instituciones-publicas\/\"  target=\"_self\" itemprop=\"url\">\n\t\t\t\t<img loading=\"lazy\" decoding=\"async\" src=\"https:\/\/suresms.com\/wp-content\/uploads\/2016\/02\/sms-til-offentlige-snippet.jpg\" alt=\"SMS a instituciones p\u00fablicas estatales y municipales\" itemprop=\"image\" height=\"266\" width=\"400\" title=\"SMS para instituciones p\u00fablicas\" onerror=\"this.style.display='none'\"  \/>\n\t\t\t\t<\/a>\n<a href=\"https:\/\/suresms.com\/es\/descargas-de-rama\/sms-para-instituciones-publicas\/\"  target=\"_self\">SMS para instituciones p\u00fablicas<\/a>\t\n\t\t<h3><a href=\"https:\/\/suresms.com\/es\/descargas-de-rama\/sms-para-empresas-en-linea-y-servicios-web-2\/\" target=\"_self\">Empresas en l\u00ednea<\/a><\/h3>\n\t\t\t\t<a href=\"https:\/\/suresms.com\/es\/descargas-de-rama\/sms-para-empresas-en-linea-y-servicios-web-2\/\"  target=\"_self\" itemprop=\"url\">\n\t\t\t\t<img loading=\"lazy\" decoding=\"async\" src=\"https:\/\/suresms.com\/wp-content\/uploads\/2016\/06\/SMS-til-butikker.jpg\" alt=\"SMS para empresas en l\u00ednea y servicios web\" itemprop=\"image\" height=\"266\" width=\"400\" title=\"SMS para empresas en l\u00ednea y servicios web\" onerror=\"this.style.display='none'\"  \/>\n\t\t\t\t<\/a>\n<a href=\"https:\/\/suresms.com\/es\/descargas-de-rama\/sms-para-empresas-en-linea-y-servicios-web-2\/\"  target=\"_self\">SMS para servicios en l\u00ednea<\/a>\t\n\t\t<h3><a href=\"https:\/\/suresms.com\/es\/descargas-de-rama\/sms-para-empresas-manufactureras\/\" target=\"_self\">Producci\u00f3n y negocios<\/a><\/h3>\n\t\t\t\t<a href=\"https:\/\/suresms.com\/es\/descargas-de-rama\/sms-para-empresas-manufactureras\/\"  target=\"_self\" itemprop=\"url\">\n\t\t\t\t<img loading=\"lazy\" decoding=\"async\" src=\"https:\/\/suresms.com\/wp-content\/uploads\/2016\/06\/sms-til-produktionsvirksomheder-snippet.jpg\" alt=\"SMS para organizaciones industriales y empresariales\" itemprop=\"image\" height=\"266\" width=\"400\" title=\"SMS para empresas manufactureras\" onerror=\"this.style.display='none'\"  \/>\n\t\t\t\t<\/a>\n<a href=\"https:\/\/suresms.com\/es\/descargas-de-rama\/sms-para-empresas-manufactureras\/\"  target=\"_self\">Acerca de SMS para empresas<\/a>\t\n\t\t<h3><a href=\"https:\/\/suresms.com\/es\/descargas-de-rama\/clubes-sms\/\" target=\"_self\">Clubes y asociaciones<\/a><\/h3>\n\t\t\t\t<a href=\"https:\/\/suresms.com\/es\/descargas-de-rama\/clubes-sms\/\"  target=\"_self\" itemprop=\"url\">\n\t\t\t\t<img loading=\"lazy\" decoding=\"async\" src=\"https:\/\/suresms.com\/wp-content\/uploads\/2015\/02\/sms-til-klubber-snippet.jpg\" alt=\"enviar sms en l\u00ednea clubes y asociaciones\" itemprop=\"image\" height=\"266\" width=\"400\" title=\"SMS a los clubes\" onerror=\"this.style.display='none'\"  \/>\n\t\t\t\t<\/a>\n<a href=\"https:\/\/suresms.com\/es\/descargas-de-rama\/clubes-sms\/\"  target=\"_self\">M\u00e1s informaci\u00f3n sobre SMS para clubes y asociaciones <\/a>\t\n\t\t<h3><a href=\"https:\/\/suresms.com\/es\/descargas-de-rama\/mensaje-de-texto-de-emergencia\/\" target=\"_self\">SMS de emergencia para todos<\/a><\/h3>\n\t\t\t\t<a href=\"https:\/\/suresms.com\/es\/descargas-de-rama\/mensaje-de-texto-de-emergencia\/\"  target=\"_self\" itemprop=\"url\">\n\t\t\t\t<img loading=\"lazy\" decoding=\"async\" src=\"https:\/\/suresms.com\/wp-content\/uploads\/2023\/07\/Emergency-BW-1.png\" alt=\"SMS de emergencia\" itemprop=\"image\" height=\"333\" width=\"500\" title=\"Emergencia BW\" onerror=\"this.style.display='none'\"  \/>\n\t\t\t\t<\/a>\n<a href=\"https:\/\/suresms.com\/es\/descargas-de-rama\/mensaje-de-texto-de-emergencia\/\"  target=\"_self\">M\u00e1s informaci\u00f3n sobre nuestro SMS de emergencia<\/a>\t\n\t<h3>Env\u00eda un SMS cuando haya NOVEDADES en tu web<\/h3>\n<p>Se trata de una funci\u00f3n \u00fatil para asociaciones, organizaciones empresariales y comerciantes, y es f\u00e1cil y barata de configurar. Con nuestra pasarela de SMS, puedes elegir si quieres enviar un SMS a todos los clientes o s\u00f3lo a grupos de usuarios. A trav\u00e9s de nuestra API SureSMS, el SMS se env\u00eda autom\u00e1ticamente cuando actualizas tu sitio web. Si ya tienes un bolet\u00edn de noticias o un m\u00f3dulo para enviar boletines, puedes utilizar nuestro m\u00f3dulo email2sms para configurarlo de forma que tus usuarios reciban el SMS desde tu m\u00f3dulo de noticias.<\/p>\n<p><a href=\"https:\/\/suresms.com\/es\/acerca-de-suresms\/soporte-suresms\/\">Llame al equipo de asistencia<\/a> para charlar. Estaremos encantados de ayudarle a encontrar una soluci\u00f3n que se adapte a sus necesidades.<\/p>\n\t\t\t\t<a href=\"https:\/\/suresms.com\/es\/acerca-de-suresms\/soporte-suresms\/\"  target=\"_self\" itemprop=\"url\">\n\t\t\t\t<img loading=\"lazy\" decoding=\"async\" src=\"https:\/\/suresms.com\/wp-content\/uploads\/bb-plugin\/cache\/Not-there1-panorama-46ce722cf3951d9002e2059616f3f7fe-.jpg\" alt=\"Qu\u00e9 soluci\u00f3n de SMS en l\u00ednea\" itemprop=\"image\" height=\"266\" width=\"500\" title=\"soluci\u00f3n sms online en duda\" onerror=\"this.style.display='none'\"  \/>\n\t\t\t\t<\/a>\n<h3><a href=\"https:\/\/suresms.com\/es\/acerca-de-suresms\/soporte-suresms\/\" target=\"_self\">No estoy all\u00ed.<\/a><\/h3>La verdad es que no me veo en tus cajas.<br \/>\nNecesito una soluci\u00f3n SMS que no s\u00e9 si ustedes proporcionan.\n<p>&nbsp;<\/p>\n<a title=\"Soporte 24\/7 de SureSMS\" href=\"https:\/\/suresms.com\/es\/acerca-de-suresms\/soporte-suresms\/\">P\u00f3ngase en contacto con nuestro equipo de asistencia.<\/a> Sin duda tenemos una soluci\u00f3n para usted, y nos encantan los retos.<br \/>\nEstamos a su disposici\u00f3n con conocimientos, ayuda y asesoramiento profesional gratuito los siete d\u00edas de la semana.\n\t\t\t\t<a href=\"https:\/\/suresms.com\/es\/pida\/cuenta-de-prueba-de-sms-gratis\/\"  target=\"_self\" itemprop=\"url\">\n\t\t\t\t<img loading=\"lazy\" decoding=\"async\" src=\"https:\/\/suresms.com\/wp-content\/uploads\/bb-plugin\/cache\/test-stor-panorama-de3cf342ba8c1b45016354f59526e95d-.jpg\" alt=\"Cuenta de prueba gratuita de Sure SMS\" itemprop=\"image\" height=\"266\" width=\"500\" title=\"Crear una cuenta de prueba gratuita de Sure SMS\" onerror=\"this.style.display='none'\"  \/>\n\t\t\t\t<\/a>\n<h3><a href=\"https:\/\/suresms.com\/es\/pida\/cuenta-de-prueba-de-sms-gratis\/\" target=\"_self\">Cree una cuenta de prueba gratuita AHORA<\/a><\/h3>Puedes crear una cuenta gratis y probar nuestro sistema. Siga el enlace y obtenga de inmediato una cuenta de prueba que incluye 50 SMS gratuitos. Este es un servicio de SureSMS para ti sin coste econ\u00f3mico ni compromiso.<br \/>\nPor razones de seguridad, comprobamos cada cuenta manualmente y a veces puede haber un breve tiempo de espera. Le rogamos que lo comprenda.","protected":false},"excerpt":{"rendered":"<p>Soluciones sectoriales - Soluciones SMS Premium para tu negocio En SureSMS proporcionamos soluciones SMS flexibles y estables para muchos sectores y organizaciones. Para nosotros, trabajar con nuestros clientes es una colaboraci\u00f3n en la que adaptamos los productos y servicios a sus necesidades para que juntos podamos mejorar su comunicaci\u00f3n y competitividad. En esta p\u00e1gina hemos reunido algunos de ... <a title=\"Soluciones sectoriales\" class=\"read-more\" href=\"https:\/\/suresms.com\/es\/branchelosninger\/\" aria-label=\"Leer m\u00e1s sobre Soluciones industriales\">M\u00e1s informaci\u00f3n<\/a><\/p>","protected":false},"author":1,"featured_media":0,"parent":0,"menu_order":7,"comment_status":"closed","ping_status":"closed","template":"","meta":{"_fl_builder_enabled":"1","_fl_builder_data":null,"_fl_builder_draft":null,"_fl_builder_data_settings":null,"_fl_builder_css":"","_fl_builder_css_version":"","_fl_builder_js":"","footnotes":""},"categories":[],"tags":[],"class_list":["post-1654","page","type-page","status-publish"],"yoast_head":"<!-- This site is optimized with the Yoast SEO Premium plugin v27.3 (Yoast SEO v27.3) - https:\/\/yoast.com\/product\/yoast-seo-premium-wordpress\/ -->\r\n<title>En SMS-l\u00f8sning til dig! SureSMS - Find din SMS-l\u00f8sning her<\/title>\r\n<meta name=\"description\" content=\"Find din SMS l\u00f8sning her! Hos SureSMS tager vi udgangspunkt i kunden. Bedste SMS l\u00f8sning til Transport virksomheder, offentlige institutioner og klubber.\" \/>\r\n<meta name=\"robots\" content=\"index, follow, max-snippet:-1, max-image-preview:large, max-video-preview:-1\" \/>\r\n<link rel=\"canonical\" href=\"https:\/\/suresms.com\/es\/descargas-de-rama\/\" \/>\r\n<meta property=\"og:locale\" content=\"es_ES\" \/>\r\n<meta property=\"og:type\" content=\"article\" \/>\r\n<meta property=\"og:title\" content=\"Branchel\u00f8sninger\" \/>\r\n<meta property=\"og:description\" content=\"Find din SMS l\u00f8sning her! Hos SureSMS tager vi udgangspunkt i kunden. Bedste SMS l\u00f8sning til Transport virksomheder, offentlige institutioner og klubber.\" \/>\r\n<meta property=\"og:url\" content=\"https:\/\/suresms.com\/es\/descargas-de-rama\/\" \/>\r\n<meta property=\"article:publisher\" content=\"https:\/\/www.facebook.com\/p\/SureSMS-100044607956149\/\" \/>\r\n<meta property=\"article:modified_time\" content=\"2025-01-22T16:11:08+00:00\" \/>\r\n<meta property=\"og:image\" content=\"https:\/\/suresms.com\/wp-content\/uploads\/2016\/06\/sms-til-service-snippet.jpg\" \/>\r\n\t<meta property=\"og:image:width\" content=\"400\" \/>\r\n\t<meta property=\"og:image:height\" content=\"266\" \/>\r\n\t<meta property=\"og:image:type\" content=\"image\/jpeg\" \/>\r\n<meta name=\"twitter:card\" content=\"summary_large_image\" \/>\r\n<meta name=\"twitter:label1\" content=\"Tiempo de lectura\" \/>\n\t<meta name=\"twitter:data1\" content=\"9 minutos\" \/>\r\n<script type=\"application\/ld+json\" class=\"yoast-schema-graph\">{\"@context\":\"https:\\\/\\\/schema.org\",\"@graph\":[{\"@type\":\"WebPage\",\"@id\":\"https:\\\/\\\/suresms.com\\\/dk\\\/branchelosninger\\\/\",\"url\":\"https:\\\/\\\/suresms.com\\\/dk\\\/branchelosninger\\\/\",\"name\":\"En SMS-l\u00f8sning til dig! SureSMS - Find din SMS-l\u00f8sning her\",\"isPartOf\":{\"@id\":\"https:\\\/\\\/suresms.com\\\/en\\\/#website\"},\"primaryImageOfPage\":{\"@id\":\"https:\\\/\\\/suresms.com\\\/dk\\\/branchelosninger\\\/#primaryimage\"},\"image\":{\"@id\":\"https:\\\/\\\/suresms.com\\\/dk\\\/branchelosninger\\\/#primaryimage\"},\"thumbnailUrl\":\"https:\\\/\\\/suresms.com\\\/wp-content\\\/uploads\\\/2016\\\/06\\\/sms-til-service-snippet.jpg\",\"datePublished\":\"2016-02-01T16:43:38+00:00\",\"dateModified\":\"2025-01-22T16:11:08+00:00\",\"description\":\"Find din SMS l\u00f8sning her! Hos SureSMS tager vi udgangspunkt i kunden. Bedste SMS l\u00f8sning til Transport virksomheder, offentlige institutioner og klubber.\",\"breadcrumb\":{\"@id\":\"https:\\\/\\\/suresms.com\\\/dk\\\/branchelosninger\\\/#breadcrumb\"},\"inLanguage\":\"es\",\"potentialAction\":[{\"@type\":\"ReadAction\",\"target\":[\"https:\\\/\\\/suresms.com\\\/dk\\\/branchelosninger\\\/\"]}]},{\"@type\":\"ImageObject\",\"inLanguage\":\"es\",\"@id\":\"https:\\\/\\\/suresms.com\\\/dk\\\/branchelosninger\\\/#primaryimage\",\"url\":\"https:\\\/\\\/suresms.com\\\/wp-content\\\/uploads\\\/2016\\\/06\\\/sms-til-service-snippet.jpg\",\"contentUrl\":\"https:\\\/\\\/suresms.com\\\/wp-content\\\/uploads\\\/2016\\\/06\\\/sms-til-service-snippet.jpg\"},{\"@type\":\"BreadcrumbList\",\"@id\":\"https:\\\/\\\/suresms.com\\\/dk\\\/branchelosninger\\\/#breadcrumb\",\"itemListElement\":[{\"@type\":\"ListItem\",\"position\":1,\"name\":\"Home\",\"item\":\"https:\\\/\\\/suresms.com\\\/dk\\\/\"},{\"@type\":\"ListItem\",\"position\":2,\"name\":\"Branchel\u00f8sninger\"}]},{\"@type\":\"WebSite\",\"@id\":\"https:\\\/\\\/suresms.com\\\/en\\\/#website\",\"url\":\"https:\\\/\\\/suresms.com\\\/en\\\/\",\"name\":\"SureSMS\",\"description\":\"Professionel SMS Gateway\",\"publisher\":{\"@id\":\"https:\\\/\\\/suresms.com\\\/en\\\/#organization\"},\"potentialAction\":[{\"@type\":\"SearchAction\",\"target\":{\"@type\":\"EntryPoint\",\"urlTemplate\":\"https:\\\/\\\/suresms.com\\\/en\\\/?s={search_term_string}\"},\"query-input\":{\"@type\":\"PropertyValueSpecification\",\"valueRequired\":true,\"valueName\":\"search_term_string\"}}],\"inLanguage\":\"es\"},{\"@type\":\"Organization\",\"@id\":\"https:\\\/\\\/suresms.com\\\/en\\\/#organization\",\"name\":\"SureSMS\",\"url\":\"https:\\\/\\\/suresms.com\\\/en\\\/\",\"logo\":{\"@type\":\"ImageObject\",\"inLanguage\":\"es\",\"@id\":\"https:\\\/\\\/suresms.com\\\/en\\\/#\\\/schema\\\/logo\\\/image\\\/\",\"url\":\"https:\\\/\\\/suresms.com\\\/wp-content\\\/uploads\\\/2024\\\/11\\\/suresms-300x65-1.png\",\"contentUrl\":\"https:\\\/\\\/suresms.com\\\/wp-content\\\/uploads\\\/2024\\\/11\\\/suresms-300x65-1.png\",\"width\":300,\"height\":65,\"caption\":\"SureSMS\"},\"image\":{\"@id\":\"https:\\\/\\\/suresms.com\\\/en\\\/#\\\/schema\\\/logo\\\/image\\\/\"},\"sameAs\":[\"https:\\\/\\\/www.facebook.com\\\/p\\\/SureSMS-100044607956149\\\/\"]}]}<\/script>\r\n<!-- \/ Yoast SEO Premium plugin. -->","yoast_head_json":{"title":"Una soluci\u00f3n SMS para usted SureSMS - Encuentre aqu\u00ed su soluci\u00f3n SMS","description":"Encuentre aqu\u00ed su soluci\u00f3n SMS En SureSMS tomamos al cliente como punto de partida. La mejor soluci\u00f3n SMS para empresas de transporte, instituciones p\u00fablicas y clubes.","robots":{"index":"index","follow":"follow","max-snippet":"max-snippet:-1","max-image-preview":"max-image-preview:large","max-video-preview":"max-video-preview:-1"},"canonical":"https:\/\/suresms.com\/es\/descargas-de-rama\/","og_locale":"es_ES","og_type":"article","og_title":"Branchel\u00f8sninger","og_description":"Find din SMS l\u00f8sning her! Hos SureSMS tager vi udgangspunkt i kunden. Bedste SMS l\u00f8sning til Transport virksomheder, offentlige institutioner og klubber.","og_url":"https:\/\/suresms.com\/es\/descargas-de-rama\/","article_publisher":"https:\/\/www.facebook.com\/p\/SureSMS-100044607956149\/","article_modified_time":"2025-01-22T16:11:08+00:00","og_image":[{"width":400,"height":266,"url":"https:\/\/suresms.com\/wp-content\/uploads\/2016\/06\/sms-til-service-snippet.jpg","type":"image\/jpeg"}],"twitter_card":"summary_large_image","twitter_misc":{"Tiempo de lectura":"9 minutos"},"schema":{"@context":"https:\/\/schema.org","@graph":[{"@type":"WebPage","@id":"https:\/\/suresms.com\/dk\/branchelosninger\/","url":"https:\/\/suresms.com\/dk\/branchelosninger\/","name":"Una soluci\u00f3n SMS para usted SureSMS - Encuentre aqu\u00ed su soluci\u00f3n SMS","isPartOf":{"@id":"https:\/\/suresms.com\/en\/#website"},"primaryImageOfPage":{"@id":"https:\/\/suresms.com\/dk\/branchelosninger\/#primaryimage"},"image":{"@id":"https:\/\/suresms.com\/dk\/branchelosninger\/#primaryimage"},"thumbnailUrl":"https:\/\/suresms.com\/wp-content\/uploads\/2016\/06\/sms-til-service-snippet.jpg","datePublished":"2016-02-01T16:43:38+00:00","dateModified":"2025-01-22T16:11:08+00:00","description":"Encuentre aqu\u00ed su soluci\u00f3n SMS En SureSMS tomamos al cliente como punto de partida. La mejor soluci\u00f3n SMS para empresas de transporte, instituciones p\u00fablicas y clubes.","breadcrumb":{"@id":"https:\/\/suresms.com\/dk\/branchelosninger\/#breadcrumb"},"inLanguage":"es","potentialAction":[{"@type":"ReadAction","target":["https:\/\/suresms.com\/dk\/branchelosninger\/"]}]},{"@type":"ImageObject","inLanguage":"es","@id":"https:\/\/suresms.com\/dk\/branchelosninger\/#primaryimage","url":"https:\/\/suresms.com\/wp-content\/uploads\/2016\/06\/sms-til-service-snippet.jpg","contentUrl":"https:\/\/suresms.com\/wp-content\/uploads\/2016\/06\/sms-til-service-snippet.jpg"},{"@type":"BreadcrumbList","@id":"https:\/\/suresms.com\/dk\/branchelosninger\/#breadcrumb","itemListElement":[{"@type":"ListItem","position":1,"name":"Home","item":"https:\/\/suresms.com\/dk\/"},{"@type":"ListItem","position":2,"name":"Branchel\u00f8sninger"}]},{"@type":"WebSite","@id":"https:\/\/suresms.com\/en\/#website","url":"https:\/\/suresms.com\/en\/","name":"SureSMS","description":"Pasarela SMS profesional","publisher":{"@id":"https:\/\/suresms.com\/en\/#organization"},"potentialAction":[{"@type":"SearchAction","target":{"@type":"EntryPoint","urlTemplate":"https:\/\/suresms.com\/en\/?s={search_term_string}"},"query-input":{"@type":"PropertyValueSpecification","valueRequired":true,"valueName":"search_term_string"}}],"inLanguage":"es"},{"@type":"Organization","@id":"https:\/\/suresms.com\/en\/#organization","name":"SureSMS","url":"https:\/\/suresms.com\/en\/","logo":{"@type":"ImageObject","inLanguage":"es","@id":"https:\/\/suresms.com\/en\/#\/schema\/logo\/image\/","url":"https:\/\/suresms.com\/wp-content\/uploads\/2024\/11\/suresms-300x65-1.png","contentUrl":"https:\/\/suresms.com\/wp-content\/uploads\/2024\/11\/suresms-300x65-1.png","width":300,"height":65,"caption":"SureSMS"},"image":{"@id":"https:\/\/suresms.com\/en\/#\/schema\/logo\/image\/"},"sameAs":["https:\/\/www.facebook.com\/p\/SureSMS-100044607956149\/"]}]}},"_links":{"self":[{"href":"https:\/\/suresms.com\/es\/wp-json\/wp\/v2\/pages\/1654","targetHints":{"allow":["GET"]}}],"collection":[{"href":"https:\/\/suresms.com\/es\/wp-json\/wp\/v2\/pages"}],"about":[{"href":"https:\/\/suresms.com\/es\/wp-json\/wp\/v2\/types\/page"}],"author":[{"embeddable":true,"href":"https:\/\/suresms.com\/es\/wp-json\/wp\/v2\/users\/1"}],"replies":[{"embeddable":true,"href":"https:\/\/suresms.com\/es\/wp-json\/wp\/v2\/comments?post=1654"}],"version-history":[{"count":11,"href":"https:\/\/suresms.com\/es\/wp-json\/wp\/v2\/pages\/1654\/revisions"}],"predecessor-version":[{"id":21943,"href":"https:\/\/suresms.com\/es\/wp-json\/wp\/v2\/pages\/1654\/revisions\/21943"}],"wp:attachment":[{"href":"https:\/\/suresms.com\/es\/wp-json\/wp\/v2\/media?parent=1654"}],"wp:term":[{"taxonomy":"category","embeddable":true,"href":"https:\/\/suresms.com\/es\/wp-json\/wp\/v2\/categories?post=1654"},{"taxonomy":"post_tag","embeddable":true,"href":"https:\/\/suresms.com\/es\/wp-json\/wp\/v2\/tags?post=1654"}],"curies":[{"name":"wp","href":"https:\/\/api.w.org\/{rel}","templated":true}]}}