{"id":16272,"date":"2022-11-25T16:09:25","date_gmt":"2022-11-25T14:09:25","guid":{"rendered":"https:\/\/www.suresms.com\/dk\/?page_id=16272"},"modified":"2026-02-25T14:22:47","modified_gmt":"2026-02-25T14:22:47","slug":"control-de-acceso-fisico","status":"publish","type":"page","link":"https:\/\/suresms.com\/es\/integrationer\/fysisk-adgangs-kontrol\/","title":{"rendered":"Integraci\u00f3n de SMS para productos f\u00edsicos"},"content":{"rendered":"<!-- Flexy Breadcrumb -->\r\n\t\t\t<div class=\"fbc fbc-page\">\r\n\r\n\t\t\t\t<!-- Breadcrumb wrapper -->\r\n\t\t\t\t<div class=\"fbc-wrap\">\r\n\r\n\t\t\t\t\t<!-- Ordered list-->\r\n\t\t\t\t\t<ol class=\"fbc-items\" itemscope itemtype=\"https:\/\/schema.org\/BreadcrumbList\">\r\n\t\t\t\t\t\t            <li itemprop=\"itemListElement\" itemscope itemtype=\"https:\/\/schema.org\/ListItem\">\r\n                <span itemprop=\"name\">\r\n                    <!-- Home Link -->\r\n                    <a itemprop=\"item\" href=\"https:\/\/suresms.com\/es\/\">\r\n                    \r\n                                                    <i class=\"fa fa-home\" aria-hidden=\"true\"><\/i>Inicio                    <\/a>\r\n                <\/span>\r\n                <meta itemprop=\"position\" content=\"1\" \/><!-- Meta Position-->\r\n             <\/li><li><span class=\"fbc-separator\">\/<\/span><\/li><li class=\"active\" itemprop=\"itemListElement\" itemscope itemtype=\"https:\/\/schema.org\/ListItem\"><span itemprop=\"name\" title=\"Integraci\u00f3n de SMS para productos f\u00edsicos\">Integraci\u00f3n de SMS para...<\/span><meta itemprop=\"position\" content=\"2\" \/><\/li>\t\t\t\t\t<\/ol>\r\n\t\t\t\t\t<div class=\"clearfix\"><\/div>\r\n\t\t\t\t<\/div>\r\n\t\t\t<\/div>\r\n\t\t\t\n\t\t<h1>Haga que su tienda no tenga personal<\/h1>\n\t<h3>Con la integraci\u00f3n de SMS en, por ejemplo, la puerta de su tienda, un aseo o un pabell\u00f3n deportivo, los clientes pueden servirse fuera del horario de apertura.\nPosibilidad de restringir el acceso por hora y n\u00famero de tel\u00e9fono. A\u00f1ade seguridad adicional con MitID o acepta pagos a trav\u00e9s de Mobilepay.<\/h3>\n\t\t<h3>Los clientes pueden acudir a su tienda cuando les convenga<\/h3><ul>\n<li>\n<ul>\n<li>Aumentar los ingresos con horarios de apertura m\u00e1s amplios<\/li>\n<\/ul>\n<\/li>\n<\/ul>\n<ul>\n<li>\n<ul>\n<li>Mejore la atenci\u00f3n al cliente y fidel\u00edcelos<\/li>\n<li>Vea qu\u00e9 clientes han visitado su tienda<\/li>\n<\/ul>\n<\/li>\n<\/ul>\n<p>&nbsp;<\/p>\n<figure itemscope itemtype=\"https:\/\/schema.org\/ImageObject\">\n\t\t\t\t<img decoding=\"async\" src=\"https:\/\/suresms.com\/wp-content\/uploads\/2022\/11\/Keypad-fritlagt-lille-1.png\" alt=\"Teclado Salto c1000 con mitID\" height=\"525\" width=\"600\" title=\"Teclado expuesto - peque\u00f1o\" onerror=\"this.style.display='none'\" loading=\"lazy\" \/>\n\t<\/figure>\n<figure itemscope itemtype=\"https:\/\/schema.org\/ImageObject\">\n\t\t\t\t<img decoding=\"async\" src=\"https:\/\/suresms.com\/wp-content\/uploads\/2026\/02\/Ubemandet-illustration-01-1.png\" alt=\"Ilustraci\u00f3n no tripulada - 01\" height=\"413\" width=\"998\" title=\"Ilustraci\u00f3n no tripulada - 01\" onerror=\"this.style.display='none'\" loading=\"lazy\" \/>\n\t<\/figure>\n\t<h2>Tres sencillos pasos<\/h2>\n<ul>\n<li>El cliente escanea un c\u00f3digo QR y la aplicaci\u00f3n de SMS se abre con un mensaje precargado<\/li>\n<li>El cliente env\u00eda el mensaje SMS con un solo clic en Enviar<\/li>\n<li>El cliente recibe un SMS con el c\u00f3digo PIN<\/li>\n<li>El cliente introduce el c\u00f3digo PIN en el teclado y la puerta se abre<\/li>\n<\/ul>\n<p>Sencillamente.<\/p>\n\t<h3>Florister\u00edas...<\/h3>\n<p>&nbsp;<\/p>\n<figure itemscope itemtype=\"https:\/\/schema.org\/ImageObject\">\n\t\t\t\t<img decoding=\"async\" src=\"https:\/\/suresms.com\/wp-content\/uploads\/2026\/02\/Butik-Blomster.png\" alt=\"Tienda de flores\" height=\"200\" width=\"200\" title=\"Tienda de flores\" onerror=\"this.style.display='none'\" loading=\"lazy\" \/>\n\t<\/figure>\n\t<h3>Pescader\u00eda<\/h3>\n<p>&nbsp;<\/p>\n<figure itemscope itemtype=\"https:\/\/schema.org\/ImageObject\">\n\t\t\t\t<img decoding=\"async\" src=\"https:\/\/suresms.com\/wp-content\/uploads\/2026\/02\/Butik-Fiskehandler.png\" alt=\"Tienda Pescader\u00eda\" height=\"201\" width=\"200\" title=\"Tienda Pescader\u00eda\" onerror=\"this.style.display='none'\" loading=\"lazy\" \/>\n\t<\/figure>\n\t<h3>Tiendas de segunda mano<\/h3>\n<p>&nbsp;<\/p>\n<figure itemscope itemtype=\"https:\/\/schema.org\/ImageObject\">\n\t\t\t\t<img decoding=\"async\" src=\"https:\/\/suresms.com\/wp-content\/uploads\/2026\/02\/Butik-Toejbutik.png\" alt=\"Tienda de ropa\" height=\"201\" width=\"200\" title=\"Tienda de ropa\" onerror=\"this.style.display='none'\" loading=\"lazy\" \/>\n\t<\/figure>\n\t<h3>\u00bfTu tienda?<\/h3>\n<figure itemscope itemtype=\"https:\/\/schema.org\/ImageObject\">\n\t\t\t\t<img decoding=\"async\" src=\"https:\/\/suresms.com\/wp-content\/uploads\/2026\/02\/Butik-DinButik.png\" alt=\"Store-your-store\" height=\"200\" width=\"200\" title=\"Store-your-store\" onerror=\"this.style.display='none'\" loading=\"lazy\" \/>\n\t<\/figure>\n\t<h2>Opciones adicionales: m\u00e1s seguridad para usted<\/h2>\n<p>Si necesita seguridad adicional para saber exactamente qui\u00e9n entra en su tienda, tenemos m\u00f3dulos que pueden aumentar la seguridad. Entre otras cosas, puedes elegir:<\/p>\n\t\t<h3>Ajuste de la hora<\/h3><p>Si no desea ampliar el horario de apertura a todo el d\u00eda, sino s\u00f3lo durante unas horas antes y despu\u00e9s de la presencia del personal, puede hacerlo con la configuraci\u00f3n horaria. Puede configurar el sistema para que solo emita c\u00f3digos para la puerta durante determinados periodos.<\/p>\n\t<figure itemscope itemtype=\"https:\/\/schema.org\/ImageObject\">\n\t\t\t\t<img decoding=\"async\" src=\"https:\/\/suresms.com\/wp-content\/uploads\/2026\/02\/Smartwatch-100x126-1.png\" alt=\"Reloj inteligente - 100x126\" height=\"126\" width=\"100\" title=\"Reloj inteligente - 100x126\" onerror=\"this.style.display='none'\" loading=\"lazy\" \/>\n\t<\/figure>\n\t\t<h3>MitID<\/h3><p>La mayor seguridad se consigue con la autenticaci\u00f3n MitID. En el proceso, se pide al cliente que inicie sesi\u00f3n en MitID en su tel\u00e9fono y el n\u00famero CPR se almacena en el cliente. De esta forma puede estar absolutamente seguro de qui\u00e9n entra en su tienda.<\/p>\n\t<figure itemscope itemtype=\"https:\/\/schema.org\/ImageObject\">\n\t\t\t\t<img decoding=\"async\" src=\"https:\/\/suresms.com\/wp-content\/uploads\/2026\/02\/Mitid-100x100-1.png\" alt=\"Mitid - 100x100\" height=\"100\" width=\"100\" title=\"Mitid - 100x100\" onerror=\"this.style.display='none'\" loading=\"lazy\" \/>\n\t<\/figure>\n\t\t<h3>N\u00fameros aprobados<\/h3><p>Puede crear listas de los n\u00fameros que pueden recibir un c\u00f3digo. Por ejemplo, si tienes una lista de socios o clientes habituales, puedes cargar esta lista y asegurarte de que solo las personas de la lista pueden recibir un c\u00f3digo.<\/p>\n\t<figure itemscope itemtype=\"https:\/\/schema.org\/ImageObject\">\n\t\t\t\t<img decoding=\"async\" src=\"https:\/\/suresms.com\/wp-content\/uploads\/2026\/02\/Godkendte-numre-100x100-1.png\" alt=\"N\u00fameros aprobados - 100x100\" height=\"100\" width=\"100\" title=\"N\u00fameros aprobados - 100x100\" onerror=\"this.style.display='none'\" loading=\"lazy\" \/>\n\t<\/figure>\n\t\t<h3>Control y notificaci\u00f3n<\/h3><p>Recibir\u00e1 un SMS cuando alguien entre en la tienda. Comb\u00ednalo con la videovigilancia y podr\u00e1s ver lo que ocurre en la tienda en el momento.<\/p>\n\t<figure itemscope itemtype=\"https:\/\/schema.org\/ImageObject\">\n\t\t\t\t<img decoding=\"async\" src=\"https:\/\/suresms.com\/wp-content\/uploads\/2026\/02\/Overvaagning-og-advisering-100x100-1.png\" alt=\"Supervisi\u00f3n y notificaci\u00f3n - 100x100\" height=\"100\" width=\"100\" title=\"Supervisi\u00f3n y notificaci\u00f3n - 100x100\" onerror=\"this.style.display='none'\" loading=\"lazy\" \/>\n\t<\/figure>\n\t\t<h3>Empezar<\/h3><p>Esta soluci\u00f3n es una combinaci\u00f3n de software y hardware. SureSMS ha creado una plataforma de software compatible con el teclado Conlan C1000LP.<\/p>\n<p>Esto significa que necesita tener tanto un teclado como una cerradura de puerta en su tienda, pero tambi\u00e9n una cuenta en SureSMS para obtener todas las ventajas de la soluci\u00f3n.<\/p>\n<p>S\u00f3lo proporcionamos el software, por lo que necesita un cerrajero que le ayude a configurarlo.<\/p>\n<p>A continuaci\u00f3n puede encontrar una lista de cerrajeros que han instalado una soluci\u00f3n anteriormente y pueden ayudarle a empezar.<\/p>\n<p>&nbsp;<\/p>\n\t\t\t\t<table>\n\t\t\t\t\t<thead>\n\t\t\t\t\t\t\t\t\t\t\t\t\t\t<tr>\n\t\t\t\t\t\t\t\t\t\t\t\t\t\t\t<th rowspan=\"\" colspan=\"\">\n\t\t\t\t\t\t\t\t\t\t Nombre de la empresa \n\t\t\t\t\t\t\t\t\t\t\t\t\t\t\t\t\t<\/th>\n\t\t\t\t\t\t\t\t\t\t\t\t\t\t<th rowspan=\"\" colspan=\"\">\n\t\t\t\t\t\t\t\t\t\t \u00c1rea de inter\u00e9s \n\t\t\t\t\t\t\t\t\t\t\t\t\t\t\t\t\t<\/th>\n\t\t\t\t\t\t\t\t\t\t\t\t\t\t<th rowspan=\"\" colspan=\"\">\n\t\t\t\t\t\t\t\t\t\t P\u00e1gina de inicio \n\t\t\t\t\t\t\t\t\t\t\t\t\t\t\t\t\t<\/th>\n\t\t\t\t\t\t\t\t\t\t\t<\/tr><\/thead>\n\t\t\t\t\t<tbody>\n\t\t\t\t\t\t\t\t\t\t\t\t\t\t\t<tr>\n\t\t\t\t\t\t\t\t\t\t\t\t\t\t\t\t\t\t\t\t<td colspan=\"\" rowspan=\"\">\n\t\t\t\t\t\t\t\t\t\t\t\t\t\t\t Seguridad SP \n\t\t\t\t\t\t\t\t\t\t\t\t\t\t\t\t\t\t\t\t\t\t\t\t<\/td>\n\t\t\t\t\t\t\t\t\t\t\t\t\t\t\t\t<td colspan=\"\" rowspan=\"\">\n\t\t\t\t\t\t\t\t\t\t\t\t\t\t\t\t\t\t\t\t\t\t\t Jutlandia Septentrional y Central \n\t\t\t\t\t\t\t\t\t\t\t\t\t\t\t\t\t\t\t\t\t\t\t<\/td>\n\t\t\t\t\t\t\t\t\t\t\t\t\t\t\t\t<td colspan=\"\" rowspan=\"\">\n\t\t\t\t\t\t\t\t\t\t\t\t\t<a href=\"https:\/\/spst.dk\/\" target=\"_self\">\n\t\t\t\t\t\t\t\t\t\t\t\t\t\t <blockquote class=\"wp-embedded-content\" data-secret=\"ewV3eMWptK\"><a href=\"https:\/\/spst.dk\/\">P\u00e1gina de inicio<\/a><\/blockquote><iframe loading=\"lazy\" class=\"wp-embedded-content\" sandbox=\"allow-scripts\" security=\"restricted\" style=\"position: absolute; visibility: hidden;\" title=\"\u201cHogar\u201d - SP Sikring &amp; El-Teknik ApS\" src=\"https:\/\/spst.dk\/embed\/#?secret=IlC3UvtDzb#?secret=ewV3eMWptK\" data-secret=\"ewV3eMWptK\" width=\"600\" height=\"338\" frameborder=\"0\" marginwidth=\"0\" marginheight=\"0\" scrolling=\"no\"><\/iframe> \n\t\t\t\t\t\t\t\t\t\t\t\t\t\t\t\t\t\t\t\t\t\t\t\t\t\t\t<\/a>\n\t\t\t\t\t\t\t\t\t\t\t\t\t\t\t\t\t\t\t<\/td>\n\t\t\t\t\t\t\t\t\t\t\t\t\t\t\t<\/tr><tr>\n\t\t\t\t\t\t\t\t\t\t\t\t\t\t\t\t\t\t\t\t<td colspan=\"\" rowspan=\"\">\n\t\t\t\t\t\t\t\t\t\t\t\t\t\t\t\t\t\t\t\t\t\t\t Lock.com \n\t\t\t\t\t\t\t\t\t\t\t\t\t\t\t\t\t\t\t\t\t\t\t<\/td>\n\t\t\t\t\t\t\t\t\t\t\t\t\t\t\t\t<td colspan=\"\" rowspan=\"\">\n\t\t\t\t\t\t\t\t\t\t\t\t\t\t\t\t\t\t\t\t\t\t\t Funen y la zona del tri\u00e1ngulo \n\t\t\t\t\t\t\t\t\t\t\t\t\t\t\t\t\t\t\t\t\t\t\t<\/td>\n\t\t\t\t\t\t\t\t\t\t\t\t\t\t\t\t<td colspan=\"\" rowspan=\"\">\n\t\t\t\t\t\t\t\t\t\t\t\t\t<a href=\"https:\/\/laas.dk\" target=\"_self\">\n\t\t\t\t\t\t\t\t\t\t\t\t\t\t https:\/\/laas.dk \n\t\t\t\t\t\t\t\t\t\t\t\t\t\t\t\t\t\t\t\t\t\t\t\t\t\t\t<\/a>\n\t\t\t\t\t\t\t\t\t\t\t\t\t\t\t\t\t\t\t<\/td>\n\t\t\t\t\t\t\t\t\t\t\t\t\t\t\t<\/tr><tr>\n\t\t\t\t\t\t\t\t\t\t\t\t\t\t\t\t\t\t\t\t<td colspan=\"\" rowspan=\"\">\n\t\t\t\t\t\t\t\t\t\t\t\t\t\t\t\t\t\t\t\t\t\t\t Cerraduras Bagger \n\t\t\t\t\t\t\t\t\t\t\t\t\t\t\t\t\t\t\t\t\t\t\t<\/td>\n\t\t\t\t\t\t\t\t\t\t\t\t\t\t\t\t<td colspan=\"\" rowspan=\"\">\n\t\t\t\t\t\t\t\t\t\t\t\t\t\t\t\t\t\t\t\t\t\t\t Zelanda y las islas \n\t\t\t\t\t\t\t\t\t\t\t\t\t\t\t\t\t\t\t\t\t\t\t<\/td>\n\t\t\t\t\t\t\t\t\t\t\t\t\t\t\t\t<td colspan=\"\" rowspan=\"\">\n\t\t\t\t\t\t\t\t\t\t\t\t\t<a href=\"https:\/\/bagger-laase.dk\" target=\"_self\">\n\t\t\t\t\t\t\t\t\t\t\t\t\t\t <blockquote class=\"wp-embedded-content\" data-secret=\"aBOeeiGcCw\"><a href=\"https:\/\/bagger-laase.dk\/\">P\u00e1gina de inicio<\/a><\/blockquote><iframe loading=\"lazy\" class=\"wp-embedded-content\" sandbox=\"allow-scripts\" security=\"restricted\" style=\"position: absolute; visibility: hidden;\" title=\"\u201cInicio\u201d - Bagger L\u00e5se &amp; Alarm A\/S\" src=\"https:\/\/bagger-laase.dk\/embed#?secret=7rj7TFzG10#?secret=aBOeeiGcCw\" data-secret=\"aBOeeiGcCw\" width=\"600\" height=\"338\" frameborder=\"0\" marginwidth=\"0\" marginheight=\"0\" scrolling=\"no\"><\/iframe> \n\t\t\t\t\t\t\t\t\t\t\t\t\t\t\t\t\t\t\t\t\t\t\t\t\t\t\t<\/a>\n\t\t\t\t\t\t\t\t\t\t\t\t\t\t\t\t\t\t\t<\/td>\n\t\t\t\t\t\t\t\t\t\t\t<\/tr><\/tbody>\n\t\t\t\t<\/table>\n\t\t\t\t\t\t\t\t\t\t<h4 tabindex=\"0\">\u00bfCu\u00e1nto cuesta?<\/h4>\n\t\t\t\t\t<p>Por desgracia, es dif\u00edcil decir cu\u00e1nto cuesta de principio a fin. Sin embargo, podemos decir que un teclado y un cerradero suelen costar unas 2.000 coronas danesas. La instalaci\u00f3n del cerradero depende mucho de d\u00f3nde se vaya a instalar.\u00a0<\/p>\n<p>El precio del software es de 950,- por el registro y 99,- al mes. Adem\u00e1s, cuesta 31 \u00f8re por c\u00f3digo enviado (1 DKK si utiliza MitID).<\/p>\n\t\t<h3>Gu\u00eda<\/h3><p>Aqu\u00ed encontrar\u00e1 las instrucciones del teclado Conlan<\/p>\n<p><a href=\"https:\/\/www.conlan.eu\/download\/doc\/en\/Stand-Alone\/C1000LP-Manual.pdf\">Conlan C1000LP - Manual<\/a> - actualizado en el sitio web de Conlan.<\/p>\n<p>Pero, tambi\u00e9n tenemos nuestra propia copia local por ah\u00ed <a href=\"https:\/\/suresms.com\/wp-content\/uploads\/2026\/01\/C1000LP-Manual.pdf\">aqu\u00ed<\/a>, si no se puede encontrar la documentaci\u00f3n de Conlan.<\/p>\n<p>Puede descargar la gu\u00eda de instalaci\u00f3n <a href=\"https:\/\/suresms.com\/wp-content\/uploads\/2026\/01\/Vejledning-i-opsaetning-af-Conlan-NemID-doer.pdf\">SureSMS aqu\u00ed.<\/a><\/p>","protected":false},"excerpt":{"rendered":"<p>Haga que su tienda no tenga personal Con la integraci\u00f3n de SMS en, por ejemplo, la puerta de su tienda, un aseo o un pabell\u00f3n deportivo, los clientes pueden servirse fuera del horario de apertura. Posibilidad de restringir el acceso por hora y n\u00famero de tel\u00e9fono. A\u00f1ada seguridad adicional con MyID o reciba el pago a trav\u00e9s de Mobilepay. Los clientes pueden acudir a su tienda cuando les convenga Aumente los ingresos con... <a title=\"Integraci\u00f3n de SMS para productos f\u00edsicos\" class=\"read-more\" href=\"https:\/\/suresms.com\/es\/integrationer\/fysisk-adgangs-kontrol\/\" aria-label=\"Leer m\u00e1s sobre Integraci\u00f3n de SMS para productos f\u00edsicos\">M\u00e1s informaci\u00f3n<\/a><\/p>","protected":false},"author":1,"featured_media":0,"parent":9400,"menu_order":1,"comment_status":"closed","ping_status":"closed","template":"","meta":{"_fl_builder_enabled":"1","_fl_builder_data":null,"_fl_builder_draft":null,"_fl_builder_data_settings":null,"_fl_builder_css":"","_fl_builder_css_version":"","_fl_builder_js":"","footnotes":""},"categories":[],"tags":[],"class_list":["post-16272","page","type-page","status-publish"],"yoast_head":"<!-- This site is optimized with the Yoast SEO Premium plugin v27.3 (Yoast SEO v27.3) - https:\/\/yoast.com\/product\/yoast-seo-premium-wordpress\/ -->\r\n<title>SMS integration til fysiske produkter - SMS integrationer til 2000+ systemer<\/title>\r\n<meta name=\"description\" content=\"SMS integrationer med 2000+ systemer. Mange forskellige muligheder og gratis ops\u00e6tning. API, webservice, JSON og meget mere\" \/>\r\n<meta name=\"robots\" content=\"index, follow, max-snippet:-1, max-image-preview:large, max-video-preview:-1\" \/>\r\n<link rel=\"canonical\" href=\"https:\/\/suresms.com\/es\/integraciones\/control-de-acceso-fisico\/\" \/>\r\n<meta property=\"og:locale\" content=\"es_ES\" \/>\r\n<meta property=\"og:type\" content=\"article\" \/>\r\n<meta property=\"og:title\" content=\"SMS integration til fysiske produkter\" \/>\r\n<meta property=\"og:description\" content=\"SMS integrationer med 2000+ systemer. Mange forskellige muligheder og gratis ops\u00e6tning. API, webservice, JSON og meget mere\" \/>\r\n<meta property=\"og:url\" content=\"https:\/\/suresms.com\/es\/integraciones\/control-de-acceso-fisico\/\" \/>\r\n<meta property=\"article:publisher\" content=\"https:\/\/www.facebook.com\/p\/SureSMS-100044607956149\/\" \/>\r\n<meta property=\"article:modified_time\" content=\"2026-02-25T14:22:47+00:00\" \/>\r\n<meta property=\"og:image\" content=\"https:\/\/suresms.com\/wp-content\/uploads\/2022\/11\/Keypad-fritlagt-lille-1.png\" \/>\r\n<meta name=\"twitter:card\" content=\"summary_large_image\" \/>\r\n<meta name=\"twitter:label1\" content=\"Tiempo de lectura\" \/>\n\t<meta name=\"twitter:data1\" content=\"5 minutos\" \/>\r\n<script type=\"application\/ld+json\" class=\"yoast-schema-graph\">{\"@context\":\"https:\\\/\\\/schema.org\",\"@graph\":[{\"@type\":\"WebPage\",\"@id\":\"https:\\\/\\\/suresms.com\\\/dk\\\/integrationer\\\/fysisk-adgangs-kontrol\\\/\",\"url\":\"https:\\\/\\\/suresms.com\\\/dk\\\/integrationer\\\/fysisk-adgangs-kontrol\\\/\",\"name\":\"SMS integration til fysiske produkter - SMS integrationer til 2000+ systemer\",\"isPartOf\":{\"@id\":\"https:\\\/\\\/suresms.com\\\/en\\\/#website\"},\"primaryImageOfPage\":{\"@id\":\"https:\\\/\\\/suresms.com\\\/dk\\\/integrationer\\\/fysisk-adgangs-kontrol\\\/#primaryimage\"},\"image\":{\"@id\":\"https:\\\/\\\/suresms.com\\\/dk\\\/integrationer\\\/fysisk-adgangs-kontrol\\\/#primaryimage\"},\"thumbnailUrl\":\"https:\\\/\\\/suresms.com\\\/wp-content\\\/uploads\\\/2022\\\/11\\\/Keypad-fritlagt-lille-1.png\",\"datePublished\":\"2022-11-25T14:09:25+00:00\",\"dateModified\":\"2026-02-25T14:22:47+00:00\",\"description\":\"SMS integrationer med 2000+ systemer. Mange forskellige muligheder og gratis ops\u00e6tning. API, webservice, JSON og meget mere\",\"breadcrumb\":{\"@id\":\"https:\\\/\\\/suresms.com\\\/dk\\\/integrationer\\\/fysisk-adgangs-kontrol\\\/#breadcrumb\"},\"inLanguage\":\"es\",\"potentialAction\":[{\"@type\":\"ReadAction\",\"target\":[\"https:\\\/\\\/suresms.com\\\/dk\\\/integrationer\\\/fysisk-adgangs-kontrol\\\/\"]}]},{\"@type\":\"ImageObject\",\"inLanguage\":\"es\",\"@id\":\"https:\\\/\\\/suresms.com\\\/dk\\\/integrationer\\\/fysisk-adgangs-kontrol\\\/#primaryimage\",\"url\":\"https:\\\/\\\/suresms.com\\\/wp-content\\\/uploads\\\/2022\\\/11\\\/Keypad-fritlagt-lille-1.png\",\"contentUrl\":\"https:\\\/\\\/suresms.com\\\/wp-content\\\/uploads\\\/2022\\\/11\\\/Keypad-fritlagt-lille-1.png\"},{\"@type\":\"BreadcrumbList\",\"@id\":\"https:\\\/\\\/suresms.com\\\/dk\\\/integrationer\\\/fysisk-adgangs-kontrol\\\/#breadcrumb\",\"itemListElement\":[{\"@type\":\"ListItem\",\"position\":1,\"name\":\"Home\",\"item\":\"https:\\\/\\\/suresms.com\\\/dk\\\/\"},{\"@type\":\"ListItem\",\"position\":2,\"name\":\"Integrationer\",\"item\":\"https:\\\/\\\/suresms.com\\\/dk\\\/integrationer\\\/\"},{\"@type\":\"ListItem\",\"position\":3,\"name\":\"SMS integration til fysiske produkter\"}]},{\"@type\":\"WebSite\",\"@id\":\"https:\\\/\\\/suresms.com\\\/en\\\/#website\",\"url\":\"https:\\\/\\\/suresms.com\\\/en\\\/\",\"name\":\"SureSMS\",\"description\":\"Professionel SMS Gateway\",\"publisher\":{\"@id\":\"https:\\\/\\\/suresms.com\\\/en\\\/#organization\"},\"potentialAction\":[{\"@type\":\"SearchAction\",\"target\":{\"@type\":\"EntryPoint\",\"urlTemplate\":\"https:\\\/\\\/suresms.com\\\/en\\\/?s={search_term_string}\"},\"query-input\":{\"@type\":\"PropertyValueSpecification\",\"valueRequired\":true,\"valueName\":\"search_term_string\"}}],\"inLanguage\":\"es\"},{\"@type\":\"Organization\",\"@id\":\"https:\\\/\\\/suresms.com\\\/en\\\/#organization\",\"name\":\"SureSMS\",\"url\":\"https:\\\/\\\/suresms.com\\\/en\\\/\",\"logo\":{\"@type\":\"ImageObject\",\"inLanguage\":\"es\",\"@id\":\"https:\\\/\\\/suresms.com\\\/en\\\/#\\\/schema\\\/logo\\\/image\\\/\",\"url\":\"https:\\\/\\\/suresms.com\\\/wp-content\\\/uploads\\\/2024\\\/11\\\/suresms-300x65-1.png\",\"contentUrl\":\"https:\\\/\\\/suresms.com\\\/wp-content\\\/uploads\\\/2024\\\/11\\\/suresms-300x65-1.png\",\"width\":300,\"height\":65,\"caption\":\"SureSMS\"},\"image\":{\"@id\":\"https:\\\/\\\/suresms.com\\\/en\\\/#\\\/schema\\\/logo\\\/image\\\/\"},\"sameAs\":[\"https:\\\/\\\/www.facebook.com\\\/p\\\/SureSMS-100044607956149\\\/\"]}]}<\/script>\r\n<!-- \/ Yoast SEO Premium plugin. -->","yoast_head_json":{"title":"Integraci\u00f3n de SMS para productos f\u00edsicos - Integraciones de SMS para m\u00e1s de 2000 sistemas","description":"Integraci\u00f3n de SMS con m\u00e1s de 2000 sistemas. Muchas opciones diferentes y configuraci\u00f3n gratuita. API, servicio web, JSON y mucho m\u00e1s.","robots":{"index":"index","follow":"follow","max-snippet":"max-snippet:-1","max-image-preview":"max-image-preview:large","max-video-preview":"max-video-preview:-1"},"canonical":"https:\/\/suresms.com\/es\/integraciones\/control-de-acceso-fisico\/","og_locale":"es_ES","og_type":"article","og_title":"SMS integration til fysiske produkter","og_description":"SMS integrationer med 2000+ systemer. Mange forskellige muligheder og gratis ops\u00e6tning. API, webservice, JSON og meget mere","og_url":"https:\/\/suresms.com\/es\/integraciones\/control-de-acceso-fisico\/","article_publisher":"https:\/\/www.facebook.com\/p\/SureSMS-100044607956149\/","article_modified_time":"2026-02-25T14:22:47+00:00","og_image":[{"url":"https:\/\/suresms.com\/wp-content\/uploads\/2022\/11\/Keypad-fritlagt-lille-1.png","type":"","width":"","height":""}],"twitter_card":"summary_large_image","twitter_misc":{"Tiempo de lectura":"5 minutos"},"schema":{"@context":"https:\/\/schema.org","@graph":[{"@type":"WebPage","@id":"https:\/\/suresms.com\/dk\/integrationer\/fysisk-adgangs-kontrol\/","url":"https:\/\/suresms.com\/dk\/integrationer\/fysisk-adgangs-kontrol\/","name":"Integraci\u00f3n de SMS para productos f\u00edsicos - Integraciones de SMS para m\u00e1s de 2000 sistemas","isPartOf":{"@id":"https:\/\/suresms.com\/en\/#website"},"primaryImageOfPage":{"@id":"https:\/\/suresms.com\/dk\/integrationer\/fysisk-adgangs-kontrol\/#primaryimage"},"image":{"@id":"https:\/\/suresms.com\/dk\/integrationer\/fysisk-adgangs-kontrol\/#primaryimage"},"thumbnailUrl":"https:\/\/suresms.com\/wp-content\/uploads\/2022\/11\/Keypad-fritlagt-lille-1.png","datePublished":"2022-11-25T14:09:25+00:00","dateModified":"2026-02-25T14:22:47+00:00","description":"Integraci\u00f3n de SMS con m\u00e1s de 2000 sistemas. Muchas opciones diferentes y configuraci\u00f3n gratuita. API, servicio web, JSON y mucho m\u00e1s.","breadcrumb":{"@id":"https:\/\/suresms.com\/dk\/integrationer\/fysisk-adgangs-kontrol\/#breadcrumb"},"inLanguage":"es","potentialAction":[{"@type":"ReadAction","target":["https:\/\/suresms.com\/dk\/integrationer\/fysisk-adgangs-kontrol\/"]}]},{"@type":"ImageObject","inLanguage":"es","@id":"https:\/\/suresms.com\/dk\/integrationer\/fysisk-adgangs-kontrol\/#primaryimage","url":"https:\/\/suresms.com\/wp-content\/uploads\/2022\/11\/Keypad-fritlagt-lille-1.png","contentUrl":"https:\/\/suresms.com\/wp-content\/uploads\/2022\/11\/Keypad-fritlagt-lille-1.png"},{"@type":"BreadcrumbList","@id":"https:\/\/suresms.com\/dk\/integrationer\/fysisk-adgangs-kontrol\/#breadcrumb","itemListElement":[{"@type":"ListItem","position":1,"name":"Home","item":"https:\/\/suresms.com\/dk\/"},{"@type":"ListItem","position":2,"name":"Integrationer","item":"https:\/\/suresms.com\/dk\/integrationer\/"},{"@type":"ListItem","position":3,"name":"SMS integration til fysiske produkter"}]},{"@type":"WebSite","@id":"https:\/\/suresms.com\/en\/#website","url":"https:\/\/suresms.com\/en\/","name":"SureSMS","description":"Pasarela SMS profesional","publisher":{"@id":"https:\/\/suresms.com\/en\/#organization"},"potentialAction":[{"@type":"SearchAction","target":{"@type":"EntryPoint","urlTemplate":"https:\/\/suresms.com\/en\/?s={search_term_string}"},"query-input":{"@type":"PropertyValueSpecification","valueRequired":true,"valueName":"search_term_string"}}],"inLanguage":"es"},{"@type":"Organization","@id":"https:\/\/suresms.com\/en\/#organization","name":"SureSMS","url":"https:\/\/suresms.com\/en\/","logo":{"@type":"ImageObject","inLanguage":"es","@id":"https:\/\/suresms.com\/en\/#\/schema\/logo\/image\/","url":"https:\/\/suresms.com\/wp-content\/uploads\/2024\/11\/suresms-300x65-1.png","contentUrl":"https:\/\/suresms.com\/wp-content\/uploads\/2024\/11\/suresms-300x65-1.png","width":300,"height":65,"caption":"SureSMS"},"image":{"@id":"https:\/\/suresms.com\/en\/#\/schema\/logo\/image\/"},"sameAs":["https:\/\/www.facebook.com\/p\/SureSMS-100044607956149\/"]}]}},"_links":{"self":[{"href":"https:\/\/suresms.com\/es\/wp-json\/wp\/v2\/pages\/16272","targetHints":{"allow":["GET"]}}],"collection":[{"href":"https:\/\/suresms.com\/es\/wp-json\/wp\/v2\/pages"}],"about":[{"href":"https:\/\/suresms.com\/es\/wp-json\/wp\/v2\/types\/page"}],"author":[{"embeddable":true,"href":"https:\/\/suresms.com\/es\/wp-json\/wp\/v2\/users\/1"}],"replies":[{"embeddable":true,"href":"https:\/\/suresms.com\/es\/wp-json\/wp\/v2\/comments?post=16272"}],"version-history":[{"count":9,"href":"https:\/\/suresms.com\/es\/wp-json\/wp\/v2\/pages\/16272\/revisions"}],"predecessor-version":[{"id":23843,"href":"https:\/\/suresms.com\/es\/wp-json\/wp\/v2\/pages\/16272\/revisions\/23843"}],"up":[{"embeddable":true,"href":"https:\/\/suresms.com\/es\/wp-json\/wp\/v2\/pages\/9400"}],"wp:attachment":[{"href":"https:\/\/suresms.com\/es\/wp-json\/wp\/v2\/media?parent=16272"}],"wp:term":[{"taxonomy":"category","embeddable":true,"href":"https:\/\/suresms.com\/es\/wp-json\/wp\/v2\/categories?post=16272"},{"taxonomy":"post_tag","embeddable":true,"href":"https:\/\/suresms.com\/es\/wp-json\/wp\/v2\/tags?post=16272"}],"curies":[{"name":"wp","href":"https:\/\/api.w.org\/{rel}","templated":true}]}}