{"id":16113,"date":"2022-10-26T11:43:58","date_gmt":"2022-10-26T09:43:58","guid":{"rendered":"https:\/\/www.suresms.com\/dk\/?page_id=16113"},"modified":"2025-03-16T07:27:54","modified_gmt":"2025-03-16T07:27:54","slug":"mensaje-de-texto-de-dentavision","status":"publish","type":"page","link":"https:\/\/suresms.com\/es\/integrationer\/booking-vikar-systemer\/sms-fra-dentavision\/","title":{"rendered":"Integraci\u00f3n de SMS para DentaVision"},"content":{"rendered":"\n\n\t\t\t\t<!-- Flexy Breadcrumb -->\r\n\t\t\t<div class=\"fbc fbc-page\">\r\n\r\n\t\t\t\t<!-- Breadcrumb wrapper -->\r\n\t\t\t\t<div class=\"fbc-wrap\">\r\n\r\n\t\t\t\t\t<!-- Ordered list-->\r\n\t\t\t\t\t<ol class=\"fbc-items\" itemscope itemtype=\"https:\/\/schema.org\/BreadcrumbList\">\r\n\t\t\t\t\t\t            <li itemprop=\"itemListElement\" itemscope itemtype=\"https:\/\/schema.org\/ListItem\">\r\n                <span itemprop=\"name\">\r\n                    <!-- Home Link -->\r\n                    <a itemprop=\"item\" href=\"https:\/\/suresms.com\">\r\n                    \r\n                                                    <i class=\"fa fa-home\" aria-hidden=\"true\"><\/i>Home                    <\/a>\r\n                <\/span>\r\n                <meta itemprop=\"position\" content=\"1\" \/><!-- Meta Position-->\r\n             <\/li><li><span class=\"fbc-separator\">\/<\/span><\/li><li class=\"active\" itemprop=\"itemListElement\" itemscope itemtype=\"https:\/\/schema.org\/ListItem\"><span itemprop=\"name\" title=\"SMS integration til DentaVision\">SMS integration til DentaVision<\/span><meta itemprop=\"position\" content=\"2\" \/><\/li>\t\t\t\t\t<\/ol>\r\n\t\t\t\t\t<div class=\"clearfix\"><\/div>\r\n\t\t\t\t<\/div>\r\n\t\t\t<\/div>\r\n\t\t\t\n\t\t<h1><strong>SMS integration til DentaVision<\/strong><\/h1>\n\t<h3>Integration fra CAS Bookingsystem til SureSMS.<\/h3>\n\t\t\t\t<img loading=\"lazy\" decoding=\"async\" src=\"https:\/\/suresms.com\/wp-content\/uploads\/2021\/10\/CAS-bookingsystem-1.png\" alt=\"CAS bookingsystem\" itemprop=\"image\" height=\"430\" width=\"668\" title=\"CAS bookingsystem\" onerror=\"this.style.display='none'\"  \/>\n\t\t<h3>SMS i CAS Bookingsystem<\/h3><p>CAS bookingsystem har lavet en n\u00f8glef\u00e6rdig integration til SureSMS. Det betyder at du med meget f\u00e5 klik kan f\u00e5 SMS underst\u00f8ttelse i dit CAS bookingsystem.<\/p>\n<p>Der er allerede en del kunder der anvender l\u00f8sningen og den er gennempr\u00f8vet og virker perfekt. De kunder der anvender l\u00f8sningen i dag bruger den som supplement til den app der allerede findes p\u00e5 CAS bookingsystem. Hvis en vagt er meget sv\u00e6r at afs\u00e6tte eller det er en haste-opgave kan SMS give en bedre svarrate end at sende vagten ud p\u00e5 app&#8217;en.<\/p>\n<p>&nbsp;<\/p>\n\tCAS har udviklet et bookingsystem for at hj\u00e6lpe planl\u00e6ggerne med at d\u00e6kke ubesatte vagter p\u00e5 en effektiv og smart m\u00e5de. I systemet kan man b\u00e5de oprette vagter til sit faste personale og til sine &#8216;egne&#8217; vikarer p\u00e5 afdelingerne.\n\n\nVagtplanl\u00e6ggerne opretter vagter i webdelen eller via en tilh\u00f8rende &#8216;planl\u00e6gger&#8217;-app. N\u00e5r vagten er oprettet bliver den udsendt til &#8216;vikar&#8217;-appen, hvor vikarerne f\u00e5r en notifikation om den ledige vagt.\n\t<h3>Personlig SMS<\/h3>\n<p>CAS tilbyder at personalisere dine SMS&#8217;er s\u00e5 du kan flette oplysninger ind om den vagt du gerne vil bes\u00e6tte. Eller du kan skrive navnet p\u00e5 personen du sender SMS&#8217;en til for at g\u00f8re den mere personlig og relevant at svare p\u00e5.<\/p>\n\t\n<div class=\"wpcf7 no-js\" id=\"wpcf7-f3509-o1\" lang=\"en-US\" dir=\"ltr\" data-wpcf7-id=\"3509\">\n<div class=\"screen-reader-response\"><p role=\"status\" aria-live=\"polite\" aria-atomic=\"true\"><\/p> <ul><\/ul><\/div>\n<form action=\"\/es\/wp-json\/wp\/v2\/pages\/16113#wpcf7-f3509-o1\" method=\"post\" class=\"wpcf7-form init\" aria-label=\"Contact form\" novalidate=\"novalidate\" data-status=\"init\">\n<fieldset class=\"hidden-fields-container\"><input type=\"hidden\" name=\"_wpcf7\" value=\"3509\" \/><input type=\"hidden\" name=\"_wpcf7_version\" value=\"6.1.5\" \/><input type=\"hidden\" name=\"_wpcf7_locale\" value=\"en_US\" \/><input type=\"hidden\" name=\"_wpcf7_unit_tag\" value=\"wpcf7-f3509-o1\" \/><input type=\"hidden\" name=\"_wpcf7_container_post\" value=\"0\" \/><input type=\"hidden\" name=\"_wpcf7_posted_data_hash\" value=\"\" \/>\n<\/fieldset>\n<p>Bestil en gratis test-konto nu!!\n<\/p>\n<p><span class=\"wpcf7-form-control-wrap\" data-name=\"your-name\"><input size=\"40\" maxlength=\"400\" class=\"wpcf7-form-control wpcf7-text wpcf7-validates-as-required\" aria-required=\"true\" aria-invalid=\"false\" placeholder=\"Firmanavn*\" value=\"\" type=\"text\" name=\"your-name\" \/><\/span>\n<\/p>\n<p><span class=\"wpcf7-form-control-wrap\" data-name=\"dit-navn\"><input size=\"40\" maxlength=\"400\" class=\"wpcf7-form-control wpcf7-text wpcf7-validates-as-required\" aria-required=\"true\" aria-invalid=\"false\" placeholder=\"Dit navn*\" value=\"\" type=\"text\" name=\"dit-navn\" \/><\/span>\n<\/p>\n<p><span class=\"wpcf7-form-control-wrap\" data-name=\"emailaddress\"><input size=\"40\" maxlength=\"400\" class=\"wpcf7-form-control wpcf7-email wpcf7-validates-as-required wpcf7-text wpcf7-validates-as-email\" aria-required=\"true\" aria-invalid=\"false\" placeholder=\"E-mail*\" value=\"\" type=\"email\" name=\"emailaddress\" \/><\/span>\n<\/p>\n<div style=\"display:flex;\">\n\t<p><span class=\"wpcf7-form-control-wrap\" data-name=\"CountryCode\"><select class=\"wpcf7-form-control wpcf7-select wpcf7-validates-as-required\" aria-required=\"true\" aria-invalid=\"false\" name=\"CountryCode\"><option value=\"DK (+45)\">DK (+45)<\/option><option value=\"SE (+46)\">SE (+46)<\/option><option value=\"NO (+47)\">NO (+47)<\/option><option value=\"DE (+49)\">DE (+49)<\/option><option value=\"KN (+299)\">KN (+299)<\/option><option value=\"FO (+298)\">FO (+298)<\/option><\/select><\/span> &nbsp;&nbsp; <span class=\"wpcf7-form-control-wrap\" data-name=\"Phonenumber\"><input size=\"14\" maxlength=\"400\" class=\"wpcf7-form-control wpcf7-tel wpcf7-validates-as-required wpcf7-text wpcf7-validates-as-tel\" aria-required=\"true\" aria-invalid=\"false\" placeholder=\"Mobil nummer*\" value=\"\" type=\"tel\" name=\"Phonenumber\" \/><\/span>\n\t<\/p>\n<\/div>\n<p>Password sendes med SMS til dette nummer.\n<\/p>\n<p> Anvendelse:&nbsp;&nbsp;&nbsp;&nbsp;&nbsp;&nbsp;&nbsp;&nbsp;&nbsp;&nbsp; <span class=\"wpcf7-form-control-wrap\" data-name=\"Anvendelse\"><select class=\"wpcf7-form-control wpcf7-select wpcf7-validates-as-required\" id=\"Anvendelse\" aria-required=\"true\" aria-invalid=\"false\" name=\"Anvendelse\"><option value=\"\">&#8212;Please choose an option&#8212;<\/option><option value=\"Forening\">Forening<\/option><option value=\"Virksomhed\">Virksomhed<\/option><option value=\"Myndighed\">Myndighed<\/option><option value=\"Andet\">Andet<\/option><\/select><\/span>\n<\/p>\n<p><span class=\"wpcf7-form-control-wrap\" data-name=\"api\"><span class=\"wpcf7-form-control wpcf7-checkbox\"><span class=\"wpcf7-list-item first last\"><label><input type=\"checkbox\" name=\"api[]\" value=\"Jeg er softwareudvikler\" \/><span class=\"wpcf7-list-item-label\">Jeg er softwareudvikler<\/span><\/label><\/span><\/span><\/span>\n<\/p>\n<input class=\"wpcf7-form-control wpcf7-hidden\" value=\"\" type=\"hidden\" name=\"text\" \/>\n<p><div class=\"cf7-cf-turnstile\" style=\"margin-top: 0px; margin-bottom: -15px;\"> <div id=\"cf-turnstile-cf7-2790093914\" class=\"cf-turnstile\" data-sitekey=\"0x4AAAAAAB8YGArd9ML-HbMW\" data-theme=\"light\" data-language=\"auto\" data-size=\"normal\" data-retry=\"auto\" data-retry-interval=\"1000\" data-refresh-expired=\"auto\" data-action=\"contact-form-7\" data-appearance=\"always\"><\/div> <script>document.addEventListener(\"DOMContentLoaded\", function() { setTimeout(function(){ var e=document.getElementById(\"cf-turnstile-cf7-2790093914\"); e&&!e.innerHTML.trim()&&(turnstile.remove(\"#cf-turnstile-cf7-2790093914\"), turnstile.render(\"#cf-turnstile-cf7-2790093914\", {sitekey:\"0x4AAAAAAB8YGArd9ML-HbMW\"})); }, 100); });<\/script> <br class=\"cf-turnstile-br cf-turnstile-br-cf7-2790093914\"> <style>#cf-turnstile-cf7-2790093914 { margin-left: -15px; }<\/style> <script>document.addEventListener(\"DOMContentLoaded\",function(){document.querySelectorAll('.wpcf7-form').forEach(function(e){e.addEventListener('submit',function(){if(document.getElementById('cf-turnstile-cf7-2790093914')){setTimeout(function(){turnstile.reset('#cf-turnstile-cf7-2790093914');},1000)}})})});<\/script> <\/div><br\/><input class=\"wpcf7-form-control wpcf7-submit has-spinner submit\" type=\"submit\" value=\"Send\" \/><span class=\"send_arrow\"><\/span>\n<\/p>\n<p>[cf7sr-recaptcha]\n<\/p><div class=\"wpcf7-response-output\" aria-hidden=\"true\"><\/div>\n<\/form>\n<\/div>\n\n\t<p>Herunder kan du bestille en vejledning i ops\u00e6tning af SMS i dit CAS bookingsystem.<\/p>\n\n<div class=\"wpcf7 no-js\" id=\"wpcf7-f13762-o2\" lang=\"en-GB\" dir=\"ltr\" data-wpcf7-id=\"13762\">\n<div class=\"screen-reader-response\"><p role=\"status\" aria-live=\"polite\" aria-atomic=\"true\"><\/p> <ul><\/ul><\/div>\n<form action=\"\/es\/wp-json\/wp\/v2\/pages\/16113#wpcf7-f13762-o2\" method=\"post\" class=\"wpcf7-form init\" aria-label=\"Formulario de contacto\" novalidate=\"novalidate\" data-status=\"init\">\n<fieldset class=\"hidden-fields-container\"><input type=\"hidden\" name=\"_wpcf7\" value=\"13762\" \/><input type=\"hidden\" name=\"_wpcf7_version\" value=\"6.1.5\" \/><input type=\"hidden\" name=\"_wpcf7_locale\" value=\"en_GB\" \/><input type=\"hidden\" name=\"_wpcf7_unit_tag\" value=\"wpcf7-f13762-o2\" \/><input type=\"hidden\" name=\"_wpcf7_container_post\" value=\"0\" \/><input type=\"hidden\" name=\"_wpcf7_posted_data_hash\" value=\"\" \/>\n<\/fieldset>\n<p><label><span class=\"wpcf7-form-control-wrap\" data-name=\"your-name\"><input size=\"40\" maxlength=\"400\" class=\"wpcf7-form-control wpcf7-text wpcf7-validates-as-required wpctf7-my-custom-class\" aria-required=\"true\" aria-invalid=\"false\" placeholder=\"Dit navn\" value=\"\" type=\"text\" name=\"your-name\" \/><\/span><\/label>\n<\/p>\n<p><span class=\"wpcf7-form-control-wrap\" data-name=\"email\"><input size=\"40\" maxlength=\"400\" class=\"wpcf7-form-control wpcf7-email wpcf7-validates-as-required wpcf7-text wpcf7-validates-as-email wpctf7-my-custom-class\" aria-required=\"true\" aria-invalid=\"false\" placeholder=\"E-mail*\" value=\"\" type=\"email\" name=\"email\" \/><\/span>\n<\/p>\n<p><div class=\"cf7-cf-turnstile\" style=\"margin-top: 0px; margin-bottom: -15px;\"> <div id=\"cf-turnstile-cf7-3883907969\" class=\"cf-turnstile\" data-sitekey=\"0x4AAAAAAB8YGArd9ML-HbMW\" data-theme=\"light\" data-language=\"auto\" data-size=\"normal\" data-retry=\"auto\" data-retry-interval=\"1000\" data-refresh-expired=\"auto\" data-action=\"contact-form-7\" data-appearance=\"always\"><\/div> <script>document.addEventListener(\"DOMContentLoaded\", function() { setTimeout(function(){ var e=document.getElementById(\"cf-turnstile-cf7-3883907969\"); e&&!e.innerHTML.trim()&&(turnstile.remove(\"#cf-turnstile-cf7-3883907969\"), turnstile.render(\"#cf-turnstile-cf7-3883907969\", {sitekey:\"0x4AAAAAAB8YGArd9ML-HbMW\"})); }, 100); });<\/script> <br class=\"cf-turnstile-br cf-turnstile-br-cf7-3883907969\"> <style>#cf-turnstile-cf7-3883907969 { margin-left: -15px; }<\/style> <script>document.addEventListener(\"DOMContentLoaded\",function(){document.querySelectorAll('.wpcf7-form').forEach(function(e){e.addEventListener('submit',function(){if(document.getElementById('cf-turnstile-cf7-3883907969')){setTimeout(function(){turnstile.reset('#cf-turnstile-cf7-3883907969');},1000)}})})});<\/script> <\/div><br\/><input class=\"wpcf7-form-control wpcf7-submit has-spinner\" type=\"submit\" value=\"Bestil vejledning\" \/>\n<\/p><div class=\"wpcf7-response-output\" aria-hidden=\"true\"><\/div>\n<\/form>\n<\/div>\n\n\n","protected":false},"excerpt":{"rendered":"<p>Integraci\u00f3n de SMS para DentaVision Integraci\u00f3n de CAS Booking System a SureSMS. SMS en CAS Booking System CAS Booking System ha creado una integraci\u00f3n llave en mano con SureSMS. Esto significa que puede obtener soporte SMS en su sistema de reservas CAS con s\u00f3lo unos clics. Varios clientes ya utilizan esta soluci\u00f3n, que ha sido probada y funciona perfectamente ... <a title=\"Integraci\u00f3n de SMS para DentaVision\" class=\"read-more\" href=\"https:\/\/suresms.com\/es\/integrationer\/booking-vikar-systemer\/sms-fra-dentavision\/\" aria-label=\"Leer m\u00e1s sobre Integraci\u00f3n de SMS para DentaVision\">M\u00e1s informaci\u00f3n<\/a><\/p>","protected":false},"author":1,"featured_media":0,"parent":13739,"menu_order":1,"comment_status":"closed","ping_status":"closed","template":"","meta":{"_fl_builder_enabled":"1","_fl_builder_data":null,"_fl_builder_draft":null,"_fl_builder_data_settings":null,"_fl_builder_css":"","_fl_builder_css_version":"","_fl_builder_js":"","footnotes":""},"class_list":["post-16113","page","type-page","status-publish"],"yoast_head":"<!-- This site is optimized with the Yoast SEO Premium plugin v27.3 (Yoast SEO v27.3) - https:\/\/yoast.com\/product\/yoast-seo-premium-wordpress\/ -->\r\n<title>SMS integration til DentaVision -<\/title>\r\n<meta name=\"description\" content=\"SMS integration til Denta Vision. SMS reminders til patienterne og bedre kommunikation. SureSMS og DentaVision i samarbejde.\" \/>\r\n<meta name=\"robots\" content=\"index, follow, max-snippet:-1, max-image-preview:large, max-video-preview:-1\" \/>\r\n<link rel=\"canonical\" href=\"https:\/\/suresms.com\/es\/integraciones\/sistemas-de-reserva-temporal\/mensaje-de-texto-de-dentavision\/\" \/>\r\n<meta property=\"og:locale\" content=\"es_ES\" \/>\r\n<meta property=\"og:type\" content=\"article\" \/>\r\n<meta property=\"og:title\" content=\"SMS integration til DentaVision\" \/>\r\n<meta property=\"og:description\" content=\"SMS integration til Denta Vision. SMS reminders til patienterne og bedre kommunikation. SureSMS og DentaVision i samarbejde.\" \/>\r\n<meta property=\"og:url\" content=\"https:\/\/suresms.com\/es\/integraciones\/sistemas-de-reserva-temporal\/mensaje-de-texto-de-dentavision\/\" \/>\r\n<meta property=\"article:publisher\" content=\"https:\/\/www.facebook.com\/p\/SureSMS-100044607956149\/\" \/>\r\n<meta property=\"article:modified_time\" content=\"2025-03-16T07:27:54+00:00\" \/>\r\n<meta property=\"og:image\" content=\"https:\/\/suresms.com\/wp-content\/uploads\/2021\/10\/CAS-bookingsystem-1.png\" \/>\r\n<meta name=\"twitter:card\" content=\"summary_large_image\" \/>\r\n<meta name=\"twitter:label1\" content=\"Tiempo de lectura\" \/>\n\t<meta name=\"twitter:data1\" content=\"4 minutos\" \/>\r\n<script type=\"application\/ld+json\" class=\"yoast-schema-graph\">{\"@context\":\"https:\\\/\\\/schema.org\",\"@graph\":[{\"@type\":\"WebPage\",\"@id\":\"https:\\\/\\\/suresms.com\\\/dk\\\/integrationer\\\/booking-vikar-systemer\\\/sms-fra-dentavision\\\/\",\"url\":\"https:\\\/\\\/suresms.com\\\/dk\\\/integrationer\\\/booking-vikar-systemer\\\/sms-fra-dentavision\\\/\",\"name\":\"SMS integration til DentaVision -\",\"isPartOf\":{\"@id\":\"https:\\\/\\\/suresms.com\\\/en\\\/#website\"},\"primaryImageOfPage\":{\"@id\":\"https:\\\/\\\/suresms.com\\\/dk\\\/integrationer\\\/booking-vikar-systemer\\\/sms-fra-dentavision\\\/#primaryimage\"},\"image\":{\"@id\":\"https:\\\/\\\/suresms.com\\\/dk\\\/integrationer\\\/booking-vikar-systemer\\\/sms-fra-dentavision\\\/#primaryimage\"},\"thumbnailUrl\":\"https:\\\/\\\/suresms.com\\\/wp-content\\\/uploads\\\/2021\\\/10\\\/CAS-bookingsystem-1.png\",\"datePublished\":\"2022-10-26T09:43:58+00:00\",\"dateModified\":\"2025-03-16T07:27:54+00:00\",\"description\":\"SMS integration til Denta Vision. SMS reminders til patienterne og bedre kommunikation. SureSMS og DentaVision i samarbejde.\",\"breadcrumb\":{\"@id\":\"https:\\\/\\\/suresms.com\\\/dk\\\/integrationer\\\/booking-vikar-systemer\\\/sms-fra-dentavision\\\/#breadcrumb\"},\"inLanguage\":\"es\",\"potentialAction\":[{\"@type\":\"ReadAction\",\"target\":[\"https:\\\/\\\/suresms.com\\\/dk\\\/integrationer\\\/booking-vikar-systemer\\\/sms-fra-dentavision\\\/\"]}]},{\"@type\":\"ImageObject\",\"inLanguage\":\"es\",\"@id\":\"https:\\\/\\\/suresms.com\\\/dk\\\/integrationer\\\/booking-vikar-systemer\\\/sms-fra-dentavision\\\/#primaryimage\",\"url\":\"https:\\\/\\\/suresms.com\\\/wp-content\\\/uploads\\\/2021\\\/10\\\/CAS-bookingsystem-1.png\",\"contentUrl\":\"https:\\\/\\\/suresms.com\\\/wp-content\\\/uploads\\\/2021\\\/10\\\/CAS-bookingsystem-1.png\"},{\"@type\":\"BreadcrumbList\",\"@id\":\"https:\\\/\\\/suresms.com\\\/dk\\\/integrationer\\\/booking-vikar-systemer\\\/sms-fra-dentavision\\\/#breadcrumb\",\"itemListElement\":[{\"@type\":\"ListItem\",\"position\":1,\"name\":\"Home\",\"item\":\"https:\\\/\\\/suresms.com\\\/dk\\\/\"},{\"@type\":\"ListItem\",\"position\":2,\"name\":\"Integrationer\",\"item\":\"https:\\\/\\\/suresms.com\\\/dk\\\/integrationer\\\/\"},{\"@type\":\"ListItem\",\"position\":3,\"name\":\"SMS integration til Booking- og vikar systemer\",\"item\":\"https:\\\/\\\/suresms.com\\\/dk\\\/integrationer\\\/booking-vikar-systemer\\\/\"},{\"@type\":\"ListItem\",\"position\":4,\"name\":\"SMS integration til DentaVision\"}]},{\"@type\":\"WebSite\",\"@id\":\"https:\\\/\\\/suresms.com\\\/en\\\/#website\",\"url\":\"https:\\\/\\\/suresms.com\\\/en\\\/\",\"name\":\"SureSMS\",\"description\":\"Professionel SMS Gateway\",\"publisher\":{\"@id\":\"https:\\\/\\\/suresms.com\\\/en\\\/#organization\"},\"potentialAction\":[{\"@type\":\"SearchAction\",\"target\":{\"@type\":\"EntryPoint\",\"urlTemplate\":\"https:\\\/\\\/suresms.com\\\/en\\\/?s={search_term_string}\"},\"query-input\":{\"@type\":\"PropertyValueSpecification\",\"valueRequired\":true,\"valueName\":\"search_term_string\"}}],\"inLanguage\":\"es\"},{\"@type\":\"Organization\",\"@id\":\"https:\\\/\\\/suresms.com\\\/en\\\/#organization\",\"name\":\"SureSMS\",\"url\":\"https:\\\/\\\/suresms.com\\\/en\\\/\",\"logo\":{\"@type\":\"ImageObject\",\"inLanguage\":\"es\",\"@id\":\"https:\\\/\\\/suresms.com\\\/en\\\/#\\\/schema\\\/logo\\\/image\\\/\",\"url\":\"https:\\\/\\\/suresms.com\\\/wp-content\\\/uploads\\\/2024\\\/11\\\/suresms-300x65-1.png\",\"contentUrl\":\"https:\\\/\\\/suresms.com\\\/wp-content\\\/uploads\\\/2024\\\/11\\\/suresms-300x65-1.png\",\"width\":300,\"height\":65,\"caption\":\"SureSMS\"},\"image\":{\"@id\":\"https:\\\/\\\/suresms.com\\\/en\\\/#\\\/schema\\\/logo\\\/image\\\/\"},\"sameAs\":[\"https:\\\/\\\/www.facebook.com\\\/p\\\/SureSMS-100044607956149\\\/\"]}]}<\/script>\r\n<!-- \/ Yoast SEO Premium plugin. -->","yoast_head_json":{"title":"Integraci\u00f3n de SMS para DentaVision - Integraci\u00f3n de SMS para DentaVision","description":"Integraci\u00f3n de SMS para Denta Vision. Recordatorios SMS para pacientes y mejor comunicaci\u00f3n. SureSMS y DentaVision en colaboraci\u00f3n.","robots":{"index":"index","follow":"follow","max-snippet":"max-snippet:-1","max-image-preview":"max-image-preview:large","max-video-preview":"max-video-preview:-1"},"canonical":"https:\/\/suresms.com\/es\/integraciones\/sistemas-de-reserva-temporal\/mensaje-de-texto-de-dentavision\/","og_locale":"es_ES","og_type":"article","og_title":"SMS integration til DentaVision","og_description":"SMS integration til Denta Vision. SMS reminders til patienterne og bedre kommunikation. SureSMS og DentaVision i samarbejde.","og_url":"https:\/\/suresms.com\/es\/integraciones\/sistemas-de-reserva-temporal\/mensaje-de-texto-de-dentavision\/","article_publisher":"https:\/\/www.facebook.com\/p\/SureSMS-100044607956149\/","article_modified_time":"2025-03-16T07:27:54+00:00","og_image":[{"url":"https:\/\/suresms.com\/wp-content\/uploads\/2021\/10\/CAS-bookingsystem-1.png","type":"","width":"","height":""}],"twitter_card":"summary_large_image","twitter_misc":{"Tiempo de lectura":"4 minutos"},"schema":{"@context":"https:\/\/schema.org","@graph":[{"@type":"WebPage","@id":"https:\/\/suresms.com\/dk\/integrationer\/booking-vikar-systemer\/sms-fra-dentavision\/","url":"https:\/\/suresms.com\/dk\/integrationer\/booking-vikar-systemer\/sms-fra-dentavision\/","name":"Integraci\u00f3n de SMS para DentaVision - Integraci\u00f3n de SMS para DentaVision","isPartOf":{"@id":"https:\/\/suresms.com\/en\/#website"},"primaryImageOfPage":{"@id":"https:\/\/suresms.com\/dk\/integrationer\/booking-vikar-systemer\/sms-fra-dentavision\/#primaryimage"},"image":{"@id":"https:\/\/suresms.com\/dk\/integrationer\/booking-vikar-systemer\/sms-fra-dentavision\/#primaryimage"},"thumbnailUrl":"https:\/\/suresms.com\/wp-content\/uploads\/2021\/10\/CAS-bookingsystem-1.png","datePublished":"2022-10-26T09:43:58+00:00","dateModified":"2025-03-16T07:27:54+00:00","description":"Integraci\u00f3n de SMS para Denta Vision. Recordatorios SMS para pacientes y mejor comunicaci\u00f3n. SureSMS y DentaVision en colaboraci\u00f3n.","breadcrumb":{"@id":"https:\/\/suresms.com\/dk\/integrationer\/booking-vikar-systemer\/sms-fra-dentavision\/#breadcrumb"},"inLanguage":"es","potentialAction":[{"@type":"ReadAction","target":["https:\/\/suresms.com\/dk\/integrationer\/booking-vikar-systemer\/sms-fra-dentavision\/"]}]},{"@type":"ImageObject","inLanguage":"es","@id":"https:\/\/suresms.com\/dk\/integrationer\/booking-vikar-systemer\/sms-fra-dentavision\/#primaryimage","url":"https:\/\/suresms.com\/wp-content\/uploads\/2021\/10\/CAS-bookingsystem-1.png","contentUrl":"https:\/\/suresms.com\/wp-content\/uploads\/2021\/10\/CAS-bookingsystem-1.png"},{"@type":"BreadcrumbList","@id":"https:\/\/suresms.com\/dk\/integrationer\/booking-vikar-systemer\/sms-fra-dentavision\/#breadcrumb","itemListElement":[{"@type":"ListItem","position":1,"name":"Home","item":"https:\/\/suresms.com\/dk\/"},{"@type":"ListItem","position":2,"name":"Integrationer","item":"https:\/\/suresms.com\/dk\/integrationer\/"},{"@type":"ListItem","position":3,"name":"SMS integration til Booking- og vikar systemer","item":"https:\/\/suresms.com\/dk\/integrationer\/booking-vikar-systemer\/"},{"@type":"ListItem","position":4,"name":"SMS integration til DentaVision"}]},{"@type":"WebSite","@id":"https:\/\/suresms.com\/en\/#website","url":"https:\/\/suresms.com\/en\/","name":"SureSMS","description":"Pasarela SMS profesional","publisher":{"@id":"https:\/\/suresms.com\/en\/#organization"},"potentialAction":[{"@type":"SearchAction","target":{"@type":"EntryPoint","urlTemplate":"https:\/\/suresms.com\/en\/?s={search_term_string}"},"query-input":{"@type":"PropertyValueSpecification","valueRequired":true,"valueName":"search_term_string"}}],"inLanguage":"es"},{"@type":"Organization","@id":"https:\/\/suresms.com\/en\/#organization","name":"SureSMS","url":"https:\/\/suresms.com\/en\/","logo":{"@type":"ImageObject","inLanguage":"es","@id":"https:\/\/suresms.com\/en\/#\/schema\/logo\/image\/","url":"https:\/\/suresms.com\/wp-content\/uploads\/2024\/11\/suresms-300x65-1.png","contentUrl":"https:\/\/suresms.com\/wp-content\/uploads\/2024\/11\/suresms-300x65-1.png","width":300,"height":65,"caption":"SureSMS"},"image":{"@id":"https:\/\/suresms.com\/en\/#\/schema\/logo\/image\/"},"sameAs":["https:\/\/www.facebook.com\/p\/SureSMS-100044607956149\/"]}]}},"_links":{"self":[{"href":"https:\/\/suresms.com\/es\/wp-json\/wp\/v2\/pages\/16113","targetHints":{"allow":["GET"]}}],"collection":[{"href":"https:\/\/suresms.com\/es\/wp-json\/wp\/v2\/pages"}],"about":[{"href":"https:\/\/suresms.com\/es\/wp-json\/wp\/v2\/types\/page"}],"author":[{"embeddable":true,"href":"https:\/\/suresms.com\/es\/wp-json\/wp\/v2\/users\/1"}],"replies":[{"embeddable":true,"href":"https:\/\/suresms.com\/es\/wp-json\/wp\/v2\/comments?post=16113"}],"version-history":[{"count":4,"href":"https:\/\/suresms.com\/es\/wp-json\/wp\/v2\/pages\/16113\/revisions"}],"predecessor-version":[{"id":22471,"href":"https:\/\/suresms.com\/es\/wp-json\/wp\/v2\/pages\/16113\/revisions\/22471"}],"up":[{"embeddable":true,"href":"https:\/\/suresms.com\/es\/wp-json\/wp\/v2\/pages\/13739"}],"wp:attachment":[{"href":"https:\/\/suresms.com\/es\/wp-json\/wp\/v2\/media?parent=16113"}],"curies":[{"name":"wp","href":"https:\/\/api.w.org\/{rel}","templated":true}]}}