{"id":15941,"date":"2022-09-05T16:47:14","date_gmt":"2022-09-05T14:47:14","guid":{"rendered":"https:\/\/www.suresms.com\/dk\/?page_id=15941"},"modified":"2026-03-25T15:49:14","modified_gmt":"2026-03-25T15:49:14","slug":"sistema-ideal-para-comprar-en-la-tienda","status":"publish","type":"page","link":"https:\/\/suresms.com\/es\/integrationer\/shop-systemer\/ideal-shop-shoppingsystem\/","title":{"rendered":"Integraci\u00f3n de SMS en ideal.shop"},"content":{"rendered":"<!-- Flexy Breadcrumb -->\r\n\t\t\t<div class=\"fbc fbc-page\">\r\n\r\n\t\t\t\t<!-- Breadcrumb wrapper -->\r\n\t\t\t\t<div class=\"fbc-wrap\">\r\n\r\n\t\t\t\t\t<!-- Ordered list-->\r\n\t\t\t\t\t<ol class=\"fbc-items\" itemscope itemtype=\"https:\/\/schema.org\/BreadcrumbList\">\r\n\t\t\t\t\t\t            <li itemprop=\"itemListElement\" itemscope itemtype=\"https:\/\/schema.org\/ListItem\">\r\n                <span itemprop=\"name\">\r\n                    <!-- Home Link -->\r\n                    <a itemprop=\"item\" href=\"https:\/\/suresms.com\/es\/\">\r\n                    \r\n                                                    <i class=\"fa fa-home\" aria-hidden=\"true\"><\/i>Inicio                    <\/a>\r\n                <\/span>\r\n                <meta itemprop=\"position\" content=\"1\" \/><!-- Meta Position-->\r\n             <\/li><li><span class=\"fbc-separator\">\/<\/span><\/li><li class=\"active\" itemprop=\"itemListElement\" itemscope itemtype=\"https:\/\/schema.org\/ListItem\"><span itemprop=\"name\" title=\"Integraci\u00f3n de SMS en ideal.shop\">Integraci\u00f3n de SMS en ideal.shop<\/span><meta itemprop=\"position\" content=\"2\" \/><\/li>\t\t\t\t\t<\/ol>\r\n\t\t\t\t\t<div class=\"clearfix\"><\/div>\r\n\t\t\t\t<\/div>\r\n\t\t\t<\/div>\r\n\t\t\t\n\t\t<h1><strong>Integraci\u00f3n de SMS en ideal.shop<\/strong><\/h1>\n<figure itemscope itemtype=\"https:\/\/schema.org\/ImageObject\">\n\t\t\t\t<img decoding=\"async\" src=\"https:\/\/suresms.com\/wp-content\/uploads\/2022\/09\/ideal.shop-suresms-1.png\" alt=\"ideal-shop-suresms\" height=\"200\" width=\"350\" title=\"tienda.ideal-suresms\" onerror=\"this.style.display='none'\" loading=\"lazy\" \/>\n\t<\/figure>\n\t<figure itemscope itemtype=\"https:\/\/schema.org\/ImageObject\">\n\t\t\t\t<img decoding=\"async\" src=\"https:\/\/suresms.com\/wp-content\/uploads\/2026\/03\/idealshop_logo_400x400-300x300.png\" alt=\"idealshop_logo_400x400\" height=\"300\" width=\"300\" title=\"idealshop_logo_400x400\" onerror=\"this.style.display='none'\" loading=\"lazy\" \/>\n\t<\/figure>\n\t\t<h3>SMS de ideal.shop<\/h3><p>SureSMS ha creado una integraci\u00f3n llave en mano para <a href=\"https:\/\/www.ideal.shop\/\">tienda.ideal<\/a>para que los nuevos clientes que consigas en tu tienda ideal.shop se transfieran autom\u00e1ticamente a tu cuenta de SureSMS. Desde SureSMS podr\u00e1s enviar SMS a tus clientes (aquellos que hayan aceptado SMS).<\/p>\n<p>Todas las fant\u00e1sticas funciones de SMS que tienes en SureSMS tambi\u00e9n funcionan con los clientes de tu tienda.ideal.<\/p>\n<p>El objetivo de ideal.shop es crear un sistema de tienda \u00fanica que pueda utilizar todo el mundo. F\u00e1cil de usar pero con muchas funciones.<\/p>\n<p>Los SMS de ideal.shop son ideales<\/p>\n\t<h3>Obtenga la aprobaci\u00f3n para enviar SMS a sus clientes<\/h3>\nAl configurar la integraci\u00f3n entre ideal.shop y SureSMS, es muy importante que sus clientes tengan la opci\u00f3n de suscribirse a los SMS. Sin \u201cpermiso\u201d no puede enviarles legalmente mensajes SMS.\nLos permisos se obtienen en el flujo de pago, donde tambi\u00e9n se pregunta si los clientes desean recibir boletines informativos.\nPor ley, los clientes deben poder darse de baja de las listas de SMS y correo electr\u00f3nico. Pueden hacerlo en SureSMS marcando la casilla al mismo tiempo que realizas el env\u00edo. Es incre\u00edblemente f\u00e1cil.\nUna vez que el cliente haya hecho esto, puede enviar SMS desde ideal.shop.\n\t<h3>Escucha de SMS<\/h3>\n<p>Una vez configurada y activada la integraci\u00f3n, se crea autom\u00e1ticamente un grupo en su cuenta de SureSMS llamado ideal.shop. Esta lista contiene todos los clientes de tu tienda que han aceptado recibir mensajes SMS.<\/p>\n<figure itemscope itemtype=\"https:\/\/schema.org\/ImageObject\">\n\t\t\t\t<img decoding=\"async\" src=\"https:\/\/suresms.com\/wp-content\/uploads\/2022\/09\/Screenshot-2022-09-05-170530-1.png\" alt=\"Captura de pantalla 2022-09-05 170530\" height=\"1315\" width=\"1968\" title=\"Captura de pantalla 2022-09-05 170530\" onerror=\"this.style.display='none'\" loading=\"lazy\" \/>\n\t<\/figure>\n\t<p>En SureSMS puedes ver el nombre, el correo electr\u00f3nico y el n\u00famero de tel\u00e9fono del destinatario. Tambi\u00e9n puedes utilizar nuestros otros m\u00e9todos para incluir destinatarios en tu lista de SMS. Por ejemplo, los usuarios se registran directamente en tu sitio web y no necesitan comprar nada para entrar en la lista.<\/p>\n\t<strong>Gu\u00eda de configuraci\u00f3n de pedidos<br \/>\n<\/strong>Obtenga una gu\u00eda detallada sobre c\u00f3mo configurarse con SureSMS\n\n<div class=\"wpcf7 no-js\" id=\"wpcf7-f13762-o1\" lang=\"en-GB\" dir=\"ltr\" data-wpcf7-id=\"13762\">\n<div class=\"screen-reader-response\"><p role=\"status\" aria-live=\"polite\" aria-atomic=\"true\"><\/p> <ul><\/ul><\/div>\n<form action=\"\/es\/wp-json\/wp\/v2\/pages\/15941#wpcf7-f13762-o1\" method=\"post\" class=\"wpcf7-form init\" aria-label=\"Formulario de contacto\" novalidate=\"novalidate\" data-status=\"init\" data-trp-original-action=\"\/es\/wp-json\/wp\/v2\/pages\/15941#wpcf7-f13762-o1\">\n<fieldset class=\"hidden-fields-container\"><input type=\"hidden\" name=\"_wpcf7\" value=\"13762\" \/><input type=\"hidden\" name=\"_wpcf7_version\" value=\"6.1.5\" \/><input type=\"hidden\" name=\"_wpcf7_locale\" value=\"en_GB\" \/><input type=\"hidden\" name=\"_wpcf7_unit_tag\" value=\"wpcf7-f13762-o1\" \/><input type=\"hidden\" name=\"_wpcf7_container_post\" value=\"0\" \/><input type=\"hidden\" name=\"_wpcf7_posted_data_hash\" value=\"\" \/>\n<\/fieldset>\n<p><label><span class=\"wpcf7-form-control-wrap\" data-name=\"your-name\"><input size=\"40\" maxlength=\"400\" class=\"wpcf7-form-control wpcf7-text wpcf7-validates-as-required wpctf7-my-custom-class\" aria-required=\"true\" aria-invalid=\"false\" placeholder=\"Su nombre\" value=\"\" type=\"text\" name=\"your-name\" \/><\/span><\/label>\n<\/p>\n<p><span class=\"wpcf7-form-control-wrap\" data-name=\"email\"><input size=\"40\" maxlength=\"400\" class=\"wpcf7-form-control wpcf7-email wpcf7-validates-as-required wpcf7-text wpcf7-validates-as-email wpctf7-my-custom-class\" aria-required=\"true\" aria-invalid=\"false\" placeholder=\"Correo electr\u00f3nico*.\" value=\"\" type=\"email\" name=\"email\" \/><\/span>\n<\/p>\n<p><div class=\"cf7-cf-turnstile\" style=\"margin-top: 0px; margin-bottom: -15px;\"> <div id=\"cf-turnstile-cf7-1518081282\" class=\"cf-turnstile\" data-sitekey=\"0x4AAAAAAB8YGArd9ML-HbMW\" data-theme=\"light\" data-language=\"auto\" data-size=\"normal\" data-retry=\"auto\" data-retry-interval=\"1000\" data-refresh-expired=\"auto\" data-action=\"contact-form-7\" data-appearance=\"always\"><\/div> <script>document.addEventListener(\"DOMContentLoaded\", function() { setTimeout(function(){ var e=document.getElementById(\"cf-turnstile-cf7-1518081282\"); e&&!e.innerHTML.trim()&&(turnstile.remove(\"#cf-turnstile-cf7-1518081282\"), turnstile.render(\"#cf-turnstile-cf7-1518081282\", {sitekey:\"0x4AAAAAAB8YGArd9ML-HbMW\"})); }, 100); });<\/script> <br class=\"cf-turnstile-br cf-turnstile-br-cf7-1518081282\"> <style>#cf-turnstile-cf7-1518081282 { margin-left: -15px; }<\/style> <script>document.addEventListener(\"DOMContentLoaded\",function(){document.querySelectorAll('.wpcf7-form').forEach(function(e){e.addEventListener('submit',function(){if(document.getElementById('cf-turnstile-cf7-1518081282')){setTimeout(function(){turnstile.reset('#cf-turnstile-cf7-1518081282');},1000)}})})});<\/script> <\/div><br\/><input class=\"wpcf7-form-control wpcf7-submit has-spinner\" type=\"submit\" value=\"Orientaci\u00f3n para pedidos\" \/>\n<\/p><div class=\"wpcf7-response-output\" aria-hidden=\"true\"><\/div>\n<input type=\"hidden\" name=\"trp-form-language\" value=\"es\"\/><\/form>\n<\/div>\n\n\t\t\t<a href=\"https:\/\/calendly.com\/gm--nzwp\/30min\"  target=\"_blank\" rel=\"noopener\">\n\t\t\t\t\t\t\tReservar una demostraci\u00f3n\n\t\t\t\t\t<\/a>\n\t<p>con Glen<\/p>","protected":false},"excerpt":{"rendered":"<p>Integraci\u00f3n de SMS para ideal.shop SMS desde ideal.shop SureSMS ha creado una integraci\u00f3n llave en mano para ideal.shop para que los nuevos clientes que consigas en tu ideal.shop se transfieran autom\u00e1ticamente a tu cuenta de SureSMS. Desde SureSMS puedes enviar mensajes SMS a tus clientes (aquellos que hayan aceptado SMS). Todas las fant\u00e1sticas funciones de SMS que tiene en SureSMS funcionan... <a title=\"Integraci\u00f3n de SMS en ideal.shop\" class=\"read-more\" href=\"https:\/\/suresms.com\/es\/integrationer\/shop-systemer\/ideal-shop-shoppingsystem\/\" aria-label=\"Leer m\u00e1s sobre Integraci\u00f3n de SMS en ideal.shop\">M\u00e1s informaci\u00f3n<\/a><\/p>","protected":false},"author":1,"featured_media":0,"parent":15935,"menu_order":1,"comment_status":"closed","ping_status":"closed","template":"","meta":{"_fl_builder_enabled":"1","_fl_builder_data":null,"_fl_builder_draft":null,"_fl_builder_data_settings":null,"_fl_builder_css":"","_fl_builder_css_version":"","_fl_builder_js":"","footnotes":""},"categories":[],"tags":[],"class_list":["post-15941","page","type-page","status-publish"],"yoast_head":"<!-- This site is optimized with the Yoast SEO Premium plugin v27.3 (Yoast SEO v27.3) - https:\/\/yoast.com\/product\/yoast-seo-premium-wordpress\/ -->\r\n<title>SMS integration til ideal.shop -<\/title>\r\n<meta name=\"description\" content=\"Dyb SMS integration til ideal.shop. F\u00e5 det meste ud af dine kontakter med direkte integration mellem ideal.shop og SureSMS.\" \/>\r\n<meta name=\"robots\" content=\"index, follow, max-snippet:-1, max-image-preview:large, max-video-preview:-1\" \/>\r\n<link rel=\"canonical\" href=\"https:\/\/suresms.com\/es\/integraciones\/sistemas-de-tienda\/sistema-ideal-para-comprar-en-la-tienda\/\" \/>\r\n<meta property=\"og:locale\" content=\"es_ES\" \/>\r\n<meta property=\"og:type\" content=\"article\" \/>\r\n<meta property=\"og:title\" content=\"SMS integration til ideal.shop\" \/>\r\n<meta property=\"og:description\" content=\"Dyb SMS integration til ideal.shop. F\u00e5 det meste ud af dine kontakter med direkte integration mellem ideal.shop og SureSMS.\" \/>\r\n<meta property=\"og:url\" content=\"https:\/\/suresms.com\/es\/integraciones\/sistemas-de-tienda\/sistema-ideal-para-comprar-en-la-tienda\/\" \/>\r\n<meta property=\"article:publisher\" content=\"https:\/\/www.facebook.com\/p\/SureSMS-100044607956149\/\" \/>\r\n<meta property=\"article:modified_time\" content=\"2026-03-25T15:49:14+00:00\" \/>\r\n<meta property=\"og:image\" content=\"https:\/\/suresms.com\/wp-content\/uploads\/2022\/09\/ideal.shop-suresms-1.png\" \/>\r\n<meta name=\"twitter:card\" content=\"summary_large_image\" \/>\r\n<meta name=\"twitter:label1\" content=\"Tiempo de lectura\" \/>\n\t<meta name=\"twitter:data1\" content=\"4 minutos\" \/>\r\n<script type=\"application\/ld+json\" class=\"yoast-schema-graph\">{\"@context\":\"https:\\\/\\\/schema.org\",\"@graph\":[{\"@type\":\"WebPage\",\"@id\":\"https:\\\/\\\/suresms.com\\\/integrationer\\\/shop-systemer\\\/ideal-shop-shoppingsystem\\\/\",\"url\":\"https:\\\/\\\/suresms.com\\\/integrationer\\\/shop-systemer\\\/ideal-shop-shoppingsystem\\\/\",\"name\":\"SMS integration til ideal.shop -\",\"isPartOf\":{\"@id\":\"https:\\\/\\\/suresms.com\\\/en\\\/#website\"},\"primaryImageOfPage\":{\"@id\":\"https:\\\/\\\/suresms.com\\\/integrationer\\\/shop-systemer\\\/ideal-shop-shoppingsystem\\\/#primaryimage\"},\"image\":{\"@id\":\"https:\\\/\\\/suresms.com\\\/integrationer\\\/shop-systemer\\\/ideal-shop-shoppingsystem\\\/#primaryimage\"},\"thumbnailUrl\":\"https:\\\/\\\/suresms.com\\\/wp-content\\\/uploads\\\/2022\\\/09\\\/ideal.shop-suresms-1.png\",\"datePublished\":\"2022-09-05T14:47:14+00:00\",\"dateModified\":\"2026-03-25T15:49:14+00:00\",\"description\":\"Dyb SMS integration til ideal.shop. F\u00e5 det meste ud af dine kontakter med direkte integration mellem ideal.shop og SureSMS.\",\"breadcrumb\":{\"@id\":\"https:\\\/\\\/suresms.com\\\/integrationer\\\/shop-systemer\\\/ideal-shop-shoppingsystem\\\/#breadcrumb\"},\"inLanguage\":\"es\",\"potentialAction\":[{\"@type\":\"ReadAction\",\"target\":[\"https:\\\/\\\/suresms.com\\\/integrationer\\\/shop-systemer\\\/ideal-shop-shoppingsystem\\\/\"]}]},{\"@type\":\"ImageObject\",\"inLanguage\":\"es\",\"@id\":\"https:\\\/\\\/suresms.com\\\/integrationer\\\/shop-systemer\\\/ideal-shop-shoppingsystem\\\/#primaryimage\",\"url\":\"https:\\\/\\\/suresms.com\\\/wp-content\\\/uploads\\\/2022\\\/09\\\/ideal.shop-suresms-1.png\",\"contentUrl\":\"https:\\\/\\\/suresms.com\\\/wp-content\\\/uploads\\\/2022\\\/09\\\/ideal.shop-suresms-1.png\"},{\"@type\":\"BreadcrumbList\",\"@id\":\"https:\\\/\\\/suresms.com\\\/integrationer\\\/shop-systemer\\\/ideal-shop-shoppingsystem\\\/#breadcrumb\",\"itemListElement\":[{\"@type\":\"ListItem\",\"position\":1,\"name\":\"Home\",\"item\":\"https:\\\/\\\/suresms.com\\\/dk\\\/\"},{\"@type\":\"ListItem\",\"position\":2,\"name\":\"Integrationer\",\"item\":\"https:\\\/\\\/suresms.com\\\/dk\\\/integrationer\\\/\"},{\"@type\":\"ListItem\",\"position\":3,\"name\":\"SMS integration til Shop systemer\",\"item\":\"https:\\\/\\\/suresms.com\\\/dk\\\/integrationer\\\/shop-systemer\\\/\"},{\"@type\":\"ListItem\",\"position\":4,\"name\":\"SMS integration til ideal.shop\"}]},{\"@type\":\"WebSite\",\"@id\":\"https:\\\/\\\/suresms.com\\\/en\\\/#website\",\"url\":\"https:\\\/\\\/suresms.com\\\/en\\\/\",\"name\":\"SureSMS\",\"description\":\"Professionel SMS Gateway\",\"publisher\":{\"@id\":\"https:\\\/\\\/suresms.com\\\/en\\\/#organization\"},\"potentialAction\":[{\"@type\":\"SearchAction\",\"target\":{\"@type\":\"EntryPoint\",\"urlTemplate\":\"https:\\\/\\\/suresms.com\\\/en\\\/?s={search_term_string}\"},\"query-input\":{\"@type\":\"PropertyValueSpecification\",\"valueRequired\":true,\"valueName\":\"search_term_string\"}}],\"inLanguage\":\"es\"},{\"@type\":\"Organization\",\"@id\":\"https:\\\/\\\/suresms.com\\\/en\\\/#organization\",\"name\":\"SureSMS\",\"url\":\"https:\\\/\\\/suresms.com\\\/en\\\/\",\"logo\":{\"@type\":\"ImageObject\",\"inLanguage\":\"es\",\"@id\":\"https:\\\/\\\/suresms.com\\\/en\\\/#\\\/schema\\\/logo\\\/image\\\/\",\"url\":\"https:\\\/\\\/suresms.com\\\/wp-content\\\/uploads\\\/2024\\\/11\\\/suresms-300x65-1.png\",\"contentUrl\":\"https:\\\/\\\/suresms.com\\\/wp-content\\\/uploads\\\/2024\\\/11\\\/suresms-300x65-1.png\",\"width\":300,\"height\":65,\"caption\":\"SureSMS\"},\"image\":{\"@id\":\"https:\\\/\\\/suresms.com\\\/en\\\/#\\\/schema\\\/logo\\\/image\\\/\"},\"sameAs\":[\"https:\\\/\\\/www.facebook.com\\\/p\\\/SureSMS-100044607956149\\\/\"]}]}<\/script>\r\n<!-- \/ Yoast SEO Premium plugin. -->","yoast_head_json":{"title":"Integraci\u00f3n de SMS en ideal.shop","description":"Integraci\u00f3n profunda de SMS para ideal.shop. Saca el m\u00e1ximo partido a tus contactos con la integraci\u00f3n directa entre ideal.shop y SureSMS.","robots":{"index":"index","follow":"follow","max-snippet":"max-snippet:-1","max-image-preview":"max-image-preview:large","max-video-preview":"max-video-preview:-1"},"canonical":"https:\/\/suresms.com\/es\/integraciones\/sistemas-de-tienda\/sistema-ideal-para-comprar-en-la-tienda\/","og_locale":"es_ES","og_type":"article","og_title":"SMS integration til ideal.shop","og_description":"Dyb SMS integration til ideal.shop. F\u00e5 det meste ud af dine kontakter med direkte integration mellem ideal.shop og SureSMS.","og_url":"https:\/\/suresms.com\/es\/integraciones\/sistemas-de-tienda\/sistema-ideal-para-comprar-en-la-tienda\/","article_publisher":"https:\/\/www.facebook.com\/p\/SureSMS-100044607956149\/","article_modified_time":"2026-03-25T15:49:14+00:00","og_image":[{"url":"https:\/\/suresms.com\/wp-content\/uploads\/2022\/09\/ideal.shop-suresms-1.png","type":"","width":"","height":""}],"twitter_card":"summary_large_image","twitter_misc":{"Tiempo de lectura":"4 minutos"},"schema":{"@context":"https:\/\/schema.org","@graph":[{"@type":"WebPage","@id":"https:\/\/suresms.com\/integrationer\/shop-systemer\/ideal-shop-shoppingsystem\/","url":"https:\/\/suresms.com\/integrationer\/shop-systemer\/ideal-shop-shoppingsystem\/","name":"Integraci\u00f3n de SMS en ideal.shop","isPartOf":{"@id":"https:\/\/suresms.com\/en\/#website"},"primaryImageOfPage":{"@id":"https:\/\/suresms.com\/integrationer\/shop-systemer\/ideal-shop-shoppingsystem\/#primaryimage"},"image":{"@id":"https:\/\/suresms.com\/integrationer\/shop-systemer\/ideal-shop-shoppingsystem\/#primaryimage"},"thumbnailUrl":"https:\/\/suresms.com\/wp-content\/uploads\/2022\/09\/ideal.shop-suresms-1.png","datePublished":"2022-09-05T14:47:14+00:00","dateModified":"2026-03-25T15:49:14+00:00","description":"Integraci\u00f3n profunda de SMS para ideal.shop. Saca el m\u00e1ximo partido a tus contactos con la integraci\u00f3n directa entre ideal.shop y SureSMS.","breadcrumb":{"@id":"https:\/\/suresms.com\/integrationer\/shop-systemer\/ideal-shop-shoppingsystem\/#breadcrumb"},"inLanguage":"es","potentialAction":[{"@type":"ReadAction","target":["https:\/\/suresms.com\/integrationer\/shop-systemer\/ideal-shop-shoppingsystem\/"]}]},{"@type":"ImageObject","inLanguage":"es","@id":"https:\/\/suresms.com\/integrationer\/shop-systemer\/ideal-shop-shoppingsystem\/#primaryimage","url":"https:\/\/suresms.com\/wp-content\/uploads\/2022\/09\/ideal.shop-suresms-1.png","contentUrl":"https:\/\/suresms.com\/wp-content\/uploads\/2022\/09\/ideal.shop-suresms-1.png"},{"@type":"BreadcrumbList","@id":"https:\/\/suresms.com\/integrationer\/shop-systemer\/ideal-shop-shoppingsystem\/#breadcrumb","itemListElement":[{"@type":"ListItem","position":1,"name":"Home","item":"https:\/\/suresms.com\/dk\/"},{"@type":"ListItem","position":2,"name":"Integrationer","item":"https:\/\/suresms.com\/dk\/integrationer\/"},{"@type":"ListItem","position":3,"name":"SMS integration til Shop systemer","item":"https:\/\/suresms.com\/dk\/integrationer\/shop-systemer\/"},{"@type":"ListItem","position":4,"name":"SMS integration til ideal.shop"}]},{"@type":"WebSite","@id":"https:\/\/suresms.com\/en\/#website","url":"https:\/\/suresms.com\/en\/","name":"SureSMS","description":"Pasarela SMS profesional","publisher":{"@id":"https:\/\/suresms.com\/en\/#organization"},"potentialAction":[{"@type":"SearchAction","target":{"@type":"EntryPoint","urlTemplate":"https:\/\/suresms.com\/en\/?s={search_term_string}"},"query-input":{"@type":"PropertyValueSpecification","valueRequired":true,"valueName":"search_term_string"}}],"inLanguage":"es"},{"@type":"Organization","@id":"https:\/\/suresms.com\/en\/#organization","name":"SureSMS","url":"https:\/\/suresms.com\/en\/","logo":{"@type":"ImageObject","inLanguage":"es","@id":"https:\/\/suresms.com\/en\/#\/schema\/logo\/image\/","url":"https:\/\/suresms.com\/wp-content\/uploads\/2024\/11\/suresms-300x65-1.png","contentUrl":"https:\/\/suresms.com\/wp-content\/uploads\/2024\/11\/suresms-300x65-1.png","width":300,"height":65,"caption":"SureSMS"},"image":{"@id":"https:\/\/suresms.com\/en\/#\/schema\/logo\/image\/"},"sameAs":["https:\/\/www.facebook.com\/p\/SureSMS-100044607956149\/"]}]}},"_links":{"self":[{"href":"https:\/\/suresms.com\/es\/wp-json\/wp\/v2\/pages\/15941","targetHints":{"allow":["GET"]}}],"collection":[{"href":"https:\/\/suresms.com\/es\/wp-json\/wp\/v2\/pages"}],"about":[{"href":"https:\/\/suresms.com\/es\/wp-json\/wp\/v2\/types\/page"}],"author":[{"embeddable":true,"href":"https:\/\/suresms.com\/es\/wp-json\/wp\/v2\/users\/1"}],"replies":[{"embeddable":true,"href":"https:\/\/suresms.com\/es\/wp-json\/wp\/v2\/comments?post=15941"}],"version-history":[{"count":10,"href":"https:\/\/suresms.com\/es\/wp-json\/wp\/v2\/pages\/15941\/revisions"}],"predecessor-version":[{"id":23859,"href":"https:\/\/suresms.com\/es\/wp-json\/wp\/v2\/pages\/15941\/revisions\/23859"}],"up":[{"embeddable":true,"href":"https:\/\/suresms.com\/es\/wp-json\/wp\/v2\/pages\/15935"}],"wp:attachment":[{"href":"https:\/\/suresms.com\/es\/wp-json\/wp\/v2\/media?parent=15941"}],"wp:term":[{"taxonomy":"category","embeddable":true,"href":"https:\/\/suresms.com\/es\/wp-json\/wp\/v2\/categories?post=15941"},{"taxonomy":"post_tag","embeddable":true,"href":"https:\/\/suresms.com\/es\/wp-json\/wp\/v2\/tags?post=15941"}],"curies":[{"name":"wp","href":"https:\/\/api.w.org\/{rel}","templated":true}]}}