{"id":15935,"date":"2022-09-05T16:38:58","date_gmt":"2022-09-05T14:38:58","guid":{"rendered":"https:\/\/www.suresms.com\/dk\/?page_id=15935"},"modified":"2025-03-16T07:30:42","modified_gmt":"2025-03-16T07:30:42","slug":"sistemas-de-tienda","status":"publish","type":"page","link":"https:\/\/suresms.com\/es\/integrationer\/shop-systemer\/","title":{"rendered":"Integraci\u00f3n de SMS en los sistemas de la tienda"},"content":{"rendered":"\n\n\t\t\t\t<!-- Flexy Breadcrumb -->\r\n\t\t\t<div class=\"fbc fbc-page\">\r\n\r\n\t\t\t\t<!-- Breadcrumb wrapper -->\r\n\t\t\t\t<div class=\"fbc-wrap\">\r\n\r\n\t\t\t\t\t<!-- Ordered list-->\r\n\t\t\t\t\t<ol class=\"fbc-items\" itemscope itemtype=\"https:\/\/schema.org\/BreadcrumbList\">\r\n\t\t\t\t\t\t            <li itemprop=\"itemListElement\" itemscope itemtype=\"https:\/\/schema.org\/ListItem\">\r\n                <span itemprop=\"name\">\r\n                    <!-- Home Link -->\r\n                    <a itemprop=\"item\" href=\"https:\/\/suresms.com\">\r\n                    \r\n                                                    <i class=\"fa fa-home\" aria-hidden=\"true\"><\/i>Home                    <\/a>\r\n                <\/span>\r\n                <meta itemprop=\"position\" content=\"1\" \/><!-- Meta Position-->\r\n             <\/li><li><span class=\"fbc-separator\">\/<\/span><\/li><li class=\"active\" itemprop=\"itemListElement\" itemscope itemtype=\"https:\/\/schema.org\/ListItem\"><span itemprop=\"name\" title=\"SMS integration til Shop systemer\">SMS integration til Shop...<\/span><meta itemprop=\"position\" content=\"2\" \/><\/li>\t\t\t\t\t<\/ol>\r\n\t\t\t\t\t<div class=\"clearfix\"><\/div>\r\n\t\t\t\t<\/div>\r\n\t\t\t<\/div>\r\n\t\t\t\n\t\t<h1><strong>SMS integration til Shop systemer<\/strong><\/h1>\n\t<h3>Med SMS integration til dit shop system har du mulighed for at sende nyhedsbreve ud til dine kunder.<br \/>\u00c5bningsrater p\u00e5 98% g\u00f8r det til en meget effektiv kanal.<\/h3>\n\t\t<h3>SMS til shop systemer<\/h3><p>Der findes mange forskellige varianter af shop og <a href=\"https:\/\/suresms.com\/dk\/integrationer\/marketing-automation\/\">automationsystemer<\/a>. N\u00e5r du som shop-ejer skal s\u00e6tte dine systemer op skal du afg\u00f8re med dig selv, hvor stopper shop-systemet og hvor tager automationssystemet over. Nogle shop-systemer har helt fravalgt at underst\u00f8tte e-mail automation, andre har en meget veludbygget motor. Siden du l\u00e6ser dette overvejer du ogs\u00e5 at integrere SMS i din markedsf\u00f8ring og her g\u00e6lder de samme overvejelser.<\/p>\n<p>Bruger du f.eks. et Shopify og ActiveCampaign sammen, kan det v\u00e6re en ide at kigge p\u00e5 <a href=\"https:\/\/suresms.com\/dk\/integrationer\/marketing-automation\/activecampaign\/\">SureSMS ActiveCampaign <\/a>integrationen. Hvis du har besluttet dig for at sende SMS til dine kunder kan du ogs\u00e5 f\u00e5 udbytte af at bruge de integrationer vi har lavet til forskellige Shop systemer.<\/p>\n<p>N\u00e5r integrationen er sat op s\u00f8rger SureSMS for kontinuert at hente alle nye kunder fra din shop ind i de rigtige lister i SureSMS. Det betyder at n\u00e5r du skal sende en kampagne SMS til dine kunder, g\u00f8r du det fra SureSMS. I SureSMS h\u00e5ndteres ogs\u00e5, helt automatisk, afmelding til listerne.<\/p>\n\t\t<h3>Hvilke shop-underst\u00f8tter alternative SMS gateway<\/h3><p>Nogle f\u00e5 Shop-systemer vi er st\u00f8dt p\u00e5, har indbygget mulighed for SMS. Det er klart det nemmeste.<\/p>\n<p>Hvis dit shop-system har en liste af SMS gateways, men SureSMS ikke st\u00e5r p\u00e5 listen, s\u00e5 vil vi rigtig gerne have en <a href=\"mailto:support@suresms.com\">mail fra dig<\/a>. Det betyder nemlig at dit shop-system underst\u00f8tter flere SMS gateways og s\u00e5 er det sandsynligt at de ogs\u00e5 vil lave et samarbejde med os. Hvis vi kontakter dem sammen plejer de at v\u00e6re lydh\u00f8r og hj\u00e6lpe med at lave en integration.<\/p>\n<p>Her til h\u00f8jre p\u00e5 siden kan du se en liste over de systemer vi allerede integrerer til. Hvis ikke dit system findes p\u00e5 listen s\u00e5 send os en mail via ovenst\u00e5ende link.<\/p>\n\t\t\t\t<img loading=\"lazy\" decoding=\"async\" src=\"https:\/\/suresms.com\/wp-content\/uploads\/2021\/10\/mail2sms-1.png\" alt=\"mail2sms\" itemprop=\"image\" height=\"640\" width=\"800\" title=\"mail2sms\" onerror=\"this.style.display='none'\"  \/>\n\t\t<h3>Hvad skal du v\u00e6re opm\u00e6rksom p\u00e5 n\u00e5r du sender SMS?<\/h3><p>N\u00e5r du sender SMS fra dit shop-system kan prisen p\u00e5 SMS&#8217;er faktisk v\u00e6re afg\u00f8rende for, hvilket shop-system du skal v\u00e6lge. Hvis prisen f.eks. er 1 krone kan det hurtigt blive dyrt at sende et godt tilbud til alle dine kunder og det kan vise sig at v\u00e6re en d\u00e5rlig forretning. Derfor kan det, selvom shop-systemet har indbygget SMS funktionalitet, godt betale sig at kigge p\u00e5 alternativer.<\/p>\n<p>Udover <strong>prisen<\/strong> er der ogs\u00e5 en r\u00e6kke funktioner du skal v\u00e6re opm\u00e6rksomme p\u00e5.<\/p>\n<h4>Vedh\u00e6ftet filer<\/h4>\n<p>N\u00e5r du sender en SMS ud med et godt tilbud, en kampagne eller nye varer, s\u00e5 har du mulighed for at vedh\u00e6fte filer. Vi ser at mange kunder har meget gode erfaringer med at sende f.eks. videoer ud i SMS beskederne. Her kan varen pr\u00e6senteres elegant og fyldest g\u00f8rende. Det kan ogs\u00e5 v\u00e6re en PDF fil med priser, hvis det du s\u00e6lger har s\u00e6sonpriser eller tilsvarende. Der er mange muligheder med vedh\u00e6ftet filer.<\/p>\n<h4>Markering af &#8220;d\u00e5rlige&#8221; numre<\/h4>\n<p>Vi skifter ind i mellem telefonnummer. Nyt job eller en nyere model med tilskud. Men, ikke mange mennesker t\u00e6nker p\u00e5 at fort\u00e6lle din online shop at de har f\u00e5et nyt nummer. Det betyder at nogle af de numre du har ikke l\u00e6ngere er gyldige. SureSMS har en l\u00f8sning hvor vi fjerner ugyldige numre. Det sparer dig for at betale for SMS&#8217;er sendt til numre der ikke l\u00e6ngere eksistere.<\/p>\n<h4>MobilePay integration<\/h4>\n<p>Med vores MobilePay integration f\u00e5r du helt nye og unikke muligheder for at s\u00e6lge dine varer\/services via SMS. Sender du f.eks. en video med et godt vin-tilbud som beskrevet ovenfor, s\u00e5 kan du i samme SMS lave et mobilepay link som modtageren trykker p\u00e5, swiper og s\u00e5 har de k\u00f8bt. Det fjerner stort set alle bariere for k\u00f8bet.<\/p>\n<p>&nbsp;<\/p>\n<p>&nbsp;<\/p>\n\t\n<div class=\"wpcf7 no-js\" id=\"wpcf7-f3509-o1\" lang=\"en-US\" dir=\"ltr\" data-wpcf7-id=\"3509\">\n<div class=\"screen-reader-response\"><p role=\"status\" aria-live=\"polite\" aria-atomic=\"true\"><\/p> <ul><\/ul><\/div>\n<form action=\"\/es\/wp-json\/wp\/v2\/pages\/15935#wpcf7-f3509-o1\" method=\"post\" class=\"wpcf7-form init\" aria-label=\"Contact form\" novalidate=\"novalidate\" data-status=\"init\">\n<fieldset class=\"hidden-fields-container\"><input type=\"hidden\" name=\"_wpcf7\" value=\"3509\" \/><input type=\"hidden\" name=\"_wpcf7_version\" value=\"6.1.5\" \/><input type=\"hidden\" name=\"_wpcf7_locale\" value=\"en_US\" \/><input type=\"hidden\" name=\"_wpcf7_unit_tag\" value=\"wpcf7-f3509-o1\" \/><input type=\"hidden\" name=\"_wpcf7_container_post\" value=\"0\" \/><input type=\"hidden\" name=\"_wpcf7_posted_data_hash\" value=\"\" \/>\n<\/fieldset>\n<p>Bestil en gratis test-konto nu!!\n<\/p>\n<p><span class=\"wpcf7-form-control-wrap\" data-name=\"your-name\"><input size=\"40\" maxlength=\"400\" class=\"wpcf7-form-control wpcf7-text wpcf7-validates-as-required\" aria-required=\"true\" aria-invalid=\"false\" placeholder=\"Firmanavn*\" value=\"\" type=\"text\" name=\"your-name\" \/><\/span>\n<\/p>\n<p><span class=\"wpcf7-form-control-wrap\" data-name=\"dit-navn\"><input size=\"40\" maxlength=\"400\" class=\"wpcf7-form-control wpcf7-text wpcf7-validates-as-required\" aria-required=\"true\" aria-invalid=\"false\" placeholder=\"Dit navn*\" value=\"\" type=\"text\" name=\"dit-navn\" \/><\/span>\n<\/p>\n<p><span class=\"wpcf7-form-control-wrap\" data-name=\"emailaddress\"><input size=\"40\" maxlength=\"400\" class=\"wpcf7-form-control wpcf7-email wpcf7-validates-as-required wpcf7-text wpcf7-validates-as-email\" aria-required=\"true\" aria-invalid=\"false\" placeholder=\"E-mail*\" value=\"\" type=\"email\" name=\"emailaddress\" \/><\/span>\n<\/p>\n<div style=\"display:flex;\">\n\t<p><span class=\"wpcf7-form-control-wrap\" data-name=\"CountryCode\"><select class=\"wpcf7-form-control wpcf7-select wpcf7-validates-as-required\" aria-required=\"true\" aria-invalid=\"false\" name=\"CountryCode\"><option value=\"DK (+45)\">DK (+45)<\/option><option value=\"SE (+46)\">SE (+46)<\/option><option value=\"NO (+47)\">NO (+47)<\/option><option value=\"DE (+49)\">DE (+49)<\/option><option value=\"KN (+299)\">KN (+299)<\/option><option value=\"FO (+298)\">FO (+298)<\/option><\/select><\/span> &nbsp;&nbsp; <span class=\"wpcf7-form-control-wrap\" data-name=\"Phonenumber\"><input size=\"14\" maxlength=\"400\" class=\"wpcf7-form-control wpcf7-tel wpcf7-validates-as-required wpcf7-text wpcf7-validates-as-tel\" aria-required=\"true\" aria-invalid=\"false\" placeholder=\"Mobil nummer*\" value=\"\" type=\"tel\" name=\"Phonenumber\" \/><\/span>\n\t<\/p>\n<\/div>\n<p>Password sendes med SMS til dette nummer.\n<\/p>\n<p> Anvendelse:&nbsp;&nbsp;&nbsp;&nbsp;&nbsp;&nbsp;&nbsp;&nbsp;&nbsp;&nbsp; <span class=\"wpcf7-form-control-wrap\" data-name=\"Anvendelse\"><select class=\"wpcf7-form-control wpcf7-select wpcf7-validates-as-required\" id=\"Anvendelse\" aria-required=\"true\" aria-invalid=\"false\" name=\"Anvendelse\"><option value=\"\">&#8212;Please choose an option&#8212;<\/option><option value=\"Forening\">Forening<\/option><option value=\"Virksomhed\">Virksomhed<\/option><option value=\"Myndighed\">Myndighed<\/option><option value=\"Andet\">Andet<\/option><\/select><\/span>\n<\/p>\n<p><span class=\"wpcf7-form-control-wrap\" data-name=\"api\"><span class=\"wpcf7-form-control wpcf7-checkbox\"><span class=\"wpcf7-list-item first last\"><label><input type=\"checkbox\" name=\"api[]\" value=\"Jeg er softwareudvikler\" \/><span class=\"wpcf7-list-item-label\">Jeg er softwareudvikler<\/span><\/label><\/span><\/span><\/span>\n<\/p>\n<input class=\"wpcf7-form-control wpcf7-hidden\" value=\"\" type=\"hidden\" name=\"text\" \/>\n<p><div class=\"cf7-cf-turnstile\" style=\"margin-top: 0px; margin-bottom: -15px;\"> <div id=\"cf-turnstile-cf7-633855835\" class=\"cf-turnstile\" data-sitekey=\"0x4AAAAAAB8YGArd9ML-HbMW\" data-theme=\"light\" data-language=\"auto\" data-size=\"normal\" data-retry=\"auto\" data-retry-interval=\"1000\" data-refresh-expired=\"auto\" data-action=\"contact-form-7\" data-appearance=\"always\"><\/div> <script>document.addEventListener(\"DOMContentLoaded\", function() { setTimeout(function(){ var e=document.getElementById(\"cf-turnstile-cf7-633855835\"); e&&!e.innerHTML.trim()&&(turnstile.remove(\"#cf-turnstile-cf7-633855835\"), turnstile.render(\"#cf-turnstile-cf7-633855835\", {sitekey:\"0x4AAAAAAB8YGArd9ML-HbMW\"})); }, 100); });<\/script> <br class=\"cf-turnstile-br cf-turnstile-br-cf7-633855835\"> <style>#cf-turnstile-cf7-633855835 { margin-left: -15px; }<\/style> <script>document.addEventListener(\"DOMContentLoaded\",function(){document.querySelectorAll('.wpcf7-form').forEach(function(e){e.addEventListener('submit',function(){if(document.getElementById('cf-turnstile-cf7-633855835')){setTimeout(function(){turnstile.reset('#cf-turnstile-cf7-633855835');},1000)}})})});<\/script> <\/div><br\/><input class=\"wpcf7-form-control wpcf7-submit has-spinner submit\" type=\"submit\" value=\"Send\" \/><span class=\"send_arrow\"><\/span>\n<\/p>\n<p>[cf7sr-recaptcha]\n<\/p><div class=\"wpcf7-response-output\" aria-hidden=\"true\"><\/div>\n<\/form>\n<\/div>\n\n\t<p>Herunder kan du se nogle af de integrationer der allerede findes mellem SureSMS og Shop systemer.<\/p>\n\t\t\t\t<a href=\"https:\/\/suresms.com\/dk\/integrationer\/shop-systemer\/shopify-sms\/\"  target=\"_self\" itemprop=\"url\">\n\t\t\t\t<img loading=\"lazy\" decoding=\"async\" src=\"https:\/\/suresms.com\/wp-content\/uploads\/2023\/05\/Shopify-SureSMS-Integration-1-1.png\" alt=\"ShopifySMS - SureSMS integration\" itemprop=\"image\" height=\"179\" width=\"387\" title=\"Shopify- SureSMS-Integration-1\" onerror=\"this.style.display='none'\"  \/>\n\t\t\t\t<\/a>\n<h3><a href=\"https:\/\/suresms.com\/dk\/integrationer\/shop-systemer\/shopify-sms\/\" target=\"_self\">Shopify<\/a><\/h3><p>Shopify er en popul\u00e6r e-handelsplatform, der giver virksomheder mulighed for at oprette og administrere deres egne onlinebutikker. Med brugervenlighed, tilpassede designmuligheder og en r\u00e6kke integrerede v\u00e6rkt\u00f8jer tillader Shopify virksomheder at opbygge og skalere deres online forretninger effektivt.<\/p>\n\t\t\t\t<a href=\"https:\/\/suresms.com\/dk\/integrationer\/shop-systemer\/ideal-shop-shoppingsystem\/\"  target=\"_self\" itemprop=\"url\">\n\t\t\t\t<img loading=\"lazy\" decoding=\"async\" src=\"https:\/\/suresms.com\/wp-content\/uploads\/2022\/09\/ideal.shop-suresms-1.png\" alt=\"ideal-shop-suresms\" itemprop=\"image\" height=\"200\" width=\"350\" title=\"ideal.shop-suresms\" onerror=\"this.style.display='none'\"  \/>\n\t\t\t\t<\/a>\n<h3><a href=\"https:\/\/suresms.com\/dk\/integrationer\/shop-systemer\/ideal-shop-shoppingsystem\/\" target=\"_self\">ideal.shop<\/a><\/h3><p>M\u00e5let med ideal.shop er at udbyde en komplet og moderne webshopl\u00f8sning, der kan bruges af alle, uden at g\u00e5 p\u00e5 kompromis med skal\u00e9rbarheden og v\u00e6kstpotentialet.<\/p>\n\n","protected":false},"excerpt":{"rendered":"<p>Integraci\u00f3n de SMS para sistemas de tiendas Con la integraci\u00f3n de SMS para su sistema de tiendas tiene la oportunidad de enviar boletines informativos a sus clientes, las tasas de apertura de 98% lo convierten en un canal muy eficaz. SMS para sistemas de tienda Hay muchos tipos diferentes de sistemas de tienda y automatizaci\u00f3n. Como propietario de una tienda, al configurar sus sistemas, necesita ... <a title=\"Integraci\u00f3n de SMS en los sistemas de la tienda\" class=\"read-more\" href=\"https:\/\/suresms.com\/es\/integrationer\/shop-systemer\/\" aria-label=\"Leer m\u00e1s sobre Integraci\u00f3n de SMS para sistemas de tiendas\">M\u00e1s informaci\u00f3n<\/a><\/p>","protected":false},"author":1,"featured_media":0,"parent":9400,"menu_order":1,"comment_status":"closed","ping_status":"closed","template":"","meta":{"_fl_builder_enabled":"1","_fl_builder_data":null,"_fl_builder_draft":null,"_fl_builder_data_settings":null,"_fl_builder_css":"","_fl_builder_css_version":"","_fl_builder_js":"","footnotes":""},"class_list":["post-15935","page","type-page","status-publish"],"yoast_head":"<!-- This site is optimized with the Yoast SEO Premium plugin v27.3 (Yoast SEO v27.3) - https:\/\/yoast.com\/product\/yoast-seo-premium-wordpress\/ -->\r\n<title>SMS integration til Shop systemer - SMS integrationer til 2000+ systemer<\/title>\r\n<meta name=\"description\" content=\"SMS integrationer med 2000+ systemer. Mange forskellige muligheder og gratis ops\u00e6tning. API, webservice, JSON og meget mere\" \/>\r\n<meta name=\"robots\" content=\"index, follow, max-snippet:-1, max-image-preview:large, max-video-preview:-1\" \/>\r\n<link rel=\"canonical\" href=\"https:\/\/suresms.com\/es\/integraciones\/sistemas-de-tienda\/\" \/>\r\n<meta property=\"og:locale\" content=\"es_ES\" \/>\r\n<meta property=\"og:type\" content=\"article\" \/>\r\n<meta property=\"og:title\" content=\"SMS integration til Shop systemer\" \/>\r\n<meta property=\"og:description\" content=\"SMS integrationer med 2000+ systemer. Mange forskellige muligheder og gratis ops\u00e6tning. API, webservice, JSON og meget mere\" \/>\r\n<meta property=\"og:url\" content=\"https:\/\/suresms.com\/es\/integraciones\/sistemas-de-tienda\/\" \/>\r\n<meta property=\"article:publisher\" content=\"https:\/\/www.facebook.com\/p\/SureSMS-100044607956149\/\" \/>\r\n<meta property=\"article:modified_time\" content=\"2025-03-16T07:30:42+00:00\" \/>\r\n<meta property=\"og:image\" content=\"https:\/\/suresms.com\/wp-content\/uploads\/2021\/10\/mail2sms-1.png\" \/>\r\n<meta name=\"twitter:card\" content=\"summary_large_image\" \/>\r\n<meta name=\"twitter:label1\" content=\"Tiempo de lectura\" \/>\n\t<meta name=\"twitter:data1\" content=\"6 minutos\" \/>\r\n<script type=\"application\/ld+json\" class=\"yoast-schema-graph\">{\"@context\":\"https:\\\/\\\/schema.org\",\"@graph\":[{\"@type\":\"WebPage\",\"@id\":\"https:\\\/\\\/suresms.com\\\/dk\\\/integrationer\\\/shop-systemer\\\/\",\"url\":\"https:\\\/\\\/suresms.com\\\/dk\\\/integrationer\\\/shop-systemer\\\/\",\"name\":\"SMS integration til Shop systemer - SMS integrationer til 2000+ systemer\",\"isPartOf\":{\"@id\":\"https:\\\/\\\/suresms.com\\\/en\\\/#website\"},\"primaryImageOfPage\":{\"@id\":\"https:\\\/\\\/suresms.com\\\/dk\\\/integrationer\\\/shop-systemer\\\/#primaryimage\"},\"image\":{\"@id\":\"https:\\\/\\\/suresms.com\\\/dk\\\/integrationer\\\/shop-systemer\\\/#primaryimage\"},\"thumbnailUrl\":\"https:\\\/\\\/suresms.com\\\/wp-content\\\/uploads\\\/2021\\\/10\\\/mail2sms-1.png\",\"datePublished\":\"2022-09-05T14:38:58+00:00\",\"dateModified\":\"2025-03-16T07:30:42+00:00\",\"description\":\"SMS integrationer med 2000+ systemer. Mange forskellige muligheder og gratis ops\u00e6tning. API, webservice, JSON og meget mere\",\"breadcrumb\":{\"@id\":\"https:\\\/\\\/suresms.com\\\/dk\\\/integrationer\\\/shop-systemer\\\/#breadcrumb\"},\"inLanguage\":\"es\",\"potentialAction\":[{\"@type\":\"ReadAction\",\"target\":[\"https:\\\/\\\/suresms.com\\\/dk\\\/integrationer\\\/shop-systemer\\\/\"]}]},{\"@type\":\"ImageObject\",\"inLanguage\":\"es\",\"@id\":\"https:\\\/\\\/suresms.com\\\/dk\\\/integrationer\\\/shop-systemer\\\/#primaryimage\",\"url\":\"https:\\\/\\\/suresms.com\\\/wp-content\\\/uploads\\\/2021\\\/10\\\/mail2sms-1.png\",\"contentUrl\":\"https:\\\/\\\/suresms.com\\\/wp-content\\\/uploads\\\/2021\\\/10\\\/mail2sms-1.png\"},{\"@type\":\"BreadcrumbList\",\"@id\":\"https:\\\/\\\/suresms.com\\\/dk\\\/integrationer\\\/shop-systemer\\\/#breadcrumb\",\"itemListElement\":[{\"@type\":\"ListItem\",\"position\":1,\"name\":\"Home\",\"item\":\"https:\\\/\\\/suresms.com\\\/dk\\\/\"},{\"@type\":\"ListItem\",\"position\":2,\"name\":\"Integrationer\",\"item\":\"https:\\\/\\\/suresms.com\\\/dk\\\/integrationer\\\/\"},{\"@type\":\"ListItem\",\"position\":3,\"name\":\"SMS integration til Shop systemer\"}]},{\"@type\":\"WebSite\",\"@id\":\"https:\\\/\\\/suresms.com\\\/en\\\/#website\",\"url\":\"https:\\\/\\\/suresms.com\\\/en\\\/\",\"name\":\"SureSMS\",\"description\":\"Professionel SMS Gateway\",\"publisher\":{\"@id\":\"https:\\\/\\\/suresms.com\\\/en\\\/#organization\"},\"potentialAction\":[{\"@type\":\"SearchAction\",\"target\":{\"@type\":\"EntryPoint\",\"urlTemplate\":\"https:\\\/\\\/suresms.com\\\/en\\\/?s={search_term_string}\"},\"query-input\":{\"@type\":\"PropertyValueSpecification\",\"valueRequired\":true,\"valueName\":\"search_term_string\"}}],\"inLanguage\":\"es\"},{\"@type\":\"Organization\",\"@id\":\"https:\\\/\\\/suresms.com\\\/en\\\/#organization\",\"name\":\"SureSMS\",\"url\":\"https:\\\/\\\/suresms.com\\\/en\\\/\",\"logo\":{\"@type\":\"ImageObject\",\"inLanguage\":\"es\",\"@id\":\"https:\\\/\\\/suresms.com\\\/en\\\/#\\\/schema\\\/logo\\\/image\\\/\",\"url\":\"https:\\\/\\\/suresms.com\\\/wp-content\\\/uploads\\\/2024\\\/11\\\/suresms-300x65-1.png\",\"contentUrl\":\"https:\\\/\\\/suresms.com\\\/wp-content\\\/uploads\\\/2024\\\/11\\\/suresms-300x65-1.png\",\"width\":300,\"height\":65,\"caption\":\"SureSMS\"},\"image\":{\"@id\":\"https:\\\/\\\/suresms.com\\\/en\\\/#\\\/schema\\\/logo\\\/image\\\/\"},\"sameAs\":[\"https:\\\/\\\/www.facebook.com\\\/p\\\/SureSMS-100044607956149\\\/\"]}]}<\/script>\r\n<!-- \/ Yoast SEO Premium plugin. -->","yoast_head_json":{"title":"Integraci\u00f3n de SMS para sistemas Shop - Integraciones de SMS para m\u00e1s de 2000 sistemas","description":"Integraci\u00f3n de SMS con m\u00e1s de 2000 sistemas. Muchas opciones diferentes y configuraci\u00f3n gratuita. API, servicio web, JSON y mucho m\u00e1s.","robots":{"index":"index","follow":"follow","max-snippet":"max-snippet:-1","max-image-preview":"max-image-preview:large","max-video-preview":"max-video-preview:-1"},"canonical":"https:\/\/suresms.com\/es\/integraciones\/sistemas-de-tienda\/","og_locale":"es_ES","og_type":"article","og_title":"SMS integration til Shop systemer","og_description":"SMS integrationer med 2000+ systemer. Mange forskellige muligheder og gratis ops\u00e6tning. API, webservice, JSON og meget mere","og_url":"https:\/\/suresms.com\/es\/integraciones\/sistemas-de-tienda\/","article_publisher":"https:\/\/www.facebook.com\/p\/SureSMS-100044607956149\/","article_modified_time":"2025-03-16T07:30:42+00:00","og_image":[{"url":"https:\/\/suresms.com\/wp-content\/uploads\/2021\/10\/mail2sms-1.png","type":"","width":"","height":""}],"twitter_card":"summary_large_image","twitter_misc":{"Tiempo de lectura":"6 minutos"},"schema":{"@context":"https:\/\/schema.org","@graph":[{"@type":"WebPage","@id":"https:\/\/suresms.com\/dk\/integrationer\/shop-systemer\/","url":"https:\/\/suresms.com\/dk\/integrationer\/shop-systemer\/","name":"Integraci\u00f3n de SMS para sistemas Shop - Integraciones de SMS para m\u00e1s de 2000 sistemas","isPartOf":{"@id":"https:\/\/suresms.com\/en\/#website"},"primaryImageOfPage":{"@id":"https:\/\/suresms.com\/dk\/integrationer\/shop-systemer\/#primaryimage"},"image":{"@id":"https:\/\/suresms.com\/dk\/integrationer\/shop-systemer\/#primaryimage"},"thumbnailUrl":"https:\/\/suresms.com\/wp-content\/uploads\/2021\/10\/mail2sms-1.png","datePublished":"2022-09-05T14:38:58+00:00","dateModified":"2025-03-16T07:30:42+00:00","description":"Integraci\u00f3n de SMS con m\u00e1s de 2000 sistemas. Muchas opciones diferentes y configuraci\u00f3n gratuita. API, servicio web, JSON y mucho m\u00e1s.","breadcrumb":{"@id":"https:\/\/suresms.com\/dk\/integrationer\/shop-systemer\/#breadcrumb"},"inLanguage":"es","potentialAction":[{"@type":"ReadAction","target":["https:\/\/suresms.com\/dk\/integrationer\/shop-systemer\/"]}]},{"@type":"ImageObject","inLanguage":"es","@id":"https:\/\/suresms.com\/dk\/integrationer\/shop-systemer\/#primaryimage","url":"https:\/\/suresms.com\/wp-content\/uploads\/2021\/10\/mail2sms-1.png","contentUrl":"https:\/\/suresms.com\/wp-content\/uploads\/2021\/10\/mail2sms-1.png"},{"@type":"BreadcrumbList","@id":"https:\/\/suresms.com\/dk\/integrationer\/shop-systemer\/#breadcrumb","itemListElement":[{"@type":"ListItem","position":1,"name":"Home","item":"https:\/\/suresms.com\/dk\/"},{"@type":"ListItem","position":2,"name":"Integrationer","item":"https:\/\/suresms.com\/dk\/integrationer\/"},{"@type":"ListItem","position":3,"name":"SMS integration til Shop systemer"}]},{"@type":"WebSite","@id":"https:\/\/suresms.com\/en\/#website","url":"https:\/\/suresms.com\/en\/","name":"SureSMS","description":"Pasarela SMS profesional","publisher":{"@id":"https:\/\/suresms.com\/en\/#organization"},"potentialAction":[{"@type":"SearchAction","target":{"@type":"EntryPoint","urlTemplate":"https:\/\/suresms.com\/en\/?s={search_term_string}"},"query-input":{"@type":"PropertyValueSpecification","valueRequired":true,"valueName":"search_term_string"}}],"inLanguage":"es"},{"@type":"Organization","@id":"https:\/\/suresms.com\/en\/#organization","name":"SureSMS","url":"https:\/\/suresms.com\/en\/","logo":{"@type":"ImageObject","inLanguage":"es","@id":"https:\/\/suresms.com\/en\/#\/schema\/logo\/image\/","url":"https:\/\/suresms.com\/wp-content\/uploads\/2024\/11\/suresms-300x65-1.png","contentUrl":"https:\/\/suresms.com\/wp-content\/uploads\/2024\/11\/suresms-300x65-1.png","width":300,"height":65,"caption":"SureSMS"},"image":{"@id":"https:\/\/suresms.com\/en\/#\/schema\/logo\/image\/"},"sameAs":["https:\/\/www.facebook.com\/p\/SureSMS-100044607956149\/"]}]}},"_links":{"self":[{"href":"https:\/\/suresms.com\/es\/wp-json\/wp\/v2\/pages\/15935","targetHints":{"allow":["GET"]}}],"collection":[{"href":"https:\/\/suresms.com\/es\/wp-json\/wp\/v2\/pages"}],"about":[{"href":"https:\/\/suresms.com\/es\/wp-json\/wp\/v2\/types\/page"}],"author":[{"embeddable":true,"href":"https:\/\/suresms.com\/es\/wp-json\/wp\/v2\/users\/1"}],"replies":[{"embeddable":true,"href":"https:\/\/suresms.com\/es\/wp-json\/wp\/v2\/comments?post=15935"}],"version-history":[{"count":6,"href":"https:\/\/suresms.com\/es\/wp-json\/wp\/v2\/pages\/15935\/revisions"}],"predecessor-version":[{"id":22660,"href":"https:\/\/suresms.com\/es\/wp-json\/wp\/v2\/pages\/15935\/revisions\/22660"}],"up":[{"embeddable":true,"href":"https:\/\/suresms.com\/es\/wp-json\/wp\/v2\/pages\/9400"}],"wp:attachment":[{"href":"https:\/\/suresms.com\/es\/wp-json\/wp\/v2\/media?parent=15935"}],"curies":[{"name":"wp","href":"https:\/\/api.w.org\/{rel}","templated":true}]}}