{"id":15792,"date":"2022-08-10T11:53:47","date_gmt":"2022-08-10T09:53:47","guid":{"rendered":"https:\/\/www.suresms.com\/dk\/?page_id=15792"},"modified":"2025-05-22T10:50:22","modified_gmt":"2025-05-22T10:50:22","slug":"integracion-azure-directorio-activo-ad","status":"publish","type":"page","link":"https:\/\/suresms.com\/es\/integrationer\/booking-ldap-2fa\/integration-azure-active-directory-ad\/","title":{"rendered":"Integraci\u00f3n de SMS en Azure Active Directory (AD)"},"content":{"rendered":"<!-- Flexy Breadcrumb -->\r\n\t\t\t<div class=\"fbc fbc-page\">\r\n\r\n\t\t\t\t<!-- Breadcrumb wrapper -->\r\n\t\t\t\t<div class=\"fbc-wrap\">\r\n\r\n\t\t\t\t\t<!-- Ordered list-->\r\n\t\t\t\t\t<ol class=\"fbc-items\" itemscope itemtype=\"https:\/\/schema.org\/BreadcrumbList\">\r\n\t\t\t\t\t\t            <li itemprop=\"itemListElement\" itemscope itemtype=\"https:\/\/schema.org\/ListItem\">\r\n                <span itemprop=\"name\">\r\n                    <!-- Home Link -->\r\n                    <a itemprop=\"item\" href=\"https:\/\/suresms.com\/es\/\">\r\n                    \r\n                                                    <i class=\"fa fa-home\" aria-hidden=\"true\"><\/i>Inicio                    <\/a>\r\n                <\/span>\r\n                <meta itemprop=\"position\" content=\"1\" \/><!-- Meta Position-->\r\n             <\/li><li><span class=\"fbc-separator\">\/<\/span><\/li><li class=\"active\" itemprop=\"itemListElement\" itemscope itemtype=\"https:\/\/schema.org\/ListItem\"><span itemprop=\"name\" title=\"Integraci\u00f3n de SMS en Azure Active Directory (AD)\">Integraci\u00f3n de SMS para Azure...<\/span><meta itemprop=\"position\" content=\"2\" \/><\/li>\t\t\t\t\t<\/ol>\r\n\t\t\t\t\t<div class=\"clearfix\"><\/div>\r\n\t\t\t\t<\/div>\r\n\t\t\t<\/div>\r\n\t\t\t\n\t\t<h1>Integraci\u00f3n de SMS en AD (Microsoft Entra ID - Azure Active Directory)<\/h1>\t\n\t\t\t\t<img loading=\"lazy\" decoding=\"async\" src=\"https:\/\/suresms.com\/wp-content\/uploads\/2022\/08\/Azure-AD-2-1.png\" alt=\"Azure AD\" itemprop=\"image\" height=\"254\" width=\"700\" title=\"Azure AD\" onerror=\"this.style.display='none'\"  \/>\n<h2>\n\t\t\u00bfQu\u00e9 es Entra ID, tambi\u00e9n conocido como Active Directory?\n\t<\/h2>\n\t<p>Microsoft Entra ID, anteriormente conocido como Azure Active Directory (Azure AD), es un servicio de gesti\u00f3n de identidades y accesos basado en la nube de Microsoft. Este servicio ayuda a las organizaciones a gestionar y proteger el acceso de los usuarios a las aplicaciones y los datos en una infraestructura de TI h\u00edbrida moderna. Mediante el uso de Microsoft Entra ID, las organizaciones pueden ofrecer inicio de sesi\u00f3n \u00fanico (SSO) y autenticaci\u00f3n multifactor para proteger las identidades de los usuarios y mejorar la seguridad. La integraci\u00f3n con Microsoft Entra ID y su Directorio Activo (AD) permite sincronizar y gestionar identidades de forma centralizada, simplificando la gesti\u00f3n de usuarios y el control de acceso. Esto es esencial para las organizaciones que desean una gesti\u00f3n de accesos eficaz y segura.<\/p>\n\t\t<h2>SMS con Microsoft Entra ID - Azure Active Directory<\/h2><p>\u00bfTiene actualmente una gran base de datos de usuarios en su <a href=\"https:\/\/azure.microsoft.com\/da-dk\/services\/active-directory\/\">Azure Active Directory<\/a> puede utilizar la integraci\u00f3n entre Azure Active Directory (en adelante, AD) y SureSMS.<\/p>\n<p>Con la integraci\u00f3n, puede asegurarse de que todos los destinatarios se sincronizan autom\u00e1ticamente con los usuarios de su base de datos. Esto significa que si, por ejemplo, un usuario es eliminado en tu AD porque deja la empresa, se elimina autom\u00e1ticamente de la lista de usuarios en SureSMS. Una vez que lo haya configurado, no tendr\u00e1 que pensar m\u00e1s en ello. Tambi\u00e9n significa que cuando a\u00f1ades usuarios en tu AD, se a\u00f1aden autom\u00e1ticamente a la lista de usuarios del panel de SureSMS.<\/p>\n<p>&nbsp;<\/p>\n\t\t<h2>Preste atenci\u00f3n a ....<\/h2><p>Hay algunas cosas que debes tener en cuenta antes de empezar a crear una integraci\u00f3n de SMS AD con SureSMS.<\/p>\n<h4>GDPR<\/h4>\n<p>La primera es que SureSMS debe tener acceso de lectura a su AD. Necesitamos acceso de lectura a personas, grupos y la relaci\u00f3n entre ellos. Esto significa que ahora empezamos a procesar datos para usted y, por lo tanto, en<a href=\"https:\/\/www.datatilsynet.dk\/hvad-siger-reglerne\">cumplir el GDPR<\/a>, tienen un acuerdo de tratamiento de datos.<\/p>\n<p><em>Para empezar, debe establecer un acuerdo de procesamiento de datos con SureSMS.<\/em><\/p>\n<h4>N\u00fameros de tel\u00e9fono<\/h4>\n<p>Los n\u00fameros de tel\u00e9fono a los que tenemos que enviar deben estar en tu anuncio. Para poder enviar SMS a una persona, necesitamos conocer su n\u00famero de tel\u00e9fono. Por lo tanto, si usted no tiene n\u00fameros de tel\u00e9fono en su anuncio, o conseguirlo o no hacer una integraci\u00f3n.<\/p>\n<p>Leemos los n\u00fameros de tel\u00e9fono de forma que primero leemos si hay un n\u00famero en el campo \"Phonenumber\". Si no lo hay, leemos en \"Company phonenumbers\". La \u00faltima es una lista y aqu\u00ed cogemos el primer n\u00famero que encontremos.<\/p>\n<h4>Borrar contactos<\/h4>\n<p>La integraci\u00f3n es \"unidireccional\". Esto significa que s\u00f3lo leemos de AD. Nunca escribimos en AD. As\u00ed, por ejemplo, si elimina a una persona en SureSMS, s\u00f3lo volver\u00e1 si todav\u00eda est\u00e1 en AD. Siempre es AD quien tiene los datos correctos.<\/p>\n\t\t<h3>El precio de la integraci\u00f3n de AD<\/h3><p>El precio de la integraci\u00f3n de SMS AD es de 99 euros al mes.<\/p>\n<p>&nbsp;<\/p>\n<h2>\n\t\tC\u00f3mo configurar la integraci\u00f3n AD\/Entra ID \n\t<\/h2>\n\t<p>En esta secci\u00f3n se describe en primer lugar c\u00f3mo configurar AzureAD para que SureSMS pueda leerlo. A continuaci\u00f3n, se describe c\u00f3mo configurar SureSMS para que lea y cree contactos en la libreta de direcciones de SureSMS.<\/p>\n<h3>\n\t\tConfiguraci\u00f3n de Azure AD\n\t<\/h3>\n\t<ol> \t\n<li>Inicie sesi\u00f3n en su Azure Dashboard (<a href=\"https:\/\/portal.azure.com\/\" target=\"_blank\" rel=\"noopener\">https:\/\/portal.azure.com<\/a>)<\/li>\n\n<li>Seleccione Microsoft Entra ID<\/li>\n<\/ol>\n\t\t\t\t<img loading=\"lazy\" decoding=\"async\" src=\"https:\/\/suresms.com\/wp-content\/uploads\/2024\/05\/MIcrosoft-Entra-ID-Azure-1.png\" alt=\"MIcrosoft Entra ID\" itemprop=\"image\" height=\"490\" width=\"2194\" title=\"MIcrosoft Entra ID Azure\" onerror=\"this.style.display='none'\"  \/>\n\t<p>3) Haga clic en \"Registro de aplicaci\u00f3n\". Si a\u00fan no tiene una aplicaci\u00f3n registrada, haga clic en \"Nuevo registro\" y as\u00edgnele un nombre y un tipo de cuenta. El nombre puede ser, por ejemplo, SureSMS.<\/p>\n<p><img decoding=\"async\" src=\"https:\/\/manual.suresms.com\/wp-content\/uploads\/2022\/08\/Azure-Active-Directory-02-1024x546.png\" alt=\"Directorio activo Azure-02\" \/><\/p>\n<p>4. Ahora guarde el Id. de aplicaci\u00f3n (cliente) y el Id. de directorio (inquilino).<\/p>\n<p><img decoding=\"async\" src=\"https:\/\/manual.suresms.com\/wp-content\/uploads\/2022\/08\/Azure-Active-Directory-03-1024x478.png\" alt=\"Directorio activo Azure-03\" \/><\/p>\n<p>&nbsp;<\/p>\n<p>5. En la columna de la izquierda, seleccione \"Certificados y secretos\" y cree un nuevo secreto de cliente para su aplicaci\u00f3n.<br \/><img decoding=\"async\" src=\"https:\/\/manual.suresms.com\/wp-content\/uploads\/2022\/08\/Azure-Active-Directory-04.png\" alt=\"Directorio activo Azure-04\" \/><\/p>\n<p>&nbsp;<\/p>\n<p>Recuerde anotar el \"Valor\" cuando lo cree. Este valor s\u00f3lo se puede leer justo despu\u00e9s de crearlo. No se puede volver a crear. El valor debe utilizarse en el campo \"Secreto del cliente\" en la integraci\u00f3n SureSMS.<\/p>\n<p>&nbsp;<\/p>\n<p>6. Para conceder acceso a la nueva App API, haga clic en \"Permisos API\" en la columna de la izquierda. A continuaci\u00f3n, haga clic en \"A\u00f1adir un permiso\".<\/p>\n<p><img decoding=\"async\" src=\"https:\/\/manual.suresms.com\/wp-content\/uploads\/2022\/08\/Azure-Active-Directory-05-1024x424.png\" alt=\"Directorio activo Azure-05\" \/><\/p>\n<p>7. Seleccione \"Microsoft Graph\" como tipo de permiso y haga clic en \"Permisos de aplicaci\u00f3n\". A continuaci\u00f3n se a\u00f1aden los siguientes permisos:<\/p>\n<p>Usuario.Leer.todo<br \/>Grupo.Leer.todo<br \/>GroupMember.Read.All<\/p>\n<p>8. A continuaci\u00f3n, haga clic en \"Conceder permiso de administrador para el directorio predeterminado\", situado justo a la derecha de \"A\u00f1adir un permiso\".<\/p>\n<p>&nbsp;<\/p>\n<p><img decoding=\"async\" src=\"https:\/\/manual.suresms.com\/wp-content\/uploads\/2022\/08\/Azure-Active-Directory-06-1024x549.png\" alt=\"Directorio activo Azure-06\" \/><\/p>\n<p>Ya ha terminado con la configuraci\u00f3n en Azure Active Directory.<\/p>\n<h3>\n\t\tConfiguraci\u00f3n de SureSMS\n\t<\/h3>\n\t<ol>\n<li>\n<ol>\n<li>Inicie sesi\u00f3n en su panel de SureSMS (<a href=\"https:\/\/app.suresms.com\/\" target=\"_blank\" rel=\"noopener\">https:\/\/app.suresms.com<\/a>)<\/li>\n<\/ol>\n<\/li>\n<\/ol>\n<p>&nbsp;<\/p>\n<ol>\n<li>\n<ol>\n<li>Haga clic en Integraciones en el lado izquierdo<\/li>\n<\/ol>\n<\/li>\n<\/ol>\n<p>&nbsp;<\/p>\n<ol>\n<li>\n<ol>\n<li>Haga clic en el submen\u00fa \"Configuraci\u00f3n<\/li>\n<\/ol>\n<\/li>\n<\/ol>\n<p>&nbsp;<\/p>\n<ol>\n<li>\n<ol>\n<li>Haga clic en la pesta\u00f1a \"Azure AD\" en la parte superior de la pantalla<br \/><img decoding=\"async\" src=\"https:\/\/manual.suresms.com\/wp-content\/uploads\/2022\/08\/Azure-Active-Directory-SureSMS-01-1024x564.png\" alt=\"Azure-Active-Directory-SureSMS-01\" \/><\/li>\n<\/ol>\n<\/li>\n<\/ol>\n<p>&nbsp;<\/p>\n<ol>\n<li>\n<ol>\n<li>\n<p>Rellene la informaci\u00f3n de la siguiente manera<\/p>\n<p>ID de cliente: ID de aplicaci\u00f3n (cliente) de Azure<\/p>\n<p>Secreto de cliente : \"Valor\" de Secretos de cliente que se encuentra en el paso 6 de la configuraci\u00f3n de Azure Active Directory.<\/p>\n<p>&nbsp;<\/p>\nId. de inquilino ID del directorio (inquilino)\n<p>&nbsp;<\/p>\n<p>&nbsp;<\/p>\n<p>&nbsp;<\/p>\n<p>&nbsp;<\/p>\n&nbsp;\n<p>&nbsp;<\/p>\n<p>&nbsp;<\/p>\n<p>&nbsp;<\/p>\n<p>&nbsp;<\/p>\n<p>&nbsp;<\/p>\n<p>&nbsp;<\/p>\n<p>&nbsp;<\/p>\n<p>&nbsp;<\/p>\n<p>6. Al hacer clic en \"Guardar\" comprobaremos si podemos acceder a Microsoft Azure Active Directory.<\/p>\n<p>Ahora pulse \"Sincronizar ahora\" y SureSMS descargar\u00e1 todos los usuarios de AD.<\/p>\n<p>&nbsp;<\/p>\n<p>&nbsp;<\/p>\n<\/li>\n<\/ol>\n<\/li>\n<\/ol>\n<p>&nbsp;<\/p>\n\n\t\t<h3>Empezar<\/h3><p>Si desea comenzar con la integraci\u00f3n de AD, p\u00f3ngase en contacto con nosotros rellenando este formulario y nos pondremos en contacto con usted.<\/p>\n\n<div class=\"wpcf7 no-js\" id=\"wpcf7-f13762-o1\" lang=\"en-GB\" dir=\"ltr\" data-wpcf7-id=\"13762\">\n<div class=\"screen-reader-response\"><p role=\"status\" aria-live=\"polite\" aria-atomic=\"true\"><\/p> <ul><\/ul><\/div>\n<form action=\"\/es\/wp-json\/wp\/v2\/pages\/15792#wpcf7-f13762-o1\" method=\"post\" class=\"wpcf7-form init\" aria-label=\"Formulario de contacto\" novalidate=\"novalidate\" data-status=\"init\" data-trp-original-action=\"\/es\/wp-json\/wp\/v2\/pages\/15792#wpcf7-f13762-o1\">\n<fieldset class=\"hidden-fields-container\"><input type=\"hidden\" name=\"_wpcf7\" value=\"13762\" \/><input type=\"hidden\" name=\"_wpcf7_version\" value=\"6.1.5\" \/><input type=\"hidden\" name=\"_wpcf7_locale\" value=\"en_GB\" \/><input type=\"hidden\" name=\"_wpcf7_unit_tag\" value=\"wpcf7-f13762-o1\" \/><input type=\"hidden\" name=\"_wpcf7_container_post\" value=\"0\" \/><input type=\"hidden\" name=\"_wpcf7_posted_data_hash\" value=\"\" \/>\n<\/fieldset>\n<p><label><span class=\"wpcf7-form-control-wrap\" data-name=\"your-name\"><input size=\"40\" maxlength=\"400\" class=\"wpcf7-form-control wpcf7-text wpcf7-validates-as-required wpctf7-my-custom-class\" aria-required=\"true\" aria-invalid=\"false\" placeholder=\"Su nombre\" value=\"\" type=\"text\" name=\"your-name\" \/><\/span><\/label>\n<\/p>\n<p><span class=\"wpcf7-form-control-wrap\" data-name=\"email\"><input size=\"40\" maxlength=\"400\" class=\"wpcf7-form-control wpcf7-email wpcf7-validates-as-required wpcf7-text wpcf7-validates-as-email wpctf7-my-custom-class\" aria-required=\"true\" aria-invalid=\"false\" placeholder=\"Correo electr\u00f3nico*.\" value=\"\" type=\"email\" name=\"email\" \/><\/span>\n<\/p>\n<p><div class=\"cf7-cf-turnstile\" style=\"margin-top: 0px; margin-bottom: -15px;\"> <div id=\"cf-turnstile-cf7-2718472946\" class=\"cf-turnstile\" data-sitekey=\"0x4AAAAAAB8YGArd9ML-HbMW\" data-theme=\"light\" data-language=\"auto\" data-size=\"normal\" data-retry=\"auto\" data-retry-interval=\"1000\" data-refresh-expired=\"auto\" data-action=\"contact-form-7\" data-appearance=\"always\"><\/div> <script>document.addEventListener(\"DOMContentLoaded\", function() { setTimeout(function(){ var e=document.getElementById(\"cf-turnstile-cf7-2718472946\"); e&&!e.innerHTML.trim()&&(turnstile.remove(\"#cf-turnstile-cf7-2718472946\"), turnstile.render(\"#cf-turnstile-cf7-2718472946\", {sitekey:\"0x4AAAAAAB8YGArd9ML-HbMW\"})); }, 100); });<\/script> <br class=\"cf-turnstile-br cf-turnstile-br-cf7-2718472946\"> <style>#cf-turnstile-cf7-2718472946 { margin-left: -15px; }<\/style> <script>document.addEventListener(\"DOMContentLoaded\",function(){document.querySelectorAll('.wpcf7-form').forEach(function(e){e.addEventListener('submit',function(){if(document.getElementById('cf-turnstile-cf7-2718472946')){setTimeout(function(){turnstile.reset('#cf-turnstile-cf7-2718472946');},1000)}})})});<\/script> <\/div><br\/><input class=\"wpcf7-form-control wpcf7-submit has-spinner\" type=\"submit\" value=\"Orientaci\u00f3n para pedidos\" \/>\n<\/p><div class=\"wpcf7-response-output\" aria-hidden=\"true\"><\/div>\n<input type=\"hidden\" name=\"trp-form-language\" value=\"es\"\/><\/form>\n<\/div>","protected":false},"excerpt":{"rendered":"<p>Integraci\u00f3n de SMS para AD (Microsoft Entra ID - Azure Active Directory) \u00bfQu\u00e9 es Entra ID tambi\u00e9n conocido como Active Directory? Microsoft Entra ID, anteriormente conocido como Azure Active Directory (Azure AD), es un servicio de gesti\u00f3n de acceso e identidades basado en la nube de Microsoft. Este servicio ayuda a las organizaciones a gestionar y asegurar el acceso de los usuarios a las aplicaciones y datos a trav\u00e9s de ... <a title=\"Integraci\u00f3n de SMS en Azure Active Directory (AD)\" class=\"read-more\" href=\"https:\/\/suresms.com\/es\/integrationer\/booking-ldap-2fa\/integration-azure-active-directory-ad\/\" aria-label=\"Leer m\u00e1s sobre Integraci\u00f3n de SMS en Azure Active Directory (AD)\">M\u00e1s informaci\u00f3n<\/a><\/p>","protected":false},"author":1,"featured_media":0,"parent":19541,"menu_order":1,"comment_status":"closed","ping_status":"closed","template":"","meta":{"_fl_builder_enabled":"1","_fl_builder_data":null,"_fl_builder_draft":null,"_fl_builder_data_settings":null,"_fl_builder_css":"","_fl_builder_css_version":"","_fl_builder_js":"","footnotes":""},"categories":[],"tags":[],"class_list":["post-15792","page","type-page","status-publish"],"yoast_head":"<!-- This site is optimized with the Yoast SEO Premium plugin v27.3 (Yoast SEO v27.3) - https:\/\/yoast.com\/product\/yoast-seo-premium-wordpress\/ -->\r\n<title>SMS integration til Azure Active Directory (AD) - dyb integration<\/title>\r\n<meta name=\"description\" content=\"SMS AD Integration til Azure Active Directory. Fuldt integreret SMS l\u00f8sning i AD til beredskabs, alarmering, medarbejdere og mere\" \/>\r\n<meta name=\"robots\" content=\"index, follow, max-snippet:-1, max-image-preview:large, max-video-preview:-1\" \/>\r\n<link rel=\"canonical\" href=\"https:\/\/suresms.com\/es\/integraciones\/sistemas-de-contratacion-de-personal-temporal\/integracion-azure-directorio-activo-ad\/\" \/>\r\n<meta property=\"og:locale\" content=\"es_ES\" \/>\r\n<meta property=\"og:type\" content=\"article\" \/>\r\n<meta property=\"og:title\" content=\"SMS integration til Azure Active Directory (AD)\" \/>\r\n<meta property=\"og:description\" content=\"SMS AD Integration til Azure Active Directory. Fuldt integreret SMS l\u00f8sning i AD til beredskabs, alarmering, medarbejdere og mere\" \/>\r\n<meta property=\"og:url\" content=\"https:\/\/suresms.com\/es\/integraciones\/sistemas-de-contratacion-de-personal-temporal\/integracion-azure-directorio-activo-ad\/\" \/>\r\n<meta property=\"article:publisher\" content=\"https:\/\/www.facebook.com\/p\/SureSMS-100044607956149\/\" \/>\r\n<meta property=\"article:modified_time\" content=\"2025-05-22T10:50:22+00:00\" \/>\r\n<meta property=\"og:image\" content=\"https:\/\/suresms.com\/wp-content\/uploads\/2022\/08\/Azure-AD-2-1.png\" \/>\r\n<meta name=\"twitter:card\" content=\"summary_large_image\" \/>\r\n<meta name=\"twitter:label1\" content=\"Tiempo de lectura\" \/>\n\t<meta name=\"twitter:data1\" content=\"4 minutos\" \/>\r\n<script type=\"application\/ld+json\" class=\"yoast-schema-graph\">{\"@context\":\"https:\\\/\\\/schema.org\",\"@graph\":[{\"@type\":\"WebPage\",\"@id\":\"https:\\\/\\\/suresms.com\\\/dk\\\/integrationer\\\/booking-ldap-2fa\\\/integration-azure-active-directory-ad\\\/\",\"url\":\"https:\\\/\\\/suresms.com\\\/dk\\\/integrationer\\\/booking-ldap-2fa\\\/integration-azure-active-directory-ad\\\/\",\"name\":\"SMS integration til Azure Active Directory (AD) - dyb integration\",\"isPartOf\":{\"@id\":\"https:\\\/\\\/suresms.com\\\/en\\\/#website\"},\"primaryImageOfPage\":{\"@id\":\"https:\\\/\\\/suresms.com\\\/dk\\\/integrationer\\\/booking-ldap-2fa\\\/integration-azure-active-directory-ad\\\/#primaryimage\"},\"image\":{\"@id\":\"https:\\\/\\\/suresms.com\\\/dk\\\/integrationer\\\/booking-ldap-2fa\\\/integration-azure-active-directory-ad\\\/#primaryimage\"},\"thumbnailUrl\":\"https:\\\/\\\/suresms.com\\\/wp-content\\\/uploads\\\/2022\\\/08\\\/Azure-AD-2-1.png\",\"datePublished\":\"2022-08-10T09:53:47+00:00\",\"dateModified\":\"2025-05-22T10:50:22+00:00\",\"description\":\"SMS AD Integration til Azure Active Directory. Fuldt integreret SMS l\u00f8sning i AD til beredskabs, alarmering, medarbejdere og mere\",\"breadcrumb\":{\"@id\":\"https:\\\/\\\/suresms.com\\\/dk\\\/integrationer\\\/booking-ldap-2fa\\\/integration-azure-active-directory-ad\\\/#breadcrumb\"},\"inLanguage\":\"es\",\"potentialAction\":[{\"@type\":\"ReadAction\",\"target\":[\"https:\\\/\\\/suresms.com\\\/dk\\\/integrationer\\\/booking-ldap-2fa\\\/integration-azure-active-directory-ad\\\/\"]}]},{\"@type\":\"ImageObject\",\"inLanguage\":\"es\",\"@id\":\"https:\\\/\\\/suresms.com\\\/dk\\\/integrationer\\\/booking-ldap-2fa\\\/integration-azure-active-directory-ad\\\/#primaryimage\",\"url\":\"https:\\\/\\\/suresms.com\\\/wp-content\\\/uploads\\\/2022\\\/08\\\/Azure-AD-2-1.png\",\"contentUrl\":\"https:\\\/\\\/suresms.com\\\/wp-content\\\/uploads\\\/2022\\\/08\\\/Azure-AD-2-1.png\"},{\"@type\":\"BreadcrumbList\",\"@id\":\"https:\\\/\\\/suresms.com\\\/dk\\\/integrationer\\\/booking-ldap-2fa\\\/integration-azure-active-directory-ad\\\/#breadcrumb\",\"itemListElement\":[{\"@type\":\"ListItem\",\"position\":1,\"name\":\"Home\",\"item\":\"https:\\\/\\\/suresms.com\\\/dk\\\/\"},{\"@type\":\"ListItem\",\"position\":2,\"name\":\"Integrationer\",\"item\":\"https:\\\/\\\/suresms.com\\\/dk\\\/integrationer\\\/\"},{\"@type\":\"ListItem\",\"position\":3,\"name\":\"SMS integration til LDAP og brugerdatabaser\",\"item\":\"https:\\\/\\\/suresms.com\\\/dk\\\/integrationer\\\/booking-ldap-2fa\\\/\"},{\"@type\":\"ListItem\",\"position\":4,\"name\":\"SMS integration til Azure Active Directory (AD)\"}]},{\"@type\":\"WebSite\",\"@id\":\"https:\\\/\\\/suresms.com\\\/en\\\/#website\",\"url\":\"https:\\\/\\\/suresms.com\\\/en\\\/\",\"name\":\"SureSMS\",\"description\":\"Professionel SMS Gateway\",\"publisher\":{\"@id\":\"https:\\\/\\\/suresms.com\\\/en\\\/#organization\"},\"potentialAction\":[{\"@type\":\"SearchAction\",\"target\":{\"@type\":\"EntryPoint\",\"urlTemplate\":\"https:\\\/\\\/suresms.com\\\/en\\\/?s={search_term_string}\"},\"query-input\":{\"@type\":\"PropertyValueSpecification\",\"valueRequired\":true,\"valueName\":\"search_term_string\"}}],\"inLanguage\":\"es\"},{\"@type\":\"Organization\",\"@id\":\"https:\\\/\\\/suresms.com\\\/en\\\/#organization\",\"name\":\"SureSMS\",\"url\":\"https:\\\/\\\/suresms.com\\\/en\\\/\",\"logo\":{\"@type\":\"ImageObject\",\"inLanguage\":\"es\",\"@id\":\"https:\\\/\\\/suresms.com\\\/en\\\/#\\\/schema\\\/logo\\\/image\\\/\",\"url\":\"https:\\\/\\\/suresms.com\\\/wp-content\\\/uploads\\\/2024\\\/11\\\/suresms-300x65-1.png\",\"contentUrl\":\"https:\\\/\\\/suresms.com\\\/wp-content\\\/uploads\\\/2024\\\/11\\\/suresms-300x65-1.png\",\"width\":300,\"height\":65,\"caption\":\"SureSMS\"},\"image\":{\"@id\":\"https:\\\/\\\/suresms.com\\\/en\\\/#\\\/schema\\\/logo\\\/image\\\/\"},\"sameAs\":[\"https:\\\/\\\/www.facebook.com\\\/p\\\/SureSMS-100044607956149\\\/\"]}]}<\/script>\r\n<!-- \/ Yoast SEO Premium plugin. -->","yoast_head_json":{"title":"Integraci\u00f3n de SMS en Azure Active Directory (AD) - integraci\u00f3n profunda","description":"Integraci\u00f3n de SMS AD para Azure Active Directory. Soluci\u00f3n SMS totalmente integrada en AD para respuestas de emergencia, alertas, empleados y mucho m\u00e1s.","robots":{"index":"index","follow":"follow","max-snippet":"max-snippet:-1","max-image-preview":"max-image-preview:large","max-video-preview":"max-video-preview:-1"},"canonical":"https:\/\/suresms.com\/es\/integraciones\/sistemas-de-contratacion-de-personal-temporal\/integracion-azure-directorio-activo-ad\/","og_locale":"es_ES","og_type":"article","og_title":"SMS integration til Azure Active Directory (AD)","og_description":"SMS AD Integration til Azure Active Directory. Fuldt integreret SMS l\u00f8sning i AD til beredskabs, alarmering, medarbejdere og mere","og_url":"https:\/\/suresms.com\/es\/integraciones\/sistemas-de-contratacion-de-personal-temporal\/integracion-azure-directorio-activo-ad\/","article_publisher":"https:\/\/www.facebook.com\/p\/SureSMS-100044607956149\/","article_modified_time":"2025-05-22T10:50:22+00:00","og_image":[{"url":"https:\/\/suresms.com\/wp-content\/uploads\/2022\/08\/Azure-AD-2-1.png","type":"","width":"","height":""}],"twitter_card":"summary_large_image","twitter_misc":{"Tiempo de lectura":"4 minutos"},"schema":{"@context":"https:\/\/schema.org","@graph":[{"@type":"WebPage","@id":"https:\/\/suresms.com\/dk\/integrationer\/booking-ldap-2fa\/integration-azure-active-directory-ad\/","url":"https:\/\/suresms.com\/dk\/integrationer\/booking-ldap-2fa\/integration-azure-active-directory-ad\/","name":"Integraci\u00f3n de SMS en Azure Active Directory (AD) - integraci\u00f3n profunda","isPartOf":{"@id":"https:\/\/suresms.com\/en\/#website"},"primaryImageOfPage":{"@id":"https:\/\/suresms.com\/dk\/integrationer\/booking-ldap-2fa\/integration-azure-active-directory-ad\/#primaryimage"},"image":{"@id":"https:\/\/suresms.com\/dk\/integrationer\/booking-ldap-2fa\/integration-azure-active-directory-ad\/#primaryimage"},"thumbnailUrl":"https:\/\/suresms.com\/wp-content\/uploads\/2022\/08\/Azure-AD-2-1.png","datePublished":"2022-08-10T09:53:47+00:00","dateModified":"2025-05-22T10:50:22+00:00","description":"Integraci\u00f3n de SMS AD para Azure Active Directory. Soluci\u00f3n SMS totalmente integrada en AD para respuestas de emergencia, alertas, empleados y mucho m\u00e1s.","breadcrumb":{"@id":"https:\/\/suresms.com\/dk\/integrationer\/booking-ldap-2fa\/integration-azure-active-directory-ad\/#breadcrumb"},"inLanguage":"es","potentialAction":[{"@type":"ReadAction","target":["https:\/\/suresms.com\/dk\/integrationer\/booking-ldap-2fa\/integration-azure-active-directory-ad\/"]}]},{"@type":"ImageObject","inLanguage":"es","@id":"https:\/\/suresms.com\/dk\/integrationer\/booking-ldap-2fa\/integration-azure-active-directory-ad\/#primaryimage","url":"https:\/\/suresms.com\/wp-content\/uploads\/2022\/08\/Azure-AD-2-1.png","contentUrl":"https:\/\/suresms.com\/wp-content\/uploads\/2022\/08\/Azure-AD-2-1.png"},{"@type":"BreadcrumbList","@id":"https:\/\/suresms.com\/dk\/integrationer\/booking-ldap-2fa\/integration-azure-active-directory-ad\/#breadcrumb","itemListElement":[{"@type":"ListItem","position":1,"name":"Home","item":"https:\/\/suresms.com\/dk\/"},{"@type":"ListItem","position":2,"name":"Integrationer","item":"https:\/\/suresms.com\/dk\/integrationer\/"},{"@type":"ListItem","position":3,"name":"SMS integration til LDAP og brugerdatabaser","item":"https:\/\/suresms.com\/dk\/integrationer\/booking-ldap-2fa\/"},{"@type":"ListItem","position":4,"name":"SMS integration til Azure Active Directory (AD)"}]},{"@type":"WebSite","@id":"https:\/\/suresms.com\/en\/#website","url":"https:\/\/suresms.com\/en\/","name":"SureSMS","description":"Pasarela SMS profesional","publisher":{"@id":"https:\/\/suresms.com\/en\/#organization"},"potentialAction":[{"@type":"SearchAction","target":{"@type":"EntryPoint","urlTemplate":"https:\/\/suresms.com\/en\/?s={search_term_string}"},"query-input":{"@type":"PropertyValueSpecification","valueRequired":true,"valueName":"search_term_string"}}],"inLanguage":"es"},{"@type":"Organization","@id":"https:\/\/suresms.com\/en\/#organization","name":"SureSMS","url":"https:\/\/suresms.com\/en\/","logo":{"@type":"ImageObject","inLanguage":"es","@id":"https:\/\/suresms.com\/en\/#\/schema\/logo\/image\/","url":"https:\/\/suresms.com\/wp-content\/uploads\/2024\/11\/suresms-300x65-1.png","contentUrl":"https:\/\/suresms.com\/wp-content\/uploads\/2024\/11\/suresms-300x65-1.png","width":300,"height":65,"caption":"SureSMS"},"image":{"@id":"https:\/\/suresms.com\/en\/#\/schema\/logo\/image\/"},"sameAs":["https:\/\/www.facebook.com\/p\/SureSMS-100044607956149\/"]}]}},"_links":{"self":[{"href":"https:\/\/suresms.com\/es\/wp-json\/wp\/v2\/pages\/15792","targetHints":{"allow":["GET"]}}],"collection":[{"href":"https:\/\/suresms.com\/es\/wp-json\/wp\/v2\/pages"}],"about":[{"href":"https:\/\/suresms.com\/es\/wp-json\/wp\/v2\/types\/page"}],"author":[{"embeddable":true,"href":"https:\/\/suresms.com\/es\/wp-json\/wp\/v2\/users\/1"}],"replies":[{"embeddable":true,"href":"https:\/\/suresms.com\/es\/wp-json\/wp\/v2\/comments?post=15792"}],"version-history":[{"count":9,"href":"https:\/\/suresms.com\/es\/wp-json\/wp\/v2\/pages\/15792\/revisions"}],"predecessor-version":[{"id":23415,"href":"https:\/\/suresms.com\/es\/wp-json\/wp\/v2\/pages\/15792\/revisions\/23415"}],"up":[{"embeddable":true,"href":"https:\/\/suresms.com\/es\/wp-json\/wp\/v2\/pages\/19541"}],"wp:attachment":[{"href":"https:\/\/suresms.com\/es\/wp-json\/wp\/v2\/media?parent=15792"}],"wp:term":[{"taxonomy":"category","embeddable":true,"href":"https:\/\/suresms.com\/es\/wp-json\/wp\/v2\/categories?post=15792"},{"taxonomy":"post_tag","embeddable":true,"href":"https:\/\/suresms.com\/es\/wp-json\/wp\/v2\/tags?post=15792"}],"curies":[{"name":"wp","href":"https:\/\/api.w.org\/{rel}","templated":true}]}}