{"id":15657,"date":"2022-06-29T23:49:16","date_gmt":"2022-06-29T21:49:16","guid":{"rendered":"https:\/\/www.suresms.com\/dk\/?page_id=15657"},"modified":"2025-11-06T05:51:06","modified_gmt":"2025-11-06T05:51:06","slug":"enviar-sms-desde-pc","status":"publish","type":"page","link":"https:\/\/suresms.com\/es\/funktioner\/send-sms-fra-pc\/","title":{"rendered":"Enviar SMS desde el PC"},"content":{"rendered":"<!-- Flexy Breadcrumb -->\r\n\t\t\t<div class=\"fbc fbc-page\">\r\n\r\n\t\t\t\t<!-- Breadcrumb wrapper -->\r\n\t\t\t\t<div class=\"fbc-wrap\">\r\n\r\n\t\t\t\t\t<!-- Ordered list-->\r\n\t\t\t\t\t<ol class=\"fbc-items\" itemscope itemtype=\"https:\/\/schema.org\/BreadcrumbList\">\r\n\t\t\t\t\t\t            <li itemprop=\"itemListElement\" itemscope itemtype=\"https:\/\/schema.org\/ListItem\">\r\n                <span itemprop=\"name\">\r\n                    <!-- Home Link -->\r\n                    <a itemprop=\"item\" href=\"https:\/\/suresms.com\/es\/\">\r\n                    \r\n                                                    <i class=\"fa fa-home\" aria-hidden=\"true\"><\/i>Inicio                    <\/a>\r\n                <\/span>\r\n                <meta itemprop=\"position\" content=\"1\" \/><!-- Meta Position-->\r\n             <\/li><li><span class=\"fbc-separator\">\/<\/span><\/li><li class=\"active\" itemprop=\"itemListElement\" itemscope itemtype=\"https:\/\/schema.org\/ListItem\"><span itemprop=\"name\" title=\"Enviar SMS desde el PC\">Enviar SMS desde el PC<\/span><meta itemprop=\"position\" content=\"2\" \/><\/li>\t\t\t\t\t<\/ol>\r\n\t\t\t\t\t<div class=\"clearfix\"><\/div>\r\n\t\t\t\t<\/div>\r\n\t\t\t<\/div>\r\n\t\t\t\n\t\t\t\t<img decoding=\"async\" src=\"https:\/\/suresms.com\/wp-content\/uploads\/2022\/06\/Send-sms-online-1.png\" alt=\"Enviar SMS en l\u00ednea -imagen\" itemprop=\"image\" height=\"367\" width=\"900\" title=\"Enviar mensajes de texto en l\u00ednea\" onerror=\"this.style.display='none'\" loading=\"lazy\" \/>\n\t<h1>Env\u00eda SMS desde PC o Mac con nuestro remitente de SMS en l\u00ednea<\/h1>\n<p>Es mucho m\u00e1s r\u00e1pido y f\u00e1cil enviar mensajes SMS desde el ordenador que desde el tel\u00e9fono. Adem\u00e1s, tienes muchas m\u00e1s opciones si utilizas un PC o un Mac. Por ejemplo, puedes adjuntar archivos PDF, crear listas ilimitadas, enviar v\u00eddeos (que el destinatario pueda ver realmente), enviar enlaces MobilePay y mucho m\u00e1s.<\/p>\n<p>\u00bfEres un usuario profesional y necesitas enviar mensajes SMS a tus clientes, empleados o miembros de tu organizaci\u00f3n? Entonces es una buena idea enviar SMS en l\u00ednea utilizando un remitente de SMS en l\u00ednea.<\/p>\n<p>Tanto si utiliza un PC o Mac como una tableta con Android, puede utilizar nuestro sistema para enviar mensajes SMS en l\u00ednea. Funciona en todos los ordenadores y tabletas, independientemente del sistema operativo. Al iniciar sesi\u00f3n en nuestra aplicaci\u00f3n web, acceder\u00e1s a un sistema desde el que podr\u00e1s enviar mensajes SMS.<\/p>\n<p>&nbsp;<\/p>\n\t<h2>Enviar mensajes SMS<\/h2>\n<p>Con el acceso a nuestro remitente de SMS, que puede solicitar gratuitamente justo a la derecha, podr\u00e1 enviar y recibir mensajes SMS a trav\u00e9s de su ordenador o tableta. Puede enviar un mensaje SMS a una sola persona introduciendo el n\u00famero de tel\u00e9fono o puede enviarlo a una lista. Puede importar la lista en el sistema desde su sistema CRM, su sistema de membres\u00eda o simplemente una hoja de c\u00e1lculo que tiene por ah\u00ed.<\/p>\n<p>Si quieres recibir tambi\u00e9n mensajes SMS en l\u00ednea, tienes que adquirir un m\u00f3dulo SMS bidireccional. Cuesta 99 coronas danesas al mes, pero entonces podr\u00e1s recibir SMS tanto en nuestro sitio web como en tu buz\u00f3n de correo electr\u00f3nico.<\/p>\n\t\t\t\t<img decoding=\"async\" src=\"https:\/\/suresms.com\/wp-content\/uploads\/2022\/06\/What-is-your-message-1.png\" alt=\"\u00bfCu\u00e1l es su mensaje SMS?\" itemprop=\"image\" height=\"238\" width=\"319\" title=\"\u00bfCu\u00e1l es su mensaje?\" onerror=\"this.style.display='none'\" loading=\"lazy\" \/>\n\t\t\t<a href=\"https:\/\/app.suresms.com\/account\/signup\" target=\"_blank\" rel=\"noopener\">\n\t\t\t\t\t\t\tCrear una cuenta gratuita\n\t\t\t\t\t<\/a>\n\t<h2>Enviar SMS desde PC \/ Enviar SMS desde Mac<\/h2>\n<p>La forma m\u00e1s sencilla de enviar mensajes de texto en l\u00ednea es enviarlos desde su PC conect\u00e1ndose a nuestro sitio web. Escriba su mensaje y pulse \"Enviar\". A continuaci\u00f3n, enviaremos un mensaje SMS al destinatario. Enviar SMS en l\u00ednea es r\u00e1pido y sencillo.<\/p>\n<p>Somos compatibles con los principales navegadores, as\u00ed que no tienes que preocuparte de si nuestro sistema funciona en tu ordenador. Cualquiera puede utilizar nuestro remitente de SMS.<\/p>\n\t<h2>Enviar un SMS a trav\u00e9s de la web<\/h2>\n<p>Hay otras formas de enviar un SMS adem\u00e1s de a trav\u00e9s del navegador. Tambi\u00e9n puedes enviar tus mensajes utilizando el correo electr\u00f3nico. Utilizando una soluci\u00f3n llamada mail2sms puedes enviar mensajes SMS en l\u00ednea desde tu programa de correo. Esto se aplica independientemente del programa de correo y del proveedor de correo que tengas.<\/p>\n<p>&nbsp;<\/p>\n<h2>Acerca de los mensajes SMS<\/h2>\n<p>Un SMS tiene una longitud m\u00e1xima de 160 caracteres (espacios incluidos). Si escribes un mensaje m\u00e1s largo, el mensaje se enviar\u00e1 igualmente, pero se cobrar\u00e1 como 2 o m\u00e1s SMS en funci\u00f3n de la longitud.<\/p>\n<p>NO puedes enviar mensajes SMS a n\u00fameros de 3, 4 \u00f3 5 d\u00edgitos, los llamados shortcodes de SureSMS.<\/p>\n<p>Desde nuestro sitio web podr\u00e1 utilizar f\u00e1cilmente las numerosas opciones: exportar contactos, crear grupos, programar env\u00edos y crear plantillas para que su comunicaci\u00f3n sea m\u00e1s r\u00e1pida, sencilla y profesional.<\/p>\n<p>Obtenga m\u00e1s informaci\u00f3n aqu\u00ed en el sitio web en Caracter\u00edsticas y funciones o siga el enlace en la parte inferior de la p\u00e1gina a nuestro canal de YouTube para ver nuestros v\u00eddeos de instrucciones.<\/p>\n<h2>\u00bfSMS gratis?<\/h2>\n<p>La mayor\u00eda de los abonos de telefon\u00eda m\u00f3vil incluyen SMS gratuitos. Desgraciadamente, como pagamos a las compa\u00f1\u00edas por cada SMS enviado, no podemos ofrecerlo. Cuesta 28 \u00f8re por SMS que env\u00edes por internet.<\/p>\n<p>&nbsp;<\/p>\n\t<h4><strong>Nuestra interfaz WEB es f\u00e1cil de usar<\/strong><\/h4>\n<p>Puede conectarse a nuestro sitio web a trav\u00e9s del siguiente enlace <a href=\"https:\/\/app.suresms.com\">http:\/\/app.suresms.com<\/a> o haciendo clic en el bot\u00f3n de inicio de sesi\u00f3n situado en la esquina superior derecha de esta p\u00e1gina.<\/p>\n<p>SureSMS Gateway est\u00e1 dise\u00f1ado espec\u00edficamente para empresas y organizaciones. Revisamos manualmente todas las cuentas antes de crearlas para asegurarnos de que todas las solicitudes son serias. Por lo tanto, puede haber un breve tiempo de espera antes de recibir el correo electr\u00f3nico con informaci\u00f3n de inicio de sesi\u00f3n de nosotros y puede empezar a enviar SMS.<\/p>\n<p>Nuestra soluci\u00f3n es una soluci\u00f3n independiente de la plataforma. Esto significa que es adecuada tanto si utiliza un PC como un Mac, una tableta con Android o Windows. Nuestro sistema tambi\u00e9n funciona para usted.<\/p>\n<p>Hemos resuelto la tarea de la independencia de plataforma utilizando los lenguajes que se usan en la web y que todos los dispositivos entienden. Por ejemplo, puede utilizar nuestra soluci\u00f3n SMS a trav\u00e9s de <a title=\"Descripci\u00f3n del protocolo http\" href=\"http:\/\/da.wikipedia.org\/wiki\/HTTP\">http<\/a>\u00a0o a trav\u00e9s de <a title=\"Protocolos SMTP\" href=\"http:\/\/da.wikipedia.org\/wiki\/Simple_Mail_Transfer_Protocol\">SMTP <\/a>(tambi\u00e9n llamado correo electr\u00f3nico).<\/p>\n\t<h4><strong>Obtenga un acceso inmediato<\/strong><\/h4>\n<p>Para conectarse, es necesario un nombre de usuario y una contrase\u00f1a. <strong>Puede hacerlo creando una cuenta de prueba en esta p\u00e1gina.<\/strong><\/p>\n<p>Obtener un nombre de usuario es gratuito. Crear una cuenta en nuestra pasarela es gratis y la suscripci\u00f3n cuesta 0,- DKK.<br \/>Favorecemos una pol\u00edtica de precios transparente, por lo que no hay costes ocultos ni suscripciones. Nuestros clientes pagan un precio medido, es decir, s\u00f3lo por los SMS que env\u00edan. Puede consultar nuestra tarifa actualizada <a title=\"Precios de la pasarela SMS, sin instalaci\u00f3n ni suscripci\u00f3n\" href=\"https:\/\/suresms.com\/es\/precios-de-las-pasarelas-sms\/\">Precios<\/a>\u00a0Toma.<\/p>\n<p>Con los 50 mensajes gratuitos que recibes al crear una cuenta de prueba, tienes la oportunidad de probar nuestra pasarela de SMS sin pagar. NO es necesario que facilites los datos de tu tarjeta de cr\u00e9dito para abrir una cuenta de prueba.<\/p>\n\t\t\t\t<img decoding=\"async\" src=\"https:\/\/suresms.com\/wp-content\/uploads\/2022\/08\/Webinterface-1-1.png\" alt=\"Enviar SMS desde el PC\" itemprop=\"image\" height=\"1557\" width=\"2665\" title=\"Interfaz web de SureSMS\" onerror=\"this.style.display='none'\" loading=\"lazy\" \/>\n\t<h4><strong>API f\u00e1cil de integrar y muchas funciones\u00a0<\/strong><\/h4>\n<p>Nos encanta desarrollar y nuestros clientes nos utilizan de muchas formas distintas. Estamos orgullosos de ello.<\/p>\n<p>A lo largo de los a\u00f1os, hemos desarrollado muchas caracter\u00edsticas y funciones para nuestros clientes. Encontrar\u00e1 muchas de ellas descritas en los men\u00fas de este sitio web, pero si no encuentra lo que busca, p\u00f3ngase en contacto con nosotros. Cubrimos casi todo, y siempre aceptamos nuevos retos.<\/p>\n<p>\u00bfEs usted desarrollador y quiere saber m\u00e1s sobre nuestra API? Consulte nuestras p\u00e1ginas para desarrolladores o ll\u00e1menos al tel.: 50 322 322. Tambi\u00e9n puede <a title=\"P\u00f3ngase en contacto con nosotros\" href=\"https:\/\/suresms.com\/es\/pongase-en-contacto-con\/\">Env\u00edenos un mensaje aqu\u00ed.<\/a><\/p>\n\t\t\t\t<img decoding=\"async\" src=\"https:\/\/suresms.com\/wp-content\/uploads\/2022\/06\/API-connection-1.png\" alt=\"Enviar SMS con API\" itemprop=\"image\" height=\"528\" width=\"960\" title=\"Conexi\u00f3n API\" onerror=\"this.style.display='none'\" loading=\"lazy\" \/>\n\t<h4><strong>Aqu\u00ed puedes leer algunos ejemplos de c\u00f3mo nuestros clientes utilizan hoy nuestro servicio de SMS en l\u00ednea:<\/strong><\/h4>\n<ul>\n<li>Una organizaci\u00f3n sindical danesa utiliza nuestro servicio de SMS en l\u00ednea para enviar boletines a sus clientes. Obviamente, es m\u00e1s f\u00e1cil enviar boletines largos a trav\u00e9s del teclado m\u00e1s grande de un ordenador, y adem\u00e1s permite adjuntar enlaces con art\u00edculos relevantes para los miembros de la organizaci\u00f3n.<\/li>\n<li>Una organizaci\u00f3n de caza de Zelanda ha creado una cuenta en nuestro portal. Como los miembros de la asociaci\u00f3n se turnan para organizar las cacer\u00edas, todos tienen un acceso a la cuenta de la asociaci\u00f3n desde el que env\u00edan mensajes sobre las pr\u00f3ximas cacer\u00edas a los dem\u00e1s miembros.<\/li>\n<li>Una empresa de calefacci\u00f3n utiliza nuestra pasarela para notificar a los residentes las interrupciones del suministro. Por ejemplo, cuando se corta la calefacci\u00f3n por reparaciones en una zona determinada, los n\u00fameros de tel\u00e9fono se extraen del sistema de la empresa de calefacci\u00f3n y se pegan en nuestro sitio web, desde donde pueden enviar un mensaje a todos los hogares afectados.<\/li>\n<\/ul>","protected":false},"excerpt":{"rendered":"<p>Env\u00eda SMS desde tu PC o Mac con nuestro remitente de SMS en l\u00ednea Es mucho m\u00e1s r\u00e1pido y f\u00e1cil enviar mensajes SMS desde tu ordenador que desde tu tel\u00e9fono. Adem\u00e1s, tienes muchas m\u00e1s opciones si utilizas un PC o un Mac. Por ejemplo, puedes adjuntar archivos PDF, crear listas ilimitadas, enviar v\u00eddeos (que el destinatario ... <a title=\"Enviar SMS desde el PC\" class=\"read-more\" href=\"https:\/\/suresms.com\/es\/funktioner\/send-sms-fra-pc\/\" aria-label=\"Leer m\u00e1s sobre Enviar SMS desde el PC\">M\u00e1s informaci\u00f3n<\/a><\/p>","protected":false},"author":1,"featured_media":0,"parent":958,"menu_order":2,"comment_status":"closed","ping_status":"closed","template":"","meta":{"_fl_builder_enabled":"1","_fl_builder_data":null,"_fl_builder_draft":null,"_fl_builder_data_settings":null,"_fl_builder_css":"","_fl_builder_css_version":"","_fl_builder_js":"","footnotes":""},"categories":[17],"tags":[],"class_list":{"0":"post-15657","1":"page","2":"type-page","3":"status-publish","5":"category-linkfracornorstone"},"yoast_head":"<!-- This site is optimized with the Yoast SEO Premium plugin v27.3 (Yoast SEO v27.3) - https:\/\/yoast.com\/product\/yoast-seo-premium-wordpress\/ -->\r\n<title>Send SMS fra PC - Send SMS fra Mac - Send SMS fra computer<\/title>\r\n<meta name=\"description\" content=\"Send SMS fra PC eller Send SMS fra Mac. Fordele ved at sende fra computer er arkivering, hastighed og deling af kontakter. Pr\u00f8v det gratis.\" \/>\r\n<meta name=\"robots\" content=\"index, follow, max-snippet:-1, max-image-preview:large, max-video-preview:-1\" \/>\r\n<link rel=\"canonical\" href=\"https:\/\/suresms.com\/es\/caracteristicas\/enviar-sms-desde-pc\/\" \/>\r\n<meta property=\"og:locale\" content=\"es_ES\" \/>\r\n<meta property=\"og:type\" content=\"article\" \/>\r\n<meta property=\"og:title\" content=\"Send sms fra PC\" \/>\r\n<meta property=\"og:description\" content=\"Send SMS fra PC eller Send SMS fra Mac. Fordele ved at sende fra computer er arkivering, hastighed og deling af kontakter. Pr\u00f8v det gratis.\" \/>\r\n<meta property=\"og:url\" content=\"https:\/\/suresms.com\/es\/caracteristicas\/enviar-sms-desde-pc\/\" \/>\r\n<meta property=\"article:publisher\" content=\"https:\/\/www.facebook.com\/p\/SureSMS-100044607956149\/\" \/>\r\n<meta property=\"article:modified_time\" content=\"2025-11-06T05:51:06+00:00\" \/>\r\n<meta property=\"og:image\" content=\"https:\/\/suresms.com\/wp-content\/uploads\/2022\/06\/Send-sms-online-1.png\" \/>\r\n<meta name=\"twitter:card\" content=\"summary_large_image\" \/>\r\n<meta name=\"twitter:label1\" content=\"Tiempo de lectura\" \/>\n\t<meta name=\"twitter:data1\" content=\"9 minutos\" \/>\r\n<script type=\"application\/ld+json\" class=\"yoast-schema-graph\">{\"@context\":\"https:\\\/\\\/schema.org\",\"@graph\":[{\"@type\":\"WebPage\",\"@id\":\"https:\\\/\\\/suresms.com\\\/dk\\\/funktioner\\\/send-sms-fra-pc\\\/\",\"url\":\"https:\\\/\\\/suresms.com\\\/dk\\\/funktioner\\\/send-sms-fra-pc\\\/\",\"name\":\"Send SMS fra PC - Send SMS fra Mac - Send SMS fra computer\",\"isPartOf\":{\"@id\":\"https:\\\/\\\/suresms.com\\\/en\\\/#website\"},\"primaryImageOfPage\":{\"@id\":\"https:\\\/\\\/suresms.com\\\/dk\\\/funktioner\\\/send-sms-fra-pc\\\/#primaryimage\"},\"image\":{\"@id\":\"https:\\\/\\\/suresms.com\\\/dk\\\/funktioner\\\/send-sms-fra-pc\\\/#primaryimage\"},\"thumbnailUrl\":\"https:\\\/\\\/suresms.com\\\/wp-content\\\/uploads\\\/2022\\\/06\\\/Send-sms-online-1.png\",\"datePublished\":\"2022-06-29T21:49:16+00:00\",\"dateModified\":\"2025-11-06T05:51:06+00:00\",\"description\":\"Send SMS fra PC eller Send SMS fra Mac. Fordele ved at sende fra computer er arkivering, hastighed og deling af kontakter. Pr\u00f8v det gratis.\",\"breadcrumb\":{\"@id\":\"https:\\\/\\\/suresms.com\\\/dk\\\/funktioner\\\/send-sms-fra-pc\\\/#breadcrumb\"},\"inLanguage\":\"es\",\"potentialAction\":[{\"@type\":\"ReadAction\",\"target\":[\"https:\\\/\\\/suresms.com\\\/dk\\\/funktioner\\\/send-sms-fra-pc\\\/\"]}]},{\"@type\":\"ImageObject\",\"inLanguage\":\"es\",\"@id\":\"https:\\\/\\\/suresms.com\\\/dk\\\/funktioner\\\/send-sms-fra-pc\\\/#primaryimage\",\"url\":\"https:\\\/\\\/suresms.com\\\/wp-content\\\/uploads\\\/2022\\\/06\\\/Send-sms-online-1.png\",\"contentUrl\":\"https:\\\/\\\/suresms.com\\\/wp-content\\\/uploads\\\/2022\\\/06\\\/Send-sms-online-1.png\"},{\"@type\":\"BreadcrumbList\",\"@id\":\"https:\\\/\\\/suresms.com\\\/dk\\\/funktioner\\\/send-sms-fra-pc\\\/#breadcrumb\",\"itemListElement\":[{\"@type\":\"ListItem\",\"position\":1,\"name\":\"Home\",\"item\":\"https:\\\/\\\/suresms.com\\\/dk\\\/\"},{\"@type\":\"ListItem\",\"position\":2,\"name\":\"Funktioner\",\"item\":\"https:\\\/\\\/suresms.com\\\/dk\\\/funktioner\\\/\"},{\"@type\":\"ListItem\",\"position\":3,\"name\":\"Send sms fra PC\"}]},{\"@type\":\"WebSite\",\"@id\":\"https:\\\/\\\/suresms.com\\\/en\\\/#website\",\"url\":\"https:\\\/\\\/suresms.com\\\/en\\\/\",\"name\":\"SureSMS\",\"description\":\"Professionel SMS Gateway\",\"publisher\":{\"@id\":\"https:\\\/\\\/suresms.com\\\/en\\\/#organization\"},\"potentialAction\":[{\"@type\":\"SearchAction\",\"target\":{\"@type\":\"EntryPoint\",\"urlTemplate\":\"https:\\\/\\\/suresms.com\\\/en\\\/?s={search_term_string}\"},\"query-input\":{\"@type\":\"PropertyValueSpecification\",\"valueRequired\":true,\"valueName\":\"search_term_string\"}}],\"inLanguage\":\"es\"},{\"@type\":\"Organization\",\"@id\":\"https:\\\/\\\/suresms.com\\\/en\\\/#organization\",\"name\":\"SureSMS\",\"url\":\"https:\\\/\\\/suresms.com\\\/en\\\/\",\"logo\":{\"@type\":\"ImageObject\",\"inLanguage\":\"es\",\"@id\":\"https:\\\/\\\/suresms.com\\\/en\\\/#\\\/schema\\\/logo\\\/image\\\/\",\"url\":\"https:\\\/\\\/suresms.com\\\/wp-content\\\/uploads\\\/2024\\\/11\\\/suresms-300x65-1.png\",\"contentUrl\":\"https:\\\/\\\/suresms.com\\\/wp-content\\\/uploads\\\/2024\\\/11\\\/suresms-300x65-1.png\",\"width\":300,\"height\":65,\"caption\":\"SureSMS\"},\"image\":{\"@id\":\"https:\\\/\\\/suresms.com\\\/en\\\/#\\\/schema\\\/logo\\\/image\\\/\"},\"sameAs\":[\"https:\\\/\\\/www.facebook.com\\\/p\\\/SureSMS-100044607956149\\\/\"]}]}<\/script>\r\n<!-- \/ Yoast SEO Premium plugin. -->","yoast_head_json":{"title":"Enviar SMS desde PC - Enviar SMS desde Mac - Enviar SMS desde ordenador","description":"Enviar SMS desde PC o Enviar SMS desde Mac. Las ventajas de enviar desde el ordenador son el archivado, la velocidad y la posibilidad de compartir contactos. Pru\u00e9balo gratis.","robots":{"index":"index","follow":"follow","max-snippet":"max-snippet:-1","max-image-preview":"max-image-preview:large","max-video-preview":"max-video-preview:-1"},"canonical":"https:\/\/suresms.com\/es\/caracteristicas\/enviar-sms-desde-pc\/","og_locale":"es_ES","og_type":"article","og_title":"Send sms fra PC","og_description":"Send SMS fra PC eller Send SMS fra Mac. Fordele ved at sende fra computer er arkivering, hastighed og deling af kontakter. Pr\u00f8v det gratis.","og_url":"https:\/\/suresms.com\/es\/caracteristicas\/enviar-sms-desde-pc\/","article_publisher":"https:\/\/www.facebook.com\/p\/SureSMS-100044607956149\/","article_modified_time":"2025-11-06T05:51:06+00:00","og_image":[{"url":"https:\/\/suresms.com\/wp-content\/uploads\/2022\/06\/Send-sms-online-1.png","type":"","width":"","height":""}],"twitter_card":"summary_large_image","twitter_misc":{"Tiempo de lectura":"9 minutos"},"schema":{"@context":"https:\/\/schema.org","@graph":[{"@type":"WebPage","@id":"https:\/\/suresms.com\/dk\/funktioner\/send-sms-fra-pc\/","url":"https:\/\/suresms.com\/dk\/funktioner\/send-sms-fra-pc\/","name":"Enviar SMS desde PC - Enviar SMS desde Mac - Enviar SMS desde ordenador","isPartOf":{"@id":"https:\/\/suresms.com\/en\/#website"},"primaryImageOfPage":{"@id":"https:\/\/suresms.com\/dk\/funktioner\/send-sms-fra-pc\/#primaryimage"},"image":{"@id":"https:\/\/suresms.com\/dk\/funktioner\/send-sms-fra-pc\/#primaryimage"},"thumbnailUrl":"https:\/\/suresms.com\/wp-content\/uploads\/2022\/06\/Send-sms-online-1.png","datePublished":"2022-06-29T21:49:16+00:00","dateModified":"2025-11-06T05:51:06+00:00","description":"Enviar SMS desde PC o Enviar SMS desde Mac. Las ventajas de enviar desde el ordenador son el archivado, la velocidad y la posibilidad de compartir contactos. Pru\u00e9balo gratis.","breadcrumb":{"@id":"https:\/\/suresms.com\/dk\/funktioner\/send-sms-fra-pc\/#breadcrumb"},"inLanguage":"es","potentialAction":[{"@type":"ReadAction","target":["https:\/\/suresms.com\/dk\/funktioner\/send-sms-fra-pc\/"]}]},{"@type":"ImageObject","inLanguage":"es","@id":"https:\/\/suresms.com\/dk\/funktioner\/send-sms-fra-pc\/#primaryimage","url":"https:\/\/suresms.com\/wp-content\/uploads\/2022\/06\/Send-sms-online-1.png","contentUrl":"https:\/\/suresms.com\/wp-content\/uploads\/2022\/06\/Send-sms-online-1.png"},{"@type":"BreadcrumbList","@id":"https:\/\/suresms.com\/dk\/funktioner\/send-sms-fra-pc\/#breadcrumb","itemListElement":[{"@type":"ListItem","position":1,"name":"Home","item":"https:\/\/suresms.com\/dk\/"},{"@type":"ListItem","position":2,"name":"Funktioner","item":"https:\/\/suresms.com\/dk\/funktioner\/"},{"@type":"ListItem","position":3,"name":"Send sms fra PC"}]},{"@type":"WebSite","@id":"https:\/\/suresms.com\/en\/#website","url":"https:\/\/suresms.com\/en\/","name":"SureSMS","description":"Pasarela SMS profesional","publisher":{"@id":"https:\/\/suresms.com\/en\/#organization"},"potentialAction":[{"@type":"SearchAction","target":{"@type":"EntryPoint","urlTemplate":"https:\/\/suresms.com\/en\/?s={search_term_string}"},"query-input":{"@type":"PropertyValueSpecification","valueRequired":true,"valueName":"search_term_string"}}],"inLanguage":"es"},{"@type":"Organization","@id":"https:\/\/suresms.com\/en\/#organization","name":"SureSMS","url":"https:\/\/suresms.com\/en\/","logo":{"@type":"ImageObject","inLanguage":"es","@id":"https:\/\/suresms.com\/en\/#\/schema\/logo\/image\/","url":"https:\/\/suresms.com\/wp-content\/uploads\/2024\/11\/suresms-300x65-1.png","contentUrl":"https:\/\/suresms.com\/wp-content\/uploads\/2024\/11\/suresms-300x65-1.png","width":300,"height":65,"caption":"SureSMS"},"image":{"@id":"https:\/\/suresms.com\/en\/#\/schema\/logo\/image\/"},"sameAs":["https:\/\/www.facebook.com\/p\/SureSMS-100044607956149\/"]}]}},"_links":{"self":[{"href":"https:\/\/suresms.com\/es\/wp-json\/wp\/v2\/pages\/15657","targetHints":{"allow":["GET"]}}],"collection":[{"href":"https:\/\/suresms.com\/es\/wp-json\/wp\/v2\/pages"}],"about":[{"href":"https:\/\/suresms.com\/es\/wp-json\/wp\/v2\/types\/page"}],"author":[{"embeddable":true,"href":"https:\/\/suresms.com\/es\/wp-json\/wp\/v2\/users\/1"}],"replies":[{"embeddable":true,"href":"https:\/\/suresms.com\/es\/wp-json\/wp\/v2\/comments?post=15657"}],"version-history":[{"count":6,"href":"https:\/\/suresms.com\/es\/wp-json\/wp\/v2\/pages\/15657\/revisions"}],"predecessor-version":[{"id":23528,"href":"https:\/\/suresms.com\/es\/wp-json\/wp\/v2\/pages\/15657\/revisions\/23528"}],"up":[{"embeddable":true,"href":"https:\/\/suresms.com\/es\/wp-json\/wp\/v2\/pages\/958"}],"wp:attachment":[{"href":"https:\/\/suresms.com\/es\/wp-json\/wp\/v2\/media?parent=15657"}],"wp:term":[{"taxonomy":"category","embeddable":true,"href":"https:\/\/suresms.com\/es\/wp-json\/wp\/v2\/categories?post=15657"},{"taxonomy":"post_tag","embeddable":true,"href":"https:\/\/suresms.com\/es\/wp-json\/wp\/v2\/tags?post=15657"}],"curies":[{"name":"wp","href":"https:\/\/api.w.org\/{rel}","templated":true}]}}