{"id":1507,"date":"2016-01-14T15:20:23","date_gmt":"2016-01-14T13:20:23","guid":{"rendered":"https:\/\/www.suresms.com\/dk\/?page_id=1507"},"modified":"2025-11-13T10:54:51","modified_gmt":"2025-11-13T10:54:51","slug":"precios-y-pago","status":"publish","type":"page","link":"https:\/\/suresms.com\/es\/om-suresms\/priser-og-betaling\/","title":{"rendered":"Precios y formas de pago"},"content":{"rendered":"<h1>Precios y formas de pago<\/h1>\n<p>Con SureSMS tiene la opci\u00f3n de elegir nuestro <a href=\"https:\/\/suresms.com\/es\/pida\/cuenta-de-prueba-de-sms-gratis\/\">Cuenta Gateway<\/a>en el que s\u00f3lo pagas por los SMS que env\u00edas, o uno de nuestros <a href=\"https:\/\/suresms.com\/es\/caracteristicas\/recibe-mensajes-de-texto-en-tu-ordenador\/\">Soluciones bidireccionales<\/a>donde pagas una suscripci\u00f3n mensual m\u00e1s la tarifa SMS.<\/p>\n<p>(Todos los precios de esta p\u00e1gina son en coronas danesas, sin IVA)<\/p>\n\t<h2>Tarifas SMS<\/h2>\n<p>En SureSMS tenemos acuerdos especialmente buenos con las compa\u00f1\u00edas de telecomunicaciones de los pa\u00edses n\u00f3rdicos, pero por supuesto podemos enviar a cualquier parte del mundo con cobertura m\u00f3vil.<\/p>\n<ul>\n<li>\n<ul>\n<li>Dinamarca 0,31 DKK\/SMS<\/li>\n<\/ul>\n<\/li>\n<\/ul>\n<ul>\n<li>\n<ul>\n<li>Suecia 0,23 DKK\/SMS<\/li>\n<\/ul>\n<\/li>\n<\/ul>\n<ul>\n<li>\n<ul>\n<li>Noruega 0,25 DKK\/SMS<\/li>\n<\/ul>\n<\/li>\n<\/ul>\n<ul>\n<li>\n<ul>\n<li>Finlandia 0,29 DKK\/SMS<\/li>\n<\/ul>\n<\/li>\n<\/ul>\n<ul>\n<li>\n<ul>\n<li>Groenlandia 0,07 DKK\/SMS<\/li>\n<\/ul>\n<\/li>\n<\/ul>\n<ul>\n<li>\n<ul>\n<li>Islas Feroe 0,25 DKK\/SMS<\/li>\n<\/ul>\n<\/li>\n<\/ul>\n<ul>\n<li>\n<ul>\n<li>Resto del mundo x-x kr\/SMS<\/li>\n<\/ul>\n<\/li>\n<\/ul>\n<p>&nbsp;<\/p>\n<p>No dudes en ponerte en contacto con nosotros si tienes alguna duda sobre los precios en Europa o el resto del mundo. Si necesitas enviar muchos SMS, probablemente tambi\u00e9n podamos negociar un buen precio.<\/p>\n<ul>\n<li>\n<ul>\n<li>N\u00famero de tel\u00e9fono SMS entrante 99,00 kr\/mes<\/li>\n<\/ul>\n<\/li>\n<\/ul>\n<ul>\n<li>\n<ul>\n<li>N\u00famero de tel\u00e9fono entrante propio en la tarjeta SIM 199,00 coronas al mes<\/li>\n<\/ul>\n<\/li>\n<\/ul>\n<ul>\n<li>\n<ul>\n<li>Adjuntar archivos a SMS 0,20 kr\/SMS<\/li>\n<\/ul>\n<\/li>\n<\/ul>\n<p>&nbsp;<\/p>\n\t<h1>Formas de pago<\/h1>\n<p>Ofrecemos varias opciones de pago flexibles para nuestros clientes.<\/p>\n<ul>\n<li>\n<ul>\n<li>Con la cuenta de la pasarela SureSMS, suele comprar SMS con tarjetas de cr\u00e9dito directamente desde nuestro sitio web. Recibir\u00e1s un correo electr\u00f3nico nuestro cuando llegue el momento de recargar. Inmediatamente despu\u00e9s del pago, recibir\u00e1s una factura nuestra.<\/li>\n<\/ul>\n<\/li>\n<\/ul>\n<ul>\n<li>\n<ul>\n<li>Facture a su contable una vez al mes o al trimestre en funci\u00f3n del consumo del periodo anterior. Si eliges la facturaci\u00f3n basada en el consumo, hay una facturaci\u00f3n m\u00ednima de 100,- al mes.<\/li>\n<\/ul>\n<\/li>\n<\/ul>\n<ul>\n<li>\n<ul>\n<li>Factura con pago anticipado de, por ejemplo, 200 o 1000 DKK, ingresado en su cuenta SMS.<\/li>\n<\/ul>\n<\/li>\n<\/ul>\n<ul>\n<li>\n<ul>\n<li>Facturaci\u00f3n con n\u00famero EAN. Si representa a una instituci\u00f3n p\u00fablica, tenemos la opci\u00f3n de enviarle la factura mediante n\u00famero EAN.<\/li>\n<\/ul>\n<\/li>\n<\/ul>\n<p>NOTA Aceptamos MasterCard, Visa y MobilePay. <\/p>\n\t<h1>Exceso de saldo al cierre de la cuenta<\/h1>\n<p>Si elige el pago por adelantado o el pago con tarjeta de cr\u00e9dito, es importante tener en cuenta que no se abonar\u00e1 el importe sobrante si la cuenta se desactiva o se cierra posteriormente.<\/p>\n<p>Los fondos depositados se utilizan exclusivamente para el uso de SMS y servicios relacionados, y cualquier saldo restante se cancelar\u00e1 al cancelar la cuenta. Esto se aplica independientemente de si el pago se realiza como prepago \u00fanico o recargas continuas mediante tarjeta de cr\u00e9dito.<\/p>\n\t<h2>La letra peque\u00f1a<\/h2>\n<p>Recuerde que un mensaje SMS siempre puede contener un m\u00e1ximo de 160 caracteres, incluidos los espacios.<\/p>\n<p>Si tu mensaje supera los 160 caracteres, en la pr\u00e1ctica se enviar\u00e1 como SMS separados y se combinar\u00e1n en un solo texto largo en el tel\u00e9fono del destinatario. Como cliente, tendr\u00e1s que pagar por el n\u00famero de SMS que enviemos, por lo que los SMS m\u00e1s largos ser\u00e1n ligeramente m\u00e1s caros.<\/p>\n<p>En nuestra aplicaci\u00f3n en l\u00ednea hay un contador para que siempre puedas ver cu\u00e1ntos caracteres\/SMS llevas mientras escribes tus mensajes de texto.<\/p>\n<p>&nbsp;<\/p>\n<table>\n<thead>\n<tr>\n<th>N\u00famero de caracteres<\/th>\n<th>N\u00famero de SMS<\/th>\n<\/tr>\n<\/thead>\n<tbody>\n<tr>\n<td>0 - 160 caracteres<\/td>\n<td>1 segmento<\/td>\n<\/tr>\n<tr>\n<td>161 - 306 caracteres<\/td>\n<td>2 segmentos<\/td>\n<\/tr>\n<tr>\n<td>307 - 459 caracteres<\/td>\n<td>3 segmentos<\/td>\n<\/tr>\n<tr>\n<td>460 - 612 caracteres<\/td>\n<td>4 segmentos<\/td>\n<\/tr>\n<tr>\n<td>613 - 765 caracteres<\/td>\n<td>5 segmentos<\/td>\n<\/tr>\n<tr>\n<td>766 - 918 caracteres<\/td>\n<td>6 segmentos<\/td>\n<\/tr>\n<tr>\n<td>919 - 1071 caracteres<\/td>\n<td>7 segmentos<\/td>\n<\/tr>\n<tr>\n<td>1072 - 1224 caracteres<\/td>\n<td>8 segmentos<\/td>\n<\/tr>\n<tr>\n<td>1225 - 1377 caracteres<\/td>\n<td>9 segmentos<\/td>\n<\/tr>\n<tr>\n<td>1378 - 1530 caracteres<\/td>\n<td>10 segmentos<\/td>\n<\/tr>\n<\/tbody>\n<\/table>\n<p>Si eliges enviar caracteres que no est\u00e1n en el alfabeto \"normal\", como los emojis, el texto se env\u00eda de forma diferente y se reduce el n\u00famero de caracteres que puede haber en el mensaje seg\u00fan la siguiente tabla.<\/p>\n<p>&nbsp;<\/p>\n<table>\n<thead>\n<tr>\n<th>N\u00famero de caracteres<\/th>\n<th>N\u00famero de SMS<\/th>\n<\/tr>\n<\/thead>\n<tbody>\n<tr>\n<td>0 - 70 caracteres<\/td>\n<td>1 segmento<\/td>\n<\/tr>\n<tr>\n<td>71 - 134 caracteres<\/td>\n<td>2 segmentos<\/td>\n<\/tr>\n<tr>\n<td>135 - 201 caracteres<\/td>\n<td>3 segmentos<\/td>\n<\/tr>\n<tr>\n<td>202 - 268 caracteres<\/td>\n<td>4 segmentos<\/td>\n<\/tr>\n<tr>\n<td>269 - 335 caracteres<\/td>\n<td>5 segmentos<\/td>\n<\/tr>\n<tr>\n<td>336 - 402 caracteres<\/td>\n<td>6 segmentos<\/td>\n<\/tr>\n<tr>\n<td>403 - 469 caracteres<\/td>\n<td>7 segmentos<\/td>\n<\/tr>\n<tr>\n<td>470 - 536 caracteres<\/td>\n<td>8 segmentos<\/td>\n<\/tr>\n<tr>\n<td>537 - 603 caracteres<\/td>\n<td>9 segmentos<\/td>\n<\/tr>\n<tr>\n<td>604 - 670 caracteres<\/td>\n<td>10 segmentos<\/td>\n<\/tr>\n<\/tbody>\n<\/table>\n<p>&nbsp;<\/p>\n<p>Ten en cuenta tambi\u00e9n que t\u00e9cnicamente no es posible enviar mensajes SMS a n\u00fameros de 3, 4 \u00f3 5 cifras, los llamados c\u00f3digos cortos, desde la pasarela SMS de Sure.<\/p>","protected":false},"excerpt":{"rendered":"<p>Precios y pago Con SureSMS tienes la opci\u00f3n de elegir nuestra Cuenta Gateway, en la que s\u00f3lo pagas por los mensajes SMS que env\u00edas, o una de nuestras soluciones bidireccionales, en la que pagas una suscripci\u00f3n mensual m\u00e1s la tarifa SMS. (Todos los precios de esta p\u00e1gina est\u00e1n en coronas danesas, IVA no incluido) Tarifas SMS En SureSMS hemos... <a title=\"Precios y formas de pago\" class=\"read-more\" href=\"https:\/\/suresms.com\/es\/om-suresms\/priser-og-betaling\/\" aria-label=\"Leer m\u00e1s sobre Precios y pago\">M\u00e1s informaci\u00f3n<\/a><\/p>","protected":false},"author":1,"featured_media":0,"parent":18594,"menu_order":26,"comment_status":"closed","ping_status":"closed","template":"","meta":{"_fl_builder_enabled":"1","_fl_builder_data":null,"_fl_builder_draft":null,"_fl_builder_data_settings":null,"_fl_builder_css":"","_fl_builder_css_version":"","_fl_builder_js":"","footnotes":""},"categories":[],"tags":[],"class_list":["post-1507","page","type-page","status-publish"],"yoast_head":"<!-- This site is optimized with the Yoast SEO Premium plugin v27.3 (Yoast SEO v27.3) - https:\/\/yoast.com\/product\/yoast-seo-premium-wordpress\/ -->\r\n<title>Betaling - SureSMS. Gratis faktura. SE info om betaling her!<\/title>\r\n<meta name=\"description\" content=\"Hos SureSMS har du mulighed for at v\u00e6lge forskellige betalingsformer. \u00d8nsker du en faktura sender vi selvf\u00f8lgelig GRATIS faktura til alle vore kunder.\" \/>\r\n<meta name=\"robots\" content=\"index, follow, max-snippet:-1, max-image-preview:large, max-video-preview:-1\" \/>\r\n<link rel=\"canonical\" href=\"https:\/\/suresms.com\/es\/acerca-de-suresms\/precios-y-pago\/\" \/>\r\n<meta property=\"og:locale\" content=\"es_ES\" \/>\r\n<meta property=\"og:type\" content=\"article\" \/>\r\n<meta property=\"og:title\" content=\"Priser og betaling\" \/>\r\n<meta property=\"og:description\" content=\"Hos SureSMS har du mulighed for at v\u00e6lge forskellige betalingsformer. \u00d8nsker du en faktura sender vi selvf\u00f8lgelig GRATIS faktura til alle vore kunder.\" \/>\r\n<meta property=\"og:url\" content=\"https:\/\/suresms.com\/es\/acerca-de-suresms\/precios-y-pago\/\" \/>\r\n<meta property=\"article:publisher\" content=\"https:\/\/www.facebook.com\/p\/SureSMS-100044607956149\/\" \/>\r\n<meta property=\"article:modified_time\" content=\"2025-11-13T10:54:51+00:00\" \/>\r\n<meta name=\"twitter:card\" content=\"summary_large_image\" \/>\r\n<meta name=\"twitter:label1\" content=\"Tiempo de lectura\" \/>\n\t<meta name=\"twitter:data1\" content=\"3 minutos\" \/>\r\n<script type=\"application\/ld+json\" class=\"yoast-schema-graph\">{\"@context\":\"https:\\\/\\\/schema.org\",\"@graph\":[{\"@type\":\"WebPage\",\"@id\":\"https:\\\/\\\/suresms.com\\\/dk\\\/om-suresms\\\/priser-og-betaling\\\/\",\"url\":\"https:\\\/\\\/suresms.com\\\/dk\\\/om-suresms\\\/priser-og-betaling\\\/\",\"name\":\"Betaling - SureSMS. Gratis faktura. SE info om betaling her!\",\"isPartOf\":{\"@id\":\"https:\\\/\\\/suresms.com\\\/en\\\/#website\"},\"datePublished\":\"2016-01-14T13:20:23+00:00\",\"dateModified\":\"2025-11-13T10:54:51+00:00\",\"description\":\"Hos SureSMS har du mulighed for at v\u00e6lge forskellige betalingsformer. \u00d8nsker du en faktura sender vi selvf\u00f8lgelig GRATIS faktura til alle vore kunder.\",\"breadcrumb\":{\"@id\":\"https:\\\/\\\/suresms.com\\\/dk\\\/om-suresms\\\/priser-og-betaling\\\/#breadcrumb\"},\"inLanguage\":\"es\",\"potentialAction\":[{\"@type\":\"ReadAction\",\"target\":[\"https:\\\/\\\/suresms.com\\\/dk\\\/om-suresms\\\/priser-og-betaling\\\/\"]}]},{\"@type\":\"BreadcrumbList\",\"@id\":\"https:\\\/\\\/suresms.com\\\/dk\\\/om-suresms\\\/priser-og-betaling\\\/#breadcrumb\",\"itemListElement\":[{\"@type\":\"ListItem\",\"position\":1,\"name\":\"Home\",\"item\":\"https:\\\/\\\/suresms.com\\\/dk\\\/\"},{\"@type\":\"ListItem\",\"position\":2,\"name\":\"Om SureSMS\",\"item\":\"https:\\\/\\\/suresms.com\\\/dk\\\/om-suresms\\\/\"},{\"@type\":\"ListItem\",\"position\":3,\"name\":\"Priser og betaling\"}]},{\"@type\":\"WebSite\",\"@id\":\"https:\\\/\\\/suresms.com\\\/en\\\/#website\",\"url\":\"https:\\\/\\\/suresms.com\\\/en\\\/\",\"name\":\"SureSMS\",\"description\":\"Professionel SMS Gateway\",\"publisher\":{\"@id\":\"https:\\\/\\\/suresms.com\\\/en\\\/#organization\"},\"potentialAction\":[{\"@type\":\"SearchAction\",\"target\":{\"@type\":\"EntryPoint\",\"urlTemplate\":\"https:\\\/\\\/suresms.com\\\/en\\\/?s={search_term_string}\"},\"query-input\":{\"@type\":\"PropertyValueSpecification\",\"valueRequired\":true,\"valueName\":\"search_term_string\"}}],\"inLanguage\":\"es\"},{\"@type\":\"Organization\",\"@id\":\"https:\\\/\\\/suresms.com\\\/en\\\/#organization\",\"name\":\"SureSMS\",\"url\":\"https:\\\/\\\/suresms.com\\\/en\\\/\",\"logo\":{\"@type\":\"ImageObject\",\"inLanguage\":\"es\",\"@id\":\"https:\\\/\\\/suresms.com\\\/en\\\/#\\\/schema\\\/logo\\\/image\\\/\",\"url\":\"https:\\\/\\\/suresms.com\\\/wp-content\\\/uploads\\\/2024\\\/11\\\/suresms-300x65-1.png\",\"contentUrl\":\"https:\\\/\\\/suresms.com\\\/wp-content\\\/uploads\\\/2024\\\/11\\\/suresms-300x65-1.png\",\"width\":300,\"height\":65,\"caption\":\"SureSMS\"},\"image\":{\"@id\":\"https:\\\/\\\/suresms.com\\\/en\\\/#\\\/schema\\\/logo\\\/image\\\/\"},\"sameAs\":[\"https:\\\/\\\/www.facebook.com\\\/p\\\/SureSMS-100044607956149\\\/\"]}]}<\/script>\r\n<!-- \/ Yoast SEO Premium plugin. -->","yoast_head_json":{"title":"Pago - SureSMS. Factura gratuita. \u00a1VER informaci\u00f3n de pago aqu\u00ed!","description":"En SureSMS tiene la opci\u00f3n de elegir diferentes m\u00e9todos de pago. Si desea una factura, por supuesto enviaremos una factura GRATUITA a todos nuestros clientes.","robots":{"index":"index","follow":"follow","max-snippet":"max-snippet:-1","max-image-preview":"max-image-preview:large","max-video-preview":"max-video-preview:-1"},"canonical":"https:\/\/suresms.com\/es\/acerca-de-suresms\/precios-y-pago\/","og_locale":"es_ES","og_type":"article","og_title":"Priser og betaling","og_description":"Hos SureSMS har du mulighed for at v\u00e6lge forskellige betalingsformer. \u00d8nsker du en faktura sender vi selvf\u00f8lgelig GRATIS faktura til alle vore kunder.","og_url":"https:\/\/suresms.com\/es\/acerca-de-suresms\/precios-y-pago\/","article_publisher":"https:\/\/www.facebook.com\/p\/SureSMS-100044607956149\/","article_modified_time":"2025-11-13T10:54:51+00:00","twitter_card":"summary_large_image","twitter_misc":{"Tiempo de lectura":"3 minutos"},"schema":{"@context":"https:\/\/schema.org","@graph":[{"@type":"WebPage","@id":"https:\/\/suresms.com\/dk\/om-suresms\/priser-og-betaling\/","url":"https:\/\/suresms.com\/dk\/om-suresms\/priser-og-betaling\/","name":"Pago - SureSMS. Factura gratuita. \u00a1VER informaci\u00f3n de pago aqu\u00ed!","isPartOf":{"@id":"https:\/\/suresms.com\/en\/#website"},"datePublished":"2016-01-14T13:20:23+00:00","dateModified":"2025-11-13T10:54:51+00:00","description":"En SureSMS tiene la opci\u00f3n de elegir diferentes m\u00e9todos de pago. Si desea una factura, por supuesto enviaremos una factura GRATUITA a todos nuestros clientes.","breadcrumb":{"@id":"https:\/\/suresms.com\/dk\/om-suresms\/priser-og-betaling\/#breadcrumb"},"inLanguage":"es","potentialAction":[{"@type":"ReadAction","target":["https:\/\/suresms.com\/dk\/om-suresms\/priser-og-betaling\/"]}]},{"@type":"BreadcrumbList","@id":"https:\/\/suresms.com\/dk\/om-suresms\/priser-og-betaling\/#breadcrumb","itemListElement":[{"@type":"ListItem","position":1,"name":"Home","item":"https:\/\/suresms.com\/dk\/"},{"@type":"ListItem","position":2,"name":"Om SureSMS","item":"https:\/\/suresms.com\/dk\/om-suresms\/"},{"@type":"ListItem","position":3,"name":"Priser og betaling"}]},{"@type":"WebSite","@id":"https:\/\/suresms.com\/en\/#website","url":"https:\/\/suresms.com\/en\/","name":"SureSMS","description":"Pasarela SMS profesional","publisher":{"@id":"https:\/\/suresms.com\/en\/#organization"},"potentialAction":[{"@type":"SearchAction","target":{"@type":"EntryPoint","urlTemplate":"https:\/\/suresms.com\/en\/?s={search_term_string}"},"query-input":{"@type":"PropertyValueSpecification","valueRequired":true,"valueName":"search_term_string"}}],"inLanguage":"es"},{"@type":"Organization","@id":"https:\/\/suresms.com\/en\/#organization","name":"SureSMS","url":"https:\/\/suresms.com\/en\/","logo":{"@type":"ImageObject","inLanguage":"es","@id":"https:\/\/suresms.com\/en\/#\/schema\/logo\/image\/","url":"https:\/\/suresms.com\/wp-content\/uploads\/2024\/11\/suresms-300x65-1.png","contentUrl":"https:\/\/suresms.com\/wp-content\/uploads\/2024\/11\/suresms-300x65-1.png","width":300,"height":65,"caption":"SureSMS"},"image":{"@id":"https:\/\/suresms.com\/en\/#\/schema\/logo\/image\/"},"sameAs":["https:\/\/www.facebook.com\/p\/SureSMS-100044607956149\/"]}]}},"_links":{"self":[{"href":"https:\/\/suresms.com\/es\/wp-json\/wp\/v2\/pages\/1507","targetHints":{"allow":["GET"]}}],"collection":[{"href":"https:\/\/suresms.com\/es\/wp-json\/wp\/v2\/pages"}],"about":[{"href":"https:\/\/suresms.com\/es\/wp-json\/wp\/v2\/types\/page"}],"author":[{"embeddable":true,"href":"https:\/\/suresms.com\/es\/wp-json\/wp\/v2\/users\/1"}],"replies":[{"embeddable":true,"href":"https:\/\/suresms.com\/es\/wp-json\/wp\/v2\/comments?post=1507"}],"version-history":[{"count":12,"href":"https:\/\/suresms.com\/es\/wp-json\/wp\/v2\/pages\/1507\/revisions"}],"predecessor-version":[{"id":23542,"href":"https:\/\/suresms.com\/es\/wp-json\/wp\/v2\/pages\/1507\/revisions\/23542"}],"up":[{"embeddable":true,"href":"https:\/\/suresms.com\/es\/wp-json\/wp\/v2\/pages\/18594"}],"wp:attachment":[{"href":"https:\/\/suresms.com\/es\/wp-json\/wp\/v2\/media?parent=1507"}],"wp:term":[{"taxonomy":"category","embeddable":true,"href":"https:\/\/suresms.com\/es\/wp-json\/wp\/v2\/categories?post=1507"},{"taxonomy":"post_tag","embeddable":true,"href":"https:\/\/suresms.com\/es\/wp-json\/wp\/v2\/tags?post=1507"}],"curies":[{"name":"wp","href":"https:\/\/api.w.org\/{rel}","templated":true}]}}