{"id":1443,"date":"2015-12-14T16:47:20","date_gmt":"2015-12-14T14:47:20","guid":{"rendered":"https:\/\/www.suresms.com\/dk\/?page_id=1443"},"modified":"2024-11-29T17:26:58","modified_gmt":"2024-11-29T17:26:58","slug":"seguridad","status":"publish","type":"page","link":"https:\/\/suresms.com\/es\/om-suresms\/sikkerhed\/","title":{"rendered":"Seguridad y protecci\u00f3n"},"content":{"rendered":"<!-- Flexy Breadcrumb -->\r\n\t\t\t<div class=\"fbc fbc-page\">\r\n\r\n\t\t\t\t<!-- Breadcrumb wrapper -->\r\n\t\t\t\t<div class=\"fbc-wrap\">\r\n\r\n\t\t\t\t\t<!-- Ordered list-->\r\n\t\t\t\t\t<ol class=\"fbc-items\" itemscope itemtype=\"https:\/\/schema.org\/BreadcrumbList\">\r\n\t\t\t\t\t\t            <li itemprop=\"itemListElement\" itemscope itemtype=\"https:\/\/schema.org\/ListItem\">\r\n                <span itemprop=\"name\">\r\n                    <!-- Home Link -->\r\n                    <a itemprop=\"item\" href=\"https:\/\/suresms.com\/es\/\">\r\n                    \r\n                                                    <i class=\"fa fa-home\" aria-hidden=\"true\"><\/i>Inicio                    <\/a>\r\n                <\/span>\r\n                <meta itemprop=\"position\" content=\"1\" \/><!-- Meta Position-->\r\n             <\/li><li><span class=\"fbc-separator\">\/<\/span><\/li><li class=\"active\" itemprop=\"itemListElement\" itemscope itemtype=\"https:\/\/schema.org\/ListItem\"><span itemprop=\"name\" title=\"Seguridad y protecci\u00f3n\">Seguridad y protecci\u00f3n<\/span><meta itemprop=\"position\" content=\"2\" \/><\/li>\t\t\t\t\t<\/ol>\r\n\t\t\t\t\t<div class=\"clearfix\"><\/div>\r\n\t\t\t\t<\/div>\r\n\t\t\t<\/div>\r\n\t\t\t\n<h1>\n\t\tSeguridad y protecci\u00f3n\n\t<\/h1>\n\t<p>... es lo m\u00e1s importante para nosotros. La seguridad para eso:<\/p>\n<ul>\n<li>...se entregan tus mensajes SMS.<\/li>\n<li>... nadie m\u00e1s puede ver tus mensajes de texto.<\/li>\n<li>...otros no pueden enviar mensajes SMS en tu nombre.<\/li>\n<\/ul>\n\t\t<h2>\t\n\tAcceso a los datos<\/h2><p>S\u00f3lo nuestros empleados daneses autorizados con deber de confidencialidad, contratados por SureSMS, tienen acceso a sus datos.<\/p>\n\t\t<h2>\t\n\tCopia de seguridad<\/h2><p>Realizamos continuamente copias de seguridad de todos los datos para garantizar que no se pierdan. Las copias de seguridad se almacenan en distintas ubicaciones f\u00edsicas y el tiempo de restauraci\u00f3n se prueba a 2 horas.<\/p>\n\t\t<h2>\t\n\tEliminaci\u00f3n autom\u00e1tica<\/h2><p>Nos ofrecemos a borrar sistem\u00e1ticamente los mensajes si nuestros clientes lo solicitan. Por ejemplo, si los mensajes contienen informaci\u00f3n personal sensible. Esto puede configurarse directamente desde nuestro portal WEB.<\/p>\n\t\t<h2>\t\n\tCifrado<\/h2><p>Todas las comunicaciones hacia y desde SureSMS est\u00e1n encriptadas con la \u00faltima tecnolog\u00eda. Esto significa que la transmisi\u00f3n es siempre segura. Los datos almacenados en SureSMS tambi\u00e9n est\u00e1n encriptados.<\/p>\n\t\t<h2><a href=\"https:\/\/suresms.com\/es\/acerca-de-suresms\/control\/\" target=\"_self\">\t\n\tSupervisi\u00f3n<\/a><\/h2><p>Sistemas que vigilan los sistemas. Supervisamos la calidad de las entregas, la velocidad de entrega, el tiempo de actividad, la disponibilidad y mucho m\u00e1s.<\/p>\n\t\t<h2>\t\n\tTiempo de actividad<\/h2><p>Garantizamos un tiempo de actividad del 99,99%, pero en el \u00faltimo a\u00f1o ha sido del 99,998%.<\/p>","protected":false},"excerpt":{"rendered":"<p>Seguridad ... es lo m\u00e1s importante para nosotros. Seguridad que: ... tus mensajes SMS se entregan. ... nadie m\u00e1s puede ver tus mensajes SMS. ... nadie m\u00e1s puede enviar mensajes SMS en tu nombre. Acceso a los datos S\u00f3lo nuestros empleados daneses autorizados con deber de confidencialidad, contratados por SureSMS, tienen acceso a ... <a title=\"Seguridad y protecci\u00f3n\" class=\"read-more\" href=\"https:\/\/suresms.com\/es\/om-suresms\/sikkerhed\/\" aria-label=\"Leer m\u00e1s sobre Seguridad\">M\u00e1s informaci\u00f3n<\/a><\/p>","protected":false},"author":1,"featured_media":0,"parent":18594,"menu_order":13,"comment_status":"closed","ping_status":"closed","template":"","meta":{"_fl_builder_enabled":"1","_fl_builder_data":null,"_fl_builder_draft":null,"_fl_builder_data_settings":null,"_fl_builder_css":"","_fl_builder_css_version":"","_fl_builder_js":"","footnotes":""},"categories":[],"tags":[],"class_list":["post-1443","page","type-page","status-publish"],"yoast_head":"<!-- This site is optimized with the Yoast SEO Premium plugin v27.3 (Yoast SEO v27.3) - https:\/\/yoast.com\/product\/yoast-seo-premium-wordpress\/ -->\r\n<title>Vi g\u00f8r alt for at dine beskeder n\u00e5r frem. L\u00e6s alt om sikkerhed her.<\/title>\r\n<meta name=\"description\" content=\"Hos SureSMS er sikkerhed det vigtigste: Datasikkerhed: De allerbedste leverand\u00f8rer, SSL-kryptering af data, Co-locatede servere flere steder p\u00e5 Sj\u00e6lland.\" \/>\r\n<meta name=\"robots\" content=\"index, follow, max-snippet:-1, max-image-preview:large, max-video-preview:-1\" \/>\r\n<link rel=\"canonical\" href=\"https:\/\/suresms.com\/es\/acerca-de-suresms\/seguridad\/\" \/>\r\n<meta property=\"og:locale\" content=\"es_ES\" \/>\r\n<meta property=\"og:type\" content=\"article\" \/>\r\n<meta property=\"og:title\" content=\"Sikkerhed\" \/>\r\n<meta property=\"og:description\" content=\"Hos SureSMS er sikkerhed det vigtigste: Datasikkerhed: De allerbedste leverand\u00f8rer, SSL-kryptering af data, Co-locatede servere flere steder p\u00e5 Sj\u00e6lland.\" \/>\r\n<meta property=\"og:url\" content=\"https:\/\/suresms.com\/es\/acerca-de-suresms\/seguridad\/\" \/>\r\n<meta property=\"article:publisher\" content=\"https:\/\/www.facebook.com\/p\/SureSMS-100044607956149\/\" \/>\r\n<meta property=\"article:modified_time\" content=\"2024-11-29T17:26:58+00:00\" \/>\r\n<meta name=\"twitter:card\" content=\"summary_large_image\" \/>\r\n<meta name=\"twitter:label1\" content=\"Tiempo de lectura\" \/>\n\t<meta name=\"twitter:data1\" content=\"1 minuto\" \/>\r\n<script type=\"application\/ld+json\" class=\"yoast-schema-graph\">{\"@context\":\"https:\\\/\\\/schema.org\",\"@graph\":[{\"@type\":\"WebPage\",\"@id\":\"https:\\\/\\\/suresms.com\\\/dk\\\/om-suresms\\\/sikkerhed\\\/\",\"url\":\"https:\\\/\\\/suresms.com\\\/dk\\\/om-suresms\\\/sikkerhed\\\/\",\"name\":\"Vi g\u00f8r alt for at dine beskeder n\u00e5r frem. L\u00e6s alt om sikkerhed her.\",\"isPartOf\":{\"@id\":\"https:\\\/\\\/suresms.com\\\/en\\\/#website\"},\"datePublished\":\"2015-12-14T14:47:20+00:00\",\"dateModified\":\"2024-11-29T17:26:58+00:00\",\"description\":\"Hos SureSMS er sikkerhed det vigtigste: Datasikkerhed: De allerbedste leverand\u00f8rer, SSL-kryptering af data, Co-locatede servere flere steder p\u00e5 Sj\u00e6lland.\",\"breadcrumb\":{\"@id\":\"https:\\\/\\\/suresms.com\\\/dk\\\/om-suresms\\\/sikkerhed\\\/#breadcrumb\"},\"inLanguage\":\"es\",\"potentialAction\":[{\"@type\":\"ReadAction\",\"target\":[\"https:\\\/\\\/suresms.com\\\/dk\\\/om-suresms\\\/sikkerhed\\\/\"]}]},{\"@type\":\"BreadcrumbList\",\"@id\":\"https:\\\/\\\/suresms.com\\\/dk\\\/om-suresms\\\/sikkerhed\\\/#breadcrumb\",\"itemListElement\":[{\"@type\":\"ListItem\",\"position\":1,\"name\":\"Home\",\"item\":\"https:\\\/\\\/suresms.com\\\/dk\\\/\"},{\"@type\":\"ListItem\",\"position\":2,\"name\":\"Om SureSMS\",\"item\":\"https:\\\/\\\/suresms.com\\\/dk\\\/om-suresms\\\/\"},{\"@type\":\"ListItem\",\"position\":3,\"name\":\"Sikkerhed\"}]},{\"@type\":\"WebSite\",\"@id\":\"https:\\\/\\\/suresms.com\\\/en\\\/#website\",\"url\":\"https:\\\/\\\/suresms.com\\\/en\\\/\",\"name\":\"SureSMS\",\"description\":\"Professionel SMS Gateway\",\"publisher\":{\"@id\":\"https:\\\/\\\/suresms.com\\\/en\\\/#organization\"},\"potentialAction\":[{\"@type\":\"SearchAction\",\"target\":{\"@type\":\"EntryPoint\",\"urlTemplate\":\"https:\\\/\\\/suresms.com\\\/en\\\/?s={search_term_string}\"},\"query-input\":{\"@type\":\"PropertyValueSpecification\",\"valueRequired\":true,\"valueName\":\"search_term_string\"}}],\"inLanguage\":\"es\"},{\"@type\":\"Organization\",\"@id\":\"https:\\\/\\\/suresms.com\\\/en\\\/#organization\",\"name\":\"SureSMS\",\"url\":\"https:\\\/\\\/suresms.com\\\/en\\\/\",\"logo\":{\"@type\":\"ImageObject\",\"inLanguage\":\"es\",\"@id\":\"https:\\\/\\\/suresms.com\\\/en\\\/#\\\/schema\\\/logo\\\/image\\\/\",\"url\":\"https:\\\/\\\/suresms.com\\\/wp-content\\\/uploads\\\/2024\\\/11\\\/suresms-300x65-1.png\",\"contentUrl\":\"https:\\\/\\\/suresms.com\\\/wp-content\\\/uploads\\\/2024\\\/11\\\/suresms-300x65-1.png\",\"width\":300,\"height\":65,\"caption\":\"SureSMS\"},\"image\":{\"@id\":\"https:\\\/\\\/suresms.com\\\/en\\\/#\\\/schema\\\/logo\\\/image\\\/\"},\"sameAs\":[\"https:\\\/\\\/www.facebook.com\\\/p\\\/SureSMS-100044607956149\\\/\"]}]}<\/script>\r\n<!-- \/ Yoast SEO Premium plugin. -->","yoast_head_json":{"title":"Hacemos todo lo posible para asegurarnos de que sus mensajes lleguen. Lea todo sobre seguridad aqu\u00ed.","description":"En SureSMS, la seguridad es lo m\u00e1s importante: Seguridad de los datos: Los mejores proveedores, encriptaci\u00f3n SSL de los datos, servidores coubicados en m\u00faltiples ubicaciones en Zelanda.","robots":{"index":"index","follow":"follow","max-snippet":"max-snippet:-1","max-image-preview":"max-image-preview:large","max-video-preview":"max-video-preview:-1"},"canonical":"https:\/\/suresms.com\/es\/acerca-de-suresms\/seguridad\/","og_locale":"es_ES","og_type":"article","og_title":"Sikkerhed","og_description":"Hos SureSMS er sikkerhed det vigtigste: Datasikkerhed: De allerbedste leverand\u00f8rer, SSL-kryptering af data, Co-locatede servere flere steder p\u00e5 Sj\u00e6lland.","og_url":"https:\/\/suresms.com\/es\/acerca-de-suresms\/seguridad\/","article_publisher":"https:\/\/www.facebook.com\/p\/SureSMS-100044607956149\/","article_modified_time":"2024-11-29T17:26:58+00:00","twitter_card":"summary_large_image","twitter_misc":{"Tiempo de lectura":"1 minuto"},"schema":{"@context":"https:\/\/schema.org","@graph":[{"@type":"WebPage","@id":"https:\/\/suresms.com\/dk\/om-suresms\/sikkerhed\/","url":"https:\/\/suresms.com\/dk\/om-suresms\/sikkerhed\/","name":"Hacemos todo lo posible para asegurarnos de que sus mensajes lleguen. Lea todo sobre seguridad aqu\u00ed.","isPartOf":{"@id":"https:\/\/suresms.com\/en\/#website"},"datePublished":"2015-12-14T14:47:20+00:00","dateModified":"2024-11-29T17:26:58+00:00","description":"En SureSMS, la seguridad es lo m\u00e1s importante: Seguridad de los datos: Los mejores proveedores, encriptaci\u00f3n SSL de los datos, servidores coubicados en m\u00faltiples ubicaciones en Zelanda.","breadcrumb":{"@id":"https:\/\/suresms.com\/dk\/om-suresms\/sikkerhed\/#breadcrumb"},"inLanguage":"es","potentialAction":[{"@type":"ReadAction","target":["https:\/\/suresms.com\/dk\/om-suresms\/sikkerhed\/"]}]},{"@type":"BreadcrumbList","@id":"https:\/\/suresms.com\/dk\/om-suresms\/sikkerhed\/#breadcrumb","itemListElement":[{"@type":"ListItem","position":1,"name":"Home","item":"https:\/\/suresms.com\/dk\/"},{"@type":"ListItem","position":2,"name":"Om SureSMS","item":"https:\/\/suresms.com\/dk\/om-suresms\/"},{"@type":"ListItem","position":3,"name":"Sikkerhed"}]},{"@type":"WebSite","@id":"https:\/\/suresms.com\/en\/#website","url":"https:\/\/suresms.com\/en\/","name":"SureSMS","description":"Pasarela SMS profesional","publisher":{"@id":"https:\/\/suresms.com\/en\/#organization"},"potentialAction":[{"@type":"SearchAction","target":{"@type":"EntryPoint","urlTemplate":"https:\/\/suresms.com\/en\/?s={search_term_string}"},"query-input":{"@type":"PropertyValueSpecification","valueRequired":true,"valueName":"search_term_string"}}],"inLanguage":"es"},{"@type":"Organization","@id":"https:\/\/suresms.com\/en\/#organization","name":"SureSMS","url":"https:\/\/suresms.com\/en\/","logo":{"@type":"ImageObject","inLanguage":"es","@id":"https:\/\/suresms.com\/en\/#\/schema\/logo\/image\/","url":"https:\/\/suresms.com\/wp-content\/uploads\/2024\/11\/suresms-300x65-1.png","contentUrl":"https:\/\/suresms.com\/wp-content\/uploads\/2024\/11\/suresms-300x65-1.png","width":300,"height":65,"caption":"SureSMS"},"image":{"@id":"https:\/\/suresms.com\/en\/#\/schema\/logo\/image\/"},"sameAs":["https:\/\/www.facebook.com\/p\/SureSMS-100044607956149\/"]}]}},"_links":{"self":[{"href":"https:\/\/suresms.com\/es\/wp-json\/wp\/v2\/pages\/1443","targetHints":{"allow":["GET"]}}],"collection":[{"href":"https:\/\/suresms.com\/es\/wp-json\/wp\/v2\/pages"}],"about":[{"href":"https:\/\/suresms.com\/es\/wp-json\/wp\/v2\/types\/page"}],"author":[{"embeddable":true,"href":"https:\/\/suresms.com\/es\/wp-json\/wp\/v2\/users\/1"}],"replies":[{"embeddable":true,"href":"https:\/\/suresms.com\/es\/wp-json\/wp\/v2\/comments?post=1443"}],"version-history":[{"count":2,"href":"https:\/\/suresms.com\/es\/wp-json\/wp\/v2\/pages\/1443\/revisions"}],"predecessor-version":[{"id":19358,"href":"https:\/\/suresms.com\/es\/wp-json\/wp\/v2\/pages\/1443\/revisions\/19358"}],"up":[{"embeddable":true,"href":"https:\/\/suresms.com\/es\/wp-json\/wp\/v2\/pages\/18594"}],"wp:attachment":[{"href":"https:\/\/suresms.com\/es\/wp-json\/wp\/v2\/media?parent=1443"}],"wp:term":[{"taxonomy":"category","embeddable":true,"href":"https:\/\/suresms.com\/es\/wp-json\/wp\/v2\/categories?post=1443"},{"taxonomy":"post_tag","embeddable":true,"href":"https:\/\/suresms.com\/es\/wp-json\/wp\/v2\/tags?post=1443"}],"curies":[{"name":"wp","href":"https:\/\/api.w.org\/{rel}","templated":true}]}}