{"id":1437,"date":"2015-12-14T16:33:49","date_gmt":"2015-12-14T14:33:49","guid":{"rendered":"https:\/\/www.suresms.com\/dk\/?page_id=1437"},"modified":"2024-12-05T15:49:04","modified_gmt":"2024-12-05T15:49:04","slug":"registro-y-supervision-completos","status":"publish","type":"page","link":"https:\/\/suresms.com\/es\/funktioner\/komplet-log-og-monitorering\/","title":{"rendered":"Registro y seguimiento completos"},"content":{"rendered":"<!-- Flexy Breadcrumb -->\r\n\t\t\t<div class=\"fbc fbc-page\">\r\n\r\n\t\t\t\t<!-- Breadcrumb wrapper -->\r\n\t\t\t\t<div class=\"fbc-wrap\">\r\n\r\n\t\t\t\t\t<!-- Ordered list-->\r\n\t\t\t\t\t<ol class=\"fbc-items\" itemscope itemtype=\"https:\/\/schema.org\/BreadcrumbList\">\r\n\t\t\t\t\t\t            <li itemprop=\"itemListElement\" itemscope itemtype=\"https:\/\/schema.org\/ListItem\">\r\n                <span itemprop=\"name\">\r\n                    <!-- Home Link -->\r\n                    <a itemprop=\"item\" href=\"https:\/\/suresms.com\/es\/\">\r\n                    \r\n                                                    <i class=\"fa fa-home\" aria-hidden=\"true\"><\/i>Inicio                    <\/a>\r\n                <\/span>\r\n                <meta itemprop=\"position\" content=\"1\" \/><!-- Meta Position-->\r\n             <\/li><li><span class=\"fbc-separator\">\/<\/span><\/li><li class=\"active\" itemprop=\"itemListElement\" itemscope itemtype=\"https:\/\/schema.org\/ListItem\"><span itemprop=\"name\" title=\"Registro y seguimiento completos\">Registro y seguimiento completos<\/span><meta itemprop=\"position\" content=\"2\" \/><\/li>\t\t\t\t\t<\/ol>\r\n\t\t\t\t\t<div class=\"clearfix\"><\/div>\r\n\t\t\t\t<\/div>\r\n\t\t\t<\/div>\r\n\t\t\t\n<h1>\n\t\tBandeja de salida de SMS\n\t<\/h1>\n\t<p>Como cliente de SureSMS, usted inicia sesi\u00f3n en nuestro portal web. Desde aqu\u00ed es posible ver todos los mensajes que has enviado (y recibido si tienes una soluci\u00f3n bidireccional).<\/p>\n<p>Puede ver el estado de cada mensaje. Por estado entendemos que puedes ver cu\u00e1ndo se recibi\u00f3 el mensaje en nuestro servidor, cu\u00e1ndo lo enviamos a la operadora y cu\u00e1ndo la operadora lo entreg\u00f3 al tel\u00e9fono. En otras palabras, siempre puedes ver exactamente hasta d\u00f3nde han viajado todos tus mensajes.<\/p>\n<p>Siempre tendr\u00e1 un registro completo de cu\u00e1ntos mensajes se han enviado y su estado.<\/p>\n\t<ul>\n\t\t<li>\t\t\t\t\n\t\t<h3>Ver todos los mensajes enviados<\/h3><p>Siempre tendr\u00e1 una visi\u00f3n general de cu\u00e1ntos mensajes ha enviado, a qui\u00e9n y cu\u00e1l es el estado de cada mensaje. Est\u00e1 programado, en cola, en camino, entregado o ha fallado la entrega.\u00a0<\/p><\/li><li>\t\t\t\t\n\t\t<h3>Filtrar por estado<\/h3><p>En el registro, tambi\u00e9n tienes la opci\u00f3n de filtrar los mensajes seg\u00fan su estado. Esto significa que puedes, por ejemplo, crear un filtro que muestre todos los mensajes que han fallado. As\u00ed podr\u00e1s revisarlos y asegurarte de que tienes los n\u00fameros correctos de tus destinatarios.<\/p><\/li><li>\t\t\t\t\n\t\t<h3>Comprobar si los enlaces est\u00e1n activados<\/h3><p>Si has enviado un enlace o un archivo en el mensaje SMS, puedes ver si el enlace se ha abierto y cu\u00e1ndo. Tambi\u00e9n puedes filtrar los mensajes en los que se ha abierto el enlace, por ejemplo.\u00a0<\/p><\/li><li>\t\t\t\t\n\t\t<h3>Exporta todos tus mensajes<\/h3><p>Si necesitas seguir trabajando con tus mensajes en otro sistema, puedes seleccionar f\u00e1cilmente los mensajes con los que quieres seguir trabajando y exportarlos, por ejemplo, a Excel.\u00a0<\/p><\/li><li>\t\t\t\t\n\t\t<h3>Detalles de cada mensaje<\/h3><p>Junto a cada mensaje puedes ver todos los detalles sobre \u00e9l. Cu\u00e1nto dur\u00f3, cu\u00e1nto cost\u00f3, cu\u00e1ndo lo recibimos, cu\u00e1ndo se entreg\u00f3 al tel\u00e9fono y mucho m\u00e1s.\u00a0<\/p><\/li>\t<\/ul>\n\t\t<h4>\u00bfDesea crear una cuenta inmediatamente? <\/h4>\n\t\t<p>Estamos preparados para darle la bienvenida como cliente de SureSMS.<\/p>\n\t\t\t<a href=\"https:\/\/suresms.com\/es\/crear-cuenta-sms-gateway\/\" target=\"_self\">\n\t\t\t\t\t\t\tCrear una cuenta SureSMS\n\t\t\t\t\t<\/a>\n\t\t<h4>Pida una soluci\u00f3n bidireccional<\/h4>\n\t\t<p>\u00bfYa tiene una cuenta? Pida una soluci\u00f3n bidireccional y obtenga las opciones adicionales que ofrece su propia soluci\u00f3n.<\/p>\n\t\t\t<a href=\"https:\/\/suresms.com\/es\/orden-de-descarga-bidireccional\/\" target=\"_self\">\n\t\t\t\t\t\t\tPedir soluci\u00f3n bidireccional\n\t\t\t\t\t<\/a>\n\t<h4><strong>Aqu\u00ed puede leer algunos ejemplos de c\u00f3mo nuestros clientes obtienen hoy valor de nuestro m\u00f3dulo Log and Reporting:<\/strong><\/h4>\n\n<ul> \t\n<li>Uno de nuestros clientes es <strong>Revendedor de SMS<\/strong>. Cada trimestre, recupera un extracto de los mensajes que sus clientes han enviado a trav\u00e9s de nuestra pasarela. As\u00ed puede clasificar f\u00e1cilmente los SMS por remitente y facturar a cada cliente en funci\u00f3n de su uso. As\u00ed se ahorra en administraci\u00f3n.<\/li>\n\n<li><strong>Un concesionario de coches<\/strong>utiliza nuestro m\u00f3dulo de informes cada mes para crear un extracto de cu\u00e1ntos mensajes SMS ha enviado cada uno de sus vendedores. De este modo, puede ver cu\u00e1les de sus empleados son los m\u00e1s activos en cuanto al contacto con los clientes a trav\u00e9s de SMS. Cuantos m\u00e1s vendedores activos, m\u00e1s ventas.<\/li>\n\n<li>Y muchos de nuestros clientes lo utilizan para comprobar que el n\u00famero de mensajes que han enviado coincide con el que su propio sistema dice que han enviado. As\u00ed pueden estar seguros de que<strong> la calidad es buena<\/strong>.<\/li>\n<\/ul>","protected":false},"excerpt":{"rendered":"<p>Bandeja de salida de SMS Como cliente de SureSMS, usted inicia sesi\u00f3n en nuestro portal web. Desde aqu\u00ed puedes ver todos los mensajes que has enviado (y recibido si tienes una soluci\u00f3n bidireccional). Puedes ver el estado de cada mensaje. Por estado entendemos que puedes ver cu\u00e1ndo se recibi\u00f3 el mensaje en nuestro servidor, ... <a title=\"Registro y seguimiento completos\" class=\"read-more\" href=\"https:\/\/suresms.com\/es\/funktioner\/komplet-log-og-monitorering\/\" aria-label=\"Leer m\u00e1s sobre Registro y supervisi\u00f3n completos\">M\u00e1s informaci\u00f3n<\/a><\/p>","protected":false},"author":1,"featured_media":0,"parent":958,"menu_order":14,"comment_status":"closed","ping_status":"closed","template":"","meta":{"_fl_builder_enabled":"1","_fl_builder_data":null,"_fl_builder_draft":null,"_fl_builder_data_settings":null,"_fl_builder_css":"","_fl_builder_css_version":"","_fl_builder_js":"","footnotes":""},"categories":[17],"tags":[],"class_list":{"0":"post-1437","1":"page","2":"type-page","3":"status-publish","5":"category-linkfracornorstone"},"yoast_head":"<!-- This site is optimized with the Yoast SEO Premium plugin v27.3 (Yoast SEO v27.3) - https:\/\/yoast.com\/product\/yoast-seo-premium-wordpress\/ -->\r\n<title>SMS log | F\u00e5 styr p\u00e5 firmaets SMS med sms log fra SureSMS \u2713<\/title>\r\n<meta name=\"description\" content=\"F\u00e5 overblik over dine sendte beskeder hos SureSMS med SMS log, monitorering og overblik via vores rapporteringsmodul. Abonnement 0,-- Betal kun pr. SMS.\" \/>\r\n<meta name=\"robots\" content=\"index, follow, max-snippet:-1, max-image-preview:large, max-video-preview:-1\" \/>\r\n<link rel=\"canonical\" href=\"https:\/\/suresms.com\/es\/caracteristicas\/registro-y-supervision-completos\/\" \/>\r\n<meta property=\"og:locale\" content=\"es_ES\" \/>\r\n<meta property=\"og:type\" content=\"article\" \/>\r\n<meta property=\"og:title\" content=\"Komplet log og monitorering\" \/>\r\n<meta property=\"og:description\" content=\"F\u00e5 overblik over dine sendte beskeder hos SureSMS med SMS log, monitorering og overblik via vores rapporteringsmodul. Abonnement 0,-- Betal kun pr. SMS.\" \/>\r\n<meta property=\"og:url\" content=\"https:\/\/suresms.com\/es\/caracteristicas\/registro-y-supervision-completos\/\" \/>\r\n<meta property=\"article:publisher\" content=\"https:\/\/www.facebook.com\/p\/SureSMS-100044607956149\/\" \/>\r\n<meta property=\"article:modified_time\" content=\"2024-12-05T15:49:04+00:00\" \/>\r\n<meta name=\"twitter:card\" content=\"summary_large_image\" \/>\r\n<meta name=\"twitter:label1\" content=\"Tiempo de lectura\" \/>\n\t<meta name=\"twitter:data1\" content=\"7 minutos\" \/>\r\n<script type=\"application\/ld+json\" class=\"yoast-schema-graph\">{\"@context\":\"https:\\\/\\\/schema.org\",\"@graph\":[{\"@type\":\"WebPage\",\"@id\":\"https:\\\/\\\/suresms.com\\\/dk\\\/funktioner\\\/komplet-log-og-monitorering\\\/\",\"url\":\"https:\\\/\\\/suresms.com\\\/dk\\\/funktioner\\\/komplet-log-og-monitorering\\\/\",\"name\":\"SMS log | F\u00e5 styr p\u00e5 firmaets SMS med sms log fra SureSMS \u2713\",\"isPartOf\":{\"@id\":\"https:\\\/\\\/suresms.com\\\/en\\\/#website\"},\"datePublished\":\"2015-12-14T14:33:49+00:00\",\"dateModified\":\"2024-12-05T15:49:04+00:00\",\"description\":\"F\u00e5 overblik over dine sendte beskeder hos SureSMS med SMS log, monitorering og overblik via vores rapporteringsmodul. Abonnement 0,-- Betal kun pr. SMS.\",\"breadcrumb\":{\"@id\":\"https:\\\/\\\/suresms.com\\\/dk\\\/funktioner\\\/komplet-log-og-monitorering\\\/#breadcrumb\"},\"inLanguage\":\"es\",\"potentialAction\":[{\"@type\":\"ReadAction\",\"target\":[\"https:\\\/\\\/suresms.com\\\/dk\\\/funktioner\\\/komplet-log-og-monitorering\\\/\"]}]},{\"@type\":\"BreadcrumbList\",\"@id\":\"https:\\\/\\\/suresms.com\\\/dk\\\/funktioner\\\/komplet-log-og-monitorering\\\/#breadcrumb\",\"itemListElement\":[{\"@type\":\"ListItem\",\"position\":1,\"name\":\"Home\",\"item\":\"https:\\\/\\\/suresms.com\\\/dk\\\/\"},{\"@type\":\"ListItem\",\"position\":2,\"name\":\"Funktioner\",\"item\":\"https:\\\/\\\/suresms.com\\\/dk\\\/funktioner\\\/\"},{\"@type\":\"ListItem\",\"position\":3,\"name\":\"Komplet log og monitorering\"}]},{\"@type\":\"WebSite\",\"@id\":\"https:\\\/\\\/suresms.com\\\/en\\\/#website\",\"url\":\"https:\\\/\\\/suresms.com\\\/en\\\/\",\"name\":\"SureSMS\",\"description\":\"Professionel SMS Gateway\",\"publisher\":{\"@id\":\"https:\\\/\\\/suresms.com\\\/en\\\/#organization\"},\"potentialAction\":[{\"@type\":\"SearchAction\",\"target\":{\"@type\":\"EntryPoint\",\"urlTemplate\":\"https:\\\/\\\/suresms.com\\\/en\\\/?s={search_term_string}\"},\"query-input\":{\"@type\":\"PropertyValueSpecification\",\"valueRequired\":true,\"valueName\":\"search_term_string\"}}],\"inLanguage\":\"es\"},{\"@type\":\"Organization\",\"@id\":\"https:\\\/\\\/suresms.com\\\/en\\\/#organization\",\"name\":\"SureSMS\",\"url\":\"https:\\\/\\\/suresms.com\\\/en\\\/\",\"logo\":{\"@type\":\"ImageObject\",\"inLanguage\":\"es\",\"@id\":\"https:\\\/\\\/suresms.com\\\/en\\\/#\\\/schema\\\/logo\\\/image\\\/\",\"url\":\"https:\\\/\\\/suresms.com\\\/wp-content\\\/uploads\\\/2024\\\/11\\\/suresms-300x65-1.png\",\"contentUrl\":\"https:\\\/\\\/suresms.com\\\/wp-content\\\/uploads\\\/2024\\\/11\\\/suresms-300x65-1.png\",\"width\":300,\"height\":65,\"caption\":\"SureSMS\"},\"image\":{\"@id\":\"https:\\\/\\\/suresms.com\\\/en\\\/#\\\/schema\\\/logo\\\/image\\\/\"},\"sameAs\":[\"https:\\\/\\\/www.facebook.com\\\/p\\\/SureSMS-100044607956149\\\/\"]}]}<\/script>\r\n<!-- \/ Yoast SEO Premium plugin. -->","yoast_head_json":{"title":"Registro de SMS | Realiza un seguimiento de los SMS de la empresa con el registro de SMS de SureSMS \u2713 SureSMS","description":"Obtenga una visi\u00f3n general de sus mensajes enviados con SureSMS con registro de SMS, seguimiento y visi\u00f3n general a trav\u00e9s de nuestro m\u00f3dulo de informes. Suscripci\u00f3n 0,-- Paga s\u00f3lo por SMS.","robots":{"index":"index","follow":"follow","max-snippet":"max-snippet:-1","max-image-preview":"max-image-preview:large","max-video-preview":"max-video-preview:-1"},"canonical":"https:\/\/suresms.com\/es\/caracteristicas\/registro-y-supervision-completos\/","og_locale":"es_ES","og_type":"article","og_title":"Komplet log og monitorering","og_description":"F\u00e5 overblik over dine sendte beskeder hos SureSMS med SMS log, monitorering og overblik via vores rapporteringsmodul. Abonnement 0,-- Betal kun pr. SMS.","og_url":"https:\/\/suresms.com\/es\/caracteristicas\/registro-y-supervision-completos\/","article_publisher":"https:\/\/www.facebook.com\/p\/SureSMS-100044607956149\/","article_modified_time":"2024-12-05T15:49:04+00:00","twitter_card":"summary_large_image","twitter_misc":{"Tiempo de lectura":"7 minutos"},"schema":{"@context":"https:\/\/schema.org","@graph":[{"@type":"WebPage","@id":"https:\/\/suresms.com\/dk\/funktioner\/komplet-log-og-monitorering\/","url":"https:\/\/suresms.com\/dk\/funktioner\/komplet-log-og-monitorering\/","name":"Registro de SMS | Realiza un seguimiento de los SMS de la empresa con el registro de SMS de SureSMS \u2713 SureSMS","isPartOf":{"@id":"https:\/\/suresms.com\/en\/#website"},"datePublished":"2015-12-14T14:33:49+00:00","dateModified":"2024-12-05T15:49:04+00:00","description":"Obtenga una visi\u00f3n general de sus mensajes enviados con SureSMS con registro de SMS, seguimiento y visi\u00f3n general a trav\u00e9s de nuestro m\u00f3dulo de informes. Suscripci\u00f3n 0,-- Paga s\u00f3lo por SMS.","breadcrumb":{"@id":"https:\/\/suresms.com\/dk\/funktioner\/komplet-log-og-monitorering\/#breadcrumb"},"inLanguage":"es","potentialAction":[{"@type":"ReadAction","target":["https:\/\/suresms.com\/dk\/funktioner\/komplet-log-og-monitorering\/"]}]},{"@type":"BreadcrumbList","@id":"https:\/\/suresms.com\/dk\/funktioner\/komplet-log-og-monitorering\/#breadcrumb","itemListElement":[{"@type":"ListItem","position":1,"name":"Home","item":"https:\/\/suresms.com\/dk\/"},{"@type":"ListItem","position":2,"name":"Funktioner","item":"https:\/\/suresms.com\/dk\/funktioner\/"},{"@type":"ListItem","position":3,"name":"Komplet log og monitorering"}]},{"@type":"WebSite","@id":"https:\/\/suresms.com\/en\/#website","url":"https:\/\/suresms.com\/en\/","name":"SureSMS","description":"Pasarela SMS profesional","publisher":{"@id":"https:\/\/suresms.com\/en\/#organization"},"potentialAction":[{"@type":"SearchAction","target":{"@type":"EntryPoint","urlTemplate":"https:\/\/suresms.com\/en\/?s={search_term_string}"},"query-input":{"@type":"PropertyValueSpecification","valueRequired":true,"valueName":"search_term_string"}}],"inLanguage":"es"},{"@type":"Organization","@id":"https:\/\/suresms.com\/en\/#organization","name":"SureSMS","url":"https:\/\/suresms.com\/en\/","logo":{"@type":"ImageObject","inLanguage":"es","@id":"https:\/\/suresms.com\/en\/#\/schema\/logo\/image\/","url":"https:\/\/suresms.com\/wp-content\/uploads\/2024\/11\/suresms-300x65-1.png","contentUrl":"https:\/\/suresms.com\/wp-content\/uploads\/2024\/11\/suresms-300x65-1.png","width":300,"height":65,"caption":"SureSMS"},"image":{"@id":"https:\/\/suresms.com\/en\/#\/schema\/logo\/image\/"},"sameAs":["https:\/\/www.facebook.com\/p\/SureSMS-100044607956149\/"]}]}},"_links":{"self":[{"href":"https:\/\/suresms.com\/es\/wp-json\/wp\/v2\/pages\/1437","targetHints":{"allow":["GET"]}}],"collection":[{"href":"https:\/\/suresms.com\/es\/wp-json\/wp\/v2\/pages"}],"about":[{"href":"https:\/\/suresms.com\/es\/wp-json\/wp\/v2\/types\/page"}],"author":[{"embeddable":true,"href":"https:\/\/suresms.com\/es\/wp-json\/wp\/v2\/users\/1"}],"replies":[{"embeddable":true,"href":"https:\/\/suresms.com\/es\/wp-json\/wp\/v2\/comments?post=1437"}],"version-history":[{"count":1,"href":"https:\/\/suresms.com\/es\/wp-json\/wp\/v2\/pages\/1437\/revisions"}],"predecessor-version":[{"id":19453,"href":"https:\/\/suresms.com\/es\/wp-json\/wp\/v2\/pages\/1437\/revisions\/19453"}],"up":[{"embeddable":true,"href":"https:\/\/suresms.com\/es\/wp-json\/wp\/v2\/pages\/958"}],"wp:attachment":[{"href":"https:\/\/suresms.com\/es\/wp-json\/wp\/v2\/media?parent=1437"}],"wp:term":[{"taxonomy":"category","embeddable":true,"href":"https:\/\/suresms.com\/es\/wp-json\/wp\/v2\/categories?post=1437"},{"taxonomy":"post_tag","embeddable":true,"href":"https:\/\/suresms.com\/es\/wp-json\/wp\/v2\/tags?post=1437"}],"curies":[{"name":"wp","href":"https:\/\/api.w.org\/{rel}","templated":true}]}}