{"id":1426,"date":"2015-12-14T16:21:44","date_gmt":"2015-12-14T14:21:44","guid":{"rendered":"https:\/\/www.suresms.com\/dk\/?page_id=1426"},"modified":"2024-12-05T15:51:28","modified_gmt":"2024-12-05T15:51:28","slug":"formulario-de-inscripcion","status":"publish","type":"page","link":"https:\/\/suresms.com\/es\/funktioner\/web-tilmeldingsformular\/","title":{"rendered":"Formulario de inscripci\u00f3n WEB"},"content":{"rendered":"<!-- Flexy Breadcrumb -->\r\n\t\t\t<div class=\"fbc fbc-page\">\r\n\r\n\t\t\t\t<!-- Breadcrumb wrapper -->\r\n\t\t\t\t<div class=\"fbc-wrap\">\r\n\r\n\t\t\t\t\t<!-- Ordered list-->\r\n\t\t\t\t\t<ol class=\"fbc-items\" itemscope itemtype=\"https:\/\/schema.org\/BreadcrumbList\">\r\n\t\t\t\t\t\t            <li itemprop=\"itemListElement\" itemscope itemtype=\"https:\/\/schema.org\/ListItem\">\r\n                <span itemprop=\"name\">\r\n                    <!-- Home Link -->\r\n                    <a itemprop=\"item\" href=\"https:\/\/suresms.com\/es\/\">\r\n                    \r\n                                                    <i class=\"fa fa-home\" aria-hidden=\"true\"><\/i>Inicio                    <\/a>\r\n                <\/span>\r\n                <meta itemprop=\"position\" content=\"1\" \/><!-- Meta Position-->\r\n             <\/li><li><span class=\"fbc-separator\">\/<\/span><\/li><li class=\"active\" itemprop=\"itemListElement\" itemscope itemtype=\"https:\/\/schema.org\/ListItem\"><span itemprop=\"name\" title=\"Formulario de inscripci\u00f3n WEB\">Formulario de inscripci\u00f3n WEB<\/span><meta itemprop=\"position\" content=\"2\" \/><\/li>\t\t\t\t\t<\/ol>\r\n\t\t\t\t\t<div class=\"clearfix\"><\/div>\r\n\t\t\t\t<\/div>\r\n\t\t\t<\/div>\r\n\t\t\t\n<h1>\n\t\tListas de inscripci\u00f3n sencillas\n\t<\/h1>\n\t<p>Una vez que haya creado un grupo en SureSMS, tambi\u00e9n debe haber destinatarios en el grupo. Tal vez los tengas en otro sistema y puedas leerlos a trav\u00e9s de un archivo CSV. Tal vez los tengas en notas adhesivas y tengas que ponerte a teclear. Pero hay una manera m\u00e1s f\u00e1cil.<\/p>\n<p>Si va al men\u00fa Agenda - Grupos y selecciona el grupo, podr\u00e1 ver en la parte inferior de la pantalla c\u00f3mo a\u00f1adir personas a los grupos.<\/p>\n<p>Puede hacerlo mediante c\u00f3digo QR, SMS, correo electr\u00f3nico y a trav\u00e9s de un formulario web.<\/p>\n<p>A trav\u00e9s de este sencillo enlace, los socios, clientes y amigos pueden inscribirse en listas, boletines, clubes de clientes, eventos... Las posibilidades son infinitas. S\u00f3lo tienen que teclear su n\u00famero y pulsar \"Suscribirse\" o \"Darse de baja\". A continuaci\u00f3n, reciben un SMS con un c\u00f3digo pin para activar su suscripci\u00f3n a la lista. Una vez introducido, se suscriben\/desuscriben del grupo.<\/p>\n<p>El procedimiento es sencillo y se ejecuta autom\u00e1ticamente, sin que tengas que dedicarte a teclear, pegar u otras tareas administrativas.<\/p>\n<p>As\u00ed es muy f\u00e1cil conseguir que se apunte mucha gente.<\/p>\n\t<ul>\n\t\t<li>\t\t\t\t\n\t\t<h3>Recibir la inscripci\u00f3n por SMS<\/h3><p>Puede enviar un SMS a un n\u00famero con su palabra clave personalizada. El usuario se a\u00f1adir\u00e1 autom\u00e1ticamente a la lista.\u00a0<\/p><\/li><li>\t\t\t\t\n\t\t<h3>Recibir el registro mediante c\u00f3digo QR<\/h3><p>Puedes imprimir un c\u00f3digo QR y colocarlo en la caja registradora. As\u00ed, tus clientes podr\u00e1n apuntarse a tu lista de SMS mientras esperan a que les envuelvas la mercanc\u00eda.<\/p><\/li><li>\t\t\t\t\n\t\t<h3>Recibir la inscripci\u00f3n a trav\u00e9s del formulario WEB<\/h3><p>Inserta f\u00e1cilmente un enlace en tu propia p\u00e1gina con un formulario de inscripci\u00f3n. Incluso puedes darle estilo con un CSS a juego.\u00a0<\/p><\/li><li>\t\t\t\t\n\t\t<h3>A\u00f1adir informaci\u00f3n adicional<\/h3><p>Si desea recoger informaci\u00f3n adicional en el formulario, como la talla que usan, la tienda a la que se han suscrito o cualquier otra cosa, tambi\u00e9n es posible.\u00a0<\/p><\/li>\t<\/ul>\n\t\t<h4>\u00bfDesea crear una cuenta inmediatamente? <\/h4>\n\t\t<p>Estamos preparados para darle la bienvenida como cliente de SureSMS.<\/p>\n\t\t\t<a href=\"https:\/\/suresms.com\/es\/crear-cuenta-sms-gateway\/\" target=\"_self\">\n\t\t\t\t\t\t\tCrear una cuenta SureSMS\n\t\t\t\t\t<\/a>\n\t\t<h4>Pida una soluci\u00f3n bidireccional<\/h4>\n\t\t<p>\u00bfYa tiene una cuenta? Pida una soluci\u00f3n bidireccional y obtenga las opciones adicionales que ofrece su propia soluci\u00f3n.<\/p>\n\t\t\t<a href=\"https:\/\/suresms.com\/es\/orden-de-descarga-bidireccional\/\" target=\"_self\">\n\t\t\t\t\t\t\tPedir soluci\u00f3n bidireccional\n\t\t\t\t\t<\/a>","protected":false},"excerpt":{"rendered":"<p>Listas de inscripci\u00f3n sencillas Una vez que haya creado un grupo en SureSMS, tambi\u00e9n debe haber algunos destinatarios en el grupo. Tal vez los tengas en otro sistema y puedas leerlos a trav\u00e9s de un archivo CSV. Tal vez los tienes en notas adhesivas y necesitas empezar a escribir ... <a title=\"Formulario de inscripci\u00f3n WEB\" class=\"read-more\" href=\"https:\/\/suresms.com\/es\/funktioner\/web-tilmeldingsformular\/\" aria-label=\"Leer m\u00e1s sobre Formulario de inscripci\u00f3n WEB\">M\u00e1s informaci\u00f3n<\/a><\/p>","protected":false},"author":1,"featured_media":0,"parent":958,"menu_order":13,"comment_status":"closed","ping_status":"closed","template":"","meta":{"_fl_builder_enabled":"1","_fl_builder_data":null,"_fl_builder_draft":null,"_fl_builder_data_settings":null,"_fl_builder_css":"","_fl_builder_css_version":"","_fl_builder_js":"","footnotes":""},"categories":[17],"tags":[],"class_list":{"0":"post-1426","1":"page","2":"type-page","3":"status-publish","5":"category-linkfracornorstone"},"yoast_head":"<!-- This site is optimized with the Yoast SEO Premium plugin v27.3 (Yoast SEO v27.3) - https:\/\/yoast.com\/product\/yoast-seo-premium-wordpress\/ -->\r\n<title>Nem tilmelding til lister Lav webtilmeldingsformular p\u00e5 website<\/title>\r\n<meta name=\"description\" content=\"Opret tilmeldingsformular til dinegruppe-SMS&#039;er p\u00e5 dit website. Lad brugere selv tilmelde sig grupper. Gratis funktion SureSMS gruppeSMS. Kun 18 \u00f8re \/ SMS\" \/>\r\n<meta name=\"robots\" content=\"index, follow, max-snippet:-1, max-image-preview:large, max-video-preview:-1\" \/>\r\n<link rel=\"canonical\" href=\"https:\/\/suresms.com\/es\/caracteristicas\/formulario-de-inscripcion\/\" \/>\r\n<meta property=\"og:locale\" content=\"es_ES\" \/>\r\n<meta property=\"og:type\" content=\"article\" \/>\r\n<meta property=\"og:title\" content=\"WEB tilmeldingsformular\" \/>\r\n<meta property=\"og:description\" content=\"Opret tilmeldingsformular til dinegruppe-SMS&#039;er p\u00e5 dit website. Lad brugere selv tilmelde sig grupper. Gratis funktion SureSMS gruppeSMS. Kun 18 \u00f8re \/ SMS\" \/>\r\n<meta property=\"og:url\" content=\"https:\/\/suresms.com\/es\/caracteristicas\/formulario-de-inscripcion\/\" \/>\r\n<meta property=\"article:publisher\" content=\"https:\/\/www.facebook.com\/p\/SureSMS-100044607956149\/\" \/>\r\n<meta property=\"article:modified_time\" content=\"2024-12-05T15:51:28+00:00\" \/>\r\n<meta name=\"twitter:card\" content=\"summary_large_image\" \/>\r\n<meta name=\"twitter:label1\" content=\"Tiempo de lectura\" \/>\n\t<meta name=\"twitter:data1\" content=\"2 minutos\" \/>\r\n<script type=\"application\/ld+json\" class=\"yoast-schema-graph\">{\"@context\":\"https:\\\/\\\/schema.org\",\"@graph\":[{\"@type\":\"WebPage\",\"@id\":\"https:\\\/\\\/suresms.com\\\/dk\\\/funktioner\\\/web-tilmeldingsformular\\\/\",\"url\":\"https:\\\/\\\/suresms.com\\\/dk\\\/funktioner\\\/web-tilmeldingsformular\\\/\",\"name\":\"Nem tilmelding til lister Lav webtilmeldingsformular p\u00e5 website\",\"isPartOf\":{\"@id\":\"https:\\\/\\\/suresms.com\\\/en\\\/#website\"},\"datePublished\":\"2015-12-14T14:21:44+00:00\",\"dateModified\":\"2024-12-05T15:51:28+00:00\",\"description\":\"Opret tilmeldingsformular til dinegruppe-SMS'er p\u00e5 dit website. Lad brugere selv tilmelde sig grupper. Gratis funktion SureSMS gruppeSMS. Kun 18 \u00f8re \\\/ SMS\",\"breadcrumb\":{\"@id\":\"https:\\\/\\\/suresms.com\\\/dk\\\/funktioner\\\/web-tilmeldingsformular\\\/#breadcrumb\"},\"inLanguage\":\"es\",\"potentialAction\":[{\"@type\":\"ReadAction\",\"target\":[\"https:\\\/\\\/suresms.com\\\/dk\\\/funktioner\\\/web-tilmeldingsformular\\\/\"]}]},{\"@type\":\"BreadcrumbList\",\"@id\":\"https:\\\/\\\/suresms.com\\\/dk\\\/funktioner\\\/web-tilmeldingsformular\\\/#breadcrumb\",\"itemListElement\":[{\"@type\":\"ListItem\",\"position\":1,\"name\":\"Home\",\"item\":\"https:\\\/\\\/suresms.com\\\/dk\\\/\"},{\"@type\":\"ListItem\",\"position\":2,\"name\":\"Funktioner\",\"item\":\"https:\\\/\\\/suresms.com\\\/dk\\\/funktioner\\\/\"},{\"@type\":\"ListItem\",\"position\":3,\"name\":\"WEB tilmeldingsformular\"}]},{\"@type\":\"WebSite\",\"@id\":\"https:\\\/\\\/suresms.com\\\/en\\\/#website\",\"url\":\"https:\\\/\\\/suresms.com\\\/en\\\/\",\"name\":\"SureSMS\",\"description\":\"Professionel SMS Gateway\",\"publisher\":{\"@id\":\"https:\\\/\\\/suresms.com\\\/en\\\/#organization\"},\"potentialAction\":[{\"@type\":\"SearchAction\",\"target\":{\"@type\":\"EntryPoint\",\"urlTemplate\":\"https:\\\/\\\/suresms.com\\\/en\\\/?s={search_term_string}\"},\"query-input\":{\"@type\":\"PropertyValueSpecification\",\"valueRequired\":true,\"valueName\":\"search_term_string\"}}],\"inLanguage\":\"es\"},{\"@type\":\"Organization\",\"@id\":\"https:\\\/\\\/suresms.com\\\/en\\\/#organization\",\"name\":\"SureSMS\",\"url\":\"https:\\\/\\\/suresms.com\\\/en\\\/\",\"logo\":{\"@type\":\"ImageObject\",\"inLanguage\":\"es\",\"@id\":\"https:\\\/\\\/suresms.com\\\/en\\\/#\\\/schema\\\/logo\\\/image\\\/\",\"url\":\"https:\\\/\\\/suresms.com\\\/wp-content\\\/uploads\\\/2024\\\/11\\\/suresms-300x65-1.png\",\"contentUrl\":\"https:\\\/\\\/suresms.com\\\/wp-content\\\/uploads\\\/2024\\\/11\\\/suresms-300x65-1.png\",\"width\":300,\"height\":65,\"caption\":\"SureSMS\"},\"image\":{\"@id\":\"https:\\\/\\\/suresms.com\\\/en\\\/#\\\/schema\\\/logo\\\/image\\\/\"},\"sameAs\":[\"https:\\\/\\\/www.facebook.com\\\/p\\\/SureSMS-100044607956149\\\/\"]}]}<\/script>\r\n<!-- \/ Yoast SEO Premium plugin. -->","yoast_head_json":{"title":"F\u00e1cil inscripci\u00f3n en las listas Crear un formulario de inscripci\u00f3n en el sitio web","description":"Crea un formulario de inscripci\u00f3n para tu grupo SMS en tu sitio web. Permite que los usuarios se inscriban ellos mismos en los grupos. Funci\u00f3n gratuita de SMS en grupo de SureSMS. S\u00f3lo 18 \u00f8re \/ SMS","robots":{"index":"index","follow":"follow","max-snippet":"max-snippet:-1","max-image-preview":"max-image-preview:large","max-video-preview":"max-video-preview:-1"},"canonical":"https:\/\/suresms.com\/es\/caracteristicas\/formulario-de-inscripcion\/","og_locale":"es_ES","og_type":"article","og_title":"WEB tilmeldingsformular","og_description":"Opret tilmeldingsformular til dinegruppe-SMS'er p\u00e5 dit website. Lad brugere selv tilmelde sig grupper. Gratis funktion SureSMS gruppeSMS. Kun 18 \u00f8re \/ SMS","og_url":"https:\/\/suresms.com\/es\/caracteristicas\/formulario-de-inscripcion\/","article_publisher":"https:\/\/www.facebook.com\/p\/SureSMS-100044607956149\/","article_modified_time":"2024-12-05T15:51:28+00:00","twitter_card":"summary_large_image","twitter_misc":{"Tiempo de lectura":"2 minutos"},"schema":{"@context":"https:\/\/schema.org","@graph":[{"@type":"WebPage","@id":"https:\/\/suresms.com\/dk\/funktioner\/web-tilmeldingsformular\/","url":"https:\/\/suresms.com\/dk\/funktioner\/web-tilmeldingsformular\/","name":"F\u00e1cil inscripci\u00f3n en las listas Crear un formulario de inscripci\u00f3n en el sitio web","isPartOf":{"@id":"https:\/\/suresms.com\/en\/#website"},"datePublished":"2015-12-14T14:21:44+00:00","dateModified":"2024-12-05T15:51:28+00:00","description":"Crea un formulario de inscripci\u00f3n para tu grupo SMS en tu sitio web. Permite que los usuarios se inscriban ellos mismos en los grupos. Funci\u00f3n gratuita de SMS en grupo de SureSMS. S\u00f3lo 18 \u00f8re \/ SMS","breadcrumb":{"@id":"https:\/\/suresms.com\/dk\/funktioner\/web-tilmeldingsformular\/#breadcrumb"},"inLanguage":"es","potentialAction":[{"@type":"ReadAction","target":["https:\/\/suresms.com\/dk\/funktioner\/web-tilmeldingsformular\/"]}]},{"@type":"BreadcrumbList","@id":"https:\/\/suresms.com\/dk\/funktioner\/web-tilmeldingsformular\/#breadcrumb","itemListElement":[{"@type":"ListItem","position":1,"name":"Home","item":"https:\/\/suresms.com\/dk\/"},{"@type":"ListItem","position":2,"name":"Funktioner","item":"https:\/\/suresms.com\/dk\/funktioner\/"},{"@type":"ListItem","position":3,"name":"WEB tilmeldingsformular"}]},{"@type":"WebSite","@id":"https:\/\/suresms.com\/en\/#website","url":"https:\/\/suresms.com\/en\/","name":"SureSMS","description":"Pasarela SMS profesional","publisher":{"@id":"https:\/\/suresms.com\/en\/#organization"},"potentialAction":[{"@type":"SearchAction","target":{"@type":"EntryPoint","urlTemplate":"https:\/\/suresms.com\/en\/?s={search_term_string}"},"query-input":{"@type":"PropertyValueSpecification","valueRequired":true,"valueName":"search_term_string"}}],"inLanguage":"es"},{"@type":"Organization","@id":"https:\/\/suresms.com\/en\/#organization","name":"SureSMS","url":"https:\/\/suresms.com\/en\/","logo":{"@type":"ImageObject","inLanguage":"es","@id":"https:\/\/suresms.com\/en\/#\/schema\/logo\/image\/","url":"https:\/\/suresms.com\/wp-content\/uploads\/2024\/11\/suresms-300x65-1.png","contentUrl":"https:\/\/suresms.com\/wp-content\/uploads\/2024\/11\/suresms-300x65-1.png","width":300,"height":65,"caption":"SureSMS"},"image":{"@id":"https:\/\/suresms.com\/en\/#\/schema\/logo\/image\/"},"sameAs":["https:\/\/www.facebook.com\/p\/SureSMS-100044607956149\/"]}]}},"_links":{"self":[{"href":"https:\/\/suresms.com\/es\/wp-json\/wp\/v2\/pages\/1426","targetHints":{"allow":["GET"]}}],"collection":[{"href":"https:\/\/suresms.com\/es\/wp-json\/wp\/v2\/pages"}],"about":[{"href":"https:\/\/suresms.com\/es\/wp-json\/wp\/v2\/types\/page"}],"author":[{"embeddable":true,"href":"https:\/\/suresms.com\/es\/wp-json\/wp\/v2\/users\/1"}],"replies":[{"embeddable":true,"href":"https:\/\/suresms.com\/es\/wp-json\/wp\/v2\/comments?post=1426"}],"version-history":[{"count":4,"href":"https:\/\/suresms.com\/es\/wp-json\/wp\/v2\/pages\/1426\/revisions"}],"predecessor-version":[{"id":19462,"href":"https:\/\/suresms.com\/es\/wp-json\/wp\/v2\/pages\/1426\/revisions\/19462"}],"up":[{"embeddable":true,"href":"https:\/\/suresms.com\/es\/wp-json\/wp\/v2\/pages\/958"}],"wp:attachment":[{"href":"https:\/\/suresms.com\/es\/wp-json\/wp\/v2\/media?parent=1426"}],"wp:term":[{"taxonomy":"category","embeddable":true,"href":"https:\/\/suresms.com\/es\/wp-json\/wp\/v2\/categories?post=1426"},{"taxonomy":"post_tag","embeddable":true,"href":"https:\/\/suresms.com\/es\/wp-json\/wp\/v2\/tags?post=1426"}],"curies":[{"name":"wp","href":"https:\/\/api.w.org\/{rel}","templated":true}]}}