{"id":1409,"date":"2015-12-14T16:00:43","date_gmt":"2015-12-14T14:00:43","guid":{"rendered":"https:\/\/www.suresms.com\/dk\/?page_id=1409"},"modified":"2024-12-05T15:40:42","modified_gmt":"2024-12-05T15:40:42","slug":"funcion-de-sms-a-sms","status":"publish","type":"page","link":"https:\/\/suresms.com\/es\/funktioner\/sms-til-sms-funktion\/","title":{"rendered":"Funci\u00f3n SMS a SMS"},"content":{"rendered":"<!-- Flexy Breadcrumb -->\r\n\t\t\t<div class=\"fbc fbc-page\">\r\n\r\n\t\t\t\t<!-- Breadcrumb wrapper -->\r\n\t\t\t\t<div class=\"fbc-wrap\">\r\n\r\n\t\t\t\t\t<!-- Ordered list-->\r\n\t\t\t\t\t<ol class=\"fbc-items\" itemscope itemtype=\"https:\/\/schema.org\/BreadcrumbList\">\r\n\t\t\t\t\t\t            <li itemprop=\"itemListElement\" itemscope itemtype=\"https:\/\/schema.org\/ListItem\">\r\n                <span itemprop=\"name\">\r\n                    <!-- Home Link -->\r\n                    <a itemprop=\"item\" href=\"https:\/\/suresms.com\/es\/\">\r\n                    \r\n                                                    <i class=\"fa fa-home\" aria-hidden=\"true\"><\/i>Inicio                    <\/a>\r\n                <\/span>\r\n                <meta itemprop=\"position\" content=\"1\" \/><!-- Meta Position-->\r\n             <\/li><li><span class=\"fbc-separator\">\/<\/span><\/li><li class=\"active\" itemprop=\"itemListElement\" itemscope itemtype=\"https:\/\/schema.org\/ListItem\"><span itemprop=\"name\" title=\"Funci\u00f3n SMS a SMS\">Funci\u00f3n SMS a SMS<\/span><meta itemprop=\"position\" content=\"2\" \/><\/li>\t\t\t\t\t<\/ol>\r\n\t\t\t\t\t<div class=\"clearfix\"><\/div>\r\n\t\t\t\t<\/div>\r\n\t\t\t<\/div>\r\n\t\t\t\n<h1>\n\t\tFunci\u00f3n SMS a SMS\n\t<\/h1>\n\t<p>Esta es quiz\u00e1s una de las funciones m\u00e1s avanzadas de SureSMS. Con la funci\u00f3n SMS-to-SMS, es posible enviar un SMS a SureSMS. Este SMS se reenv\u00eda a otro tel\u00e9fono, posiblemente con un remitente diferente.<\/p>\n<h4><strong>\u00bfPor qu\u00e9?<\/strong><\/h4>\n<p>Si perteneces a una organizaci\u00f3n y quieres una soluci\u00f3n en la que todos puedan enviar un mensaje a todos los miembros de la organizaci\u00f3n, por ejemplo, en relaci\u00f3n con eventos, puedes hacerlo con esta funci\u00f3n.<\/p>\n<p>Al crear una cuenta en SureSMS y crear un grupo, por ejemplo el Consejo de Administraci\u00f3n, cualquiera puede enviar un SMS a un n\u00famero con el texto \"Consejo de Administraci\u00f3n\" seguido del mensaje. El mensaje se reenviar\u00e1 a todos los miembros del consejo.<\/p>\n<p>Esto significa que el miembro individual ni siquiera necesita saber el n\u00famero de la persona a la que va a enviar el mensaje. Sencillo para el remitente y protecci\u00f3n de la intimidad para el destinatario del mensaje.<\/p>\n<p>Otro ejemplo es, por ejemplo, una asociaci\u00f3n de viviendas que est\u00e1 renovando. Con SMS2SMS, puede dar un n\u00famero y un nombre a los constructores. Los constructores pueden enviar un SMS y todos los miembros de la organizaci\u00f3n recibir\u00e1n el mensaje.<\/p>\n<h4><strong>SMS2SMS gratis para todos nuestros clientes<\/strong><\/h4>\n<p>La funci\u00f3n SMS a SMS no tiene coste adicional en SureSMS. Forma parte de nuestro servicio. Sin embargo, dependiendo de sus requisitos de palabras clave, es posible que necesite comprar una soluci\u00f3n de 2 v\u00edas. En SureSMS, hemos creado esta soluci\u00f3n para todos nuestros clientes, lo que significa que tenemos una soluci\u00f3n de 2 v\u00edas que nuestros clientes pueden utilizar de forma gratuita. PERO, esto tambi\u00e9n significa que es compartida entre clientes. Por lo tanto, s\u00f3lo puede obtener las palabras clave que est\u00e1n disponibles. Si un cliente ya se ha hecho con una palabra clave, tendr\u00e1 que elegir otra.<\/p>\n<h4><strong>Crear una soluci\u00f3n bidireccional para la libre elecci\u00f3n<\/strong><\/h4>\n<p>Por eso algunos clientes optan por comprar su propia soluci\u00f3n bidireccional. De este modo, pueden elegir libremente las palabras clave y posiblemente tambi\u00e9n el n\u00famero de m\u00f3vil al que debe enviarse. Si compra su propia soluci\u00f3n bidireccional, no depende de otros, las posibilidades son mayores y se reduce la molestia de elegir palabras clave que se adapten a cada ocasi\u00f3n.<\/p>\n<p>Existen diferentes productos, pero tanto si elige nuestra soluci\u00f3n SIM alojada como un n\u00famero largo virtual, dispondr\u00e1 de n\u00fameros ilimitados y podr\u00e1 elegir libremente las palabras clave.<\/p>\n<p>Para obtener m\u00e1s informaci\u00f3n sobre las soluciones bidireccionales, consulta la secci\u00f3n SMS bidireccionales del men\u00fa.<\/p>\n<p>Consulte aqu\u00ed el enlace <a title=\"Precios de las pasarelas SMS\" href=\"https:\/\/suresms.com\/es\/precios-de-las-pasarelas-sms\/\">precios actualizados de nuestras soluciones bidireccionales.<\/a><\/p>\n\t\t<h4>\u00bfDesea crear una cuenta inmediatamente? <\/h4>\n\t\t<p>Estamos preparados para darle la bienvenida como cliente de SureSMS.<\/p>\n\t\t\t<a href=\"https:\/\/suresms.com\/es\/crear-cuenta-sms-gateway\/\" target=\"_self\">\n\t\t\t\t\t\t\tCrear una cuenta SureSMS\n\t\t\t\t\t<\/a>\n\t\t<h4>Pida una soluci\u00f3n bidireccional<\/h4>\n\t\t<p>\u00bfYa tiene una cuenta? Pida una soluci\u00f3n bidireccional y obtenga las opciones adicionales que ofrece su propia soluci\u00f3n.\u00a0<\/p>\n\t\t\t<a href=\"https:\/\/suresms.com\/es\/orden-de-descarga-bidireccional\/\" target=\"_self\">\n\t\t\t\t\t\t\tPedir soluci\u00f3n bidireccional\n\t\t\t\t\t<\/a>\n\t<h4><strong>Aqu\u00ed puede leer un ejemplo de c\u00f3mo nuestros clientes utilizan SMS2SMS en la actualidad<\/strong><\/h4>\n<ul>\n<li>Desarrollamos nuestra soluci\u00f3n SMS2SMS para un estudio de arquitectura dan\u00e9s. La empresa quer\u00eda una soluci\u00f3n SMS que pudiera utilizarse en sus proyectos de construcci\u00f3n. La soluci\u00f3n facilitar\u00eda la comunicaci\u00f3n y permitir\u00eda a los contratistas y subcontratistas comunicarse con los residentes sobre el progreso de los proyectos de construcci\u00f3n, ofertas y mucho m\u00e1s. Al mismo tiempo, el estudio de arquitectura quer\u00eda una soluci\u00f3n en la que los residentes pudieran inscribirse ellos mismos en el flujo de informaci\u00f3n.\u00a0 <br \/><strong>SureSMS desarroll\u00f3 el producto SMS2SMS para arquitectos<\/strong>. Cualquiera puede enviar informaci\u00f3n a la soluci\u00f3n a trav\u00e9s de un \u00fanico SMS y los residentes pueden inscribirse ellos mismos a trav\u00e9s de palabras clave.<\/li>\n<\/ul>\n<p>\u00a0<\/p>","protected":false},"excerpt":{"rendered":"<p>Funci\u00f3n de SMS a SMS \u00c9sta es quiz\u00e1 una de las funciones m\u00e1s avanzadas de SureSMS. Con la funci\u00f3n SMS a SMS, es posible enviar un SMS a SureSMS. Este SMS se reenv\u00eda a otro tel\u00e9fono, posiblemente con un remitente diferente. \u00bfPor qu\u00e9 deber\u00edas hacerlo? Si perteneces a una organizaci\u00f3n y quieres una soluci\u00f3n que... <a title=\"Funci\u00f3n SMS a SMS\" class=\"read-more\" href=\"https:\/\/suresms.com\/es\/funktioner\/sms-til-sms-funktion\/\" aria-label=\"Leer m\u00e1s sobre Funci\u00f3n de SMS a SMS\">M\u00e1s informaci\u00f3n<\/a><\/p>","protected":false},"author":1,"featured_media":0,"parent":958,"menu_order":3,"comment_status":"closed","ping_status":"closed","template":"","meta":{"_fl_builder_enabled":"1","_fl_builder_data":null,"_fl_builder_draft":null,"_fl_builder_data_settings":null,"_fl_builder_css":"","_fl_builder_css_version":"","_fl_builder_js":"","footnotes":""},"categories":[17],"tags":[],"class_list":{"0":"post-1409","1":"page","2":"type-page","3":"status-publish","5":"category-linkfracornorstone"},"yoast_head":"<!-- This site is optimized with the Yoast SEO Premium plugin v27.3 (Yoast SEO v27.3) - https:\/\/yoast.com\/product\/yoast-seo-premium-wordpress\/ -->\r\n<title>SMS til SMS funktion - SureSMS. NYT avanceret produkt - tilmeld selv<\/title>\r\n<meta name=\"description\" content=\"SMS til SMS. Send informationer til grupper uden at kende kontakternes identitet. Godt til f.x underlevand\u00f8rer. 2-vejsl\u00f8sning, hvortil man kan sende tilbud\" \/>\r\n<meta name=\"robots\" content=\"index, follow, max-snippet:-1, max-image-preview:large, max-video-preview:-1\" \/>\r\n<link rel=\"canonical\" href=\"https:\/\/suresms.com\/es\/caracteristicas\/funcion-de-sms-a-sms\/\" \/>\r\n<meta property=\"og:locale\" content=\"es_ES\" \/>\r\n<meta property=\"og:type\" content=\"article\" \/>\r\n<meta property=\"og:title\" content=\"SMS til SMS funktion\" \/>\r\n<meta property=\"og:description\" content=\"SMS til SMS. Send informationer til grupper uden at kende kontakternes identitet. Godt til f.x underlevand\u00f8rer. 2-vejsl\u00f8sning, hvortil man kan sende tilbud\" \/>\r\n<meta property=\"og:url\" content=\"https:\/\/suresms.com\/es\/caracteristicas\/funcion-de-sms-a-sms\/\" \/>\r\n<meta property=\"article:publisher\" content=\"https:\/\/www.facebook.com\/p\/SureSMS-100044607956149\/\" \/>\r\n<meta property=\"article:modified_time\" content=\"2024-12-05T15:40:42+00:00\" \/>\r\n<meta name=\"twitter:card\" content=\"summary_large_image\" \/>\r\n<meta name=\"twitter:label1\" content=\"Tiempo de lectura\" \/>\n\t<meta name=\"twitter:data1\" content=\"4 minutos\" \/>\r\n<script type=\"application\/ld+json\" class=\"yoast-schema-graph\">{\"@context\":\"https:\\\/\\\/schema.org\",\"@graph\":[{\"@type\":\"WebPage\",\"@id\":\"https:\\\/\\\/suresms.com\\\/dk\\\/funktioner\\\/sms-til-sms-funktion\\\/\",\"url\":\"https:\\\/\\\/suresms.com\\\/dk\\\/funktioner\\\/sms-til-sms-funktion\\\/\",\"name\":\"SMS til SMS funktion - SureSMS. NYT avanceret produkt - tilmeld selv\",\"isPartOf\":{\"@id\":\"https:\\\/\\\/suresms.com\\\/en\\\/#website\"},\"datePublished\":\"2015-12-14T14:00:43+00:00\",\"dateModified\":\"2024-12-05T15:40:42+00:00\",\"description\":\"SMS til SMS. Send informationer til grupper uden at kende kontakternes identitet. Godt til f.x underlevand\u00f8rer. 2-vejsl\u00f8sning, hvortil man kan sende tilbud\",\"breadcrumb\":{\"@id\":\"https:\\\/\\\/suresms.com\\\/dk\\\/funktioner\\\/sms-til-sms-funktion\\\/#breadcrumb\"},\"inLanguage\":\"es\",\"potentialAction\":[{\"@type\":\"ReadAction\",\"target\":[\"https:\\\/\\\/suresms.com\\\/dk\\\/funktioner\\\/sms-til-sms-funktion\\\/\"]}]},{\"@type\":\"BreadcrumbList\",\"@id\":\"https:\\\/\\\/suresms.com\\\/dk\\\/funktioner\\\/sms-til-sms-funktion\\\/#breadcrumb\",\"itemListElement\":[{\"@type\":\"ListItem\",\"position\":1,\"name\":\"Home\",\"item\":\"https:\\\/\\\/suresms.com\\\/dk\\\/\"},{\"@type\":\"ListItem\",\"position\":2,\"name\":\"Funktioner\",\"item\":\"https:\\\/\\\/suresms.com\\\/dk\\\/funktioner\\\/\"},{\"@type\":\"ListItem\",\"position\":3,\"name\":\"SMS til SMS funktion\"}]},{\"@type\":\"WebSite\",\"@id\":\"https:\\\/\\\/suresms.com\\\/en\\\/#website\",\"url\":\"https:\\\/\\\/suresms.com\\\/en\\\/\",\"name\":\"SureSMS\",\"description\":\"Professionel SMS Gateway\",\"publisher\":{\"@id\":\"https:\\\/\\\/suresms.com\\\/en\\\/#organization\"},\"potentialAction\":[{\"@type\":\"SearchAction\",\"target\":{\"@type\":\"EntryPoint\",\"urlTemplate\":\"https:\\\/\\\/suresms.com\\\/en\\\/?s={search_term_string}\"},\"query-input\":{\"@type\":\"PropertyValueSpecification\",\"valueRequired\":true,\"valueName\":\"search_term_string\"}}],\"inLanguage\":\"es\"},{\"@type\":\"Organization\",\"@id\":\"https:\\\/\\\/suresms.com\\\/en\\\/#organization\",\"name\":\"SureSMS\",\"url\":\"https:\\\/\\\/suresms.com\\\/en\\\/\",\"logo\":{\"@type\":\"ImageObject\",\"inLanguage\":\"es\",\"@id\":\"https:\\\/\\\/suresms.com\\\/en\\\/#\\\/schema\\\/logo\\\/image\\\/\",\"url\":\"https:\\\/\\\/suresms.com\\\/wp-content\\\/uploads\\\/2024\\\/11\\\/suresms-300x65-1.png\",\"contentUrl\":\"https:\\\/\\\/suresms.com\\\/wp-content\\\/uploads\\\/2024\\\/11\\\/suresms-300x65-1.png\",\"width\":300,\"height\":65,\"caption\":\"SureSMS\"},\"image\":{\"@id\":\"https:\\\/\\\/suresms.com\\\/en\\\/#\\\/schema\\\/logo\\\/image\\\/\"},\"sameAs\":[\"https:\\\/\\\/www.facebook.com\\\/p\\\/SureSMS-100044607956149\\\/\"]}]}<\/script>\r\n<!-- \/ Yoast SEO Premium plugin. -->","yoast_head_json":{"title":"Funci\u00f3n SMS a SMS - SureSMS. NUEVO producto avanzado - inscr\u00edbase usted mismo","description":"SMS a SMS. Env\u00ede informaci\u00f3n a grupos sin conocer la identidad de los contactos. Bueno para, por ejemplo, subcontratistas. Soluci\u00f3n bidireccional a la que puede enviar ofertas.","robots":{"index":"index","follow":"follow","max-snippet":"max-snippet:-1","max-image-preview":"max-image-preview:large","max-video-preview":"max-video-preview:-1"},"canonical":"https:\/\/suresms.com\/es\/caracteristicas\/funcion-de-sms-a-sms\/","og_locale":"es_ES","og_type":"article","og_title":"SMS til SMS funktion","og_description":"SMS til SMS. Send informationer til grupper uden at kende kontakternes identitet. Godt til f.x underlevand\u00f8rer. 2-vejsl\u00f8sning, hvortil man kan sende tilbud","og_url":"https:\/\/suresms.com\/es\/caracteristicas\/funcion-de-sms-a-sms\/","article_publisher":"https:\/\/www.facebook.com\/p\/SureSMS-100044607956149\/","article_modified_time":"2024-12-05T15:40:42+00:00","twitter_card":"summary_large_image","twitter_misc":{"Tiempo de lectura":"4 minutos"},"schema":{"@context":"https:\/\/schema.org","@graph":[{"@type":"WebPage","@id":"https:\/\/suresms.com\/dk\/funktioner\/sms-til-sms-funktion\/","url":"https:\/\/suresms.com\/dk\/funktioner\/sms-til-sms-funktion\/","name":"Funci\u00f3n SMS a SMS - SureSMS. NUEVO producto avanzado - inscr\u00edbase usted mismo","isPartOf":{"@id":"https:\/\/suresms.com\/en\/#website"},"datePublished":"2015-12-14T14:00:43+00:00","dateModified":"2024-12-05T15:40:42+00:00","description":"SMS a SMS. Env\u00ede informaci\u00f3n a grupos sin conocer la identidad de los contactos. Bueno para, por ejemplo, subcontratistas. Soluci\u00f3n bidireccional a la que puede enviar ofertas.","breadcrumb":{"@id":"https:\/\/suresms.com\/dk\/funktioner\/sms-til-sms-funktion\/#breadcrumb"},"inLanguage":"es","potentialAction":[{"@type":"ReadAction","target":["https:\/\/suresms.com\/dk\/funktioner\/sms-til-sms-funktion\/"]}]},{"@type":"BreadcrumbList","@id":"https:\/\/suresms.com\/dk\/funktioner\/sms-til-sms-funktion\/#breadcrumb","itemListElement":[{"@type":"ListItem","position":1,"name":"Home","item":"https:\/\/suresms.com\/dk\/"},{"@type":"ListItem","position":2,"name":"Funktioner","item":"https:\/\/suresms.com\/dk\/funktioner\/"},{"@type":"ListItem","position":3,"name":"SMS til SMS funktion"}]},{"@type":"WebSite","@id":"https:\/\/suresms.com\/en\/#website","url":"https:\/\/suresms.com\/en\/","name":"SureSMS","description":"Pasarela SMS profesional","publisher":{"@id":"https:\/\/suresms.com\/en\/#organization"},"potentialAction":[{"@type":"SearchAction","target":{"@type":"EntryPoint","urlTemplate":"https:\/\/suresms.com\/en\/?s={search_term_string}"},"query-input":{"@type":"PropertyValueSpecification","valueRequired":true,"valueName":"search_term_string"}}],"inLanguage":"es"},{"@type":"Organization","@id":"https:\/\/suresms.com\/en\/#organization","name":"SureSMS","url":"https:\/\/suresms.com\/en\/","logo":{"@type":"ImageObject","inLanguage":"es","@id":"https:\/\/suresms.com\/en\/#\/schema\/logo\/image\/","url":"https:\/\/suresms.com\/wp-content\/uploads\/2024\/11\/suresms-300x65-1.png","contentUrl":"https:\/\/suresms.com\/wp-content\/uploads\/2024\/11\/suresms-300x65-1.png","width":300,"height":65,"caption":"SureSMS"},"image":{"@id":"https:\/\/suresms.com\/en\/#\/schema\/logo\/image\/"},"sameAs":["https:\/\/www.facebook.com\/p\/SureSMS-100044607956149\/"]}]}},"_links":{"self":[{"href":"https:\/\/suresms.com\/es\/wp-json\/wp\/v2\/pages\/1409","targetHints":{"allow":["GET"]}}],"collection":[{"href":"https:\/\/suresms.com\/es\/wp-json\/wp\/v2\/pages"}],"about":[{"href":"https:\/\/suresms.com\/es\/wp-json\/wp\/v2\/types\/page"}],"author":[{"embeddable":true,"href":"https:\/\/suresms.com\/es\/wp-json\/wp\/v2\/users\/1"}],"replies":[{"embeddable":true,"href":"https:\/\/suresms.com\/es\/wp-json\/wp\/v2\/comments?post=1409"}],"version-history":[{"count":1,"href":"https:\/\/suresms.com\/es\/wp-json\/wp\/v2\/pages\/1409\/revisions"}],"predecessor-version":[{"id":19474,"href":"https:\/\/suresms.com\/es\/wp-json\/wp\/v2\/pages\/1409\/revisions\/19474"}],"up":[{"embeddable":true,"href":"https:\/\/suresms.com\/es\/wp-json\/wp\/v2\/pages\/958"}],"wp:attachment":[{"href":"https:\/\/suresms.com\/es\/wp-json\/wp\/v2\/media?parent=1409"}],"wp:term":[{"taxonomy":"category","embeddable":true,"href":"https:\/\/suresms.com\/es\/wp-json\/wp\/v2\/categories?post=1409"},{"taxonomy":"post_tag","embeddable":true,"href":"https:\/\/suresms.com\/es\/wp-json\/wp\/v2\/tags?post=1409"}],"curies":[{"name":"wp","href":"https:\/\/api.w.org\/{rel}","templated":true}]}}