{"id":13899,"date":"2021-11-08T21:04:13","date_gmt":"2021-11-08T19:04:13","guid":{"rendered":"https:\/\/www.suresms.com\/dk\/?page_id=13899"},"modified":"2021-11-08T21:04:13","modified_gmt":"2021-11-08T19:04:13","slug":"sms-marketing-viernes-negro","status":"publish","type":"page","link":"https:\/\/suresms.com\/es\/sms-markedsfoering\/sms-marketing-black-friday\/","title":{"rendered":"Marketing por SMS Black Friday"},"content":{"rendered":"\n\n\t\t\t\t<!-- Flexy Breadcrumb -->\r\n\t\t\t<div class=\"fbc fbc-page\">\r\n\r\n\t\t\t\t<!-- Breadcrumb wrapper -->\r\n\t\t\t\t<div class=\"fbc-wrap\">\r\n\r\n\t\t\t\t\t<!-- Ordered list-->\r\n\t\t\t\t\t<ol class=\"fbc-items\" itemscope itemtype=\"https:\/\/schema.org\/BreadcrumbList\">\r\n\t\t\t\t\t\t            <li itemprop=\"itemListElement\" itemscope itemtype=\"https:\/\/schema.org\/ListItem\">\r\n                <span itemprop=\"name\">\r\n                    <!-- Home Link -->\r\n                    <a itemprop=\"item\" href=\"https:\/\/suresms.com\">\r\n                    \r\n                                                    <i class=\"fa fa-home\" aria-hidden=\"true\"><\/i>Home                    <\/a>\r\n                <\/span>\r\n                <meta itemprop=\"position\" content=\"1\" \/><!-- Meta Position-->\r\n             <\/li><li><span class=\"fbc-separator\">\/<\/span><\/li><li class=\"active\" itemprop=\"itemListElement\" itemscope itemtype=\"https:\/\/schema.org\/ListItem\"><span itemprop=\"name\" title=\"SMS marketing Black Friday\">SMS marketing Black Friday<\/span><meta itemprop=\"position\" content=\"2\" \/><\/li>\t\t\t\t\t<\/ol>\r\n\t\t\t\t\t<div class=\"clearfix\"><\/div>\r\n\t\t\t\t<\/div>\r\n\t\t\t<\/div>\r\n\t\t\t\n\t\t\t\t<img loading=\"lazy\" decoding=\"async\" src=\"https:\/\/www.suresms.com\/dk\/wp-content\/uploads\/2021\/11\/blackFriday-and-Cybermonday.png\" alt=\"blackFriday and Cybermonday\" itemprop=\"image\" height=\"325\" width=\"1024\" title=\"blackFriday and Cybermonday\" onerror=\"this.style.display='none'\"  \/>\n\t<h1>Din Black Friday &amp; Cyber Monday<\/h1>\n<h1>SMS marketing checkliste.<\/h1>\n\t\t<h2>Indsigter og take-aways<\/h2>\t\t\n\t\t\t<p>Sidste \u00e5r slog Black Friday og Cyber \u200b\u200bMonday salgs rekorder, og eksperter forudser, at salget vil forts\u00e6tte med at stige i \u00e5r. Selvom det oprindeligt var en salgsbegivenhed i USA, deltager mange andre lande nu &#8211; herunder ogs\u00e5 Danmark.<\/p>\n<p>If\u00f8lge Shopify foretog 69 % af kunderne Black Friday-k\u00f8b p\u00e5 mobiltelefoner i 2020. S\u00e5 hvis SMS beskeder ikke er en del af din marketingstrategi i 2021, burde det v\u00e6re det.<\/p>\n<ul>\n<li>F\u00e6rre mennesker bes\u00f8gte detailbutikker &#8211; trafikken faldt med 42,3 % i 2020.<\/li>\n<li>St\u00f8rstedelen af mennesker (61%) k\u00f8bte p\u00e5 deres b\u00e6rbare computere og andre enheder, mens 39% k\u00f8bte fra mobiltelefoner .<\/li>\n<li>Der var en svimlende stigning i antallet af personer, der brugte Order-and-Collect, 30 % v\u00e6kst i forhold til 2019.<\/li>\n<li>Abonded cart (forladt indk\u00f8bskurv) var 77% p\u00e5 Black Friday i forhold til 71% i gennemsnit.<\/li>\n<\/ul>\n<p>Baseret p\u00e5 disse analyser er der et skift i retning af at folk k\u00f8ber online p\u00e5 vores mobile enheder i stedet for fysiske forhandlere. Fysiske butikker kan dog stadig g\u00f8re meget ved at tilbyde Click-and-Collect. Folk finder varen p\u00e5 nettet men vil gerne have den med det samme og ikke vente p\u00e5 levering.<\/p>\n<p>&nbsp;<\/p>\n\t\n<div class=\"wpcf7 no-js\" id=\"wpcf7-f3509-o1\" lang=\"en-US\" dir=\"ltr\" data-wpcf7-id=\"3509\">\n<div class=\"screen-reader-response\"><p role=\"status\" aria-live=\"polite\" aria-atomic=\"true\"><\/p> <ul><\/ul><\/div>\n<form action=\"\/es\/wp-json\/wp\/v2\/pages\/13899#wpcf7-f3509-o1\" method=\"post\" class=\"wpcf7-form init\" aria-label=\"Contact form\" novalidate=\"novalidate\" data-status=\"init\">\n<fieldset class=\"hidden-fields-container\"><input type=\"hidden\" name=\"_wpcf7\" value=\"3509\" \/><input type=\"hidden\" name=\"_wpcf7_version\" value=\"6.1.5\" \/><input type=\"hidden\" name=\"_wpcf7_locale\" value=\"en_US\" \/><input type=\"hidden\" name=\"_wpcf7_unit_tag\" value=\"wpcf7-f3509-o1\" \/><input type=\"hidden\" name=\"_wpcf7_container_post\" value=\"0\" \/><input type=\"hidden\" name=\"_wpcf7_posted_data_hash\" value=\"\" \/>\n<\/fieldset>\n<p>Bestil en gratis test-konto nu!!\n<\/p>\n<p><span class=\"wpcf7-form-control-wrap\" data-name=\"your-name\"><input size=\"40\" maxlength=\"400\" class=\"wpcf7-form-control wpcf7-text wpcf7-validates-as-required\" aria-required=\"true\" aria-invalid=\"false\" placeholder=\"Firmanavn*\" value=\"\" type=\"text\" name=\"your-name\" \/><\/span>\n<\/p>\n<p><span class=\"wpcf7-form-control-wrap\" data-name=\"dit-navn\"><input size=\"40\" maxlength=\"400\" class=\"wpcf7-form-control wpcf7-text wpcf7-validates-as-required\" aria-required=\"true\" aria-invalid=\"false\" placeholder=\"Dit navn*\" value=\"\" type=\"text\" name=\"dit-navn\" \/><\/span>\n<\/p>\n<p><span class=\"wpcf7-form-control-wrap\" data-name=\"emailaddress\"><input size=\"40\" maxlength=\"400\" class=\"wpcf7-form-control wpcf7-email wpcf7-validates-as-required wpcf7-text wpcf7-validates-as-email\" aria-required=\"true\" aria-invalid=\"false\" placeholder=\"E-mail*\" value=\"\" type=\"email\" name=\"emailaddress\" \/><\/span>\n<\/p>\n<div style=\"display:flex;\">\n\t<p><span class=\"wpcf7-form-control-wrap\" data-name=\"CountryCode\"><select class=\"wpcf7-form-control wpcf7-select wpcf7-validates-as-required\" aria-required=\"true\" aria-invalid=\"false\" name=\"CountryCode\"><option value=\"DK (+45)\">DK (+45)<\/option><option value=\"SE (+46)\">SE (+46)<\/option><option value=\"NO (+47)\">NO (+47)<\/option><option value=\"DE (+49)\">DE (+49)<\/option><option value=\"KN (+299)\">KN (+299)<\/option><option value=\"FO (+298)\">FO (+298)<\/option><\/select><\/span> &nbsp;&nbsp; <span class=\"wpcf7-form-control-wrap\" data-name=\"Phonenumber\"><input size=\"14\" maxlength=\"400\" class=\"wpcf7-form-control wpcf7-tel wpcf7-validates-as-required wpcf7-text wpcf7-validates-as-tel\" aria-required=\"true\" aria-invalid=\"false\" placeholder=\"Mobil nummer*\" value=\"\" type=\"tel\" name=\"Phonenumber\" \/><\/span>\n\t<\/p>\n<\/div>\n<p>Password sendes med SMS til dette nummer.\n<\/p>\n<p> Anvendelse:&nbsp;&nbsp;&nbsp;&nbsp;&nbsp;&nbsp;&nbsp;&nbsp;&nbsp;&nbsp; <span class=\"wpcf7-form-control-wrap\" data-name=\"Anvendelse\"><select class=\"wpcf7-form-control wpcf7-select wpcf7-validates-as-required\" id=\"Anvendelse\" aria-required=\"true\" aria-invalid=\"false\" name=\"Anvendelse\"><option value=\"\">&#8212;Please choose an option&#8212;<\/option><option value=\"Forening\">Forening<\/option><option value=\"Virksomhed\">Virksomhed<\/option><option value=\"Myndighed\">Myndighed<\/option><option value=\"Andet\">Andet<\/option><\/select><\/span>\n<\/p>\n<p><span class=\"wpcf7-form-control-wrap\" data-name=\"api\"><span class=\"wpcf7-form-control wpcf7-checkbox\"><span class=\"wpcf7-list-item first last\"><label><input type=\"checkbox\" name=\"api[]\" value=\"Jeg er softwareudvikler\" \/><span class=\"wpcf7-list-item-label\">Jeg er softwareudvikler<\/span><\/label><\/span><\/span><\/span>\n<\/p>\n<input class=\"wpcf7-form-control wpcf7-hidden\" value=\"\" type=\"hidden\" name=\"text\" \/>\n<p><div class=\"cf7-cf-turnstile\" style=\"margin-top: 0px; margin-bottom: -15px;\"> <div id=\"cf-turnstile-cf7-4210226919\" class=\"cf-turnstile\" data-sitekey=\"0x4AAAAAAB8YGArd9ML-HbMW\" data-theme=\"light\" data-language=\"auto\" data-size=\"normal\" data-retry=\"auto\" data-retry-interval=\"1000\" data-refresh-expired=\"auto\" data-action=\"contact-form-7\" data-appearance=\"always\"><\/div> <script>document.addEventListener(\"DOMContentLoaded\", function() { setTimeout(function(){ var e=document.getElementById(\"cf-turnstile-cf7-4210226919\"); e&&!e.innerHTML.trim()&&(turnstile.remove(\"#cf-turnstile-cf7-4210226919\"), turnstile.render(\"#cf-turnstile-cf7-4210226919\", {sitekey:\"0x4AAAAAAB8YGArd9ML-HbMW\"})); }, 100); });<\/script> <br class=\"cf-turnstile-br cf-turnstile-br-cf7-4210226919\"> <style>#cf-turnstile-cf7-4210226919 { margin-left: -15px; }<\/style> <script>document.addEventListener(\"DOMContentLoaded\",function(){document.querySelectorAll('.wpcf7-form').forEach(function(e){e.addEventListener('submit',function(){if(document.getElementById('cf-turnstile-cf7-4210226919')){setTimeout(function(){turnstile.reset('#cf-turnstile-cf7-4210226919');},1000)}})})});<\/script> <\/div><br\/><input class=\"wpcf7-form-control wpcf7-submit has-spinner submit\" type=\"submit\" value=\"Send\" \/><span class=\"send_arrow\"><\/span>\n<\/p>\n<p>[cf7sr-recaptcha]\n<\/p><div class=\"wpcf7-response-output\" aria-hidden=\"true\"><\/div>\n<\/form>\n<\/div>\n\n\t\t<h2>Forslag til din Black Friday markedsf\u00f8ring. <\/h2>\t\t\n\t\t\t<p>Vi har samlet et par gode r\u00e5d til din Black Friday markedsf\u00f8ring. De er ikke komplette, men skal forst\u00e5es som forslag til hvad du kan kigge p\u00e5.<\/p>\n<h3>Start tidligt<\/h3>\n<p>Hvis du skal bruge SMS-markedsf\u00f8ring i din Black Friday (og det er der mange gode grunde til at du skal), skal du have permission fra modtagerne. Det smarte ord er at dine kunder skal Opt-in til din service. S\u00e5 du skal, s\u00e5 snart du kan, begynde at indsamlet permission til SMS kommunikation. S\u00e6t det i dine betingelser allerede i dag. Faktisk NU! (jeg venter lige med at skrive videre s\u00e5 du f\u00e5r tid til at g\u00f8re det).<\/p>\n<h3>G\u00f8r det mobilt<\/h3>\n<p>Det er uomtvistelig at mere og mere trafik kommer fra mobiltelefoner. Mobile-first er en gammel saying. Men det bliver sv\u00e6re og sv\u00e6re at ramme brugerne p\u00e5 mobilen. Opm\u00e6rksomheden er delt mellem mange apps og kommunikationen er begr\u00e6nset af formatet. Ved at planl\u00e6gge din brugerrejse med mobile-first sikre du dig en st\u00f8rre konverteringsrate. Du skal, oppe i din salgstragt, bruge alle midler p\u00e5 mobiltelefonen.<\/p>\n<p>De f\u00e6rreste har f\u00e5et \u00f8jnene op for SMS mulighederne, specielt i Danmark, og det betyder at dem der f\u00f8rst rykker p\u00e5 mediet, f\u00e5r en urimelig konkurrencefordel.<\/p>\n<p>Mens vores e-mail-indbakker og app-meddelelser er oversv\u00f8mmet med advarsler, er din tekstindbakke stadig relativt fri for en tilstr\u00f8mning af forretningsbeskeder og beskeder.\u00a0Tilf\u00f8j de 98 % \u00e5bne rater for SMS, og du har et kraftfuldt hemmeligt v\u00e5ben i dine h\u00e6nder.<\/p>\n<h3>S\u00e6t dine v\u00e6rkt\u00f8jer til at arbejde<\/h3>\n<p>HubSpot, ActiveCampaign, MailChimp og mange flere. Du har sikkert en fin tech-stack som du bruger i din markedsf\u00f8ring. S\u00e6t den til at virke. Brug SMS der hvor det giver aller mest mening. Black Friday er oplagt til at lave Abonded cart SMS. Du kan dog ogs\u00e5 g\u00f8re det uden v\u00e6rkt\u00f8jerne. Med SureSMS har du mulighed for hurtigt at importere din liste af telefon numre og sende en personaliseret besked.<\/p>\n\t\t<h2>Lovgivning &#8211; do&#8217;s and don&#8217;ts<\/h2>\t\t\n\t\t\t<h3>Skab tillid<\/h3>\n<p>Byg relationer, ikke OTP&#8217;er (engangsk\u00f8b). Med overfloden af nye m\u00e6rker og virksomheder, der hopper p\u00e5 e-handelsvognen, er kunderne ved at v\u00e6re p\u00e5 vagt over for online-svindel.<\/p>\n\u2022 V\u00e6r personlig &#8211; brug deres navn og pr\u00e6ferencer i sms-kampagner for at give dine beskeder et menneskeligt pr\u00e6g.<br \/>\n\u2022 Overhold &#8211; S\u00f8rg for, at du tilf\u00f8jer en opt-out for at opfylde overholdelse og hj\u00e6lpe med at opbygge tillid til, at du g\u00f8r det rigtige.<br \/>\n\u2022 Sp\u00f8rg dem &#8211; F\u00e5 en tovejs SMS l\u00f8sning, s\u00e5 kunder kan sende sp\u00f8rgsm\u00e5l tilbage, hvis de er usikre p\u00e5 dit produkt eller din virksomhed.\n<p>&nbsp;<\/p>\n<h3>Skab urgency<\/h3>\n<p>En vigtig egenskab ved SMS er dens evne til at f\u00e5 kunder til at handle og k\u00f8be p\u00e5 grund af dens fantastiske \u00e5bningsrate og opm\u00e6rksomhed. Inden for sekunder eller minutter er det meget sandsynligt, at en kunde \u00e5bner enhver tekstkampagne, du sender dem.<\/p>\n<p>Du kan se en stigning i dit salg allerede indenfor 10-15 minutter.<\/p>\n<p>Du kan yderligere \u00f8ge incitamentet ved at tilf\u00f8je en tidsbegr\u00e6nsning til eventuelle tekstkampagner for at f\u00e5 folk til at handle. Giv dem f.eks. en rabat kode der g\u00e6lder 1 time.<\/p>\n\t<h4>Gratis konto og gratis r\u00e5dgivning &#8211; Vores supportteam kan hj\u00e6lpe dig igang. !\u00a0Ring til os p\u00e5 <strong>50 322 322<\/strong>\u00a0 for en uforpligtende snak eller send os en mail: <strong>info@suresms.com<\/strong><\/h4>\n\t\t<h2><a href=\"https:\/\/www.suresms.com\/dk\/2-vejs-sms-modtag-sms-pa-din-computer\/\" target=\"_self\" rel=\"noopener\">S\u00f8ger du en 2-vejs l\u00f8sning?<\/a><\/h2>\t\t\n\t\t\t<p>Skal dine brugere kunne besvare dine SMS&#8217;er? Eller har du brug for at modtage informationer over SMS? Vi har flere\u00a0velfungerende l\u00f8sninger. Hos os er der ALTID gratis oprettelse og fri support.<\/p>\n\t\t\t<a href=\"https:\/\/www.suresms.com\/dk\/2-vejs-sms-modtag-sms-pa-din-computer\/\" target=\"_self\" role=\"button\" rel=\"noopener\">\n\t\t\t\t\t\tL\u00e6s mere om vores 2-vejs l\u00f8sning \n\t\t\t\t\t<\/a>\n\t\t<h2>Opret en gratis Testkonto<\/h2>\n\t\t<p>Via en gratis testkonto kan du nemt komme igang med at teste vores SMS service. Det tager kun 5 min at f\u00e5 en testkonto. Du f\u00e5r <strong>50 gratis SMS&#8217;er<\/strong> med kontoen. S\u00e5 kan du afpr\u00f8ve vores SMS Gateway. Og det er\u00a0helt uden bindinger.<\/p>\n\t\t\t<a href=\"https:\/\/www.suresms.com\/dk\/gratis-sms-testkonto\/\" target=\"_self\" role=\"button\" rel=\"noopener\">\n\t\t\t\t\t\tOpret Testkonto\n\t\t\t\t\t<\/a>\n\t\t\t\t<img loading=\"lazy\" decoding=\"async\" src=\"https:\/\/www.suresms.com\/dk\/wp-content\/uploads\/2016\/01\/Herning-Varmforsinkning-100-px.jpg\" alt=\"kunder referencer Herning varmforzinkning farve logo\" itemprop=\"image\" height=\"99\" width=\"100\" title=\"Herning Varmforzinkning 100 px\" onerror=\"this.style.display='none'\"  \/>\n\t<h4><em>&#8220;Der burde v\u00e6re flere IT-firmaer\u00a0som jer. <br \/>Det er MEGET fleksibelt!&#8221;<\/em><\/h4>\n<p>Bjarne J\u00f8rgensen,\u00a0Herning Varmforzinkning.<\/p>\n\t\t\t\t<img loading=\"lazy\" decoding=\"async\" src=\"https:\/\/www.suresms.com\/dk\/wp-content\/uploads\/2013\/11\/Norriq.png\" alt=\"Norriq\" itemprop=\"image\" height=\"79\" width=\"169\" title=\"Norriq\" onerror=\"this.style.display='none'\"  \/>\n\t<h4><em>&#8220;N\u00e5r det f\u00f8rst k\u00f8rer, s\u00e5 snakker vi ikke med dem\u00a0mere, for der er aldrig problemer.&#8221;<\/em><\/h4>\n\n","protected":false},"excerpt":{"rendered":"<p>Su lista de control para el marketing por SMS del Black Friday y el Cyber Monday. El a\u00f1o pasado, el Black Friday y el Cyber Monday batieron r\u00e9cords de ventas y los expertos predicen que las ventas seguir\u00e1n aumentando este a\u00f1o. Aunque originalmente era un evento de ventas en EE.UU., ahora participan muchos otros pa\u00edses, entre ellos Dinamarca. Seg\u00fan Shopify, el 69 ... <a title=\"Marketing por SMS Black Friday\" class=\"read-more\" href=\"https:\/\/suresms.com\/es\/sms-markedsfoering\/sms-marketing-black-friday\/\" aria-label=\"Leer m\u00e1s sobre SMS marketing Black Friday\">M\u00e1s informaci\u00f3n<\/a><\/p>","protected":false},"author":1,"featured_media":0,"parent":13888,"menu_order":1,"comment_status":"closed","ping_status":"closed","template":"","meta":{"_fl_builder_enabled":"1","_fl_builder_data":null,"_fl_builder_draft":null,"_fl_builder_data_settings":null,"_fl_builder_css":"","_fl_builder_css_version":"","_fl_builder_js":"","footnotes":""},"class_list":["post-13899","page","type-page","status-publish"],"yoast_head":"<!-- This site is optimized with the Yoast SEO Premium plugin v27.3 (Yoast SEO v27.3) - https:\/\/yoast.com\/product\/yoast-seo-premium-wordpress\/ -->\r\n<title>Fakta om vores SMS service - SureSMS - Se mere om vores online SMS<\/title>\r\n<meta name=\"description\" content=\"En SMS-service til alle. 0,- i oprettelse, Ingen binding, 18 \u00f8re pr SMS. Gratis Support! International SMS service. Se mere INFO om vores SMS service her!\" \/>\r\n<meta name=\"robots\" content=\"index, follow, max-snippet:-1, max-image-preview:large, max-video-preview:-1\" \/>\r\n<link rel=\"canonical\" href=\"https:\/\/suresms.com\/es\/sms-marketing\/sms-marketing-viernes-negro\/\" \/>\r\n<meta property=\"og:locale\" content=\"es_ES\" \/>\r\n<meta property=\"og:type\" content=\"article\" \/>\r\n<meta property=\"og:title\" content=\"SMS marketing Black Friday\" \/>\r\n<meta property=\"og:description\" content=\"En SMS-service til alle. 0,- i oprettelse, Ingen binding, 18 \u00f8re pr SMS. Gratis Support! International SMS service. Se mere INFO om vores SMS service her!\" \/>\r\n<meta property=\"og:url\" content=\"https:\/\/suresms.com\/es\/sms-marketing\/sms-marketing-viernes-negro\/\" \/>\r\n<meta property=\"article:publisher\" content=\"https:\/\/www.facebook.com\/p\/SureSMS-100044607956149\/\" \/>\r\n<meta property=\"og:image\" content=\"https:\/\/www.suresms.com\/dk\/wp-content\/uploads\/2021\/11\/blackFriday-and-Cybermonday.png\" \/>\r\n<meta name=\"twitter:card\" content=\"summary_large_image\" \/>\r\n<meta name=\"twitter:label1\" content=\"Tiempo de lectura\" \/>\n\t<meta name=\"twitter:data1\" content=\"5 minutos\" \/>\r\n<script type=\"application\/ld+json\" class=\"yoast-schema-graph\">{\"@context\":\"https:\\\/\\\/schema.org\",\"@graph\":[{\"@type\":\"WebPage\",\"@id\":\"https:\\\/\\\/suresms.com\\\/sms-markedsfoering\\\/sms-marketing-black-friday\\\/\",\"url\":\"https:\\\/\\\/suresms.com\\\/sms-markedsfoering\\\/sms-marketing-black-friday\\\/\",\"name\":\"Fakta om vores SMS service - SureSMS - Se mere om vores online SMS\",\"isPartOf\":{\"@id\":\"https:\\\/\\\/suresms.com\\\/en\\\/#website\"},\"primaryImageOfPage\":{\"@id\":\"https:\\\/\\\/suresms.com\\\/sms-markedsfoering\\\/sms-marketing-black-friday\\\/#primaryimage\"},\"image\":{\"@id\":\"https:\\\/\\\/suresms.com\\\/sms-markedsfoering\\\/sms-marketing-black-friday\\\/#primaryimage\"},\"thumbnailUrl\":\"https:\\\/\\\/www.suresms.com\\\/dk\\\/wp-content\\\/uploads\\\/2021\\\/11\\\/blackFriday-and-Cybermonday.png\",\"datePublished\":\"2021-11-08T19:04:13+00:00\",\"description\":\"En SMS-service til alle. 0,- i oprettelse, Ingen binding, 18 \u00f8re pr SMS. Gratis Support! International SMS service. Se mere INFO om vores SMS service her!\",\"breadcrumb\":{\"@id\":\"https:\\\/\\\/suresms.com\\\/sms-markedsfoering\\\/sms-marketing-black-friday\\\/#breadcrumb\"},\"inLanguage\":\"es\",\"potentialAction\":[{\"@type\":\"ReadAction\",\"target\":[\"https:\\\/\\\/suresms.com\\\/sms-markedsfoering\\\/sms-marketing-black-friday\\\/\"]}]},{\"@type\":\"ImageObject\",\"inLanguage\":\"es\",\"@id\":\"https:\\\/\\\/suresms.com\\\/sms-markedsfoering\\\/sms-marketing-black-friday\\\/#primaryimage\",\"url\":\"https:\\\/\\\/www.suresms.com\\\/dk\\\/wp-content\\\/uploads\\\/2021\\\/11\\\/blackFriday-and-Cybermonday.png\",\"contentUrl\":\"https:\\\/\\\/www.suresms.com\\\/dk\\\/wp-content\\\/uploads\\\/2021\\\/11\\\/blackFriday-and-Cybermonday.png\"},{\"@type\":\"BreadcrumbList\",\"@id\":\"https:\\\/\\\/suresms.com\\\/sms-markedsfoering\\\/sms-marketing-black-friday\\\/#breadcrumb\",\"itemListElement\":[{\"@type\":\"ListItem\",\"position\":1,\"name\":\"Home\",\"item\":\"https:\\\/\\\/suresms.com\\\/dk\\\/\"},{\"@type\":\"ListItem\",\"position\":2,\"name\":\"SMS-markedsf\u00f8ring\",\"item\":\"https:\\\/\\\/suresms.com\\\/sms-markedsfoering\\\/\"},{\"@type\":\"ListItem\",\"position\":3,\"name\":\"SMS marketing Black Friday\"}]},{\"@type\":\"WebSite\",\"@id\":\"https:\\\/\\\/suresms.com\\\/en\\\/#website\",\"url\":\"https:\\\/\\\/suresms.com\\\/en\\\/\",\"name\":\"SureSMS\",\"description\":\"Professionel SMS Gateway\",\"publisher\":{\"@id\":\"https:\\\/\\\/suresms.com\\\/en\\\/#organization\"},\"potentialAction\":[{\"@type\":\"SearchAction\",\"target\":{\"@type\":\"EntryPoint\",\"urlTemplate\":\"https:\\\/\\\/suresms.com\\\/en\\\/?s={search_term_string}\"},\"query-input\":{\"@type\":\"PropertyValueSpecification\",\"valueRequired\":true,\"valueName\":\"search_term_string\"}}],\"inLanguage\":\"es\"},{\"@type\":\"Organization\",\"@id\":\"https:\\\/\\\/suresms.com\\\/en\\\/#organization\",\"name\":\"SureSMS\",\"url\":\"https:\\\/\\\/suresms.com\\\/en\\\/\",\"logo\":{\"@type\":\"ImageObject\",\"inLanguage\":\"es\",\"@id\":\"https:\\\/\\\/suresms.com\\\/en\\\/#\\\/schema\\\/logo\\\/image\\\/\",\"url\":\"https:\\\/\\\/suresms.com\\\/wp-content\\\/uploads\\\/2024\\\/11\\\/suresms-300x65-1.png\",\"contentUrl\":\"https:\\\/\\\/suresms.com\\\/wp-content\\\/uploads\\\/2024\\\/11\\\/suresms-300x65-1.png\",\"width\":300,\"height\":65,\"caption\":\"SureSMS\"},\"image\":{\"@id\":\"https:\\\/\\\/suresms.com\\\/en\\\/#\\\/schema\\\/logo\\\/image\\\/\"},\"sameAs\":[\"https:\\\/\\\/www.facebook.com\\\/p\\\/SureSMS-100044607956149\\\/\"]}]}<\/script>\r\n<!-- \/ Yoast SEO Premium plugin. -->","yoast_head_json":{"title":"Datos sobre nuestro servicio SMS - SureSMS - M\u00e1s informaci\u00f3n sobre nuestros SMS en l\u00ednea","description":"Un servicio de SMS para todos. 0,- cuota de alta, sin compromiso, 18 \u00f8re por SMS. Asistencia gratuita. Servicio SMS internacional. \u00a1Ver m\u00e1s INFO sobre nuestro servicio SMS aqu\u00ed!","robots":{"index":"index","follow":"follow","max-snippet":"max-snippet:-1","max-image-preview":"max-image-preview:large","max-video-preview":"max-video-preview:-1"},"canonical":"https:\/\/suresms.com\/es\/sms-marketing\/sms-marketing-viernes-negro\/","og_locale":"es_ES","og_type":"article","og_title":"SMS marketing Black Friday","og_description":"En SMS-service til alle. 0,- i oprettelse, Ingen binding, 18 \u00f8re pr SMS. Gratis Support! International SMS service. Se mere INFO om vores SMS service her!","og_url":"https:\/\/suresms.com\/es\/sms-marketing\/sms-marketing-viernes-negro\/","article_publisher":"https:\/\/www.facebook.com\/p\/SureSMS-100044607956149\/","og_image":[{"url":"https:\/\/www.suresms.com\/dk\/wp-content\/uploads\/2021\/11\/blackFriday-and-Cybermonday.png","type":"","width":"","height":""}],"twitter_card":"summary_large_image","twitter_misc":{"Tiempo de lectura":"5 minutos"},"schema":{"@context":"https:\/\/schema.org","@graph":[{"@type":"WebPage","@id":"https:\/\/suresms.com\/sms-markedsfoering\/sms-marketing-black-friday\/","url":"https:\/\/suresms.com\/sms-markedsfoering\/sms-marketing-black-friday\/","name":"Datos sobre nuestro servicio SMS - SureSMS - M\u00e1s informaci\u00f3n sobre nuestros SMS en l\u00ednea","isPartOf":{"@id":"https:\/\/suresms.com\/en\/#website"},"primaryImageOfPage":{"@id":"https:\/\/suresms.com\/sms-markedsfoering\/sms-marketing-black-friday\/#primaryimage"},"image":{"@id":"https:\/\/suresms.com\/sms-markedsfoering\/sms-marketing-black-friday\/#primaryimage"},"thumbnailUrl":"https:\/\/www.suresms.com\/dk\/wp-content\/uploads\/2021\/11\/blackFriday-and-Cybermonday.png","datePublished":"2021-11-08T19:04:13+00:00","description":"Un servicio de SMS para todos. 0,- cuota de alta, sin compromiso, 18 \u00f8re por SMS. Asistencia gratuita. Servicio SMS internacional. \u00a1Ver m\u00e1s INFO sobre nuestro servicio SMS aqu\u00ed!","breadcrumb":{"@id":"https:\/\/suresms.com\/sms-markedsfoering\/sms-marketing-black-friday\/#breadcrumb"},"inLanguage":"es","potentialAction":[{"@type":"ReadAction","target":["https:\/\/suresms.com\/sms-markedsfoering\/sms-marketing-black-friday\/"]}]},{"@type":"ImageObject","inLanguage":"es","@id":"https:\/\/suresms.com\/sms-markedsfoering\/sms-marketing-black-friday\/#primaryimage","url":"https:\/\/www.suresms.com\/dk\/wp-content\/uploads\/2021\/11\/blackFriday-and-Cybermonday.png","contentUrl":"https:\/\/www.suresms.com\/dk\/wp-content\/uploads\/2021\/11\/blackFriday-and-Cybermonday.png"},{"@type":"BreadcrumbList","@id":"https:\/\/suresms.com\/sms-markedsfoering\/sms-marketing-black-friday\/#breadcrumb","itemListElement":[{"@type":"ListItem","position":1,"name":"Home","item":"https:\/\/suresms.com\/dk\/"},{"@type":"ListItem","position":2,"name":"SMS-markedsf\u00f8ring","item":"https:\/\/suresms.com\/sms-markedsfoering\/"},{"@type":"ListItem","position":3,"name":"SMS marketing Black Friday"}]},{"@type":"WebSite","@id":"https:\/\/suresms.com\/en\/#website","url":"https:\/\/suresms.com\/en\/","name":"SureSMS","description":"Pasarela SMS profesional","publisher":{"@id":"https:\/\/suresms.com\/en\/#organization"},"potentialAction":[{"@type":"SearchAction","target":{"@type":"EntryPoint","urlTemplate":"https:\/\/suresms.com\/en\/?s={search_term_string}"},"query-input":{"@type":"PropertyValueSpecification","valueRequired":true,"valueName":"search_term_string"}}],"inLanguage":"es"},{"@type":"Organization","@id":"https:\/\/suresms.com\/en\/#organization","name":"SureSMS","url":"https:\/\/suresms.com\/en\/","logo":{"@type":"ImageObject","inLanguage":"es","@id":"https:\/\/suresms.com\/en\/#\/schema\/logo\/image\/","url":"https:\/\/suresms.com\/wp-content\/uploads\/2024\/11\/suresms-300x65-1.png","contentUrl":"https:\/\/suresms.com\/wp-content\/uploads\/2024\/11\/suresms-300x65-1.png","width":300,"height":65,"caption":"SureSMS"},"image":{"@id":"https:\/\/suresms.com\/en\/#\/schema\/logo\/image\/"},"sameAs":["https:\/\/www.facebook.com\/p\/SureSMS-100044607956149\/"]}]}},"_links":{"self":[{"href":"https:\/\/suresms.com\/es\/wp-json\/wp\/v2\/pages\/13899","targetHints":{"allow":["GET"]}}],"collection":[{"href":"https:\/\/suresms.com\/es\/wp-json\/wp\/v2\/pages"}],"about":[{"href":"https:\/\/suresms.com\/es\/wp-json\/wp\/v2\/types\/page"}],"author":[{"embeddable":true,"href":"https:\/\/suresms.com\/es\/wp-json\/wp\/v2\/users\/1"}],"replies":[{"embeddable":true,"href":"https:\/\/suresms.com\/es\/wp-json\/wp\/v2\/comments?post=13899"}],"version-history":[{"count":0,"href":"https:\/\/suresms.com\/es\/wp-json\/wp\/v2\/pages\/13899\/revisions"}],"up":[{"embeddable":true,"href":"https:\/\/suresms.com\/es\/wp-json\/wp\/v2\/pages\/13888"}],"wp:attachment":[{"href":"https:\/\/suresms.com\/es\/wp-json\/wp\/v2\/media?parent=13899"}],"curies":[{"name":"wp","href":"https:\/\/api.w.org\/{rel}","templated":true}]}}