{"id":13888,"date":"2021-11-08T16:29:00","date_gmt":"2021-11-08T14:29:00","guid":{"rendered":"https:\/\/www.suresms.com\/dk\/?page_id=13888"},"modified":"2025-01-04T23:49:57","modified_gmt":"2025-01-04T23:49:57","slug":"sms-marketing","status":"publish","type":"page","link":"https:\/\/suresms.com\/es\/sms-markedsfoering\/","title":{"rendered":"Marketing por SMS"},"content":{"rendered":"\n\n\t\t\t\t<img loading=\"lazy\" decoding=\"async\" src=\"https:\/\/suresms.com\/wp-content\/uploads\/2021\/11\/Holidaysale-1.png\" alt=\"Holidaysale\" itemprop=\"image\" height=\"175\" width=\"1132\" title=\"Holidaysale\" onerror=\"this.style.display='none'\"  \/>\n\t<h1>SMS-markedsf\u00f8ring<\/h1>\n\n<h1>S\u00e5dan f\u00e5r du succes med det i din virksomhed<\/h1>\n\t<h2>Godt og skidt n\u00e5r det g\u00e6lder SMS-markedsf\u00f8ring<\/h2>\n\n<p>Der er jo altid fordele og ulemper ved en hver marketingplatform. Pris, tilg\u00e6ngelighed, effekt, m\u00e5lgruppens adf\u00e6rd og meget mere. Det er ikke sikkert at SMS-marketing er noget for dig og din virksomhed. Men hvis det er, kan du f\u00e5 virkelig meget ud af det.<\/p>\n<h3>Fordele ved SMS-markedsf\u00f8ring<\/h3>\n\n<ul> \t\n<li>Det er hurtigt og nemt. At SMS kun er tekst (og links) betyder at det er meget hurtigt og nemt at f\u00e5 sendt et budskab afsted.<\/li>\n\n<li>Meget h\u00f8j synlighed. Omkring 95% \u00e5bner SMS-beskeder indenfor de f\u00f8rste 3 minutter. 98% \u00e5bner SMS&#8217;en. Det er meget h\u00f8jere end f.eks. e-mail marketing.<\/li>\n\n<li>Du kan etablere en dialog med dine kunder utroligt nemt. Modtag svar p\u00e5 SMS og du har allerede f\u00e5et dem t\u00e6ttere p\u00e5 et k\u00f8b.<\/li>\n\n<li>SMS fungerer ogs\u00e5 p\u00e5 tv\u00e6rs af enheder og smartphone-modeller. Samtidig er populariteten til SMS&#8217;en stadig h\u00f8j &#8211; og faktisk stigende &#8211; selvom der er mange nye kommunikationsformer.<\/li>\n<\/ul>\n\n<h3>Ulemper ved SMS-markedsf\u00f8ring<\/h3>\n\n<ul> \t\n<li>Det er dyrt. Det koster ca. 26 \u00f8re pr. SMS du sender. S\u00e5 du kan ikke v\u00e6re lige s\u00e5 rundh\u00e5ndet med SMS&#8217;er som du er med email.<\/li>\n\n<li>Du har ikke de samme muligheder for udformningen af SMS&#8217;en. Det g\u00f8r det sv\u00e6rt at kommunikere pr\u00e6cis.<\/li>\n\n<li>Der skal indhentes s\u00e6rskilt permission til at sende SMS beskeder.<\/li>\n<\/ul>\n\t\n<div class=\"wpcf7 no-js\" id=\"wpcf7-f3509-o1\" lang=\"en-US\" dir=\"ltr\" data-wpcf7-id=\"3509\">\n<div class=\"screen-reader-response\"><p role=\"status\" aria-live=\"polite\" aria-atomic=\"true\"><\/p> <ul><\/ul><\/div>\n<form action=\"\/es\/wp-json\/wp\/v2\/pages\/13888#wpcf7-f3509-o1\" method=\"post\" class=\"wpcf7-form init\" aria-label=\"Contact form\" novalidate=\"novalidate\" data-status=\"init\">\n<fieldset class=\"hidden-fields-container\"><input type=\"hidden\" name=\"_wpcf7\" value=\"3509\" \/><input type=\"hidden\" name=\"_wpcf7_version\" value=\"6.1.5\" \/><input type=\"hidden\" name=\"_wpcf7_locale\" value=\"en_US\" \/><input type=\"hidden\" name=\"_wpcf7_unit_tag\" value=\"wpcf7-f3509-o1\" \/><input type=\"hidden\" name=\"_wpcf7_container_post\" value=\"0\" \/><input type=\"hidden\" name=\"_wpcf7_posted_data_hash\" value=\"\" \/>\n<\/fieldset>\n<p>Bestil en gratis test-konto nu!!\n<\/p>\n<p><span class=\"wpcf7-form-control-wrap\" data-name=\"your-name\"><input size=\"40\" maxlength=\"400\" class=\"wpcf7-form-control wpcf7-text wpcf7-validates-as-required\" aria-required=\"true\" aria-invalid=\"false\" placeholder=\"Firmanavn*\" value=\"\" type=\"text\" name=\"your-name\" \/><\/span>\n<\/p>\n<p><span class=\"wpcf7-form-control-wrap\" data-name=\"dit-navn\"><input size=\"40\" maxlength=\"400\" class=\"wpcf7-form-control wpcf7-text wpcf7-validates-as-required\" aria-required=\"true\" aria-invalid=\"false\" placeholder=\"Dit navn*\" value=\"\" type=\"text\" name=\"dit-navn\" \/><\/span>\n<\/p>\n<p><span class=\"wpcf7-form-control-wrap\" data-name=\"emailaddress\"><input size=\"40\" maxlength=\"400\" class=\"wpcf7-form-control wpcf7-email wpcf7-validates-as-required wpcf7-text wpcf7-validates-as-email\" aria-required=\"true\" aria-invalid=\"false\" placeholder=\"E-mail*\" value=\"\" type=\"email\" name=\"emailaddress\" \/><\/span>\n<\/p>\n<div style=\"display:flex;\">\n\t<p><span class=\"wpcf7-form-control-wrap\" data-name=\"CountryCode\"><select class=\"wpcf7-form-control wpcf7-select wpcf7-validates-as-required\" aria-required=\"true\" aria-invalid=\"false\" name=\"CountryCode\"><option value=\"DK (+45)\">DK (+45)<\/option><option value=\"SE (+46)\">SE (+46)<\/option><option value=\"NO (+47)\">NO (+47)<\/option><option value=\"DE (+49)\">DE (+49)<\/option><option value=\"KN (+299)\">KN (+299)<\/option><option value=\"FO (+298)\">FO (+298)<\/option><\/select><\/span> &nbsp;&nbsp; <span class=\"wpcf7-form-control-wrap\" data-name=\"Phonenumber\"><input size=\"14\" maxlength=\"400\" class=\"wpcf7-form-control wpcf7-tel wpcf7-validates-as-required wpcf7-text wpcf7-validates-as-tel\" aria-required=\"true\" aria-invalid=\"false\" placeholder=\"Mobil nummer*\" value=\"\" type=\"tel\" name=\"Phonenumber\" \/><\/span>\n\t<\/p>\n<\/div>\n<p>Password sendes med SMS til dette nummer.\n<\/p>\n<p> Anvendelse:&nbsp;&nbsp;&nbsp;&nbsp;&nbsp;&nbsp;&nbsp;&nbsp;&nbsp;&nbsp; <span class=\"wpcf7-form-control-wrap\" data-name=\"Anvendelse\"><select class=\"wpcf7-form-control wpcf7-select wpcf7-validates-as-required\" id=\"Anvendelse\" aria-required=\"true\" aria-invalid=\"false\" name=\"Anvendelse\"><option value=\"\">&#8212;Please choose an option&#8212;<\/option><option value=\"Forening\">Forening<\/option><option value=\"Virksomhed\">Virksomhed<\/option><option value=\"Myndighed\">Myndighed<\/option><option value=\"Andet\">Andet<\/option><\/select><\/span>\n<\/p>\n<p><span class=\"wpcf7-form-control-wrap\" data-name=\"api\"><span class=\"wpcf7-form-control wpcf7-checkbox\"><span class=\"wpcf7-list-item first last\"><label><input type=\"checkbox\" name=\"api[]\" value=\"Jeg er softwareudvikler\" \/><span class=\"wpcf7-list-item-label\">Jeg er softwareudvikler<\/span><\/label><\/span><\/span><\/span>\n<\/p>\n<input class=\"wpcf7-form-control wpcf7-hidden\" value=\"\" type=\"hidden\" name=\"text\" \/>\n<p><div class=\"cf7-cf-turnstile\" style=\"margin-top: 0px; margin-bottom: -15px;\"> <div id=\"cf-turnstile-cf7-837711498\" class=\"cf-turnstile\" data-sitekey=\"0x4AAAAAAB8YGArd9ML-HbMW\" data-theme=\"light\" data-language=\"auto\" data-size=\"normal\" data-retry=\"auto\" data-retry-interval=\"1000\" data-refresh-expired=\"auto\" data-action=\"contact-form-7\" data-appearance=\"always\"><\/div> <script>document.addEventListener(\"DOMContentLoaded\", function() { setTimeout(function(){ var e=document.getElementById(\"cf-turnstile-cf7-837711498\"); e&&!e.innerHTML.trim()&&(turnstile.remove(\"#cf-turnstile-cf7-837711498\"), turnstile.render(\"#cf-turnstile-cf7-837711498\", {sitekey:\"0x4AAAAAAB8YGArd9ML-HbMW\"})); }, 100); });<\/script> <br class=\"cf-turnstile-br cf-turnstile-br-cf7-837711498\"> <style>#cf-turnstile-cf7-837711498 { margin-left: -15px; }<\/style> <script>document.addEventListener(\"DOMContentLoaded\",function(){document.querySelectorAll('.wpcf7-form').forEach(function(e){e.addEventListener('submit',function(){if(document.getElementById('cf-turnstile-cf7-837711498')){setTimeout(function(){turnstile.reset('#cf-turnstile-cf7-837711498');},1000)}})})});<\/script> <\/div><br\/><input class=\"wpcf7-form-control wpcf7-submit has-spinner submit\" type=\"submit\" value=\"Send\" \/><span class=\"send_arrow\"><\/span>\n<\/p>\n<p>[cf7sr-recaptcha]\n<\/p><div class=\"wpcf7-response-output\" aria-hidden=\"true\"><\/div>\n<\/form>\n<\/div>\n\n\t<h4>Gratis konto og gratis r\u00e5dgivning &#8211; Vores supportteam kan hj\u00e6lpe dig igang. !\u00a0Ring til os p\u00e5 <strong>50 322 322<\/strong>\u00a0 for en uforpligtende snak eller send os en mail: <strong>info@suresms.com<\/strong><\/h4>\n\n","protected":false},"excerpt":{"rendered":"<p>Marketing por SMS C\u00f3mo hacer que funcione para su empresa Lo bueno y lo malo del marketing por SMS Siempre hay pros y contras en todas las plataformas de marketing. Precio, accesibilidad, eficacia, comportamiento del p\u00fablico objetivo y mucho m\u00e1s. Puede que el marketing por SMS no sea adecuado para usted y su empresa. Pero si lo es, puede... <a title=\"Marketing por SMS\" class=\"read-more\" href=\"https:\/\/suresms.com\/es\/sms-markedsfoering\/\" aria-label=\"Leer m\u00e1s sobre Marketing por SMS\">M\u00e1s informaci\u00f3n<\/a><\/p>","protected":false},"author":1,"featured_media":0,"parent":0,"menu_order":1,"comment_status":"closed","ping_status":"closed","template":"","meta":{"_fl_builder_enabled":"1","_fl_builder_data":null,"_fl_builder_draft":null,"_fl_builder_data_settings":null,"_fl_builder_css":"","_fl_builder_css_version":"","_fl_builder_js":"","footnotes":""},"class_list":["post-13888","page","type-page","status-publish"],"yoast_head":"<!-- This site is optimized with the Yoast SEO Premium plugin v27.3 (Yoast SEO v27.3) - https:\/\/yoast.com\/product\/yoast-seo-premium-wordpress\/ -->\r\n<title>Fakta om vores SMS service - SureSMS - Se mere om vores online SMS<\/title>\r\n<meta name=\"description\" content=\"En SMS-service til alle. 0,- i oprettelse, Ingen binding, 18 \u00f8re pr SMS. Gratis Support! International SMS service. Se mere INFO om vores SMS service her!\" \/>\r\n<meta name=\"robots\" content=\"index, follow, max-snippet:-1, max-image-preview:large, max-video-preview:-1\" \/>\r\n<link rel=\"canonical\" href=\"https:\/\/suresms.com\/es\/sms-marketing\/\" \/>\r\n<meta property=\"og:locale\" content=\"es_ES\" \/>\r\n<meta property=\"og:type\" content=\"article\" \/>\r\n<meta property=\"og:title\" content=\"SMS-markedsf\u00f8ring\" \/>\r\n<meta property=\"og:description\" content=\"En SMS-service til alle. 0,- i oprettelse, Ingen binding, 18 \u00f8re pr SMS. Gratis Support! International SMS service. Se mere INFO om vores SMS service her!\" \/>\r\n<meta property=\"og:url\" content=\"https:\/\/suresms.com\/es\/sms-marketing\/\" \/>\r\n<meta property=\"article:publisher\" content=\"https:\/\/www.facebook.com\/p\/SureSMS-100044607956149\/\" \/>\r\n<meta property=\"article:modified_time\" content=\"2025-01-04T23:49:57+00:00\" \/>\r\n<meta property=\"og:image\" content=\"https:\/\/suresms.com\/wp-content\/uploads\/2021\/11\/Holidaysale-1.png\" \/>\r\n<meta name=\"twitter:card\" content=\"summary_large_image\" \/>\r\n<meta name=\"twitter:label1\" content=\"Tiempo de lectura\" \/>\n\t<meta name=\"twitter:data1\" content=\"2 minutos\" \/>\r\n<script type=\"application\/ld+json\" class=\"yoast-schema-graph\">{\"@context\":\"https:\\\/\\\/schema.org\",\"@graph\":[{\"@type\":\"WebPage\",\"@id\":\"https:\\\/\\\/suresms.com\\\/sms-markedsfoering\\\/\",\"url\":\"https:\\\/\\\/suresms.com\\\/sms-markedsfoering\\\/\",\"name\":\"Fakta om vores SMS service - SureSMS - Se mere om vores online SMS\",\"isPartOf\":{\"@id\":\"https:\\\/\\\/suresms.com\\\/en\\\/#website\"},\"primaryImageOfPage\":{\"@id\":\"https:\\\/\\\/suresms.com\\\/sms-markedsfoering\\\/#primaryimage\"},\"image\":{\"@id\":\"https:\\\/\\\/suresms.com\\\/sms-markedsfoering\\\/#primaryimage\"},\"thumbnailUrl\":\"https:\\\/\\\/suresms.com\\\/wp-content\\\/uploads\\\/2021\\\/11\\\/Holidaysale-1.png\",\"datePublished\":\"2021-11-08T14:29:00+00:00\",\"dateModified\":\"2025-01-04T23:49:57+00:00\",\"description\":\"En SMS-service til alle. 0,- i oprettelse, Ingen binding, 18 \u00f8re pr SMS. Gratis Support! International SMS service. Se mere INFO om vores SMS service her!\",\"breadcrumb\":{\"@id\":\"https:\\\/\\\/suresms.com\\\/sms-markedsfoering\\\/#breadcrumb\"},\"inLanguage\":\"es\",\"potentialAction\":[{\"@type\":\"ReadAction\",\"target\":[\"https:\\\/\\\/suresms.com\\\/sms-markedsfoering\\\/\"]}]},{\"@type\":\"ImageObject\",\"inLanguage\":\"es\",\"@id\":\"https:\\\/\\\/suresms.com\\\/sms-markedsfoering\\\/#primaryimage\",\"url\":\"https:\\\/\\\/suresms.com\\\/wp-content\\\/uploads\\\/2021\\\/11\\\/Holidaysale-1.png\",\"contentUrl\":\"https:\\\/\\\/suresms.com\\\/wp-content\\\/uploads\\\/2021\\\/11\\\/Holidaysale-1.png\"},{\"@type\":\"BreadcrumbList\",\"@id\":\"https:\\\/\\\/suresms.com\\\/sms-markedsfoering\\\/#breadcrumb\",\"itemListElement\":[{\"@type\":\"ListItem\",\"position\":1,\"name\":\"Home\",\"item\":\"https:\\\/\\\/suresms.com\\\/dk\\\/\"},{\"@type\":\"ListItem\",\"position\":2,\"name\":\"SMS-markedsf\u00f8ring\"}]},{\"@type\":\"WebSite\",\"@id\":\"https:\\\/\\\/suresms.com\\\/en\\\/#website\",\"url\":\"https:\\\/\\\/suresms.com\\\/en\\\/\",\"name\":\"SureSMS\",\"description\":\"Professionel SMS Gateway\",\"publisher\":{\"@id\":\"https:\\\/\\\/suresms.com\\\/en\\\/#organization\"},\"potentialAction\":[{\"@type\":\"SearchAction\",\"target\":{\"@type\":\"EntryPoint\",\"urlTemplate\":\"https:\\\/\\\/suresms.com\\\/en\\\/?s={search_term_string}\"},\"query-input\":{\"@type\":\"PropertyValueSpecification\",\"valueRequired\":true,\"valueName\":\"search_term_string\"}}],\"inLanguage\":\"es\"},{\"@type\":\"Organization\",\"@id\":\"https:\\\/\\\/suresms.com\\\/en\\\/#organization\",\"name\":\"SureSMS\",\"url\":\"https:\\\/\\\/suresms.com\\\/en\\\/\",\"logo\":{\"@type\":\"ImageObject\",\"inLanguage\":\"es\",\"@id\":\"https:\\\/\\\/suresms.com\\\/en\\\/#\\\/schema\\\/logo\\\/image\\\/\",\"url\":\"https:\\\/\\\/suresms.com\\\/wp-content\\\/uploads\\\/2024\\\/11\\\/suresms-300x65-1.png\",\"contentUrl\":\"https:\\\/\\\/suresms.com\\\/wp-content\\\/uploads\\\/2024\\\/11\\\/suresms-300x65-1.png\",\"width\":300,\"height\":65,\"caption\":\"SureSMS\"},\"image\":{\"@id\":\"https:\\\/\\\/suresms.com\\\/en\\\/#\\\/schema\\\/logo\\\/image\\\/\"},\"sameAs\":[\"https:\\\/\\\/www.facebook.com\\\/p\\\/SureSMS-100044607956149\\\/\"]}]}<\/script>\r\n<!-- \/ Yoast SEO Premium plugin. -->","yoast_head_json":{"title":"Datos sobre nuestro servicio SMS - SureSMS - M\u00e1s informaci\u00f3n sobre nuestros SMS en l\u00ednea","description":"Un servicio de SMS para todos. 0,- cuota de alta, sin compromiso, 18 \u00f8re por SMS. Asistencia gratuita. Servicio SMS internacional. \u00a1Ver m\u00e1s INFO sobre nuestro servicio SMS aqu\u00ed!","robots":{"index":"index","follow":"follow","max-snippet":"max-snippet:-1","max-image-preview":"max-image-preview:large","max-video-preview":"max-video-preview:-1"},"canonical":"https:\/\/suresms.com\/es\/sms-marketing\/","og_locale":"es_ES","og_type":"article","og_title":"SMS-markedsf\u00f8ring","og_description":"En SMS-service til alle. 0,- i oprettelse, Ingen binding, 18 \u00f8re pr SMS. Gratis Support! International SMS service. Se mere INFO om vores SMS service her!","og_url":"https:\/\/suresms.com\/es\/sms-marketing\/","article_publisher":"https:\/\/www.facebook.com\/p\/SureSMS-100044607956149\/","article_modified_time":"2025-01-04T23:49:57+00:00","og_image":[{"url":"https:\/\/suresms.com\/wp-content\/uploads\/2021\/11\/Holidaysale-1.png","type":"","width":"","height":""}],"twitter_card":"summary_large_image","twitter_misc":{"Tiempo de lectura":"2 minutos"},"schema":{"@context":"https:\/\/schema.org","@graph":[{"@type":"WebPage","@id":"https:\/\/suresms.com\/sms-markedsfoering\/","url":"https:\/\/suresms.com\/sms-markedsfoering\/","name":"Datos sobre nuestro servicio SMS - SureSMS - M\u00e1s informaci\u00f3n sobre nuestros SMS en l\u00ednea","isPartOf":{"@id":"https:\/\/suresms.com\/en\/#website"},"primaryImageOfPage":{"@id":"https:\/\/suresms.com\/sms-markedsfoering\/#primaryimage"},"image":{"@id":"https:\/\/suresms.com\/sms-markedsfoering\/#primaryimage"},"thumbnailUrl":"https:\/\/suresms.com\/wp-content\/uploads\/2021\/11\/Holidaysale-1.png","datePublished":"2021-11-08T14:29:00+00:00","dateModified":"2025-01-04T23:49:57+00:00","description":"Un servicio de SMS para todos. 0,- cuota de alta, sin compromiso, 18 \u00f8re por SMS. Asistencia gratuita. Servicio SMS internacional. \u00a1Ver m\u00e1s INFO sobre nuestro servicio SMS aqu\u00ed!","breadcrumb":{"@id":"https:\/\/suresms.com\/sms-markedsfoering\/#breadcrumb"},"inLanguage":"es","potentialAction":[{"@type":"ReadAction","target":["https:\/\/suresms.com\/sms-markedsfoering\/"]}]},{"@type":"ImageObject","inLanguage":"es","@id":"https:\/\/suresms.com\/sms-markedsfoering\/#primaryimage","url":"https:\/\/suresms.com\/wp-content\/uploads\/2021\/11\/Holidaysale-1.png","contentUrl":"https:\/\/suresms.com\/wp-content\/uploads\/2021\/11\/Holidaysale-1.png"},{"@type":"BreadcrumbList","@id":"https:\/\/suresms.com\/sms-markedsfoering\/#breadcrumb","itemListElement":[{"@type":"ListItem","position":1,"name":"Home","item":"https:\/\/suresms.com\/dk\/"},{"@type":"ListItem","position":2,"name":"SMS-markedsf\u00f8ring"}]},{"@type":"WebSite","@id":"https:\/\/suresms.com\/en\/#website","url":"https:\/\/suresms.com\/en\/","name":"SureSMS","description":"Pasarela SMS profesional","publisher":{"@id":"https:\/\/suresms.com\/en\/#organization"},"potentialAction":[{"@type":"SearchAction","target":{"@type":"EntryPoint","urlTemplate":"https:\/\/suresms.com\/en\/?s={search_term_string}"},"query-input":{"@type":"PropertyValueSpecification","valueRequired":true,"valueName":"search_term_string"}}],"inLanguage":"es"},{"@type":"Organization","@id":"https:\/\/suresms.com\/en\/#organization","name":"SureSMS","url":"https:\/\/suresms.com\/en\/","logo":{"@type":"ImageObject","inLanguage":"es","@id":"https:\/\/suresms.com\/en\/#\/schema\/logo\/image\/","url":"https:\/\/suresms.com\/wp-content\/uploads\/2024\/11\/suresms-300x65-1.png","contentUrl":"https:\/\/suresms.com\/wp-content\/uploads\/2024\/11\/suresms-300x65-1.png","width":300,"height":65,"caption":"SureSMS"},"image":{"@id":"https:\/\/suresms.com\/en\/#\/schema\/logo\/image\/"},"sameAs":["https:\/\/www.facebook.com\/p\/SureSMS-100044607956149\/"]}]}},"_links":{"self":[{"href":"https:\/\/suresms.com\/es\/wp-json\/wp\/v2\/pages\/13888","targetHints":{"allow":["GET"]}}],"collection":[{"href":"https:\/\/suresms.com\/es\/wp-json\/wp\/v2\/pages"}],"about":[{"href":"https:\/\/suresms.com\/es\/wp-json\/wp\/v2\/types\/page"}],"author":[{"embeddable":true,"href":"https:\/\/suresms.com\/es\/wp-json\/wp\/v2\/users\/1"}],"replies":[{"embeddable":true,"href":"https:\/\/suresms.com\/es\/wp-json\/wp\/v2\/comments?post=13888"}],"version-history":[{"count":3,"href":"https:\/\/suresms.com\/es\/wp-json\/wp\/v2\/pages\/13888\/revisions"}],"predecessor-version":[{"id":20736,"href":"https:\/\/suresms.com\/es\/wp-json\/wp\/v2\/pages\/13888\/revisions\/20736"}],"wp:attachment":[{"href":"https:\/\/suresms.com\/es\/wp-json\/wp\/v2\/media?parent=13888"}],"curies":[{"name":"wp","href":"https:\/\/api.w.org\/{rel}","templated":true}]}}