{"id":13758,"date":"2021-10-25T12:38:19","date_gmt":"2021-10-25T10:38:19","guid":{"rendered":"https:\/\/www.suresms.com\/dk\/?page_id=13758"},"modified":"2024-12-02T09:16:36","modified_gmt":"2024-12-02T09:16:36","slug":"papel-para-mensajes-de-texto","status":"publish","type":"page","link":"https:\/\/suresms.com\/es\/integrationer\/booking-vikar-systemer\/cas-bookingsystem\/guide\/","title":{"rendered":"Integraci\u00f3n de SMS en el sistema de reservas CAS - gu\u00eda"},"content":{"rendered":"<!-- Flexy Breadcrumb -->\r\n\t\t\t<div class=\"fbc fbc-page\">\r\n\r\n\t\t\t\t<!-- Breadcrumb wrapper -->\r\n\t\t\t\t<div class=\"fbc-wrap\">\r\n\r\n\t\t\t\t\t<!-- Ordered list-->\r\n\t\t\t\t\t<ol class=\"fbc-items\" itemscope itemtype=\"https:\/\/schema.org\/BreadcrumbList\">\r\n\t\t\t\t\t\t            <li itemprop=\"itemListElement\" itemscope itemtype=\"https:\/\/schema.org\/ListItem\">\r\n                <span itemprop=\"name\">\r\n                    <!-- Home Link -->\r\n                    <a itemprop=\"item\" href=\"https:\/\/suresms.com\/es\/\">\r\n                    \r\n                                                    <i class=\"fa fa-home\" aria-hidden=\"true\"><\/i>Inicio                    <\/a>\r\n                <\/span>\r\n                <meta itemprop=\"position\" content=\"1\" \/><!-- Meta Position-->\r\n             <\/li><li><span class=\"fbc-separator\">\/<\/span><\/li><li class=\"active\" itemprop=\"itemListElement\" itemscope itemtype=\"https:\/\/schema.org\/ListItem\"><span itemprop=\"name\" title=\"Integraci\u00f3n de SMS en el sistema de reservas CAS - gu\u00eda\">Integraci\u00f3n de SMS para CAS...<\/span><meta itemprop=\"position\" content=\"2\" \/><\/li>\t\t\t\t\t<\/ol>\r\n\t\t\t\t\t<div class=\"clearfix\"><\/div>\r\n\t\t\t\t<\/div>\r\n\t\t\t<\/div>\r\n\t\t\t\n\t\t\t\t<img loading=\"lazy\" decoding=\"async\" src=\"https:\/\/suresms.com\/wp-content\/uploads\/2021\/10\/CASogSureSMS-1.png\" alt=\"CASogSureSMS\" itemprop=\"image\" height=\"200\" width=\"1400\" title=\"CASogSureSMS\" onerror=\"this.style.display='none'\">\n\t<h3>Gu\u00eda para configurar SMS desde el Sistema de Reservas CAS<\/h3>\n\t<p>Para utilizar SMS en el sistema de reservas CAS, necesita una cuenta en SureSMS. Su creaci\u00f3n es gratuita y no hay suscripci\u00f3n. Cuesta 31 \u00f8re por SMS enviado a n\u00fameros daneses. Un SMS puede tener 160 caracteres, si escribe m\u00e1s de 160 caracteres, tendr\u00e1 que pagar por 2 SMS.<\/p>\n<p>Una vez que tenga una cuenta con SureSMS, deber\u00e1 configurarla en el sistema CAS Booking. A continuaci\u00f3n encontrar\u00e1 instrucciones para crear una cuenta con SureSMS y luego configurarla en CAS Booking System.<\/p>\n\t<ul>\n\t\t<li>\t\t\t\t\n\t\t<h3>Crear una cuenta<\/h3><p>Primero necesitas crear una cuenta aqu\u00ed en el sitio de SureSMS. Abre este enlace y rellena la informaci\u00f3n: <a href=\"https:\/\/suresms.com\/es\/pida\/cuenta-de-prueba-de-sms-gratis\/\">Crear una cuenta<\/a><\/p><\/li><li>\t\t\t\t\n\t\t<h3>Recibir informaci\u00f3n por correo electr\u00f3nico<\/h3><p>Cuando reciba un correo electr\u00f3nico de bienvenida con informaci\u00f3n sobre su cuenta, responda con la siguiente informaci\u00f3n:<\/p><ol><li>Usuario del sistema CAS Booking en el campo asunto<\/li><li>Su n\u00famero de CVR<\/li><li>La direcci\u00f3n de correo electr\u00f3nico a la que debemos enviar la factura<\/li><li>El remitente que desea. NOTA: Puede escribir un m\u00e1ximo de 11 caracteres incluyendo espacios en el remitente<\/li><\/ol><\/li><li>\t\t\t\t\n\t\t<h3>Configuraci\u00f3n en CAS Booking<\/h3><table border=\"0\">\n<tbody>\n<tr>\n<td width=\"400\">Ahora es el momento de configurarlo en el sistema de reservas CAS. En \"Configuraci\u00f3n\" de la administraci\u00f3n encontrar\u00e1 \"Configuraci\u00f3n de SMS\". Introduzca aqu\u00ed el nombre de usuario y la contrase\u00f1a que ha recibido por correo electr\u00f3nico y SMS, as\u00ed como el nombre del remitente (su lugar de trabajo) del paso 4.<\/td>\n<td><img loading=\"lazy\" decoding=\"async\" src=\"https:\/\/suresms.com\/wp-content\/uploads\/2024\/12\/CAS-Booking-opsaetning-01.png\" alt=\"\" width=\"700\" height=\"372\"><\/td>\n<\/tr>\n<\/tbody>\n<\/table>\n<\/li><li>\t\t\t\t\n\t\t<h3>Configuraci\u00f3n de la prueba<\/h3><p>Cuando hayas recibido respuesta al correo electr\u00f3nico que enviaste en el paso 4, prueba a enviar un SMS directamente durante la configuraci\u00f3n.<\/p><\/li>\t<\/ul>\n\n\n\n<p><\/p>","protected":false},"excerpt":{"rendered":"<p>Gu\u00eda para configurar SMS desde CAS Booking System Para utilizar SMS en CAS Booking System, necesita una cuenta con SureSMS. Su creaci\u00f3n es gratuita y no hay suscripci\u00f3n. Cuesta 31 \u00f8re por SMS enviado a n\u00fameros daneses. Un SMS puede tener 160 caracteres, si escribe m\u00e1s de 160 caracteres, ... <a title=\"Integraci\u00f3n de SMS en el sistema de reservas CAS - gu\u00eda\" class=\"read-more\" href=\"https:\/\/suresms.com\/es\/integrationer\/booking-vikar-systemer\/cas-bookingsystem\/guide\/\" aria-label=\"Leer m\u00e1s sobre Integraci\u00f3n de SMS para el sistema de reservas CAS - gu\u00eda\">M\u00e1s informaci\u00f3n<\/a><\/p>","protected":false},"author":1,"featured_media":0,"parent":19373,"menu_order":1,"comment_status":"closed","ping_status":"closed","template":"","meta":{"_fl_builder_enabled":"1","_fl_builder_data":null,"_fl_builder_draft":null,"_fl_builder_data_settings":null,"_fl_builder_css":"","_fl_builder_css_version":"","_fl_builder_js":"","footnotes":""},"categories":[],"tags":[],"class_list":["post-13758","page","type-page","status-publish"],"yoast_head":"<!-- This site is optimized with the Yoast SEO Premium plugin v27.3 (Yoast SEO v27.3) - https:\/\/yoast.com\/product\/yoast-seo-premium-wordpress\/ -->\r\n<title>SMS integration til CAS bookingsystem - guide -<\/title>\r\n<meta name=\"description\" content=\"SMS integration til CAS booking-system. SureSMS har lavet en komplet SMS integration s\u00e5 du kan sende SMS fra CAS booking.\" \/>\r\n<meta name=\"robots\" content=\"noindex, nofollow\" \/>\r\n<meta property=\"og:locale\" content=\"es_ES\" \/>\r\n<meta property=\"og:type\" content=\"article\" \/>\r\n<meta property=\"og:title\" content=\"SMS integration til CAS bookingsystem - guide\" \/>\r\n<meta property=\"og:description\" content=\"SMS integration til CAS booking-system. SureSMS har lavet en komplet SMS integration s\u00e5 du kan sende SMS fra CAS booking.\" \/>\r\n<meta property=\"og:url\" content=\"https:\/\/suresms.com\/es\/integraciones\/sistemas-de-reserva-temporal\/sistema-de-reserva-de-casos\/papel-para-mensajes-de-texto\/\" \/>\r\n<meta property=\"article:publisher\" content=\"https:\/\/www.facebook.com\/p\/SureSMS-100044607956149\/\" \/>\r\n<meta property=\"article:modified_time\" content=\"2024-12-02T09:16:36+00:00\" \/>\r\n<meta property=\"og:image\" content=\"https:\/\/suresms.com\/wp-content\/uploads\/2021\/10\/CASogSureSMS-1.png\" \/>\r\n<meta name=\"twitter:card\" content=\"summary_large_image\" \/>\r\n<meta name=\"twitter:label1\" content=\"Tiempo de lectura\" \/>\n\t<meta name=\"twitter:data1\" content=\"6 minutos\" \/>\r\n<script type=\"application\/ld+json\" class=\"yoast-schema-graph\">{\"@context\":\"https:\\\/\\\/schema.org\",\"@graph\":[{\"@type\":\"WebPage\",\"@id\":\"https:\\\/\\\/suresms.com\\\/dk\\\/integrationer\\\/booking-vikar-systemer\\\/cas-bookingsystem\\\/guide\\\/\",\"url\":\"https:\\\/\\\/suresms.com\\\/dk\\\/integrationer\\\/booking-vikar-systemer\\\/cas-bookingsystem\\\/guide\\\/\",\"name\":\"SMS integration til CAS bookingsystem - guide -\",\"isPartOf\":{\"@id\":\"https:\\\/\\\/suresms.com\\\/en\\\/#website\"},\"primaryImageOfPage\":{\"@id\":\"https:\\\/\\\/suresms.com\\\/dk\\\/integrationer\\\/booking-vikar-systemer\\\/cas-bookingsystem\\\/guide\\\/#primaryimage\"},\"image\":{\"@id\":\"https:\\\/\\\/suresms.com\\\/dk\\\/integrationer\\\/booking-vikar-systemer\\\/cas-bookingsystem\\\/guide\\\/#primaryimage\"},\"thumbnailUrl\":\"https:\\\/\\\/suresms.com\\\/wp-content\\\/uploads\\\/2021\\\/10\\\/CASogSureSMS-1.png\",\"datePublished\":\"2021-10-25T10:38:19+00:00\",\"dateModified\":\"2024-12-02T09:16:36+00:00\",\"description\":\"SMS integration til CAS booking-system. SureSMS har lavet en komplet SMS integration s\u00e5 du kan sende SMS fra CAS booking.\",\"breadcrumb\":{\"@id\":\"https:\\\/\\\/suresms.com\\\/dk\\\/integrationer\\\/booking-vikar-systemer\\\/cas-bookingsystem\\\/guide\\\/#breadcrumb\"},\"inLanguage\":\"es\",\"potentialAction\":[{\"@type\":\"ReadAction\",\"target\":[\"https:\\\/\\\/suresms.com\\\/dk\\\/integrationer\\\/booking-vikar-systemer\\\/cas-bookingsystem\\\/guide\\\/\"]}]},{\"@type\":\"ImageObject\",\"inLanguage\":\"es\",\"@id\":\"https:\\\/\\\/suresms.com\\\/dk\\\/integrationer\\\/booking-vikar-systemer\\\/cas-bookingsystem\\\/guide\\\/#primaryimage\",\"url\":\"https:\\\/\\\/suresms.com\\\/wp-content\\\/uploads\\\/2021\\\/10\\\/CASogSureSMS-1.png\",\"contentUrl\":\"https:\\\/\\\/suresms.com\\\/wp-content\\\/uploads\\\/2021\\\/10\\\/CASogSureSMS-1.png\"},{\"@type\":\"BreadcrumbList\",\"@id\":\"https:\\\/\\\/suresms.com\\\/dk\\\/integrationer\\\/booking-vikar-systemer\\\/cas-bookingsystem\\\/guide\\\/#breadcrumb\",\"itemListElement\":[{\"@type\":\"ListItem\",\"position\":1,\"name\":\"Home\",\"item\":\"https:\\\/\\\/suresms.com\\\/dk\\\/\"},{\"@type\":\"ListItem\",\"position\":2,\"name\":\"Integrationer\",\"item\":\"https:\\\/\\\/suresms.com\\\/dk\\\/integrationer\\\/\"},{\"@type\":\"ListItem\",\"position\":3,\"name\":\"SMS integration til Booking- og vikar systemer\",\"item\":\"https:\\\/\\\/suresms.com\\\/dk\\\/integrationer\\\/booking-vikar-systemer\\\/\"},{\"@type\":\"ListItem\",\"position\":4,\"name\":\"SMS integration til CAS bookingsystem\",\"item\":\"https:\\\/\\\/suresms.com\\\/dk\\\/integrationer\\\/booking-vikar-systemer\\\/cas-bookingsystem\\\/\"},{\"@type\":\"ListItem\",\"position\":5,\"name\":\"SMS integration til CAS bookingsystem &#8211; guide\"}]},{\"@type\":\"WebSite\",\"@id\":\"https:\\\/\\\/suresms.com\\\/en\\\/#website\",\"url\":\"https:\\\/\\\/suresms.com\\\/en\\\/\",\"name\":\"SureSMS\",\"description\":\"Professionel SMS Gateway\",\"publisher\":{\"@id\":\"https:\\\/\\\/suresms.com\\\/en\\\/#organization\"},\"potentialAction\":[{\"@type\":\"SearchAction\",\"target\":{\"@type\":\"EntryPoint\",\"urlTemplate\":\"https:\\\/\\\/suresms.com\\\/en\\\/?s={search_term_string}\"},\"query-input\":{\"@type\":\"PropertyValueSpecification\",\"valueRequired\":true,\"valueName\":\"search_term_string\"}}],\"inLanguage\":\"es\"},{\"@type\":\"Organization\",\"@id\":\"https:\\\/\\\/suresms.com\\\/en\\\/#organization\",\"name\":\"SureSMS\",\"url\":\"https:\\\/\\\/suresms.com\\\/en\\\/\",\"logo\":{\"@type\":\"ImageObject\",\"inLanguage\":\"es\",\"@id\":\"https:\\\/\\\/suresms.com\\\/en\\\/#\\\/schema\\\/logo\\\/image\\\/\",\"url\":\"https:\\\/\\\/suresms.com\\\/wp-content\\\/uploads\\\/2024\\\/11\\\/suresms-300x65-1.png\",\"contentUrl\":\"https:\\\/\\\/suresms.com\\\/wp-content\\\/uploads\\\/2024\\\/11\\\/suresms-300x65-1.png\",\"width\":300,\"height\":65,\"caption\":\"SureSMS\"},\"image\":{\"@id\":\"https:\\\/\\\/suresms.com\\\/en\\\/#\\\/schema\\\/logo\\\/image\\\/\"},\"sameAs\":[\"https:\\\/\\\/www.facebook.com\\\/p\\\/SureSMS-100044607956149\\\/\"]}]}<\/script>\r\n<!-- \/ Yoast SEO Premium plugin. -->","yoast_head_json":{"title":"Integraci\u00f3n de SMS en el sistema de reservas CAS - gu\u00eda","description":"Integraci\u00f3n de SMS para el sistema de reservas CAS. SureSMS ha creado una completa integraci\u00f3n de SMS para que pueda enviar SMS desde CAS booking.","robots":{"index":"noindex","follow":"nofollow"},"og_locale":"es_ES","og_type":"article","og_title":"SMS integration til CAS bookingsystem - guide","og_description":"SMS integration til CAS booking-system. SureSMS har lavet en komplet SMS integration s\u00e5 du kan sende SMS fra CAS booking.","og_url":"https:\/\/suresms.com\/es\/integraciones\/sistemas-de-reserva-temporal\/sistema-de-reserva-de-casos\/papel-para-mensajes-de-texto\/","article_publisher":"https:\/\/www.facebook.com\/p\/SureSMS-100044607956149\/","article_modified_time":"2024-12-02T09:16:36+00:00","og_image":[{"url":"https:\/\/suresms.com\/wp-content\/uploads\/2021\/10\/CASogSureSMS-1.png","type":"","width":"","height":""}],"twitter_card":"summary_large_image","twitter_misc":{"Tiempo de lectura":"6 minutos"},"schema":{"@context":"https:\/\/schema.org","@graph":[{"@type":"WebPage","@id":"https:\/\/suresms.com\/dk\/integrationer\/booking-vikar-systemer\/cas-bookingsystem\/guide\/","url":"https:\/\/suresms.com\/dk\/integrationer\/booking-vikar-systemer\/cas-bookingsystem\/guide\/","name":"Integraci\u00f3n de SMS en el sistema de reservas CAS - gu\u00eda","isPartOf":{"@id":"https:\/\/suresms.com\/en\/#website"},"primaryImageOfPage":{"@id":"https:\/\/suresms.com\/dk\/integrationer\/booking-vikar-systemer\/cas-bookingsystem\/guide\/#primaryimage"},"image":{"@id":"https:\/\/suresms.com\/dk\/integrationer\/booking-vikar-systemer\/cas-bookingsystem\/guide\/#primaryimage"},"thumbnailUrl":"https:\/\/suresms.com\/wp-content\/uploads\/2021\/10\/CASogSureSMS-1.png","datePublished":"2021-10-25T10:38:19+00:00","dateModified":"2024-12-02T09:16:36+00:00","description":"Integraci\u00f3n de SMS para el sistema de reservas CAS. SureSMS ha creado una completa integraci\u00f3n de SMS para que pueda enviar SMS desde CAS booking.","breadcrumb":{"@id":"https:\/\/suresms.com\/dk\/integrationer\/booking-vikar-systemer\/cas-bookingsystem\/guide\/#breadcrumb"},"inLanguage":"es","potentialAction":[{"@type":"ReadAction","target":["https:\/\/suresms.com\/dk\/integrationer\/booking-vikar-systemer\/cas-bookingsystem\/guide\/"]}]},{"@type":"ImageObject","inLanguage":"es","@id":"https:\/\/suresms.com\/dk\/integrationer\/booking-vikar-systemer\/cas-bookingsystem\/guide\/#primaryimage","url":"https:\/\/suresms.com\/wp-content\/uploads\/2021\/10\/CASogSureSMS-1.png","contentUrl":"https:\/\/suresms.com\/wp-content\/uploads\/2021\/10\/CASogSureSMS-1.png"},{"@type":"BreadcrumbList","@id":"https:\/\/suresms.com\/dk\/integrationer\/booking-vikar-systemer\/cas-bookingsystem\/guide\/#breadcrumb","itemListElement":[{"@type":"ListItem","position":1,"name":"Home","item":"https:\/\/suresms.com\/dk\/"},{"@type":"ListItem","position":2,"name":"Integrationer","item":"https:\/\/suresms.com\/dk\/integrationer\/"},{"@type":"ListItem","position":3,"name":"SMS integration til Booking- og vikar systemer","item":"https:\/\/suresms.com\/dk\/integrationer\/booking-vikar-systemer\/"},{"@type":"ListItem","position":4,"name":"SMS integration til CAS bookingsystem","item":"https:\/\/suresms.com\/dk\/integrationer\/booking-vikar-systemer\/cas-bookingsystem\/"},{"@type":"ListItem","position":5,"name":"SMS integration til CAS bookingsystem &#8211; guide"}]},{"@type":"WebSite","@id":"https:\/\/suresms.com\/en\/#website","url":"https:\/\/suresms.com\/en\/","name":"SureSMS","description":"Pasarela SMS profesional","publisher":{"@id":"https:\/\/suresms.com\/en\/#organization"},"potentialAction":[{"@type":"SearchAction","target":{"@type":"EntryPoint","urlTemplate":"https:\/\/suresms.com\/en\/?s={search_term_string}"},"query-input":{"@type":"PropertyValueSpecification","valueRequired":true,"valueName":"search_term_string"}}],"inLanguage":"es"},{"@type":"Organization","@id":"https:\/\/suresms.com\/en\/#organization","name":"SureSMS","url":"https:\/\/suresms.com\/en\/","logo":{"@type":"ImageObject","inLanguage":"es","@id":"https:\/\/suresms.com\/en\/#\/schema\/logo\/image\/","url":"https:\/\/suresms.com\/wp-content\/uploads\/2024\/11\/suresms-300x65-1.png","contentUrl":"https:\/\/suresms.com\/wp-content\/uploads\/2024\/11\/suresms-300x65-1.png","width":300,"height":65,"caption":"SureSMS"},"image":{"@id":"https:\/\/suresms.com\/en\/#\/schema\/logo\/image\/"},"sameAs":["https:\/\/www.facebook.com\/p\/SureSMS-100044607956149\/"]}]}},"_links":{"self":[{"href":"https:\/\/suresms.com\/es\/wp-json\/wp\/v2\/pages\/13758","targetHints":{"allow":["GET"]}}],"collection":[{"href":"https:\/\/suresms.com\/es\/wp-json\/wp\/v2\/pages"}],"about":[{"href":"https:\/\/suresms.com\/es\/wp-json\/wp\/v2\/types\/page"}],"author":[{"embeddable":true,"href":"https:\/\/suresms.com\/es\/wp-json\/wp\/v2\/users\/1"}],"replies":[{"embeddable":true,"href":"https:\/\/suresms.com\/es\/wp-json\/wp\/v2\/comments?post=13758"}],"version-history":[{"count":7,"href":"https:\/\/suresms.com\/es\/wp-json\/wp\/v2\/pages\/13758\/revisions"}],"predecessor-version":[{"id":19383,"href":"https:\/\/suresms.com\/es\/wp-json\/wp\/v2\/pages\/13758\/revisions\/19383"}],"up":[{"embeddable":true,"href":"https:\/\/suresms.com\/es\/wp-json\/wp\/v2\/pages\/19373"}],"wp:attachment":[{"href":"https:\/\/suresms.com\/es\/wp-json\/wp\/v2\/media?parent=13758"}],"wp:term":[{"taxonomy":"category","embeddable":true,"href":"https:\/\/suresms.com\/es\/wp-json\/wp\/v2\/categories?post=13758"},{"taxonomy":"post_tag","embeddable":true,"href":"https:\/\/suresms.com\/es\/wp-json\/wp\/v2\/tags?post=13758"}],"curies":[{"name":"wp","href":"https:\/\/api.w.org\/{rel}","templated":true}]}}