{"id":1070,"date":"2015-02-26T13:10:48","date_gmt":"2015-02-26T11:10:48","guid":{"rendered":"https:\/\/www.suresms.com\/dk\/?page_id=1070"},"modified":"2025-12-03T11:07:56","modified_gmt":"2025-12-03T11:07:56","slug":"autorremitente-de-su-mensaje","status":"publish","type":"page","link":"https:\/\/suresms.com\/es\/funktioner\/selvvalgt-afsender-pa-din-besked\/","title":{"rendered":"Autorremitente de su mensaje"},"content":{"rendered":"<!-- Flexy Breadcrumb -->\r\n\t\t\t<div class=\"fbc fbc-page\">\r\n\r\n\t\t\t\t<!-- Breadcrumb wrapper -->\r\n\t\t\t\t<div class=\"fbc-wrap\">\r\n\r\n\t\t\t\t\t<!-- Ordered list-->\r\n\t\t\t\t\t<ol class=\"fbc-items\" itemscope itemtype=\"https:\/\/schema.org\/BreadcrumbList\">\r\n\t\t\t\t\t\t            <li itemprop=\"itemListElement\" itemscope itemtype=\"https:\/\/schema.org\/ListItem\">\r\n                <span itemprop=\"name\">\r\n                    <!-- Home Link -->\r\n                    <a itemprop=\"item\" href=\"https:\/\/suresms.com\/es\/\">\r\n                    \r\n                                                    <i class=\"fa fa-home\" aria-hidden=\"true\"><\/i>Inicio                    <\/a>\r\n                <\/span>\r\n                <meta itemprop=\"position\" content=\"1\" \/><!-- Meta Position-->\r\n             <\/li><li><span class=\"fbc-separator\">\/<\/span><\/li><li class=\"active\" itemprop=\"itemListElement\" itemscope itemtype=\"https:\/\/schema.org\/ListItem\"><span itemprop=\"name\" title=\"Autorremitente de su mensaje\">Remitente autoseleccionado en su...<\/span><meta itemprop=\"position\" content=\"2\" \/><\/li>\t\t\t\t\t<\/ol>\r\n\t\t\t\t\t<div class=\"clearfix\"><\/div>\r\n\t\t\t\t<\/div>\r\n\t\t\t<\/div>\r\n\t\t\t\n\t<h1>Autorremitente de su mensaje<\/h1>\n\t\t\t\t<img decoding=\"async\" src=\"https:\/\/suresms.com\/wp-content\/uploads\/2022\/06\/Not-allowed-senderid-1.png\" alt=\"ID de remitente opcional en sus mensajes\" itemprop=\"image\" height=\"388\" width=\"1400\" title=\"No permitido senderid\" onerror=\"this.style.display='none'\" loading=\"lazy\" \/>\n\t<p>Cuando env\u00edas un mensaje SMS desde nuestra pasarela SMS, puedes elegir el remitente. Esto significa que puedes decidir qui\u00e9n es el remitente cuando el mensaje llega al tel\u00e9fono del destinatario. Por supuesto, no puedes elegir SKAT, Redes o Polic\u00eda, como muestra la imagen de arriba. Debemos aprobar el remitente y, si no est\u00e1 relacionado con su empresa u organizaci\u00f3n, no lo aprobaremos.<\/p>\n\t\t\t\t<img decoding=\"async\" src=\"https:\/\/suresms.com\/wp-content\/uploads\/2022\/06\/All-senderids-are-manually-approved-1.png\" alt=\"Todos los senderids se aprueban manualmente\" itemprop=\"image\" height=\"137\" width=\"1271\" title=\"Todos los remitentes se aprueban manualmente\" onerror=\"this.style.display='none'\" loading=\"lazy\" \/>\n\t<h4><strong>Remitente alfanum\u00e9rico o num\u00e9rico<\/strong><\/h4>\n<p>Lo primero que debe decidir es si desea utilizar un remitente alfanum\u00e9rico o num\u00e9rico.<\/p>\n<p><strong>Un remitente alfanum\u00e9rico es una combinaci\u00f3n de letras.<\/strong> Por ejemplo, puede elegir el remitente \"Club\" o \"FashionShop\". Si elige un remitente alfanum\u00e9rico, el destinatario no podr\u00e1 responder al mensaje. Por lo tanto, debes incluir un n\u00famero en el mensaje si quieres que el destinatario pueda ponerse en contacto contigo.<\/p>\n<p>Otra opci\u00f3n es seleccionar un remitente num\u00e9rico.<\/p>\n<p><strong>Un remitente num\u00e9rico es simplemente un n\u00famero de tel\u00e9fono.<\/strong> Puede elegir como remitente su propio n\u00famero de tel\u00e9fono o, por ejemplo, el n\u00famero de tel\u00e9fono de la empresa. Cuando el destinatario del mensaje responda al mismo, la respuesta ir\u00e1 a parar autom\u00e1ticamente al tel\u00e9fono que contenga la tarjeta SIM con el n\u00famero seleccionado.<\/p>\n<p>&nbsp;<\/p>\n\t<h4><strong>S\u00f3lo remitentes leg\u00edtimos<\/strong><\/h4>\n<p>Aprobamos manualmente todos los remitentes antes de que se publiquen. Esto significa que no puedes recibir remitentes como PostNord, Nets o POLITI. Hacemos esto para aumentar la seguridad en general y la confianza en los SMS en particular.<\/p>\n<h4><strong>Ventajas e inconvenientes<\/strong><\/h4>\n<p>Ambas soluciones tienen sus pros y sus contras. Con un remitente alfanum\u00e9rico, su marca es m\u00e1s fuerte y el mensaje es m\u00e1s personalizado. Un remitente alfanum\u00e9rico NO incluye el n\u00famero desde el que se env\u00eda el mensaje. Esto significa que en el mensaje SMS tienes que escribir c\u00f3mo puede ponerse en contacto contigo el destinatario si quieres una respuesta.<\/p>\n<p>Con un remitente num\u00e9rico, responder es r\u00e1pido y f\u00e1cil. El f\u00e1cil flujo de trabajo hace que sea m\u00e1s accesible para el destinatario enviar la respuesta, evitando la posibilidad de que un usuario te haya enviado una respuesta que NO recibes.<\/p>\n\t\t\t<a href=\"https:\/\/app.suresms.com\/account\/signup\" target=\"_blank\" rel=\"noopener\">\n\t\t\t\t\t\t\tCrear una cuenta gratuita\n\t\t\t\t\t<\/a>\n\t<h4><strong>Algunas limitaciones<\/strong><\/h4>\n<p>Si eliges el remitente alfanum\u00e9rico, debes saber que s\u00f3lo puedes elegir un remitente con un m\u00e1ximo de 11 caracteres. Esto es una limitaci\u00f3n del protocolo SMS, lo que significa que se aplica a todos los que env\u00edan mensajes SMS. No es algo que en SureSMS podamos cambiar.<\/p>\n<p>Si eliges un remitente alfanum\u00e9rico, en Sure SMS cambiaremos el remitente. Hacemos esto por razones de seguridad para asegurarnos de que no te haces pasar por alguien distinto de quien eres. Se trata de una medida de seguridad que introdujimos despu\u00e9s de que las pasarelas de SMS de colegas del sector fueran utilizadas indebidamente para enviar mensajes con remitentes falsos.<\/p>\n<p>Puede pedir tantos remitentes alfanum\u00e9ricos diferentes como desee. No tiene coste adicional, simplemente los introducimos en el sistema por usted.<\/p>\n<p>M\u00e1s informaci\u00f3n sobre otras muchas funciones gratuitas de nuestra pasarela. <a title=\"Caracter\u00edsticas y funciones\" href=\"https:\/\/suresms.com\/es\/caracteristicas\/\">Vuelva al men\u00fa Caracter\u00edsticas y funciones.<\/a><\/p>\n\t\t<h4>\u00bfDesea crear una cuenta inmediatamente? <\/h4>\n\t\t<p>Estamos preparados para darle la bienvenida como cliente de SureSMS.<\/p>\n\t\t\t<a href=\"https:\/\/suresms.com\/es\/crear-cuenta-sms-gateway\/\" target=\"_self\">\n\t\t\t\t\t\t\tCrear una cuenta SureSMS\n\t\t\t\t\t<\/a>\n\t\t<h4>Pida una soluci\u00f3n bidireccional<\/h4>\n\t\t<p>\u00bfYa tiene una cuenta? Pida una soluci\u00f3n bidireccional y obtenga las opciones adicionales que ofrece su propia soluci\u00f3n.\u00a0<\/p>\n\t\t\t<a href=\"https:\/\/suresms.com\/es\/orden-de-descarga-bidireccional\/\" target=\"_self\">\n\t\t\t\t\t\t\tPedir soluci\u00f3n bidireccional\n\t\t\t\t\t<\/a>\n\t<h4><strong>Aqu\u00ed puede leer algunos ejemplos de c\u00f3mo utilizan actualmente esta funci\u00f3n nuestros clientes: \"Remitente autoseleccionado en SMS\"<\/strong><\/h4>\n\n<ul> \t\n<li>Varias de nuestras empresas que representan a varias marcas tienen una administraci\u00f3n que gestiona la comunicaci\u00f3n. Cuando env\u00edan mensajes SMS a los usuarios, han creado m\u00faltiples remitentes y luego simplemente seleccionan la Marca desde la que escriben en el campo remitente. Varias marcas pero una sola empresa y una sola administraci\u00f3n.<\/li>\n\n<li>Varias de nuestras organizaciones tienen diferentes miembros de la junta directiva que env\u00edan mensajes SMS desde nuestro sitio web. En el campo del remitente, pueden seleccionar f\u00e1cilmente \"Tesorero\", \"Presidente\" o \"Junta Directiva\", seg\u00fan de qui\u00e9n proceda el mensaje. Pero todo el grupo tiene una visi\u00f3n completa de los mensajes de la organizaci\u00f3n.<\/li>\n\n<li>Uno de nuestros salones elige como remitente su n\u00famero de m\u00f3vil o el nombre del sal\u00f3n, seg\u00fan se env\u00eden mensajes o campa\u00f1as a los clientes. Para las campa\u00f1as, el nombre es importante; para las vacantes u otras consultas, los clientes necesitan poder responder.<\/li>\n<\/ul>\n\t\t<h3><a href=\"http:\/\/suresms.com\/es\/docs\/\" target=\"_self\">Visite nuestro Manual<\/a><\/h3>\n\t\t\t\t<a href=\"http:\/\/suresms.com\/es\/docs\/\"  target=\"_self\" itemprop=\"url\">\n\t\t\t\t<img decoding=\"async\" src=\"https:\/\/suresms.com\/wp-content\/uploads\/bb-plugin\/cache\/Manual-400x250-px1-panorama-e9e3d5dc2346ff0881cf6ebd5537712d-.jpg\" alt=\"manual sitio web suresms\" itemprop=\"image\" height=\"250\" width=\"400\" title=\"Manual 400x250 px\" onerror=\"this.style.display='none'\" loading=\"lazy\" \/>\n\t\t\t\t<\/a>\n<p>Para ayudar a nuestros clientes, hemos reunido todas las instrucciones y descripciones en suresms.com\/docs. Aqu\u00ed puede ver c\u00f3mo funciona nuestra pasarela y obtener instrucciones sencillas y f\u00e1ciles de usar para las numerosas funciones.<\/p>\n\t\t<h3><a href=\"http:\/\/developer.suresms.com\/\" target=\"_self\">desarrollador.suresms.com<\/a><\/h3>\n\t\t\t\t<a href=\"http:\/\/developer.suresms.com\/\"  target=\"_self\" itemprop=\"url\">\n\t\t\t\t<img decoding=\"async\" src=\"https:\/\/suresms.com\/wp-content\/uploads\/bb-plugin\/cache\/developer-400x250-px-panorama-dcae33984faa2af9c04c6a2b37f15958-.jpg\" alt=\"desarrollador suresms sitio web para desarrolladores\" itemprop=\"image\" height=\"250\" width=\"400\" title=\"desarrollador 400x250 px\" onerror=\"this.style.display='none'\" loading=\"lazy\" \/>\n\t\t\t\t<\/a>\nSureSMS est\u00e1 hecho por desarrolladores para desarrolladores.<br \/>\nEn developer.suresms.com hemos reunido documentaci\u00f3n y ejemplos de c\u00f3digo para facilitar la integraci\u00f3n de nuestra pasarela en su sistema.\n\t\t<h3><a href=\"https:\/\/www.youtube.com\/channel\/UC1XGC5rl9mI9ndtBVn8yq7g\" target=\"_self\">Vea nuestros v\u00eddeos de instrucciones<\/a><\/h3>\n\t\t\t\t<a href=\"https:\/\/www.youtube.com\/channel\/UC1XGC5rl9mI9ndtBVn8yq7g\"  target=\"_self\" itemprop=\"url\">\n\t\t\t\t<img decoding=\"async\" src=\"https:\/\/suresms.com\/wp-content\/uploads\/bb-plugin\/cache\/you-tube400x250px-panorama-60bfdf50fa411bc1f1119324993b555c-.jpg\" alt=\"suresms sms gateway you tube videos\" itemprop=\"image\" height=\"250\" width=\"400\" title=\"you tube 400x250px\" onerror=\"this.style.display='none'\" loading=\"lazy\" \/>\n\t\t\t\t<\/a>\n<p>\u00bfEst\u00e1 empezando a utilizar una nueva funci\u00f3n? \u00bfO simplemente necesitas saber un poco m\u00e1s sobre c\u00f3mo funciona nuestra pasarela? En Youtube hemos recopilado nuestros v\u00eddeos instructivos. \u00a1Listo para empezar!<\/p>","protected":false},"excerpt":{"rendered":"<p>Elige el remitente de tu mensaje Cuando env\u00edas un mensaje SMS desde nuestra pasarela SMS, puedes elegir t\u00fa mismo el remitente. Esto significa que puedes elegir qui\u00e9n quieres que sea el remitente cuando el mensaje llegue al tel\u00e9fono del destinatario. Por supuesto, no puedes elegir SKAT, Nets o Police como en la imagen de arriba... <a title=\"Autorremitente de su mensaje\" class=\"read-more\" href=\"https:\/\/suresms.com\/es\/funktioner\/selvvalgt-afsender-pa-din-besked\/\" aria-label=\"Leer m\u00e1s sobre Autoelecci\u00f3n del remitente de su mensaje\">M\u00e1s informaci\u00f3n<\/a><\/p>","protected":false},"author":1,"featured_media":0,"parent":958,"menu_order":7,"comment_status":"closed","ping_status":"closed","template":"","meta":{"_fl_builder_enabled":"1","_fl_builder_data":null,"_fl_builder_draft":null,"_fl_builder_data_settings":null,"_fl_builder_css":"","_fl_builder_css_version":"","_fl_builder_js":"","footnotes":""},"categories":[17],"tags":[],"class_list":{"0":"post-1070","1":"page","2":"type-page","3":"status-publish","5":"category-linkfracornorstone"},"yoast_head":"<!-- This site is optimized with the Yoast SEO Premium plugin v27.3 (Yoast SEO v27.3) - https:\/\/yoast.com\/product\/yoast-seo-premium-wordpress\/ -->\r\n<title>Send anonym SMS | Send dine beskeder fra selvvalgt afsender<\/title>\r\n<meta name=\"description\" content=\"Find fleksible sms l\u00f8sninger her. Send anonym sms, send sms til hele verden eller send sms til brugere og kunder.\" \/>\r\n<meta name=\"robots\" content=\"index, follow, max-snippet:-1, max-image-preview:large, max-video-preview:-1\" \/>\r\n<link rel=\"canonical\" href=\"https:\/\/suresms.com\/es\/caracteristicas\/autorremitente-de-su-mensaje\/\" \/>\r\n<meta property=\"og:locale\" content=\"es_ES\" \/>\r\n<meta property=\"og:type\" content=\"article\" \/>\r\n<meta property=\"og:title\" content=\"Selvvalgt afsender p\u00e5 din besked\" \/>\r\n<meta property=\"og:description\" content=\"Find fleksible sms l\u00f8sninger her. Send anonym sms, send sms til hele verden eller send sms til brugere og kunder.\" \/>\r\n<meta property=\"og:url\" content=\"https:\/\/suresms.com\/es\/caracteristicas\/autorremitente-de-su-mensaje\/\" \/>\r\n<meta property=\"article:publisher\" content=\"https:\/\/www.facebook.com\/p\/SureSMS-100044607956149\/\" \/>\r\n<meta property=\"article:modified_time\" content=\"2025-12-03T11:07:56+00:00\" \/>\r\n<meta property=\"og:image\" content=\"https:\/\/suresms.com\/wp-content\/uploads\/2022\/06\/Not-allowed-senderid-1.png\" \/>\r\n<meta name=\"twitter:card\" content=\"summary_large_image\" \/>\r\n<meta name=\"twitter:label1\" content=\"Tiempo de lectura\" \/>\n\t<meta name=\"twitter:data1\" content=\"6 minutos\" \/>\r\n<script type=\"application\/ld+json\" class=\"yoast-schema-graph\">{\"@context\":\"https:\\\/\\\/schema.org\",\"@graph\":[{\"@type\":\"WebPage\",\"@id\":\"https:\\\/\\\/suresms.com\\\/dk\\\/funktioner\\\/selvvalgt-afsender-pa-din-besked\\\/\",\"url\":\"https:\\\/\\\/suresms.com\\\/dk\\\/funktioner\\\/selvvalgt-afsender-pa-din-besked\\\/\",\"name\":\"Send anonym SMS | Send dine beskeder fra selvvalgt afsender\",\"isPartOf\":{\"@id\":\"https:\\\/\\\/suresms.com\\\/en\\\/#website\"},\"primaryImageOfPage\":{\"@id\":\"https:\\\/\\\/suresms.com\\\/dk\\\/funktioner\\\/selvvalgt-afsender-pa-din-besked\\\/#primaryimage\"},\"image\":{\"@id\":\"https:\\\/\\\/suresms.com\\\/dk\\\/funktioner\\\/selvvalgt-afsender-pa-din-besked\\\/#primaryimage\"},\"thumbnailUrl\":\"https:\\\/\\\/suresms.com\\\/wp-content\\\/uploads\\\/2022\\\/06\\\/Not-allowed-senderid-1.png\",\"datePublished\":\"2015-02-26T11:10:48+00:00\",\"dateModified\":\"2025-12-03T11:07:56+00:00\",\"description\":\"Find fleksible sms l\u00f8sninger her. Send anonym sms, send sms til hele verden eller send sms til brugere og kunder.\",\"breadcrumb\":{\"@id\":\"https:\\\/\\\/suresms.com\\\/dk\\\/funktioner\\\/selvvalgt-afsender-pa-din-besked\\\/#breadcrumb\"},\"inLanguage\":\"es\",\"potentialAction\":[{\"@type\":\"ReadAction\",\"target\":[\"https:\\\/\\\/suresms.com\\\/dk\\\/funktioner\\\/selvvalgt-afsender-pa-din-besked\\\/\"]}]},{\"@type\":\"ImageObject\",\"inLanguage\":\"es\",\"@id\":\"https:\\\/\\\/suresms.com\\\/dk\\\/funktioner\\\/selvvalgt-afsender-pa-din-besked\\\/#primaryimage\",\"url\":\"https:\\\/\\\/suresms.com\\\/wp-content\\\/uploads\\\/2022\\\/06\\\/Not-allowed-senderid-1.png\",\"contentUrl\":\"https:\\\/\\\/suresms.com\\\/wp-content\\\/uploads\\\/2022\\\/06\\\/Not-allowed-senderid-1.png\"},{\"@type\":\"BreadcrumbList\",\"@id\":\"https:\\\/\\\/suresms.com\\\/dk\\\/funktioner\\\/selvvalgt-afsender-pa-din-besked\\\/#breadcrumb\",\"itemListElement\":[{\"@type\":\"ListItem\",\"position\":1,\"name\":\"Home\",\"item\":\"https:\\\/\\\/suresms.com\\\/dk\\\/\"},{\"@type\":\"ListItem\",\"position\":2,\"name\":\"Funktioner\",\"item\":\"https:\\\/\\\/suresms.com\\\/dk\\\/funktioner\\\/\"},{\"@type\":\"ListItem\",\"position\":3,\"name\":\"Selvvalgt afsender p\u00e5 din besked\"}]},{\"@type\":\"WebSite\",\"@id\":\"https:\\\/\\\/suresms.com\\\/en\\\/#website\",\"url\":\"https:\\\/\\\/suresms.com\\\/en\\\/\",\"name\":\"SureSMS\",\"description\":\"Professionel SMS Gateway\",\"publisher\":{\"@id\":\"https:\\\/\\\/suresms.com\\\/en\\\/#organization\"},\"potentialAction\":[{\"@type\":\"SearchAction\",\"target\":{\"@type\":\"EntryPoint\",\"urlTemplate\":\"https:\\\/\\\/suresms.com\\\/en\\\/?s={search_term_string}\"},\"query-input\":{\"@type\":\"PropertyValueSpecification\",\"valueRequired\":true,\"valueName\":\"search_term_string\"}}],\"inLanguage\":\"es\"},{\"@type\":\"Organization\",\"@id\":\"https:\\\/\\\/suresms.com\\\/en\\\/#organization\",\"name\":\"SureSMS\",\"url\":\"https:\\\/\\\/suresms.com\\\/en\\\/\",\"logo\":{\"@type\":\"ImageObject\",\"inLanguage\":\"es\",\"@id\":\"https:\\\/\\\/suresms.com\\\/en\\\/#\\\/schema\\\/logo\\\/image\\\/\",\"url\":\"https:\\\/\\\/suresms.com\\\/wp-content\\\/uploads\\\/2024\\\/11\\\/suresms-300x65-1.png\",\"contentUrl\":\"https:\\\/\\\/suresms.com\\\/wp-content\\\/uploads\\\/2024\\\/11\\\/suresms-300x65-1.png\",\"width\":300,\"height\":65,\"caption\":\"SureSMS\"},\"image\":{\"@id\":\"https:\\\/\\\/suresms.com\\\/en\\\/#\\\/schema\\\/logo\\\/image\\\/\"},\"sameAs\":[\"https:\\\/\\\/www.facebook.com\\\/p\\\/SureSMS-100044607956149\\\/\"]}]}<\/script>\r\n<!-- \/ Yoast SEO Premium plugin. -->","yoast_head_json":{"title":"Enviar SMS an\u00f3nimos | Env\u00eda tus mensajes desde el remitente que elijas","description":"Encuentre aqu\u00ed soluciones SMS flexibles. Env\u00ede SMS an\u00f3nimos, env\u00ede SMS al mundo o env\u00ede SMS a usuarios y clientes.","robots":{"index":"index","follow":"follow","max-snippet":"max-snippet:-1","max-image-preview":"max-image-preview:large","max-video-preview":"max-video-preview:-1"},"canonical":"https:\/\/suresms.com\/es\/caracteristicas\/autorremitente-de-su-mensaje\/","og_locale":"es_ES","og_type":"article","og_title":"Selvvalgt afsender p\u00e5 din besked","og_description":"Find fleksible sms l\u00f8sninger her. Send anonym sms, send sms til hele verden eller send sms til brugere og kunder.","og_url":"https:\/\/suresms.com\/es\/caracteristicas\/autorremitente-de-su-mensaje\/","article_publisher":"https:\/\/www.facebook.com\/p\/SureSMS-100044607956149\/","article_modified_time":"2025-12-03T11:07:56+00:00","og_image":[{"url":"https:\/\/suresms.com\/wp-content\/uploads\/2022\/06\/Not-allowed-senderid-1.png","type":"","width":"","height":""}],"twitter_card":"summary_large_image","twitter_misc":{"Tiempo de lectura":"6 minutos"},"schema":{"@context":"https:\/\/schema.org","@graph":[{"@type":"WebPage","@id":"https:\/\/suresms.com\/dk\/funktioner\/selvvalgt-afsender-pa-din-besked\/","url":"https:\/\/suresms.com\/dk\/funktioner\/selvvalgt-afsender-pa-din-besked\/","name":"Enviar SMS an\u00f3nimos | Env\u00eda tus mensajes desde el remitente que elijas","isPartOf":{"@id":"https:\/\/suresms.com\/en\/#website"},"primaryImageOfPage":{"@id":"https:\/\/suresms.com\/dk\/funktioner\/selvvalgt-afsender-pa-din-besked\/#primaryimage"},"image":{"@id":"https:\/\/suresms.com\/dk\/funktioner\/selvvalgt-afsender-pa-din-besked\/#primaryimage"},"thumbnailUrl":"https:\/\/suresms.com\/wp-content\/uploads\/2022\/06\/Not-allowed-senderid-1.png","datePublished":"2015-02-26T11:10:48+00:00","dateModified":"2025-12-03T11:07:56+00:00","description":"Encuentre aqu\u00ed soluciones SMS flexibles. Env\u00ede SMS an\u00f3nimos, env\u00ede SMS al mundo o env\u00ede SMS a usuarios y clientes.","breadcrumb":{"@id":"https:\/\/suresms.com\/dk\/funktioner\/selvvalgt-afsender-pa-din-besked\/#breadcrumb"},"inLanguage":"es","potentialAction":[{"@type":"ReadAction","target":["https:\/\/suresms.com\/dk\/funktioner\/selvvalgt-afsender-pa-din-besked\/"]}]},{"@type":"ImageObject","inLanguage":"es","@id":"https:\/\/suresms.com\/dk\/funktioner\/selvvalgt-afsender-pa-din-besked\/#primaryimage","url":"https:\/\/suresms.com\/wp-content\/uploads\/2022\/06\/Not-allowed-senderid-1.png","contentUrl":"https:\/\/suresms.com\/wp-content\/uploads\/2022\/06\/Not-allowed-senderid-1.png"},{"@type":"BreadcrumbList","@id":"https:\/\/suresms.com\/dk\/funktioner\/selvvalgt-afsender-pa-din-besked\/#breadcrumb","itemListElement":[{"@type":"ListItem","position":1,"name":"Home","item":"https:\/\/suresms.com\/dk\/"},{"@type":"ListItem","position":2,"name":"Funktioner","item":"https:\/\/suresms.com\/dk\/funktioner\/"},{"@type":"ListItem","position":3,"name":"Selvvalgt afsender p\u00e5 din besked"}]},{"@type":"WebSite","@id":"https:\/\/suresms.com\/en\/#website","url":"https:\/\/suresms.com\/en\/","name":"SureSMS","description":"Pasarela SMS profesional","publisher":{"@id":"https:\/\/suresms.com\/en\/#organization"},"potentialAction":[{"@type":"SearchAction","target":{"@type":"EntryPoint","urlTemplate":"https:\/\/suresms.com\/en\/?s={search_term_string}"},"query-input":{"@type":"PropertyValueSpecification","valueRequired":true,"valueName":"search_term_string"}}],"inLanguage":"es"},{"@type":"Organization","@id":"https:\/\/suresms.com\/en\/#organization","name":"SureSMS","url":"https:\/\/suresms.com\/en\/","logo":{"@type":"ImageObject","inLanguage":"es","@id":"https:\/\/suresms.com\/en\/#\/schema\/logo\/image\/","url":"https:\/\/suresms.com\/wp-content\/uploads\/2024\/11\/suresms-300x65-1.png","contentUrl":"https:\/\/suresms.com\/wp-content\/uploads\/2024\/11\/suresms-300x65-1.png","width":300,"height":65,"caption":"SureSMS"},"image":{"@id":"https:\/\/suresms.com\/en\/#\/schema\/logo\/image\/"},"sameAs":["https:\/\/www.facebook.com\/p\/SureSMS-100044607956149\/"]}]}},"_links":{"self":[{"href":"https:\/\/suresms.com\/es\/wp-json\/wp\/v2\/pages\/1070","targetHints":{"allow":["GET"]}}],"collection":[{"href":"https:\/\/suresms.com\/es\/wp-json\/wp\/v2\/pages"}],"about":[{"href":"https:\/\/suresms.com\/es\/wp-json\/wp\/v2\/types\/page"}],"author":[{"embeddable":true,"href":"https:\/\/suresms.com\/es\/wp-json\/wp\/v2\/users\/1"}],"replies":[{"embeddable":true,"href":"https:\/\/suresms.com\/es\/wp-json\/wp\/v2\/comments?post=1070"}],"version-history":[{"count":9,"href":"https:\/\/suresms.com\/es\/wp-json\/wp\/v2\/pages\/1070\/revisions"}],"predecessor-version":[{"id":23569,"href":"https:\/\/suresms.com\/es\/wp-json\/wp\/v2\/pages\/1070\/revisions\/23569"}],"up":[{"embeddable":true,"href":"https:\/\/suresms.com\/es\/wp-json\/wp\/v2\/pages\/958"}],"wp:attachment":[{"href":"https:\/\/suresms.com\/es\/wp-json\/wp\/v2\/media?parent=1070"}],"wp:term":[{"taxonomy":"category","embeddable":true,"href":"https:\/\/suresms.com\/es\/wp-json\/wp\/v2\/categories?post=1070"},{"taxonomy":"post_tag","embeddable":true,"href":"https:\/\/suresms.com\/es\/wp-json\/wp\/v2\/tags?post=1070"}],"curies":[{"name":"wp","href":"https:\/\/api.w.org\/{rel}","templated":true}]}}