{"id":958,"date":"2015-02-25T14:07:24","date_gmt":"2015-02-25T12:07:24","guid":{"rendered":"https:\/\/www.suresms.com\/dk\/?page_id=958"},"modified":"2025-11-05T08:57:43","modified_gmt":"2025-11-05T08:57:43","slug":"features","status":"publish","type":"page","link":"https:\/\/suresms.com\/en\/funktioner\/","title":{"rendered":"Features and functions"},"content":{"rendered":"<!-- Flexy Breadcrumb -->\r\n\t\t\t<div class=\"fbc fbc-page\">\r\n\r\n\t\t\t\t<!-- Breadcrumb wrapper -->\r\n\t\t\t\t<div class=\"fbc-wrap\">\r\n\r\n\t\t\t\t\t<!-- Ordered list-->\r\n\t\t\t\t\t<ol class=\"fbc-items\" itemscope itemtype=\"https:\/\/schema.org\/BreadcrumbList\">\r\n\t\t\t\t\t\t            <li itemprop=\"itemListElement\" itemscope itemtype=\"https:\/\/schema.org\/ListItem\">\r\n                <span itemprop=\"name\">\r\n                    <!-- Home Link -->\r\n                    <a itemprop=\"item\" href=\"https:\/\/suresms.com\/en\/\">\r\n                    \r\n                                                    <i class=\"fa fa-home\" aria-hidden=\"true\"><\/i>Home                    <\/a>\r\n                <\/span>\r\n                <meta itemprop=\"position\" content=\"1\" \/><!-- Meta Position-->\r\n             <\/li><li><span class=\"fbc-separator\">\/<\/span><\/li><li class=\"active\" itemprop=\"itemListElement\" itemscope itemtype=\"https:\/\/schema.org\/ListItem\"><span itemprop=\"name\" title=\"Features and functions\">Features and functions<\/span><meta itemprop=\"position\" content=\"2\" \/><\/li>\t\t\t\t\t<\/ol>\r\n\t\t\t\t\t<div class=\"clearfix\"><\/div>\r\n\t\t\t\t<\/div>\r\n\t\t\t<\/div>\r\n\t\t\t\n\t<h1>Features and functions<\/h1>\n<p>Our SMS system has many useful features. Different features are used by different types of customers. Maybe you're looking for one of the features we've listed below. Click on the feature to learn more. You can also visit our <a href=\"https:\/\/suresms.com\/en\/branch-discharges\/\">industry guide<\/a>to see how different industries use our solution.<\/p>\n\t\t<h3><a href=\"https:\/\/suresms.com\/en\/features\/send-sms-from-pc\/\"  target=\"_self\">\t\n\tSend SMS from PC<\/a><\/h3><p>The basic function of our SMS gateway is that you can write an SMS from your PC and send it just like sending an email. The very basic function.<\/p>\n\t\t<h3><a href=\"https:\/\/suresms.com\/en\/features\/sms-templates\/\"  target=\"_self\">\t\n\tSMS templates<\/a><\/h3><p>If you send a lot of identical or almost identical messages, then templates are for you. You can create all the templates you want. With merge fields you can personalize your templates.<\/p>\n\t\t<h3><a href=\"https:\/\/suresms.com\/en\/features\/self-selected-sender-of-your-message\/\"  target=\"_self\">\t\n\tSelf-selected sender ID<\/a><\/h3><p>Choose what you want the sender of your message to be. For example, it could be Coca-Cola. Can be used to brand your company or organization. Messages cannot be replied to.<\/p>\n\t\t<h3><a href=\"https:\/\/suresms.com\/en\/features\/sms-merge-messaging-for-groups\/\"  target=\"_self\">\t\n\tBraid option<\/a><\/h3><p>Merge information from the address book into the messages. Typically the name is merged, but all information can be merged. For example, mechanics merge car model into messages.<\/p>\n\t\t<h3><a href=\"https:\/\/suresms.com\/en\/features\/sms-group\/\"  target=\"_self\">\t\n\tGroup SMS<\/a><\/h3><p>You can create all the groups you want in SureSMS. You can add all the contacts you want. Sending a Group SMS couldn't be easier. It can be done with just a few clicks.<\/p>\n\t\t<h3><a href=\"https:\/\/suresms.com\/en\/features\/sms-to-sms-function\/\"  target=\"_self\">\t\n\tSMS-2-SMS<\/a><\/h3><p>With our 2-way SMS solution, you can send one SMS that is then sent to another number or to an entire group.<\/p>\n\t\t<h3><a href=\"https:\/\/suresms.com\/en\/features\/receive-text-messages-on-your-computer\/\"  target=\"_self\">\t\n\tReceive SMS<\/a><\/h3><p>With 2-way SMS you can receive SMS online. Create dialog with your customers or employees. Receive orders by SMS. Widely used by temp agencies. Receive SMS in your email inbox.<\/p>\n\t\t<h3><a href=\"https:\/\/suresms.com\/en\/features\/send-timed-text-messages\/\"  target=\"_self\">\t\n\tSchedule dispatch<\/a><\/h3><p>Make sure you reach your target audience at the right time. You can plan ahead and still send at your convenience.<\/p>\n\t\t<h3><a href=\"https:\/\/suresms.com\/en\/features\/email2sms-the-easy-solution\/\"  target=\"_self\">\t\n\temail-2-SMS<\/a><\/h3><p>No matter what email system you use, you can use our email-2-SMS feature. You send an email to SureSMS and we forward it as an SMS.<\/p>\n\t\t<h3><a href=\"https:\/\/suresms.com\/en\/features\/complete-logging-and-monitoring\/\"  target=\"_self\">\t\n\tSMS outbox<\/a><\/h3><p>Complete overview of all sent and received SMS messages. See threads with each recipient. Which messages have been delivered and when? All lists can be exported to Excel\/CSV.<\/p>\n\t\t<h3>\t\n\tAttach files<\/h3><p>Uniquely, our platform allows you to attach files. These can be videos, pdf files or images.<\/p>\n\t\t<h3><a href=\"https:\/\/suresms.com\/en\/features\/sms-link-3\/\"  target=\"_self\">\t\n\tBranded URL<\/a><\/h3><p>Use your own domain name in the links inserted in your messages. 39% higher click-through rates and more trustworthy messages are just some of the benefits.<\/p>\n\t\t<h3><a href=\"https:\/\/suresms.com\/en\/features\/sms-link\/\"  target=\"_self\">\t\n\tSMS Link<\/a><\/h3><p>Insert links, images or videos in your messages. See statistics on how many people have watched the video. Who clicked on the link. E.g. for sending out current price lists or special offers.<\/p>\n\t\t<h3>\t\n\tReports<\/h3><p>Get a complete overview of how much you've shipped and when. Also see sales figures from Shopify in the reports.<\/p>\n\t\t<h3><a href=\"https:\/\/suresms.com\/en\/features\/international-sms\/\"  target=\"_self\">\t\n\tSMS to the whole world<\/a><\/h3><p>Connections to more than 1900 operators around the world ensure we deliver your message. We have particularly good delivery in the Nordics and Northern Europe.<\/p>\n\t\t<h3><a href=\"https:\/\/suresms.com\/en\/features\/web-registration-form\/\"  target=\"_self\">\t\n\tEasy sign up lists<\/a><\/h3><p>Embed the sign-up form on your website, via QR codes or by sending an SMS. Make it easy for your recipients to sign up for your lists and get valuable information.<\/p>\n\t\t<h3><a href=\"https:\/\/suresms.com\/en\/features\/journaling-of-text-messages\/\"  target=\"_self\">\t\n\tJournaling of SMS<\/a><\/h3><p>With our 2-way SMS solution, you can send one SMS that is then sent to another number or to an entire group.<\/p>\n\t\t<h3>Send SMS<\/h3>\n\t\t\t\t<img decoding=\"async\" src=\"https:\/\/suresms.com\/wp-content\/uploads\/2015\/02\/sky-250x100pix.jpg\" alt=\"SMS Gateway send sms online\" itemprop=\"image\" height=\"100\" width=\"250\" title=\"sky-250x100pix\" onerror=\"this.style.display='none'\" loading=\"lazy\" \/>\n<ul>\n<li>\n<ul>\n<li><a title=\"Send SMS online\" href=\"https:\/\/suresms.com\/en\/features\/send-sms-from-pc\/\">Send SMS via our Web Portal<\/a><\/li>\n<\/ul>\n<\/li>\n<\/ul>\n<ul>\n<li>\n<ul>\n<li><a title=\"International SMS solution\" href=\"https:\/\/suresms.com\/en\/features\/international-sms\/\">SMS to the whole world<\/a><\/li>\n<\/ul>\n<\/li>\n<\/ul>\n<ul>\n<li>\n<ul>\n<li><a title=\"Self-selected sender of your message\" href=\"https:\/\/suresms.com\/en\/features\/self-selected-sender-of-your-message\/\">Self-selected sender on your SMS messages<\/a><\/li>\n<\/ul>\n<\/li>\n<\/ul>\n<ul>\n<li>\n<ul>\n<li><a title=\"SMS templates\" href=\"https:\/\/suresms.com\/en\/features\/sms-templates\/\">SMS templates<\/a><\/li>\n<\/ul>\n<\/li>\n<\/ul>\n<ul>\n<li>\n<ul>\n<li><a title=\"Send timed SMS messages\" href=\"https:\/\/suresms.com\/en\/features\/send-timed-text-messages\/\">Timed SMS messages<\/a><\/li>\n<\/ul>\n<\/li>\n<\/ul>\n<ul>\n<li>\n<ul>\n<li><a title=\"email2sms - the easy solution\" href=\"https:\/\/suresms.com\/en\/features\/email2sms-the-easy-solution\/\">Email 2 SMS<\/a><\/li>\n<\/ul>\n<\/li>\n<\/ul>\n<ul>\n<li>\n<ul>\n<li><a href=\"https:\/\/suresms.com\/en\/integrations\/mail_and_calendar\/sms-outlook-addin\/\">Send SMS from Outlook<\/a><\/li>\n<\/ul>\n<\/li>\n<\/ul>\n<ul>\n\n<\/ul>\n<p>&nbsp;<\/p>\n\t\t<h3>GROUP-SMS<\/h3>\n\t\t\t\t<img decoding=\"async\" src=\"https:\/\/suresms.com\/wp-content\/uploads\/2015\/02\/GruppeSMS-250x100-pix.jpg\" alt=\"SMS Gateway features group sms\" itemprop=\"image\" height=\"100\" width=\"250\" title=\"GroupSMS 250x100 pix\" onerror=\"this.style.display='none'\" loading=\"lazy\" \/>\n<ul>\n<li>\n<ul>\n<li><a title=\"GroupSMS: Create &amp; send to groups\" href=\"https:\/\/suresms.com\/en\/features\/sms-group\/\">Create and send group SMS<\/a><\/li>\n<\/ul>\n<\/li>\n<\/ul>\n<ul>\n<li>\n<ul>\n<li><a title=\"Import contacts\" href=\"https:\/\/suresms.com\/en\/docs\/account-4\/station-name-7\/\">Import contacts<\/a><\/li>\n<\/ul>\n<\/li>\n<\/ul>\n<ul>\n<li>\n<ul>\n<li><a title=\"Unlimited contacts and groups\" href=\"https:\/\/suresms.com\/en\/docs\/account-4\/station-name-6\/\">Unlimited number of Recipients \/ Groups<\/a><\/li>\n<\/ul>\n<\/li>\n<\/ul>\n<ul>\n<li>\n<ul>\n<li><a title=\"SMS merging of messages to groups\" href=\"https:\/\/suresms.com\/en\/sms-merge-messaging-for-groups\/\">Merge recipient name in group SMS<\/a><\/li>\n<\/ul>\n<\/li>\n<\/ul>\n<ul>\n<li>\n<ul>\n<li><a title=\"WEB registration forms\" href=\"https:\/\/suresms.com\/en\/web-registration-form\/\">Subscribe\/unsubscribe lists via WEB<\/a><\/li>\n<\/ul>\n<\/li>\n<\/ul>\n<ul>\n<li>\n<ul>\n<li><a title=\"Subscribe\/unsubscribe lists via SMS\" href=\"https:\/\/suresms.com\/en\/web-registration-form\/\">Subscribe\/unsubscribe lists via SMS<\/a><\/li>\n<\/ul>\n<\/li>\n<\/ul>\n\t\t<h3>FOR DEVELOPERS<\/h3>\n\t\t\t\t<img decoding=\"async\" src=\"https:\/\/suresms.com\/wp-content\/uploads\/2015\/02\/Udviklere-250x100-pix.jpg\" alt=\"SMS Features developer API\" itemprop=\"image\" height=\"100\" width=\"250\" title=\"Developers 250x100 pix\" onerror=\"this.style.display='none'\" loading=\"lazy\" \/>\n<ul>\n<li>\n<ul>\n<li><a title=\"SMS API for developers\" href=\"https:\/\/developer.suresms.com\">API\u00a0<\/a><\/li>\n<\/ul>\n<\/li>\n<\/ul>\n<ul>\n<li>\n<ul>\n<li><a title=\"Features 2-way SMS\" href=\"https:\/\/suresms.com\/en\/features\/receive-text-messages-on-your-computer\/\">2-way inbound SMS<\/a><\/li>\n<\/ul>\n<\/li>\n<\/ul>\n<ul>\n<li>\n<ul>\n<li><a title=\"2-way SMS with Hosted SIM\" href=\"https:\/\/suresms.com\/en\/2-way-sms-unloading-with-hosted-sim\/\">About Hosted SIM<\/a><\/li>\n<\/ul>\n<\/li>\n<\/ul>\n<ul>\n<li>\n<ul>\n<li><a title=\"SMS to SMS function\" href=\"https:\/\/suresms.com\/en\/sms-to-sms-function\/\">SMS to SMS<\/a><\/li>\n<\/ul>\n<\/li>\n<\/ul>\n<ul>\n<li>\n<ul>\n<li><a title=\"SMS Integrations\" href=\"https:\/\/suresms.com\/en\/integrations\/\">Integrations<\/a><\/li>\n<\/ul>\n<\/li>\n<\/ul>\n<ul>\n<li>\n<ul>\n<li><a href=\"http:\/\/developer.suresms.com\/\">Documentation<\/a><\/li>\n<\/ul>\n<\/li>\n<\/ul>\n<p>&nbsp;<\/p>\n\t\t<h3>SAFETY<\/h3>\n\t\t\t\t<img decoding=\"async\" src=\"https:\/\/suresms.com\/wp-content\/uploads\/2015\/02\/Sikkerhed-250x100-pix.jpg\" alt=\"SMS Gateway on safety\" itemprop=\"image\" height=\"100\" width=\"250\" title=\"Security 250x100 pix\" onerror=\"this.style.display='none'\" loading=\"lazy\" \/>\n<ul>\n<li>\n<ul>\n<li><a title=\"Safety and security\" href=\"https:\/\/suresms.com\/en\/security\/\">Safety and security<\/a><\/li>\n<\/ul>\n<\/li>\n<\/ul>\n<ul>\n<li>\n<ul>\n<li><a title=\"Complete logging and monitoring\" href=\"https:\/\/suresms.com\/en\/complete-logging-and-monitoring\/\">Complete logging and monitoring<\/a><\/li>\n<\/ul>\n<\/li>\n<\/ul>\n<ul>\n<li>\n<ul>\n<li><a title=\"Monitoring\" href=\"https:\/\/suresms.com\/en\/monitoring\/\">Monitoring<\/a><\/li>\n<\/ul>\n<\/li>\n<\/ul>\n<ul>\n<li>\n<ul>\n<li><a href=\"https:\/\/suresms.com\/en\/features\/journaling-of-text-messages\/\">Journaling<\/a><\/li>\n<\/ul>\n<\/li>\n<\/ul>\n<ul>\n<li>\n<ul>\n<li><a href=\"https:\/\/suresms.com\/en\/features\/international-sms-2\/\">CPR-Opening<\/a><\/li>\n<\/ul>\n<\/li>\n<\/ul>\n<ul>\n<li>\n<ul>\n<li><a title=\"24\/7 email and phone support\" href=\"https:\/\/suresms.com\/en\/suresms-support\/\">Email and phone support<\/a><\/li>\n<\/ul>\n<\/li>\n<\/ul>\n<p>&nbsp;<\/p>\n\t\t<h3>In doubt about something?<\/h3>\n\t\t<p>You can always use our online help or write to our chat\/hotline on our website. We are ready to answer questions and help you get started.<\/p>\n\t\t\t<a href=\"https:\/\/suresms.com\/en\/contact\/\" target=\"_self\">\n\t\t\t\t\t\t\tSee contact info\n\t\t\t\t\t<\/a>\n<h3><b>Today, our customers use us for, among other things:<\/b><\/h3>\n<ul>\n<li>SMS reminders<\/li>\n<li>One-Time password<\/li>\n<li>Traffic monitoring<\/li>\n<li>Customer clubs and news SMS<\/li>\n<li>Mobile marketing<\/li>\n<li>Voting<\/li>\n<li>Competitions\u00a0<\/li>\n<\/ul>\n\t\t\t\t<img decoding=\"async\" src=\"https:\/\/suresms.com\/wp-content\/uploads\/2024\/09\/Glen100x118.png\" alt=\"Glen100x118\" itemprop=\"image\" title=\"Glen100x118\" onerror=\"this.style.display='none'\" loading=\"lazy\" \/>\n\t\t\t<a href=\"https:\/\/calendly.com\/gm--nzwp\/30min\" target=\"_self\">\n\t\t\t\t\t\t\tBook a demo\n\t\t\t\t\t<\/a>\n\t<p>with Glen<\/p>","protected":false},"excerpt":{"rendered":"<p>Features and functions Our SMS system has many useful features. Different features are used by different types of customers. Maybe you're looking for one of the features we've listed below. Click on the feature to learn more. You can also visit our industry guide to see how different industries use our solution. Send ... <a title=\"Features and functions\" class=\"read-more\" href=\"https:\/\/suresms.com\/en\/funktioner\/\" aria-label=\"Read more about Features\">Read more<\/a><\/p>","protected":false},"author":1,"featured_media":0,"parent":0,"menu_order":3,"comment_status":"closed","ping_status":"closed","template":"","meta":{"_fl_builder_enabled":"1","_fl_builder_data":null,"_fl_builder_draft":null,"_fl_builder_data_settings":null,"_fl_builder_css":"","_fl_builder_css_version":"","_fl_builder_js":"","footnotes":""},"categories":[],"tags":[],"class_list":["post-958","page","type-page","status-publish"],"yoast_head":"<!-- This site is optimized with the Yoast SEO Premium plugin v27.3 (Yoast SEO v27.3) - https:\/\/yoast.com\/product\/yoast-seo-premium-wordpress\/ -->\r\n<title>Funktioner i vores online SMS platform<\/title>\r\n<meta name=\"description\" content=\"Her kan du se mange af de funktioner vi tilbyder i vores SMS platform. Lister, grupper, adressebog, keywords, tovejs sms og meget mere...\" \/>\r\n<meta name=\"robots\" content=\"index, follow, max-snippet:-1, max-image-preview:large, max-video-preview:-1\" \/>\r\n<link rel=\"canonical\" href=\"https:\/\/suresms.com\/en\/features\/\" \/>\r\n<meta property=\"og:locale\" content=\"en_US\" \/>\r\n<meta property=\"og:type\" content=\"article\" \/>\r\n<meta property=\"og:title\" content=\"Fleksibele SMS l\u00f8sninger til udviklere og virksomheder\" \/>\r\n<meta property=\"og:description\" content=\"Se de mange funktioner og features, som f\u00f8lger med vores SureSMS L\u00f8sning. Find inspiration til , hvordan du let kan bruge SMS&#039;er til kkommunikation med alle typer brugere og systemer.\" \/>\r\n<meta property=\"og:url\" content=\"https:\/\/suresms.com\/en\/features\/\" \/>\r\n<meta property=\"article:publisher\" content=\"https:\/\/www.facebook.com\/p\/SureSMS-100044607956149\/\" \/>\r\n<meta property=\"article:modified_time\" content=\"2025-11-05T08:57:43+00:00\" \/>\r\n<meta property=\"og:image\" content=\"https:\/\/suresms.com\/wp-content\/uploads\/2016\/06\/SMS-til-butikker.jpg\" \/>\r\n\t<meta property=\"og:image:width\" content=\"400\" \/>\r\n\t<meta property=\"og:image:height\" content=\"266\" \/>\r\n\t<meta property=\"og:image:type\" content=\"image\/jpeg\" \/>\r\n<meta name=\"twitter:card\" content=\"summary_large_image\" \/>\r\n<meta name=\"twitter:title\" content=\"Funktioner\" \/>\r\n<meta name=\"twitter:label1\" content=\"Est. reading time\" \/>\n\t<meta name=\"twitter:data1\" content=\"10 minutes\" \/>\r\n<script type=\"application\/ld+json\" class=\"yoast-schema-graph\">{\"@context\":\"https:\\\/\\\/schema.org\",\"@graph\":[{\"@type\":\"WebPage\",\"@id\":\"https:\\\/\\\/suresms.com\\\/dk\\\/funktioner\\\/\",\"url\":\"https:\\\/\\\/suresms.com\\\/dk\\\/funktioner\\\/\",\"name\":\"Funktioner i vores online SMS platform\",\"isPartOf\":{\"@id\":\"https:\\\/\\\/suresms.com\\\/en\\\/#website\"},\"primaryImageOfPage\":{\"@id\":\"https:\\\/\\\/suresms.com\\\/dk\\\/funktioner\\\/#primaryimage\"},\"image\":{\"@id\":\"https:\\\/\\\/suresms.com\\\/dk\\\/funktioner\\\/#primaryimage\"},\"thumbnailUrl\":\"https:\\\/\\\/suresms.com\\\/wp-content\\\/uploads\\\/2015\\\/02\\\/sky-250x100pix.jpg\",\"datePublished\":\"2015-02-25T12:07:24+00:00\",\"dateModified\":\"2025-11-05T08:57:43+00:00\",\"description\":\"Her kan du se mange af de funktioner vi tilbyder i vores SMS platform. Lister, grupper, adressebog, keywords, tovejs sms og meget mere...\",\"breadcrumb\":{\"@id\":\"https:\\\/\\\/suresms.com\\\/dk\\\/funktioner\\\/#breadcrumb\"},\"inLanguage\":\"en-US\",\"potentialAction\":[{\"@type\":\"ReadAction\",\"target\":[\"https:\\\/\\\/suresms.com\\\/dk\\\/funktioner\\\/\"]}]},{\"@type\":\"ImageObject\",\"inLanguage\":\"en-US\",\"@id\":\"https:\\\/\\\/suresms.com\\\/dk\\\/funktioner\\\/#primaryimage\",\"url\":\"https:\\\/\\\/suresms.com\\\/wp-content\\\/uploads\\\/2015\\\/02\\\/sky-250x100pix.jpg\",\"contentUrl\":\"https:\\\/\\\/suresms.com\\\/wp-content\\\/uploads\\\/2015\\\/02\\\/sky-250x100pix.jpg\"},{\"@type\":\"BreadcrumbList\",\"@id\":\"https:\\\/\\\/suresms.com\\\/dk\\\/funktioner\\\/#breadcrumb\",\"itemListElement\":[{\"@type\":\"ListItem\",\"position\":1,\"name\":\"Home\",\"item\":\"https:\\\/\\\/suresms.com\\\/dk\\\/\"},{\"@type\":\"ListItem\",\"position\":2,\"name\":\"Funktioner\"}]},{\"@type\":\"WebSite\",\"@id\":\"https:\\\/\\\/suresms.com\\\/en\\\/#website\",\"url\":\"https:\\\/\\\/suresms.com\\\/en\\\/\",\"name\":\"SureSMS\",\"description\":\"Professionel SMS Gateway\",\"publisher\":{\"@id\":\"https:\\\/\\\/suresms.com\\\/en\\\/#organization\"},\"potentialAction\":[{\"@type\":\"SearchAction\",\"target\":{\"@type\":\"EntryPoint\",\"urlTemplate\":\"https:\\\/\\\/suresms.com\\\/en\\\/?s={search_term_string}\"},\"query-input\":{\"@type\":\"PropertyValueSpecification\",\"valueRequired\":true,\"valueName\":\"search_term_string\"}}],\"inLanguage\":\"en-US\"},{\"@type\":\"Organization\",\"@id\":\"https:\\\/\\\/suresms.com\\\/en\\\/#organization\",\"name\":\"SureSMS\",\"url\":\"https:\\\/\\\/suresms.com\\\/en\\\/\",\"logo\":{\"@type\":\"ImageObject\",\"inLanguage\":\"en-US\",\"@id\":\"https:\\\/\\\/suresms.com\\\/en\\\/#\\\/schema\\\/logo\\\/image\\\/\",\"url\":\"https:\\\/\\\/suresms.com\\\/wp-content\\\/uploads\\\/2024\\\/11\\\/suresms-300x65-1.png\",\"contentUrl\":\"https:\\\/\\\/suresms.com\\\/wp-content\\\/uploads\\\/2024\\\/11\\\/suresms-300x65-1.png\",\"width\":300,\"height\":65,\"caption\":\"SureSMS\"},\"image\":{\"@id\":\"https:\\\/\\\/suresms.com\\\/en\\\/#\\\/schema\\\/logo\\\/image\\\/\"},\"sameAs\":[\"https:\\\/\\\/www.facebook.com\\\/p\\\/SureSMS-100044607956149\\\/\"]}]}<\/script>\r\n<!-- \/ Yoast SEO Premium plugin. -->","yoast_head_json":{"title":"Features of our online SMS platform","description":"Here you can see many of the features we offer in our SMS platform. Lists, groups, address book, keywords, two-way SMS and much more...","robots":{"index":"index","follow":"follow","max-snippet":"max-snippet:-1","max-image-preview":"max-image-preview:large","max-video-preview":"max-video-preview:-1"},"canonical":"https:\/\/suresms.com\/en\/features\/","og_locale":"en_US","og_type":"article","og_title":"Fleksibele SMS l\u00f8sninger til udviklere og virksomheder","og_description":"Se de mange funktioner og features, som f\u00f8lger med vores SureSMS L\u00f8sning. Find inspiration til , hvordan du let kan bruge SMS'er til kkommunikation med alle typer brugere og systemer.","og_url":"https:\/\/suresms.com\/en\/features\/","article_publisher":"https:\/\/www.facebook.com\/p\/SureSMS-100044607956149\/","article_modified_time":"2025-11-05T08:57:43+00:00","og_image":[{"width":400,"height":266,"url":"https:\/\/suresms.com\/wp-content\/uploads\/2016\/06\/SMS-til-butikker.jpg","type":"image\/jpeg"}],"twitter_card":"summary_large_image","twitter_title":"Funktioner","twitter_misc":{"Est. reading time":"10 minutes"},"schema":{"@context":"https:\/\/schema.org","@graph":[{"@type":"WebPage","@id":"https:\/\/suresms.com\/dk\/funktioner\/","url":"https:\/\/suresms.com\/dk\/funktioner\/","name":"Features of our online SMS platform","isPartOf":{"@id":"https:\/\/suresms.com\/en\/#website"},"primaryImageOfPage":{"@id":"https:\/\/suresms.com\/dk\/funktioner\/#primaryimage"},"image":{"@id":"https:\/\/suresms.com\/dk\/funktioner\/#primaryimage"},"thumbnailUrl":"https:\/\/suresms.com\/wp-content\/uploads\/2015\/02\/sky-250x100pix.jpg","datePublished":"2015-02-25T12:07:24+00:00","dateModified":"2025-11-05T08:57:43+00:00","description":"Here you can see many of the features we offer in our SMS platform. Lists, groups, address book, keywords, two-way SMS and much more...","breadcrumb":{"@id":"https:\/\/suresms.com\/dk\/funktioner\/#breadcrumb"},"inLanguage":"en-US","potentialAction":[{"@type":"ReadAction","target":["https:\/\/suresms.com\/dk\/funktioner\/"]}]},{"@type":"ImageObject","inLanguage":"en-US","@id":"https:\/\/suresms.com\/dk\/funktioner\/#primaryimage","url":"https:\/\/suresms.com\/wp-content\/uploads\/2015\/02\/sky-250x100pix.jpg","contentUrl":"https:\/\/suresms.com\/wp-content\/uploads\/2015\/02\/sky-250x100pix.jpg"},{"@type":"BreadcrumbList","@id":"https:\/\/suresms.com\/dk\/funktioner\/#breadcrumb","itemListElement":[{"@type":"ListItem","position":1,"name":"Home","item":"https:\/\/suresms.com\/dk\/"},{"@type":"ListItem","position":2,"name":"Funktioner"}]},{"@type":"WebSite","@id":"https:\/\/suresms.com\/en\/#website","url":"https:\/\/suresms.com\/en\/","name":"SureSMS","description":"Professional SMS Gateway","publisher":{"@id":"https:\/\/suresms.com\/en\/#organization"},"potentialAction":[{"@type":"SearchAction","target":{"@type":"EntryPoint","urlTemplate":"https:\/\/suresms.com\/en\/?s={search_term_string}"},"query-input":{"@type":"PropertyValueSpecification","valueRequired":true,"valueName":"search_term_string"}}],"inLanguage":"en-US"},{"@type":"Organization","@id":"https:\/\/suresms.com\/en\/#organization","name":"SureSMS","url":"https:\/\/suresms.com\/en\/","logo":{"@type":"ImageObject","inLanguage":"en-US","@id":"https:\/\/suresms.com\/en\/#\/schema\/logo\/image\/","url":"https:\/\/suresms.com\/wp-content\/uploads\/2024\/11\/suresms-300x65-1.png","contentUrl":"https:\/\/suresms.com\/wp-content\/uploads\/2024\/11\/suresms-300x65-1.png","width":300,"height":65,"caption":"SureSMS"},"image":{"@id":"https:\/\/suresms.com\/en\/#\/schema\/logo\/image\/"},"sameAs":["https:\/\/www.facebook.com\/p\/SureSMS-100044607956149\/"]}]}},"_links":{"self":[{"href":"https:\/\/suresms.com\/en\/wp-json\/wp\/v2\/pages\/958","targetHints":{"allow":["GET"]}}],"collection":[{"href":"https:\/\/suresms.com\/en\/wp-json\/wp\/v2\/pages"}],"about":[{"href":"https:\/\/suresms.com\/en\/wp-json\/wp\/v2\/types\/page"}],"author":[{"embeddable":true,"href":"https:\/\/suresms.com\/en\/wp-json\/wp\/v2\/users\/1"}],"replies":[{"embeddable":true,"href":"https:\/\/suresms.com\/en\/wp-json\/wp\/v2\/comments?post=958"}],"version-history":[{"count":35,"href":"https:\/\/suresms.com\/en\/wp-json\/wp\/v2\/pages\/958\/revisions"}],"predecessor-version":[{"id":23524,"href":"https:\/\/suresms.com\/en\/wp-json\/wp\/v2\/pages\/958\/revisions\/23524"}],"wp:attachment":[{"href":"https:\/\/suresms.com\/en\/wp-json\/wp\/v2\/media?parent=958"}],"wp:term":[{"taxonomy":"category","embeddable":true,"href":"https:\/\/suresms.com\/en\/wp-json\/wp\/v2\/categories?post=958"},{"taxonomy":"post_tag","embeddable":true,"href":"https:\/\/suresms.com\/en\/wp-json\/wp\/v2\/tags?post=958"}],"curies":[{"name":"wp","href":"https:\/\/api.w.org\/{rel}","templated":true}]}}