{"id":9527,"date":"2020-05-13T12:28:25","date_gmt":"2020-05-13T10:28:25","guid":{"rendered":"https:\/\/www.suresms.com\/dk\/?page_id=9527"},"modified":"2026-03-05T12:27:31","modified_gmt":"2026-03-05T12:27:31","slug":"sub-processors","status":"publish","type":"page","link":"https:\/\/suresms.com\/en\/ressourcer\/gdpr\/underdatabehandlere\/","title":{"rendered":"Sub-processors"},"content":{"rendered":"<!-- Flexy Breadcrumb -->\r\n\t\t\t<div class=\"fbc fbc-page\">\r\n\r\n\t\t\t\t<!-- Breadcrumb wrapper -->\r\n\t\t\t\t<div class=\"fbc-wrap\">\r\n\r\n\t\t\t\t\t<!-- Ordered list-->\r\n\t\t\t\t\t<ol class=\"fbc-items\" itemscope itemtype=\"https:\/\/schema.org\/BreadcrumbList\">\r\n\t\t\t\t\t\t            <li itemprop=\"itemListElement\" itemscope itemtype=\"https:\/\/schema.org\/ListItem\">\r\n                <span itemprop=\"name\">\r\n                    <!-- Home Link -->\r\n                    <a itemprop=\"item\" href=\"https:\/\/suresms.com\/en\/\">\r\n                    \r\n                                                    <i class=\"fa fa-home\" aria-hidden=\"true\"><\/i>Home                    <\/a>\r\n                <\/span>\r\n                <meta itemprop=\"position\" content=\"1\" \/><!-- Meta Position-->\r\n             <\/li><li><span class=\"fbc-separator\">\/<\/span><\/li><li class=\"active\" itemprop=\"itemListElement\" itemscope itemtype=\"https:\/\/schema.org\/ListItem\"><span itemprop=\"name\" title=\"Sub-processors\">Sub-processors<\/span><meta itemprop=\"position\" content=\"2\" \/><\/li>\t\t\t\t\t<\/ol>\r\n\t\t\t\t\t<div class=\"clearfix\"><\/div>\r\n\t\t\t\t<\/div>\r\n\t\t\t<\/div>\r\n\t\t\t\n\t<h1><strong>SUB-PROCESSORS<\/strong><\/h1>\n\t<p>&nbsp;<\/p>\n<table width=\"1078\">\n<tbody>\n<tr>\n<td width=\"309\">Last updated:<br \/>\n2020-04-21\nLast approved:<br \/>\n2026-03-05<\/td>\n<td width=\"283\"><\/td>\n<td width=\"166\"><\/td>\n<\/tr>\n<tr>\n\n\n\n<\/tr>\n<tr>\n<td><strong>Sub-processor<\/strong><\/td>\n<td><strong>Address<\/strong><\/td>\n<td><strong>Used for<\/strong><\/td>\n<\/tr>\n<tr>\n<td>AMAZON<\/td>\n<td width=\"283\">Europe (Frankfurt) Region<br \/>\n60313 Frankfurt am Main<br \/>\nGermany<\/td>\n<td>Data storage center<br \/>\n<a href=\"https:\/\/aws.amazon.com\/compliance\/gdpr-center\/\">Read more about AWS and GDPR<\/a><\/td>\n<\/tr>\n<tr>\n<td>Epay<\/td>\n<td width=\"283\">Bambora Online A\/S<br \/>\nAlfred Nobels Vej 21 A, 1.<br \/>\nDK-9220 Aalborg East<br \/>\nDenmark<\/td>\n<td>Payment solutions<\/td>\n<\/tr>\n<tr>\n<td>Visma E-conomics<\/td>\n<td width=\"283\">Langebrogade 1<br \/>\n1411 Copenhagen K, Denmark<br \/>\nDenmark<\/td>\n<td>Economy<\/td>\n<\/tr>\n<tr>\n<td>Invoice service<\/td>\n<td width=\"283\">Danmarksvej 26<br \/>\n8660 Skanderborg<br \/>\nDenmark<\/td>\n<td>Invoice system<\/td>\n<\/tr>\n<tr>\n<td>Zendesk<\/td>\n<td width=\"283\">Snaregade 12<br \/>\n1205 Copenhagen<br \/>\nDenmark<\/td>\n<td>Support<\/td>\n<\/tr>\n<tr>\n<td>Omstil.com<\/td>\n<td width=\"283\">Virum Overdrevsvej 23<br \/>\nDK-2830 Virum<br \/>\nDenmark<\/td>\n<td>Conversion system<\/td>\n<\/tr>\n<tr>\n<td>SimplyCRM<\/td>\n<td width=\"283\">Vesterbrogade 26<br \/>\n1620 Copenhagen V<br \/>\nDenmark<\/td>\n<td>CRM System<\/td>\n<\/tr>\n<\/tbody>\n<\/table>\n<p>&nbsp;<\/p>\n<p>Telecommunication operators are a provider of electronic communication services (ECS). Operators offer customers direct connections to the messaging services via telecommunication protocols such as HTTPS. Such transmission is not a \"transfer\" of personal data under the GDPR, but a distinct and separate activity, whereby the data in the transmission is protected by confidentiality obligations<\/p>\nRights to privacy and confidentiality are protected by various articles of the Charter of Fundamental Rights of the European Union:<br \/>\n1. the right to confidentiality is protected by Article 7.<br \/>\n2. The right to privacy is laid down in Article 8.\nOn that part, ECS are to be considered as data controllers because ECS are subject to specific data protection regulations (confidentiality vs privacy). By providing ECS data is processed opaquely by the ECS provider, namely transmission<br \/>\nof signals\/messages\/voice and billing of the transmission service.\n<p>Therefore, ECS and ECN (electronic communication network) providers do not provide data processing on behalf of the customer and the provisions of data processing agreements are not suitable for the provision of ECS.<\/p>\n<p>Article 95 of the GDPR provides that the regulation shall not impose obligations on providers of public ECS and operators of public networks that exceed the obligations already laid down in the ePrivacy Directive.<\/p>\n<p>Providers of ECS are prohibited from noticing the content of any communication they disseminate, including personal data that may be part of such communication (see Article 5 of the ePrivacy Directive 2002\/58\/EC), unless the formal consent was given by one of the parties taking place in the transmission.<\/p>\n<p>As a result, personal data included in mediated communications is not revealed and not \"processed\" by them. Otherwise, every telephony service provider would be considered a processor for every phone call it creates for the caller.<\/p>","protected":false},"excerpt":{"rendered":"<p>SUB DATA PROCESSORS Last updated: 2020-04-21 Last approved: 2026-03-05 Sub Data Processor Address Used for AMAZON Europe (Frankfurt) Region 60313 Frankfurt am Main Germany Data Retention Center Read more about AWS and GDPR Epay Bambora Online A\/S Alfred Nobels Vej 21 A, 1. DK-9220 Aalborg \u00d8st Denmark Payment solutions Visma E-conomics Langebrogade 1 1411 K\u00f8benhavn K Denmark \u00d8konomi Fakturaservice Danmarksvej 26 ... <a title=\"Sub-processors\" class=\"read-more\" href=\"https:\/\/suresms.com\/en\/ressourcer\/gdpr\/underdatabehandlere\/\" aria-label=\"Read more about Subprocessors\">Read more<\/a><\/p>","protected":false},"author":1,"featured_media":0,"parent":5221,"menu_order":0,"comment_status":"closed","ping_status":"closed","template":"","meta":{"_fl_builder_enabled":"1","_fl_builder_data":null,"_fl_builder_draft":null,"_fl_builder_data_settings":null,"_fl_builder_css":"","_fl_builder_css_version":"","_fl_builder_js":"","footnotes":""},"categories":[],"tags":[],"class_list":["post-9527","page","type-page","status-publish"],"yoast_head":"<!-- This site is optimized with the Yoast SEO Premium plugin v27.3 (Yoast SEO v27.3) - https:\/\/yoast.com\/product\/yoast-seo-premium-wordpress\/ -->\r\n<title>Underdatabehandlere -<\/title>\r\n<meta name=\"robots\" content=\"index, follow, max-snippet:-1, max-image-preview:large, max-video-preview:-1\" \/>\r\n<link rel=\"canonical\" href=\"https:\/\/suresms.com\/en\/resources\/gdpr\/sub-processors\/\" \/>\r\n<meta property=\"og:locale\" content=\"en_US\" \/>\r\n<meta property=\"og:type\" content=\"article\" \/>\r\n<meta property=\"og:title\" content=\"Underdatabehandlere\" \/>\r\n<meta property=\"og:description\" content=\"UNDERDATABEHANDLERE &nbsp; Senest opdateret: 2020-04-21 Senest godkendt: 2026-03-05 Underdatabehandler Adresse Anvendes til AMAZON Europe (Frankfurt) Region 60313 Frankfurt am Main Germany Dataopbevaringscenter L\u00e6s mere om AWS og GDPR Epay Bambora Online A\/S Alfred Nobels Vej 21 A, 1. DK-9220 Aalborg \u00d8st Danmark Betalingsl\u00f8sninger Visma E-conomics Langebrogade 1 1411 K\u00f8benhavn K Danmark \u00d8konomi Fakturaservice Danmarksvej 26 ... Read more\" \/>\r\n<meta property=\"og:url\" content=\"https:\/\/suresms.com\/en\/resources\/gdpr\/sub-processors\/\" \/>\r\n<meta property=\"article:publisher\" content=\"https:\/\/www.facebook.com\/p\/SureSMS-100044607956149\/\" \/>\r\n<meta property=\"article:modified_time\" content=\"2026-03-05T12:27:31+00:00\" \/>\r\n<meta name=\"twitter:card\" content=\"summary_large_image\" \/>\r\n<meta name=\"twitter:label1\" content=\"Est. reading time\" \/>\n\t<meta name=\"twitter:data1\" content=\"2 minutes\" \/>\r\n<script type=\"application\/ld+json\" class=\"yoast-schema-graph\">{\"@context\":\"https:\\\/\\\/schema.org\",\"@graph\":[{\"@type\":\"WebPage\",\"@id\":\"https:\\\/\\\/suresms.com\\\/dk\\\/ressourcer\\\/gdpr\\\/underdatabehandlere\\\/\",\"url\":\"https:\\\/\\\/suresms.com\\\/dk\\\/ressourcer\\\/gdpr\\\/underdatabehandlere\\\/\",\"name\":\"Underdatabehandlere -\",\"isPartOf\":{\"@id\":\"https:\\\/\\\/suresms.com\\\/en\\\/#website\"},\"datePublished\":\"2020-05-13T10:28:25+00:00\",\"dateModified\":\"2026-03-05T12:27:31+00:00\",\"breadcrumb\":{\"@id\":\"https:\\\/\\\/suresms.com\\\/dk\\\/ressourcer\\\/gdpr\\\/underdatabehandlere\\\/#breadcrumb\"},\"inLanguage\":\"en-US\",\"potentialAction\":[{\"@type\":\"ReadAction\",\"target\":[\"https:\\\/\\\/suresms.com\\\/dk\\\/ressourcer\\\/gdpr\\\/underdatabehandlere\\\/\"]}]},{\"@type\":\"BreadcrumbList\",\"@id\":\"https:\\\/\\\/suresms.com\\\/dk\\\/ressourcer\\\/gdpr\\\/underdatabehandlere\\\/#breadcrumb\",\"itemListElement\":[{\"@type\":\"ListItem\",\"position\":1,\"name\":\"Home\",\"item\":\"https:\\\/\\\/suresms.com\\\/dk\\\/\"},{\"@type\":\"ListItem\",\"position\":2,\"name\":\"Ressourcer\",\"item\":\"https:\\\/\\\/suresms.com\\\/ressourcer\\\/\"},{\"@type\":\"ListItem\",\"position\":3,\"name\":\"GDPR\",\"item\":\"https:\\\/\\\/suresms.com\\\/dk\\\/ressourcer\\\/gdpr\\\/\"},{\"@type\":\"ListItem\",\"position\":4,\"name\":\"Underdatabehandlere\"}]},{\"@type\":\"WebSite\",\"@id\":\"https:\\\/\\\/suresms.com\\\/en\\\/#website\",\"url\":\"https:\\\/\\\/suresms.com\\\/en\\\/\",\"name\":\"SureSMS\",\"description\":\"Professionel SMS Gateway\",\"publisher\":{\"@id\":\"https:\\\/\\\/suresms.com\\\/en\\\/#organization\"},\"potentialAction\":[{\"@type\":\"SearchAction\",\"target\":{\"@type\":\"EntryPoint\",\"urlTemplate\":\"https:\\\/\\\/suresms.com\\\/en\\\/?s={search_term_string}\"},\"query-input\":{\"@type\":\"PropertyValueSpecification\",\"valueRequired\":true,\"valueName\":\"search_term_string\"}}],\"inLanguage\":\"en-US\"},{\"@type\":\"Organization\",\"@id\":\"https:\\\/\\\/suresms.com\\\/en\\\/#organization\",\"name\":\"SureSMS\",\"url\":\"https:\\\/\\\/suresms.com\\\/en\\\/\",\"logo\":{\"@type\":\"ImageObject\",\"inLanguage\":\"en-US\",\"@id\":\"https:\\\/\\\/suresms.com\\\/en\\\/#\\\/schema\\\/logo\\\/image\\\/\",\"url\":\"https:\\\/\\\/suresms.com\\\/wp-content\\\/uploads\\\/2024\\\/11\\\/suresms-300x65-1.png\",\"contentUrl\":\"https:\\\/\\\/suresms.com\\\/wp-content\\\/uploads\\\/2024\\\/11\\\/suresms-300x65-1.png\",\"width\":300,\"height\":65,\"caption\":\"SureSMS\"},\"image\":{\"@id\":\"https:\\\/\\\/suresms.com\\\/en\\\/#\\\/schema\\\/logo\\\/image\\\/\"},\"sameAs\":[\"https:\\\/\\\/www.facebook.com\\\/p\\\/SureSMS-100044607956149\\\/\"]}]}<\/script>\r\n<!-- \/ Yoast SEO Premium plugin. -->","yoast_head_json":{"title":"Sub-processors - Sub-processors","robots":{"index":"index","follow":"follow","max-snippet":"max-snippet:-1","max-image-preview":"max-image-preview:large","max-video-preview":"max-video-preview:-1"},"canonical":"https:\/\/suresms.com\/en\/resources\/gdpr\/sub-processors\/","og_locale":"en_US","og_type":"article","og_title":"Underdatabehandlere","og_description":"UNDERDATABEHANDLERE &nbsp; Senest opdateret: 2020-04-21 Senest godkendt: 2026-03-05 Underdatabehandler Adresse Anvendes til AMAZON Europe (Frankfurt) Region 60313 Frankfurt am Main Germany Dataopbevaringscenter L\u00e6s mere om AWS og GDPR Epay Bambora Online A\/S Alfred Nobels Vej 21 A, 1. DK-9220 Aalborg \u00d8st Danmark Betalingsl\u00f8sninger Visma E-conomics Langebrogade 1 1411 K\u00f8benhavn K Danmark \u00d8konomi Fakturaservice Danmarksvej 26 ... Read more","og_url":"https:\/\/suresms.com\/en\/resources\/gdpr\/sub-processors\/","article_publisher":"https:\/\/www.facebook.com\/p\/SureSMS-100044607956149\/","article_modified_time":"2026-03-05T12:27:31+00:00","twitter_card":"summary_large_image","twitter_misc":{"Est. reading time":"2 minutes"},"schema":{"@context":"https:\/\/schema.org","@graph":[{"@type":"WebPage","@id":"https:\/\/suresms.com\/dk\/ressourcer\/gdpr\/underdatabehandlere\/","url":"https:\/\/suresms.com\/dk\/ressourcer\/gdpr\/underdatabehandlere\/","name":"Sub-processors - Sub-processors","isPartOf":{"@id":"https:\/\/suresms.com\/en\/#website"},"datePublished":"2020-05-13T10:28:25+00:00","dateModified":"2026-03-05T12:27:31+00:00","breadcrumb":{"@id":"https:\/\/suresms.com\/dk\/ressourcer\/gdpr\/underdatabehandlere\/#breadcrumb"},"inLanguage":"en-US","potentialAction":[{"@type":"ReadAction","target":["https:\/\/suresms.com\/dk\/ressourcer\/gdpr\/underdatabehandlere\/"]}]},{"@type":"BreadcrumbList","@id":"https:\/\/suresms.com\/dk\/ressourcer\/gdpr\/underdatabehandlere\/#breadcrumb","itemListElement":[{"@type":"ListItem","position":1,"name":"Home","item":"https:\/\/suresms.com\/dk\/"},{"@type":"ListItem","position":2,"name":"Ressourcer","item":"https:\/\/suresms.com\/ressourcer\/"},{"@type":"ListItem","position":3,"name":"GDPR","item":"https:\/\/suresms.com\/dk\/ressourcer\/gdpr\/"},{"@type":"ListItem","position":4,"name":"Underdatabehandlere"}]},{"@type":"WebSite","@id":"https:\/\/suresms.com\/en\/#website","url":"https:\/\/suresms.com\/en\/","name":"SureSMS","description":"Professional SMS Gateway","publisher":{"@id":"https:\/\/suresms.com\/en\/#organization"},"potentialAction":[{"@type":"SearchAction","target":{"@type":"EntryPoint","urlTemplate":"https:\/\/suresms.com\/en\/?s={search_term_string}"},"query-input":{"@type":"PropertyValueSpecification","valueRequired":true,"valueName":"search_term_string"}}],"inLanguage":"en-US"},{"@type":"Organization","@id":"https:\/\/suresms.com\/en\/#organization","name":"SureSMS","url":"https:\/\/suresms.com\/en\/","logo":{"@type":"ImageObject","inLanguage":"en-US","@id":"https:\/\/suresms.com\/en\/#\/schema\/logo\/image\/","url":"https:\/\/suresms.com\/wp-content\/uploads\/2024\/11\/suresms-300x65-1.png","contentUrl":"https:\/\/suresms.com\/wp-content\/uploads\/2024\/11\/suresms-300x65-1.png","width":300,"height":65,"caption":"SureSMS"},"image":{"@id":"https:\/\/suresms.com\/en\/#\/schema\/logo\/image\/"},"sameAs":["https:\/\/www.facebook.com\/p\/SureSMS-100044607956149\/"]}]}},"_links":{"self":[{"href":"https:\/\/suresms.com\/en\/wp-json\/wp\/v2\/pages\/9527","targetHints":{"allow":["GET"]}}],"collection":[{"href":"https:\/\/suresms.com\/en\/wp-json\/wp\/v2\/pages"}],"about":[{"href":"https:\/\/suresms.com\/en\/wp-json\/wp\/v2\/types\/page"}],"author":[{"embeddable":true,"href":"https:\/\/suresms.com\/en\/wp-json\/wp\/v2\/users\/1"}],"replies":[{"embeddable":true,"href":"https:\/\/suresms.com\/en\/wp-json\/wp\/v2\/comments?post=9527"}],"version-history":[{"count":3,"href":"https:\/\/suresms.com\/en\/wp-json\/wp\/v2\/pages\/9527\/revisions"}],"predecessor-version":[{"id":23846,"href":"https:\/\/suresms.com\/en\/wp-json\/wp\/v2\/pages\/9527\/revisions\/23846"}],"up":[{"embeddable":true,"href":"https:\/\/suresms.com\/en\/wp-json\/wp\/v2\/pages\/5221"}],"wp:attachment":[{"href":"https:\/\/suresms.com\/en\/wp-json\/wp\/v2\/media?parent=9527"}],"wp:term":[{"taxonomy":"category","embeddable":true,"href":"https:\/\/suresms.com\/en\/wp-json\/wp\/v2\/categories?post=9527"},{"taxonomy":"post_tag","embeddable":true,"href":"https:\/\/suresms.com\/en\/wp-json\/wp\/v2\/tags?post=9527"}],"curies":[{"name":"wp","href":"https:\/\/api.w.org\/{rel}","templated":true}]}}