{"id":449,"date":"2014-10-12T10:47:57","date_gmt":"2014-10-12T08:47:57","guid":{"rendered":"https:\/\/www.suresms.com\/dk\/?page_id=449"},"modified":"2026-03-17T11:40:09","modified_gmt":"2026-03-17T11:40:09","slug":"receive-text-messages-on-your-computer","status":"publish","type":"page","link":"https:\/\/suresms.com\/en\/funktioner\/modtag-sms-pa-din-computer\/","title":{"rendered":"Receive SMS on your computer"},"content":{"rendered":"<!-- Flexy Breadcrumb -->\r\n\t\t\t<div class=\"fbc fbc-page\">\r\n\r\n\t\t\t\t<!-- Breadcrumb wrapper -->\r\n\t\t\t\t<div class=\"fbc-wrap\">\r\n\r\n\t\t\t\t\t<!-- Ordered list-->\r\n\t\t\t\t\t<ol class=\"fbc-items\" itemscope itemtype=\"https:\/\/schema.org\/BreadcrumbList\">\r\n\t\t\t\t\t\t            <li itemprop=\"itemListElement\" itemscope itemtype=\"https:\/\/schema.org\/ListItem\">\r\n                <span itemprop=\"name\">\r\n                    <!-- Home Link -->\r\n                    <a itemprop=\"item\" href=\"https:\/\/suresms.com\/en\/\">\r\n                    \r\n                                                    <i class=\"fa fa-home\" aria-hidden=\"true\"><\/i>Home                    <\/a>\r\n                <\/span>\r\n                <meta itemprop=\"position\" content=\"1\" \/><!-- Meta Position-->\r\n             <\/li><li><span class=\"fbc-separator\">\/<\/span><\/li><li class=\"active\" itemprop=\"itemListElement\" itemscope itemtype=\"https:\/\/schema.org\/ListItem\"><span itemprop=\"name\" title=\"Receive SMS on your computer\">Receive SMS on your...<\/span><meta itemprop=\"position\" content=\"2\" \/><\/li>\t\t\t\t\t<\/ol>\r\n\t\t\t\t\t<div class=\"clearfix\"><\/div>\r\n\t\t\t\t<\/div>\r\n\t\t\t<\/div>\r\n\t\t\t\n<h1>\n\t\t\tReceive SMS on your computer\t<\/h1>\n\tDo you need to receive SMS messages from your customers? Or do you want to send SMS messages to groups directly from SMS? Then 2-way SMS could be the solution for you.<br \/>\nIf you already have an SMS account where you send messages to your users, it can be both a need and a good service that the recipient can reply back.\n\t<ul>\n\t\t<li>\t\t\t\t\n\t\t<h3>Receive SMS in your inbox<\/h3><p>All SMS messages received on your number are stored in your inbox at http:\/\/app.suresms.com\/. From here you can easily reply to the message directly in your browser.\u00a0<\/p><\/li><li>\t\t\t\t\n\t\t<h3>Receive SMS in your mailbox<\/h3><p>It is also possible to enable SMS-2-Email so that we forward incoming SMSes to your email address. When you receive the email, you can simply click \"reply\" and we will send the reply as an SMS.\u00a0<\/p><\/li><li>\t\t\t\t\n\t\t<h3>Receive SMS as webhook<\/h3><p>It is also possible to receive a so-called webhook on your own server. We make an HTTP call to a website that you have created. We set up our system to know your address (end-point). When we receive an SMS message on your hosted number, we put it in your Inbox and make an HTTP call to your website.<\/p>\n<p><a href=\"http:\/\/manual.suresms.com\/avanceret-opsaetning-af-2-vejs-sms\/\">See details on how to set up an http page here\u00a0<\/a><\/p>\n<\/li><li>\t\t\t\t\n\t\t<h3>Auto-reply on incoming messages<\/h3><p>You have the option, via our flow, to set up an auto-reply when you receive an SMS on your incoming number.\u00a0<\/p><\/li>\t<\/ul>\n<h3>\n\t\t\tGeneral for our 2-way solutions:\t<\/h3>\n\t<ul>\n<li>There is no cost to receive SMS messages on the number. Regardless of the number of texts we forward to you, it's included in the subscription.<\/li>\n<\/ul>\n<ul>\n<li>The SMS messages you send from your 2-way solution will be charged at the applicable rate. <a title=\"SMS gateway prices\" href=\"https:\/\/suresms.com\/en\/sms-gateway-professional-sms-solutions\/sms-gateway-prices\/\">See our SMS gateway prices here.&nbsp;<\/a><\/li>\n<\/ul>\n<ul>\n<li><strong>If you send more than 10,000 SMS messages per month <a title=\"Contact us\" href=\"https:\/\/suresms.com\/en\/contact\/\">contact us<\/a> For a price!!!<\/strong><\/li>\n<\/ul>\n<ul>\n<li>For both solutions, the SMS can be answered from both our website and your own mailbox.<\/li>\n<\/ul>\n<ul>\n<li>Our 2-way solution supports receiving Flash messages.<\/li>\n<\/ul>\n<ul>\n<li>Unfortunately, you cannot have both a two-way and alphanumeric sender at the same time.<\/li>\n<\/ul>\n\t\t<figure itemscope itemtype=\"https:\/\/schema.org\/ImageObject\">\n\t\t\t\t<a href=\"https:\/\/suresms.com\/en\/order\/order-2-way-unloading\/\"  target=\"_self\" itemprop=\"url\">\n\t\t\t\t<img decoding=\"async\" src=\"https:\/\/suresms.com\/wp-content\/uploads\/2014\/10\/2-vejs-virtuelle-400x150-pix.jpg\" alt=\"2-way SMS virtual numbers VLR\" height=\"150\" width=\"400\" title=\"2 way virtual 400x150 pix\" onerror=\"this.style.display='none'\" loading=\"lazy\" \/>\n\t\t\t\t<\/a>\n\t<\/figure>\n<h3><a href=\"https:\/\/suresms.com\/en\/order\/order-2-way-unloading\/\" target=\"_self\">2-way \"Virtual Number\"<\/a><\/h3><p>Cloud-based, fast and cheapest 2-way solution. Good for receiving many SMS messages over a short period of time and for M2M. If you need few numbers.<\/p>\n<ul>\n<li>99,-\/month subscription<\/li>\n<li>Free and fast creation<\/li>\n<li>1 month's notice<\/li>\n<li>No physical SIM card<\/li>\n<li>SureSMS delivers the number<\/li>\n<li>Unlimited reception<\/li>\n<li>M2M<\/li>\n<li>KEYWORDS unlimited<\/li>\n<li>Unlimited keywords<\/li>\n<\/ul>\n\t\t\t<a href=\"https:\/\/suresms.com\/en\/order\/order-2-way-unloading\/\"  target=\"_self\">\n\t\t\t\t\t\t\tOrder 2-way Virtual Number\n\t\t\t\t\t<\/a>\n\t\t<figure itemscope itemtype=\"https:\/\/schema.org\/ImageObject\">\n\t\t\t\t<a href=\"https:\/\/suresms.com\/en\/order\/order-2-way-unloading\/\"  target=\"_self\" itemprop=\"url\">\n\t\t\t\t<img decoding=\"async\" src=\"https:\/\/suresms.com\/wp-content\/uploads\/2014\/10\/2-vejs-hostetSIM-400x150-pix.jpg\" alt=\"2-way solution hosted sim SureSMS\" height=\"150\" width=\"400\" title=\"2 way hostedSIM\" onerror=\"this.style.display='none'\" loading=\"lazy\" \/>\n\t\t\t\t<\/a>\n\t<\/figure>\n<h3><a href=\"https:\/\/suresms.com\/en\/order\/order-2-way-unloading\/\" target=\"_self\">2-way \"Hosted SIM\"<\/a><\/h3><p>The best solution if your company wants to choose its own number, if customers need to call back or if you want a foreign SIM card.<\/p>\n<ul>\n\n<li>199,-\/month in subscription<\/li>\n<li>299,- in creation<\/li>\n<li>Option for international numbers<\/li>\n<li>You get a SIM card<\/li>\n<li>6 months commitment\/1 month termination<\/li>\n<li>Receives 10 SMS\/min. The rest in queue.<\/li>\n<li>Freedom of number selection<\/li>\n<li>You own the number<\/li>\n<li>Call forwarding<\/li>\n<li>Unlimited keywords<\/li>\n<\/ul>\n\t\t\t<a href=\"https:\/\/suresms.com\/en\/order\/order-2-way-unloading\/\"  target=\"_self\">\n\t\t\t\t\t\t\tOrder 2-way Hosted SIM\n\t\t\t\t\t<\/a>\n\t\t<figure itemscope itemtype=\"https:\/\/schema.org\/ImageObject\">\n\t\t\t\t<a href=\"https:\/\/suresms.com\/en\/about-suresms\/contact\/\"  target=\"_self\" itemprop=\"url\">\n\t\t\t\t<img decoding=\"async\" src=\"https:\/\/suresms.com\/wp-content\/uploads\/2014\/10\/2vejs-serier-400x150-pix.jpg\" alt=\"2-way SMS solution number ranges VLR\" height=\"150\" width=\"400\" title=\"2-way comics 400x150 pix\" onerror=\"this.style.display='none'\" loading=\"lazy\" \/>\n\t\t\t\t<\/a>\n\t<\/figure>\n<h3><a href=\"https:\/\/suresms.com\/en\/about-suresms\/contact\/\" target=\"_self\">2-way \"Number Series\"<\/a><\/h3><p>Virtual number ranges for businesses that need many numbers. Price varies depending on volume. Contact us for more info.<\/p>\n<ul>\n<li>Receive SMS via API<\/li>\n<li>For many numbers<\/li>\n<li>Max 49,-\/month in subscription<\/li>\n<li>Price by appointment<\/li>\n<li>For min. 10 mobile numbers<\/li>\n<li>Free creation<\/li>\n<li>Danish numbers<\/li>\n<li>No physical SIM<\/li>\n<li>6 month commitment<\/li>\n<li>1 month's notice<\/li>\n<li>KEYWORDS unlimited<\/li>\n<li>Unlimited reception<\/li>\n<\/ul>\n\t\t\t<a href=\"https:\/\/suresms.com\/en\/about-suresms\/contact\/\"  target=\"_self\">\n\t\t\t\t\t\t\tContact us here!\n\t\t\t\t\t<\/a>\n<h3>\n\t\t\tIt can take up to 24 hours from ordering your 2-way solution to receiving your username and code!\t<\/h3>\n\t\t<h3>Want to know more about hosted SIM?<\/h3>\n\t\t<p>See more details, technical description and documentation on our hosted SIM solutions here.<\/p>\n\t\t\t<a href=\"http:\/\/manual.suresms.com\/2-vejs-sms\/opsaetning-af-2-vejs-sms\/\"  target=\"_blank\" rel=\"noopener\">\n\t\t\t\t\t\tSpecifications\n\t\t\t\t\t<\/a>\n\t<h2>Why we choose hosted SIM and VLN numbers<\/h2>\nTechnically, there are different ways to create a solution where the recipient can reply to your messages.<br \/>\nOne option in the market is to use so-called media codes and shortcodes. Using a 4-digit media code and a password, the customer can reply to your messages, for example, if you have a cheese shop, you get the media code \"Cheese\". When someone sends a message to a short code - e.g. 9944, they have to write \"OST\" first and then the message afterwards.The problem with this solution is that it is complex for the customer. Honestly! Who knows they have to type OST? Your message will sound like this: \"Dear Signe. The items you ordered have arrived. To reply to this message, send an SMS to 9944 with the word OST followed by the message.\"\n<p>In addition to being complicated and with a high risk of communication errors, it's an expensive solution to implement. At Sure SMS, we believe that it should be easy and profitable for our customers.<\/p>\n<p><strong>We have therefore chosen to offer a - in our opinion - better solution!<\/strong><\/p>\n<h2>Our 2-way SMS solution<\/h2>\nWith Sure SMS, you receive your reply on a mobile number that is yours only. This means that you receive ALL messages written to this number. When you send your message out, it is sent from the same number. It's simple communication for the customer with a much smaller margin of error.<br \/>\nYou write: \"Dear Signe. The items you ordered have arrived.\"  If Signe wants to reply to the message, she simply presses \"reply\" and types the answer.\n<p>You decide if you want us to use your SIM card from your number range or if you want us to provide SIM cards. We are happy to host. Contact us for more information or advice. You can also find more information in the links below<\/p>\n<p>See <a title=\"SMS gateway prices\" href=\"https:\/\/suresms.com\/en\/sms-gateway-prices\/\">SMS and 2-way pricing here<\/a>.<\/p>\n\t\t<h3>More questions?<\/h3>\n\t\t<p>Do you have more questions about 2-way solutions? Give us a call or send us an email!<\/p>\n\t\t\t<a href=\"https:\/\/suresms.com\/en\/contact\/\"  target=\"_self\">\n\t\t\t\t\t\tSend an email\n\t\t\t\t\t<\/a>\n\t\t<h3>Documentation<\/h3>\n\t\t<p>See details and technical description of our hosted SIM solution here.<\/p>\n\t\t\t<a href=\"https:\/\/suresms.com\/en\/2-way-sms-unloading-with-hosted-sim\/\"  target=\"_self\">\n\t\t\t\t\t\tSee more details\n\t\t\t\t\t<\/a>\n\t\t<h3>About SureSMS<\/h3>\n\t\t<p>We're always happy to tell you a little about our company. Read more about SureSMS here!<\/p>\n\t\t\t<a href=\"https:\/\/suresms.com\/en\/about-suresms\/\"  target=\"_self\">\n\t\t\t\t\t\tAbout SureSMS\n\t\t\t\t\t<\/a>\n\t\t<h3>Try it NOW!<\/h3>\n\t\t<p>Create a free trial account now and get 50 free SMSes with no strings attached!<\/p>\n\t\t\t<a href=\"https:\/\/suresms.com\/en\/free-sms-test-account\/\"  target=\"_self\">\n\t\t\t\t\t\t\tCreate trial account\n\t\t\t\t\t<\/a>","protected":false},"excerpt":{"rendered":"<p>Receive SMS on your computer Do you need to receive SMS messages from your customers? Or do you want to send SMS messages to groups directly from SMS? Then 2-way SMS could be the solution for you. If you already have an SMS account where you send messages to your users, it can be both a need ... <a title=\"Receive SMS on your computer\" class=\"read-more\" href=\"https:\/\/suresms.com\/en\/funktioner\/modtag-sms-pa-din-computer\/\" aria-label=\"Read more about Receive SMS on your computer\">Read more<\/a><\/p>","protected":false},"author":1,"featured_media":0,"parent":958,"menu_order":2,"comment_status":"closed","ping_status":"closed","template":"","meta":{"_fl_builder_enabled":"1","_fl_builder_data":null,"_fl_builder_draft":null,"_fl_builder_data_settings":null,"_fl_builder_css":"","_fl_builder_css_version":"","_fl_builder_js":"","footnotes":""},"categories":[17],"tags":[],"class_list":{"0":"post-449","1":"page","2":"type-page","3":"status-publish","5":"category-linkfracornorstone"},"yoast_head":"<!-- This site is optimized with the Yoast SEO Premium plugin v27.3 (Yoast SEO v27.3) - https:\/\/yoast.com\/product\/yoast-seo-premium-wordpress\/ -->\r\n<title>2 vejs SMS, modtag SMS p\u00e5 din computer og iPad. Bestil 2-vejs l\u00f8sning!<\/title>\r\n<meta name=\"description\" content=\"Med 2 vejs SMS kan du modtage SMS p\u00e5 din computer eller iPad. L\u00f8sning fra SureSMS er den nemmeste for dine kunder. N\u00e5r de modtager SMS kan de svare p\u00e5 den.\" \/>\r\n<meta name=\"robots\" content=\"index, follow, max-snippet:-1, max-image-preview:large, max-video-preview:-1\" \/>\r\n<link rel=\"canonical\" href=\"https:\/\/suresms.com\/en\/features\/receive-text-messages-on-your-computer\/\" \/>\r\n<meta property=\"og:locale\" content=\"en_US\" \/>\r\n<meta property=\"og:type\" content=\"article\" \/>\r\n<meta property=\"og:title\" content=\"Modtag SMS p\u00e5 din computer\" \/>\r\n<meta property=\"og:description\" content=\"Med 2 vejs SMS kan du modtage SMS p\u00e5 din computer eller iPad. L\u00f8sning fra SureSMS er den nemmeste for dine kunder. N\u00e5r de modtager SMS kan de svare p\u00e5 den.\" \/>\r\n<meta property=\"og:url\" content=\"https:\/\/suresms.com\/en\/features\/receive-text-messages-on-your-computer\/\" \/>\r\n<meta property=\"article:publisher\" content=\"https:\/\/www.facebook.com\/p\/SureSMS-100044607956149\/\" \/>\r\n<meta property=\"article:modified_time\" content=\"2026-03-17T11:40:09+00:00\" \/>\r\n<meta property=\"og:image\" content=\"https:\/\/suresms.com\/wp-content\/uploads\/2014\/10\/2-vejs-virtuelle-400x150-pix.jpg\" \/>\r\n<meta name=\"twitter:card\" content=\"summary_large_image\" \/>\r\n<meta name=\"twitter:label1\" content=\"Est. reading time\" \/>\n\t<meta name=\"twitter:data1\" content=\"6 minutes\" \/>\r\n<script type=\"application\/ld+json\" class=\"yoast-schema-graph\">{\"@context\":\"https:\\\/\\\/schema.org\",\"@graph\":[{\"@type\":\"WebPage\",\"@id\":\"https:\\\/\\\/suresms.com\\\/dk\\\/funktioner\\\/modtag-sms-pa-din-computer\\\/\",\"url\":\"https:\\\/\\\/suresms.com\\\/dk\\\/funktioner\\\/modtag-sms-pa-din-computer\\\/\",\"name\":\"2 vejs SMS, modtag SMS p\u00e5 din computer og iPad. Bestil 2-vejs l\u00f8sning!\",\"isPartOf\":{\"@id\":\"https:\\\/\\\/suresms.com\\\/en\\\/#website\"},\"primaryImageOfPage\":{\"@id\":\"https:\\\/\\\/suresms.com\\\/dk\\\/funktioner\\\/modtag-sms-pa-din-computer\\\/#primaryimage\"},\"image\":{\"@id\":\"https:\\\/\\\/suresms.com\\\/dk\\\/funktioner\\\/modtag-sms-pa-din-computer\\\/#primaryimage\"},\"thumbnailUrl\":\"https:\\\/\\\/suresms.com\\\/wp-content\\\/uploads\\\/2014\\\/10\\\/2-vejs-virtuelle-400x150-pix.jpg\",\"datePublished\":\"2014-10-12T08:47:57+00:00\",\"dateModified\":\"2026-03-17T11:40:09+00:00\",\"description\":\"Med 2 vejs SMS kan du modtage SMS p\u00e5 din computer eller iPad. L\u00f8sning fra SureSMS er den nemmeste for dine kunder. N\u00e5r de modtager SMS kan de svare p\u00e5 den.\",\"breadcrumb\":{\"@id\":\"https:\\\/\\\/suresms.com\\\/dk\\\/funktioner\\\/modtag-sms-pa-din-computer\\\/#breadcrumb\"},\"inLanguage\":\"en-US\",\"potentialAction\":[{\"@type\":\"ReadAction\",\"target\":[\"https:\\\/\\\/suresms.com\\\/dk\\\/funktioner\\\/modtag-sms-pa-din-computer\\\/\"]}]},{\"@type\":\"ImageObject\",\"inLanguage\":\"en-US\",\"@id\":\"https:\\\/\\\/suresms.com\\\/dk\\\/funktioner\\\/modtag-sms-pa-din-computer\\\/#primaryimage\",\"url\":\"https:\\\/\\\/suresms.com\\\/wp-content\\\/uploads\\\/2014\\\/10\\\/2-vejs-virtuelle-400x150-pix.jpg\",\"contentUrl\":\"https:\\\/\\\/suresms.com\\\/wp-content\\\/uploads\\\/2014\\\/10\\\/2-vejs-virtuelle-400x150-pix.jpg\"},{\"@type\":\"BreadcrumbList\",\"@id\":\"https:\\\/\\\/suresms.com\\\/dk\\\/funktioner\\\/modtag-sms-pa-din-computer\\\/#breadcrumb\",\"itemListElement\":[{\"@type\":\"ListItem\",\"position\":1,\"name\":\"Home\",\"item\":\"https:\\\/\\\/suresms.com\\\/dk\\\/\"},{\"@type\":\"ListItem\",\"position\":2,\"name\":\"Funktioner\",\"item\":\"https:\\\/\\\/suresms.com\\\/dk\\\/funktioner\\\/\"},{\"@type\":\"ListItem\",\"position\":3,\"name\":\"Modtag SMS p\u00e5 din computer\"}]},{\"@type\":\"WebSite\",\"@id\":\"https:\\\/\\\/suresms.com\\\/en\\\/#website\",\"url\":\"https:\\\/\\\/suresms.com\\\/en\\\/\",\"name\":\"SureSMS\",\"description\":\"Professionel SMS Gateway\",\"publisher\":{\"@id\":\"https:\\\/\\\/suresms.com\\\/en\\\/#organization\"},\"potentialAction\":[{\"@type\":\"SearchAction\",\"target\":{\"@type\":\"EntryPoint\",\"urlTemplate\":\"https:\\\/\\\/suresms.com\\\/en\\\/?s={search_term_string}\"},\"query-input\":{\"@type\":\"PropertyValueSpecification\",\"valueRequired\":true,\"valueName\":\"search_term_string\"}}],\"inLanguage\":\"en-US\"},{\"@type\":\"Organization\",\"@id\":\"https:\\\/\\\/suresms.com\\\/en\\\/#organization\",\"name\":\"SureSMS\",\"url\":\"https:\\\/\\\/suresms.com\\\/en\\\/\",\"logo\":{\"@type\":\"ImageObject\",\"inLanguage\":\"en-US\",\"@id\":\"https:\\\/\\\/suresms.com\\\/en\\\/#\\\/schema\\\/logo\\\/image\\\/\",\"url\":\"https:\\\/\\\/suresms.com\\\/wp-content\\\/uploads\\\/2024\\\/11\\\/suresms-300x65-1.png\",\"contentUrl\":\"https:\\\/\\\/suresms.com\\\/wp-content\\\/uploads\\\/2024\\\/11\\\/suresms-300x65-1.png\",\"width\":300,\"height\":65,\"caption\":\"SureSMS\"},\"image\":{\"@id\":\"https:\\\/\\\/suresms.com\\\/en\\\/#\\\/schema\\\/logo\\\/image\\\/\"},\"sameAs\":[\"https:\\\/\\\/www.facebook.com\\\/p\\\/SureSMS-100044607956149\\\/\"]}]}<\/script>\r\n<!-- \/ Yoast SEO Premium plugin. -->","yoast_head_json":{"title":"2-way SMS, receive SMS on your computer and iPad. Order the 2-way solution!","description":"With 2-way SMS you can receive SMS on your computer or iPad. The solution from SureSMS is the easiest for your customers. When they receive an SMS, they can reply to it.","robots":{"index":"index","follow":"follow","max-snippet":"max-snippet:-1","max-image-preview":"max-image-preview:large","max-video-preview":"max-video-preview:-1"},"canonical":"https:\/\/suresms.com\/en\/features\/receive-text-messages-on-your-computer\/","og_locale":"en_US","og_type":"article","og_title":"Modtag SMS p\u00e5 din computer","og_description":"Med 2 vejs SMS kan du modtage SMS p\u00e5 din computer eller iPad. L\u00f8sning fra SureSMS er den nemmeste for dine kunder. N\u00e5r de modtager SMS kan de svare p\u00e5 den.","og_url":"https:\/\/suresms.com\/en\/features\/receive-text-messages-on-your-computer\/","article_publisher":"https:\/\/www.facebook.com\/p\/SureSMS-100044607956149\/","article_modified_time":"2026-03-17T11:40:09+00:00","og_image":[{"url":"https:\/\/suresms.com\/wp-content\/uploads\/2014\/10\/2-vejs-virtuelle-400x150-pix.jpg","type":"","width":"","height":""}],"twitter_card":"summary_large_image","twitter_misc":{"Est. reading time":"6 minutes"},"schema":{"@context":"https:\/\/schema.org","@graph":[{"@type":"WebPage","@id":"https:\/\/suresms.com\/dk\/funktioner\/modtag-sms-pa-din-computer\/","url":"https:\/\/suresms.com\/dk\/funktioner\/modtag-sms-pa-din-computer\/","name":"2-way SMS, receive SMS on your computer and iPad. Order the 2-way solution!","isPartOf":{"@id":"https:\/\/suresms.com\/en\/#website"},"primaryImageOfPage":{"@id":"https:\/\/suresms.com\/dk\/funktioner\/modtag-sms-pa-din-computer\/#primaryimage"},"image":{"@id":"https:\/\/suresms.com\/dk\/funktioner\/modtag-sms-pa-din-computer\/#primaryimage"},"thumbnailUrl":"https:\/\/suresms.com\/wp-content\/uploads\/2014\/10\/2-vejs-virtuelle-400x150-pix.jpg","datePublished":"2014-10-12T08:47:57+00:00","dateModified":"2026-03-17T11:40:09+00:00","description":"With 2-way SMS you can receive SMS on your computer or iPad. The solution from SureSMS is the easiest for your customers. When they receive an SMS, they can reply to it.","breadcrumb":{"@id":"https:\/\/suresms.com\/dk\/funktioner\/modtag-sms-pa-din-computer\/#breadcrumb"},"inLanguage":"en-US","potentialAction":[{"@type":"ReadAction","target":["https:\/\/suresms.com\/dk\/funktioner\/modtag-sms-pa-din-computer\/"]}]},{"@type":"ImageObject","inLanguage":"en-US","@id":"https:\/\/suresms.com\/dk\/funktioner\/modtag-sms-pa-din-computer\/#primaryimage","url":"https:\/\/suresms.com\/wp-content\/uploads\/2014\/10\/2-vejs-virtuelle-400x150-pix.jpg","contentUrl":"https:\/\/suresms.com\/wp-content\/uploads\/2014\/10\/2-vejs-virtuelle-400x150-pix.jpg"},{"@type":"BreadcrumbList","@id":"https:\/\/suresms.com\/dk\/funktioner\/modtag-sms-pa-din-computer\/#breadcrumb","itemListElement":[{"@type":"ListItem","position":1,"name":"Home","item":"https:\/\/suresms.com\/dk\/"},{"@type":"ListItem","position":2,"name":"Funktioner","item":"https:\/\/suresms.com\/dk\/funktioner\/"},{"@type":"ListItem","position":3,"name":"Modtag SMS p\u00e5 din computer"}]},{"@type":"WebSite","@id":"https:\/\/suresms.com\/en\/#website","url":"https:\/\/suresms.com\/en\/","name":"SureSMS","description":"Professional SMS Gateway","publisher":{"@id":"https:\/\/suresms.com\/en\/#organization"},"potentialAction":[{"@type":"SearchAction","target":{"@type":"EntryPoint","urlTemplate":"https:\/\/suresms.com\/en\/?s={search_term_string}"},"query-input":{"@type":"PropertyValueSpecification","valueRequired":true,"valueName":"search_term_string"}}],"inLanguage":"en-US"},{"@type":"Organization","@id":"https:\/\/suresms.com\/en\/#organization","name":"SureSMS","url":"https:\/\/suresms.com\/en\/","logo":{"@type":"ImageObject","inLanguage":"en-US","@id":"https:\/\/suresms.com\/en\/#\/schema\/logo\/image\/","url":"https:\/\/suresms.com\/wp-content\/uploads\/2024\/11\/suresms-300x65-1.png","contentUrl":"https:\/\/suresms.com\/wp-content\/uploads\/2024\/11\/suresms-300x65-1.png","width":300,"height":65,"caption":"SureSMS"},"image":{"@id":"https:\/\/suresms.com\/en\/#\/schema\/logo\/image\/"},"sameAs":["https:\/\/www.facebook.com\/p\/SureSMS-100044607956149\/"]}]}},"_links":{"self":[{"href":"https:\/\/suresms.com\/en\/wp-json\/wp\/v2\/pages\/449","targetHints":{"allow":["GET"]}}],"collection":[{"href":"https:\/\/suresms.com\/en\/wp-json\/wp\/v2\/pages"}],"about":[{"href":"https:\/\/suresms.com\/en\/wp-json\/wp\/v2\/types\/page"}],"author":[{"embeddable":true,"href":"https:\/\/suresms.com\/en\/wp-json\/wp\/v2\/users\/1"}],"replies":[{"embeddable":true,"href":"https:\/\/suresms.com\/en\/wp-json\/wp\/v2\/comments?post=449"}],"version-history":[{"count":10,"href":"https:\/\/suresms.com\/en\/wp-json\/wp\/v2\/pages\/449\/revisions"}],"predecessor-version":[{"id":23849,"href":"https:\/\/suresms.com\/en\/wp-json\/wp\/v2\/pages\/449\/revisions\/23849"}],"up":[{"embeddable":true,"href":"https:\/\/suresms.com\/en\/wp-json\/wp\/v2\/pages\/958"}],"wp:attachment":[{"href":"https:\/\/suresms.com\/en\/wp-json\/wp\/v2\/media?parent=449"}],"wp:term":[{"taxonomy":"category","embeddable":true,"href":"https:\/\/suresms.com\/en\/wp-json\/wp\/v2\/categories?post=449"},{"taxonomy":"post_tag","embeddable":true,"href":"https:\/\/suresms.com\/en\/wp-json\/wp\/v2\/tags?post=449"}],"curies":[{"name":"wp","href":"https:\/\/api.w.org\/{rel}","templated":true}]}}