{"id":3755,"date":"2016-10-18T13:01:26","date_gmt":"2016-10-18T11:01:26","guid":{"rendered":"https:\/\/www.suresms.com\/dk\/?page_id=3755"},"modified":"2025-01-04T23:57:58","modified_gmt":"2025-01-04T23:57:58","slug":"sms-localization-to-common-library-system","status":"publish","type":"page","link":"https:\/\/suresms.com\/en\/integrationer\/fagsystem-sms-integration\/sms-loesning-til-faelles-bibliotekssystem\/","title":{"rendered":"SMS solution for FBS (Shared Library System)"},"content":{"rendered":"<!-- Flexy Breadcrumb -->\r\n\t\t\t<div class=\"fbc fbc-page\">\r\n\r\n\t\t\t\t<!-- Breadcrumb wrapper -->\r\n\t\t\t\t<div class=\"fbc-wrap\">\r\n\r\n\t\t\t\t\t<!-- Ordered list-->\r\n\t\t\t\t\t<ol class=\"fbc-items\" itemscope itemtype=\"https:\/\/schema.org\/BreadcrumbList\">\r\n\t\t\t\t\t\t            <li itemprop=\"itemListElement\" itemscope itemtype=\"https:\/\/schema.org\/ListItem\">\r\n                <span itemprop=\"name\">\r\n                    <!-- Home Link -->\r\n                    <a itemprop=\"item\" href=\"https:\/\/suresms.com\/en\/\">\r\n                    \r\n                                                    <i class=\"fa fa-home\" aria-hidden=\"true\"><\/i>Home                    <\/a>\r\n                <\/span>\r\n                <meta itemprop=\"position\" content=\"1\" \/><!-- Meta Position-->\r\n             <\/li><li><span class=\"fbc-separator\">\/<\/span><\/li><li class=\"active\" itemprop=\"itemListElement\" itemscope itemtype=\"https:\/\/schema.org\/ListItem\"><span itemprop=\"name\" title=\"SMS solution for FBS (Shared Library System)\">SMS solution for FBS...<\/span><meta itemprop=\"position\" content=\"2\" \/><\/li>\t\t\t\t\t<\/ol>\r\n\t\t\t\t\t<div class=\"clearfix\"><\/div>\r\n\t\t\t\t<\/div>\r\n\t\t\t<\/div>\r\n\t\t\t\n<h1>\n\t\tNew SMS Solution for FBS\n\t<\/h1>\n<p>&nbsp;<\/p>\n<p><strong>Right now, the new Common Library System Cicero (FBS), developed in collaboration between Kombit and Systematic, is being rolled out to approximately 1500 public libraries and educational learning centers around the country. SureSMS delivers a thoroughly developed SMS solution, in the best quality and fully integrable with the new system.<\/strong><\/p>\n\n<p>Our SMS solution meets all the requirements, standards and functions that Cicero sets for a good SMS gateway supplier. As a responsible user of the system, you can rest assured that all functions in Cicero work with the solution we have developed.<\/p>\n<h3>Simple setup and Premium Support<\/h3>\n<p>Thanks to a comprehensive guide, setting up or modifying Cicero to use our solution is simple. It takes less than 3 minutes to set up the system and test that everything works as it should. If you have any questions along the way, you can always contact our skilled supporters and technicians who are ready to provide first-class, free assistance to all customers.<\/p>\n<h3>Security and Surveillance 24\/7<\/h3>\n<p>At SureSMS we monitor our servers and your account 24 hours a day, every day, all year round. So you can rest assured that we deliver the messages you send. When something goes wrong - it's technology, so occasionally something goes wrong - we detect it and catch it immediately.<\/p>\n<p>We provide full reporting on demand. You can choose to receive a daily report of ALL messages sent, or you can choose to only receive a report of FAILED messages.<\/p>\n<h3>Optional Group SMS with sign-up option<\/h3>\n<p>Our SMS Gateway also supports many different Group SMS features and functions that we have previously sold to libraries and other municipal institutions and services. Using these, citizens and users can subscribe\/unsubscribe to lists via SMS or websites. This can be used to sign up for events and courses, or to send out offers\/news to specific groups of library users. These functions run outside of Cicero, but are quite easy to integrate into daily practice. <a href=\"https:\/\/suresms.com\/en\/contact\/\">Contact us for more information.\u00a0<\/a><\/p>\n<h3>Sharp price - Simple pricing policy<\/h3>\n<p>At SureSMS, we have no setup fees and you pay no subscription for the SMS solution for Cicero. You ONLY pay per message sent.<\/p>\n<p><strong>We're currently running an FBS campaign where you get the SMS for 13 \u00f8re each if you sign up in calendar year 2020. <\/strong>Register from this page, or contact us for more information or to sign up by phone: +45 50 322 322 or by email: support@suresms.com.<\/p>\n<p>&nbsp;<\/p>\n<p>&nbsp;<\/p>\n\t\t<h4>Set up in 3 minutes!<\/h4>\n\t\t<p>Download a PDF file with setup instructions here. Follow the 4 simple steps and you're up and running with SMS in Cicero.<\/p>\n\t\t\t<a href=\"https:\/\/l.facebook.com\/l.php?u=https%3A%2F%2Fwww.suresms.com%2Fdk%2Fwp-content%2Fuploads%2F2016%2F10%2FOpsaetning-af-Cicero-FBS.pdf&#038;h=6AQEfFVRd\" target=\"_self\">\n\t\t\t\t\t\t\tDownload Guide\n\t\t\t\t\t<\/a>\n\t\t<h4>Create a free trial account<\/h4>\n\t\t<p>You need a SureSMS account to test your Cicero installation. It's easy to create and completely free. You get 50 SMS messages for the test.<\/p>\n\t\t\t<a href=\"https:\/\/suresms.com\/en\/free-sms-test-account\/\" target=\"_self\">\n\t\t\t\t\t\t\tCreate trial account\n\t\t\t\t\t<\/a>\n\t\t\t<p><a href=\"http:\/\/www.rodskovforsamlingshus.dk\/\"><img loading=\"lazy\" decoding=\"async\" src=\"https:\/\/suresms.com\/wp-content\/uploads\/2015\/02\/REB-Rodskov1.jpg\" alt=\"REB Rodskov\" width=\"172\" height=\"87\" \/><\/a><\/p>\n<p>&nbsp;<\/p>\n<p><em>\"You were recommended to me by a colleague who also uses your solution.\u00a0<\/em><\/p>\n<p>&nbsp;<\/p>\n<p><em>I've researched and tested a number of other SMS solutions, and yours is by far the most flexible and fast - and at a reasonable price. <\/em><\/p>\n<p>&nbsp;<\/p>\n<p><em>THANK YOU for an excellent product! It does exactly what I need it to do - Great!\"<\/em><\/p>\n<p>&nbsp;<\/p>\n<p><strong>Michel Gorm, Secretary<\/strong><\/p>\n<p>&nbsp;<\/p>\n<p><strong>Rodskov Assembly Hall<\/strong><\/p>\n<p>&nbsp;<\/p>","protected":false},"excerpt":{"rendered":"<p>New SMS Solution for FBS Right now, the new Common Library System Cicero (FBS), developed in collaboration between Kombit and Systematic, is being rolled out at approx. 1500 public libraries and educational learning centers around the country. SureSMS delivers a thoroughly developed SMS solution, in the best quality and fully integrable with the new system. Our SMS solution meets all requirements, standards ... <a title=\"SMS solution for FBS (Shared Library System)\" class=\"read-more\" href=\"https:\/\/suresms.com\/en\/integrationer\/fagsystem-sms-integration\/sms-loesning-til-faelles-bibliotekssystem\/\" aria-label=\"Read more about SMS solution for FBS (Shared Library System)\">Read more<\/a><\/p>","protected":false},"author":1,"featured_media":0,"parent":18069,"menu_order":0,"comment_status":"closed","ping_status":"closed","template":"","meta":{"_fl_builder_enabled":"1","_fl_builder_data":null,"_fl_builder_draft":null,"_fl_builder_data_settings":null,"_fl_builder_css":"","_fl_builder_css_version":"","_fl_builder_js":"","footnotes":""},"categories":[],"tags":[],"class_list":["post-3755","page","type-page","status-publish"],"yoast_head":"<!-- This site is optimized with the Yoast SEO Premium plugin v27.3 (Yoast SEO v27.3) - https:\/\/yoast.com\/product\/yoast-seo-premium-wordpress\/ -->\r\n<title>Fbs \u2192 Nem oprettelse og hurtige resultater med dette system<\/title>\r\n<meta name=\"description\" content=\"Find et nemt online system med SMS services og f\u00e5 hurtigt kontakt til dine kunder. Ny og effektiv SMS l\u00f8sning til fbs.\" \/>\r\n<meta name=\"robots\" content=\"index, follow, max-snippet:-1, max-image-preview:large, max-video-preview:-1\" \/>\r\n<link rel=\"canonical\" href=\"https:\/\/suresms.com\/en\/integrations\/cms-content-management-system-sms-integration-3\/sms-localization-to-common-library-system\/\" \/>\r\n<meta property=\"og:locale\" content=\"en_US\" \/>\r\n<meta property=\"og:type\" content=\"article\" \/>\r\n<meta property=\"og:title\" content=\"SMS L\u00f8sning til F\u00e6lles Bibliotekssystem (FBS) Cicero\" \/>\r\n<meta property=\"og:description\" content=\"Lige nu udrulles Cicero (FBS) p\u00e5 folkebiblioteker og p\u00e6dagogiske l\u00e6ringscentre rundt omkring i landet. SureSMS leverer en kvalitets SMS l\u00f8sning fuldt integrerbar med det nye system. Nem ops\u00e6tning, gratis oprettelse og intet abonnement. 14 \u00f8re pr. SMS.\" \/>\r\n<meta property=\"og:url\" content=\"https:\/\/suresms.com\/en\/integrations\/cms-content-management-system-sms-integration-3\/sms-localization-to-common-library-system\/\" \/>\r\n<meta property=\"article:publisher\" content=\"https:\/\/www.facebook.com\/p\/SureSMS-100044607956149\/\" \/>\r\n<meta property=\"article:modified_time\" content=\"2025-01-04T23:57:58+00:00\" \/>\r\n<meta property=\"og:image\" content=\"https:\/\/suresms.com\/wp-content\/uploads\/2016\/10\/SMS-Loesning-til-FBS-1.jpg\" \/>\r\n\t<meta property=\"og:image:width\" content=\"1200\" \/>\r\n\t<meta property=\"og:image:height\" content=\"600\" \/>\r\n\t<meta property=\"og:image:type\" content=\"image\/jpeg\" \/>\r\n<meta name=\"twitter:card\" content=\"summary_large_image\" \/>\r\n<meta name=\"twitter:title\" content=\"SMS l\u00f8sning til FBS (F\u00e6lles Bibliotekssystem)\" \/>\r\n<meta name=\"twitter:label1\" content=\"Est. reading time\" \/>\n\t<meta name=\"twitter:data1\" content=\"5 minutes\" \/>\r\n<script type=\"application\/ld+json\" class=\"yoast-schema-graph\">{\"@context\":\"https:\\\/\\\/schema.org\",\"@graph\":[{\"@type\":\"WebPage\",\"@id\":\"https:\\\/\\\/suresms.com\\\/dk\\\/integrationer\\\/fagsystem-sms-integration\\\/sms-loesning-til-faelles-bibliotekssystem\\\/\",\"url\":\"https:\\\/\\\/suresms.com\\\/dk\\\/integrationer\\\/fagsystem-sms-integration\\\/sms-loesning-til-faelles-bibliotekssystem\\\/\",\"name\":\"Fbs \u2192 Nem oprettelse og hurtige resultater med dette system\",\"isPartOf\":{\"@id\":\"https:\\\/\\\/suresms.com\\\/en\\\/#website\"},\"primaryImageOfPage\":{\"@id\":\"https:\\\/\\\/suresms.com\\\/dk\\\/integrationer\\\/fagsystem-sms-integration\\\/sms-loesning-til-faelles-bibliotekssystem\\\/#primaryimage\"},\"image\":{\"@id\":\"https:\\\/\\\/suresms.com\\\/dk\\\/integrationer\\\/fagsystem-sms-integration\\\/sms-loesning-til-faelles-bibliotekssystem\\\/#primaryimage\"},\"thumbnailUrl\":\"https:\\\/\\\/suresms.com\\\/wp-content\\\/uploads\\\/2015\\\/02\\\/REB-Rodskov1.jpg\",\"datePublished\":\"2016-10-18T11:01:26+00:00\",\"dateModified\":\"2025-01-04T23:57:58+00:00\",\"description\":\"Find et nemt online system med SMS services og f\u00e5 hurtigt kontakt til dine kunder. Ny og effektiv SMS l\u00f8sning til fbs.\",\"breadcrumb\":{\"@id\":\"https:\\\/\\\/suresms.com\\\/dk\\\/integrationer\\\/fagsystem-sms-integration\\\/sms-loesning-til-faelles-bibliotekssystem\\\/#breadcrumb\"},\"inLanguage\":\"en-US\",\"potentialAction\":[{\"@type\":\"ReadAction\",\"target\":[\"https:\\\/\\\/suresms.com\\\/dk\\\/integrationer\\\/fagsystem-sms-integration\\\/sms-loesning-til-faelles-bibliotekssystem\\\/\"]}]},{\"@type\":\"ImageObject\",\"inLanguage\":\"en-US\",\"@id\":\"https:\\\/\\\/suresms.com\\\/dk\\\/integrationer\\\/fagsystem-sms-integration\\\/sms-loesning-til-faelles-bibliotekssystem\\\/#primaryimage\",\"url\":\"https:\\\/\\\/suresms.com\\\/wp-content\\\/uploads\\\/2015\\\/02\\\/REB-Rodskov1.jpg\",\"contentUrl\":\"https:\\\/\\\/suresms.com\\\/wp-content\\\/uploads\\\/2015\\\/02\\\/REB-Rodskov1.jpg\"},{\"@type\":\"BreadcrumbList\",\"@id\":\"https:\\\/\\\/suresms.com\\\/dk\\\/integrationer\\\/fagsystem-sms-integration\\\/sms-loesning-til-faelles-bibliotekssystem\\\/#breadcrumb\",\"itemListElement\":[{\"@type\":\"ListItem\",\"position\":1,\"name\":\"Home\",\"item\":\"https:\\\/\\\/suresms.com\\\/dk\\\/\"},{\"@type\":\"ListItem\",\"position\":2,\"name\":\"Integrationer\",\"item\":\"https:\\\/\\\/suresms.com\\\/dk\\\/integrationer\\\/\"},{\"@type\":\"ListItem\",\"position\":3,\"name\":\"SMS integration til fagsystemer\",\"item\":\"https:\\\/\\\/suresms.com\\\/dk\\\/integrationer\\\/fagsystem-sms-integration\\\/\"},{\"@type\":\"ListItem\",\"position\":4,\"name\":\"SMS l\u00f8sning til FBS (F\u00e6lles Bibliotekssystem)\"}]},{\"@type\":\"WebSite\",\"@id\":\"https:\\\/\\\/suresms.com\\\/en\\\/#website\",\"url\":\"https:\\\/\\\/suresms.com\\\/en\\\/\",\"name\":\"SureSMS\",\"description\":\"Professionel SMS Gateway\",\"publisher\":{\"@id\":\"https:\\\/\\\/suresms.com\\\/en\\\/#organization\"},\"potentialAction\":[{\"@type\":\"SearchAction\",\"target\":{\"@type\":\"EntryPoint\",\"urlTemplate\":\"https:\\\/\\\/suresms.com\\\/en\\\/?s={search_term_string}\"},\"query-input\":{\"@type\":\"PropertyValueSpecification\",\"valueRequired\":true,\"valueName\":\"search_term_string\"}}],\"inLanguage\":\"en-US\"},{\"@type\":\"Organization\",\"@id\":\"https:\\\/\\\/suresms.com\\\/en\\\/#organization\",\"name\":\"SureSMS\",\"url\":\"https:\\\/\\\/suresms.com\\\/en\\\/\",\"logo\":{\"@type\":\"ImageObject\",\"inLanguage\":\"en-US\",\"@id\":\"https:\\\/\\\/suresms.com\\\/en\\\/#\\\/schema\\\/logo\\\/image\\\/\",\"url\":\"https:\\\/\\\/suresms.com\\\/wp-content\\\/uploads\\\/2024\\\/11\\\/suresms-300x65-1.png\",\"contentUrl\":\"https:\\\/\\\/suresms.com\\\/wp-content\\\/uploads\\\/2024\\\/11\\\/suresms-300x65-1.png\",\"width\":300,\"height\":65,\"caption\":\"SureSMS\"},\"image\":{\"@id\":\"https:\\\/\\\/suresms.com\\\/en\\\/#\\\/schema\\\/logo\\\/image\\\/\"},\"sameAs\":[\"https:\\\/\\\/www.facebook.com\\\/p\\\/SureSMS-100044607956149\\\/\"]}]}<\/script>\r\n<!-- \/ Yoast SEO Premium plugin. -->","yoast_head_json":{"title":"Fbs \u2192 Easy creation and fast results with this system","description":"Find an easy online system with SMS services and quickly connect with your customers. New and efficient SMS solution for fbs.","robots":{"index":"index","follow":"follow","max-snippet":"max-snippet:-1","max-image-preview":"max-image-preview:large","max-video-preview":"max-video-preview:-1"},"canonical":"https:\/\/suresms.com\/en\/integrations\/cms-content-management-system-sms-integration-3\/sms-localization-to-common-library-system\/","og_locale":"en_US","og_type":"article","og_title":"SMS L\u00f8sning til F\u00e6lles Bibliotekssystem (FBS) Cicero","og_description":"Lige nu udrulles Cicero (FBS) p\u00e5 folkebiblioteker og p\u00e6dagogiske l\u00e6ringscentre rundt omkring i landet. SureSMS leverer en kvalitets SMS l\u00f8sning fuldt integrerbar med det nye system. Nem ops\u00e6tning, gratis oprettelse og intet abonnement. 14 \u00f8re pr. SMS.","og_url":"https:\/\/suresms.com\/en\/integrations\/cms-content-management-system-sms-integration-3\/sms-localization-to-common-library-system\/","article_publisher":"https:\/\/www.facebook.com\/p\/SureSMS-100044607956149\/","article_modified_time":"2025-01-04T23:57:58+00:00","og_image":[{"width":1200,"height":600,"url":"https:\/\/suresms.com\/wp-content\/uploads\/2016\/10\/SMS-Loesning-til-FBS-1.jpg","type":"image\/jpeg"}],"twitter_card":"summary_large_image","twitter_title":"SMS l\u00f8sning til FBS (F\u00e6lles Bibliotekssystem)","twitter_misc":{"Est. reading time":"5 minutes"},"schema":{"@context":"https:\/\/schema.org","@graph":[{"@type":"WebPage","@id":"https:\/\/suresms.com\/dk\/integrationer\/fagsystem-sms-integration\/sms-loesning-til-faelles-bibliotekssystem\/","url":"https:\/\/suresms.com\/dk\/integrationer\/fagsystem-sms-integration\/sms-loesning-til-faelles-bibliotekssystem\/","name":"Fbs \u2192 Easy creation and fast results with this system","isPartOf":{"@id":"https:\/\/suresms.com\/en\/#website"},"primaryImageOfPage":{"@id":"https:\/\/suresms.com\/dk\/integrationer\/fagsystem-sms-integration\/sms-loesning-til-faelles-bibliotekssystem\/#primaryimage"},"image":{"@id":"https:\/\/suresms.com\/dk\/integrationer\/fagsystem-sms-integration\/sms-loesning-til-faelles-bibliotekssystem\/#primaryimage"},"thumbnailUrl":"https:\/\/suresms.com\/wp-content\/uploads\/2015\/02\/REB-Rodskov1.jpg","datePublished":"2016-10-18T11:01:26+00:00","dateModified":"2025-01-04T23:57:58+00:00","description":"Find an easy online system with SMS services and quickly connect with your customers. New and efficient SMS solution for fbs.","breadcrumb":{"@id":"https:\/\/suresms.com\/dk\/integrationer\/fagsystem-sms-integration\/sms-loesning-til-faelles-bibliotekssystem\/#breadcrumb"},"inLanguage":"en-US","potentialAction":[{"@type":"ReadAction","target":["https:\/\/suresms.com\/dk\/integrationer\/fagsystem-sms-integration\/sms-loesning-til-faelles-bibliotekssystem\/"]}]},{"@type":"ImageObject","inLanguage":"en-US","@id":"https:\/\/suresms.com\/dk\/integrationer\/fagsystem-sms-integration\/sms-loesning-til-faelles-bibliotekssystem\/#primaryimage","url":"https:\/\/suresms.com\/wp-content\/uploads\/2015\/02\/REB-Rodskov1.jpg","contentUrl":"https:\/\/suresms.com\/wp-content\/uploads\/2015\/02\/REB-Rodskov1.jpg"},{"@type":"BreadcrumbList","@id":"https:\/\/suresms.com\/dk\/integrationer\/fagsystem-sms-integration\/sms-loesning-til-faelles-bibliotekssystem\/#breadcrumb","itemListElement":[{"@type":"ListItem","position":1,"name":"Home","item":"https:\/\/suresms.com\/dk\/"},{"@type":"ListItem","position":2,"name":"Integrationer","item":"https:\/\/suresms.com\/dk\/integrationer\/"},{"@type":"ListItem","position":3,"name":"SMS integration til fagsystemer","item":"https:\/\/suresms.com\/dk\/integrationer\/fagsystem-sms-integration\/"},{"@type":"ListItem","position":4,"name":"SMS l\u00f8sning til FBS (F\u00e6lles Bibliotekssystem)"}]},{"@type":"WebSite","@id":"https:\/\/suresms.com\/en\/#website","url":"https:\/\/suresms.com\/en\/","name":"SureSMS","description":"Professional SMS Gateway","publisher":{"@id":"https:\/\/suresms.com\/en\/#organization"},"potentialAction":[{"@type":"SearchAction","target":{"@type":"EntryPoint","urlTemplate":"https:\/\/suresms.com\/en\/?s={search_term_string}"},"query-input":{"@type":"PropertyValueSpecification","valueRequired":true,"valueName":"search_term_string"}}],"inLanguage":"en-US"},{"@type":"Organization","@id":"https:\/\/suresms.com\/en\/#organization","name":"SureSMS","url":"https:\/\/suresms.com\/en\/","logo":{"@type":"ImageObject","inLanguage":"en-US","@id":"https:\/\/suresms.com\/en\/#\/schema\/logo\/image\/","url":"https:\/\/suresms.com\/wp-content\/uploads\/2024\/11\/suresms-300x65-1.png","contentUrl":"https:\/\/suresms.com\/wp-content\/uploads\/2024\/11\/suresms-300x65-1.png","width":300,"height":65,"caption":"SureSMS"},"image":{"@id":"https:\/\/suresms.com\/en\/#\/schema\/logo\/image\/"},"sameAs":["https:\/\/www.facebook.com\/p\/SureSMS-100044607956149\/"]}]}},"_links":{"self":[{"href":"https:\/\/suresms.com\/en\/wp-json\/wp\/v2\/pages\/3755","targetHints":{"allow":["GET"]}}],"collection":[{"href":"https:\/\/suresms.com\/en\/wp-json\/wp\/v2\/pages"}],"about":[{"href":"https:\/\/suresms.com\/en\/wp-json\/wp\/v2\/types\/page"}],"author":[{"embeddable":true,"href":"https:\/\/suresms.com\/en\/wp-json\/wp\/v2\/users\/1"}],"replies":[{"embeddable":true,"href":"https:\/\/suresms.com\/en\/wp-json\/wp\/v2\/comments?post=3755"}],"version-history":[{"count":6,"href":"https:\/\/suresms.com\/en\/wp-json\/wp\/v2\/pages\/3755\/revisions"}],"predecessor-version":[{"id":21033,"href":"https:\/\/suresms.com\/en\/wp-json\/wp\/v2\/pages\/3755\/revisions\/21033"}],"up":[{"embeddable":true,"href":"https:\/\/suresms.com\/en\/wp-json\/wp\/v2\/pages\/18069"}],"wp:attachment":[{"href":"https:\/\/suresms.com\/en\/wp-json\/wp\/v2\/media?parent=3755"}],"wp:term":[{"taxonomy":"category","embeddable":true,"href":"https:\/\/suresms.com\/en\/wp-json\/wp\/v2\/categories?post=3755"},{"taxonomy":"post_tag","embeddable":true,"href":"https:\/\/suresms.com\/en\/wp-json\/wp\/v2\/tags?post=3755"}],"curies":[{"name":"wp","href":"https:\/\/api.w.org\/{rel}","templated":true}]}}