{"id":2681,"date":"2016-06-01T17:49:00","date_gmt":"2016-06-01T15:49:00","guid":{"rendered":"https:\/\/www.suresms.com\/dk\/?page_id=2681"},"modified":"2025-01-03T14:16:29","modified_gmt":"2025-01-03T14:16:29","slug":"sms-for-service-companies","status":"publish","type":"page","link":"https:\/\/suresms.com\/en\/branchelosninger\/sms-til-servicevirksomheder\/","title":{"rendered":"SMS for Service Companies"},"content":{"rendered":"<!-- Flexy Breadcrumb -->\r\n\t\t\t<div class=\"fbc fbc-page\">\r\n\r\n\t\t\t\t<!-- Breadcrumb wrapper -->\r\n\t\t\t\t<div class=\"fbc-wrap\">\r\n\r\n\t\t\t\t\t<!-- Ordered list-->\r\n\t\t\t\t\t<ol class=\"fbc-items\" itemscope itemtype=\"https:\/\/schema.org\/BreadcrumbList\">\r\n\t\t\t\t\t\t            <li itemprop=\"itemListElement\" itemscope itemtype=\"https:\/\/schema.org\/ListItem\">\r\n                <span itemprop=\"name\">\r\n                    <!-- Home Link -->\r\n                    <a itemprop=\"item\" href=\"https:\/\/suresms.com\/en\/\">\r\n                    \r\n                                                    <i class=\"fa fa-home\" aria-hidden=\"true\"><\/i>Home                    <\/a>\r\n                <\/span>\r\n                <meta itemprop=\"position\" content=\"1\" \/><!-- Meta Position-->\r\n             <\/li><li><span class=\"fbc-separator\">\/<\/span><\/li><li class=\"active\" itemprop=\"itemListElement\" itemscope itemtype=\"https:\/\/schema.org\/ListItem\"><span itemprop=\"name\" title=\"SMS for Service Companies\">SMS for Service Companies<\/span><meta itemprop=\"position\" content=\"2\" \/><\/li>\t\t\t\t\t<\/ol>\r\n\t\t\t\t\t<div class=\"clearfix\"><\/div>\r\n\t\t\t\t<\/div>\r\n\t\t\t<\/div>\r\n\t\t\t\n<h1>\n\t\tSMS for Service Companies\n\t<\/h1>\n<p><strong>Car repair shops, dentists, hairdressers, clinics and therapists. If you need online SMS for service businesses, an SMS gateway is the optimal solution. With a SureSMS solution, you can easily and cheaply send SMS messages to your customers from your PC.<\/strong><\/p>\n<p>Our simple and straightforward interface makes it easy to send SMS messages to exactly the people in the group you want to communicate with. All that's required is internet. You don't need to install any software or programs to get started.<\/p>\n<p><strong>Benefits:\u00a0<\/strong><\/p>\n<ul>\n<li><strong>Schedule messages to be sent: Send appointment reminders and avoid unnecessary cancellations.<\/strong><\/li>\n<li><strong>Generate revenue: Send out great offers and newsletters to customers via our group feature.<\/strong><\/li>\n<li><strong>Easily send personalized messages to groups from our web portal with the Merge Names feature.<\/strong><\/li>\n<li><strong>Conduct satisfaction surveys on your service. Send and receive messages from the customer with a 2-way solution.<\/strong><\/li>\n<li><strong>And our web portal can be used from PC, iPad or smart phones.<\/strong><\/li>\n<\/ul>\n<p>Of course, our service can also be integrated with your existing system via our SureSMS API. <a title=\"Contact us\" href=\"https:\/\/suresms.com\/en\/contact\/\">Contact us<\/a> for a chat if you want to integrate our SMS into your system.<\/p>\n<h3>Send appointment reminders - avoid cancellations<\/h3>\n<p>Every service business relies on customers showing up - and showing up on time. Every time a customer fails to show up on time, it risks disrupting planning and revenue. Avoid wasting time and resources by sending out reminders to customers and clients. A small, time-controlled SMS can ensure that the customer either shows up or remembers to send a cancellation in good time.<\/p>\n<h3>Group functions<\/h3>\n<p>From our web portal you can use the <a title=\"GroupSMS: Create &amp; send to groups\" href=\"https:\/\/suresms.com\/en\/sms-group\/\">Create and send SMS to groups<\/a>. It could be the hairdresser who wants to send a special offer, the physiotherapist with a message for the Monday team or the car mechanic who wants to contact the customers who had their winter tires changed last year. By creating your contacts in groups, you can send out a group SMS to the entire group by simply typing a single SMS. A message can of course be scheduled to be sent at a fixed interval: e.g. weekly, monthly or annually.<\/p>\n<h3>How to sign up<\/h3>\n<p>With our <a title=\"2-way SMS, receive SMS on your computer\" href=\"https:\/\/suresms.com\/en\/features\/receive-text-messages-on-your-computer\/\">2-way SMS solution <\/a>members can sign up for a list and provide feedback themselves. You can also add a small code to your own website so that members can sign up there.<\/p>\n<p>Maybe you already have all your members in a spreadsheet. You can load this into our system to get started quickly with your SMS clubs.<\/p>\n<h3>Create satisfaction surveys for your customers<\/h3>\nFor many service companies, it is important to evaluate how good an experience the customer has had after purchasing a service. For example, we have a number of <strong>car repair shops<\/strong> who use our 2-way solution. After picking up the car, the customer receives a message:<br \/>\n<strong>\"Were you satisfied with our service? Answer YES or NO.\"<\/strong><br \/>\nThis way, the mechanic has an opportunity to react and keep a high quality of service in their business.\n<h3>Sender name<\/h3>\n<p>You can decide who should be the sender of the message. If you have a customer club, it could be the company name, phone number or something else.  The only limitation is that telecom companies allow a maximum of 11 characters in the sender.<\/p>\n<h3>Create a free account in 5 minutes<\/h3>\n<p><strong> Create a free trial account and judge for yourself. There are no hidden costs or strings attached. Don't hesitate to contact us with any questions. We look forward to helping you.<\/strong><\/p>\n\t\t\t<p><img loading=\"lazy\" decoding=\"async\" src=\"https:\/\/suresms.com\/wp-content\/uploads\/2016\/06\/Frisoergaarden-1.jpg\" alt=\"\" width=\"100\" height=\"100\" \/><em>\"After switching from Clickatell to SureSMS, we no longer have problems with our SMS system, so I wish we had done that a long time ago.<\/em><em>Thanks for a stable and good solution that is also affordable!\"<\/em><strong>Julie Thorsen, Master Hairdresser<\/strong><strong>Fris\u00f8rg\u00e5rden.dk, Holb\u00e6k<\/strong><\/p>\t\t\n\t\t<h4>Create a free trial account<\/h4>\n\t\t<p>It only takes 5 minutes. Get started right away and get <strong>50 free SMS messages<\/strong> with no strings attached.<\/p>\n\t\t\t<a href=\"https:\/\/suresms.com\/en\/free-sms-test-account\/\" target=\"_self\">\n\t\t\t\t\t\t\tCreate trial account\n\t\t\t\t\t<\/a>","protected":false},"excerpt":{"rendered":"<p>SMS for service businesses Car repair shops, dentists, hairdressers, clinics and therapists. If you need online SMS for service businesses, an SMS gateway is the optimal solution. With a SureSMS solution, you can send SMS messages to your customers easily and cheaply from your PC. Our simple and clear interface makes it easy to send SMS messages to exactly the right people... <a title=\"SMS for Service Companies\" class=\"read-more\" href=\"https:\/\/suresms.com\/en\/branchelosninger\/sms-til-servicevirksomheder\/\" aria-label=\"Read more about SMS for Service Companies\">Read more<\/a><\/p>","protected":false},"author":1,"featured_media":0,"parent":1654,"menu_order":1,"comment_status":"closed","ping_status":"closed","template":"","meta":{"_fl_builder_enabled":"1","_fl_builder_data":null,"_fl_builder_draft":null,"_fl_builder_data_settings":null,"_fl_builder_css":"","_fl_builder_css_version":"","_fl_builder_js":"","footnotes":""},"categories":[],"tags":[],"class_list":["post-2681","page","type-page","status-publish"],"yoast_head":"<!-- This site is optimized with the Yoast SEO Premium plugin v27.3 (Yoast SEO v27.3) - https:\/\/yoast.com\/product\/yoast-seo-premium-wordpress\/ -->\r\n<title>Sms til servicevirksomheder. Fleksibel og billig SMS online. SureSMS<\/title>\r\n<meta name=\"description\" content=\"Autov\u00e6rksteder, tandl\u00e6ger, fris\u00f8rer, klinikker .Send nemt og billigt p\u00e5mindelser og personlige SMS&#039;er til kunder direkte fra din PC. Opret gratis Testkonto!\" \/>\r\n<meta name=\"robots\" content=\"index, follow, max-snippet:-1, max-image-preview:large, max-video-preview:-1\" \/>\r\n<link rel=\"canonical\" href=\"https:\/\/suresms.com\/en\/branch-discharges\/sms-for-service-companies\/\" \/>\r\n<meta property=\"og:locale\" content=\"en_US\" \/>\r\n<meta property=\"og:type\" content=\"article\" \/>\r\n<meta property=\"og:title\" content=\"SMS til Servicevirksomheder\" \/>\r\n<meta property=\"og:description\" content=\"Autov\u00e6rksteder, tandl\u00e6ger, fris\u00f8rer, klinikker .Send nemt og billigt p\u00e5mindelser og personlige SMS&#039;er til kunder direkte fra din PC. Opret gratis Testkonto!\" \/>\r\n<meta property=\"og:url\" content=\"https:\/\/suresms.com\/en\/branch-discharges\/sms-for-service-companies\/\" \/>\r\n<meta property=\"article:publisher\" content=\"https:\/\/www.facebook.com\/p\/SureSMS-100044607956149\/\" \/>\r\n<meta property=\"article:modified_time\" content=\"2025-01-03T14:16:29+00:00\" \/>\r\n<meta property=\"og:image\" content=\"https:\/\/suresms.com\/wp-content\/uploads\/2016\/06\/sms-til-service-snippet.jpg\" \/>\r\n\t<meta property=\"og:image:width\" content=\"400\" \/>\r\n\t<meta property=\"og:image:height\" content=\"266\" \/>\r\n\t<meta property=\"og:image:type\" content=\"image\/jpeg\" \/>\r\n<meta name=\"twitter:card\" content=\"summary_large_image\" \/>\r\n<meta name=\"twitter:label1\" content=\"Est. reading time\" \/>\n\t<meta name=\"twitter:data1\" content=\"3 minutes\" \/>\r\n<script type=\"application\/ld+json\" class=\"yoast-schema-graph\">{\"@context\":\"https:\\\/\\\/schema.org\",\"@graph\":[{\"@type\":\"WebPage\",\"@id\":\"https:\\\/\\\/suresms.com\\\/dk\\\/branchelosninger\\\/sms-til-servicevirksomheder\\\/\",\"url\":\"https:\\\/\\\/suresms.com\\\/dk\\\/branchelosninger\\\/sms-til-servicevirksomheder\\\/\",\"name\":\"Sms til servicevirksomheder. Fleksibel og billig SMS online. SureSMS\",\"isPartOf\":{\"@id\":\"https:\\\/\\\/suresms.com\\\/en\\\/#website\"},\"primaryImageOfPage\":{\"@id\":\"https:\\\/\\\/suresms.com\\\/dk\\\/branchelosninger\\\/sms-til-servicevirksomheder\\\/#primaryimage\"},\"image\":{\"@id\":\"https:\\\/\\\/suresms.com\\\/dk\\\/branchelosninger\\\/sms-til-servicevirksomheder\\\/#primaryimage\"},\"thumbnailUrl\":\"https:\\\/\\\/suresms.com\\\/wp-content\\\/uploads\\\/2016\\\/06\\\/Frisoergaarden-1.jpg\",\"datePublished\":\"2016-06-01T15:49:00+00:00\",\"dateModified\":\"2025-01-03T14:16:29+00:00\",\"description\":\"Autov\u00e6rksteder, tandl\u00e6ger, fris\u00f8rer, klinikker .Send nemt og billigt p\u00e5mindelser og personlige SMS'er til kunder direkte fra din PC. Opret gratis Testkonto!\",\"breadcrumb\":{\"@id\":\"https:\\\/\\\/suresms.com\\\/dk\\\/branchelosninger\\\/sms-til-servicevirksomheder\\\/#breadcrumb\"},\"inLanguage\":\"en-US\",\"potentialAction\":[{\"@type\":\"ReadAction\",\"target\":[\"https:\\\/\\\/suresms.com\\\/dk\\\/branchelosninger\\\/sms-til-servicevirksomheder\\\/\"]}]},{\"@type\":\"ImageObject\",\"inLanguage\":\"en-US\",\"@id\":\"https:\\\/\\\/suresms.com\\\/dk\\\/branchelosninger\\\/sms-til-servicevirksomheder\\\/#primaryimage\",\"url\":\"https:\\\/\\\/suresms.com\\\/wp-content\\\/uploads\\\/2016\\\/06\\\/Frisoergaarden-1.jpg\",\"contentUrl\":\"https:\\\/\\\/suresms.com\\\/wp-content\\\/uploads\\\/2016\\\/06\\\/Frisoergaarden-1.jpg\"},{\"@type\":\"BreadcrumbList\",\"@id\":\"https:\\\/\\\/suresms.com\\\/dk\\\/branchelosninger\\\/sms-til-servicevirksomheder\\\/#breadcrumb\",\"itemListElement\":[{\"@type\":\"ListItem\",\"position\":1,\"name\":\"Home\",\"item\":\"https:\\\/\\\/suresms.com\\\/dk\\\/\"},{\"@type\":\"ListItem\",\"position\":2,\"name\":\"Branchel\u00f8sninger\",\"item\":\"https:\\\/\\\/suresms.com\\\/dk\\\/branchelosninger\\\/\"},{\"@type\":\"ListItem\",\"position\":3,\"name\":\"SMS til Servicevirksomheder\"}]},{\"@type\":\"WebSite\",\"@id\":\"https:\\\/\\\/suresms.com\\\/en\\\/#website\",\"url\":\"https:\\\/\\\/suresms.com\\\/en\\\/\",\"name\":\"SureSMS\",\"description\":\"Professionel SMS Gateway\",\"publisher\":{\"@id\":\"https:\\\/\\\/suresms.com\\\/en\\\/#organization\"},\"potentialAction\":[{\"@type\":\"SearchAction\",\"target\":{\"@type\":\"EntryPoint\",\"urlTemplate\":\"https:\\\/\\\/suresms.com\\\/en\\\/?s={search_term_string}\"},\"query-input\":{\"@type\":\"PropertyValueSpecification\",\"valueRequired\":true,\"valueName\":\"search_term_string\"}}],\"inLanguage\":\"en-US\"},{\"@type\":\"Organization\",\"@id\":\"https:\\\/\\\/suresms.com\\\/en\\\/#organization\",\"name\":\"SureSMS\",\"url\":\"https:\\\/\\\/suresms.com\\\/en\\\/\",\"logo\":{\"@type\":\"ImageObject\",\"inLanguage\":\"en-US\",\"@id\":\"https:\\\/\\\/suresms.com\\\/en\\\/#\\\/schema\\\/logo\\\/image\\\/\",\"url\":\"https:\\\/\\\/suresms.com\\\/wp-content\\\/uploads\\\/2024\\\/11\\\/suresms-300x65-1.png\",\"contentUrl\":\"https:\\\/\\\/suresms.com\\\/wp-content\\\/uploads\\\/2024\\\/11\\\/suresms-300x65-1.png\",\"width\":300,\"height\":65,\"caption\":\"SureSMS\"},\"image\":{\"@id\":\"https:\\\/\\\/suresms.com\\\/en\\\/#\\\/schema\\\/logo\\\/image\\\/\"},\"sameAs\":[\"https:\\\/\\\/www.facebook.com\\\/p\\\/SureSMS-100044607956149\\\/\"]}]}<\/script>\r\n<!-- \/ Yoast SEO Premium plugin. -->","yoast_head_json":{"title":"SMS for service companies. Flexible and cheap SMS online. SureSMS","description":"Car repair shops, dentists, hairdressers, clinics... Send reminders and personalized SMS messages to customers easily and cheaply directly from your PC. Create a free trial account!","robots":{"index":"index","follow":"follow","max-snippet":"max-snippet:-1","max-image-preview":"max-image-preview:large","max-video-preview":"max-video-preview:-1"},"canonical":"https:\/\/suresms.com\/en\/branch-discharges\/sms-for-service-companies\/","og_locale":"en_US","og_type":"article","og_title":"SMS til Servicevirksomheder","og_description":"Autov\u00e6rksteder, tandl\u00e6ger, fris\u00f8rer, klinikker .Send nemt og billigt p\u00e5mindelser og personlige SMS'er til kunder direkte fra din PC. Opret gratis Testkonto!","og_url":"https:\/\/suresms.com\/en\/branch-discharges\/sms-for-service-companies\/","article_publisher":"https:\/\/www.facebook.com\/p\/SureSMS-100044607956149\/","article_modified_time":"2025-01-03T14:16:29+00:00","og_image":[{"width":400,"height":266,"url":"https:\/\/suresms.com\/wp-content\/uploads\/2016\/06\/sms-til-service-snippet.jpg","type":"image\/jpeg"}],"twitter_card":"summary_large_image","twitter_misc":{"Est. reading time":"3 minutes"},"schema":{"@context":"https:\/\/schema.org","@graph":[{"@type":"WebPage","@id":"https:\/\/suresms.com\/dk\/branchelosninger\/sms-til-servicevirksomheder\/","url":"https:\/\/suresms.com\/dk\/branchelosninger\/sms-til-servicevirksomheder\/","name":"SMS for service companies. Flexible and cheap SMS online. SureSMS","isPartOf":{"@id":"https:\/\/suresms.com\/en\/#website"},"primaryImageOfPage":{"@id":"https:\/\/suresms.com\/dk\/branchelosninger\/sms-til-servicevirksomheder\/#primaryimage"},"image":{"@id":"https:\/\/suresms.com\/dk\/branchelosninger\/sms-til-servicevirksomheder\/#primaryimage"},"thumbnailUrl":"https:\/\/suresms.com\/wp-content\/uploads\/2016\/06\/Frisoergaarden-1.jpg","datePublished":"2016-06-01T15:49:00+00:00","dateModified":"2025-01-03T14:16:29+00:00","description":"Car repair shops, dentists, hairdressers, clinics... Send reminders and personalized SMS messages to customers easily and cheaply directly from your PC. Create a free trial account!","breadcrumb":{"@id":"https:\/\/suresms.com\/dk\/branchelosninger\/sms-til-servicevirksomheder\/#breadcrumb"},"inLanguage":"en-US","potentialAction":[{"@type":"ReadAction","target":["https:\/\/suresms.com\/dk\/branchelosninger\/sms-til-servicevirksomheder\/"]}]},{"@type":"ImageObject","inLanguage":"en-US","@id":"https:\/\/suresms.com\/dk\/branchelosninger\/sms-til-servicevirksomheder\/#primaryimage","url":"https:\/\/suresms.com\/wp-content\/uploads\/2016\/06\/Frisoergaarden-1.jpg","contentUrl":"https:\/\/suresms.com\/wp-content\/uploads\/2016\/06\/Frisoergaarden-1.jpg"},{"@type":"BreadcrumbList","@id":"https:\/\/suresms.com\/dk\/branchelosninger\/sms-til-servicevirksomheder\/#breadcrumb","itemListElement":[{"@type":"ListItem","position":1,"name":"Home","item":"https:\/\/suresms.com\/dk\/"},{"@type":"ListItem","position":2,"name":"Branchel\u00f8sninger","item":"https:\/\/suresms.com\/dk\/branchelosninger\/"},{"@type":"ListItem","position":3,"name":"SMS til Servicevirksomheder"}]},{"@type":"WebSite","@id":"https:\/\/suresms.com\/en\/#website","url":"https:\/\/suresms.com\/en\/","name":"SureSMS","description":"Professional SMS Gateway","publisher":{"@id":"https:\/\/suresms.com\/en\/#organization"},"potentialAction":[{"@type":"SearchAction","target":{"@type":"EntryPoint","urlTemplate":"https:\/\/suresms.com\/en\/?s={search_term_string}"},"query-input":{"@type":"PropertyValueSpecification","valueRequired":true,"valueName":"search_term_string"}}],"inLanguage":"en-US"},{"@type":"Organization","@id":"https:\/\/suresms.com\/en\/#organization","name":"SureSMS","url":"https:\/\/suresms.com\/en\/","logo":{"@type":"ImageObject","inLanguage":"en-US","@id":"https:\/\/suresms.com\/en\/#\/schema\/logo\/image\/","url":"https:\/\/suresms.com\/wp-content\/uploads\/2024\/11\/suresms-300x65-1.png","contentUrl":"https:\/\/suresms.com\/wp-content\/uploads\/2024\/11\/suresms-300x65-1.png","width":300,"height":65,"caption":"SureSMS"},"image":{"@id":"https:\/\/suresms.com\/en\/#\/schema\/logo\/image\/"},"sameAs":["https:\/\/www.facebook.com\/p\/SureSMS-100044607956149\/"]}]}},"_links":{"self":[{"href":"https:\/\/suresms.com\/en\/wp-json\/wp\/v2\/pages\/2681","targetHints":{"allow":["GET"]}}],"collection":[{"href":"https:\/\/suresms.com\/en\/wp-json\/wp\/v2\/pages"}],"about":[{"href":"https:\/\/suresms.com\/en\/wp-json\/wp\/v2\/types\/page"}],"author":[{"embeddable":true,"href":"https:\/\/suresms.com\/en\/wp-json\/wp\/v2\/users\/1"}],"replies":[{"embeddable":true,"href":"https:\/\/suresms.com\/en\/wp-json\/wp\/v2\/comments?post=2681"}],"version-history":[{"count":4,"href":"https:\/\/suresms.com\/en\/wp-json\/wp\/v2\/pages\/2681\/revisions"}],"predecessor-version":[{"id":19575,"href":"https:\/\/suresms.com\/en\/wp-json\/wp\/v2\/pages\/2681\/revisions\/19575"}],"up":[{"embeddable":true,"href":"https:\/\/suresms.com\/en\/wp-json\/wp\/v2\/pages\/1654"}],"wp:attachment":[{"href":"https:\/\/suresms.com\/en\/wp-json\/wp\/v2\/media?parent=2681"}],"wp:term":[{"taxonomy":"category","embeddable":true,"href":"https:\/\/suresms.com\/en\/wp-json\/wp\/v2\/categories?post=2681"},{"taxonomy":"post_tag","embeddable":true,"href":"https:\/\/suresms.com\/en\/wp-json\/wp\/v2\/tags?post=2681"}],"curies":[{"name":"wp","href":"https:\/\/api.w.org\/{rel}","templated":true}]}}