{"id":23765,"date":"2026-01-06T14:52:34","date_gmt":"2026-01-06T13:52:34","guid":{"rendered":"https:\/\/suresms.com\/?page_id=23651"},"modified":"2026-01-06T13:56:57","modified_gmt":"2026-01-06T13:56:57","slug":"sms-marketing-for-wine-merchants-06-01-2026-145233","status":"publish","type":"page","link":"https:\/\/suresms.com\/en\/sms-marketing-for-vinhandlere06-01-2026-145233\/","title":{"rendered":"SMS marketing for wine merchants | Build loyalty and increase sales"},"content":{"rendered":"<!-- Flexy Breadcrumb -->\r\n\t\t\t<div class=\"fbc fbc-page\">\r\n\r\n\t\t\t\t<!-- Breadcrumb wrapper -->\r\n\t\t\t\t<div class=\"fbc-wrap\">\r\n\r\n\t\t\t\t\t<!-- Ordered list-->\r\n\t\t\t\t\t<ol class=\"fbc-items\" itemscope itemtype=\"https:\/\/schema.org\/BreadcrumbList\">\r\n\t\t\t\t\t\t            <li itemprop=\"itemListElement\" itemscope itemtype=\"https:\/\/schema.org\/ListItem\">\r\n                <span itemprop=\"name\">\r\n                    <!-- Home Link -->\r\n                    <a itemprop=\"item\" href=\"https:\/\/suresms.com\/en\/\">\r\n                    \r\n                                                    <i class=\"fa fa-home\" aria-hidden=\"true\"><\/i>Home                    <\/a>\r\n                <\/span>\r\n                <meta itemprop=\"position\" content=\"1\" \/><!-- Meta Position-->\r\n             <\/li><li><span class=\"fbc-separator\">\/<\/span><\/li><li class=\"active\" itemprop=\"itemListElement\" itemscope itemtype=\"https:\/\/schema.org\/ListItem\"><span itemprop=\"name\" title=\"SMS marketing for wine merchants | Build loyalty and increase sales\">SMS marketing for wine merchants...<\/span><meta itemprop=\"position\" content=\"2\" \/><\/li>\t\t\t\t\t<\/ol>\r\n\t\t\t\t\t<div class=\"clearfix\"><\/div>\r\n\t\t\t\t<\/div>\r\n\t\t\t<\/div>\r\n\t\t\t\n<h1>\n\t\t\t{{ARTICLE-HEADER (write a headline for the article \u2013 max. 60 characters) }}\t<\/h1>\n\t<p>{{SUBHEADLINE (write a subheading of approx. 200 characters)}}<\/p>\n\t\t<h2>{{ADVANTAGES-HEADLINE (write a catchy headline \u2013 max. 60 characters)}}<\/h2><p>{{ADVANTAGES-BODY (write here what advantages the industry has from SMS. Find relevant use cases. What&#039;s in it for them? Make a list of advantages and elaborate on them in a section below. Do not write more than 150 words in 3-4 paragraphs; the introductory words in the lists must be tagged. &lt;b&gt;&lt;\/b&gt;)}}<\/p>\n\t\t\t\t<img decoding=\"async\" src=\"https:\/\/suresms.com\/wp-content\/plugins\/bb-plugin\/img\/pixel.png\" alt=\"\" itemprop=\"image\" onerror=\"this.style.display='none'\" loading=\"lazy\" \/>\n\t\t\t<a href=\"https:\/\/app.suresms.com\/account\/signup\" target=\"_blank\" rel=\"noopener\">\n\t\t\t\t\t\t\tCreate a free account\n\t\t\t\t\t<\/a>\n\t\t\t\t<img decoding=\"async\" src=\"https:\/\/suresms.com\/wp-content\/plugins\/bb-plugin\/img\/pixel.png\" alt=\"\" itemprop=\"image\" onerror=\"this.style.display='none'\" loading=\"lazy\" \/>\n<h2>\n\t\t\t{{WHY SURE SMS HEADLINE (write a headline of max. 60 characters describing why they should choose Sure SMS)}}\t<\/h2>\n\t<p>{{WHY SURE SMS-BODY (create a description of approx. 300 characters explaining why this industry should choose Sure SMS as its SMS solution)}}<\/p>\n\t\t\t\n<br \/>\n<br \/>\n\n<p>{{SOCIAL-PROOF-01 (write a review of approx. 120 characters)}}<\/p>\n\t\t\t\n<br \/>\n<br \/>\n\n<p>{{SOCIAL-PROOF-02 (write a review of approx. 120 characters)}}<\/p>\n\t\t\t\t\t\t\t\t\t\t<h4 tabindex=\"0\">{{FAQ-01 (what is the most typical question, max. 60 characters)}}<\/h4>\n\t\t\t\t\t<p>{{FAQ-01-ANSWER (write the answer to the question. Write approx. 300 words)}}<\/p>\n\t\t\t\t\t\t\t\t\t\t<h4 tabindex=\"0\">{{FAQ-02 (what is the most typical question, max. 60 characters)}}<\/h4>\n\t\t\t\t\t<p>{{FAQ-02-ANSWER (write the answer)}}<\/p>\n\t\t\t\t\t\t\t\t\t\t<h4 tabindex=\"0\">{{FAQ-03 (what is the most typical question, max. 60 characters)}}<\/h4>\n\t\t\t\t\t<p>{{FAQ-03-ANSWER (write the answer to the question. Write approx. 300 words)}}<\/p>\n\t\t\t\t\t\t\t\t\t\t<h4 tabindex=\"0\">{{FAQ-04 (what is the most typical question, max. 60 characters)}}<\/h4>\n\t\t\t\t\t<p>{{FAQ-04-ANSWER (write the answer to the question. Write approx. 300 words)}}<\/p>\n\t\t\t\t\t\t\t\t\t\t<h4 tabindex=\"0\">{{FAQ-05 (what is the most typical question, max. 60 characters)}}<\/h4>\n\t\t\t\t\t<p>{{FAQ-05-ANSWER (write the answer to the question. Write approx. 300 words)}}<\/p>\n\t\t\t\t\t\t\t\t\t\t<h4 tabindex=\"0\">{{FAQ-06 (what is the most typical question, max. 60 characters)}}<\/h4>\n\t\t\t\t\t<p>{{FAQ-06-ANSWER (write the answer to the question. Write approx. 300 words)}}<\/p>","protected":false},"excerpt":{"rendered":"<p>{{ARTICLE-HEADER (write a headline for the article \u2013 max. 60 characters) }} {{SUBHEADLINE (write a subheading of approx. 200 characters)}} {{BENEFITS-HEADLINE (write a catchy headline \u2013 max. 60 characters)}} {{BENEFITS-BODY (write here what advantages the industry has from SMS. Find relevant use cases. What's in it for them? Make a list of advantages and elaborate on them in ... <a title=\"SMS marketing for wine merchants | Build loyalty and increase sales\" class=\"read-more\" href=\"https:\/\/suresms.com\/en\/sms-marketing-for-vinhandlere06-01-2026-145233\/\" aria-label=\"Read more about SMS marketing for liquor stores | Build loyalty and upsell\">Read more<\/a><\/p>","protected":false},"author":1,"featured_media":0,"parent":0,"menu_order":0,"comment_status":"closed","ping_status":"closed","template":"","meta":{"_fl_builder_enabled":"1","_fl_builder_data":null,"_fl_builder_draft":null,"_fl_builder_data_settings":null,"_fl_builder_css":"","_fl_builder_css_version":"","_fl_builder_js":"","footnotes":""},"categories":[],"tags":[],"class_list":["post-23765","page","type-page","status-publish"],"yoast_head":"<!-- This site is optimized with the Yoast SEO Premium plugin v27.3 (Yoast SEO v27.3) - https:\/\/yoast.com\/product\/yoast-seo-premium-wordpress\/ -->\r\n<title>SMS marketing til vinhandlere | Skab loyalitet og mersalg -<\/title>\r\n<meta name=\"description\" content=\"Se hvordan vinhandlere bruger SMS til events, nye \u00e5rgange og VIP-kunder. F\u00e5 konkrete eksempler p\u00e5 SMS marketing i vinbranchen.\" \/>\r\n<meta name=\"robots\" content=\"index, follow, max-snippet:-1, max-image-preview:large, max-video-preview:-1\" \/>\r\n<link rel=\"canonical\" href=\"https:\/\/suresms.com\/en\/sms-marketing-for-wine-merchants-06-01-2026-145233\/\" \/>\r\n<meta property=\"og:locale\" content=\"en_US\" \/>\r\n<meta property=\"og:type\" content=\"article\" \/>\r\n<meta property=\"og:title\" content=\"SMS marketing til vinhandlere | Skab loyalitet og mersalg\" \/>\r\n<meta property=\"og:description\" content=\"Se hvordan vinhandlere bruger SMS til events, nye \u00e5rgange og VIP-kunder. F\u00e5 konkrete eksempler p\u00e5 SMS marketing i vinbranchen.\" \/>\r\n<meta property=\"og:url\" content=\"https:\/\/suresms.com\/en\/sms-marketing-for-wine-merchants-06-01-2026-145233\/\" \/>\r\n<meta property=\"article:publisher\" content=\"https:\/\/www.facebook.com\/p\/SureSMS-100044607956149\/\" \/>\r\n<meta property=\"article:modified_time\" content=\"2026-01-06T13:56:57+00:00\" \/>\r\n<meta property=\"og:image\" content=\"https:\/\/suresms.com\/wp-content\/plugins\/bb-plugin\/img\/pixel.png\" \/>\r\n<meta name=\"twitter:card\" content=\"summary_large_image\" \/>\r\n<meta name=\"twitter:label1\" content=\"Est. reading time\" \/>\n\t<meta name=\"twitter:data1\" content=\"8 minutes\" \/>\r\n<script type=\"application\/ld+json\" class=\"yoast-schema-graph\">{\"@context\":\"https:\\\/\\\/schema.org\",\"@graph\":[{\"@type\":\"WebPage\",\"@id\":\"https:\\\/\\\/suresms.com\\\/sms-marketing-for-vinhandlere06-01-2026-145233\\\/\",\"url\":\"https:\\\/\\\/suresms.com\\\/sms-marketing-for-vinhandlere06-01-2026-145233\\\/\",\"name\":\"SMS marketing til vinhandlere | Skab loyalitet og mersalg -\",\"isPartOf\":{\"@id\":\"https:\\\/\\\/suresms.com\\\/en\\\/#website\"},\"primaryImageOfPage\":{\"@id\":\"https:\\\/\\\/suresms.com\\\/sms-marketing-for-vinhandlere06-01-2026-145233\\\/#primaryimage\"},\"image\":{\"@id\":\"https:\\\/\\\/suresms.com\\\/sms-marketing-for-vinhandlere06-01-2026-145233\\\/#primaryimage\"},\"thumbnailUrl\":\"https:\\\/\\\/suresms.com\\\/wp-content\\\/plugins\\\/bb-plugin\\\/img\\\/pixel.png\",\"datePublished\":\"2026-01-06T13:52:34+00:00\",\"dateModified\":\"2026-01-06T13:56:57+00:00\",\"description\":\"Se hvordan vinhandlere bruger SMS til events, nye \u00e5rgange og VIP-kunder. F\u00e5 konkrete eksempler p\u00e5 SMS marketing i vinbranchen.\",\"breadcrumb\":{\"@id\":\"https:\\\/\\\/suresms.com\\\/sms-marketing-for-vinhandlere06-01-2026-145233\\\/#breadcrumb\"},\"inLanguage\":\"en-US\",\"potentialAction\":[{\"@type\":\"ReadAction\",\"target\":[\"https:\\\/\\\/suresms.com\\\/sms-marketing-for-vinhandlere06-01-2026-145233\\\/\"]}]},{\"@type\":\"ImageObject\",\"inLanguage\":\"en-US\",\"@id\":\"https:\\\/\\\/suresms.com\\\/sms-marketing-for-vinhandlere06-01-2026-145233\\\/#primaryimage\",\"url\":\"https:\\\/\\\/suresms.com\\\/wp-content\\\/plugins\\\/bb-plugin\\\/img\\\/pixel.png\",\"contentUrl\":\"https:\\\/\\\/suresms.com\\\/wp-content\\\/plugins\\\/bb-plugin\\\/img\\\/pixel.png\"},{\"@type\":\"BreadcrumbList\",\"@id\":\"https:\\\/\\\/suresms.com\\\/sms-marketing-for-vinhandlere06-01-2026-145233\\\/#breadcrumb\",\"itemListElement\":[{\"@type\":\"ListItem\",\"position\":1,\"name\":\"Home\",\"item\":\"https:\\\/\\\/suresms.com\\\/dk\\\/\"},{\"@type\":\"ListItem\",\"position\":2,\"name\":\"SMS marketing til vinhandlere | Skab loyalitet og mersalg\"}]},{\"@type\":\"WebSite\",\"@id\":\"https:\\\/\\\/suresms.com\\\/en\\\/#website\",\"url\":\"https:\\\/\\\/suresms.com\\\/en\\\/\",\"name\":\"SureSMS\",\"description\":\"Professionel SMS Gateway\",\"publisher\":{\"@id\":\"https:\\\/\\\/suresms.com\\\/en\\\/#organization\"},\"potentialAction\":[{\"@type\":\"SearchAction\",\"target\":{\"@type\":\"EntryPoint\",\"urlTemplate\":\"https:\\\/\\\/suresms.com\\\/en\\\/?s={search_term_string}\"},\"query-input\":{\"@type\":\"PropertyValueSpecification\",\"valueRequired\":true,\"valueName\":\"search_term_string\"}}],\"inLanguage\":\"en-US\"},{\"@type\":\"Organization\",\"@id\":\"https:\\\/\\\/suresms.com\\\/en\\\/#organization\",\"name\":\"SureSMS\",\"url\":\"https:\\\/\\\/suresms.com\\\/en\\\/\",\"logo\":{\"@type\":\"ImageObject\",\"inLanguage\":\"en-US\",\"@id\":\"https:\\\/\\\/suresms.com\\\/en\\\/#\\\/schema\\\/logo\\\/image\\\/\",\"url\":\"https:\\\/\\\/suresms.com\\\/wp-content\\\/uploads\\\/2024\\\/11\\\/suresms-300x65-1.png\",\"contentUrl\":\"https:\\\/\\\/suresms.com\\\/wp-content\\\/uploads\\\/2024\\\/11\\\/suresms-300x65-1.png\",\"width\":300,\"height\":65,\"caption\":\"SureSMS\"},\"image\":{\"@id\":\"https:\\\/\\\/suresms.com\\\/en\\\/#\\\/schema\\\/logo\\\/image\\\/\"},\"sameAs\":[\"https:\\\/\\\/www.facebook.com\\\/p\\\/SureSMS-100044607956149\\\/\"]}]}<\/script>\r\n<!-- \/ Yoast SEO Premium plugin. -->","yoast_head_json":{"title":"SMS marketing for wine merchants | Build loyalty and increase sales -","description":"See how wine merchants use SMS for events, new vintages, and VIP customers. Get concrete examples of SMS marketing in the wine industry.","robots":{"index":"index","follow":"follow","max-snippet":"max-snippet:-1","max-image-preview":"max-image-preview:large","max-video-preview":"max-video-preview:-1"},"canonical":"https:\/\/suresms.com\/en\/sms-marketing-for-wine-merchants-06-01-2026-145233\/","og_locale":"en_US","og_type":"article","og_title":"SMS marketing til vinhandlere | Skab loyalitet og mersalg","og_description":"Se hvordan vinhandlere bruger SMS til events, nye \u00e5rgange og VIP-kunder. F\u00e5 konkrete eksempler p\u00e5 SMS marketing i vinbranchen.","og_url":"https:\/\/suresms.com\/en\/sms-marketing-for-wine-merchants-06-01-2026-145233\/","article_publisher":"https:\/\/www.facebook.com\/p\/SureSMS-100044607956149\/","article_modified_time":"2026-01-06T13:56:57+00:00","og_image":[{"url":"https:\/\/suresms.com\/wp-content\/plugins\/bb-plugin\/img\/pixel.png","type":"","width":"","height":""}],"twitter_card":"summary_large_image","twitter_misc":{"Est. reading time":"8 minutes"},"schema":{"@context":"https:\/\/schema.org","@graph":[{"@type":"WebPage","@id":"https:\/\/suresms.com\/sms-marketing-for-vinhandlere06-01-2026-145233\/","url":"https:\/\/suresms.com\/sms-marketing-for-vinhandlere06-01-2026-145233\/","name":"SMS marketing for wine merchants | Build loyalty and increase sales -","isPartOf":{"@id":"https:\/\/suresms.com\/en\/#website"},"primaryImageOfPage":{"@id":"https:\/\/suresms.com\/sms-marketing-for-vinhandlere06-01-2026-145233\/#primaryimage"},"image":{"@id":"https:\/\/suresms.com\/sms-marketing-for-vinhandlere06-01-2026-145233\/#primaryimage"},"thumbnailUrl":"https:\/\/suresms.com\/wp-content\/plugins\/bb-plugin\/img\/pixel.png","datePublished":"2026-01-06T13:52:34+00:00","dateModified":"2026-01-06T13:56:57+00:00","description":"See how wine merchants use SMS for events, new vintages, and VIP customers. Get concrete examples of SMS marketing in the wine industry.","breadcrumb":{"@id":"https:\/\/suresms.com\/sms-marketing-for-vinhandlere06-01-2026-145233\/#breadcrumb"},"inLanguage":"en-US","potentialAction":[{"@type":"ReadAction","target":["https:\/\/suresms.com\/sms-marketing-for-vinhandlere06-01-2026-145233\/"]}]},{"@type":"ImageObject","inLanguage":"en-US","@id":"https:\/\/suresms.com\/sms-marketing-for-vinhandlere06-01-2026-145233\/#primaryimage","url":"https:\/\/suresms.com\/wp-content\/plugins\/bb-plugin\/img\/pixel.png","contentUrl":"https:\/\/suresms.com\/wp-content\/plugins\/bb-plugin\/img\/pixel.png"},{"@type":"BreadcrumbList","@id":"https:\/\/suresms.com\/sms-marketing-for-vinhandlere06-01-2026-145233\/#breadcrumb","itemListElement":[{"@type":"ListItem","position":1,"name":"Home","item":"https:\/\/suresms.com\/dk\/"},{"@type":"ListItem","position":2,"name":"SMS marketing til vinhandlere | Skab loyalitet og mersalg"}]},{"@type":"WebSite","@id":"https:\/\/suresms.com\/en\/#website","url":"https:\/\/suresms.com\/en\/","name":"SureSMS","description":"Professional SMS Gateway","publisher":{"@id":"https:\/\/suresms.com\/en\/#organization"},"potentialAction":[{"@type":"SearchAction","target":{"@type":"EntryPoint","urlTemplate":"https:\/\/suresms.com\/en\/?s={search_term_string}"},"query-input":{"@type":"PropertyValueSpecification","valueRequired":true,"valueName":"search_term_string"}}],"inLanguage":"en-US"},{"@type":"Organization","@id":"https:\/\/suresms.com\/en\/#organization","name":"SureSMS","url":"https:\/\/suresms.com\/en\/","logo":{"@type":"ImageObject","inLanguage":"en-US","@id":"https:\/\/suresms.com\/en\/#\/schema\/logo\/image\/","url":"https:\/\/suresms.com\/wp-content\/uploads\/2024\/11\/suresms-300x65-1.png","contentUrl":"https:\/\/suresms.com\/wp-content\/uploads\/2024\/11\/suresms-300x65-1.png","width":300,"height":65,"caption":"SureSMS"},"image":{"@id":"https:\/\/suresms.com\/en\/#\/schema\/logo\/image\/"},"sameAs":["https:\/\/www.facebook.com\/p\/SureSMS-100044607956149\/"]}]}},"_links":{"self":[{"href":"https:\/\/suresms.com\/en\/wp-json\/wp\/v2\/pages\/23765","targetHints":{"allow":["GET"]}}],"collection":[{"href":"https:\/\/suresms.com\/en\/wp-json\/wp\/v2\/pages"}],"about":[{"href":"https:\/\/suresms.com\/en\/wp-json\/wp\/v2\/types\/page"}],"author":[{"embeddable":true,"href":"https:\/\/suresms.com\/en\/wp-json\/wp\/v2\/users\/1"}],"replies":[{"embeddable":true,"href":"https:\/\/suresms.com\/en\/wp-json\/wp\/v2\/comments?post=23765"}],"version-history":[{"count":1,"href":"https:\/\/suresms.com\/en\/wp-json\/wp\/v2\/pages\/23765\/revisions"}],"predecessor-version":[{"id":23766,"href":"https:\/\/suresms.com\/en\/wp-json\/wp\/v2\/pages\/23765\/revisions\/23766"}],"wp:attachment":[{"href":"https:\/\/suresms.com\/en\/wp-json\/wp\/v2\/media?parent=23765"}],"wp:term":[{"taxonomy":"category","embeddable":true,"href":"https:\/\/suresms.com\/en\/wp-json\/wp\/v2\/categories?post=23765"},{"taxonomy":"post_tag","embeddable":true,"href":"https:\/\/suresms.com\/en\/wp-json\/wp\/v2\/tags?post=23765"}],"curies":[{"name":"wp","href":"https:\/\/api.w.org\/{rel}","templated":true}]}}