{"id":23483,"date":"2025-10-08T12:02:13","date_gmt":"2025-10-08T12:02:13","guid":{"rendered":"https:\/\/suresms.com\/?page_id=23483"},"modified":"2025-10-08T12:08:32","modified_gmt":"2025-10-08T12:08:32","slug":"windows-app","status":"publish","type":"page","link":"https:\/\/suresms.com\/en\/docs\/guides\/windows-app\/","title":{"rendered":"Windows application"},"content":{"rendered":"<!-- Flexy Breadcrumb -->\r\n\t\t\t<div class=\"fbc fbc-page\">\r\n\r\n\t\t\t\t<!-- Breadcrumb wrapper -->\r\n\t\t\t\t<div class=\"fbc-wrap\">\r\n\r\n\t\t\t\t\t<!-- Ordered list-->\r\n\t\t\t\t\t<ol class=\"fbc-items\" itemscope itemtype=\"https:\/\/schema.org\/BreadcrumbList\">\r\n\t\t\t\t\t\t            <li itemprop=\"itemListElement\" itemscope itemtype=\"https:\/\/schema.org\/ListItem\">\r\n                <span itemprop=\"name\">\r\n                    <!-- Home Link -->\r\n                    <a itemprop=\"item\" href=\"https:\/\/suresms.com\/en\/\">\r\n                    \r\n                                                    <i class=\"fa fa-home\" aria-hidden=\"true\"><\/i>Home                    <\/a>\r\n                <\/span>\r\n                <meta itemprop=\"position\" content=\"1\" \/><!-- Meta Position-->\r\n             <\/li><li><span class=\"fbc-separator\">\/<\/span><\/li><li class=\"active\" itemprop=\"itemListElement\" itemscope itemtype=\"https:\/\/schema.org\/ListItem\"><span itemprop=\"name\" title=\"Windows application\">Windows application<\/span><meta itemprop=\"position\" content=\"2\" \/><\/li>\t\t\t\t\t<\/ol>\r\n\t\t\t\t\t<div class=\"clearfix\"><\/div>\r\n\t\t\t\t<\/div>\r\n\t\t\t<\/div>\r\n\t\t\t\n<h1>\n\t\t\tGet SureSMS as a Windows app\t<\/h1>\n\t<p>Did you know that you can use SureSMS as an app directly from your computer - without installing anything?<\/p>\n<p>With a few clicks, you can turn your browser (e.g. Google Chrome, Edge or Brave) into your \"app launcher\" so that SureSMS opens as a standalone application with an icon in the taskbar - just like a regular program.<\/p>\n<p>This makes it easier and faster to access SureSMS and you don't have to keep the tab open in the browser.<\/p>\n<p>The benefits are<\/p>\n<ul>\n<li data-start=\"1463\" data-end=\"1513\">\nStarts quickly - without opening the entire browser.\n<\/li>\n<li data-start=\"1514\" data-end=\"1573\">\nWorks like a regular program with icon and shortcut.\n<\/li>\n<li data-start=\"1574\" data-end=\"1622\">\nLess disruption - only SureSMS in the window.\n<\/li>\n<li data-start=\"1623\" data-end=\"1688\">\nAutomatic login if you are already logged in to the browser.\n<\/li>\n<\/ul>\n<h2>\n\t\t\tChrome - how to do it\t<\/h2>\n\t<ul>\n<li data-start=\"726\" data-end=\"784\">\nGo to <a href=\"https:\/\/app.suresms.com\" target=\"_blank\" rel=\"noopener\" data-start=\"739\" data-end=\"781\">app.suresms.com<\/a>.\n<\/li>\n<li data-start=\"785\" data-end=\"852\">\nClick on the <strong data-start=\"796\" data-end=\"814\">the three dots<\/strong> In the top right corner of Chrome (menu).\n<\/li>\n<li data-start=\"853\" data-end=\"969\">\nSelect <strong data-start=\"861\" data-end=\"875\">Cast, save and share<\/strong> \u2192 <strong data-start=\"878\" data-end=\"905\">Install the SureSMS app<\/strong> <em data-start=\"906\" data-end=\"966\">(or \"Install SureSMS\" depending on your Chrome version)<\/em>.\n<\/li>\n<li data-start=\"970\" data-end=\"994\">\nPressure <strong data-start=\"978\" data-end=\"991\">Install<\/strong>.\n<\/li>\n<li data-start=\"995\" data-end=\"1112\">\nNow SureSMS opens as a standalone app - you can pin it to the taskbar, Start menu or desktop.\n<\/li>\n<\/ul>\n<h2>\n\t\t\tEdge - how to do it\t<\/h2>\n\t<ul>\n<li data-start=\"1155\" data-end=\"1207\">\nOpen up <a href=\"https:\/\/app.suresms.com\" target=\"_new\" rel=\"noopener\" data-start=\"1162\" data-end=\"1204\">app.suresms.com<\/a>.\n<\/li>\n<li data-start=\"1208\" data-end=\"1257\">\nClick on the <strong data-start=\"1219\" data-end=\"1237\">the three dots<\/strong> Top right corner.\n<\/li>\n<li data-start=\"1258\" data-end=\"1318\">\nSelect <strong data-start=\"1266\" data-end=\"1274\">Apps<\/strong> \u2192 <strong data-start=\"1277\" data-end=\"1315\">Install this website as an app<\/strong>.\n<\/li>\n<li data-start=\"1319\" data-end=\"1408\">\nPressure <strong data-start=\"1327\" data-end=\"1340\">Install<\/strong> and choose whether you want to add shortcuts (taskbar, Start menu, etc.).\n<\/li>\n<\/ul>","protected":false},"excerpt":{"rendered":"<p>Get SureSMS as a Windows app Did you know that you can use SureSMS as an app directly from your computer - without installing anything? With a few clicks, you can turn your browser (e.g. Google Chrome, Edge or Brave) into your \"app launcher\" so that SureSMS opens as a standalone program with an icon in the taskbar - just like... <a title=\"Windows application\" class=\"read-more\" href=\"https:\/\/suresms.com\/en\/docs\/guides\/windows-app\/\" aria-label=\"Read more about Windows application\">Read more<\/a><\/p>","protected":false},"author":1,"featured_media":0,"parent":23423,"menu_order":0,"comment_status":"closed","ping_status":"closed","template":"","meta":{"_fl_builder_enabled":"1","_fl_builder_data":null,"_fl_builder_draft":null,"_fl_builder_data_settings":null,"_fl_builder_css":"","_fl_builder_css_version":"","_fl_builder_js":"","footnotes":""},"categories":[],"tags":[],"class_list":["post-23483","page","type-page","status-publish"],"yoast_head":"<!-- This site is optimized with the Yoast SEO Premium plugin v27.3 (Yoast SEO v27.3) - https:\/\/yoast.com\/product\/yoast-seo-premium-wordpress\/ -->\r\n<title>Windows applikation -<\/title>\r\n<meta name=\"robots\" content=\"index, follow, max-snippet:-1, max-image-preview:large, max-video-preview:-1\" \/>\r\n<link rel=\"canonical\" href=\"https:\/\/suresms.com\/en\/docs\/guides\/windows-app\/\" \/>\r\n<meta property=\"og:locale\" content=\"en_US\" \/>\r\n<meta property=\"og:type\" content=\"article\" \/>\r\n<meta property=\"og:title\" content=\"Windows applikation\" \/>\r\n<meta property=\"og:description\" content=\"F\u00e5 SureSMS som Windows app Vidste du, at du kan bruge SureSMS som en app direkte fra din computer &#8211; uden at installere noget? Med f\u00e5 klik kan du g\u00f8re din browser (f.eks. Google Chrome, Edge eller Brave) til din &#8220;app-launcher&#8221;, s\u00e5 SureSMS \u00e5bnes som et selvst\u00e6ndigt program med ikon p\u00e5 proceslinjen &#8211; pr\u00e6cis som ... Read more\" \/>\r\n<meta property=\"og:url\" content=\"https:\/\/suresms.com\/en\/docs\/guides\/windows-app\/\" \/>\r\n<meta property=\"article:publisher\" content=\"https:\/\/www.facebook.com\/p\/SureSMS-100044607956149\/\" \/>\r\n<meta property=\"article:modified_time\" content=\"2025-10-08T12:08:32+00:00\" \/>\r\n<meta name=\"twitter:card\" content=\"summary_large_image\" \/>\r\n<meta name=\"twitter:label1\" content=\"Est. reading time\" \/>\n\t<meta name=\"twitter:data1\" content=\"5 minutes\" \/>\r\n<script type=\"application\/ld+json\" class=\"yoast-schema-graph\">{\"@context\":\"https:\\\/\\\/schema.org\",\"@graph\":[{\"@type\":\"WebPage\",\"@id\":\"https:\\\/\\\/suresms.com\\\/docs\\\/guides\\\/windows-app\\\/\",\"url\":\"https:\\\/\\\/suresms.com\\\/docs\\\/guides\\\/windows-app\\\/\",\"name\":\"Windows applikation -\",\"isPartOf\":{\"@id\":\"https:\\\/\\\/suresms.com\\\/en\\\/#website\"},\"datePublished\":\"2025-10-08T12:02:13+00:00\",\"dateModified\":\"2025-10-08T12:08:32+00:00\",\"breadcrumb\":{\"@id\":\"https:\\\/\\\/suresms.com\\\/docs\\\/guides\\\/windows-app\\\/#breadcrumb\"},\"inLanguage\":\"en-US\",\"potentialAction\":[{\"@type\":\"ReadAction\",\"target\":[\"https:\\\/\\\/suresms.com\\\/docs\\\/guides\\\/windows-app\\\/\"]}]},{\"@type\":\"BreadcrumbList\",\"@id\":\"https:\\\/\\\/suresms.com\\\/docs\\\/guides\\\/windows-app\\\/#breadcrumb\",\"itemListElement\":[{\"@type\":\"ListItem\",\"position\":1,\"name\":\"Home\",\"item\":\"https:\\\/\\\/suresms.com\\\/dk\\\/\"},{\"@type\":\"ListItem\",\"position\":2,\"name\":\"Dokumentation\",\"item\":\"https:\\\/\\\/suresms.com\\\/dk\\\/docs\\\/\"},{\"@type\":\"ListItem\",\"position\":3,\"name\":\"Vejledninger\",\"item\":\"https:\\\/\\\/suresms.com\\\/dk\\\/docs\\\/guides\\\/\"},{\"@type\":\"ListItem\",\"position\":4,\"name\":\"Windows applikation\"}]},{\"@type\":\"WebSite\",\"@id\":\"https:\\\/\\\/suresms.com\\\/en\\\/#website\",\"url\":\"https:\\\/\\\/suresms.com\\\/en\\\/\",\"name\":\"SureSMS\",\"description\":\"Professionel SMS Gateway\",\"publisher\":{\"@id\":\"https:\\\/\\\/suresms.com\\\/en\\\/#organization\"},\"potentialAction\":[{\"@type\":\"SearchAction\",\"target\":{\"@type\":\"EntryPoint\",\"urlTemplate\":\"https:\\\/\\\/suresms.com\\\/en\\\/?s={search_term_string}\"},\"query-input\":{\"@type\":\"PropertyValueSpecification\",\"valueRequired\":true,\"valueName\":\"search_term_string\"}}],\"inLanguage\":\"en-US\"},{\"@type\":\"Organization\",\"@id\":\"https:\\\/\\\/suresms.com\\\/en\\\/#organization\",\"name\":\"SureSMS\",\"url\":\"https:\\\/\\\/suresms.com\\\/en\\\/\",\"logo\":{\"@type\":\"ImageObject\",\"inLanguage\":\"en-US\",\"@id\":\"https:\\\/\\\/suresms.com\\\/en\\\/#\\\/schema\\\/logo\\\/image\\\/\",\"url\":\"https:\\\/\\\/suresms.com\\\/wp-content\\\/uploads\\\/2024\\\/11\\\/suresms-300x65-1.png\",\"contentUrl\":\"https:\\\/\\\/suresms.com\\\/wp-content\\\/uploads\\\/2024\\\/11\\\/suresms-300x65-1.png\",\"width\":300,\"height\":65,\"caption\":\"SureSMS\"},\"image\":{\"@id\":\"https:\\\/\\\/suresms.com\\\/en\\\/#\\\/schema\\\/logo\\\/image\\\/\"},\"sameAs\":[\"https:\\\/\\\/www.facebook.com\\\/p\\\/SureSMS-100044607956149\\\/\"]}]}<\/script>\r\n<!-- \/ Yoast SEO Premium plugin. -->","yoast_head_json":{"title":"Windows application -","robots":{"index":"index","follow":"follow","max-snippet":"max-snippet:-1","max-image-preview":"max-image-preview:large","max-video-preview":"max-video-preview:-1"},"canonical":"https:\/\/suresms.com\/en\/docs\/guides\/windows-app\/","og_locale":"en_US","og_type":"article","og_title":"Windows applikation","og_description":"F\u00e5 SureSMS som Windows app Vidste du, at du kan bruge SureSMS som en app direkte fra din computer &#8211; uden at installere noget? Med f\u00e5 klik kan du g\u00f8re din browser (f.eks. Google Chrome, Edge eller Brave) til din &#8220;app-launcher&#8221;, s\u00e5 SureSMS \u00e5bnes som et selvst\u00e6ndigt program med ikon p\u00e5 proceslinjen &#8211; pr\u00e6cis som ... Read more","og_url":"https:\/\/suresms.com\/en\/docs\/guides\/windows-app\/","article_publisher":"https:\/\/www.facebook.com\/p\/SureSMS-100044607956149\/","article_modified_time":"2025-10-08T12:08:32+00:00","twitter_card":"summary_large_image","twitter_misc":{"Est. reading time":"5 minutes"},"schema":{"@context":"https:\/\/schema.org","@graph":[{"@type":"WebPage","@id":"https:\/\/suresms.com\/docs\/guides\/windows-app\/","url":"https:\/\/suresms.com\/docs\/guides\/windows-app\/","name":"Windows application -","isPartOf":{"@id":"https:\/\/suresms.com\/en\/#website"},"datePublished":"2025-10-08T12:02:13+00:00","dateModified":"2025-10-08T12:08:32+00:00","breadcrumb":{"@id":"https:\/\/suresms.com\/docs\/guides\/windows-app\/#breadcrumb"},"inLanguage":"en-US","potentialAction":[{"@type":"ReadAction","target":["https:\/\/suresms.com\/docs\/guides\/windows-app\/"]}]},{"@type":"BreadcrumbList","@id":"https:\/\/suresms.com\/docs\/guides\/windows-app\/#breadcrumb","itemListElement":[{"@type":"ListItem","position":1,"name":"Home","item":"https:\/\/suresms.com\/dk\/"},{"@type":"ListItem","position":2,"name":"Dokumentation","item":"https:\/\/suresms.com\/dk\/docs\/"},{"@type":"ListItem","position":3,"name":"Vejledninger","item":"https:\/\/suresms.com\/dk\/docs\/guides\/"},{"@type":"ListItem","position":4,"name":"Windows applikation"}]},{"@type":"WebSite","@id":"https:\/\/suresms.com\/en\/#website","url":"https:\/\/suresms.com\/en\/","name":"SureSMS","description":"Professional SMS Gateway","publisher":{"@id":"https:\/\/suresms.com\/en\/#organization"},"potentialAction":[{"@type":"SearchAction","target":{"@type":"EntryPoint","urlTemplate":"https:\/\/suresms.com\/en\/?s={search_term_string}"},"query-input":{"@type":"PropertyValueSpecification","valueRequired":true,"valueName":"search_term_string"}}],"inLanguage":"en-US"},{"@type":"Organization","@id":"https:\/\/suresms.com\/en\/#organization","name":"SureSMS","url":"https:\/\/suresms.com\/en\/","logo":{"@type":"ImageObject","inLanguage":"en-US","@id":"https:\/\/suresms.com\/en\/#\/schema\/logo\/image\/","url":"https:\/\/suresms.com\/wp-content\/uploads\/2024\/11\/suresms-300x65-1.png","contentUrl":"https:\/\/suresms.com\/wp-content\/uploads\/2024\/11\/suresms-300x65-1.png","width":300,"height":65,"caption":"SureSMS"},"image":{"@id":"https:\/\/suresms.com\/en\/#\/schema\/logo\/image\/"},"sameAs":["https:\/\/www.facebook.com\/p\/SureSMS-100044607956149\/"]}]}},"_links":{"self":[{"href":"https:\/\/suresms.com\/en\/wp-json\/wp\/v2\/pages\/23483","targetHints":{"allow":["GET"]}}],"collection":[{"href":"https:\/\/suresms.com\/en\/wp-json\/wp\/v2\/pages"}],"about":[{"href":"https:\/\/suresms.com\/en\/wp-json\/wp\/v2\/types\/page"}],"author":[{"embeddable":true,"href":"https:\/\/suresms.com\/en\/wp-json\/wp\/v2\/users\/1"}],"replies":[{"embeddable":true,"href":"https:\/\/suresms.com\/en\/wp-json\/wp\/v2\/comments?post=23483"}],"version-history":[{"count":3,"href":"https:\/\/suresms.com\/en\/wp-json\/wp\/v2\/pages\/23483\/revisions"}],"predecessor-version":[{"id":23488,"href":"https:\/\/suresms.com\/en\/wp-json\/wp\/v2\/pages\/23483\/revisions\/23488"}],"up":[{"embeddable":true,"href":"https:\/\/suresms.com\/en\/wp-json\/wp\/v2\/pages\/23423"}],"wp:attachment":[{"href":"https:\/\/suresms.com\/en\/wp-json\/wp\/v2\/media?parent=23483"}],"wp:term":[{"taxonomy":"category","embeddable":true,"href":"https:\/\/suresms.com\/en\/wp-json\/wp\/v2\/categories?post=23483"},{"taxonomy":"post_tag","embeddable":true,"href":"https:\/\/suresms.com\/en\/wp-json\/wp\/v2\/tags?post=23483"}],"curies":[{"name":"wp","href":"https:\/\/api.w.org\/{rel}","templated":true}]}}