{"id":2025,"date":"2016-02-28T19:42:27","date_gmt":"2016-02-28T17:42:27","guid":{"rendered":"https:\/\/www.suresms.com\/dk\/?page_id=2025"},"modified":"2025-01-03T14:18:37","modified_gmt":"2025-01-03T14:18:37","slug":"order-2-way-unloading","status":"publish","type":"page","link":"https:\/\/suresms.com\/en\/bestil\/bestil-2-vejs-losning\/","title":{"rendered":"Order 2-way solution"},"content":{"rendered":"\n\n\t<h1>Bestil en 2-vejs l\u00f8sning<\/h1>\n<p>&nbsp;<\/p>\n<h4>Er du klar til\u00a0bestille en 2-vejs l\u00f8sning?<\/h4>\n<p>&nbsp;<\/p>\n<h4>Udfyld oplysningerne i oprettelsesformularen her p\u00e5 siden, og vi laver en 2-vejs l\u00f8sning til dig.<\/h4>\n<p>&nbsp;<\/p>\n<ul>\n<li>\n<ul>\n<li><b>Firmanavn:\u00a0<\/b>SureSMS henvender sig kun til firmaer og foreninger.<\/li>\n<\/ul>\n<\/li>\n<\/ul>\n<p>&nbsp;<\/p>\n<ul>\n<li>\n<ul>\n<li><strong>Vigtigt!<\/strong> Det er vigtigt at udfylde den rette mailadresse, da kontooplysningerne sendes direkte til denne.<\/li>\n<\/ul>\n<\/li>\n<\/ul>\n<p>&nbsp;<\/p>\n<ul>\n<li>\n<ul>\n<li><strong>Telefon <\/strong>skal v\u00e6re dit mobilnummer. Vi sender koden p\u00e5 SMS til dette nummer.<\/li>\n<\/ul>\n<\/li>\n<\/ul>\n<p>&nbsp;<\/p>\n<ul>\n<li>\n<ul>\n<li><strong>CVR-\/ EAN-nummer<\/strong> er obligatorisk og n\u00f8dvendigt for at modtage en faktura. Er man en forening uden et s\u00e5dant nummer, skriv venligst jeres telefonnummer istedet.<\/li>\n<\/ul>\n<\/li>\n<\/ul>\n<p>&nbsp;<\/p>\n<ul>\n<li>\n<ul>\n<li><b>Ang\u00e5ende betaling:\u00a0<\/b>En 2-vejs l\u00f8sning er altid bagudfaktureret, selvf\u00f8lgelig uden gebyrer.<\/li>\n<\/ul>\n<\/li>\n<\/ul>\n<p>&nbsp;<\/p>\n<ul>\n<li>\n<ul>\n<li><b>SIM-kort:\u00a0<\/b>Du kan v\u00e6lge at lade os skaffe SIM-kort. Dette er den hurtigste l\u00f8sning. \u00d8nsker I selv at v\u00e6lge nummeret, eller \u00f8nsker I et udenlandsk SIM-kort, kan I selv anskaffe det og sende det til os. \u00d8nsker du et VLN-nummer, s\u00e6tter du bare dit flueben i feltet her.<\/li>\n<\/ul>\n<\/li>\n<\/ul>\n<p>&nbsp;<\/p>\n<p><strong>OBS! Det kan tage op til 24 timer fra du bestiller din 2-vejs l\u00f8sning til du modtager vores oprettelsesmail med brugernavn og kodeord. Ved Hosted SIM kan det tage 24 timer fra vi modtager SIM-kortet p\u00e5 vores adresse.<\/strong><\/p>\nVil du l\u00e6se mere om 2-vejs l\u00f8sninger, inden du v\u00e6lger?<br \/>\n<strong><a title=\"2 vejs sms, modtag SMS p\u00e5 din computer\" href=\"https:\/\/suresms.com\/dk\/funktioner\/modtag-sms-pa-din-computer\/\">L\u00e6s mere om vores forskellige 2-vejs l\u00f8sninger HER!<\/a><\/strong>\n   <h2>Bestil en tovejs l\u00f8sning. <\/h2>\n    <p>Udfyld nedenst\u00e5ende informationer:<\/p>\n\n<div class=\"wpcf7 no-js\" id=\"wpcf7-f1341-o1\" lang=\"en-US\" dir=\"ltr\" data-wpcf7-id=\"1341\">\n<div class=\"screen-reader-response\"><p role=\"status\" aria-live=\"polite\" aria-atomic=\"true\"><\/p> <ul><\/ul><\/div>\n<form action=\"\/en\/wp-json\/wp\/v2\/pages\/2025#wpcf7-f1341-o1\" method=\"post\" class=\"wpcf7-form init\" aria-label=\"Contact form\" novalidate=\"novalidate\" data-status=\"init\">\n<fieldset class=\"hidden-fields-container\"><input type=\"hidden\" name=\"_wpcf7\" value=\"1341\" \/><input type=\"hidden\" name=\"_wpcf7_version\" value=\"6.1.5\" \/><input type=\"hidden\" name=\"_wpcf7_locale\" value=\"en_US\" \/><input type=\"hidden\" name=\"_wpcf7_unit_tag\" value=\"wpcf7-f1341-o1\" \/><input type=\"hidden\" name=\"_wpcf7_container_post\" value=\"0\" \/><input type=\"hidden\" name=\"_wpcf7_posted_data_hash\" value=\"\" \/>\n<\/fieldset>\n<p><span class=\"wpcf7-form-control-wrap\" data-name=\"your-name\"><input size=\"40\" maxlength=\"400\" class=\"wpcf7-form-control wpcf7-text wpcf7-validates-as-required\" aria-required=\"true\" aria-invalid=\"false\" placeholder=\"Firmanavn*\" value=\"\" type=\"text\" name=\"your-name\" \/><\/span><br \/>\n<span class=\"wpcf7-form-control-wrap\" data-name=\"dit-navn\"><input size=\"40\" maxlength=\"400\" class=\"wpcf7-form-control wpcf7-text wpcf7-validates-as-required\" aria-required=\"true\" aria-invalid=\"false\" placeholder=\"Dit navn*\" value=\"\" type=\"text\" name=\"dit-navn\" \/><\/span><br \/>\n<span class=\"wpcf7-form-control-wrap\" data-name=\"email\"><input size=\"40\" maxlength=\"400\" class=\"wpcf7-form-control wpcf7-email wpcf7-validates-as-required wpcf7-text wpcf7-validates-as-email\" aria-required=\"true\" aria-invalid=\"false\" placeholder=\"E-mail*\" value=\"\" type=\"email\" name=\"email\" \/><\/span>\n<\/p>\n<div style=\"display:flex;\">\n\t<p><span class=\"wpcf7-form-control-wrap\" data-name=\"CountryCode\"><select class=\"wpcf7-form-control wpcf7-select wpcf7-validates-as-required\" aria-required=\"true\" aria-invalid=\"false\" name=\"CountryCode\"><option value=\"DK (+45)\">DK (+45)<\/option><option value=\"SE (+46)\">SE (+46)<\/option><option value=\"NO (+47)\">NO (+47)<\/option><option value=\"DE (+49)\">DE (+49)<\/option><option value=\"KN (+299)\">KN (+299)<\/option><\/select><\/span> &nbsp;&nbsp; <span class=\"wpcf7-form-control-wrap\" data-name=\"Phonenumber\"><input size=\"14\" maxlength=\"400\" class=\"wpcf7-form-control wpcf7-tel wpcf7-validates-as-required wpcf7-text wpcf7-validates-as-tel\" aria-required=\"true\" aria-invalid=\"false\" placeholder=\"Mobil nummer*\" value=\"\" type=\"tel\" name=\"Phonenumber\" \/><\/span>\n\t<\/p>\n<\/div>\n<p> Anvendelse:&nbsp;&nbsp;&nbsp;&nbsp;&nbsp;&nbsp;&nbsp;&nbsp;&nbsp;&nbsp; <span class=\"wpcf7-form-control-wrap\" data-name=\"Anvendelse\"><select class=\"wpcf7-form-control wpcf7-select wpcf7-validates-as-required\" id=\"Anvendelse\" aria-required=\"true\" aria-invalid=\"false\" name=\"Anvendelse\"><option value=\"\">&#8212;Please choose an option&#8212;<\/option><option value=\"Privat\">Privat<\/option><option value=\"Forening\">Forening<\/option><option value=\"Virksomhed\">Virksomhed<\/option><option value=\"Myndighed\">Myndighed<\/option><option value=\"Andet\">Andet<\/option><\/select><\/span>\n<\/p>\n<p><span class=\"wpcf7-form-control-wrap\" data-name=\"CVRorEAN\"><input size=\"40\" maxlength=\"20\" class=\"wpcf7-form-control wpcf7-text wpcf7-validates-as-required\" aria-required=\"true\" aria-invalid=\"false\" placeholder=\"CVR \/ EAN nummer*\" value=\"\" type=\"text\" name=\"CVRorEAN\" \/><\/span><br \/>\n<span class=\"wpcf7-form-control-wrap\" data-name=\"fakturamail\"><input size=\"40\" maxlength=\"400\" class=\"wpcf7-form-control wpcf7-email wpcf7-validates-as-required wpcf7-text wpcf7-validates-as-email\" aria-required=\"true\" aria-invalid=\"false\" placeholder=\"Fakturamail*\" value=\"\" type=\"email\" name=\"fakturamail\" \/><\/span><br \/>\n<span class=\"wpcf7-form-control-wrap\" data-name=\"HaveSimCard\"><span class=\"wpcf7-form-control wpcf7-radio\"><span class=\"wpcf7-list-item first\"><label><input type=\"radio\" name=\"HaveSimCard\" value=\"Eget SIM kort\" \/><span class=\"wpcf7-list-item-label\">Eget SIM kort<\/span><\/label><\/span><span class=\"wpcf7-list-item last\"><label><input type=\"radio\" name=\"HaveSimCard\" value=\"Bestil VLN-nummer\" \/><span class=\"wpcf7-list-item-label\">Bestil VLN-nummer<\/span><\/label><\/span><\/span><\/span>\n<\/p>\n<p>[cf7sr-recaptcha size=\"compact\"]\n<\/p>\n<p><div class=\"cf7-cf-turnstile\" style=\"margin-top: 0px; margin-bottom: -15px;\"> <div id=\"cf-turnstile-cf7-4010158592\" class=\"cf-turnstile\" data-sitekey=\"0x4AAAAAAB8YGArd9ML-HbMW\" data-theme=\"light\" data-language=\"auto\" data-size=\"normal\" data-retry=\"auto\" data-retry-interval=\"1000\" data-refresh-expired=\"auto\" data-action=\"contact-form-7\" data-appearance=\"always\"><\/div> <script>document.addEventListener(\"DOMContentLoaded\", function() { setTimeout(function(){ var e=document.getElementById(\"cf-turnstile-cf7-4010158592\"); e&&!e.innerHTML.trim()&&(turnstile.remove(\"#cf-turnstile-cf7-4010158592\"), turnstile.render(\"#cf-turnstile-cf7-4010158592\", {sitekey:\"0x4AAAAAAB8YGArd9ML-HbMW\"})); }, 100); });<\/script> <br class=\"cf-turnstile-br cf-turnstile-br-cf7-4010158592\"> <style>#cf-turnstile-cf7-4010158592 { margin-left: -15px; }<\/style> <script>document.addEventListener(\"DOMContentLoaded\",function(){document.querySelectorAll('.wpcf7-form').forEach(function(e){e.addEventListener('submit',function(){if(document.getElementById('cf-turnstile-cf7-4010158592')){setTimeout(function(){turnstile.reset('#cf-turnstile-cf7-4010158592');},1000)}})})});<\/script> <\/div><br\/><input class=\"wpcf7-form-control wpcf7-submit has-spinner submit\" type=\"submit\" value=\"Send\" \/><span class=\"send_arrow\"><\/span>\n<\/p>\n<p>[utm_campaign_i]<input type=\"hidden\" name=\"utm_campaign\" value=\"%s\" \/>[\/utm_campaign_i]\n<\/p>\n<p>[utm_source_i]<input type=\"hidden\" name=\"utm_source\" value=\"%s\" \/>[\/utm_source_i]\n<\/p>\n<p>[utm_medium_i]<input type=\"hidden\" name=\"utm_medium\" value=\"%s\" \/>[\/utm_medium_i]\n<\/p>\n<p>[utm_term_i]<input type=\"hidden\" name=\"utm_term\" value=\"%s\" \/>[\/utm_term_i]\n<\/p>\n<p>[utm_content_i]<input type=\"hidden\" name=\"utm_content\" value=\"%s\" \/>[\/utm_content_i]\n<\/p>\n<p>[gclid_i]<input type=\"hidden\" name=\"gclid\" value=\"%s\" \/>[\/gclid_i]\n<\/p><div class=\"wpcf7-response-output\" aria-hidden=\"true\"><\/div>\n<\/form>\n<\/div>\n\n<h4>\n\t\t<a href=\"https:\/\/www.suresms.com\/dk\/kontakt\/\" title=\"Hos SureSMS for du altid gratis support. Ring til os p\u00e5 50 322 322 eller send os en mail!\" target=\"_self\">\n\t\tHos SureSMS for du altid gratis support. Ring til os p\u00e5 50 322 322 eller send os en mail!\n\t\t<\/a>\n\t<\/h4>\n\n","protected":false},"excerpt":{"rendered":"<p>Order a 2-way solution Are you ready to order a 2-way solution?   Fill in the details in the sign-up form on this page and we will create a 2-way solution for you.   Company name: SureSMS is only for companies and organizations.   Important! It is important to fill in the correct email address as the account information will be sent directly to it.   Phone. <a title=\"Order 2-way solution\" class=\"read-more\" href=\"https:\/\/suresms.com\/en\/bestil\/bestil-2-vejs-losning\/\" aria-label=\"Read more about Order 2-way solution\">Read more<\/a><\/p>","protected":false},"author":1,"featured_media":0,"parent":19266,"menu_order":25,"comment_status":"closed","ping_status":"closed","template":"","meta":{"_fl_builder_enabled":"1","_fl_builder_data":null,"_fl_builder_draft":null,"_fl_builder_data_settings":null,"_fl_builder_css":"","_fl_builder_css_version":"","_fl_builder_js":"","footnotes":""},"categories":[],"tags":[],"class_list":["post-2025","page","type-page","status-publish"],"yoast_head":"<!-- This site is optimized with the Yoast SEO Premium plugin v27.3 (Yoast SEO v27.3) - https:\/\/yoast.com\/product\/yoast-seo-premium-wordpress\/ -->\r\n<title>Bestil 2-vejs l\u00f8sning SureSMS I VLR-numre hostet SIM I Opret konto<\/title>\r\n<meta name=\"description\" content=\"Bestil en 2-vejs l\u00f8sning med det samme! Stabil SMS-gateway, fra 49,- pr. m\u00e5ned, 18 \u00f8re pr. SMS, Gratis oprettelse, Bedste SMS-gateway i Danmark.\" \/>\r\n<meta name=\"robots\" content=\"index, follow, max-snippet:-1, max-image-preview:large, max-video-preview:-1\" \/>\r\n<link rel=\"canonical\" href=\"https:\/\/suresms.com\/en\/order\/order-2-way-unloading\/\" \/>\r\n<meta property=\"og:locale\" content=\"en_US\" \/>\r\n<meta property=\"og:type\" content=\"article\" \/>\r\n<meta property=\"og:title\" content=\"Bestil 2-vejs l\u00f8sning\" \/>\r\n<meta property=\"og:description\" content=\"Bestil en 2-vejs l\u00f8sning med det samme! Stabil SMS-gateway, fra 49,- pr. m\u00e5ned, 18 \u00f8re pr. SMS, Gratis oprettelse, Bedste SMS-gateway i Danmark.\" \/>\r\n<meta property=\"og:url\" content=\"https:\/\/suresms.com\/en\/order\/order-2-way-unloading\/\" \/>\r\n<meta property=\"article:publisher\" content=\"https:\/\/www.facebook.com\/p\/SureSMS-100044607956149\/\" \/>\r\n<meta property=\"article:modified_time\" content=\"2025-01-03T14:18:37+00:00\" \/>\r\n<meta name=\"twitter:card\" content=\"summary_large_image\" \/>\r\n<meta name=\"twitter:label1\" content=\"Est. reading time\" \/>\n\t<meta name=\"twitter:data1\" content=\"1 minute\" \/>\r\n<script type=\"application\/ld+json\" class=\"yoast-schema-graph\">{\"@context\":\"https:\\\/\\\/schema.org\",\"@graph\":[{\"@type\":\"WebPage\",\"@id\":\"https:\\\/\\\/suresms.com\\\/bestil\\\/bestil-2-vejs-losning\\\/\",\"url\":\"https:\\\/\\\/suresms.com\\\/bestil\\\/bestil-2-vejs-losning\\\/\",\"name\":\"Bestil 2-vejs l\u00f8sning SureSMS I VLR-numre hostet SIM I Opret konto\",\"isPartOf\":{\"@id\":\"https:\\\/\\\/suresms.com\\\/en\\\/#website\"},\"datePublished\":\"2016-02-28T17:42:27+00:00\",\"dateModified\":\"2025-01-03T14:18:37+00:00\",\"description\":\"Bestil en 2-vejs l\u00f8sning med det samme! Stabil SMS-gateway, fra 49,- pr. m\u00e5ned, 18 \u00f8re pr. SMS, Gratis oprettelse, Bedste SMS-gateway i Danmark.\",\"breadcrumb\":{\"@id\":\"https:\\\/\\\/suresms.com\\\/bestil\\\/bestil-2-vejs-losning\\\/#breadcrumb\"},\"inLanguage\":\"en-US\",\"potentialAction\":[{\"@type\":\"ReadAction\",\"target\":[\"https:\\\/\\\/suresms.com\\\/bestil\\\/bestil-2-vejs-losning\\\/\"]}]},{\"@type\":\"BreadcrumbList\",\"@id\":\"https:\\\/\\\/suresms.com\\\/bestil\\\/bestil-2-vejs-losning\\\/#breadcrumb\",\"itemListElement\":[{\"@type\":\"ListItem\",\"position\":1,\"name\":\"Home\",\"item\":\"https:\\\/\\\/suresms.com\\\/dk\\\/\"},{\"@type\":\"ListItem\",\"position\":2,\"name\":\"Bestil\",\"item\":\"https:\\\/\\\/suresms.com\\\/bestil\\\/\"},{\"@type\":\"ListItem\",\"position\":3,\"name\":\"Bestil 2-vejs l\u00f8sning\"}]},{\"@type\":\"WebSite\",\"@id\":\"https:\\\/\\\/suresms.com\\\/en\\\/#website\",\"url\":\"https:\\\/\\\/suresms.com\\\/en\\\/\",\"name\":\"SureSMS\",\"description\":\"Professionel SMS Gateway\",\"publisher\":{\"@id\":\"https:\\\/\\\/suresms.com\\\/en\\\/#organization\"},\"potentialAction\":[{\"@type\":\"SearchAction\",\"target\":{\"@type\":\"EntryPoint\",\"urlTemplate\":\"https:\\\/\\\/suresms.com\\\/en\\\/?s={search_term_string}\"},\"query-input\":{\"@type\":\"PropertyValueSpecification\",\"valueRequired\":true,\"valueName\":\"search_term_string\"}}],\"inLanguage\":\"en-US\"},{\"@type\":\"Organization\",\"@id\":\"https:\\\/\\\/suresms.com\\\/en\\\/#organization\",\"name\":\"SureSMS\",\"url\":\"https:\\\/\\\/suresms.com\\\/en\\\/\",\"logo\":{\"@type\":\"ImageObject\",\"inLanguage\":\"en-US\",\"@id\":\"https:\\\/\\\/suresms.com\\\/en\\\/#\\\/schema\\\/logo\\\/image\\\/\",\"url\":\"https:\\\/\\\/suresms.com\\\/wp-content\\\/uploads\\\/2024\\\/11\\\/suresms-300x65-1.png\",\"contentUrl\":\"https:\\\/\\\/suresms.com\\\/wp-content\\\/uploads\\\/2024\\\/11\\\/suresms-300x65-1.png\",\"width\":300,\"height\":65,\"caption\":\"SureSMS\"},\"image\":{\"@id\":\"https:\\\/\\\/suresms.com\\\/en\\\/#\\\/schema\\\/logo\\\/image\\\/\"},\"sameAs\":[\"https:\\\/\\\/www.facebook.com\\\/p\\\/SureSMS-100044607956149\\\/\"]}]}<\/script>\r\n<!-- \/ Yoast SEO Premium plugin. -->","yoast_head_json":{"title":"Order 2-way solution SureSMS I VLR numbers hosted SIM I Create account","description":"Order a 2-way solution now! Stable SMS gateway, from 49,- per month, 18 \u00f8re per SMS, Free setup, Best SMS gateway in Denmark.","robots":{"index":"index","follow":"follow","max-snippet":"max-snippet:-1","max-image-preview":"max-image-preview:large","max-video-preview":"max-video-preview:-1"},"canonical":"https:\/\/suresms.com\/en\/order\/order-2-way-unloading\/","og_locale":"en_US","og_type":"article","og_title":"Bestil 2-vejs l\u00f8sning","og_description":"Bestil en 2-vejs l\u00f8sning med det samme! Stabil SMS-gateway, fra 49,- pr. m\u00e5ned, 18 \u00f8re pr. SMS, Gratis oprettelse, Bedste SMS-gateway i Danmark.","og_url":"https:\/\/suresms.com\/en\/order\/order-2-way-unloading\/","article_publisher":"https:\/\/www.facebook.com\/p\/SureSMS-100044607956149\/","article_modified_time":"2025-01-03T14:18:37+00:00","twitter_card":"summary_large_image","twitter_misc":{"Est. reading time":"1 minute"},"schema":{"@context":"https:\/\/schema.org","@graph":[{"@type":"WebPage","@id":"https:\/\/suresms.com\/bestil\/bestil-2-vejs-losning\/","url":"https:\/\/suresms.com\/bestil\/bestil-2-vejs-losning\/","name":"Order 2-way solution SureSMS I VLR numbers hosted SIM I Create account","isPartOf":{"@id":"https:\/\/suresms.com\/en\/#website"},"datePublished":"2016-02-28T17:42:27+00:00","dateModified":"2025-01-03T14:18:37+00:00","description":"Order a 2-way solution now! Stable SMS gateway, from 49,- per month, 18 \u00f8re per SMS, Free setup, Best SMS gateway in Denmark.","breadcrumb":{"@id":"https:\/\/suresms.com\/bestil\/bestil-2-vejs-losning\/#breadcrumb"},"inLanguage":"en-US","potentialAction":[{"@type":"ReadAction","target":["https:\/\/suresms.com\/bestil\/bestil-2-vejs-losning\/"]}]},{"@type":"BreadcrumbList","@id":"https:\/\/suresms.com\/bestil\/bestil-2-vejs-losning\/#breadcrumb","itemListElement":[{"@type":"ListItem","position":1,"name":"Home","item":"https:\/\/suresms.com\/dk\/"},{"@type":"ListItem","position":2,"name":"Bestil","item":"https:\/\/suresms.com\/bestil\/"},{"@type":"ListItem","position":3,"name":"Bestil 2-vejs l\u00f8sning"}]},{"@type":"WebSite","@id":"https:\/\/suresms.com\/en\/#website","url":"https:\/\/suresms.com\/en\/","name":"SureSMS","description":"Professional SMS Gateway","publisher":{"@id":"https:\/\/suresms.com\/en\/#organization"},"potentialAction":[{"@type":"SearchAction","target":{"@type":"EntryPoint","urlTemplate":"https:\/\/suresms.com\/en\/?s={search_term_string}"},"query-input":{"@type":"PropertyValueSpecification","valueRequired":true,"valueName":"search_term_string"}}],"inLanguage":"en-US"},{"@type":"Organization","@id":"https:\/\/suresms.com\/en\/#organization","name":"SureSMS","url":"https:\/\/suresms.com\/en\/","logo":{"@type":"ImageObject","inLanguage":"en-US","@id":"https:\/\/suresms.com\/en\/#\/schema\/logo\/image\/","url":"https:\/\/suresms.com\/wp-content\/uploads\/2024\/11\/suresms-300x65-1.png","contentUrl":"https:\/\/suresms.com\/wp-content\/uploads\/2024\/11\/suresms-300x65-1.png","width":300,"height":65,"caption":"SureSMS"},"image":{"@id":"https:\/\/suresms.com\/en\/#\/schema\/logo\/image\/"},"sameAs":["https:\/\/www.facebook.com\/p\/SureSMS-100044607956149\/"]}]}},"_links":{"self":[{"href":"https:\/\/suresms.com\/en\/wp-json\/wp\/v2\/pages\/2025","targetHints":{"allow":["GET"]}}],"collection":[{"href":"https:\/\/suresms.com\/en\/wp-json\/wp\/v2\/pages"}],"about":[{"href":"https:\/\/suresms.com\/en\/wp-json\/wp\/v2\/types\/page"}],"author":[{"embeddable":true,"href":"https:\/\/suresms.com\/en\/wp-json\/wp\/v2\/users\/1"}],"replies":[{"embeddable":true,"href":"https:\/\/suresms.com\/en\/wp-json\/wp\/v2\/comments?post=2025"}],"version-history":[{"count":2,"href":"https:\/\/suresms.com\/en\/wp-json\/wp\/v2\/pages\/2025\/revisions"}],"predecessor-version":[{"id":19578,"href":"https:\/\/suresms.com\/en\/wp-json\/wp\/v2\/pages\/2025\/revisions\/19578"}],"up":[{"embeddable":true,"href":"https:\/\/suresms.com\/en\/wp-json\/wp\/v2\/pages\/19266"}],"wp:attachment":[{"href":"https:\/\/suresms.com\/en\/wp-json\/wp\/v2\/media?parent=2025"}],"wp:term":[{"taxonomy":"category","embeddable":true,"href":"https:\/\/suresms.com\/en\/wp-json\/wp\/v2\/categories?post=2025"},{"taxonomy":"post_tag","embeddable":true,"href":"https:\/\/suresms.com\/en\/wp-json\/wp\/v2\/tags?post=2025"}],"curies":[{"name":"wp","href":"https:\/\/api.w.org\/{rel}","templated":true}]}}