{"id":19303,"date":"2024-11-28T16:00:39","date_gmt":"2024-11-28T16:00:39","guid":{"rendered":"https:\/\/suresms.com\/?page_id=19303"},"modified":"2024-11-28T16:00:39","modified_gmt":"2024-11-28T16:00:39","slug":"sub-processors-2","status":"publish","type":"page","link":"https:\/\/suresms.com\/en\/ressourcer\/gdpr\/databehandleraftale\/","title":{"rendered":"Data processing agreement"},"content":{"rendered":"<!-- Flexy Breadcrumb -->\r\n\t\t\t<div class=\"fbc fbc-page\">\r\n\r\n\t\t\t\t<!-- Breadcrumb wrapper -->\r\n\t\t\t\t<div class=\"fbc-wrap\">\r\n\r\n\t\t\t\t\t<!-- Ordered list-->\r\n\t\t\t\t\t<ol class=\"fbc-items\" itemscope itemtype=\"https:\/\/schema.org\/BreadcrumbList\">\r\n\t\t\t\t\t\t            <li itemprop=\"itemListElement\" itemscope itemtype=\"https:\/\/schema.org\/ListItem\">\r\n                <span itemprop=\"name\">\r\n                    <!-- Home Link -->\r\n                    <a itemprop=\"item\" href=\"https:\/\/suresms.com\/en\/\">\r\n                    \r\n                                                    <i class=\"fa fa-home\" aria-hidden=\"true\"><\/i>Home                    <\/a>\r\n                <\/span>\r\n                <meta itemprop=\"position\" content=\"1\" \/><!-- Meta Position-->\r\n             <\/li><li><span class=\"fbc-separator\">\/<\/span><\/li><li class=\"active\" itemprop=\"itemListElement\" itemscope itemtype=\"https:\/\/schema.org\/ListItem\"><span itemprop=\"name\" title=\"Data processing agreement\">Data processing agreement<\/span><meta itemprop=\"position\" content=\"2\" \/><\/li>\t\t\t\t\t<\/ol>\r\n\t\t\t\t\t<div class=\"clearfix\"><\/div>\r\n\t\t\t\t<\/div>\r\n\t\t\t<\/div>\r\n\t\t\t\n\t<h1>Data Processing Agreement for SureSMS<\/h1>\n<p>We offer our Data Processing Agreement, which is developed in accordance with the General Data Protection Regulation (GDPR). This agreement ensures correct and secure handling of personal data that SureSMS processes on behalf of our customers. It is important that you as a customer fill in your own information to make the agreement valid.<\/p>\n\t<h2>What needs to be filled in?<\/h2>\n<p>The Data Processing Agreement contains fields that must be completed by you as a customer in order for it to be properly customized for your business:<\/p>\n<ul>\n<li><strong>Customer name and address<\/strong>: Fill in your company name, address and CVR number.<\/li>\n<li><strong>Contact details<\/strong>: Enter your relevant contact details such as name, email and phone number.<\/li>\n<li><strong>Purpose of data processing<\/strong>Customize the purpose of the SMS your company sends. This could be, for example, \"to inform about reservations, deliveries or offers\".<\/li>\n<li><strong>Categories of data<\/strong>: Specify the types of personal data being processed, such as name, address or phone number, as well as the categories of people involved (e.g. customers, employees).<\/li>\n<\/ul>\n<p>All fields where your specific information needs to be included are marked so you can easily identify and fill them in.<\/p>\n\t<h2>Download the data processing agreement<\/h2>\n<p>You can download our standard data processing agreement and fill it in with your details. Click the button below to download it in Word format.<\/p>\n<p><a href=\"https:\/\/suresms.com\/wp-content\/uploads\/2024\/11\/Databehandleraftale-for-SureSMS.docx\">Download data processing agreement for SureSMS<\/a><\/p>\n\t<h2>Need a tailor-made solution?<\/h2>\n<p>If our standard agreement doesn't fit your needs, we are ready to help you with a customized data processing agreement. A customized agreement ensures that all your specific conditions and requirements are covered to provide you with the best security and compliance with current legislation.<\/p>\n<p>We offer this customization on an hourly basis at a price of 1,295 DKK per hour.<\/p>\n<p><a href=\"mailto:support@suresms.com\"><strong>Contact us<\/strong><\/a> to learn more and get a solution that's perfect for your business.<\/p>","protected":false},"excerpt":{"rendered":"<p>SureSMS Data Processing Agreement We offer our Data Processing Agreement developed in accordance with the General Data Protection Regulation (GDPR). This agreement ensures correct and secure handling of personal data that SureSMS processes on behalf of our customers. It is important that you as a customer fill in your own information to make the agreement valid. What needs to be filled in? The Data Processing Agreement contains fields that... <a title=\"Data processing agreement\" class=\"read-more\" href=\"https:\/\/suresms.com\/en\/ressourcer\/gdpr\/databehandleraftale\/\" aria-label=\"Read more about Data Processing Agreement\">Read more<\/a><\/p>","protected":false},"author":1,"featured_media":0,"parent":5221,"menu_order":0,"comment_status":"closed","ping_status":"closed","template":"","meta":{"_fl_builder_enabled":"1","_fl_builder_data":null,"_fl_builder_draft":null,"_fl_builder_data_settings":null,"_fl_builder_css":"","_fl_builder_css_version":"","_fl_builder_js":"","footnotes":""},"categories":[],"tags":[],"class_list":["post-19303","page","type-page","status-publish"],"yoast_head":"<!-- This site is optimized with the Yoast SEO Premium plugin v27.3 (Yoast SEO v27.3) - https:\/\/yoast.com\/product\/yoast-seo-premium-wordpress\/ -->\r\n<title>Databehandleraftale -<\/title>\r\n<meta name=\"robots\" content=\"index, follow, max-snippet:-1, max-image-preview:large, max-video-preview:-1\" \/>\r\n<link rel=\"canonical\" href=\"https:\/\/suresms.com\/en\/resources\/gdpr\/sub-processors-2\/\" \/>\r\n<meta property=\"og:locale\" content=\"en_US\" \/>\r\n<meta property=\"og:type\" content=\"article\" \/>\r\n<meta property=\"og:title\" content=\"Databehandleraftale\" \/>\r\n<meta property=\"og:description\" content=\"Databehandleraftale for SureSMS Vi tilbyder vores databehandleraftale, som er udviklet i overensstemmelse med databeskyttelsesforordningen (GDPR). Denne aftale sikrer en korrekt og sikker h\u00e5ndtering af personoplysninger, som SureSMS behandler p\u00e5 vegne af vores kunder. Det er vigtigt, at du som kunde udfylder dine egne oplysninger for at g\u00f8re aftalen gyldig. Hvad skal udfyldes? Databehandleraftalen indeholder felter, ... Read more\" \/>\r\n<meta property=\"og:url\" content=\"https:\/\/suresms.com\/en\/resources\/gdpr\/sub-processors-2\/\" \/>\r\n<meta property=\"article:publisher\" content=\"https:\/\/www.facebook.com\/p\/SureSMS-100044607956149\/\" \/>\r\n<meta name=\"twitter:card\" content=\"summary_large_image\" \/>\r\n<meta name=\"twitter:label1\" content=\"Est. reading time\" \/>\n\t<meta name=\"twitter:data1\" content=\"2 minutes\" \/>\r\n<script type=\"application\/ld+json\" class=\"yoast-schema-graph\">{\"@context\":\"https:\\\/\\\/schema.org\",\"@graph\":[{\"@type\":\"WebPage\",\"@id\":\"https:\\\/\\\/suresms.com\\\/dk\\\/ressourcer\\\/gdpr\\\/databehandleraftale\\\/\",\"url\":\"https:\\\/\\\/suresms.com\\\/dk\\\/ressourcer\\\/gdpr\\\/databehandleraftale\\\/\",\"name\":\"Databehandleraftale -\",\"isPartOf\":{\"@id\":\"https:\\\/\\\/suresms.com\\\/en\\\/#website\"},\"datePublished\":\"2024-11-28T16:00:39+00:00\",\"breadcrumb\":{\"@id\":\"https:\\\/\\\/suresms.com\\\/dk\\\/ressourcer\\\/gdpr\\\/databehandleraftale\\\/#breadcrumb\"},\"inLanguage\":\"en-US\",\"potentialAction\":[{\"@type\":\"ReadAction\",\"target\":[\"https:\\\/\\\/suresms.com\\\/dk\\\/ressourcer\\\/gdpr\\\/databehandleraftale\\\/\"]}]},{\"@type\":\"BreadcrumbList\",\"@id\":\"https:\\\/\\\/suresms.com\\\/dk\\\/ressourcer\\\/gdpr\\\/databehandleraftale\\\/#breadcrumb\",\"itemListElement\":[{\"@type\":\"ListItem\",\"position\":1,\"name\":\"Home\",\"item\":\"https:\\\/\\\/suresms.com\\\/dk\\\/\"},{\"@type\":\"ListItem\",\"position\":2,\"name\":\"Ressourcer\",\"item\":\"https:\\\/\\\/suresms.com\\\/ressourcer\\\/\"},{\"@type\":\"ListItem\",\"position\":3,\"name\":\"GDPR\",\"item\":\"https:\\\/\\\/suresms.com\\\/dk\\\/ressourcer\\\/gdpr\\\/\"},{\"@type\":\"ListItem\",\"position\":4,\"name\":\"Databehandleraftale\"}]},{\"@type\":\"WebSite\",\"@id\":\"https:\\\/\\\/suresms.com\\\/en\\\/#website\",\"url\":\"https:\\\/\\\/suresms.com\\\/en\\\/\",\"name\":\"SureSMS\",\"description\":\"Professionel SMS Gateway\",\"publisher\":{\"@id\":\"https:\\\/\\\/suresms.com\\\/en\\\/#organization\"},\"potentialAction\":[{\"@type\":\"SearchAction\",\"target\":{\"@type\":\"EntryPoint\",\"urlTemplate\":\"https:\\\/\\\/suresms.com\\\/en\\\/?s={search_term_string}\"},\"query-input\":{\"@type\":\"PropertyValueSpecification\",\"valueRequired\":true,\"valueName\":\"search_term_string\"}}],\"inLanguage\":\"en-US\"},{\"@type\":\"Organization\",\"@id\":\"https:\\\/\\\/suresms.com\\\/en\\\/#organization\",\"name\":\"SureSMS\",\"url\":\"https:\\\/\\\/suresms.com\\\/en\\\/\",\"logo\":{\"@type\":\"ImageObject\",\"inLanguage\":\"en-US\",\"@id\":\"https:\\\/\\\/suresms.com\\\/en\\\/#\\\/schema\\\/logo\\\/image\\\/\",\"url\":\"https:\\\/\\\/suresms.com\\\/wp-content\\\/uploads\\\/2024\\\/11\\\/suresms-300x65-1.png\",\"contentUrl\":\"https:\\\/\\\/suresms.com\\\/wp-content\\\/uploads\\\/2024\\\/11\\\/suresms-300x65-1.png\",\"width\":300,\"height\":65,\"caption\":\"SureSMS\"},\"image\":{\"@id\":\"https:\\\/\\\/suresms.com\\\/en\\\/#\\\/schema\\\/logo\\\/image\\\/\"},\"sameAs\":[\"https:\\\/\\\/www.facebook.com\\\/p\\\/SureSMS-100044607956149\\\/\"]}]}<\/script>\r\n<!-- \/ Yoast SEO Premium plugin. -->","yoast_head_json":{"title":"Data processing agreement","robots":{"index":"index","follow":"follow","max-snippet":"max-snippet:-1","max-image-preview":"max-image-preview:large","max-video-preview":"max-video-preview:-1"},"canonical":"https:\/\/suresms.com\/en\/resources\/gdpr\/sub-processors-2\/","og_locale":"en_US","og_type":"article","og_title":"Databehandleraftale","og_description":"Databehandleraftale for SureSMS Vi tilbyder vores databehandleraftale, som er udviklet i overensstemmelse med databeskyttelsesforordningen (GDPR). Denne aftale sikrer en korrekt og sikker h\u00e5ndtering af personoplysninger, som SureSMS behandler p\u00e5 vegne af vores kunder. Det er vigtigt, at du som kunde udfylder dine egne oplysninger for at g\u00f8re aftalen gyldig. Hvad skal udfyldes? Databehandleraftalen indeholder felter, ... Read more","og_url":"https:\/\/suresms.com\/en\/resources\/gdpr\/sub-processors-2\/","article_publisher":"https:\/\/www.facebook.com\/p\/SureSMS-100044607956149\/","twitter_card":"summary_large_image","twitter_misc":{"Est. reading time":"2 minutes"},"schema":{"@context":"https:\/\/schema.org","@graph":[{"@type":"WebPage","@id":"https:\/\/suresms.com\/dk\/ressourcer\/gdpr\/databehandleraftale\/","url":"https:\/\/suresms.com\/dk\/ressourcer\/gdpr\/databehandleraftale\/","name":"Data processing agreement","isPartOf":{"@id":"https:\/\/suresms.com\/en\/#website"},"datePublished":"2024-11-28T16:00:39+00:00","breadcrumb":{"@id":"https:\/\/suresms.com\/dk\/ressourcer\/gdpr\/databehandleraftale\/#breadcrumb"},"inLanguage":"en-US","potentialAction":[{"@type":"ReadAction","target":["https:\/\/suresms.com\/dk\/ressourcer\/gdpr\/databehandleraftale\/"]}]},{"@type":"BreadcrumbList","@id":"https:\/\/suresms.com\/dk\/ressourcer\/gdpr\/databehandleraftale\/#breadcrumb","itemListElement":[{"@type":"ListItem","position":1,"name":"Home","item":"https:\/\/suresms.com\/dk\/"},{"@type":"ListItem","position":2,"name":"Ressourcer","item":"https:\/\/suresms.com\/ressourcer\/"},{"@type":"ListItem","position":3,"name":"GDPR","item":"https:\/\/suresms.com\/dk\/ressourcer\/gdpr\/"},{"@type":"ListItem","position":4,"name":"Databehandleraftale"}]},{"@type":"WebSite","@id":"https:\/\/suresms.com\/en\/#website","url":"https:\/\/suresms.com\/en\/","name":"SureSMS","description":"Professional SMS Gateway","publisher":{"@id":"https:\/\/suresms.com\/en\/#organization"},"potentialAction":[{"@type":"SearchAction","target":{"@type":"EntryPoint","urlTemplate":"https:\/\/suresms.com\/en\/?s={search_term_string}"},"query-input":{"@type":"PropertyValueSpecification","valueRequired":true,"valueName":"search_term_string"}}],"inLanguage":"en-US"},{"@type":"Organization","@id":"https:\/\/suresms.com\/en\/#organization","name":"SureSMS","url":"https:\/\/suresms.com\/en\/","logo":{"@type":"ImageObject","inLanguage":"en-US","@id":"https:\/\/suresms.com\/en\/#\/schema\/logo\/image\/","url":"https:\/\/suresms.com\/wp-content\/uploads\/2024\/11\/suresms-300x65-1.png","contentUrl":"https:\/\/suresms.com\/wp-content\/uploads\/2024\/11\/suresms-300x65-1.png","width":300,"height":65,"caption":"SureSMS"},"image":{"@id":"https:\/\/suresms.com\/en\/#\/schema\/logo\/image\/"},"sameAs":["https:\/\/www.facebook.com\/p\/SureSMS-100044607956149\/"]}]}},"_links":{"self":[{"href":"https:\/\/suresms.com\/en\/wp-json\/wp\/v2\/pages\/19303","targetHints":{"allow":["GET"]}}],"collection":[{"href":"https:\/\/suresms.com\/en\/wp-json\/wp\/v2\/pages"}],"about":[{"href":"https:\/\/suresms.com\/en\/wp-json\/wp\/v2\/types\/page"}],"author":[{"embeddable":true,"href":"https:\/\/suresms.com\/en\/wp-json\/wp\/v2\/users\/1"}],"replies":[{"embeddable":true,"href":"https:\/\/suresms.com\/en\/wp-json\/wp\/v2\/comments?post=19303"}],"version-history":[{"count":2,"href":"https:\/\/suresms.com\/en\/wp-json\/wp\/v2\/pages\/19303\/revisions"}],"predecessor-version":[{"id":19307,"href":"https:\/\/suresms.com\/en\/wp-json\/wp\/v2\/pages\/19303\/revisions\/19307"}],"up":[{"embeddable":true,"href":"https:\/\/suresms.com\/en\/wp-json\/wp\/v2\/pages\/5221"}],"wp:attachment":[{"href":"https:\/\/suresms.com\/en\/wp-json\/wp\/v2\/media?parent=19303"}],"wp:term":[{"taxonomy":"category","embeddable":true,"href":"https:\/\/suresms.com\/en\/wp-json\/wp\/v2\/categories?post=19303"},{"taxonomy":"post_tag","embeddable":true,"href":"https:\/\/suresms.com\/en\/wp-json\/wp\/v2\/tags?post=19303"}],"curies":[{"name":"wp","href":"https:\/\/api.w.org\/{rel}","templated":true}]}}