{"id":18648,"date":"2015-12-14T15:47:13","date_gmt":"2015-12-14T13:47:13","guid":{"rendered":"https:\/\/www.suresms.com\/dk\/?page_id=1404"},"modified":"2024-12-05T15:38:05","modified_gmt":"2024-12-05T15:38:05","slug":"send-timed-text-messages","status":"publish","type":"page","link":"https:\/\/suresms.com\/en\/funktioner\/send-tidsindstillede-sms-beskeder\/","title":{"rendered":"Scheduled SMS - Schedule messages"},"content":{"rendered":"<!-- Flexy Breadcrumb -->\r\n\t\t\t<div class=\"fbc fbc-page\">\r\n\r\n\t\t\t\t<!-- Breadcrumb wrapper -->\r\n\t\t\t\t<div class=\"fbc-wrap\">\r\n\r\n\t\t\t\t\t<!-- Ordered list-->\r\n\t\t\t\t\t<ol class=\"fbc-items\" itemscope itemtype=\"https:\/\/schema.org\/BreadcrumbList\">\r\n\t\t\t\t\t\t            <li itemprop=\"itemListElement\" itemscope itemtype=\"https:\/\/schema.org\/ListItem\">\r\n                <span itemprop=\"name\">\r\n                    <!-- Home Link -->\r\n                    <a itemprop=\"item\" href=\"https:\/\/suresms.com\/en\/\">\r\n                    \r\n                                                    <i class=\"fa fa-home\" aria-hidden=\"true\"><\/i>Home                    <\/a>\r\n                <\/span>\r\n                <meta itemprop=\"position\" content=\"1\" \/><!-- Meta Position-->\r\n             <\/li><li><span class=\"fbc-separator\">\/<\/span><\/li><li class=\"active\" itemprop=\"itemListElement\" itemscope itemtype=\"https:\/\/schema.org\/ListItem\"><span itemprop=\"name\" title=\"Scheduled SMS - Schedule messages\">Timed SMS messages -...<\/span><meta itemprop=\"position\" content=\"2\" \/><\/li>\t\t\t\t\t<\/ol>\r\n\t\t\t\t\t<div class=\"clearfix\"><\/div>\r\n\t\t\t\t<\/div>\r\n\t\t\t<\/div>\r\n\t\t\t\n<h2>\n\t\tScheduling messages\n\t<\/h2>\n\t<p>SureSMS has a built-in calendar. This feature allows you to decide and set when your messages are sent out.<\/p>\n\t\t<h3>SMS reminders<\/h3><p>Probably the most common use of SMS gateways in Denmark today is sending reminders. You probably know it from your hairdresser, dentist, mechanic, library and many other places.<\/p>\n<p>Typically, the system used by the hairdresser, dentist or library (the source system) is connected to an SMS gateway. When an event occurs in the source system - for example, a book being returned - the source system sends a message to the SMS gateway to send a message. The SMS gateway's responsibility is to ensure the delivery of the message via SMS.<\/p>\n\t\t<h3>Schedule the sending of your SMS messages<\/h3><p>Letting our gateway send scheduled messages and reminders to your users is an easy and simple feature that many of our customers enjoy.<\/p>\n<p>Whether it's the yoga instructor sending out messages about classes or the dentist sending out notifications about check-ups. It's a classic Gateway feature with a lot of possibilities.<\/p>\n\t\t<h3>Schedule sending to lists<\/h3><p>SureSMS has a PREMIUM feature that supports setting messages to be sent daily, weekdays, weekly, monthly or yearly. And with us, all our customers are Premium customers!<\/p>\n\t\t<h3>Your computer should not be turned on<\/h3><p>The system will send the messages regardless of whether your computer is turned on or not, because the message is already on our server.<\/p>\n<p>And our servers are ALWAYS on!<\/p>\n\t\t<h3>Undo scheduled messages<\/h3><p>You can always delete the messages you have scheduled to send again. Just like you have an Inbox and an Outbox in your mail client, you also have a \"Scheduled messages\" folder where all the messages you have scheduled in the future are stored. It's easy and clear to find and edit the message.<\/p>\n\t<iframe loading=\"lazy\" src=\"https:\/\/youtube.com\/embed\/98gDGwR5hYU?rel=0\" width=\"560\" height=\"315\" frameborder=\"0\" allowfullscreen=\"allowfullscreen\"><\/iframe>\n\t<p><strong>How easy it is to schedule SMS sending<\/strong><\/p>\n<ol>\n<li>Type your message in the text field<\/li>\n<li>Click the \"More\" button in the menu<\/li>\n<li>Select shipping date and time<\/li>\n<li>Click send!<\/li>\n<\/ol>\n<p>Don't have an account yet? From this page you can quickly create a test account with 50 free SMSes!<\/p>\n\t<h4><strong>Here you can read some examples of how our customers currently use the feature: \"Timed SMS\"<\/strong><\/h4>\n<ul>\n<li>A state-authorized podiatrist uses timed SMS messages to send out notifications to customers so they don't forget their booked appointment. This means fewer cancellations for a small business that is financially dependent on a full calendar.<\/li>\n<li>A Jutland company selling corporate clothing uses the timed SMS feature to send out messages to customers about picking up goods.<\/li>\n<li>\"Remember to sign up for baby swimming\" is one of the messages that a local sports club hours and sends via our website, days before the next class starts.<\/li>\n<\/ul>","protected":false},"excerpt":{"rendered":"<p>Scheduling messages SureSMS has a built-in calendar. This feature allows you to decide and set when your messages are sent out. SMS reminders Probably the most common use of SMS gateways in Denmark today is sending reminders. You probably know it from your hairdresser, dentist, mechanic, the library... <a title=\"Scheduled SMS - Schedule messages\" class=\"read-more\" href=\"https:\/\/suresms.com\/en\/funktioner\/send-tidsindstillede-sms-beskeder\/\" aria-label=\"Read more about Scheduled SMS - Schedule messages\">Read more<\/a><\/p>","protected":false},"author":1,"featured_media":0,"parent":958,"menu_order":9,"comment_status":"closed","ping_status":"closed","template":"","meta":{"_fl_builder_enabled":"1","_fl_builder_data":null,"_fl_builder_draft":null,"_fl_builder_data_settings":null,"_fl_builder_css":"","_fl_builder_css_version":"","_fl_builder_js":"","footnotes":""},"categories":[17],"tags":[],"class_list":{"0":"post-18648","1":"page","2":"type-page","3":"status-publish","5":"category-linkfracornorstone"},"yoast_head":"<!-- This site is optimized with the Yoast SEO Premium plugin v27.3 (Yoast SEO v27.3) - https:\/\/yoast.com\/product\/yoast-seo-premium-wordpress\/ -->\r\n<title>Tidsindstillet SMS | Send nemt tidsindstillede SMS beskeder \u2713<\/title>\r\n<meta name=\"description\" content=\"Planl\u00e6g og afsend tidsbestemte SMS fra SureSMS WEB portal. Send p\u00e5mindelser om aftaler, f\u00f8dselsdagshilsener. Integreret funktion i vores gratis abonnement.\" \/>\r\n<meta name=\"robots\" content=\"index, follow, max-snippet:-1, max-image-preview:large, max-video-preview:-1\" \/>\r\n<link rel=\"canonical\" href=\"https:\/\/suresms.com\/en\/features\/send-timed-text-messages\/\" \/>\r\n<meta property=\"og:locale\" content=\"en_US\" \/>\r\n<meta property=\"og:type\" content=\"article\" \/>\r\n<meta property=\"og:title\" content=\"Tidsindstillede SMS&#039;er - Planl\u00e6g beskeder\" \/>\r\n<meta property=\"og:description\" content=\"Planl\u00e6g og afsend tidsbestemte SMS fra SureSMS WEB portal. Send p\u00e5mindelser om aftaler, f\u00f8dselsdagshilsener. Integreret funktion i vores gratis abonnement.\" \/>\r\n<meta property=\"og:url\" content=\"https:\/\/suresms.com\/en\/features\/send-timed-text-messages\/\" \/>\r\n<meta property=\"article:publisher\" content=\"https:\/\/www.facebook.com\/p\/SureSMS-100044607956149\/\" \/>\r\n<meta property=\"article:modified_time\" content=\"2024-12-05T15:38:05+00:00\" \/>\r\n<meta name=\"twitter:card\" content=\"summary_large_image\" \/>\r\n<meta name=\"twitter:label1\" content=\"Est. reading time\" \/>\n\t<meta name=\"twitter:data1\" content=\"7 minutes\" \/>\r\n<script type=\"application\/ld+json\" class=\"yoast-schema-graph\">{\"@context\":\"https:\\\/\\\/schema.org\",\"@graph\":[{\"@type\":\"WebPage\",\"@id\":\"https:\\\/\\\/suresms.com\\\/dk\\\/funktioner\\\/send-tidsindstillede-sms-beskeder\\\/\",\"url\":\"https:\\\/\\\/suresms.com\\\/dk\\\/funktioner\\\/send-tidsindstillede-sms-beskeder\\\/\",\"name\":\"Tidsindstillet SMS | Send nemt tidsindstillede SMS beskeder \u2713\",\"isPartOf\":{\"@id\":\"https:\\\/\\\/suresms.com\\\/en\\\/#website\"},\"datePublished\":\"2015-12-14T13:47:13+00:00\",\"dateModified\":\"2024-12-05T15:38:05+00:00\",\"description\":\"Planl\u00e6g og afsend tidsbestemte SMS fra SureSMS WEB portal. Send p\u00e5mindelser om aftaler, f\u00f8dselsdagshilsener. Integreret funktion i vores gratis abonnement.\",\"breadcrumb\":{\"@id\":\"https:\\\/\\\/suresms.com\\\/dk\\\/funktioner\\\/send-tidsindstillede-sms-beskeder\\\/#breadcrumb\"},\"inLanguage\":\"en-US\",\"potentialAction\":[{\"@type\":\"ReadAction\",\"target\":[\"https:\\\/\\\/suresms.com\\\/dk\\\/funktioner\\\/send-tidsindstillede-sms-beskeder\\\/\"]}]},{\"@type\":\"BreadcrumbList\",\"@id\":\"https:\\\/\\\/suresms.com\\\/dk\\\/funktioner\\\/send-tidsindstillede-sms-beskeder\\\/#breadcrumb\",\"itemListElement\":[{\"@type\":\"ListItem\",\"position\":1,\"name\":\"Home\",\"item\":\"https:\\\/\\\/suresms.com\\\/dk\\\/\"},{\"@type\":\"ListItem\",\"position\":2,\"name\":\"Funktioner\",\"item\":\"https:\\\/\\\/suresms.com\\\/dk\\\/funktioner\\\/\"},{\"@type\":\"ListItem\",\"position\":3,\"name\":\"Tidsindstillede SMS&#039;er &#8211; Planl\u00e6g beskeder\"}]},{\"@type\":\"WebSite\",\"@id\":\"https:\\\/\\\/suresms.com\\\/en\\\/#website\",\"url\":\"https:\\\/\\\/suresms.com\\\/en\\\/\",\"name\":\"SureSMS\",\"description\":\"Professionel SMS Gateway\",\"publisher\":{\"@id\":\"https:\\\/\\\/suresms.com\\\/en\\\/#organization\"},\"potentialAction\":[{\"@type\":\"SearchAction\",\"target\":{\"@type\":\"EntryPoint\",\"urlTemplate\":\"https:\\\/\\\/suresms.com\\\/en\\\/?s={search_term_string}\"},\"query-input\":{\"@type\":\"PropertyValueSpecification\",\"valueRequired\":true,\"valueName\":\"search_term_string\"}}],\"inLanguage\":\"en-US\"},{\"@type\":\"Organization\",\"@id\":\"https:\\\/\\\/suresms.com\\\/en\\\/#organization\",\"name\":\"SureSMS\",\"url\":\"https:\\\/\\\/suresms.com\\\/en\\\/\",\"logo\":{\"@type\":\"ImageObject\",\"inLanguage\":\"en-US\",\"@id\":\"https:\\\/\\\/suresms.com\\\/en\\\/#\\\/schema\\\/logo\\\/image\\\/\",\"url\":\"https:\\\/\\\/suresms.com\\\/wp-content\\\/uploads\\\/2024\\\/11\\\/suresms-300x65-1.png\",\"contentUrl\":\"https:\\\/\\\/suresms.com\\\/wp-content\\\/uploads\\\/2024\\\/11\\\/suresms-300x65-1.png\",\"width\":300,\"height\":65,\"caption\":\"SureSMS\"},\"image\":{\"@id\":\"https:\\\/\\\/suresms.com\\\/en\\\/#\\\/schema\\\/logo\\\/image\\\/\"},\"sameAs\":[\"https:\\\/\\\/www.facebook.com\\\/p\\\/SureSMS-100044607956149\\\/\"]}]}<\/script>\r\n<!-- \/ Yoast SEO Premium plugin. -->","yoast_head_json":{"title":"Timed SMS | Send timed SMS messages easily \u2713","description":"Schedule and send timed SMS from the SureSMS WEB portal. Send appointment reminders, birthday greetings. Integrated feature in our free subscription.","robots":{"index":"index","follow":"follow","max-snippet":"max-snippet:-1","max-image-preview":"max-image-preview:large","max-video-preview":"max-video-preview:-1"},"canonical":"https:\/\/suresms.com\/en\/features\/send-timed-text-messages\/","og_locale":"en_US","og_type":"article","og_title":"Tidsindstillede SMS&#039;er - Planl\u00e6g beskeder","og_description":"Planl\u00e6g og afsend tidsbestemte SMS fra SureSMS WEB portal. Send p\u00e5mindelser om aftaler, f\u00f8dselsdagshilsener. Integreret funktion i vores gratis abonnement.","og_url":"https:\/\/suresms.com\/en\/features\/send-timed-text-messages\/","article_publisher":"https:\/\/www.facebook.com\/p\/SureSMS-100044607956149\/","article_modified_time":"2024-12-05T15:38:05+00:00","twitter_card":"summary_large_image","twitter_misc":{"Est. reading time":"7 minutes"},"schema":{"@context":"https:\/\/schema.org","@graph":[{"@type":"WebPage","@id":"https:\/\/suresms.com\/dk\/funktioner\/send-tidsindstillede-sms-beskeder\/","url":"https:\/\/suresms.com\/dk\/funktioner\/send-tidsindstillede-sms-beskeder\/","name":"Timed SMS | Send timed SMS messages easily \u2713","isPartOf":{"@id":"https:\/\/suresms.com\/en\/#website"},"datePublished":"2015-12-14T13:47:13+00:00","dateModified":"2024-12-05T15:38:05+00:00","description":"Schedule and send timed SMS from the SureSMS WEB portal. Send appointment reminders, birthday greetings. Integrated feature in our free subscription.","breadcrumb":{"@id":"https:\/\/suresms.com\/dk\/funktioner\/send-tidsindstillede-sms-beskeder\/#breadcrumb"},"inLanguage":"en-US","potentialAction":[{"@type":"ReadAction","target":["https:\/\/suresms.com\/dk\/funktioner\/send-tidsindstillede-sms-beskeder\/"]}]},{"@type":"BreadcrumbList","@id":"https:\/\/suresms.com\/dk\/funktioner\/send-tidsindstillede-sms-beskeder\/#breadcrumb","itemListElement":[{"@type":"ListItem","position":1,"name":"Home","item":"https:\/\/suresms.com\/dk\/"},{"@type":"ListItem","position":2,"name":"Funktioner","item":"https:\/\/suresms.com\/dk\/funktioner\/"},{"@type":"ListItem","position":3,"name":"Tidsindstillede SMS&#039;er &#8211; Planl\u00e6g beskeder"}]},{"@type":"WebSite","@id":"https:\/\/suresms.com\/en\/#website","url":"https:\/\/suresms.com\/en\/","name":"SureSMS","description":"Professional SMS Gateway","publisher":{"@id":"https:\/\/suresms.com\/en\/#organization"},"potentialAction":[{"@type":"SearchAction","target":{"@type":"EntryPoint","urlTemplate":"https:\/\/suresms.com\/en\/?s={search_term_string}"},"query-input":{"@type":"PropertyValueSpecification","valueRequired":true,"valueName":"search_term_string"}}],"inLanguage":"en-US"},{"@type":"Organization","@id":"https:\/\/suresms.com\/en\/#organization","name":"SureSMS","url":"https:\/\/suresms.com\/en\/","logo":{"@type":"ImageObject","inLanguage":"en-US","@id":"https:\/\/suresms.com\/en\/#\/schema\/logo\/image\/","url":"https:\/\/suresms.com\/wp-content\/uploads\/2024\/11\/suresms-300x65-1.png","contentUrl":"https:\/\/suresms.com\/wp-content\/uploads\/2024\/11\/suresms-300x65-1.png","width":300,"height":65,"caption":"SureSMS"},"image":{"@id":"https:\/\/suresms.com\/en\/#\/schema\/logo\/image\/"},"sameAs":["https:\/\/www.facebook.com\/p\/SureSMS-100044607956149\/"]}]}},"_links":{"self":[{"href":"https:\/\/suresms.com\/en\/wp-json\/wp\/v2\/pages\/18648","targetHints":{"allow":["GET"]}}],"collection":[{"href":"https:\/\/suresms.com\/en\/wp-json\/wp\/v2\/pages"}],"about":[{"href":"https:\/\/suresms.com\/en\/wp-json\/wp\/v2\/types\/page"}],"author":[{"embeddable":true,"href":"https:\/\/suresms.com\/en\/wp-json\/wp\/v2\/users\/1"}],"replies":[{"embeddable":true,"href":"https:\/\/suresms.com\/en\/wp-json\/wp\/v2\/comments?post=18648"}],"version-history":[{"count":3,"href":"https:\/\/suresms.com\/en\/wp-json\/wp\/v2\/pages\/18648\/revisions"}],"predecessor-version":[{"id":19442,"href":"https:\/\/suresms.com\/en\/wp-json\/wp\/v2\/pages\/18648\/revisions\/19442"}],"up":[{"embeddable":true,"href":"https:\/\/suresms.com\/en\/wp-json\/wp\/v2\/pages\/958"}],"wp:attachment":[{"href":"https:\/\/suresms.com\/en\/wp-json\/wp\/v2\/media?parent=18648"}],"wp:term":[{"taxonomy":"category","embeddable":true,"href":"https:\/\/suresms.com\/en\/wp-json\/wp\/v2\/categories?post=18648"},{"taxonomy":"post_tag","embeddable":true,"href":"https:\/\/suresms.com\/en\/wp-json\/wp\/v2\/tags?post=18648"}],"curies":[{"name":"wp","href":"https:\/\/api.w.org\/{rel}","templated":true}]}}