{"id":18593,"date":"2013-11-26T08:52:42","date_gmt":"2013-11-26T06:52:42","guid":{"rendered":"http:\/\/suresms-gateway.dk\/?page_id=5"},"modified":"2025-10-28T16:16:08","modified_gmt":"2025-10-28T16:16:08","slug":"free-sms-test-account","status":"publish","type":"page","link":"https:\/\/suresms.com\/en\/bestil\/gratis-sms-testkonto\/","title":{"rendered":"Free SMS test account"},"content":{"rendered":"<h2>Free SMS account - send 50 SMS messages for free<\/h2>\n<p>At SureSMS we offer all new customers the opportunity to try our service without payment. By creating a FREE SMS test account you can try our modern and stable SMS gateway.<\/p>\n<p>You get access to all features in our system for 14 days. However, not our 2-way solution. If you decide to use SureSMS, your account will automatically be upgraded to a normal account. You can do this either by depositing money into your account via credit card or by setting up a billing agreement.<\/p>\n<p>When you create the account, your login will be a phone number you enter here. You will receive an SMS with your code on the number, so remember to use a mobile number you have access to right now. Once you're logged in, you can request a different sender.<\/p>\n<p>Login and password are sent immediately so you're up and running in 2 minutes.<\/p>\n<p>Have a great time.<\/p>\n\t\t\t<a href=\"https:\/\/app.suresms.com\/account\/signup\" target=\"_blank\" rel=\"noopener\">\n\t\t\t\t\t\t\tCreate a free account\n\t\t\t\t\t<\/a>\n\t<h2>\u00a0Cheap SMS and high operational stability<\/h2>\n<p>As a SureSMS customer, you can expect some of the most competitive prices on the market. We offer cheap prices per SMS to all customers and combine this with high operational stability.<\/p>\n<p>There's not much point in saving money if only half the messages are delivered, but with SureSMS you can be sure that the quality is right. We have low prices and deliver a very <a href=\"https:\/\/suresms.com\/en\/\">Stable SMS gateway<\/a>.<\/p>\n\t<h2>Easy conversion from other vendors<\/h2>\n<p>SureSMS has extensive experience with networks, security and gateways. This makes it easy for us to manage and secure the process of switching from your current supplier to our gateway.<\/p>\n<p>Although switching SMS providers can be a big decision for many customers, we can handle the conversion surprisingly easily and quickly. It's not as extensive as many people think.<\/p>\n\t<h4><strong>Should there be the slightest problem, we offer 24\/7 support.<\/strong><\/h4>\n\t\t\t<a href=\"https:\/\/suresms.com\/en\/contact\/\" target=\"_self\">\n\t\t\t\t\t\tSee contact details here\n\t\t\t\t\t<\/a>\n<h3>\n\t\t\tOr write to our Support here. We will get back to you shortly!\t<\/h3>\n\t\n<div class=\"wpcf7 no-js\" id=\"wpcf7-f2264-o1\" lang=\"da-DK\" dir=\"ltr\" data-wpcf7-id=\"2264\">\n<div class=\"screen-reader-response\"><p role=\"status\" aria-live=\"polite\" aria-atomic=\"true\"><\/p> <ul><\/ul><\/div>\n<form action=\"\/en\/wp-json\/wp\/v2\/pages\/18593#wpcf7-f2264-o1\" method=\"post\" class=\"wpcf7-form init\" aria-label=\"Contact form\" enctype=\"multipart\/form-data\" novalidate=\"novalidate\" data-status=\"init\" data-trp-original-action=\"\/en\/wp-json\/wp\/v2\/pages\/18593#wpcf7-f2264-o1\">\n<fieldset class=\"hidden-fields-container\"><input type=\"hidden\" name=\"_wpcf7\" value=\"2264\" \/><input type=\"hidden\" name=\"_wpcf7_version\" value=\"6.1.5\" \/><input type=\"hidden\" name=\"_wpcf7_locale\" value=\"da_DK\" \/><input type=\"hidden\" name=\"_wpcf7_unit_tag\" value=\"wpcf7-f2264-o1\" \/><input type=\"hidden\" name=\"_wpcf7_container_post\" value=\"0\" \/><input type=\"hidden\" name=\"_wpcf7_posted_data_hash\" value=\"\" \/>\n<\/fieldset>\n<p>Company name (must be filled in)\n<\/p>\n<p><span class=\"wpcf7-form-control-wrap\" data-name=\"your-name\"><input size=\"40\" maxlength=\"400\" class=\"wpcf7-form-control wpcf7-text wpcf7-validates-as-required\" aria-required=\"true\" aria-invalid=\"false\" value=\"\" type=\"text\" name=\"your-name\" \/><\/span>\n<\/p>\n<p>Your name (must be filled in)\n<\/p>\n<p><span class=\"wpcf7-form-control-wrap\" data-name=\"dit-navn\"><input size=\"40\" maxlength=\"400\" class=\"wpcf7-form-control wpcf7-text wpcf7-validates-as-required\" aria-required=\"true\" aria-invalid=\"false\" value=\"\" type=\"text\" name=\"dit-navn\" \/><\/span>\n<\/p>\n<p>Your email (must be filled in)\n<\/p>\n<p><span class=\"wpcf7-form-control-wrap\" data-name=\"your-email\"><input size=\"40\" maxlength=\"400\" class=\"wpcf7-form-control wpcf7-email wpcf7-validates-as-required wpcf7-text wpcf7-validates-as-email\" aria-required=\"true\" aria-invalid=\"false\" value=\"\" type=\"email\" name=\"your-email\" \/><\/span>\n<\/p>\n<p>Phone number (must be filled in)\n<\/p>\n<p><span class=\"wpcf7-form-control-wrap\" data-name=\"tel-616\"><input size=\"40\" maxlength=\"400\" class=\"wpcf7-form-control wpcf7-tel wpcf7-validates-as-required wpcf7-text wpcf7-validates-as-tel\" aria-required=\"true\" aria-invalid=\"false\" value=\"\" type=\"tel\" name=\"tel-616\" \/><\/span>\n<\/p>\n<p>Topic\n<\/p>\n<p><span class=\"wpcf7-form-control-wrap\" data-name=\"your-subject\"><input size=\"40\" maxlength=\"400\" class=\"wpcf7-form-control wpcf7-text\" aria-invalid=\"false\" value=\"\" type=\"text\" name=\"your-subject\" \/><\/span>\n<\/p>\n<p>Your message\n<\/p>\n<p><span class=\"wpcf7-form-control-wrap\" data-name=\"your-message\"><textarea cols=\"40\" rows=\"10\" maxlength=\"2000\" class=\"wpcf7-form-control wpcf7-textarea\" aria-invalid=\"false\" name=\"your-message\"><\/textarea><\/span>\n<\/p>\n<p>Upload any file\n<\/p>\n<p><span class=\"wpcf7-form-control-wrap\" data-name=\"file-948\"><input size=\"40\" class=\"wpcf7-form-control wpcf7-file\" id=\"Uploadfil\" accept=\"audio\/*,video\/*,image\/*\" aria-invalid=\"false\" type=\"file\" name=\"file-948\" \/><\/span>\n<\/p>\n<p><div class=\"cf7-cf-turnstile\" style=\"margin-top: 0px; margin-bottom: -15px;\"> <div id=\"cf-turnstile-cf7-2190280634\" class=\"cf-turnstile\" data-sitekey=\"0x4AAAAAAB8YGArd9ML-HbMW\" data-theme=\"light\" data-language=\"auto\" data-size=\"normal\" data-retry=\"auto\" data-retry-interval=\"1000\" data-refresh-expired=\"auto\" data-action=\"contact-form-7\" data-appearance=\"always\"><\/div> <script>document.addEventListener(\"DOMContentLoaded\", function() { setTimeout(function(){ var e=document.getElementById(\"cf-turnstile-cf7-2190280634\"); e&&!e.innerHTML.trim()&&(turnstile.remove(\"#cf-turnstile-cf7-2190280634\"), turnstile.render(\"#cf-turnstile-cf7-2190280634\", {sitekey:\"0x4AAAAAAB8YGArd9ML-HbMW\"})); }, 100); });<\/script> <br class=\"cf-turnstile-br cf-turnstile-br-cf7-2190280634\"> <style>#cf-turnstile-cf7-2190280634 { margin-left: -15px; }<\/style> <script>document.addEventListener(\"DOMContentLoaded\",function(){document.querySelectorAll('.wpcf7-form').forEach(function(e){e.addEventListener('submit',function(){if(document.getElementById('cf-turnstile-cf7-2190280634')){setTimeout(function(){turnstile.reset('#cf-turnstile-cf7-2190280634');},1000)}})})});<\/script> <\/div>\n<\/p>\n<p><input class=\"wpcf7-form-control wpcf7-submit has-spinner\" type=\"submit\" value=\"Send\" \/>\n<\/p><div class=\"wpcf7-response-output\" aria-hidden=\"true\"><\/div>\n<input type=\"hidden\" name=\"trp-form-language\" value=\"en\"\/><\/form>\n<\/div>","protected":false},"excerpt":{"rendered":"<p>Free SMS account - send 50 SMSes for free At SureSMS we offer all new customers the opportunity to try our service without payment. By creating a FREE SMS test account you can try our modern and stable SMS gateway. You get access to all features of our system for 14 days. However, not our 2-way solution. ... <a title=\"Free SMS test account\" class=\"read-more\" href=\"https:\/\/suresms.com\/en\/bestil\/gratis-sms-testkonto\/\" aria-label=\"Read more about Free SMS test account\">Read more<\/a><\/p>","protected":false},"author":1,"featured_media":0,"parent":19266,"menu_order":23,"comment_status":"closed","ping_status":"closed","template":"","meta":{"_fl_builder_enabled":"1","_fl_builder_data":null,"_fl_builder_draft":null,"_fl_builder_data_settings":null,"_fl_builder_css":"","_fl_builder_css_version":"","_fl_builder_js":"","footnotes":""},"class_list":["post-18593","page","type-page","status-publish"],"yoast_head":"<!-- This site is optimized with the Yoast SEO Premium plugin v27.3 (Yoast SEO v27.3) - https:\/\/yoast.com\/product\/yoast-seo-premium-wordpress\/ -->\r\n<title>Gratis testkonto med 50 SMS&#039;er - Pr\u00f8v SMS gateway og send gratis sms<\/title>\r\n<meta name=\"description\" content=\"F\u00e5 en gratis sms testkonto og send SMS til dine kunder. N\u00e5r du opretter, kvitterer vi med 100 SMS&#039;er, s\u00e5 du kan f\u00e5 en fornemmelse af vores SureSMS gateway\" \/>\r\n<meta name=\"robots\" content=\"index, follow, max-snippet:-1, max-image-preview:large, max-video-preview:-1\" \/>\r\n<link rel=\"canonical\" href=\"https:\/\/suresms.com\/en\/order\/free-sms-test-account\/\" \/>\r\n<meta property=\"og:locale\" content=\"en_US\" \/>\r\n<meta property=\"og:type\" content=\"article\" \/>\r\n<meta property=\"og:title\" content=\"Gratis SMS testkonto\" \/>\r\n<meta property=\"og:description\" content=\"F\u00e5 en gratis sms testkonto og send SMS til dine kunder. N\u00e5r du opretter, kvitterer vi med 100 SMS&#039;er, s\u00e5 du kan f\u00e5 en fornemmelse af vores SureSMS gateway\" \/>\r\n<meta property=\"og:url\" content=\"https:\/\/suresms.com\/en\/order\/free-sms-test-account\/\" \/>\r\n<meta property=\"article:publisher\" content=\"https:\/\/www.facebook.com\/p\/SureSMS-100044607956149\/\" \/>\r\n<meta property=\"article:modified_time\" content=\"2025-10-28T16:16:08+00:00\" \/>\r\n<meta name=\"twitter:card\" content=\"summary_large_image\" \/>\r\n<meta name=\"twitter:label1\" content=\"Est. reading time\" \/>\n\t<meta name=\"twitter:data1\" content=\"4 minutes\" \/>\r\n<script type=\"application\/ld+json\" class=\"yoast-schema-graph\">{\"@context\":\"https:\\\/\\\/schema.org\",\"@graph\":[{\"@type\":\"WebPage\",\"@id\":\"https:\\\/\\\/suresms.com\\\/dk\\\/bestil\\\/gratis-sms-testkonto\\\/\",\"url\":\"https:\\\/\\\/suresms.com\\\/dk\\\/bestil\\\/gratis-sms-testkonto\\\/\",\"name\":\"Gratis testkonto med 50 SMS'er - Pr\u00f8v SMS gateway og send gratis sms\",\"isPartOf\":{\"@id\":\"https:\\\/\\\/suresms.com\\\/en\\\/#website\"},\"datePublished\":\"2013-11-26T06:52:42+00:00\",\"dateModified\":\"2025-10-28T16:16:08+00:00\",\"description\":\"F\u00e5 en gratis sms testkonto og send SMS til dine kunder. N\u00e5r du opretter, kvitterer vi med 100 SMS'er, s\u00e5 du kan f\u00e5 en fornemmelse af vores SureSMS gateway\",\"breadcrumb\":{\"@id\":\"https:\\\/\\\/suresms.com\\\/dk\\\/bestil\\\/gratis-sms-testkonto\\\/#breadcrumb\"},\"inLanguage\":\"en-US\",\"potentialAction\":[{\"@type\":\"ReadAction\",\"target\":[\"https:\\\/\\\/suresms.com\\\/dk\\\/bestil\\\/gratis-sms-testkonto\\\/\"]}]},{\"@type\":\"BreadcrumbList\",\"@id\":\"https:\\\/\\\/suresms.com\\\/dk\\\/bestil\\\/gratis-sms-testkonto\\\/#breadcrumb\",\"itemListElement\":[{\"@type\":\"ListItem\",\"position\":1,\"name\":\"Home\",\"item\":\"https:\\\/\\\/suresms.com\\\/dk\\\/\"},{\"@type\":\"ListItem\",\"position\":2,\"name\":\"Bestil\",\"item\":\"https:\\\/\\\/suresms.com\\\/bestil\\\/\"},{\"@type\":\"ListItem\",\"position\":3,\"name\":\"Gratis SMS testkonto\"}]},{\"@type\":\"WebSite\",\"@id\":\"https:\\\/\\\/suresms.com\\\/en\\\/#website\",\"url\":\"https:\\\/\\\/suresms.com\\\/en\\\/\",\"name\":\"SureSMS\",\"description\":\"Professionel SMS Gateway\",\"publisher\":{\"@id\":\"https:\\\/\\\/suresms.com\\\/en\\\/#organization\"},\"potentialAction\":[{\"@type\":\"SearchAction\",\"target\":{\"@type\":\"EntryPoint\",\"urlTemplate\":\"https:\\\/\\\/suresms.com\\\/en\\\/?s={search_term_string}\"},\"query-input\":{\"@type\":\"PropertyValueSpecification\",\"valueRequired\":true,\"valueName\":\"search_term_string\"}}],\"inLanguage\":\"en-US\"},{\"@type\":\"Organization\",\"@id\":\"https:\\\/\\\/suresms.com\\\/en\\\/#organization\",\"name\":\"SureSMS\",\"url\":\"https:\\\/\\\/suresms.com\\\/en\\\/\",\"logo\":{\"@type\":\"ImageObject\",\"inLanguage\":\"en-US\",\"@id\":\"https:\\\/\\\/suresms.com\\\/en\\\/#\\\/schema\\\/logo\\\/image\\\/\",\"url\":\"https:\\\/\\\/suresms.com\\\/wp-content\\\/uploads\\\/2024\\\/11\\\/suresms-300x65-1.png\",\"contentUrl\":\"https:\\\/\\\/suresms.com\\\/wp-content\\\/uploads\\\/2024\\\/11\\\/suresms-300x65-1.png\",\"width\":300,\"height\":65,\"caption\":\"SureSMS\"},\"image\":{\"@id\":\"https:\\\/\\\/suresms.com\\\/en\\\/#\\\/schema\\\/logo\\\/image\\\/\"},\"sameAs\":[\"https:\\\/\\\/www.facebook.com\\\/p\\\/SureSMS-100044607956149\\\/\"]}]}<\/script>\r\n<!-- \/ Yoast SEO Premium plugin. -->","yoast_head_json":{"title":"Free trial account with 50 SMS - Try SMS gateway and send free SMS","description":"Get a free SMS test account and send SMS to your customers. When you sign up, we'll send you 100 SMS messages so you can get a feel for our SureSMS gateway","robots":{"index":"index","follow":"follow","max-snippet":"max-snippet:-1","max-image-preview":"max-image-preview:large","max-video-preview":"max-video-preview:-1"},"canonical":"https:\/\/suresms.com\/en\/order\/free-sms-test-account\/","og_locale":"en_US","og_type":"article","og_title":"Gratis SMS testkonto","og_description":"F\u00e5 en gratis sms testkonto og send SMS til dine kunder. N\u00e5r du opretter, kvitterer vi med 100 SMS'er, s\u00e5 du kan f\u00e5 en fornemmelse af vores SureSMS gateway","og_url":"https:\/\/suresms.com\/en\/order\/free-sms-test-account\/","article_publisher":"https:\/\/www.facebook.com\/p\/SureSMS-100044607956149\/","article_modified_time":"2025-10-28T16:16:08+00:00","twitter_card":"summary_large_image","twitter_misc":{"Est. reading time":"4 minutes"},"schema":{"@context":"https:\/\/schema.org","@graph":[{"@type":"WebPage","@id":"https:\/\/suresms.com\/dk\/bestil\/gratis-sms-testkonto\/","url":"https:\/\/suresms.com\/dk\/bestil\/gratis-sms-testkonto\/","name":"Free trial account with 50 SMS - Try SMS gateway and send free SMS","isPartOf":{"@id":"https:\/\/suresms.com\/en\/#website"},"datePublished":"2013-11-26T06:52:42+00:00","dateModified":"2025-10-28T16:16:08+00:00","description":"Get a free SMS test account and send SMS to your customers. When you sign up, we'll send you 100 SMS messages so you can get a feel for our SureSMS gateway","breadcrumb":{"@id":"https:\/\/suresms.com\/dk\/bestil\/gratis-sms-testkonto\/#breadcrumb"},"inLanguage":"en-US","potentialAction":[{"@type":"ReadAction","target":["https:\/\/suresms.com\/dk\/bestil\/gratis-sms-testkonto\/"]}]},{"@type":"BreadcrumbList","@id":"https:\/\/suresms.com\/dk\/bestil\/gratis-sms-testkonto\/#breadcrumb","itemListElement":[{"@type":"ListItem","position":1,"name":"Home","item":"https:\/\/suresms.com\/dk\/"},{"@type":"ListItem","position":2,"name":"Bestil","item":"https:\/\/suresms.com\/bestil\/"},{"@type":"ListItem","position":3,"name":"Gratis SMS testkonto"}]},{"@type":"WebSite","@id":"https:\/\/suresms.com\/en\/#website","url":"https:\/\/suresms.com\/en\/","name":"SureSMS","description":"Professional SMS Gateway","publisher":{"@id":"https:\/\/suresms.com\/en\/#organization"},"potentialAction":[{"@type":"SearchAction","target":{"@type":"EntryPoint","urlTemplate":"https:\/\/suresms.com\/en\/?s={search_term_string}"},"query-input":{"@type":"PropertyValueSpecification","valueRequired":true,"valueName":"search_term_string"}}],"inLanguage":"en-US"},{"@type":"Organization","@id":"https:\/\/suresms.com\/en\/#organization","name":"SureSMS","url":"https:\/\/suresms.com\/en\/","logo":{"@type":"ImageObject","inLanguage":"en-US","@id":"https:\/\/suresms.com\/en\/#\/schema\/logo\/image\/","url":"https:\/\/suresms.com\/wp-content\/uploads\/2024\/11\/suresms-300x65-1.png","contentUrl":"https:\/\/suresms.com\/wp-content\/uploads\/2024\/11\/suresms-300x65-1.png","width":300,"height":65,"caption":"SureSMS"},"image":{"@id":"https:\/\/suresms.com\/en\/#\/schema\/logo\/image\/"},"sameAs":["https:\/\/www.facebook.com\/p\/SureSMS-100044607956149\/"]}]}},"_links":{"self":[{"href":"https:\/\/suresms.com\/en\/wp-json\/wp\/v2\/pages\/18593","targetHints":{"allow":["GET"]}}],"collection":[{"href":"https:\/\/suresms.com\/en\/wp-json\/wp\/v2\/pages"}],"about":[{"href":"https:\/\/suresms.com\/en\/wp-json\/wp\/v2\/types\/page"}],"author":[{"embeddable":true,"href":"https:\/\/suresms.com\/en\/wp-json\/wp\/v2\/users\/1"}],"replies":[{"embeddable":true,"href":"https:\/\/suresms.com\/en\/wp-json\/wp\/v2\/comments?post=18593"}],"version-history":[{"count":16,"href":"https:\/\/suresms.com\/en\/wp-json\/wp\/v2\/pages\/18593\/revisions"}],"predecessor-version":[{"id":23522,"href":"https:\/\/suresms.com\/en\/wp-json\/wp\/v2\/pages\/18593\/revisions\/23522"}],"up":[{"embeddable":true,"href":"https:\/\/suresms.com\/en\/wp-json\/wp\/v2\/pages\/19266"}],"wp:attachment":[{"href":"https:\/\/suresms.com\/en\/wp-json\/wp\/v2\/media?parent=18593"}],"curies":[{"name":"wp","href":"https:\/\/api.w.org\/{rel}","templated":true}]}}