{"id":18183,"date":"2024-07-10T18:12:05","date_gmt":"2024-07-10T16:12:05","guid":{"rendered":"https:\/\/www.suresms.com\/dk\/?page_id=18183"},"modified":"2026-02-17T05:14:01","modified_gmt":"2026-02-17T05:14:01","slug":"station-name-3","status":"publish","type":"page","link":"https:\/\/suresms.com\/en\/docs\/message\/newmessage\/","title":{"rendered":"New message"},"content":{"rendered":"<!-- Flexy Breadcrumb -->\r\n\t\t\t<div class=\"fbc fbc-page\">\r\n\r\n\t\t\t\t<!-- Breadcrumb wrapper -->\r\n\t\t\t\t<div class=\"fbc-wrap\">\r\n\r\n\t\t\t\t\t<!-- Ordered list-->\r\n\t\t\t\t\t<ol class=\"fbc-items\" itemscope itemtype=\"https:\/\/schema.org\/BreadcrumbList\">\r\n\t\t\t\t\t\t            <li itemprop=\"itemListElement\" itemscope itemtype=\"https:\/\/schema.org\/ListItem\">\r\n                <span itemprop=\"name\">\r\n                    <!-- Home Link -->\r\n                    <a itemprop=\"item\" href=\"https:\/\/suresms.com\/en\/\">\r\n                    \r\n                                                    <i class=\"fa fa-home\" aria-hidden=\"true\"><\/i>Home                    <\/a>\r\n                <\/span>\r\n                <meta itemprop=\"position\" content=\"1\" \/><!-- Meta Position-->\r\n             <\/li><li><span class=\"fbc-separator\">\/<\/span><\/li><li class=\"active\" itemprop=\"itemListElement\" itemscope itemtype=\"https:\/\/schema.org\/ListItem\"><span itemprop=\"name\" title=\"New message\">New message<\/span><meta itemprop=\"position\" content=\"2\" \/><\/li>\t\t\t\t\t<\/ol>\r\n\t\t\t\t\t<div class=\"clearfix\"><\/div>\r\n\t\t\t\t<\/div>\r\n\t\t\t<\/div>\r\n\t\t\t\n<h1>\n\t\t\tNew message\t<\/h1>\n\t<p>Below you can read about the screenshot\u00a0<em>New message<\/em>. Each field is explained and in-depth links are available for some descriptions.<\/p>\n<h2>\n\t\t\tCreate new message\t<\/h2>\n\t<p>Let's start by looking at the new message sending screenshot. Below you can see the full screenshot of\u00a0<em>New message.\u00a0<\/em>The following explanation refers to this screen and the different elements in it.<\/p>\n<figure itemscope itemtype=\"https:\/\/schema.org\/ImageObject\">\n\t\t\t\t<img decoding=\"async\" src=\"https:\/\/suresms.com\/wp-content\/uploads\/2024\/07\/Ny-besked-skaermbillede-1.png\" alt=\"New message screenshot\" height=\"2152\" width=\"2277\" title=\"New message screenshot\" onerror=\"this.style.display='none'\" loading=\"lazy\" \/>\n\t<\/figure>\n\t<p><strong><em>Country code:\u00a0<\/em><\/strong>Select the country code of the recipient. If you select from groups in the Address Book, this field is not used as each contact in the Address Book has its own country code. If you just want to enter a number in the recipient field, the country code must be correct. The system remembers the country code from time to time.<\/p>\n<p><strong><em>Phone number<\/em><\/strong>: Here you type the phone number. Without spaces, hyphens or anything else. You can also paste. For example, you can select many numbers from Excel and put them all in this field.<\/p>\n<p><strong><em>Message:\u00a0<\/em><\/strong>Here you write the message itself. Below the message you can see how many characters you've typed, how many SMSes it will be and how much it costs to send the message.<\/p>\n<h2>\n\t\t\tUsing templates\t<\/h2>\n\t<p>It is possible to create templates in the system. Templates are standard messages that are stored in the system and can be selected when sending a message. For example, it could be \"Remember your appointment tomorrow\". You can then simply select the correct template and press send.<\/p>\n\t<p>Log in to your SureSMS account here : <a href=\"https:\/\/app.suresms.com\" target=\"_blank\" rel=\"noopener\">https:\/\/app.suresms.com<\/a><\/p>\n<p>In the menu, select <em>New message\u00a0<\/em><\/p>\n<p>Click on the <em>Choice<\/em> to the right above the message field itself<\/p>\n<p>Click on the <em>Manage templates<\/em><\/p>\n<p>Now you can create, edit and delete the templates.<\/p>\n<p>When you need a template, do the same but select <em>Use template<\/em> in the menu. Then select the template you want to use and click ok.<\/p>\n\t\t\t\t\t<video src=\"https:\/\/suresms.com\/wp-content\/uploads\/2024\/10\/Dokumentation-Skabeloner-i-beskeder.mp4\" alt=\"hosted-video-thumbnail\"><\/video>\n\t\t<h2>\n\t\t\tMerge information in message\t<\/h2>\n\t<p>Log in to your SureSMS account here : <a href=\"https:\/\/app.suresms.com\" target=\"_blank\" rel=\"noopener\">https:\/\/app.suresms.com<\/a><\/p>\n<p>In the menu, select <em>New message\u00a0<\/em><\/p>\n<p>Click on the <em>Choice<\/em> to the right above the message field itself<\/p>\n<p>Click on the <em>Manage templates<\/em><\/p>\n<p>Now you can create, edit and delete the templates.<\/p>\n<p>When you need a template, do the same but select <em>Use template<\/em> in the menu. Then select the template you want to use and click ok.<\/p>\n\t\t\t\t\t<video src=\"https:\/\/suresms.com\/wp-content\/uploads\/2024\/10\/Dokumentation-Skabeloner-i-beskeder.mp4\" alt=\"hosted-video-thumbnail\"><\/video>\n\t\t<h2>\n\t\t\tAdd links to messages\t<\/h2>\n\t<p>It is possible to add links to your messages. You can add different kinds of links:<\/p>\n<p>1. Regular links to websites, but where you get to measure how many people click on the link.<\/p>\n<p>2. Link to files such as PDF files<\/p>\n<p>3. MobilePay links for direct payment in the SMS message<\/p>\n<p>In this video you can see how to add the different types of links<\/p>\n\t\t\t\t\t<video src=\"https:\/\/suresms.com\/wp-content\/uploads\/2026\/02\/Dokumentation-Ny-besked-Tilfoejelse-af-Links-i-beskeder.mp4\" alt=\"hosted-video-thumbnail\"><\/video>\n\t\t<h2>\n\t\t\tCreate incoming phone number\t<\/h2>\n\t<p>If you want to receive reply SMS directly on the SureSMS platform or on an email, you need a two-way SMS solution. The most important part of this solution is that you need to have a phone number with SureSMS that you can receive SMS messages on. This costs 99,- DKK per month. There is no termination on a number.<\/p>\n\t<p>Log in to your SureSMS account here : <a href=\"https:\/\/app.suresms.com\" target=\"_blank\" rel=\"noopener\">https:\/\/app.suresms.com<\/a><\/p>\n<p>Make sure you have more than 99,- in your account, otherwise go to online payment<\/p>\n<p>In the menu, select <em>Settings -&gt; Sender name<\/em> and then\u00a0<em>Choice\u00a0<\/em>in the top right corner.<\/p>\n<p>Select <em>Incoming SMS number <\/em>in the submenu<\/p>\n<p>Select the incoming number you want from the list of available numbers<\/p>\n<p>Click on the <em>Order<\/em><\/p>\n<p>Your incoming number is active immediately.<\/p>\n\t\t\t\t\t<video src=\"https:\/\/suresms.com\/wp-content\/uploads\/2024\/07\/Dokumentation-Bestil-indgaaende-SMS-nummer.mp4\" alt=\"hosted-video-thumbnail\"><\/video>\n\t\t\t\t\t\t\t\t\t\tIf you want to receive incoming SMS on email \n\t\t\t\t\t<p>Click on the\u00a0<em>Settings and preferences<\/em> in the menu<\/p>\n<p>Click on the\u00a0<em>Account<\/em><\/p>\n<p>Click on the <em>Account settings<\/em><\/p>\n<p>Click on \"edit\"<\/p>\n<p>Put a check mark in\u00a0<em>Send incoming SMS as email<\/em><\/p>\n<p>Make sure the email address is correct<\/p>\n<p>Click on the <em>Gem<\/em><\/p>\n<h2>\n\t\t\tDelete incoming phone number\t<\/h2>\n\t<p>If you no longer need an incoming SMS number, it's a good idea to delete it. This will prevent your recipients from sending to you by mistake and save you money. Read below how to delete an incoming SMS number.<\/p>\n\t<p>Log in to your SureSMS account here : <a href=\"https:\/\/app.suresms.com\" target=\"_blank\" rel=\"noopener\">https:\/\/app.suresms.com<\/a><\/p>\n<p>Make sure you have more than 99,- in your account, otherwise go to online payment<\/p>\n<p>In the menu, select <em>Settings -&gt; Sender name<\/em><\/p>\n<p>Click on the <em>Delete <\/em>next to the number or name you want to delete<\/p>\n<p>Type the number or name again and click <em>OK<\/em><\/p>\n<p>Your number will be deleted immediately. The number is billed on the 1st of every month.<\/p>\n<p>You will not be refunded any amounts paid.\u00a0<\/p>\n\t\t\t\t\t<video src=\"https:\/\/suresms.com\/wp-content\/uploads\/2024\/07\/Dokumentation-Slet-afsendernavn-og-indgaaende-SMS-nummer.mp4\" alt=\"hosted-video-thumbnail\"><\/video>\n\t\t<h2>\n\t\t\tImport messages from file\t<\/h2>\n\t<p>You can create a CSV file with all your messages, import and send directly from the New message tab. Here's how you do it.<\/p>\n<p>First, create a CSV file with the following columns<\/p>\nColumn 1: Country code<br \/>\nColumn 2: Phone number<br \/>\nColumn 3: The message to send<br \/>\nColumn 4: Time to send the message (Optional)\n<p>Above the recipient field, click on <em>Choice<\/em> and then press <em>Import from file.\u00a0<\/em><\/p>\n<p>Drag your file into the upload field and click <em>Import.<\/em><\/p>\n<p>Review the messages to be sent. If they are ok, click Send.<\/p>","protected":false},"excerpt":{"rendered":"<p>New message Below you can read about the New message screen. Each field is explained and in-depth links are available for some descriptions. Create new message Let's start by looking at the new message sending screen. Below you can see the full New message screenshot. The following explanation will refer to this screenshot and the different ... <a title=\"New message\" class=\"read-more\" href=\"https:\/\/suresms.com\/en\/docs\/message\/newmessage\/\" aria-label=\"Read more about New message\">Read more<\/a><\/p>","protected":false},"author":1,"featured_media":0,"parent":18168,"menu_order":0,"comment_status":"closed","ping_status":"closed","template":"","meta":{"_fl_builder_enabled":"1","_fl_builder_data":null,"_fl_builder_draft":null,"_fl_builder_data_settings":null,"_fl_builder_css":"","_fl_builder_css_version":"","_fl_builder_js":"","footnotes":""},"categories":[],"tags":[],"class_list":["post-18183","page","type-page","status-publish"],"yoast_head":"<!-- This site is optimized with the Yoast SEO Premium plugin v27.3 (Yoast SEO v27.3) - https:\/\/yoast.com\/product\/yoast-seo-premium-wordpress\/ -->\r\n<title>Ny besked -<\/title>\r\n<meta name=\"robots\" content=\"index, follow, max-snippet:-1, max-image-preview:large, max-video-preview:-1\" \/>\r\n<link rel=\"canonical\" href=\"https:\/\/suresms.com\/en\/docs\/account-3\/station-name-3\/\" \/>\r\n<meta property=\"og:locale\" content=\"en_US\" \/>\r\n<meta property=\"og:type\" content=\"article\" \/>\r\n<meta property=\"og:title\" content=\"Ny besked\" \/>\r\n<meta property=\"og:description\" content=\"Ny besked Herunder kan du l\u00e6se om sk\u00e6rmbilledet\u00a0Ny besked. Hvert felt er forklaret og uddybende link er tilg\u00e6ngelige for nogle beskrivelser. Opret ny besked Lad os starte med at se sk\u00e6rmbilledet for afsendelse af ny besked. Herunder kan du se det fulde sk\u00e6rmbillede af\u00a0Ny besked.\u00a0I den efterf\u00f8lgende forklaring refereres til dette sk\u00e6rmbillede og de forskellige ... Read more\" \/>\r\n<meta property=\"og:url\" content=\"https:\/\/suresms.com\/en\/docs\/account-3\/station-name-3\/\" \/>\r\n<meta property=\"article:publisher\" content=\"https:\/\/www.facebook.com\/p\/SureSMS-100044607956149\/\" \/>\r\n<meta property=\"article:modified_time\" content=\"2026-02-17T05:14:01+00:00\" \/>\r\n<meta property=\"og:image\" content=\"https:\/\/suresms.com\/wp-content\/uploads\/2024\/07\/Ny-besked-skaermbillede-1.png\" \/>\r\n<meta name=\"twitter:card\" content=\"summary_large_image\" \/>\r\n<meta name=\"twitter:label1\" content=\"Est. reading time\" \/>\n\t<meta name=\"twitter:data1\" content=\"3 minutes\" \/>\r\n<script type=\"application\/ld+json\" class=\"yoast-schema-graph\">{\"@context\":\"https:\\\/\\\/schema.org\",\"@graph\":[{\"@type\":\"WebPage\",\"@id\":\"https:\\\/\\\/suresms.com\\\/dk\\\/docs\\\/message\\\/newmessage\\\/\",\"url\":\"https:\\\/\\\/suresms.com\\\/dk\\\/docs\\\/message\\\/newmessage\\\/\",\"name\":\"Ny besked -\",\"isPartOf\":{\"@id\":\"https:\\\/\\\/suresms.com\\\/en\\\/#website\"},\"primaryImageOfPage\":{\"@id\":\"https:\\\/\\\/suresms.com\\\/dk\\\/docs\\\/message\\\/newmessage\\\/#primaryimage\"},\"image\":{\"@id\":\"https:\\\/\\\/suresms.com\\\/dk\\\/docs\\\/message\\\/newmessage\\\/#primaryimage\"},\"thumbnailUrl\":\"https:\\\/\\\/suresms.com\\\/wp-content\\\/uploads\\\/2024\\\/07\\\/Ny-besked-skaermbillede-1.png\",\"datePublished\":\"2024-07-10T16:12:05+00:00\",\"dateModified\":\"2026-02-17T05:14:01+00:00\",\"breadcrumb\":{\"@id\":\"https:\\\/\\\/suresms.com\\\/dk\\\/docs\\\/message\\\/newmessage\\\/#breadcrumb\"},\"inLanguage\":\"en-US\",\"potentialAction\":[{\"@type\":\"ReadAction\",\"target\":[\"https:\\\/\\\/suresms.com\\\/dk\\\/docs\\\/message\\\/newmessage\\\/\"]}]},{\"@type\":\"ImageObject\",\"inLanguage\":\"en-US\",\"@id\":\"https:\\\/\\\/suresms.com\\\/dk\\\/docs\\\/message\\\/newmessage\\\/#primaryimage\",\"url\":\"https:\\\/\\\/suresms.com\\\/wp-content\\\/uploads\\\/2024\\\/07\\\/Ny-besked-skaermbillede-1.png\",\"contentUrl\":\"https:\\\/\\\/suresms.com\\\/wp-content\\\/uploads\\\/2024\\\/07\\\/Ny-besked-skaermbillede-1.png\"},{\"@type\":\"BreadcrumbList\",\"@id\":\"https:\\\/\\\/suresms.com\\\/dk\\\/docs\\\/message\\\/newmessage\\\/#breadcrumb\",\"itemListElement\":[{\"@type\":\"ListItem\",\"position\":1,\"name\":\"Home\",\"item\":\"https:\\\/\\\/suresms.com\\\/dk\\\/\"},{\"@type\":\"ListItem\",\"position\":2,\"name\":\"Dokumentation\",\"item\":\"https:\\\/\\\/suresms.com\\\/dk\\\/docs\\\/\"},{\"@type\":\"ListItem\",\"position\":3,\"name\":\"Beskeder\",\"item\":\"https:\\\/\\\/suresms.com\\\/dk\\\/docs\\\/message\\\/\"},{\"@type\":\"ListItem\",\"position\":4,\"name\":\"Ny besked\"}]},{\"@type\":\"WebSite\",\"@id\":\"https:\\\/\\\/suresms.com\\\/en\\\/#website\",\"url\":\"https:\\\/\\\/suresms.com\\\/en\\\/\",\"name\":\"SureSMS\",\"description\":\"Professionel SMS Gateway\",\"publisher\":{\"@id\":\"https:\\\/\\\/suresms.com\\\/en\\\/#organization\"},\"potentialAction\":[{\"@type\":\"SearchAction\",\"target\":{\"@type\":\"EntryPoint\",\"urlTemplate\":\"https:\\\/\\\/suresms.com\\\/en\\\/?s={search_term_string}\"},\"query-input\":{\"@type\":\"PropertyValueSpecification\",\"valueRequired\":true,\"valueName\":\"search_term_string\"}}],\"inLanguage\":\"en-US\"},{\"@type\":\"Organization\",\"@id\":\"https:\\\/\\\/suresms.com\\\/en\\\/#organization\",\"name\":\"SureSMS\",\"url\":\"https:\\\/\\\/suresms.com\\\/en\\\/\",\"logo\":{\"@type\":\"ImageObject\",\"inLanguage\":\"en-US\",\"@id\":\"https:\\\/\\\/suresms.com\\\/en\\\/#\\\/schema\\\/logo\\\/image\\\/\",\"url\":\"https:\\\/\\\/suresms.com\\\/wp-content\\\/uploads\\\/2024\\\/11\\\/suresms-300x65-1.png\",\"contentUrl\":\"https:\\\/\\\/suresms.com\\\/wp-content\\\/uploads\\\/2024\\\/11\\\/suresms-300x65-1.png\",\"width\":300,\"height\":65,\"caption\":\"SureSMS\"},\"image\":{\"@id\":\"https:\\\/\\\/suresms.com\\\/en\\\/#\\\/schema\\\/logo\\\/image\\\/\"},\"sameAs\":[\"https:\\\/\\\/www.facebook.com\\\/p\\\/SureSMS-100044607956149\\\/\"]}]}<\/script>\r\n<!-- \/ Yoast SEO Premium plugin. -->","yoast_head_json":{"title":"New message","robots":{"index":"index","follow":"follow","max-snippet":"max-snippet:-1","max-image-preview":"max-image-preview:large","max-video-preview":"max-video-preview:-1"},"canonical":"https:\/\/suresms.com\/en\/docs\/account-3\/station-name-3\/","og_locale":"en_US","og_type":"article","og_title":"Ny besked","og_description":"Ny besked Herunder kan du l\u00e6se om sk\u00e6rmbilledet\u00a0Ny besked. Hvert felt er forklaret og uddybende link er tilg\u00e6ngelige for nogle beskrivelser. Opret ny besked Lad os starte med at se sk\u00e6rmbilledet for afsendelse af ny besked. Herunder kan du se det fulde sk\u00e6rmbillede af\u00a0Ny besked.\u00a0I den efterf\u00f8lgende forklaring refereres til dette sk\u00e6rmbillede og de forskellige ... Read more","og_url":"https:\/\/suresms.com\/en\/docs\/account-3\/station-name-3\/","article_publisher":"https:\/\/www.facebook.com\/p\/SureSMS-100044607956149\/","article_modified_time":"2026-02-17T05:14:01+00:00","og_image":[{"url":"https:\/\/suresms.com\/wp-content\/uploads\/2024\/07\/Ny-besked-skaermbillede-1.png","type":"","width":"","height":""}],"twitter_card":"summary_large_image","twitter_misc":{"Est. reading time":"3 minutes"},"schema":{"@context":"https:\/\/schema.org","@graph":[{"@type":"WebPage","@id":"https:\/\/suresms.com\/dk\/docs\/message\/newmessage\/","url":"https:\/\/suresms.com\/dk\/docs\/message\/newmessage\/","name":"New message","isPartOf":{"@id":"https:\/\/suresms.com\/en\/#website"},"primaryImageOfPage":{"@id":"https:\/\/suresms.com\/dk\/docs\/message\/newmessage\/#primaryimage"},"image":{"@id":"https:\/\/suresms.com\/dk\/docs\/message\/newmessage\/#primaryimage"},"thumbnailUrl":"https:\/\/suresms.com\/wp-content\/uploads\/2024\/07\/Ny-besked-skaermbillede-1.png","datePublished":"2024-07-10T16:12:05+00:00","dateModified":"2026-02-17T05:14:01+00:00","breadcrumb":{"@id":"https:\/\/suresms.com\/dk\/docs\/message\/newmessage\/#breadcrumb"},"inLanguage":"en-US","potentialAction":[{"@type":"ReadAction","target":["https:\/\/suresms.com\/dk\/docs\/message\/newmessage\/"]}]},{"@type":"ImageObject","inLanguage":"en-US","@id":"https:\/\/suresms.com\/dk\/docs\/message\/newmessage\/#primaryimage","url":"https:\/\/suresms.com\/wp-content\/uploads\/2024\/07\/Ny-besked-skaermbillede-1.png","contentUrl":"https:\/\/suresms.com\/wp-content\/uploads\/2024\/07\/Ny-besked-skaermbillede-1.png"},{"@type":"BreadcrumbList","@id":"https:\/\/suresms.com\/dk\/docs\/message\/newmessage\/#breadcrumb","itemListElement":[{"@type":"ListItem","position":1,"name":"Home","item":"https:\/\/suresms.com\/dk\/"},{"@type":"ListItem","position":2,"name":"Dokumentation","item":"https:\/\/suresms.com\/dk\/docs\/"},{"@type":"ListItem","position":3,"name":"Beskeder","item":"https:\/\/suresms.com\/dk\/docs\/message\/"},{"@type":"ListItem","position":4,"name":"Ny besked"}]},{"@type":"WebSite","@id":"https:\/\/suresms.com\/en\/#website","url":"https:\/\/suresms.com\/en\/","name":"SureSMS","description":"Professional SMS Gateway","publisher":{"@id":"https:\/\/suresms.com\/en\/#organization"},"potentialAction":[{"@type":"SearchAction","target":{"@type":"EntryPoint","urlTemplate":"https:\/\/suresms.com\/en\/?s={search_term_string}"},"query-input":{"@type":"PropertyValueSpecification","valueRequired":true,"valueName":"search_term_string"}}],"inLanguage":"en-US"},{"@type":"Organization","@id":"https:\/\/suresms.com\/en\/#organization","name":"SureSMS","url":"https:\/\/suresms.com\/en\/","logo":{"@type":"ImageObject","inLanguage":"en-US","@id":"https:\/\/suresms.com\/en\/#\/schema\/logo\/image\/","url":"https:\/\/suresms.com\/wp-content\/uploads\/2024\/11\/suresms-300x65-1.png","contentUrl":"https:\/\/suresms.com\/wp-content\/uploads\/2024\/11\/suresms-300x65-1.png","width":300,"height":65,"caption":"SureSMS"},"image":{"@id":"https:\/\/suresms.com\/en\/#\/schema\/logo\/image\/"},"sameAs":["https:\/\/www.facebook.com\/p\/SureSMS-100044607956149\/"]}]}},"_links":{"self":[{"href":"https:\/\/suresms.com\/en\/wp-json\/wp\/v2\/pages\/18183","targetHints":{"allow":["GET"]}}],"collection":[{"href":"https:\/\/suresms.com\/en\/wp-json\/wp\/v2\/pages"}],"about":[{"href":"https:\/\/suresms.com\/en\/wp-json\/wp\/v2\/types\/page"}],"author":[{"embeddable":true,"href":"https:\/\/suresms.com\/en\/wp-json\/wp\/v2\/users\/1"}],"replies":[{"embeddable":true,"href":"https:\/\/suresms.com\/en\/wp-json\/wp\/v2\/comments?post=18183"}],"version-history":[{"count":5,"href":"https:\/\/suresms.com\/en\/wp-json\/wp\/v2\/pages\/18183\/revisions"}],"predecessor-version":[{"id":23828,"href":"https:\/\/suresms.com\/en\/wp-json\/wp\/v2\/pages\/18183\/revisions\/23828"}],"up":[{"embeddable":true,"href":"https:\/\/suresms.com\/en\/wp-json\/wp\/v2\/pages\/18168"}],"wp:attachment":[{"href":"https:\/\/suresms.com\/en\/wp-json\/wp\/v2\/media?parent=18183"}],"wp:term":[{"taxonomy":"category","embeddable":true,"href":"https:\/\/suresms.com\/en\/wp-json\/wp\/v2\/categories?post=18183"},{"taxonomy":"post_tag","embeddable":true,"href":"https:\/\/suresms.com\/en\/wp-json\/wp\/v2\/tags?post=18183"}],"curies":[{"name":"wp","href":"https:\/\/api.w.org\/{rel}","templated":true}]}}